
{"id":2548,"date":"2026-02-27T04:26:21","date_gmt":"2026-02-27T04:26:21","guid":{"rendered":"https:\/\/easyliferobo.com\/de\/product\/autonome-mobile-robotik-lokalisierung-und-navigation-eines-autonomen-mobilen-roboters-in-fluren\/"},"modified":"2026-02-27T04:26:23","modified_gmt":"2026-02-27T04:26:23","slug":"autonome-mobile-robotik-lokalisierung-und-navigation-eines-autonomen-mobilen-roboters-in-fluren","status":"publish","type":"product","link":"https:\/\/easyliferobo.com\/de\/product\/autonome-mobile-robotik-lokalisierung-und-navigation-eines-autonomen-mobilen-roboters-in-fluren\/","title":{"rendered":"Autonome mobile Robotik: Lokalisier..."},"content":{"rendered":"<p>  Inhaltlich unver\u00e4nderte Neuauflage. Autonome mobile Roboter, die einfache Arbeit erledigen, wie B\u00fcrobotendienste oder Fremdenf\u00fchrungen, werden in der Zukunft eine st\u00e4rkere Rolle in unserem Alltag spielen. Dieses Buch befasst sich mit dem Aufbau, der Steuerung und den Algorithmen, die n\u00f6tig sind, um einen mobilen Roboter autonom Aufgaben erledigen zu lassen. Zwei Roboterplattformen werden vorgestellt und auf ihre Einsatztauglichkeit evaluiert. Die Plattformen sind mit einem omnidirektionalen Kamerasystem ausgestattet, welches als prim\u00e4rer Sensor zur Umwelterfassung dient. Der Aufbau und die Adaption der grundlegenden Bildverarbeitungsstruktur zur Auswertung des Kamerabildes unter schwierigen Lichtbedingungen werden vorgestellt. Zwei Lokalisierungsmethoden werden vorgestellt und auf ihre Tauglichkeit in dem gegebenen Szenario untersucht. Dieses Buch richtet sich in erster Linie an Informatiker, Ingenieure und an alle, die sich f\u00fcr Robotik interessieren.    <br \/>ASIN \u200f : \u200e 3639432371       <br \/> Herausgeber \u200f : \u200e AV Akademikerverlag       <br \/> Erscheinungsdatum \u200f : \u200e 26. Juni 2012       <br \/> Sprache \u200f : \u200e Deutsch   <br \/> Druckl\u00e4nge \u200f : \u200e 108 Seiten       <br \/> ISBN-10 \u200f : \u200e 9783639432374       <br \/> ISBN-13 \u200f : \u200e 978-3639432374       <br \/> Abmessungen \u200f : \u200e 15,01 x 0,64 x 22 cm       <br \/>  Kundenrezensionen: 1,0 1,0 von 5 Sternen (1) var dpAcrHasRegisteredArcLinkClickAction; P.when(&#8218;A&#8216;, &#8218;ready&#8216;).execute(function(A) { if (dpAcrHasRegisteredArcLinkClickAction !== true) { dpAcrHasRegisteredArcLinkClickAction = true; A.declarative( &#8218;acrLink-click-metrics&#8216;, &#8218;click&#8216;, { &#8222;allowLinkDefault&#8220;: true }, function (event) { if (window.ue) { ue.count(&#8222;acrLinkClickCount&#8220;, (ue.count(&#8222;acrLinkClickCount&#8220;) || 0) + 1 } } }); P.when(&#8218;A&#8216;, &#8218;cf&#8216;).execute(function(A) { A.declarative(&#8218;acrStarsLink-click-metrics&#8216;, &#8218;click&#8216;, { &#8222;allowLinkDefault&#8220; : true }, function(event){ if(window.ue) { ue.count(&#8222;acrStarsLinkWithPopoverClickCount&#8220;, (ue.count(&#8222;acrStarsLinkWithPopoverClickCount&#8220;) || 0) + 1); } }); });                          <br \/>[ad_2]<\/p>\n","protected":false},"excerpt":{"rendered":"<p>Inhaltlich unver\u00e4nderte Neuauflage. Autonome mobile Roboter, die einfache Arbeit erledigen, wie B\u00fcrobotendienste oder Fremdenf\u00fchrungen, werden in der Zukunft eine st\u00e4rkere Rolle in unserem Alltag spielen. Dieses Buch befasst sich mit dem Aufbau, der Steuerung und den Algorithmen, die n\u00f6tig sind, um einen mobilen Roboter autonom Aufgaben erledigen zu lassen. Zwei Roboterplattformen werden vorgestellt und auf [&hellip;]<\/p>\n","protected":false},"featured_media":2549,"comment_status":"open","ping_status":"closed","template":"","meta":{"_aipt_faq_data":""},"store":[],"product_brand":[],"product_cat":[106],"product_tag":[163],"class_list":{"0":"post-2548","1":"product","2":"type-product","3":"status-publish","4":"has-post-thumbnail","6":"product_cat-autonome-mobile-roboter","7":"product_tag-autonome-mobile-roboter-navigation","9":"first","10":"instock","11":"shipping-taxable","12":"product-type-external"},"yoast_head":"<!-- This site is optimized with the Yoast SEO plugin v27.0 - https:\/\/yoast.com\/product\/yoast-seo-wordpress\/ -->\n<title>Autonome mobile Robotik: Lokalisierung und Navigation eines autonomen mobilen Roboters in Fluren - EasyLifeBro<\/title>\n<meta name=\"description\" content=\"Entdecken Sie smarte Roboter f\u00fcr Zuhause, Garten, Bildung und Sicherheit. Vergleichen Sie Saugroboter, Rasenm\u00e4hroboter, KI-Begleitroboter und mehr bei EasyLifeRobo.\" \/>\n<meta name=\"robots\" content=\"index, follow, max-snippet:-1, max-image-preview:large, max-video-preview:-1\" \/>\n<link rel=\"canonical\" href=\"https:\/\/easyliferobo.com\/de\/product\/autonome-mobile-robotik-lokalisierung-und-navigation-eines-autonomen-mobilen-roboters-in-fluren\/\" \/>\n<meta property=\"og:locale\" content=\"de_DE\" \/>\n<meta property=\"og:type\" content=\"article\" \/>\n<meta property=\"og:title\" content=\"Autonome mobile Robotik: Lokalisierung und Navigation eines autonomen mobilen Roboters in Fluren - EasyLifeBro\" \/>\n<meta property=\"og:description\" content=\"Entdecken Sie smarte Roboter f\u00fcr Zuhause, Garten, Bildung und Sicherheit. Vergleichen Sie Saugroboter, Rasenm\u00e4hroboter, KI-Begleitroboter und mehr bei EasyLifeRobo.\" \/>\n<meta property=\"og:url\" content=\"https:\/\/easyliferobo.com\/de\/product\/autonome-mobile-robotik-lokalisierung-und-navigation-eines-autonomen-mobilen-roboters-in-fluren\/\" \/>\n<meta property=\"og:site_name\" content=\"EasyLifeBro\" \/>\n<meta property=\"article:modified_time\" content=\"2026-02-27T04:26:23+00:00\" \/>\n<meta name=\"twitter:card\" content=\"summary_large_image\" \/>\n<meta name=\"twitter:label1\" content=\"Gesch\u00e4tzte Lesezeit\" \/>\n\t<meta name=\"twitter:data1\" content=\"1\u00a0Minute\" \/>\n<script type=\"application\/ld+json\" class=\"yoast-schema-graph\">{\"@context\":\"https:\/\/schema.org\",\"@graph\":[{\"@type\":\"WebPage\",\"@id\":\"https:\/\/easyliferobo.com\/de\/product\/autonome-mobile-robotik-lokalisierung-und-navigation-eines-autonomen-mobilen-roboters-in-fluren\/\",\"url\":\"https:\/\/easyliferobo.com\/de\/product\/autonome-mobile-robotik-lokalisierung-und-navigation-eines-autonomen-mobilen-roboters-in-fluren\/\",\"name\":\"Autonome mobile Robotik: Lokalisierung und Navigation eines autonomen mobilen Roboters in Fluren - EasyLifeBro\",\"isPartOf\":{\"@id\":\"https:\/\/easyliferobo.com\/de\/#website\"},\"primaryImageOfPage\":{\"@id\":\"https:\/\/easyliferobo.com\/de\/product\/autonome-mobile-robotik-lokalisierung-und-navigation-eines-autonomen-mobilen-roboters-in-fluren\/#primaryimage\"},\"image\":{\"@id\":\"https:\/\/easyliferobo.com\/de\/product\/autonome-mobile-robotik-lokalisierung-und-navigation-eines-autonomen-mobilen-roboters-in-fluren\/#primaryimage\"},\"thumbnailUrl\":\"https:\/\/easyliferobo.com\/de\/wp-content\/uploads\/2026\/02\/71Jz2zijuS._SL1500_.jpg\",\"datePublished\":\"2026-02-27T04:26:21+00:00\",\"dateModified\":\"2026-02-27T04:26:23+00:00\",\"description\":\"Entdecken Sie smarte Roboter f\u00fcr Zuhause, Garten, Bildung und Sicherheit. Vergleichen Sie Saugroboter, Rasenm\u00e4hroboter, KI-Begleitroboter und mehr bei EasyLifeRobo.\",\"breadcrumb\":{\"@id\":\"https:\/\/easyliferobo.com\/de\/product\/autonome-mobile-robotik-lokalisierung-und-navigation-eines-autonomen-mobilen-roboters-in-fluren\/#breadcrumb\"},\"inLanguage\":\"de\",\"potentialAction\":[{\"@type\":\"ReadAction\",\"target\":[\"https:\/\/easyliferobo.com\/de\/product\/autonome-mobile-robotik-lokalisierung-und-navigation-eines-autonomen-mobilen-roboters-in-fluren\/\"]}]},{\"@type\":\"ImageObject\",\"inLanguage\":\"de\",\"@id\":\"https:\/\/easyliferobo.com\/de\/product\/autonome-mobile-robotik-lokalisierung-und-navigation-eines-autonomen-mobilen-roboters-in-fluren\/#primaryimage\",\"url\":\"https:\/\/easyliferobo.com\/de\/wp-content\/uploads\/2026\/02\/71Jz2zijuS._SL1500_.jpg\",\"contentUrl\":\"https:\/\/easyliferobo.com\/de\/wp-content\/uploads\/2026\/02\/71Jz2zijuS._SL1500_.jpg\",\"width\":1023,\"height\":1500},{\"@type\":\"BreadcrumbList\",\"@id\":\"https:\/\/easyliferobo.com\/de\/product\/autonome-mobile-robotik-lokalisierung-und-navigation-eines-autonomen-mobilen-roboters-in-fluren\/#breadcrumb\",\"itemListElement\":[{\"@type\":\"ListItem\",\"position\":1,\"name\":\"Home\",\"item\":\"https:\/\/easyliferobo.com\/de\/\"},{\"@type\":\"ListItem\",\"position\":2,\"name\":\"Shop\",\"item\":\"https:\/\/easyliferobo.com\/de\/shop\/\"},{\"@type\":\"ListItem\",\"position\":3,\"name\":\"Autonome mobile Robotik: Lokalisier...\"}]},{\"@type\":\"WebSite\",\"@id\":\"https:\/\/easyliferobo.com\/de\/#website\",\"url\":\"https:\/\/easyliferobo.com\/de\/\",\"name\":\"EasyLifeBro\",\"description\":\"Smarte Roboter f\u00fcr Zuhause, Garten &amp; Bildung\",\"publisher\":{\"@id\":\"https:\/\/easyliferobo.com\/de\/#organization\"},\"potentialAction\":[{\"@type\":\"SearchAction\",\"target\":{\"@type\":\"EntryPoint\",\"urlTemplate\":\"https:\/\/easyliferobo.com\/de\/?s={search_term_string}\"},\"query-input\":{\"@type\":\"PropertyValueSpecification\",\"valueRequired\":true,\"valueName\":\"search_term_string\"}}],\"inLanguage\":\"de\"},{\"@type\":\"Organization\",\"@id\":\"https:\/\/easyliferobo.com\/de\/#organization\",\"name\":\"EasyLifeBro\",\"url\":\"https:\/\/easyliferobo.com\/de\/\",\"logo\":{\"@type\":\"ImageObject\",\"inLanguage\":\"de\",\"@id\":\"https:\/\/easyliferobo.com\/de\/#\/schema\/logo\/image\/\",\"url\":\"https:\/\/easyliferobo.com\/de\/wp-content\/uploads\/2026\/02\/Screenshot-2026-02-22-at-2.25.03-PM.png\",\"contentUrl\":\"https:\/\/easyliferobo.com\/de\/wp-content\/uploads\/2026\/02\/Screenshot-2026-02-22-at-2.25.03-PM.png\",\"width\":1858,\"height\":430,\"caption\":\"EasyLifeBro\"},\"image\":{\"@id\":\"https:\/\/easyliferobo.com\/de\/#\/schema\/logo\/image\/\"}}]}<\/script>\n<!-- \/ Yoast SEO plugin. -->","yoast_head_json":{"title":"Autonome mobile Robotik: Lokalisierung und Navigation eines autonomen mobilen Roboters in Fluren - EasyLifeBro","description":"Entdecken Sie smarte Roboter f\u00fcr Zuhause, Garten, Bildung und Sicherheit. Vergleichen Sie Saugroboter, Rasenm\u00e4hroboter, KI-Begleitroboter und mehr bei EasyLifeRobo.","robots":{"index":"index","follow":"follow","max-snippet":"max-snippet:-1","max-image-preview":"max-image-preview:large","max-video-preview":"max-video-preview:-1"},"canonical":"https:\/\/easyliferobo.com\/de\/product\/autonome-mobile-robotik-lokalisierung-und-navigation-eines-autonomen-mobilen-roboters-in-fluren\/","og_locale":"de_DE","og_type":"article","og_title":"Autonome mobile Robotik: Lokalisierung und Navigation eines autonomen mobilen Roboters in Fluren - EasyLifeBro","og_description":"Entdecken Sie smarte Roboter f\u00fcr Zuhause, Garten, Bildung und Sicherheit. Vergleichen Sie Saugroboter, Rasenm\u00e4hroboter, KI-Begleitroboter und mehr bei EasyLifeRobo.","og_url":"https:\/\/easyliferobo.com\/de\/product\/autonome-mobile-robotik-lokalisierung-und-navigation-eines-autonomen-mobilen-roboters-in-fluren\/","og_site_name":"EasyLifeBro","article_modified_time":"2026-02-27T04:26:23+00:00","twitter_card":"summary_large_image","twitter_misc":{"Gesch\u00e4tzte Lesezeit":"1\u00a0Minute"},"schema":{"@context":"https:\/\/schema.org","@graph":[{"@type":"WebPage","@id":"https:\/\/easyliferobo.com\/de\/product\/autonome-mobile-robotik-lokalisierung-und-navigation-eines-autonomen-mobilen-roboters-in-fluren\/","url":"https:\/\/easyliferobo.com\/de\/product\/autonome-mobile-robotik-lokalisierung-und-navigation-eines-autonomen-mobilen-roboters-in-fluren\/","name":"Autonome mobile Robotik: Lokalisierung und Navigation eines autonomen mobilen Roboters in Fluren - EasyLifeBro","isPartOf":{"@id":"https:\/\/easyliferobo.com\/de\/#website"},"primaryImageOfPage":{"@id":"https:\/\/easyliferobo.com\/de\/product\/autonome-mobile-robotik-lokalisierung-und-navigation-eines-autonomen-mobilen-roboters-in-fluren\/#primaryimage"},"image":{"@id":"https:\/\/easyliferobo.com\/de\/product\/autonome-mobile-robotik-lokalisierung-und-navigation-eines-autonomen-mobilen-roboters-in-fluren\/#primaryimage"},"thumbnailUrl":"https:\/\/easyliferobo.com\/de\/wp-content\/uploads\/2026\/02\/71Jz2zijuS._SL1500_.jpg","datePublished":"2026-02-27T04:26:21+00:00","dateModified":"2026-02-27T04:26:23+00:00","description":"Entdecken Sie smarte Roboter f\u00fcr Zuhause, Garten, Bildung und Sicherheit. Vergleichen Sie Saugroboter, Rasenm\u00e4hroboter, KI-Begleitroboter und mehr bei EasyLifeRobo.","breadcrumb":{"@id":"https:\/\/easyliferobo.com\/de\/product\/autonome-mobile-robotik-lokalisierung-und-navigation-eines-autonomen-mobilen-roboters-in-fluren\/#breadcrumb"},"inLanguage":"de","potentialAction":[{"@type":"ReadAction","target":["https:\/\/easyliferobo.com\/de\/product\/autonome-mobile-robotik-lokalisierung-und-navigation-eines-autonomen-mobilen-roboters-in-fluren\/"]}]},{"@type":"ImageObject","inLanguage":"de","@id":"https:\/\/easyliferobo.com\/de\/product\/autonome-mobile-robotik-lokalisierung-und-navigation-eines-autonomen-mobilen-roboters-in-fluren\/#primaryimage","url":"https:\/\/easyliferobo.com\/de\/wp-content\/uploads\/2026\/02\/71Jz2zijuS._SL1500_.jpg","contentUrl":"https:\/\/easyliferobo.com\/de\/wp-content\/uploads\/2026\/02\/71Jz2zijuS._SL1500_.jpg","width":1023,"height":1500},{"@type":"BreadcrumbList","@id":"https:\/\/easyliferobo.com\/de\/product\/autonome-mobile-robotik-lokalisierung-und-navigation-eines-autonomen-mobilen-roboters-in-fluren\/#breadcrumb","itemListElement":[{"@type":"ListItem","position":1,"name":"Home","item":"https:\/\/easyliferobo.com\/de\/"},{"@type":"ListItem","position":2,"name":"Shop","item":"https:\/\/easyliferobo.com\/de\/shop\/"},{"@type":"ListItem","position":3,"name":"Autonome mobile Robotik: Lokalisier..."}]},{"@type":"WebSite","@id":"https:\/\/easyliferobo.com\/de\/#website","url":"https:\/\/easyliferobo.com\/de\/","name":"EasyLifeBro","description":"Smarte Roboter f\u00fcr Zuhause, Garten &amp; Bildung","publisher":{"@id":"https:\/\/easyliferobo.com\/de\/#organization"},"potentialAction":[{"@type":"SearchAction","target":{"@type":"EntryPoint","urlTemplate":"https:\/\/easyliferobo.com\/de\/?s={search_term_string}"},"query-input":{"@type":"PropertyValueSpecification","valueRequired":true,"valueName":"search_term_string"}}],"inLanguage":"de"},{"@type":"Organization","@id":"https:\/\/easyliferobo.com\/de\/#organization","name":"EasyLifeBro","url":"https:\/\/easyliferobo.com\/de\/","logo":{"@type":"ImageObject","inLanguage":"de","@id":"https:\/\/easyliferobo.com\/de\/#\/schema\/logo\/image\/","url":"https:\/\/easyliferobo.com\/de\/wp-content\/uploads\/2026\/02\/Screenshot-2026-02-22-at-2.25.03-PM.png","contentUrl":"https:\/\/easyliferobo.com\/de\/wp-content\/uploads\/2026\/02\/Screenshot-2026-02-22-at-2.25.03-PM.png","width":1858,"height":430,"caption":"EasyLifeBro"},"image":{"@id":"https:\/\/easyliferobo.com\/de\/#\/schema\/logo\/image\/"}}]}},"_links":{"self":[{"href":"https:\/\/easyliferobo.com\/de\/wp-json\/wp\/v2\/product\/2548","targetHints":{"allow":["GET"]}}],"collection":[{"href":"https:\/\/easyliferobo.com\/de\/wp-json\/wp\/v2\/product"}],"about":[{"href":"https:\/\/easyliferobo.com\/de\/wp-json\/wp\/v2\/types\/product"}],"replies":[{"embeddable":true,"href":"https:\/\/easyliferobo.com\/de\/wp-json\/wp\/v2\/comments?post=2548"}],"wp:featuredmedia":[{"embeddable":true,"href":"https:\/\/easyliferobo.com\/de\/wp-json\/wp\/v2\/media\/2549"}],"wp:attachment":[{"href":"https:\/\/easyliferobo.com\/de\/wp-json\/wp\/v2\/media?parent=2548"}],"wp:term":[{"taxonomy":"store","embeddable":true,"href":"https:\/\/easyliferobo.com\/de\/wp-json\/wp\/v2\/store?post=2548"},{"taxonomy":"product_brand","embeddable":true,"href":"https:\/\/easyliferobo.com\/de\/wp-json\/wp\/v2\/product_brand?post=2548"},{"taxonomy":"product_cat","embeddable":true,"href":"https:\/\/easyliferobo.com\/de\/wp-json\/wp\/v2\/product_cat?post=2548"},{"taxonomy":"product_tag","embeddable":true,"href":"https:\/\/easyliferobo.com\/de\/wp-json\/wp\/v2\/product_tag?post=2548"}],"curies":[{"name":"wp","href":"https:\/\/api.w.org\/{rel}","templated":true}]}}