
{"id":2540,"date":"2026-02-27T04:24:52","date_gmt":"2026-02-27T04:24:52","guid":{"rendered":"https:\/\/easyliferobo.com\/de\/product\/handrehabilitations-roboterhandschuhe-einstellbare-staerke-wiederaufladbarer-reha-trainer-fuer-die-rechte-und-linke-hand-fuer-patienten-mit-handfunktionsstoerungen\/"},"modified":"2026-02-27T04:25:05","modified_gmt":"2026-02-27T04:25:05","slug":"handrehabilitations-roboterhandschuhe-einstellbare-staerke-wiederaufladbarer-reha-trainer-fuer-die-rechte-und-linke-hand-fuer-patienten-mit-handfunktionsstoerungen","status":"publish","type":"product","link":"https:\/\/easyliferobo.com\/de\/product\/handrehabilitations-roboterhandschuhe-einstellbare-staerke-wiederaufladbarer-reha-trainer-fuer-die-rechte-und-linke-hand-fuer-patienten-mit-handfunktionsstoerungen\/","title":{"rendered":"Handrehabilitations-Roboterhandschu..."},"content":{"rendered":"<p>\n                                             Produktbeschreibung   <\/p>\n<p>                                                                             <img decoding=\"async\" alt=\"Aplus-Inhaltsbild\" src=\"https:\/\/images-na.ssl-images-amazon.com\/images\/G\/01\/x-locale\/common\/grey-pixel.gif\" class=\"a-spacing-base a-lazy-loaded\" data-src=\"https:\/\/m.media-amazon.com\/images\/S\/aplus-media-library-service-media\/4cb52109-d67d-4593-9f76-79790a24ed96.__CR0,0,970,600_PT0_SX970_V1___.jpg\"><img decoding=\"async\" alt=\"Aplus-Inhaltsbild\" src=\"https:\/\/m.media-amazon.com\/images\/S\/aplus-media-library-service-media\/4cb52109-d67d-4593-9f76-79790a24ed96.__CR0,0,970,600_PT0_SX970_V1___.jpg\">                                                                    <\/p>\n<p>                                                                             <img decoding=\"async\" alt=\"Aplus-Inhaltsbild\" src=\"https:\/\/images-na.ssl-images-amazon.com\/images\/G\/01\/x-locale\/common\/grey-pixel.gif\" class=\"a-spacing-base a-lazy-loaded\" data-src=\"https:\/\/m.media-amazon.com\/images\/S\/aplus-media-library-service-media\/92472572-3051-4ff2-beb0-9a0230d2e510.__CR0,0,970,600_PT0_SX970_V1___.jpg\"><img decoding=\"async\" alt=\"Aplus-Inhaltsbild\" src=\"https:\/\/m.media-amazon.com\/images\/S\/aplus-media-library-service-media\/92472572-3051-4ff2-beb0-9a0230d2e510.__CR0,0,970,600_PT0_SX970_V1___.jpg\">                                                                    <\/p>\n<p>                                                                             <img decoding=\"async\" alt=\"Aplus-Inhaltsbild\" src=\"https:\/\/images-na.ssl-images-amazon.com\/images\/G\/01\/x-locale\/common\/grey-pixel.gif\" class=\"a-spacing-base a-lazy-loaded\" data-src=\"https:\/\/m.media-amazon.com\/images\/S\/aplus-media-library-service-media\/58a35bee-5ad3-40a7-89e7-17e893d74fe4.__CR0,0,970,600_PT0_SX970_V1___.jpg\"><img decoding=\"async\" alt=\"Aplus-Inhaltsbild\" src=\"https:\/\/m.media-amazon.com\/images\/S\/aplus-media-library-service-media\/58a35bee-5ad3-40a7-89e7-17e893d74fe4.__CR0,0,970,600_PT0_SX970_V1___.jpg\">                                                                    <\/p>\n<p>                                                                             <img decoding=\"async\" alt=\"Aplus-Inhaltsbild\" src=\"https:\/\/images-na.ssl-images-amazon.com\/images\/G\/01\/x-locale\/common\/grey-pixel.gif\" class=\"a-spacing-base a-lazy-loaded\" data-src=\"https:\/\/m.media-amazon.com\/images\/S\/aplus-media-library-service-media\/586f134b-982f-464a-ba45-65b63148b50b.__CR0,0,970,600_PT0_SX970_V1___.jpg\"><img decoding=\"async\" alt=\"Aplus-Inhaltsbild\" src=\"https:\/\/m.media-amazon.com\/images\/S\/aplus-media-library-service-media\/586f134b-982f-464a-ba45-65b63148b50b.__CR0,0,970,600_PT0_SX970_V1___.jpg\">                                                                    <\/p>\n<p>                                                                             <img decoding=\"async\" alt=\"Aplus-Inhaltsbild\" src=\"https:\/\/images-na.ssl-images-amazon.com\/images\/G\/01\/x-locale\/common\/grey-pixel.gif\" class=\"a-spacing-base a-lazy-loaded\" data-src=\"https:\/\/m.media-amazon.com\/images\/S\/aplus-media-library-service-media\/0171ef3b-944b-4d51-b2b7-85910a94f35a.__CR0,0,970,600_PT0_SX970_V1___.jpg\"><img decoding=\"async\" alt=\"Aplus-Inhaltsbild\" src=\"https:\/\/m.media-amazon.com\/images\/S\/aplus-media-library-service-media\/0171ef3b-944b-4d51-b2b7-85910a94f35a.__CR0,0,970,600_PT0_SX970_V1___.jpg\">                                                                    <\/p>\n<p>2024 Top-Material, es hat ein halbgeschnittenes Design, ein Handgelenk-Extender-Trainingsger\u00e4t kann bequem an Handgelenken und Fingern getragen werden. Erm\u00f6glicht dem Patienten das Tragen eines Knopfes zum selbstst\u00e4ndigen Starten, einfach zu bedienen, vollst\u00e4ndig atmungsaktiv. Das Material ist bequem, leicht, weich, vielseitig und hautfreundlich. Anti-Schrumpf-Material ist langlebig und beh\u00e4lt seine Funktion auch nach mehrmaligem Tragen.<br \/>Die Finger-Rehabilitationshandschuhe sind tragbar und einfach zu bedienen und verf\u00fcgen \u00fcber einen hochaufl\u00f6senden LCD-Touchscreen mit englischen Anweisungen f\u00fcr eine effektive Bedienung und Nutzung durch Patienten. Der Robotic Handtrainer ist klein und leicht, egal ob drinnen oder drau\u00dfen, Sie k\u00f6nnen jederzeit und \u00fcberall trainieren, auch \u00e4ltere Menschen k\u00f6nnen das Training selbstst\u00e4ndig absolvieren.<br \/>Das manuelle Rehabilitationsger\u00e4t verf\u00fcgt \u00fcber einen LCD-Bedienbildschirm und \u00fcbersichtliche Einstelltasten. Mehrere Modi Automatische Verwendung von f\u00fcnf Fingern, einem einzelnen Finger, einem Fingerpaar, mehreren Fingern usw. Training nach dem Start, einfache Bedienung ohne Schwierigkeiten, unabh\u00e4ngiger Luftventilschalter, jeder Finger kann sich frei beugen und strecken.<br \/>Handschiene, Handflexibilit\u00e4tstraining\/F\u00f6rderung der Durchblutung\/Behebung von Handsteifheit, Beschleunigung des Wiederherstellungsprozesses der Handfunktion, Unterst\u00fctzung des Benutzers beim Neulernen der Gehirnnerven, Beschleunigung der Gehirnregeneration, Kompensation von Nervensch\u00e4den und Sicherstellung, dass Patienten die F\u00e4higkeit zur Selbstpflege der H\u00e4nde wiedererlangen.<br \/>Anwendbare Menschen, Fingerfunktionsst\u00f6rungen durch Fingerbeugungskr\u00e4mpfe, Zerebralparese, Folgen eines Hirninfarkts, Wiederherstellung der Doppelfunktionen von Fingern und H\u00e4nden, F\u00f6rderung der Durchblutung und Beseitigung der durch die Arbeit verursachten Erm\u00fcdung der H\u00e4nde auf lange Sicht.<\/p>\n<p>[ad_2]<\/p>\n","protected":false},"excerpt":{"rendered":"<p>Produktbeschreibung 2024 Top-Material, es hat ein halbgeschnittenes Design, ein Handgelenk-Extender-Trainingsger\u00e4t kann bequem an Handgelenken und Fingern getragen werden. Erm\u00f6glicht dem Patienten das Tragen eines Knopfes zum selbstst\u00e4ndigen Starten, einfach zu bedienen, vollst\u00e4ndig atmungsaktiv. Das Material ist bequem, leicht, weich, vielseitig und hautfreundlich. Anti-Schrumpf-Material ist langlebig und beh\u00e4lt seine Funktion auch nach mehrmaligem Tragen.Die Finger-Rehabilitationshandschuhe sind [&hellip;]<\/p>\n","protected":false},"featured_media":2541,"comment_status":"open","ping_status":"closed","template":"","meta":{"_aipt_faq_data":""},"store":[],"product_brand":[],"product_cat":[108],"product_tag":[212],"class_list":{"0":"post-2540","1":"product","2":"type-product","3":"status-publish","4":"has-post-thumbnail","6":"product_cat-rehabilitationsroboter","7":"product_tag-rehabilitationsroboter-handrehabilitation","9":"first","10":"instock","11":"shipping-taxable","12":"product-type-external"},"yoast_head":"<!-- This site is optimized with the Yoast SEO plugin v27.4 - https:\/\/yoast.com\/product\/yoast-seo-wordpress\/ -->\n<title>Handrehabilitations-Roboterhandschuhe, einstellbare St\u00e4rke, wiederaufladbarer Reha-Trainer f\u00fcr die rechte und linke Hand, f\u00fcr Patienten mit Handfunktionsst\u00f6rungen - EasyLifeBro<\/title>\n<meta name=\"description\" content=\"Entdecken Sie smarte Roboter f\u00fcr Zuhause, Garten, Bildung und Sicherheit. Vergleichen Sie Saugroboter, Rasenm\u00e4hroboter, KI-Begleitroboter und mehr bei EasyLifeRobo.\" \/>\n<meta name=\"robots\" content=\"index, follow, max-snippet:-1, max-image-preview:large, max-video-preview:-1\" \/>\n<link rel=\"canonical\" href=\"https:\/\/easyliferobo.com\/de\/product\/handrehabilitations-roboterhandschuhe-einstellbare-staerke-wiederaufladbarer-reha-trainer-fuer-die-rechte-und-linke-hand-fuer-patienten-mit-handfunktionsstoerungen\/\" \/>\n<meta property=\"og:locale\" content=\"de_DE\" \/>\n<meta property=\"og:type\" content=\"article\" \/>\n<meta property=\"og:title\" content=\"Handrehabilitations-Roboterhandschuhe, einstellbare St\u00e4rke, wiederaufladbarer Reha-Trainer f\u00fcr die rechte und linke Hand, f\u00fcr Patienten mit Handfunktionsst\u00f6rungen - EasyLifeBro\" \/>\n<meta property=\"og:description\" content=\"Entdecken Sie smarte Roboter f\u00fcr Zuhause, Garten, Bildung und Sicherheit. Vergleichen Sie Saugroboter, Rasenm\u00e4hroboter, KI-Begleitroboter und mehr bei EasyLifeRobo.\" \/>\n<meta property=\"og:url\" content=\"https:\/\/easyliferobo.com\/de\/product\/handrehabilitations-roboterhandschuhe-einstellbare-staerke-wiederaufladbarer-reha-trainer-fuer-die-rechte-und-linke-hand-fuer-patienten-mit-handfunktionsstoerungen\/\" \/>\n<meta property=\"og:site_name\" content=\"EasyLifeBro\" \/>\n<meta property=\"article:modified_time\" content=\"2026-02-27T04:25:05+00:00\" \/>\n<meta property=\"og:image\" content=\"https:\/\/images-na.ssl-images-amazon.com\/images\/G\/01\/x-locale\/common\/grey-pixel.gif\" \/>\n<meta name=\"twitter:card\" content=\"summary_large_image\" \/>\n<meta name=\"twitter:label1\" content=\"Gesch\u00e4tzte Lesezeit\" \/>\n\t<meta name=\"twitter:data1\" content=\"1\u00a0Minute\" \/>\n<script type=\"application\/ld+json\" class=\"yoast-schema-graph\">{\"@context\":\"https:\\\/\\\/schema.org\",\"@graph\":[{\"@type\":\"WebPage\",\"@id\":\"https:\\\/\\\/easyliferobo.com\\\/de\\\/product\\\/handrehabilitations-roboterhandschuhe-einstellbare-staerke-wiederaufladbarer-reha-trainer-fuer-die-rechte-und-linke-hand-fuer-patienten-mit-handfunktionsstoerungen\\\/\",\"url\":\"https:\\\/\\\/easyliferobo.com\\\/de\\\/product\\\/handrehabilitations-roboterhandschuhe-einstellbare-staerke-wiederaufladbarer-reha-trainer-fuer-die-rechte-und-linke-hand-fuer-patienten-mit-handfunktionsstoerungen\\\/\",\"name\":\"Handrehabilitations-Roboterhandschuhe, einstellbare St\u00e4rke, wiederaufladbarer Reha-Trainer f\u00fcr die rechte und linke Hand, f\u00fcr Patienten mit Handfunktionsst\u00f6rungen - EasyLifeBro\",\"isPartOf\":{\"@id\":\"https:\\\/\\\/easyliferobo.com\\\/de\\\/#website\"},\"primaryImageOfPage\":{\"@id\":\"https:\\\/\\\/easyliferobo.com\\\/de\\\/product\\\/handrehabilitations-roboterhandschuhe-einstellbare-staerke-wiederaufladbarer-reha-trainer-fuer-die-rechte-und-linke-hand-fuer-patienten-mit-handfunktionsstoerungen\\\/#primaryimage\"},\"image\":{\"@id\":\"https:\\\/\\\/easyliferobo.com\\\/de\\\/product\\\/handrehabilitations-roboterhandschuhe-einstellbare-staerke-wiederaufladbarer-reha-trainer-fuer-die-rechte-und-linke-hand-fuer-patienten-mit-handfunktionsstoerungen\\\/#primaryimage\"},\"thumbnailUrl\":\"https:\\\/\\\/easyliferobo.com\\\/de\\\/wp-content\\\/uploads\\\/2026\\\/02\\\/71kIp5QlKaL._AC_SL1500_.jpg\",\"datePublished\":\"2026-02-27T04:24:52+00:00\",\"dateModified\":\"2026-02-27T04:25:05+00:00\",\"description\":\"Entdecken Sie smarte Roboter f\u00fcr Zuhause, Garten, Bildung und Sicherheit. Vergleichen Sie Saugroboter, Rasenm\u00e4hroboter, KI-Begleitroboter und mehr bei EasyLifeRobo.\",\"breadcrumb\":{\"@id\":\"https:\\\/\\\/easyliferobo.com\\\/de\\\/product\\\/handrehabilitations-roboterhandschuhe-einstellbare-staerke-wiederaufladbarer-reha-trainer-fuer-die-rechte-und-linke-hand-fuer-patienten-mit-handfunktionsstoerungen\\\/#breadcrumb\"},\"inLanguage\":\"de\",\"potentialAction\":[{\"@type\":\"ReadAction\",\"target\":[\"https:\\\/\\\/easyliferobo.com\\\/de\\\/product\\\/handrehabilitations-roboterhandschuhe-einstellbare-staerke-wiederaufladbarer-reha-trainer-fuer-die-rechte-und-linke-hand-fuer-patienten-mit-handfunktionsstoerungen\\\/\"]}]},{\"@type\":\"ImageObject\",\"inLanguage\":\"de\",\"@id\":\"https:\\\/\\\/easyliferobo.com\\\/de\\\/product\\\/handrehabilitations-roboterhandschuhe-einstellbare-staerke-wiederaufladbarer-reha-trainer-fuer-die-rechte-und-linke-hand-fuer-patienten-mit-handfunktionsstoerungen\\\/#primaryimage\",\"url\":\"https:\\\/\\\/easyliferobo.com\\\/de\\\/wp-content\\\/uploads\\\/2026\\\/02\\\/71kIp5QlKaL._AC_SL1500_.jpg\",\"contentUrl\":\"https:\\\/\\\/easyliferobo.com\\\/de\\\/wp-content\\\/uploads\\\/2026\\\/02\\\/71kIp5QlKaL._AC_SL1500_.jpg\",\"width\":1490,\"height\":1420},{\"@type\":\"BreadcrumbList\",\"@id\":\"https:\\\/\\\/easyliferobo.com\\\/de\\\/product\\\/handrehabilitations-roboterhandschuhe-einstellbare-staerke-wiederaufladbarer-reha-trainer-fuer-die-rechte-und-linke-hand-fuer-patienten-mit-handfunktionsstoerungen\\\/#breadcrumb\",\"itemListElement\":[{\"@type\":\"ListItem\",\"position\":1,\"name\":\"Home\",\"item\":\"https:\\\/\\\/easyliferobo.com\\\/de\\\/\"},{\"@type\":\"ListItem\",\"position\":2,\"name\":\"Shop\",\"item\":\"https:\\\/\\\/easyliferobo.com\\\/de\\\/shop\\\/\"},{\"@type\":\"ListItem\",\"position\":3,\"name\":\"Handrehabilitations-Roboterhandschu...\"}]},{\"@type\":\"WebSite\",\"@id\":\"https:\\\/\\\/easyliferobo.com\\\/de\\\/#website\",\"url\":\"https:\\\/\\\/easyliferobo.com\\\/de\\\/\",\"name\":\"EasyLifeBro\",\"description\":\"Smarte Roboter f\u00fcr Zuhause, Garten &amp; Bildung\",\"publisher\":{\"@id\":\"https:\\\/\\\/easyliferobo.com\\\/de\\\/#organization\"},\"potentialAction\":[{\"@type\":\"SearchAction\",\"target\":{\"@type\":\"EntryPoint\",\"urlTemplate\":\"https:\\\/\\\/easyliferobo.com\\\/de\\\/?s={search_term_string}\"},\"query-input\":{\"@type\":\"PropertyValueSpecification\",\"valueRequired\":true,\"valueName\":\"search_term_string\"}}],\"inLanguage\":\"de\"},{\"@type\":\"Organization\",\"@id\":\"https:\\\/\\\/easyliferobo.com\\\/de\\\/#organization\",\"name\":\"EasyLifeBro\",\"url\":\"https:\\\/\\\/easyliferobo.com\\\/de\\\/\",\"logo\":{\"@type\":\"ImageObject\",\"inLanguage\":\"de\",\"@id\":\"https:\\\/\\\/easyliferobo.com\\\/de\\\/#\\\/schema\\\/logo\\\/image\\\/\",\"url\":\"https:\\\/\\\/easyliferobo.com\\\/de\\\/wp-content\\\/uploads\\\/2026\\\/02\\\/Screenshot-2026-02-22-at-2.25.03-PM.png\",\"contentUrl\":\"https:\\\/\\\/easyliferobo.com\\\/de\\\/wp-content\\\/uploads\\\/2026\\\/02\\\/Screenshot-2026-02-22-at-2.25.03-PM.png\",\"width\":1858,\"height\":430,\"caption\":\"EasyLifeBro\"},\"image\":{\"@id\":\"https:\\\/\\\/easyliferobo.com\\\/de\\\/#\\\/schema\\\/logo\\\/image\\\/\"}}]}<\/script>\n<!-- \/ Yoast SEO plugin. -->","yoast_head_json":{"title":"Handrehabilitations-Roboterhandschuhe, einstellbare St\u00e4rke, wiederaufladbarer Reha-Trainer f\u00fcr die rechte und linke Hand, f\u00fcr Patienten mit Handfunktionsst\u00f6rungen - EasyLifeBro","description":"Entdecken Sie smarte Roboter f\u00fcr Zuhause, Garten, Bildung und Sicherheit. Vergleichen Sie Saugroboter, Rasenm\u00e4hroboter, KI-Begleitroboter und mehr bei EasyLifeRobo.","robots":{"index":"index","follow":"follow","max-snippet":"max-snippet:-1","max-image-preview":"max-image-preview:large","max-video-preview":"max-video-preview:-1"},"canonical":"https:\/\/easyliferobo.com\/de\/product\/handrehabilitations-roboterhandschuhe-einstellbare-staerke-wiederaufladbarer-reha-trainer-fuer-die-rechte-und-linke-hand-fuer-patienten-mit-handfunktionsstoerungen\/","og_locale":"de_DE","og_type":"article","og_title":"Handrehabilitations-Roboterhandschuhe, einstellbare St\u00e4rke, wiederaufladbarer Reha-Trainer f\u00fcr die rechte und linke Hand, f\u00fcr Patienten mit Handfunktionsst\u00f6rungen - EasyLifeBro","og_description":"Entdecken Sie smarte Roboter f\u00fcr Zuhause, Garten, Bildung und Sicherheit. Vergleichen Sie Saugroboter, Rasenm\u00e4hroboter, KI-Begleitroboter und mehr bei EasyLifeRobo.","og_url":"https:\/\/easyliferobo.com\/de\/product\/handrehabilitations-roboterhandschuhe-einstellbare-staerke-wiederaufladbarer-reha-trainer-fuer-die-rechte-und-linke-hand-fuer-patienten-mit-handfunktionsstoerungen\/","og_site_name":"EasyLifeBro","article_modified_time":"2026-02-27T04:25:05+00:00","og_image":[{"url":"https:\/\/images-na.ssl-images-amazon.com\/images\/G\/01\/x-locale\/common\/grey-pixel.gif","type":"","width":"","height":""}],"twitter_card":"summary_large_image","twitter_misc":{"Gesch\u00e4tzte Lesezeit":"1\u00a0Minute"},"schema":{"@context":"https:\/\/schema.org","@graph":[{"@type":"WebPage","@id":"https:\/\/easyliferobo.com\/de\/product\/handrehabilitations-roboterhandschuhe-einstellbare-staerke-wiederaufladbarer-reha-trainer-fuer-die-rechte-und-linke-hand-fuer-patienten-mit-handfunktionsstoerungen\/","url":"https:\/\/easyliferobo.com\/de\/product\/handrehabilitations-roboterhandschuhe-einstellbare-staerke-wiederaufladbarer-reha-trainer-fuer-die-rechte-und-linke-hand-fuer-patienten-mit-handfunktionsstoerungen\/","name":"Handrehabilitations-Roboterhandschuhe, einstellbare St\u00e4rke, wiederaufladbarer Reha-Trainer f\u00fcr die rechte und linke Hand, f\u00fcr Patienten mit Handfunktionsst\u00f6rungen - EasyLifeBro","isPartOf":{"@id":"https:\/\/easyliferobo.com\/de\/#website"},"primaryImageOfPage":{"@id":"https:\/\/easyliferobo.com\/de\/product\/handrehabilitations-roboterhandschuhe-einstellbare-staerke-wiederaufladbarer-reha-trainer-fuer-die-rechte-und-linke-hand-fuer-patienten-mit-handfunktionsstoerungen\/#primaryimage"},"image":{"@id":"https:\/\/easyliferobo.com\/de\/product\/handrehabilitations-roboterhandschuhe-einstellbare-staerke-wiederaufladbarer-reha-trainer-fuer-die-rechte-und-linke-hand-fuer-patienten-mit-handfunktionsstoerungen\/#primaryimage"},"thumbnailUrl":"https:\/\/easyliferobo.com\/de\/wp-content\/uploads\/2026\/02\/71kIp5QlKaL._AC_SL1500_.jpg","datePublished":"2026-02-27T04:24:52+00:00","dateModified":"2026-02-27T04:25:05+00:00","description":"Entdecken Sie smarte Roboter f\u00fcr Zuhause, Garten, Bildung und Sicherheit. Vergleichen Sie Saugroboter, Rasenm\u00e4hroboter, KI-Begleitroboter und mehr bei EasyLifeRobo.","breadcrumb":{"@id":"https:\/\/easyliferobo.com\/de\/product\/handrehabilitations-roboterhandschuhe-einstellbare-staerke-wiederaufladbarer-reha-trainer-fuer-die-rechte-und-linke-hand-fuer-patienten-mit-handfunktionsstoerungen\/#breadcrumb"},"inLanguage":"de","potentialAction":[{"@type":"ReadAction","target":["https:\/\/easyliferobo.com\/de\/product\/handrehabilitations-roboterhandschuhe-einstellbare-staerke-wiederaufladbarer-reha-trainer-fuer-die-rechte-und-linke-hand-fuer-patienten-mit-handfunktionsstoerungen\/"]}]},{"@type":"ImageObject","inLanguage":"de","@id":"https:\/\/easyliferobo.com\/de\/product\/handrehabilitations-roboterhandschuhe-einstellbare-staerke-wiederaufladbarer-reha-trainer-fuer-die-rechte-und-linke-hand-fuer-patienten-mit-handfunktionsstoerungen\/#primaryimage","url":"https:\/\/easyliferobo.com\/de\/wp-content\/uploads\/2026\/02\/71kIp5QlKaL._AC_SL1500_.jpg","contentUrl":"https:\/\/easyliferobo.com\/de\/wp-content\/uploads\/2026\/02\/71kIp5QlKaL._AC_SL1500_.jpg","width":1490,"height":1420},{"@type":"BreadcrumbList","@id":"https:\/\/easyliferobo.com\/de\/product\/handrehabilitations-roboterhandschuhe-einstellbare-staerke-wiederaufladbarer-reha-trainer-fuer-die-rechte-und-linke-hand-fuer-patienten-mit-handfunktionsstoerungen\/#breadcrumb","itemListElement":[{"@type":"ListItem","position":1,"name":"Home","item":"https:\/\/easyliferobo.com\/de\/"},{"@type":"ListItem","position":2,"name":"Shop","item":"https:\/\/easyliferobo.com\/de\/shop\/"},{"@type":"ListItem","position":3,"name":"Handrehabilitations-Roboterhandschu..."}]},{"@type":"WebSite","@id":"https:\/\/easyliferobo.com\/de\/#website","url":"https:\/\/easyliferobo.com\/de\/","name":"EasyLifeBro","description":"Smarte Roboter f\u00fcr Zuhause, Garten &amp; Bildung","publisher":{"@id":"https:\/\/easyliferobo.com\/de\/#organization"},"potentialAction":[{"@type":"SearchAction","target":{"@type":"EntryPoint","urlTemplate":"https:\/\/easyliferobo.com\/de\/?s={search_term_string}"},"query-input":{"@type":"PropertyValueSpecification","valueRequired":true,"valueName":"search_term_string"}}],"inLanguage":"de"},{"@type":"Organization","@id":"https:\/\/easyliferobo.com\/de\/#organization","name":"EasyLifeBro","url":"https:\/\/easyliferobo.com\/de\/","logo":{"@type":"ImageObject","inLanguage":"de","@id":"https:\/\/easyliferobo.com\/de\/#\/schema\/logo\/image\/","url":"https:\/\/easyliferobo.com\/de\/wp-content\/uploads\/2026\/02\/Screenshot-2026-02-22-at-2.25.03-PM.png","contentUrl":"https:\/\/easyliferobo.com\/de\/wp-content\/uploads\/2026\/02\/Screenshot-2026-02-22-at-2.25.03-PM.png","width":1858,"height":430,"caption":"EasyLifeBro"},"image":{"@id":"https:\/\/easyliferobo.com\/de\/#\/schema\/logo\/image\/"}}]}},"_links":{"self":[{"href":"https:\/\/easyliferobo.com\/de\/wp-json\/wp\/v2\/product\/2540","targetHints":{"allow":["GET"]}}],"collection":[{"href":"https:\/\/easyliferobo.com\/de\/wp-json\/wp\/v2\/product"}],"about":[{"href":"https:\/\/easyliferobo.com\/de\/wp-json\/wp\/v2\/types\/product"}],"replies":[{"embeddable":true,"href":"https:\/\/easyliferobo.com\/de\/wp-json\/wp\/v2\/comments?post=2540"}],"wp:featuredmedia":[{"embeddable":true,"href":"https:\/\/easyliferobo.com\/de\/wp-json\/wp\/v2\/media\/2541"}],"wp:attachment":[{"href":"https:\/\/easyliferobo.com\/de\/wp-json\/wp\/v2\/media?parent=2540"}],"wp:term":[{"taxonomy":"store","embeddable":true,"href":"https:\/\/easyliferobo.com\/de\/wp-json\/wp\/v2\/store?post=2540"},{"taxonomy":"product_brand","embeddable":true,"href":"https:\/\/easyliferobo.com\/de\/wp-json\/wp\/v2\/product_brand?post=2540"},{"taxonomy":"product_cat","embeddable":true,"href":"https:\/\/easyliferobo.com\/de\/wp-json\/wp\/v2\/product_cat?post=2540"},{"taxonomy":"product_tag","embeddable":true,"href":"https:\/\/easyliferobo.com\/de\/wp-json\/wp\/v2\/product_tag?post=2540"}],"curies":[{"name":"wp","href":"https:\/\/api.w.org\/{rel}","templated":true}]}}