
{"id":2531,"date":"2026-02-27T04:23:19","date_gmt":"2026-02-27T04:23:19","guid":{"rendered":"https:\/\/easyliferobo.com\/de\/product\/beurer-em-59-heat-digitales-tens-ems-geraet-4-in-1-reizstromgeraet-zur-schmerztherapie-muskelstimulation-massage-und-waermetherapie-inkl-4-elektroden-und-akku\/"},"modified":"2026-02-27T04:23:34","modified_gmt":"2026-02-27T04:23:34","slug":"beurer-em-59-heat-digitales-tens-ems-geraet-4-in-1-reizstromgeraet-zur-schmerztherapie-muskelstimulation-massage-und-waermetherapie-inkl-4-elektroden-und-akku","status":"publish","type":"product","link":"https:\/\/easyliferobo.com\/de\/product\/beurer-em-59-heat-digitales-tens-ems-geraet-4-in-1-reizstromgeraet-zur-schmerztherapie-muskelstimulation-massage-und-waermetherapie-inkl-4-elektroden-und-akku\/","title":{"rendered":"Beurer EM 59 Heat Digitales TENS\/EM..."},"content":{"rendered":"<p>    <span class=\"a-text-bold\">Beurer EM 59 Heat Digitales EMS\/TENS-Ger\u00e4t \u2013 4-in-1-Stimulationsger\u00e4t:<\/span><br \/><span>Mit dem TENS\/EMS-Ger\u00e4t von Beurer holen Sie sich einen wahren Allrounder im Bereich Elektrostimulation nach Hause. Das Elektrostimulationsger\u00e4t kann ohne Medikamente und Nebenwirkungen zur Schmerzlinderung sowie zur Muskelregeneration eingesetzt werden. Zus\u00e4tzlich zu diesen 2 Funktionen verf\u00fcgt der EM 59 Heat auch \u00fcber verschiedene Massageprogramme und eine W\u00e4rmefunktion. Die W\u00e4rme kann einzeln oder parallel zu einem EMS\/TENS-Programm eingesetzt werden.<\/span><br \/><span class=\"a-text-bold\">Die 4 Grundfunktionen des Beurer TENS-Ger\u00e4ts im \u00dcberblick:<\/span><\/p>\n<ul class=\"a-unordered-list a-vertical\">\n<li><span class=\"a-list-item\"><span class=\"a-text-bold\">Transkutane elektrische Nervenstimulation (TENS):<\/span><span>  Die elektrischen Impulse unterdr\u00fccken die Weiterleitung des Schmerzes an das Gehirn. Zur Schmerztherapie bei Kr\u00e4mpfen, Verletzungen oder chronischen Schmerzen.<\/span><\/span><\/li>\n<li><span class=\"a-list-item\"><span class=\"a-text-bold\">Elektrische Muskelstimulation (EMS):<\/span><span>  Die Muskeln ziehen sich zusammen und entspannen sich wie bei einer nat\u00fcrlichen Aktivierung wieder. Zur Steigerung der Ausdauerleistung, St\u00e4rkung und Beschleunigung der Regeneration bestimmter Muskelgruppen.<\/span><\/span><\/li>\n<li><span class=\"a-list-item\"><span class=\"a-text-bold\">Massagefunktion:<\/span><span>  Ein Massageeffekt, der durch elektrische Signale verursacht wird. Zur Linderung von Verspannungen, Muskelerm\u00fcdungserscheinungen und zur Beschleunigung der Muskelregeneration.<\/span><\/span><\/li>\n<li><span class=\"a-list-item\"><span class=\"a-text-bold\">W\u00e4rmefunktion:<\/span><span>  W\u00e4rme tr\u00e4gt dazu bei, dass sich Ihr K\u00f6rper entspannt und Sie sich rundum wohl f\u00fchlen.<\/span><\/span><\/li>\n<\/ul>\n<p><span class=\"a-text-bold\">Die wichtigsten Features auf einen Blick:<\/span><\/p>\n<ul class=\"a-unordered-list a-vertical\">\n<li><span class=\"a-list-item\"><span>2 separat regelbare Kan\u00e4le.<\/span><\/span><\/li>\n<li><span class=\"a-list-item\"><span>4 selbstklebende Elektroden im Lieferumfang enthalten (45 x 45 mm).<\/span><\/span><\/li>\n<li><span class=\"a-list-item\"><span>64 vorprogrammierte Anwendungen (TENS\/EMS\/Massage).<\/span><\/span><\/li>\n<li><span class=\"a-list-item\"><span>6 anpassbare TENS\/EMS-Programme.<\/span><\/span><\/li>\n<li><span class=\"a-list-item\"><span>Arztfunktion zur Abstimmung mit Ihrem pers\u00f6nlichen Therapieprogramm.<\/span><\/span><\/li>\n<li><span class=\"a-list-item\"><span>Timerfunktion (5\u2013100 Minuten).<\/span><\/span><\/li>\n<li><span class=\"a-list-item\"><span>Mit G\u00fcrtelclip zur praktischen Befestigung.<\/span><\/span><\/li>\n<li><span class=\"a-list-item\"><span>Medizinisches Produkt.<\/span><\/span><\/li>\n<li><span class=\"a-list-item\"><span>Wiederaufladbarer Akku.<\/span><\/span><\/li>\n<\/ul>\n<p><span>Die Wirkung der Elektrostimulation ist in der Regel erst nach regelm\u00e4\u00dfiger wiederholter Anwendung sichtbar. Die Elektrostimulation ersetzt kein regelm\u00e4\u00dfiges Training der Muskulatur, erg\u00e4nzt die Wirkung derselben aber sinnvoll. Die genaue Beschreibung der verschiedenen Einsatzm\u00f6glichkeiten sowie weitere Informationen zum Ger\u00e4t und seinen Funktionen entnehmen Sie bitte der ausf\u00fchrlichen Gebrauchsanweisung.<\/span><br \/>  Batterien \u200f : \u200e 1 Lithium-Polymer-Batterien erforderlich. (im Lieferumfang enthalten)   <br \/> Wird vom Hersteller eingestellt \u200f : \u200e Nr   <br \/> Produktabmessungen \u200f : \u200e 6,6 x 13,97 x 2,54 cm; 189,94 g   <br \/> Hersteller \u200f : \u200e Beurer   <br \/> ASIN \u200f : \u200e B0872DQW46   <br \/> Artikelmodellnummer \u200f : \u200e 64663   <br \/> Herkunftsland \u200f : \u200e China   <br \/>  Kundenrezensionen: 4,3 4,3 von 5 Sternen (7.916) var dpAcrHasRegisteredArcLinkClickAction; P.when(&#8218;A&#8216;, &#8218;ready&#8216;).execute(function(A) { if (dpAcrHasRegisteredArcLinkClickAction !== true) { dpAcrHasRegisteredArcLinkClickAction = true; A.declarative( &#8218;acrLink-click-metrics&#8216;, &#8218;click&#8216;, { &#8222;allowLinkDefault&#8220;: true }, function (event) { if (window.ue) { ue.count(&#8222;acrLinkClickCount&#8220;, (ue.count(&#8222;acrLinkClickCount&#8220;) || 0) + 1 } } }); P.when(&#8218;A&#8216;, &#8218;cf&#8216;).execute(function(A) { A.declarative(&#8218;acrStarsLink-click-metrics&#8216;, &#8218;click&#8216;, { &#8222;allowLinkDefault&#8220; : true }, function(event){ if(window.ue) { ue.count(&#8222;acrStarsLinkWithPopoverClickCount&#8220;, (ue.count(&#8222;acrStarsLinkWithPopoverClickCount&#8220;) || 0) + 1); } }); });                          <br \/>Schmerztherapie: Das EM 59 Heat lindert Schmerzen durch transkutane elektrische Nervenstimulation (TENS); Es wirkt direkt auf die schmerzende Stelle, ohne Medikamente oder Nebenwirkungen.<br \/>Elektrische Muskelstimulation: Das Elektrostimulationsger\u00e4t verf\u00fcgt au\u00dferdem \u00fcber eine EMS-Funktion (Elektrische Muskelstimulation), mit der Sie Ihre Muskeln straffen oder einzelne Muskelgruppen regenerieren k\u00f6nnen.<br \/>Massage: Sie k\u00f6nnen den EM 59 auch zur Massage und zur Muskelverspannung nutzen. Insgesamt stehen 64 vorprogrammierte Anwendungen in den Bereichen EMS\/TENS\/Massage zur Verf\u00fcgung. Selbstprogrammierung (EMS und TENS): Frequenz, Impulsbreite, Ein-\/Ausschaltzeit programmierbar.<br \/>W\u00e4rmekissen: Die W\u00e4rmefunktion der Elektroden entspannt Ihren K\u00f6rper zus\u00e4tzlich und kann einzeln oder parallel zu einem TENS-Programm verwendet werden.<br \/>Sichere Anwendung: Das Medizinprodukt bietet Ihnen eine \u201eArztfunktion\u201c mit anpassbaren Programmen zur optimalen Abstimmung auf Ihr pers\u00f6nliches Therapieprogramm.<\/p>\n<p>[ad_2]<\/p>\n","protected":false},"excerpt":{"rendered":"<p>Beurer EM 59 Heat Digitales EMS\/TENS-Ger\u00e4t \u2013 4-in-1-Stimulationsger\u00e4t:Mit dem TENS\/EMS-Ger\u00e4t von Beurer holen Sie sich einen wahren Allrounder im Bereich Elektrostimulation nach Hause. Das Elektrostimulationsger\u00e4t kann ohne Medikamente und Nebenwirkungen zur Schmerzlinderung sowie zur Muskelregeneration eingesetzt werden. Zus\u00e4tzlich zu diesen 2 Funktionen verf\u00fcgt der EM 59 Heat auch \u00fcber verschiedene Massageprogramme und eine W\u00e4rmefunktion. Die [&hellip;]<\/p>\n","protected":false},"featured_media":2532,"comment_status":"open","ping_status":"closed","template":"","meta":{"_aipt_faq_data":""},"store":[],"product_brand":[],"product_cat":[109],"product_tag":[211],"class_list":{"0":"post-2531","1":"product","2":"type-product","3":"status-publish","4":"has-post-thumbnail","6":"product_cat-therapieroboter","7":"product_tag-therapieroboter-zur-schmerztherapie","9":"first","10":"instock","11":"sale","12":"shipping-taxable","13":"product-type-external"},"yoast_head":"<!-- This site is optimized with the Yoast SEO plugin v27.0 - https:\/\/yoast.com\/product\/yoast-seo-wordpress\/ -->\n<title>Beurer EM 59 Heat Digitales TENS\/EMS-Ger\u00e4t, 4-in-1 Reizstromger\u00e4t zur Schmerztherapie, Muskelstimulation, Massage und W\u00e4rmetherapie, inkl. 4 Elektroden und Akku - EasyLifeBro<\/title>\n<meta name=\"description\" content=\"Entdecken Sie smarte Roboter f\u00fcr Zuhause, Garten, Bildung und Sicherheit. Vergleichen Sie Saugroboter, Rasenm\u00e4hroboter, KI-Begleitroboter und mehr bei EasyLifeRobo.\" \/>\n<meta name=\"robots\" content=\"index, follow, max-snippet:-1, max-image-preview:large, max-video-preview:-1\" \/>\n<link rel=\"canonical\" href=\"https:\/\/easyliferobo.com\/de\/product\/beurer-em-59-heat-digitales-tens-ems-geraet-4-in-1-reizstromgeraet-zur-schmerztherapie-muskelstimulation-massage-und-waermetherapie-inkl-4-elektroden-und-akku\/\" \/>\n<meta property=\"og:locale\" content=\"de_DE\" \/>\n<meta property=\"og:type\" content=\"article\" \/>\n<meta property=\"og:title\" content=\"Beurer EM 59 Heat Digitales TENS\/EMS-Ger\u00e4t, 4-in-1 Reizstromger\u00e4t zur Schmerztherapie, Muskelstimulation, Massage und W\u00e4rmetherapie, inkl. 4 Elektroden und Akku - EasyLifeBro\" \/>\n<meta property=\"og:description\" content=\"Entdecken Sie smarte Roboter f\u00fcr Zuhause, Garten, Bildung und Sicherheit. Vergleichen Sie Saugroboter, Rasenm\u00e4hroboter, KI-Begleitroboter und mehr bei EasyLifeRobo.\" \/>\n<meta property=\"og:url\" content=\"https:\/\/easyliferobo.com\/de\/product\/beurer-em-59-heat-digitales-tens-ems-geraet-4-in-1-reizstromgeraet-zur-schmerztherapie-muskelstimulation-massage-und-waermetherapie-inkl-4-elektroden-und-akku\/\" \/>\n<meta property=\"og:site_name\" content=\"EasyLifeBro\" \/>\n<meta property=\"article:modified_time\" content=\"2026-02-27T04:23:34+00:00\" \/>\n<meta name=\"twitter:card\" content=\"summary_large_image\" \/>\n<meta name=\"twitter:label1\" content=\"Gesch\u00e4tzte Lesezeit\" \/>\n\t<meta name=\"twitter:data1\" content=\"2\u00a0Minuten\" \/>\n<script type=\"application\/ld+json\" class=\"yoast-schema-graph\">{\"@context\":\"https:\/\/schema.org\",\"@graph\":[{\"@type\":\"WebPage\",\"@id\":\"https:\/\/easyliferobo.com\/de\/product\/beurer-em-59-heat-digitales-tens-ems-geraet-4-in-1-reizstromgeraet-zur-schmerztherapie-muskelstimulation-massage-und-waermetherapie-inkl-4-elektroden-und-akku\/\",\"url\":\"https:\/\/easyliferobo.com\/de\/product\/beurer-em-59-heat-digitales-tens-ems-geraet-4-in-1-reizstromgeraet-zur-schmerztherapie-muskelstimulation-massage-und-waermetherapie-inkl-4-elektroden-und-akku\/\",\"name\":\"Beurer EM 59 Heat Digitales TENS\/EMS-Ger\u00e4t, 4-in-1 Reizstromger\u00e4t zur Schmerztherapie, Muskelstimulation, Massage und W\u00e4rmetherapie, inkl. 4 Elektroden und Akku - EasyLifeBro\",\"isPartOf\":{\"@id\":\"https:\/\/easyliferobo.com\/de\/#website\"},\"primaryImageOfPage\":{\"@id\":\"https:\/\/easyliferobo.com\/de\/product\/beurer-em-59-heat-digitales-tens-ems-geraet-4-in-1-reizstromgeraet-zur-schmerztherapie-muskelstimulation-massage-und-waermetherapie-inkl-4-elektroden-und-akku\/#primaryimage\"},\"image\":{\"@id\":\"https:\/\/easyliferobo.com\/de\/product\/beurer-em-59-heat-digitales-tens-ems-geraet-4-in-1-reizstromgeraet-zur-schmerztherapie-muskelstimulation-massage-und-waermetherapie-inkl-4-elektroden-und-akku\/#primaryimage\"},\"thumbnailUrl\":\"https:\/\/easyliferobo.com\/de\/wp-content\/uploads\/2026\/02\/71UxM4c9N4L._AC_SL1500_.jpg\",\"datePublished\":\"2026-02-27T04:23:19+00:00\",\"dateModified\":\"2026-02-27T04:23:34+00:00\",\"description\":\"Entdecken Sie smarte Roboter f\u00fcr Zuhause, Garten, Bildung und Sicherheit. Vergleichen Sie Saugroboter, Rasenm\u00e4hroboter, KI-Begleitroboter und mehr bei EasyLifeRobo.\",\"breadcrumb\":{\"@id\":\"https:\/\/easyliferobo.com\/de\/product\/beurer-em-59-heat-digitales-tens-ems-geraet-4-in-1-reizstromgeraet-zur-schmerztherapie-muskelstimulation-massage-und-waermetherapie-inkl-4-elektroden-und-akku\/#breadcrumb\"},\"inLanguage\":\"de\",\"potentialAction\":[{\"@type\":\"ReadAction\",\"target\":[\"https:\/\/easyliferobo.com\/de\/product\/beurer-em-59-heat-digitales-tens-ems-geraet-4-in-1-reizstromgeraet-zur-schmerztherapie-muskelstimulation-massage-und-waermetherapie-inkl-4-elektroden-und-akku\/\"]}]},{\"@type\":\"ImageObject\",\"inLanguage\":\"de\",\"@id\":\"https:\/\/easyliferobo.com\/de\/product\/beurer-em-59-heat-digitales-tens-ems-geraet-4-in-1-reizstromgeraet-zur-schmerztherapie-muskelstimulation-massage-und-waermetherapie-inkl-4-elektroden-und-akku\/#primaryimage\",\"url\":\"https:\/\/easyliferobo.com\/de\/wp-content\/uploads\/2026\/02\/71UxM4c9N4L._AC_SL1500_.jpg\",\"contentUrl\":\"https:\/\/easyliferobo.com\/de\/wp-content\/uploads\/2026\/02\/71UxM4c9N4L._AC_SL1500_.jpg\",\"width\":1438,\"height\":1498},{\"@type\":\"BreadcrumbList\",\"@id\":\"https:\/\/easyliferobo.com\/de\/product\/beurer-em-59-heat-digitales-tens-ems-geraet-4-in-1-reizstromgeraet-zur-schmerztherapie-muskelstimulation-massage-und-waermetherapie-inkl-4-elektroden-und-akku\/#breadcrumb\",\"itemListElement\":[{\"@type\":\"ListItem\",\"position\":1,\"name\":\"Home\",\"item\":\"https:\/\/easyliferobo.com\/de\/\"},{\"@type\":\"ListItem\",\"position\":2,\"name\":\"Shop\",\"item\":\"https:\/\/easyliferobo.com\/de\/shop\/\"},{\"@type\":\"ListItem\",\"position\":3,\"name\":\"Beurer EM 59 Heat Digitales TENS\/EM...\"}]},{\"@type\":\"WebSite\",\"@id\":\"https:\/\/easyliferobo.com\/de\/#website\",\"url\":\"https:\/\/easyliferobo.com\/de\/\",\"name\":\"EasyLifeBro\",\"description\":\"Smarte Roboter f\u00fcr Zuhause, Garten &amp; Bildung\",\"publisher\":{\"@id\":\"https:\/\/easyliferobo.com\/de\/#organization\"},\"potentialAction\":[{\"@type\":\"SearchAction\",\"target\":{\"@type\":\"EntryPoint\",\"urlTemplate\":\"https:\/\/easyliferobo.com\/de\/?s={search_term_string}\"},\"query-input\":{\"@type\":\"PropertyValueSpecification\",\"valueRequired\":true,\"valueName\":\"search_term_string\"}}],\"inLanguage\":\"de\"},{\"@type\":\"Organization\",\"@id\":\"https:\/\/easyliferobo.com\/de\/#organization\",\"name\":\"EasyLifeBro\",\"url\":\"https:\/\/easyliferobo.com\/de\/\",\"logo\":{\"@type\":\"ImageObject\",\"inLanguage\":\"de\",\"@id\":\"https:\/\/easyliferobo.com\/de\/#\/schema\/logo\/image\/\",\"url\":\"https:\/\/easyliferobo.com\/de\/wp-content\/uploads\/2026\/02\/Screenshot-2026-02-22-at-2.25.03-PM.png\",\"contentUrl\":\"https:\/\/easyliferobo.com\/de\/wp-content\/uploads\/2026\/02\/Screenshot-2026-02-22-at-2.25.03-PM.png\",\"width\":1858,\"height\":430,\"caption\":\"EasyLifeBro\"},\"image\":{\"@id\":\"https:\/\/easyliferobo.com\/de\/#\/schema\/logo\/image\/\"}}]}<\/script>\n<!-- \/ Yoast SEO plugin. -->","yoast_head_json":{"title":"Beurer EM 59 Heat Digitales TENS\/EMS-Ger\u00e4t, 4-in-1 Reizstromger\u00e4t zur Schmerztherapie, Muskelstimulation, Massage und W\u00e4rmetherapie, inkl. 4 Elektroden und Akku - EasyLifeBro","description":"Entdecken Sie smarte Roboter f\u00fcr Zuhause, Garten, Bildung und Sicherheit. Vergleichen Sie Saugroboter, Rasenm\u00e4hroboter, KI-Begleitroboter und mehr bei EasyLifeRobo.","robots":{"index":"index","follow":"follow","max-snippet":"max-snippet:-1","max-image-preview":"max-image-preview:large","max-video-preview":"max-video-preview:-1"},"canonical":"https:\/\/easyliferobo.com\/de\/product\/beurer-em-59-heat-digitales-tens-ems-geraet-4-in-1-reizstromgeraet-zur-schmerztherapie-muskelstimulation-massage-und-waermetherapie-inkl-4-elektroden-und-akku\/","og_locale":"de_DE","og_type":"article","og_title":"Beurer EM 59 Heat Digitales TENS\/EMS-Ger\u00e4t, 4-in-1 Reizstromger\u00e4t zur Schmerztherapie, Muskelstimulation, Massage und W\u00e4rmetherapie, inkl. 4 Elektroden und Akku - EasyLifeBro","og_description":"Entdecken Sie smarte Roboter f\u00fcr Zuhause, Garten, Bildung und Sicherheit. Vergleichen Sie Saugroboter, Rasenm\u00e4hroboter, KI-Begleitroboter und mehr bei EasyLifeRobo.","og_url":"https:\/\/easyliferobo.com\/de\/product\/beurer-em-59-heat-digitales-tens-ems-geraet-4-in-1-reizstromgeraet-zur-schmerztherapie-muskelstimulation-massage-und-waermetherapie-inkl-4-elektroden-und-akku\/","og_site_name":"EasyLifeBro","article_modified_time":"2026-02-27T04:23:34+00:00","twitter_card":"summary_large_image","twitter_misc":{"Gesch\u00e4tzte Lesezeit":"2\u00a0Minuten"},"schema":{"@context":"https:\/\/schema.org","@graph":[{"@type":"WebPage","@id":"https:\/\/easyliferobo.com\/de\/product\/beurer-em-59-heat-digitales-tens-ems-geraet-4-in-1-reizstromgeraet-zur-schmerztherapie-muskelstimulation-massage-und-waermetherapie-inkl-4-elektroden-und-akku\/","url":"https:\/\/easyliferobo.com\/de\/product\/beurer-em-59-heat-digitales-tens-ems-geraet-4-in-1-reizstromgeraet-zur-schmerztherapie-muskelstimulation-massage-und-waermetherapie-inkl-4-elektroden-und-akku\/","name":"Beurer EM 59 Heat Digitales TENS\/EMS-Ger\u00e4t, 4-in-1 Reizstromger\u00e4t zur Schmerztherapie, Muskelstimulation, Massage und W\u00e4rmetherapie, inkl. 4 Elektroden und Akku - EasyLifeBro","isPartOf":{"@id":"https:\/\/easyliferobo.com\/de\/#website"},"primaryImageOfPage":{"@id":"https:\/\/easyliferobo.com\/de\/product\/beurer-em-59-heat-digitales-tens-ems-geraet-4-in-1-reizstromgeraet-zur-schmerztherapie-muskelstimulation-massage-und-waermetherapie-inkl-4-elektroden-und-akku\/#primaryimage"},"image":{"@id":"https:\/\/easyliferobo.com\/de\/product\/beurer-em-59-heat-digitales-tens-ems-geraet-4-in-1-reizstromgeraet-zur-schmerztherapie-muskelstimulation-massage-und-waermetherapie-inkl-4-elektroden-und-akku\/#primaryimage"},"thumbnailUrl":"https:\/\/easyliferobo.com\/de\/wp-content\/uploads\/2026\/02\/71UxM4c9N4L._AC_SL1500_.jpg","datePublished":"2026-02-27T04:23:19+00:00","dateModified":"2026-02-27T04:23:34+00:00","description":"Entdecken Sie smarte Roboter f\u00fcr Zuhause, Garten, Bildung und Sicherheit. Vergleichen Sie Saugroboter, Rasenm\u00e4hroboter, KI-Begleitroboter und mehr bei EasyLifeRobo.","breadcrumb":{"@id":"https:\/\/easyliferobo.com\/de\/product\/beurer-em-59-heat-digitales-tens-ems-geraet-4-in-1-reizstromgeraet-zur-schmerztherapie-muskelstimulation-massage-und-waermetherapie-inkl-4-elektroden-und-akku\/#breadcrumb"},"inLanguage":"de","potentialAction":[{"@type":"ReadAction","target":["https:\/\/easyliferobo.com\/de\/product\/beurer-em-59-heat-digitales-tens-ems-geraet-4-in-1-reizstromgeraet-zur-schmerztherapie-muskelstimulation-massage-und-waermetherapie-inkl-4-elektroden-und-akku\/"]}]},{"@type":"ImageObject","inLanguage":"de","@id":"https:\/\/easyliferobo.com\/de\/product\/beurer-em-59-heat-digitales-tens-ems-geraet-4-in-1-reizstromgeraet-zur-schmerztherapie-muskelstimulation-massage-und-waermetherapie-inkl-4-elektroden-und-akku\/#primaryimage","url":"https:\/\/easyliferobo.com\/de\/wp-content\/uploads\/2026\/02\/71UxM4c9N4L._AC_SL1500_.jpg","contentUrl":"https:\/\/easyliferobo.com\/de\/wp-content\/uploads\/2026\/02\/71UxM4c9N4L._AC_SL1500_.jpg","width":1438,"height":1498},{"@type":"BreadcrumbList","@id":"https:\/\/easyliferobo.com\/de\/product\/beurer-em-59-heat-digitales-tens-ems-geraet-4-in-1-reizstromgeraet-zur-schmerztherapie-muskelstimulation-massage-und-waermetherapie-inkl-4-elektroden-und-akku\/#breadcrumb","itemListElement":[{"@type":"ListItem","position":1,"name":"Home","item":"https:\/\/easyliferobo.com\/de\/"},{"@type":"ListItem","position":2,"name":"Shop","item":"https:\/\/easyliferobo.com\/de\/shop\/"},{"@type":"ListItem","position":3,"name":"Beurer EM 59 Heat Digitales TENS\/EM..."}]},{"@type":"WebSite","@id":"https:\/\/easyliferobo.com\/de\/#website","url":"https:\/\/easyliferobo.com\/de\/","name":"EasyLifeBro","description":"Smarte Roboter f\u00fcr Zuhause, Garten &amp; Bildung","publisher":{"@id":"https:\/\/easyliferobo.com\/de\/#organization"},"potentialAction":[{"@type":"SearchAction","target":{"@type":"EntryPoint","urlTemplate":"https:\/\/easyliferobo.com\/de\/?s={search_term_string}"},"query-input":{"@type":"PropertyValueSpecification","valueRequired":true,"valueName":"search_term_string"}}],"inLanguage":"de"},{"@type":"Organization","@id":"https:\/\/easyliferobo.com\/de\/#organization","name":"EasyLifeBro","url":"https:\/\/easyliferobo.com\/de\/","logo":{"@type":"ImageObject","inLanguage":"de","@id":"https:\/\/easyliferobo.com\/de\/#\/schema\/logo\/image\/","url":"https:\/\/easyliferobo.com\/de\/wp-content\/uploads\/2026\/02\/Screenshot-2026-02-22-at-2.25.03-PM.png","contentUrl":"https:\/\/easyliferobo.com\/de\/wp-content\/uploads\/2026\/02\/Screenshot-2026-02-22-at-2.25.03-PM.png","width":1858,"height":430,"caption":"EasyLifeBro"},"image":{"@id":"https:\/\/easyliferobo.com\/de\/#\/schema\/logo\/image\/"}}]}},"_links":{"self":[{"href":"https:\/\/easyliferobo.com\/de\/wp-json\/wp\/v2\/product\/2531","targetHints":{"allow":["GET"]}}],"collection":[{"href":"https:\/\/easyliferobo.com\/de\/wp-json\/wp\/v2\/product"}],"about":[{"href":"https:\/\/easyliferobo.com\/de\/wp-json\/wp\/v2\/types\/product"}],"replies":[{"embeddable":true,"href":"https:\/\/easyliferobo.com\/de\/wp-json\/wp\/v2\/comments?post=2531"}],"wp:featuredmedia":[{"embeddable":true,"href":"https:\/\/easyliferobo.com\/de\/wp-json\/wp\/v2\/media\/2532"}],"wp:attachment":[{"href":"https:\/\/easyliferobo.com\/de\/wp-json\/wp\/v2\/media?parent=2531"}],"wp:term":[{"taxonomy":"store","embeddable":true,"href":"https:\/\/easyliferobo.com\/de\/wp-json\/wp\/v2\/store?post=2531"},{"taxonomy":"product_brand","embeddable":true,"href":"https:\/\/easyliferobo.com\/de\/wp-json\/wp\/v2\/product_brand?post=2531"},{"taxonomy":"product_cat","embeddable":true,"href":"https:\/\/easyliferobo.com\/de\/wp-json\/wp\/v2\/product_cat?post=2531"},{"taxonomy":"product_tag","embeddable":true,"href":"https:\/\/easyliferobo.com\/de\/wp-json\/wp\/v2\/product_tag?post=2531"}],"curies":[{"name":"wp","href":"https:\/\/api.w.org\/{rel}","templated":true}]}}