
{"id":2523,"date":"2026-02-27T04:21:50","date_gmt":"2026-02-27T04:21:50","guid":{"rendered":"https:\/\/easyliferobo.com\/de\/product\/300w-led-baustrahler-6500k-richtungsverstellbar-led-baustrahler-230v-kaltweisser-scheinwerfer-30000lm-arbeitsleuchte-ip65-wasserdichter-bauscheinwerfer-fuer-baustellen\/"},"modified":"2026-02-27T04:22:08","modified_gmt":"2026-02-27T04:22:08","slug":"300w-led-baustrahler-6500k-richtungsverstellbar-led-baustrahler-230v-kaltweisser-scheinwerfer-30000lm-arbeitsleuchte-ip65-wasserdichter-bauscheinwerfer-fuer-baustellen","status":"publish","type":"product","link":"https:\/\/easyliferobo.com\/de\/product\/300w-led-baustrahler-6500k-richtungsverstellbar-led-baustrahler-230v-kaltweisser-scheinwerfer-30000lm-arbeitsleuchte-ip65-wasserdichter-bauscheinwerfer-fuer-baustellen\/","title":{"rendered":"300W LED Baustrahler 6500K Richtung..."},"content":{"rendered":"<p>\n                                             Produktbeschreibung   <\/p>\n<p>                                                                                                       <img decoding=\"async\" alt=\"300W LED Baustrahler 6500K\" src=\"https:\/\/images-na.ssl-images-amazon.com\/images\/G\/01\/x-locale\/common\/grey-pixel.gif\" class=\"a-lazy-loaded\" data-src=\"https:\/\/m.media-amazon.com\/images\/S\/aplus-media-library-service-media\/c222baf6-c0f2-4001-94d7-f98f1ae7ccd8.__CR0,0,1464,600_PT0_SX1464_V1___.png\"><img decoding=\"async\" alt=\"300W LED Baustrahler 6500K\" src=\"https:\/\/m.media-amazon.com\/images\/S\/aplus-media-library-service-media\/c222baf6-c0f2-4001-94d7-f98f1ae7ccd8.__CR0,0,1464,600_PT0_SX1464_V1___.png\">                                               <\/p>\n<p>                                                                                                       <img decoding=\"async\" alt=\"Arbeitsscheinwerfer IP65 Wasserdicht\" src=\"https:\/\/images-na.ssl-images-amazon.com\/images\/G\/01\/x-locale\/common\/grey-pixel.gif\" class=\"a-lazy-loaded\" data-src=\"https:\/\/m.media-amazon.com\/images\/S\/aplus-media-library-service-media\/02f407b4-2032-458d-b31a-4eb14465dc30.__CR0,0,1464,600_PT0_SX1464_V1___.png\"><img decoding=\"async\" alt=\"Arbeitsscheinwerfer IP65 Wasserdicht\" src=\"https:\/\/m.media-amazon.com\/images\/S\/aplus-media-library-service-media\/02f407b4-2032-458d-b31a-4eb14465dc30.__CR0,0,1464,600_PT0_SX1464_V1___.png\">                                               <\/p>\n<p>                                                                                                       <img decoding=\"async\" alt=\"Bauscheinwerfer \" src=\"https:\/\/images-na.ssl-images-amazon.com\/images\/G\/01\/x-locale\/common\/grey-pixel.gif\" class=\"a-lazy-loaded\" data-src=\"https:\/\/m.media-amazon.com\/images\/S\/aplus-media-library-service-media\/58ae7f8d-299b-4c06-870c-5dfd19611e62.__CR0,0,1464,600_PT0_SX1464_V1___.png\"><img decoding=\"async\" alt=\"Bauscheinwerfer \" src=\"https:\/\/m.media-amazon.com\/images\/S\/aplus-media-library-service-media\/58ae7f8d-299b-4c06-870c-5dfd19611e62.__CR0,0,1464,600_PT0_SX1464_V1___.png\">                                               <\/p>\n<p>                                                                                                       <img decoding=\"async\" alt=\"Kaltwei\u00dfscheinwerfer 30000lm\" src=\"https:\/\/images-na.ssl-images-amazon.com\/images\/G\/01\/x-locale\/common\/grey-pixel.gif\" class=\"a-lazy-loaded\" data-src=\"https:\/\/m.media-amazon.com\/images\/S\/aplus-media-library-service-media\/5691caa8-5cc3-4e80-972f-fca291117d48.__CR0,0,1464,600_PT0_SX1464_V1___.png\"><img decoding=\"async\" alt=\"Kaltwei\u00dfscheinwerfer 30000lm\" src=\"https:\/\/m.media-amazon.com\/images\/S\/aplus-media-library-service-media\/5691caa8-5cc3-4e80-972f-fca291117d48.__CR0,0,1464,600_PT0_SX1464_V1___.png\">                                               <\/p>\n<p>                                                                                                       <img decoding=\"async\" alt=\"Led Baustrahler mit Stativ einstellbar\" src=\"https:\/\/images-na.ssl-images-amazon.com\/images\/G\/01\/x-locale\/common\/grey-pixel.gif\" class=\"a-lazy-loaded\" data-src=\"https:\/\/m.media-amazon.com\/images\/S\/aplus-media-library-service-media\/a1355fbf-3f97-4b54-a32a-133c9bd368d7.__CR0,0,1464,600_PT0_SX1464_V1___.png\"><img decoding=\"async\" alt=\"Led Baustrahler mit Stativ einstellbar\" src=\"https:\/\/m.media-amazon.com\/images\/S\/aplus-media-library-service-media\/a1355fbf-3f97-4b54-a32a-133c9bd368d7.__CR0,0,1464,600_PT0_SX1464_V1___.png\">                                               <\/p>\n<p>                                                                                                       <img decoding=\"async\" alt=\"  LED Baustrahler 230V \" src=\"https:\/\/images-na.ssl-images-amazon.com\/images\/G\/01\/x-locale\/common\/grey-pixel.gif\" class=\"a-lazy-loaded\" data-src=\"https:\/\/m.media-amazon.com\/images\/S\/aplus-media-library-service-media\/76b04029-fec5-439f-b2ba-b99e3071389d.__CR0,0,1464,600_PT0_SX1464_V1___.png\"><img decoding=\"async\" alt=\"  LED Baustrahler 230V \" src=\"https:\/\/m.media-amazon.com\/images\/S\/aplus-media-library-service-media\/76b04029-fec5-439f-b2ba-b99e3071389d.__CR0,0,1464,600_PT0_SX1464_V1___.png\">                                               <\/p>\n<p>                                                                                                       <img decoding=\"async\" alt=\"Arbeitsleuchte mit 3m Kabelstecker \" src=\"https:\/\/images-na.ssl-images-amazon.com\/images\/G\/01\/x-locale\/common\/grey-pixel.gif\" class=\"a-lazy-loaded\" data-src=\"https:\/\/m.media-amazon.com\/images\/S\/aplus-media-library-service-media\/a2d591b6-7520-4ef9-9612-bff0f679e111.__CR0,0,1464,600_PT0_SX1464_V1___.png\"><img decoding=\"async\" alt=\"Arbeitsleuchte mit 3m Kabelstecker \" src=\"https:\/\/m.media-amazon.com\/images\/S\/aplus-media-library-service-media\/a2d591b6-7520-4ef9-9612-bff0f679e111.__CR0,0,1464,600_PT0_SX1464_V1___.png\">                                               <\/p>\n<p>Superhell und energiesparend: Jeder LED-Strahler verf\u00fcgt \u00fcber integrierte 108 LEDs, Helligkeit 30000 lm, 300 W. LED-Au\u00dfenstrahler nutzt 2835 hocheffiziente LED-Lampenperlen, um Ihnen das beste Licht f\u00fcr Ihren Einsatz zu bieten. \u00dcber einen Schalter am Kabel l\u00e4sst sich die Bauleuchte bequem ein- und ausschalten. Kein Ziehen des Steckers mehr n\u00f6tig.<br \/>Abnehmbarer und verstellbarer Stativst\u00e4nder: Unser LED-Baustrahler mit Stativ ist mit einem abnehmbaren Stativst\u00e4nder ausgestattet, der sehr stabil auf dem Boden stehen kann. Ob Sie es auf dem Stativ montieren m\u00f6chten, k\u00f6nnen Sie je nach Ihren Nutzungsanforderungen entscheiden. Gleichzeitig l\u00e4sst sich die Halterung auch auf jede beliebige H\u00f6he einstellen, die maximale H\u00f6he betr\u00e4gt 180 cm.<br \/>Tragbar und flexibel anpassbar: Mit stabilem St\u00e4nder und Griff k\u00f6nnen Sie den LED-Baustrahler halten, aufh\u00e4ngen oder auf den Boden stellen, um Ihre Arbeit komfortabler zu gestalten. Der drehbare Sockel kann vertikal um 180\u00b0 gedreht werden, die Lichter auf beiden Seiten k\u00f6nnen nach hinten und oben verstellt werden, wodurch der gesamte Bereich beleuchtet und die maximale Beleuchtungsreichweite erreicht werden kann.<br \/>\u3010Mit Stecker und 3 m langem Kabel\u3011: Der LED-Baustrahler ist mit einem 3 m langen Netzkabel ausgestattet, was Ihnen relative Freiheit gibt, Sie ben\u00f6tigen nicht immer ein Verl\u00e4ngerungskabel und es ist bequem, die Stromversorgung direkt anzuschlie\u00dfen, z. B. als Baustellenleuchte beim Hausbau, Verwendung als Au\u00dfenstrahler bei Renovierungen.<br \/>IP66 wasserdicht und effiziente W\u00e4rmeableitung: LED-Arbeitsleuchte durch IP66 wasserdicht und hochwertiges Aluminium, dar\u00fcber hinaus erm\u00f6glichen das einzigartige Aluminiumgeh\u00e4use und der gerippte K\u00fchlk\u00f6rper der Arbeitsleuchte eine effiziente W\u00e4rmeableitung mit einer erwarteten Lebensdauer von \u00fcber 50.000 Stunden<\/p>\n<p>[ad_2]<\/p>\n","protected":false},"excerpt":{"rendered":"<p>Produktbeschreibung Superhell und energiesparend: Jeder LED-Strahler verf\u00fcgt \u00fcber integrierte 108 LEDs, Helligkeit 30000 lm, 300 W. LED-Au\u00dfenstrahler nutzt 2835 hocheffiziente LED-Lampenperlen, um Ihnen das beste Licht f\u00fcr Ihren Einsatz zu bieten. \u00dcber einen Schalter am Kabel l\u00e4sst sich die Bauleuchte bequem ein- und ausschalten. Kein Ziehen des Steckers mehr n\u00f6tig.Abnehmbarer und verstellbarer Stativst\u00e4nder: Unser LED-Baustrahler [&hellip;]<\/p>\n","protected":false},"featured_media":2524,"comment_status":"open","ping_status":"closed","template":"","meta":{"_aipt_faq_data":""},"store":[],"product_brand":[],"product_cat":[110],"product_tag":[409],"class_list":{"0":"post-2523","1":"product","2":"type-product","3":"status-publish","4":"has-post-thumbnail","6":"product_cat-exoskelette","7":"product_tag-exoskelette-zur-arbeitserleichterung","9":"first","10":"instock","11":"shipping-taxable","12":"product-type-external"},"yoast_head":"<!-- This site is optimized with the Yoast SEO plugin v27.0 - https:\/\/yoast.com\/product\/yoast-seo-wordpress\/ -->\n<title>300W LED Baustrahler 6500K Richtungsverstellbar LED Baustrahler 230V Kaltwei\u00dfer Scheinwerfer 30000lm Arbeitsleuchte IP65 Wasserdichter Bauscheinwerfer f\u00fcr Baustellen - EasyLifeBro<\/title>\n<meta name=\"description\" content=\"Entdecken Sie smarte Roboter f\u00fcr Zuhause, Garten, Bildung und Sicherheit. Vergleichen Sie Saugroboter, Rasenm\u00e4hroboter, KI-Begleitroboter und mehr bei EasyLifeRobo.\" \/>\n<meta name=\"robots\" content=\"index, follow, max-snippet:-1, max-image-preview:large, max-video-preview:-1\" \/>\n<link rel=\"canonical\" href=\"https:\/\/easyliferobo.com\/de\/product\/300w-led-baustrahler-6500k-richtungsverstellbar-led-baustrahler-230v-kaltweisser-scheinwerfer-30000lm-arbeitsleuchte-ip65-wasserdichter-bauscheinwerfer-fuer-baustellen\/\" \/>\n<meta property=\"og:locale\" content=\"de_DE\" \/>\n<meta property=\"og:type\" content=\"article\" \/>\n<meta property=\"og:title\" content=\"300W LED Baustrahler 6500K Richtungsverstellbar LED Baustrahler 230V Kaltwei\u00dfer Scheinwerfer 30000lm Arbeitsleuchte IP65 Wasserdichter Bauscheinwerfer f\u00fcr Baustellen - EasyLifeBro\" \/>\n<meta property=\"og:description\" content=\"Entdecken Sie smarte Roboter f\u00fcr Zuhause, Garten, Bildung und Sicherheit. Vergleichen Sie Saugroboter, Rasenm\u00e4hroboter, KI-Begleitroboter und mehr bei EasyLifeRobo.\" \/>\n<meta property=\"og:url\" content=\"https:\/\/easyliferobo.com\/de\/product\/300w-led-baustrahler-6500k-richtungsverstellbar-led-baustrahler-230v-kaltweisser-scheinwerfer-30000lm-arbeitsleuchte-ip65-wasserdichter-bauscheinwerfer-fuer-baustellen\/\" \/>\n<meta property=\"og:site_name\" content=\"EasyLifeBro\" \/>\n<meta property=\"article:modified_time\" content=\"2026-02-27T04:22:08+00:00\" \/>\n<meta property=\"og:image\" content=\"https:\/\/images-na.ssl-images-amazon.com\/images\/G\/01\/x-locale\/common\/grey-pixel.gif\" \/>\n<meta name=\"twitter:card\" content=\"summary_large_image\" \/>\n<meta name=\"twitter:label1\" content=\"Gesch\u00e4tzte Lesezeit\" \/>\n\t<meta name=\"twitter:data1\" content=\"1\u00a0Minute\" \/>\n<script type=\"application\/ld+json\" class=\"yoast-schema-graph\">{\"@context\":\"https:\/\/schema.org\",\"@graph\":[{\"@type\":\"WebPage\",\"@id\":\"https:\/\/easyliferobo.com\/de\/product\/300w-led-baustrahler-6500k-richtungsverstellbar-led-baustrahler-230v-kaltweisser-scheinwerfer-30000lm-arbeitsleuchte-ip65-wasserdichter-bauscheinwerfer-fuer-baustellen\/\",\"url\":\"https:\/\/easyliferobo.com\/de\/product\/300w-led-baustrahler-6500k-richtungsverstellbar-led-baustrahler-230v-kaltweisser-scheinwerfer-30000lm-arbeitsleuchte-ip65-wasserdichter-bauscheinwerfer-fuer-baustellen\/\",\"name\":\"300W LED Baustrahler 6500K Richtungsverstellbar LED Baustrahler 230V Kaltwei\u00dfer Scheinwerfer 30000lm Arbeitsleuchte IP65 Wasserdichter Bauscheinwerfer f\u00fcr Baustellen - EasyLifeBro\",\"isPartOf\":{\"@id\":\"https:\/\/easyliferobo.com\/de\/#website\"},\"primaryImageOfPage\":{\"@id\":\"https:\/\/easyliferobo.com\/de\/product\/300w-led-baustrahler-6500k-richtungsverstellbar-led-baustrahler-230v-kaltweisser-scheinwerfer-30000lm-arbeitsleuchte-ip65-wasserdichter-bauscheinwerfer-fuer-baustellen\/#primaryimage\"},\"image\":{\"@id\":\"https:\/\/easyliferobo.com\/de\/product\/300w-led-baustrahler-6500k-richtungsverstellbar-led-baustrahler-230v-kaltweisser-scheinwerfer-30000lm-arbeitsleuchte-ip65-wasserdichter-bauscheinwerfer-fuer-baustellen\/#primaryimage\"},\"thumbnailUrl\":\"https:\/\/easyliferobo.com\/de\/wp-content\/uploads\/2026\/02\/71waKtNonDL._AC_SL1500_.jpg\",\"datePublished\":\"2026-02-27T04:21:50+00:00\",\"dateModified\":\"2026-02-27T04:22:08+00:00\",\"description\":\"Entdecken Sie smarte Roboter f\u00fcr Zuhause, Garten, Bildung und Sicherheit. Vergleichen Sie Saugroboter, Rasenm\u00e4hroboter, KI-Begleitroboter und mehr bei EasyLifeRobo.\",\"breadcrumb\":{\"@id\":\"https:\/\/easyliferobo.com\/de\/product\/300w-led-baustrahler-6500k-richtungsverstellbar-led-baustrahler-230v-kaltweisser-scheinwerfer-30000lm-arbeitsleuchte-ip65-wasserdichter-bauscheinwerfer-fuer-baustellen\/#breadcrumb\"},\"inLanguage\":\"de\",\"potentialAction\":[{\"@type\":\"ReadAction\",\"target\":[\"https:\/\/easyliferobo.com\/de\/product\/300w-led-baustrahler-6500k-richtungsverstellbar-led-baustrahler-230v-kaltweisser-scheinwerfer-30000lm-arbeitsleuchte-ip65-wasserdichter-bauscheinwerfer-fuer-baustellen\/\"]}]},{\"@type\":\"ImageObject\",\"inLanguage\":\"de\",\"@id\":\"https:\/\/easyliferobo.com\/de\/product\/300w-led-baustrahler-6500k-richtungsverstellbar-led-baustrahler-230v-kaltweisser-scheinwerfer-30000lm-arbeitsleuchte-ip65-wasserdichter-bauscheinwerfer-fuer-baustellen\/#primaryimage\",\"url\":\"https:\/\/easyliferobo.com\/de\/wp-content\/uploads\/2026\/02\/71waKtNonDL._AC_SL1500_.jpg\",\"contentUrl\":\"https:\/\/easyliferobo.com\/de\/wp-content\/uploads\/2026\/02\/71waKtNonDL._AC_SL1500_.jpg\",\"width\":1444,\"height\":1500},{\"@type\":\"BreadcrumbList\",\"@id\":\"https:\/\/easyliferobo.com\/de\/product\/300w-led-baustrahler-6500k-richtungsverstellbar-led-baustrahler-230v-kaltweisser-scheinwerfer-30000lm-arbeitsleuchte-ip65-wasserdichter-bauscheinwerfer-fuer-baustellen\/#breadcrumb\",\"itemListElement\":[{\"@type\":\"ListItem\",\"position\":1,\"name\":\"Home\",\"item\":\"https:\/\/easyliferobo.com\/de\/\"},{\"@type\":\"ListItem\",\"position\":2,\"name\":\"Shop\",\"item\":\"https:\/\/easyliferobo.com\/de\/shop\/\"},{\"@type\":\"ListItem\",\"position\":3,\"name\":\"300W LED Baustrahler 6500K Richtung...\"}]},{\"@type\":\"WebSite\",\"@id\":\"https:\/\/easyliferobo.com\/de\/#website\",\"url\":\"https:\/\/easyliferobo.com\/de\/\",\"name\":\"EasyLifeBro\",\"description\":\"Smarte Roboter f\u00fcr Zuhause, Garten &amp; Bildung\",\"publisher\":{\"@id\":\"https:\/\/easyliferobo.com\/de\/#organization\"},\"potentialAction\":[{\"@type\":\"SearchAction\",\"target\":{\"@type\":\"EntryPoint\",\"urlTemplate\":\"https:\/\/easyliferobo.com\/de\/?s={search_term_string}\"},\"query-input\":{\"@type\":\"PropertyValueSpecification\",\"valueRequired\":true,\"valueName\":\"search_term_string\"}}],\"inLanguage\":\"de\"},{\"@type\":\"Organization\",\"@id\":\"https:\/\/easyliferobo.com\/de\/#organization\",\"name\":\"EasyLifeBro\",\"url\":\"https:\/\/easyliferobo.com\/de\/\",\"logo\":{\"@type\":\"ImageObject\",\"inLanguage\":\"de\",\"@id\":\"https:\/\/easyliferobo.com\/de\/#\/schema\/logo\/image\/\",\"url\":\"https:\/\/easyliferobo.com\/de\/wp-content\/uploads\/2026\/02\/Screenshot-2026-02-22-at-2.25.03-PM.png\",\"contentUrl\":\"https:\/\/easyliferobo.com\/de\/wp-content\/uploads\/2026\/02\/Screenshot-2026-02-22-at-2.25.03-PM.png\",\"width\":1858,\"height\":430,\"caption\":\"EasyLifeBro\"},\"image\":{\"@id\":\"https:\/\/easyliferobo.com\/de\/#\/schema\/logo\/image\/\"}}]}<\/script>\n<!-- \/ Yoast SEO plugin. -->","yoast_head_json":{"title":"300W LED Baustrahler 6500K Richtungsverstellbar LED Baustrahler 230V Kaltwei\u00dfer Scheinwerfer 30000lm Arbeitsleuchte IP65 Wasserdichter Bauscheinwerfer f\u00fcr Baustellen - EasyLifeBro","description":"Entdecken Sie smarte Roboter f\u00fcr Zuhause, Garten, Bildung und Sicherheit. Vergleichen Sie Saugroboter, Rasenm\u00e4hroboter, KI-Begleitroboter und mehr bei EasyLifeRobo.","robots":{"index":"index","follow":"follow","max-snippet":"max-snippet:-1","max-image-preview":"max-image-preview:large","max-video-preview":"max-video-preview:-1"},"canonical":"https:\/\/easyliferobo.com\/de\/product\/300w-led-baustrahler-6500k-richtungsverstellbar-led-baustrahler-230v-kaltweisser-scheinwerfer-30000lm-arbeitsleuchte-ip65-wasserdichter-bauscheinwerfer-fuer-baustellen\/","og_locale":"de_DE","og_type":"article","og_title":"300W LED Baustrahler 6500K Richtungsverstellbar LED Baustrahler 230V Kaltwei\u00dfer Scheinwerfer 30000lm Arbeitsleuchte IP65 Wasserdichter Bauscheinwerfer f\u00fcr Baustellen - EasyLifeBro","og_description":"Entdecken Sie smarte Roboter f\u00fcr Zuhause, Garten, Bildung und Sicherheit. Vergleichen Sie Saugroboter, Rasenm\u00e4hroboter, KI-Begleitroboter und mehr bei EasyLifeRobo.","og_url":"https:\/\/easyliferobo.com\/de\/product\/300w-led-baustrahler-6500k-richtungsverstellbar-led-baustrahler-230v-kaltweisser-scheinwerfer-30000lm-arbeitsleuchte-ip65-wasserdichter-bauscheinwerfer-fuer-baustellen\/","og_site_name":"EasyLifeBro","article_modified_time":"2026-02-27T04:22:08+00:00","og_image":[{"url":"https:\/\/images-na.ssl-images-amazon.com\/images\/G\/01\/x-locale\/common\/grey-pixel.gif","type":"","width":"","height":""}],"twitter_card":"summary_large_image","twitter_misc":{"Gesch\u00e4tzte Lesezeit":"1\u00a0Minute"},"schema":{"@context":"https:\/\/schema.org","@graph":[{"@type":"WebPage","@id":"https:\/\/easyliferobo.com\/de\/product\/300w-led-baustrahler-6500k-richtungsverstellbar-led-baustrahler-230v-kaltweisser-scheinwerfer-30000lm-arbeitsleuchte-ip65-wasserdichter-bauscheinwerfer-fuer-baustellen\/","url":"https:\/\/easyliferobo.com\/de\/product\/300w-led-baustrahler-6500k-richtungsverstellbar-led-baustrahler-230v-kaltweisser-scheinwerfer-30000lm-arbeitsleuchte-ip65-wasserdichter-bauscheinwerfer-fuer-baustellen\/","name":"300W LED Baustrahler 6500K Richtungsverstellbar LED Baustrahler 230V Kaltwei\u00dfer Scheinwerfer 30000lm Arbeitsleuchte IP65 Wasserdichter Bauscheinwerfer f\u00fcr Baustellen - EasyLifeBro","isPartOf":{"@id":"https:\/\/easyliferobo.com\/de\/#website"},"primaryImageOfPage":{"@id":"https:\/\/easyliferobo.com\/de\/product\/300w-led-baustrahler-6500k-richtungsverstellbar-led-baustrahler-230v-kaltweisser-scheinwerfer-30000lm-arbeitsleuchte-ip65-wasserdichter-bauscheinwerfer-fuer-baustellen\/#primaryimage"},"image":{"@id":"https:\/\/easyliferobo.com\/de\/product\/300w-led-baustrahler-6500k-richtungsverstellbar-led-baustrahler-230v-kaltweisser-scheinwerfer-30000lm-arbeitsleuchte-ip65-wasserdichter-bauscheinwerfer-fuer-baustellen\/#primaryimage"},"thumbnailUrl":"https:\/\/easyliferobo.com\/de\/wp-content\/uploads\/2026\/02\/71waKtNonDL._AC_SL1500_.jpg","datePublished":"2026-02-27T04:21:50+00:00","dateModified":"2026-02-27T04:22:08+00:00","description":"Entdecken Sie smarte Roboter f\u00fcr Zuhause, Garten, Bildung und Sicherheit. Vergleichen Sie Saugroboter, Rasenm\u00e4hroboter, KI-Begleitroboter und mehr bei EasyLifeRobo.","breadcrumb":{"@id":"https:\/\/easyliferobo.com\/de\/product\/300w-led-baustrahler-6500k-richtungsverstellbar-led-baustrahler-230v-kaltweisser-scheinwerfer-30000lm-arbeitsleuchte-ip65-wasserdichter-bauscheinwerfer-fuer-baustellen\/#breadcrumb"},"inLanguage":"de","potentialAction":[{"@type":"ReadAction","target":["https:\/\/easyliferobo.com\/de\/product\/300w-led-baustrahler-6500k-richtungsverstellbar-led-baustrahler-230v-kaltweisser-scheinwerfer-30000lm-arbeitsleuchte-ip65-wasserdichter-bauscheinwerfer-fuer-baustellen\/"]}]},{"@type":"ImageObject","inLanguage":"de","@id":"https:\/\/easyliferobo.com\/de\/product\/300w-led-baustrahler-6500k-richtungsverstellbar-led-baustrahler-230v-kaltweisser-scheinwerfer-30000lm-arbeitsleuchte-ip65-wasserdichter-bauscheinwerfer-fuer-baustellen\/#primaryimage","url":"https:\/\/easyliferobo.com\/de\/wp-content\/uploads\/2026\/02\/71waKtNonDL._AC_SL1500_.jpg","contentUrl":"https:\/\/easyliferobo.com\/de\/wp-content\/uploads\/2026\/02\/71waKtNonDL._AC_SL1500_.jpg","width":1444,"height":1500},{"@type":"BreadcrumbList","@id":"https:\/\/easyliferobo.com\/de\/product\/300w-led-baustrahler-6500k-richtungsverstellbar-led-baustrahler-230v-kaltweisser-scheinwerfer-30000lm-arbeitsleuchte-ip65-wasserdichter-bauscheinwerfer-fuer-baustellen\/#breadcrumb","itemListElement":[{"@type":"ListItem","position":1,"name":"Home","item":"https:\/\/easyliferobo.com\/de\/"},{"@type":"ListItem","position":2,"name":"Shop","item":"https:\/\/easyliferobo.com\/de\/shop\/"},{"@type":"ListItem","position":3,"name":"300W LED Baustrahler 6500K Richtung..."}]},{"@type":"WebSite","@id":"https:\/\/easyliferobo.com\/de\/#website","url":"https:\/\/easyliferobo.com\/de\/","name":"EasyLifeBro","description":"Smarte Roboter f\u00fcr Zuhause, Garten &amp; Bildung","publisher":{"@id":"https:\/\/easyliferobo.com\/de\/#organization"},"potentialAction":[{"@type":"SearchAction","target":{"@type":"EntryPoint","urlTemplate":"https:\/\/easyliferobo.com\/de\/?s={search_term_string}"},"query-input":{"@type":"PropertyValueSpecification","valueRequired":true,"valueName":"search_term_string"}}],"inLanguage":"de"},{"@type":"Organization","@id":"https:\/\/easyliferobo.com\/de\/#organization","name":"EasyLifeBro","url":"https:\/\/easyliferobo.com\/de\/","logo":{"@type":"ImageObject","inLanguage":"de","@id":"https:\/\/easyliferobo.com\/de\/#\/schema\/logo\/image\/","url":"https:\/\/easyliferobo.com\/de\/wp-content\/uploads\/2026\/02\/Screenshot-2026-02-22-at-2.25.03-PM.png","contentUrl":"https:\/\/easyliferobo.com\/de\/wp-content\/uploads\/2026\/02\/Screenshot-2026-02-22-at-2.25.03-PM.png","width":1858,"height":430,"caption":"EasyLifeBro"},"image":{"@id":"https:\/\/easyliferobo.com\/de\/#\/schema\/logo\/image\/"}}]}},"_links":{"self":[{"href":"https:\/\/easyliferobo.com\/de\/wp-json\/wp\/v2\/product\/2523","targetHints":{"allow":["GET"]}}],"collection":[{"href":"https:\/\/easyliferobo.com\/de\/wp-json\/wp\/v2\/product"}],"about":[{"href":"https:\/\/easyliferobo.com\/de\/wp-json\/wp\/v2\/types\/product"}],"replies":[{"embeddable":true,"href":"https:\/\/easyliferobo.com\/de\/wp-json\/wp\/v2\/comments?post=2523"}],"wp:featuredmedia":[{"embeddable":true,"href":"https:\/\/easyliferobo.com\/de\/wp-json\/wp\/v2\/media\/2524"}],"wp:attachment":[{"href":"https:\/\/easyliferobo.com\/de\/wp-json\/wp\/v2\/media?parent=2523"}],"wp:term":[{"taxonomy":"store","embeddable":true,"href":"https:\/\/easyliferobo.com\/de\/wp-json\/wp\/v2\/store?post=2523"},{"taxonomy":"product_brand","embeddable":true,"href":"https:\/\/easyliferobo.com\/de\/wp-json\/wp\/v2\/product_brand?post=2523"},{"taxonomy":"product_cat","embeddable":true,"href":"https:\/\/easyliferobo.com\/de\/wp-json\/wp\/v2\/product_cat?post=2523"},{"taxonomy":"product_tag","embeddable":true,"href":"https:\/\/easyliferobo.com\/de\/wp-json\/wp\/v2\/product_tag?post=2523"}],"curies":[{"name":"wp","href":"https:\/\/api.w.org\/{rel}","templated":true}]}}