
{"id":2513,"date":"2026-02-27T04:20:25","date_gmt":"2026-02-27T04:20:25","guid":{"rendered":"https:\/\/easyliferobo.com\/de\/product\/vaktidy-nimble-t6-roboterstaubsauger-mit-2800-pa-starker-saugleistung-120-min-laufzeit-staubsaugerroboter-mit-alexa-google-assistant-app-siri-control-saugroboter-schwarz\/"},"modified":"2026-02-27T04:20:43","modified_gmt":"2026-02-27T04:20:43","slug":"vaktidy-nimble-t6-roboterstaubsauger-mit-2800-pa-starker-saugleistung-120-min-laufzeit-staubsaugerroboter-mit-alexa-google-assistant-app-siri-control-saugroboter-schwarz","status":"publish","type":"product","link":"https:\/\/easyliferobo.com\/de\/product\/vaktidy-nimble-t6-roboterstaubsauger-mit-2800-pa-starker-saugleistung-120-min-laufzeit-staubsaugerroboter-mit-alexa-google-assistant-app-siri-control-saugroboter-schwarz\/","title":{"rendered":"Vaktidy Nimble T6 Roboterstaubsauge..."},"content":{"rendered":"<p>\n                                             Von der Marke   <\/p>\n<p>                                              <img decoding=\"async\" alt=\"Neu\" src=\"https:\/\/images-na.ssl-images-amazon.com\/images\/G\/01\/x-locale\/common\/grey-pixel.gif\" class=\"a-lazy-loaded\" data-src=\"https:\/\/m.media-amazon.com\/images\/S\/aplus-media-library-service-media\/d57533db-7e8c-4bc4-a63b-6a2a73acc31c.__CR0,0,1464,625_PT0_SX1464_V1___.jpg\"><img decoding=\"async\" alt=\"Neu\" src=\"https:\/\/m.media-amazon.com\/images\/S\/aplus-media-library-service-media\/d57533db-7e8c-4bc4-a63b-6a2a73acc31c.__CR0,0,1464,625_PT0_SX1464_V1___.jpg\">  <\/p>\n<p>                                              <img decoding=\"async\" alt=\"1\" src=\"https:\/\/images-na.ssl-images-amazon.com\/images\/G\/01\/x-locale\/common\/grey-pixel.gif\" class=\"a-lazy-loaded\" data-src=\"https:\/\/m.media-amazon.com\/images\/S\/aplus-media-library-service-media\/665ecd3f-ba08-40fc-8c83-07b307411b9e.__CR0,0,362,453_PT0_SX362_V1___.jpg\"><img decoding=\"async\" alt=\"1\" src=\"https:\/\/m.media-amazon.com\/images\/S\/aplus-media-library-service-media\/665ecd3f-ba08-40fc-8c83-07b307411b9e.__CR0,0,362,453_PT0_SX362_V1___.jpg\">  <\/p>\n<p>                                              <img decoding=\"async\" alt=\"1\" src=\"https:\/\/images-na.ssl-images-amazon.com\/images\/G\/01\/x-locale\/common\/grey-pixel.gif\" class=\"a-lazy-loaded\" data-src=\"https:\/\/m.media-amazon.com\/images\/S\/aplus-media-library-service-media\/b726fa06-5814-4453-a1ed-5184a604a972.__CR0,0,362,453_PT0_SX362_V1___.jpg\"><img decoding=\"async\" alt=\"1\" src=\"https:\/\/m.media-amazon.com\/images\/S\/aplus-media-library-service-media\/b726fa06-5814-4453-a1ed-5184a604a972.__CR0,0,362,453_PT0_SX362_V1___.jpg\">  <\/p>\n<p>                                              <img decoding=\"async\" alt=\"\" src=\"https:\/\/images-na.ssl-images-amazon.com\/images\/G\/01\/x-locale\/common\/grey-pixel.gif\" class=\"a-lazy-loaded\" data-src=\"https:\/\/m.media-amazon.com\/images\/S\/aplus-media-library-service-media\/2bc1a606-1953-44e0-82b3-30c5cfd812a4.__CR0,0,315,145_PT0_SX315_V1___.jpg\"><img decoding=\"async\" alt=\"\" src=\"https:\/\/m.media-amazon.com\/images\/S\/aplus-media-library-service-media\/2bc1a606-1953-44e0-82b3-30c5cfd812a4.__CR0,0,315,145_PT0_SX315_V1___.jpg\">  <\/p>\n<p>  UNSERE MISSION <\/p>\n<p>  Sorgen Sie mit weniger Aufwand f\u00fcr Ordnung in Ihrem Zuhause. <\/p>\n<p>  UNSERE VISION <\/p>\n<p>  Den Menschen Zeit und Arbeit f\u00fcr sinnvollere Dinge ersparen. <\/p>\n<p>  Wie unterscheiden wir uns? <\/p>\n<p>  Unser unerm\u00fcdlicher Fokus liegt auf der Balance zwischen Benutzerfreundlichkeit, Qualit\u00e4t und Erschwinglichkeit, wobei Ihr Benutzererlebnis immer im Vordergrund steht. <\/p>\n<h3>  VACTIDY \u2013 IMMER EINFACH GEMACHT. <\/h3>\n<p>                                              <img decoding=\"async\" alt=\"1\" src=\"https:\/\/images-na.ssl-images-amazon.com\/images\/G\/01\/x-locale\/common\/grey-pixel.gif\" class=\"a-lazy-loaded\" data-src=\"https:\/\/m.media-amazon.com\/images\/S\/aplus-media-library-service-media\/ed1fb625-f30d-4cc8-babb-123878c51332.__CR0,0,362,453_PT0_SX362_V1___.jpg\"><img decoding=\"async\" alt=\"1\" src=\"https:\/\/m.media-amazon.com\/images\/S\/aplus-media-library-service-media\/ed1fb625-f30d-4cc8-babb-123878c51332.__CR0,0,362,453_PT0_SX362_V1___.jpg\">  <\/p>\n<p>                                              <img decoding=\"async\" alt=\"T7\" src=\"https:\/\/images-na.ssl-images-amazon.com\/images\/G\/01\/x-locale\/common\/grey-pixel.gif\" class=\"a-lazy-loaded\" data-src=\"https:\/\/m.media-amazon.com\/images\/S\/aplus-media-library-service-media\/c479d667-fb80-49a2-b1fd-3b50a05f332e.__CR0,0,362,453_PT0_SX362_V1___.jpg\"><img decoding=\"async\" alt=\"T7\" src=\"https:\/\/m.media-amazon.com\/images\/S\/aplus-media-library-service-media\/c479d667-fb80-49a2-b1fd-3b50a05f332e.__CR0,0,362,453_PT0_SX362_V1___.jpg\">  <\/p>\n<p>                                              <img decoding=\"async\" alt=\"T8\" src=\"https:\/\/images-na.ssl-images-amazon.com\/images\/G\/01\/x-locale\/common\/grey-pixel.gif\" class=\"a-lazy-loaded\" data-src=\"https:\/\/m.media-amazon.com\/images\/S\/aplus-media-library-service-media\/97ba0d01-83c1-4857-858b-878e60e02bcd.__CR0,0,362,453_PT0_SX362_V1___.jpg\"><img decoding=\"async\" alt=\"T8\" src=\"https:\/\/m.media-amazon.com\/images\/S\/aplus-media-library-service-media\/97ba0d01-83c1-4857-858b-878e60e02bcd.__CR0,0,362,453_PT0_SX362_V1___.jpg\">  <\/p>\n<p>                                              <img decoding=\"async\" alt=\"V8\" src=\"https:\/\/images-na.ssl-images-amazon.com\/images\/G\/01\/x-locale\/common\/grey-pixel.gif\" class=\"a-lazy-loaded\" data-src=\"https:\/\/m.media-amazon.com\/images\/S\/aplus-media-library-service-media\/0b1392ff-50f4-438f-b070-888de4bc4baa.__CR0,0,362,453_PT0_SX362_V1___.jpg\"><img decoding=\"async\" alt=\"V8\" src=\"https:\/\/m.media-amazon.com\/images\/S\/aplus-media-library-service-media\/0b1392ff-50f4-438f-b070-888de4bc4baa.__CR0,0,362,453_PT0_SX362_V1___.jpg\">  <\/p>\n<p>                                              <img decoding=\"async\" alt=\"V9\" src=\"https:\/\/images-na.ssl-images-amazon.com\/images\/G\/01\/x-locale\/common\/grey-pixel.gif\" class=\"a-lazy-loaded\" data-src=\"https:\/\/m.media-amazon.com\/images\/S\/aplus-media-library-service-media\/7edf51e2-d147-490e-a277-0be35c800bc3.__CR0,0,362,453_PT0_SX362_V1___.jpg\"><img decoding=\"async\" alt=\"V9\" src=\"https:\/\/m.media-amazon.com\/images\/S\/aplus-media-library-service-media\/7edf51e2-d147-490e-a277-0be35c800bc3.__CR0,0,362,453_PT0_SX362_V1___.jpg\">  <\/p>\n<p>2800 Pa Saugleistung mit Leichtigkeit: Mit einer 2800 Pa starken Saugleistung kann der Roboterstaubsauger Vatidy T6 m\u00fchelos Staub, Schmutz und Tierhaare von Hartb\u00f6den und niedrigflorigen Teppichen aufsaugen und sorgt f\u00fcr eine hocheffiziente Reinigung. 3 Saugleistungsstufen, anpassbar an alle regelm\u00e4\u00dfigen Reinigungsbed\u00fcrfnisse der Familie.<br \/>Schlankes Geh\u00e4use und leise Reinigung: Der Roboterstaubsauger Vatidy Nimble T6 verf\u00fcgt \u00fcber ein kompaktes Design mit einer H\u00f6he von nur 2,89 Zoll plus 360-Grad-Universalrad, das eine effektive Reinigung schwer zug\u00e4nglicher Ecken wie unter dem Bett, dem Sofa usw. erm\u00f6glicht. 60 dB niedriger Ger\u00e4uschpegel im leisen Modus, sodass Sie nicht gest\u00f6rt werden, sodass Sie Ihre Arbeit in Ruhe erledigen k\u00f6nnen.<br \/>3-Punkt-Reinigungssystem: Der Roboterstaubsauger verf\u00fcgt \u00fcber 2 automatische Seitenkehrb\u00fcrsten, die die Reichweite des Staubsaugers erweitern und rotieren, um Schmutz und Ablagerungen in Innenr\u00e4umen und auf Fliesen oder Hartholzb\u00f6den aufzufangen. Die Walzenb\u00fcrste l\u00f6st, saugt und saugt den Schmutz effektiv auf und sorgt so f\u00fcr eine hervorragende Reinigung.<br \/>Mehrere M\u00f6glichkeiten, den Staubsaugerroboter zu starten: Stellen Sie Zeitpl\u00e4ne und Reinigungsmodi Ihrer Staubsaugerroboter \u00fcber die Vatidy-App und Alexa oder Google Assistant per Sprachsteuerung ein, um Zeit und Energie zu sparen. Mit der Fernbedienung ist der Vaktidy-Roboterstaubsauger au\u00dferdem sehr freundlich zu Eltern und \u00c4lteren und vermeidet Probleme mit Bluetooth- oder WLAN-Verbindungen.<br \/>Lange Laufzeit und automatisches Laden: Die Akkukapazit\u00e4t von 2500 mAh sorgt f\u00fcr eine lange Laufzeit mit 120 Minuten im Ruhemodus; 80 Minuten im Standardmodus und 60 Minuten im Max-Modus. Wenn der Akkustand weniger als 15 % betr\u00e4gt oder die Reinigung abgeschlossen ist, kehrt der Vatidy-Roboterstaubsauger automatisch zum Aufladen zur Ladestation zur\u00fcck.<br \/>Sichere und unterbrechungsfreie Reinigung: Empfindliche Antikollisions- und Sturzerkennungssensoren verhindern, dass der Saugroboter mit M\u00f6beln kollidiert oder die Treppe hinunterf\u00e4llt. Bew\u00e4ltigen Sie problemlos eine Vielzahl von Hindernissen, die f\u00fcr eine Vielzahl von Lebenstypen geeignet sind. Dar\u00fcber hinaus kann der Vatidy-Roboterstaubsauger bis zu 15\u00b0 angehoben werden, wodurch er ohne Unterbrechung sauber von Hartholz bis hin zu Teppichen arbeiten kann.<br \/>Was Sie erhalten: Vatidy T6 Roboterstaubsauger, Fernbedienung (2 AAA-Batterien im Lieferumfang enthalten), Ladestation, Netzteil, 500-ml-Staubbeh\u00e4lter, 2 x HEPA-Filter, 4 x Seitenb\u00fcrsten, Reinigungsb\u00fcrste, Bedienungsanleitung. Professioneller Kundenservice und 24 Monate sorgenfreie Garantie!<\/p>\n<p>[ad_2]<\/p>\n","protected":false},"excerpt":{"rendered":"<p>Von der Marke UNSERE MISSION Sorgen Sie mit weniger Aufwand f\u00fcr Ordnung in Ihrem Zuhause. UNSERE VISION Den Menschen Zeit und Arbeit f\u00fcr sinnvollere Dinge ersparen. Wie unterscheiden wir uns? Unser unerm\u00fcdlicher Fokus liegt auf der Balance zwischen Benutzerfreundlichkeit, Qualit\u00e4t und Erschwinglichkeit, wobei Ihr Benutzererlebnis immer im Vordergrund steht. VACTIDY \u2013 IMMER EINFACH GEMACHT. 2800 [&hellip;]<\/p>\n","protected":false},"featured_media":2514,"comment_status":"open","ping_status":"closed","template":"","meta":{"_aipt_faq_data":""},"store":[],"product_brand":[408],"product_cat":[111],"product_tag":[261],"class_list":{"0":"post-2513","1":"product","2":"type-product","3":"status-publish","4":"has-post-thumbnail","6":"product_brand-vactidy","7":"product_cat-pflegeassistenz-roboter","8":"product_tag-mobile-pflegeassistenz-roboter","10":"first","11":"instock","12":"shipping-taxable","13":"product-type-external"},"yoast_head":"<!-- This site is optimized with the Yoast SEO plugin v27.0 - https:\/\/yoast.com\/product\/yoast-seo-wordpress\/ -->\n<title>Vaktidy Nimble T6 Roboterstaubsauger mit 2800 Pa starker Saugleistung, 120 Min. Laufzeit, Staubsaugerroboter mit Alexa &amp; Google Assistant &amp; App &amp; Siri Control, Saugroboter, Schwarz - EasyLifeBro<\/title>\n<meta name=\"description\" content=\"Entdecken Sie smarte Roboter f\u00fcr Zuhause, Garten, Bildung und Sicherheit. Vergleichen Sie Saugroboter, Rasenm\u00e4hroboter, KI-Begleitroboter und mehr bei EasyLifeRobo.\" \/>\n<meta name=\"robots\" content=\"index, follow, max-snippet:-1, max-image-preview:large, max-video-preview:-1\" \/>\n<link rel=\"canonical\" href=\"https:\/\/easyliferobo.com\/de\/product\/vaktidy-nimble-t6-roboterstaubsauger-mit-2800-pa-starker-saugleistung-120-min-laufzeit-staubsaugerroboter-mit-alexa-google-assistant-app-siri-control-saugroboter-schwarz\/\" \/>\n<meta property=\"og:locale\" content=\"de_DE\" \/>\n<meta property=\"og:type\" content=\"article\" \/>\n<meta property=\"og:title\" content=\"Vaktidy Nimble T6 Roboterstaubsauger mit 2800 Pa starker Saugleistung, 120 Min. Laufzeit, Staubsaugerroboter mit Alexa &amp; Google Assistant &amp; App &amp; Siri Control, Saugroboter, Schwarz - EasyLifeBro\" \/>\n<meta property=\"og:description\" content=\"Entdecken Sie smarte Roboter f\u00fcr Zuhause, Garten, Bildung und Sicherheit. Vergleichen Sie Saugroboter, Rasenm\u00e4hroboter, KI-Begleitroboter und mehr bei EasyLifeRobo.\" \/>\n<meta property=\"og:url\" content=\"https:\/\/easyliferobo.com\/de\/product\/vaktidy-nimble-t6-roboterstaubsauger-mit-2800-pa-starker-saugleistung-120-min-laufzeit-staubsaugerroboter-mit-alexa-google-assistant-app-siri-control-saugroboter-schwarz\/\" \/>\n<meta property=\"og:site_name\" content=\"EasyLifeBro\" \/>\n<meta property=\"article:modified_time\" content=\"2026-02-27T04:20:43+00:00\" \/>\n<meta property=\"og:image\" content=\"https:\/\/images-na.ssl-images-amazon.com\/images\/G\/01\/x-locale\/common\/grey-pixel.gif\" \/>\n<meta name=\"twitter:card\" content=\"summary_large_image\" \/>\n<meta name=\"twitter:label1\" content=\"Gesch\u00e4tzte Lesezeit\" \/>\n\t<meta name=\"twitter:data1\" content=\"2\u00a0Minuten\" \/>\n<script type=\"application\/ld+json\" class=\"yoast-schema-graph\">{\"@context\":\"https:\/\/schema.org\",\"@graph\":[{\"@type\":\"WebPage\",\"@id\":\"https:\/\/easyliferobo.com\/de\/product\/vaktidy-nimble-t6-roboterstaubsauger-mit-2800-pa-starker-saugleistung-120-min-laufzeit-staubsaugerroboter-mit-alexa-google-assistant-app-siri-control-saugroboter-schwarz\/\",\"url\":\"https:\/\/easyliferobo.com\/de\/product\/vaktidy-nimble-t6-roboterstaubsauger-mit-2800-pa-starker-saugleistung-120-min-laufzeit-staubsaugerroboter-mit-alexa-google-assistant-app-siri-control-saugroboter-schwarz\/\",\"name\":\"Vaktidy Nimble T6 Roboterstaubsauger mit 2800 Pa starker Saugleistung, 120 Min. Laufzeit, Staubsaugerroboter mit Alexa & Google Assistant & App & Siri Control, Saugroboter, Schwarz - EasyLifeBro\",\"isPartOf\":{\"@id\":\"https:\/\/easyliferobo.com\/de\/#website\"},\"primaryImageOfPage\":{\"@id\":\"https:\/\/easyliferobo.com\/de\/product\/vaktidy-nimble-t6-roboterstaubsauger-mit-2800-pa-starker-saugleistung-120-min-laufzeit-staubsaugerroboter-mit-alexa-google-assistant-app-siri-control-saugroboter-schwarz\/#primaryimage\"},\"image\":{\"@id\":\"https:\/\/easyliferobo.com\/de\/product\/vaktidy-nimble-t6-roboterstaubsauger-mit-2800-pa-starker-saugleistung-120-min-laufzeit-staubsaugerroboter-mit-alexa-google-assistant-app-siri-control-saugroboter-schwarz\/#primaryimage\"},\"thumbnailUrl\":\"https:\/\/easyliferobo.com\/de\/wp-content\/uploads\/2026\/02\/71DGKg7pLGL._AC_SL1500_.jpg\",\"datePublished\":\"2026-02-27T04:20:25+00:00\",\"dateModified\":\"2026-02-27T04:20:43+00:00\",\"description\":\"Entdecken Sie smarte Roboter f\u00fcr Zuhause, Garten, Bildung und Sicherheit. Vergleichen Sie Saugroboter, Rasenm\u00e4hroboter, KI-Begleitroboter und mehr bei EasyLifeRobo.\",\"breadcrumb\":{\"@id\":\"https:\/\/easyliferobo.com\/de\/product\/vaktidy-nimble-t6-roboterstaubsauger-mit-2800-pa-starker-saugleistung-120-min-laufzeit-staubsaugerroboter-mit-alexa-google-assistant-app-siri-control-saugroboter-schwarz\/#breadcrumb\"},\"inLanguage\":\"de\",\"potentialAction\":[{\"@type\":\"ReadAction\",\"target\":[\"https:\/\/easyliferobo.com\/de\/product\/vaktidy-nimble-t6-roboterstaubsauger-mit-2800-pa-starker-saugleistung-120-min-laufzeit-staubsaugerroboter-mit-alexa-google-assistant-app-siri-control-saugroboter-schwarz\/\"]}]},{\"@type\":\"ImageObject\",\"inLanguage\":\"de\",\"@id\":\"https:\/\/easyliferobo.com\/de\/product\/vaktidy-nimble-t6-roboterstaubsauger-mit-2800-pa-starker-saugleistung-120-min-laufzeit-staubsaugerroboter-mit-alexa-google-assistant-app-siri-control-saugroboter-schwarz\/#primaryimage\",\"url\":\"https:\/\/easyliferobo.com\/de\/wp-content\/uploads\/2026\/02\/71DGKg7pLGL._AC_SL1500_.jpg\",\"contentUrl\":\"https:\/\/easyliferobo.com\/de\/wp-content\/uploads\/2026\/02\/71DGKg7pLGL._AC_SL1500_.jpg\",\"width\":1448,\"height\":1461},{\"@type\":\"BreadcrumbList\",\"@id\":\"https:\/\/easyliferobo.com\/de\/product\/vaktidy-nimble-t6-roboterstaubsauger-mit-2800-pa-starker-saugleistung-120-min-laufzeit-staubsaugerroboter-mit-alexa-google-assistant-app-siri-control-saugroboter-schwarz\/#breadcrumb\",\"itemListElement\":[{\"@type\":\"ListItem\",\"position\":1,\"name\":\"Home\",\"item\":\"https:\/\/easyliferobo.com\/de\/\"},{\"@type\":\"ListItem\",\"position\":2,\"name\":\"Shop\",\"item\":\"https:\/\/easyliferobo.com\/de\/shop\/\"},{\"@type\":\"ListItem\",\"position\":3,\"name\":\"Vaktidy Nimble T6 Roboterstaubsauge...\"}]},{\"@type\":\"WebSite\",\"@id\":\"https:\/\/easyliferobo.com\/de\/#website\",\"url\":\"https:\/\/easyliferobo.com\/de\/\",\"name\":\"EasyLifeBro\",\"description\":\"Smarte Roboter f\u00fcr Zuhause, Garten &amp; Bildung\",\"publisher\":{\"@id\":\"https:\/\/easyliferobo.com\/de\/#organization\"},\"potentialAction\":[{\"@type\":\"SearchAction\",\"target\":{\"@type\":\"EntryPoint\",\"urlTemplate\":\"https:\/\/easyliferobo.com\/de\/?s={search_term_string}\"},\"query-input\":{\"@type\":\"PropertyValueSpecification\",\"valueRequired\":true,\"valueName\":\"search_term_string\"}}],\"inLanguage\":\"de\"},{\"@type\":\"Organization\",\"@id\":\"https:\/\/easyliferobo.com\/de\/#organization\",\"name\":\"EasyLifeBro\",\"url\":\"https:\/\/easyliferobo.com\/de\/\",\"logo\":{\"@type\":\"ImageObject\",\"inLanguage\":\"de\",\"@id\":\"https:\/\/easyliferobo.com\/de\/#\/schema\/logo\/image\/\",\"url\":\"https:\/\/easyliferobo.com\/de\/wp-content\/uploads\/2026\/02\/Screenshot-2026-02-22-at-2.25.03-PM.png\",\"contentUrl\":\"https:\/\/easyliferobo.com\/de\/wp-content\/uploads\/2026\/02\/Screenshot-2026-02-22-at-2.25.03-PM.png\",\"width\":1858,\"height\":430,\"caption\":\"EasyLifeBro\"},\"image\":{\"@id\":\"https:\/\/easyliferobo.com\/de\/#\/schema\/logo\/image\/\"}}]}<\/script>\n<!-- \/ Yoast SEO plugin. -->","yoast_head_json":{"title":"Vaktidy Nimble T6 Roboterstaubsauger mit 2800 Pa starker Saugleistung, 120 Min. Laufzeit, Staubsaugerroboter mit Alexa & Google Assistant & App & Siri Control, Saugroboter, Schwarz - EasyLifeBro","description":"Entdecken Sie smarte Roboter f\u00fcr Zuhause, Garten, Bildung und Sicherheit. Vergleichen Sie Saugroboter, Rasenm\u00e4hroboter, KI-Begleitroboter und mehr bei EasyLifeRobo.","robots":{"index":"index","follow":"follow","max-snippet":"max-snippet:-1","max-image-preview":"max-image-preview:large","max-video-preview":"max-video-preview:-1"},"canonical":"https:\/\/easyliferobo.com\/de\/product\/vaktidy-nimble-t6-roboterstaubsauger-mit-2800-pa-starker-saugleistung-120-min-laufzeit-staubsaugerroboter-mit-alexa-google-assistant-app-siri-control-saugroboter-schwarz\/","og_locale":"de_DE","og_type":"article","og_title":"Vaktidy Nimble T6 Roboterstaubsauger mit 2800 Pa starker Saugleistung, 120 Min. Laufzeit, Staubsaugerroboter mit Alexa & Google Assistant & App & Siri Control, Saugroboter, Schwarz - EasyLifeBro","og_description":"Entdecken Sie smarte Roboter f\u00fcr Zuhause, Garten, Bildung und Sicherheit. Vergleichen Sie Saugroboter, Rasenm\u00e4hroboter, KI-Begleitroboter und mehr bei EasyLifeRobo.","og_url":"https:\/\/easyliferobo.com\/de\/product\/vaktidy-nimble-t6-roboterstaubsauger-mit-2800-pa-starker-saugleistung-120-min-laufzeit-staubsaugerroboter-mit-alexa-google-assistant-app-siri-control-saugroboter-schwarz\/","og_site_name":"EasyLifeBro","article_modified_time":"2026-02-27T04:20:43+00:00","og_image":[{"url":"https:\/\/images-na.ssl-images-amazon.com\/images\/G\/01\/x-locale\/common\/grey-pixel.gif","type":"","width":"","height":""}],"twitter_card":"summary_large_image","twitter_misc":{"Gesch\u00e4tzte Lesezeit":"2\u00a0Minuten"},"schema":{"@context":"https:\/\/schema.org","@graph":[{"@type":"WebPage","@id":"https:\/\/easyliferobo.com\/de\/product\/vaktidy-nimble-t6-roboterstaubsauger-mit-2800-pa-starker-saugleistung-120-min-laufzeit-staubsaugerroboter-mit-alexa-google-assistant-app-siri-control-saugroboter-schwarz\/","url":"https:\/\/easyliferobo.com\/de\/product\/vaktidy-nimble-t6-roboterstaubsauger-mit-2800-pa-starker-saugleistung-120-min-laufzeit-staubsaugerroboter-mit-alexa-google-assistant-app-siri-control-saugroboter-schwarz\/","name":"Vaktidy Nimble T6 Roboterstaubsauger mit 2800 Pa starker Saugleistung, 120 Min. Laufzeit, Staubsaugerroboter mit Alexa & Google Assistant & App & Siri Control, Saugroboter, Schwarz - EasyLifeBro","isPartOf":{"@id":"https:\/\/easyliferobo.com\/de\/#website"},"primaryImageOfPage":{"@id":"https:\/\/easyliferobo.com\/de\/product\/vaktidy-nimble-t6-roboterstaubsauger-mit-2800-pa-starker-saugleistung-120-min-laufzeit-staubsaugerroboter-mit-alexa-google-assistant-app-siri-control-saugroboter-schwarz\/#primaryimage"},"image":{"@id":"https:\/\/easyliferobo.com\/de\/product\/vaktidy-nimble-t6-roboterstaubsauger-mit-2800-pa-starker-saugleistung-120-min-laufzeit-staubsaugerroboter-mit-alexa-google-assistant-app-siri-control-saugroboter-schwarz\/#primaryimage"},"thumbnailUrl":"https:\/\/easyliferobo.com\/de\/wp-content\/uploads\/2026\/02\/71DGKg7pLGL._AC_SL1500_.jpg","datePublished":"2026-02-27T04:20:25+00:00","dateModified":"2026-02-27T04:20:43+00:00","description":"Entdecken Sie smarte Roboter f\u00fcr Zuhause, Garten, Bildung und Sicherheit. Vergleichen Sie Saugroboter, Rasenm\u00e4hroboter, KI-Begleitroboter und mehr bei EasyLifeRobo.","breadcrumb":{"@id":"https:\/\/easyliferobo.com\/de\/product\/vaktidy-nimble-t6-roboterstaubsauger-mit-2800-pa-starker-saugleistung-120-min-laufzeit-staubsaugerroboter-mit-alexa-google-assistant-app-siri-control-saugroboter-schwarz\/#breadcrumb"},"inLanguage":"de","potentialAction":[{"@type":"ReadAction","target":["https:\/\/easyliferobo.com\/de\/product\/vaktidy-nimble-t6-roboterstaubsauger-mit-2800-pa-starker-saugleistung-120-min-laufzeit-staubsaugerroboter-mit-alexa-google-assistant-app-siri-control-saugroboter-schwarz\/"]}]},{"@type":"ImageObject","inLanguage":"de","@id":"https:\/\/easyliferobo.com\/de\/product\/vaktidy-nimble-t6-roboterstaubsauger-mit-2800-pa-starker-saugleistung-120-min-laufzeit-staubsaugerroboter-mit-alexa-google-assistant-app-siri-control-saugroboter-schwarz\/#primaryimage","url":"https:\/\/easyliferobo.com\/de\/wp-content\/uploads\/2026\/02\/71DGKg7pLGL._AC_SL1500_.jpg","contentUrl":"https:\/\/easyliferobo.com\/de\/wp-content\/uploads\/2026\/02\/71DGKg7pLGL._AC_SL1500_.jpg","width":1448,"height":1461},{"@type":"BreadcrumbList","@id":"https:\/\/easyliferobo.com\/de\/product\/vaktidy-nimble-t6-roboterstaubsauger-mit-2800-pa-starker-saugleistung-120-min-laufzeit-staubsaugerroboter-mit-alexa-google-assistant-app-siri-control-saugroboter-schwarz\/#breadcrumb","itemListElement":[{"@type":"ListItem","position":1,"name":"Home","item":"https:\/\/easyliferobo.com\/de\/"},{"@type":"ListItem","position":2,"name":"Shop","item":"https:\/\/easyliferobo.com\/de\/shop\/"},{"@type":"ListItem","position":3,"name":"Vaktidy Nimble T6 Roboterstaubsauge..."}]},{"@type":"WebSite","@id":"https:\/\/easyliferobo.com\/de\/#website","url":"https:\/\/easyliferobo.com\/de\/","name":"EasyLifeBro","description":"Smarte Roboter f\u00fcr Zuhause, Garten &amp; Bildung","publisher":{"@id":"https:\/\/easyliferobo.com\/de\/#organization"},"potentialAction":[{"@type":"SearchAction","target":{"@type":"EntryPoint","urlTemplate":"https:\/\/easyliferobo.com\/de\/?s={search_term_string}"},"query-input":{"@type":"PropertyValueSpecification","valueRequired":true,"valueName":"search_term_string"}}],"inLanguage":"de"},{"@type":"Organization","@id":"https:\/\/easyliferobo.com\/de\/#organization","name":"EasyLifeBro","url":"https:\/\/easyliferobo.com\/de\/","logo":{"@type":"ImageObject","inLanguage":"de","@id":"https:\/\/easyliferobo.com\/de\/#\/schema\/logo\/image\/","url":"https:\/\/easyliferobo.com\/de\/wp-content\/uploads\/2026\/02\/Screenshot-2026-02-22-at-2.25.03-PM.png","contentUrl":"https:\/\/easyliferobo.com\/de\/wp-content\/uploads\/2026\/02\/Screenshot-2026-02-22-at-2.25.03-PM.png","width":1858,"height":430,"caption":"EasyLifeBro"},"image":{"@id":"https:\/\/easyliferobo.com\/de\/#\/schema\/logo\/image\/"}}]}},"_links":{"self":[{"href":"https:\/\/easyliferobo.com\/de\/wp-json\/wp\/v2\/product\/2513","targetHints":{"allow":["GET"]}}],"collection":[{"href":"https:\/\/easyliferobo.com\/de\/wp-json\/wp\/v2\/product"}],"about":[{"href":"https:\/\/easyliferobo.com\/de\/wp-json\/wp\/v2\/types\/product"}],"replies":[{"embeddable":true,"href":"https:\/\/easyliferobo.com\/de\/wp-json\/wp\/v2\/comments?post=2513"}],"wp:featuredmedia":[{"embeddable":true,"href":"https:\/\/easyliferobo.com\/de\/wp-json\/wp\/v2\/media\/2514"}],"wp:attachment":[{"href":"https:\/\/easyliferobo.com\/de\/wp-json\/wp\/v2\/media?parent=2513"}],"wp:term":[{"taxonomy":"store","embeddable":true,"href":"https:\/\/easyliferobo.com\/de\/wp-json\/wp\/v2\/store?post=2513"},{"taxonomy":"product_brand","embeddable":true,"href":"https:\/\/easyliferobo.com\/de\/wp-json\/wp\/v2\/product_brand?post=2513"},{"taxonomy":"product_cat","embeddable":true,"href":"https:\/\/easyliferobo.com\/de\/wp-json\/wp\/v2\/product_cat?post=2513"},{"taxonomy":"product_tag","embeddable":true,"href":"https:\/\/easyliferobo.com\/de\/wp-json\/wp\/v2\/product_tag?post=2513"}],"curies":[{"name":"wp","href":"https:\/\/api.w.org\/{rel}","templated":true}]}}