
{"id":2503,"date":"2026-02-27T04:19:11","date_gmt":"2026-02-27T04:19:11","guid":{"rendered":"https:\/\/easyliferobo.com\/de\/product\/reolink-12mp-poe-ueberwachungskamera-set-mit-4x-ik10-vandalensicheren-aussenkameras-145-weitwinkel-farbnachtsicht-personen-fahrzeug-tiererkennung-2-wege-audio-8ch-nvr-mit-2tb-hdd\/"},"modified":"2026-02-27T04:19:27","modified_gmt":"2026-02-27T04:19:27","slug":"reolink-12mp-poe-ueberwachungskamera-set-mit-4x-ik10-vandalensicheren-aussenkameras-145-weitwinkel-farbnachtsicht-personen-fahrzeug-tiererkennung-2-wege-audio-8ch-nvr-mit-2tb-hdd","status":"publish","type":"product","link":"https:\/\/easyliferobo.com\/de\/product\/reolink-12mp-poe-ueberwachungskamera-set-mit-4x-ik10-vandalensicheren-aussenkameras-145-weitwinkel-farbnachtsicht-personen-fahrzeug-tiererkennung-2-wege-audio-8ch-nvr-mit-2tb-hdd\/","title":{"rendered":"Reolink 12MP PoE-\u00dcberwachungskamer..."},"content":{"rendered":"<p>\n                                             Von der Marke   <\/p>\n<p>                                              <img decoding=\"async\" alt=\"Aplus-Inhaltsbild\" src=\"https:\/\/images-na.ssl-images-amazon.com\/images\/G\/01\/x-locale\/common\/grey-pixel.gif\" class=\"a-lazy-loaded\" data-src=\"https:\/\/m.media-amazon.com\/images\/S\/aplus-media-library-service-media\/5995ab04-2c01-4531-a68e-7422e260d9e8.__CR0,0,1464,625_PT0_SX1464_V1___.jpg\"><img decoding=\"async\" alt=\"Aplus-Inhaltsbild\" src=\"https:\/\/m.media-amazon.com\/images\/S\/aplus-media-library-service-media\/5995ab04-2c01-4531-a68e-7422e260d9e8.__CR0,0,1464,625_PT0_SX1464_V1___.jpg\">  <\/p>\n<h3>  4K-PoE-\u00dcberwachungskamera-Set <\/h3>\n<p class=\"apm-brand-story-stores-link\">\n<h3>  Reolink PoE-Set <\/h3>\n<p class=\"apm-brand-story-stores-link\">\n<h3>  \u00dcberwachungskamera-Set f\u00fcr den Au\u00dfenbereich <\/h3>\n<p class=\"apm-brand-story-stores-link\">\n<h3>  Duo 3 PoE <\/h3>\n<p class=\"apm-brand-story-stores-link\">\n<h3>  Argus PT Ultra 4K+SR3 <\/h3>\n<p class=\"apm-brand-story-stores-link\">\n<h3>  E1 Outdoor Pro <\/h3>\n<p class=\"apm-brand-story-stores-link\">\n<p>                                              <img decoding=\"async\" alt=\"Aplus-Inhaltsbild\" src=\"https:\/\/images-na.ssl-images-amazon.com\/images\/G\/01\/x-locale\/common\/grey-pixel.gif\" class=\"a-lazy-loaded\" data-src=\"https:\/\/m.media-amazon.com\/images\/S\/aplus-media-library-service-media\/4454fde1-4e32-45ad-8e53-daf66e7fb08a.__CR0,0,362,453_PT0_SX362_V1___.jpg\"><img decoding=\"async\" alt=\"Aplus-Inhaltsbild\" src=\"https:\/\/m.media-amazon.com\/images\/S\/aplus-media-library-service-media\/4454fde1-4e32-45ad-8e53-daf66e7fb08a.__CR0,0,362,453_PT0_SX362_V1___.jpg\">  <\/p>\n<p>                                              <img decoding=\"async\" alt=\"Reolink-Unternehmensank\u00fcndigungstext auf Deutsch mit blauem Logo, in dem die Markenaktualisierung und die Positionierungserkl\u00e4rung besprochen werden.\" src=\"https:\/\/images-na.ssl-images-amazon.com\/images\/G\/01\/x-locale\/common\/grey-pixel.gif\" class=\"a-lazy-loaded\" data-src=\"https:\/\/m.media-amazon.com\/images\/S\/aplus-media-library-service-media\/2a7a72c2-f77e-4a90-80cc-b2344681803b.__CR0,0,362,453_PT0_SX362_V1___.jpg\"><img decoding=\"async\" alt=\"Reolink-Unternehmensank\u00fcndigungstext auf Deutsch mit blauem Logo, in dem die Markenaktualisierung und die Positionierungserkl\u00e4rung besprochen werden.\" src=\"https:\/\/m.media-amazon.com\/images\/S\/aplus-media-library-service-media\/2a7a72c2-f77e-4a90-80cc-b2344681803b.__CR0,0,362,453_PT0_SX362_V1___.jpg\">  <\/p>\n<p>12 MP UHD und 145\u00b0 Weitwinkel: Mit 12 Megapixeln Ultra-High-Definition wird jedes Bild in unvergleichlicher Klarheit und mit vielen Details aufgenommen. Mit dem 145\u00b0-Weitwinkelobjektiv k\u00f6nnen Sie einen gr\u00f6\u00dferen Bereich Ihres Grundst\u00fccks abdecken, sodass keine Bedrohung in den Ecken verborgen bleibt.<br \/>Farb- und IR-Nachtsicht: Von lebendiger Farbnachtsicht mit einstellbarem 3000K-Warmlicht bis hin zu leistungsstarken Infrarot-LEDs mit 30 m Sichtweite bieten diese Kameras Tag und Nacht klare Sicht und sorgen so f\u00fcr ein sicheres Gef\u00fchl bei allen Lichtverh\u00e4ltnissen.<br \/>Intelligente Erkennung und Zwei-Wege-Audio: Die Kameras erkennen dank KI-Technologie Bewegungen von Personen, Fahrzeugen und Tieren und benachrichtigen Sie sofort. Alarmieren Sie Sie mit Sirenen und Scheinwerfern und kommunizieren Sie \u00fcber Zwei-Wege-Audio f\u00fcr umfassende Sicherheit zu Hause.<br \/>Optimiertes Design: Unsere Kamera mit robuster Ganzmetallkonstruktion ist vandalensicher (IK10) und wasserdicht (IP67), ideal f\u00fcr den Au\u00dfenbereich. F\u00fcr eine optimale Abdeckung l\u00e4sst sich der Winkel einfach \u00fcber die integrierte Drehhalterung verstellen (keine PT-Steuerung per App oder Client).<br \/>Plug-and-Play-PoE und 2-TB-Festplatte f\u00fcr Aufzeichnung rund um die Uhr: Die Installation wird durch PoE vereinfacht, da nur ein Kabel f\u00fcr die Strom- und Daten\u00fcbertragung erforderlich ist. Die 2-TB-Festplatte bietet ausreichend Speicherplatz f\u00fcr kontinuierliche Aufzeichnungen rund um die Uhr und sorgt so f\u00fcr zus\u00e4tzliche Sicherheit.<\/p>\n<p>[ad_2]<\/p>\n","protected":false},"excerpt":{"rendered":"<p>Von der Marke 4K-PoE-\u00dcberwachungskamera-Set Reolink PoE-Set \u00dcberwachungskamera-Set f\u00fcr den Au\u00dfenbereich Duo 3 PoE Argus PT Ultra 4K+SR3 E1 Outdoor Pro 12 MP UHD und 145\u00b0 Weitwinkel: Mit 12 Megapixeln Ultra-High-Definition wird jedes Bild in unvergleichlicher Klarheit und mit vielen Details aufgenommen. Mit dem 145\u00b0-Weitwinkelobjektiv k\u00f6nnen Sie einen gr\u00f6\u00dferen Bereich Ihres Grundst\u00fccks abdecken, sodass keine Bedrohung [&hellip;]<\/p>\n","protected":false},"featured_media":2504,"comment_status":"open","ping_status":"closed","template":"","meta":{"_aipt_faq_data":""},"store":[],"product_brand":[156],"product_cat":[113],"product_tag":[155],"class_list":{"0":"post-2503","1":"product","2":"type-product","3":"status-publish","4":"has-post-thumbnail","6":"product_brand-reolink","7":"product_cat-ueberwachungsroboter","8":"product_tag-ueberwachungsroboter-mit-nachtsicht","10":"first","11":"instock","12":"shipping-taxable","13":"product-type-external"},"yoast_head":"<!-- This site is optimized with the Yoast SEO plugin v27.0 - https:\/\/yoast.com\/product\/yoast-seo-wordpress\/ -->\n<title>Reolink 12MP PoE-\u00dcberwachungskamera-Set mit 4x IK10 Vandalensicheren Au\u00dfenkameras, 145\u00b0 Weitwinkel, Farbnachtsicht, Personen-\/Fahrzeug-\/Tiererkennung, 2-Wege-Audio, 8CH NVR mit 2TB HDD, - EasyLifeBro<\/title>\n<meta name=\"description\" content=\"Entdecken Sie smarte Roboter f\u00fcr Zuhause, Garten, Bildung und Sicherheit. Vergleichen Sie Saugroboter, Rasenm\u00e4hroboter, KI-Begleitroboter und mehr bei EasyLifeRobo.\" \/>\n<meta name=\"robots\" content=\"index, follow, max-snippet:-1, max-image-preview:large, max-video-preview:-1\" \/>\n<link rel=\"canonical\" href=\"https:\/\/easyliferobo.com\/de\/product\/reolink-12mp-poe-ueberwachungskamera-set-mit-4x-ik10-vandalensicheren-aussenkameras-145-weitwinkel-farbnachtsicht-personen-fahrzeug-tiererkennung-2-wege-audio-8ch-nvr-mit-2tb-hdd\/\" \/>\n<meta property=\"og:locale\" content=\"de_DE\" \/>\n<meta property=\"og:type\" content=\"article\" \/>\n<meta property=\"og:title\" content=\"Reolink 12MP PoE-\u00dcberwachungskamera-Set mit 4x IK10 Vandalensicheren Au\u00dfenkameras, 145\u00b0 Weitwinkel, Farbnachtsicht, Personen-\/Fahrzeug-\/Tiererkennung, 2-Wege-Audio, 8CH NVR mit 2TB HDD, - EasyLifeBro\" \/>\n<meta property=\"og:description\" content=\"Entdecken Sie smarte Roboter f\u00fcr Zuhause, Garten, Bildung und Sicherheit. Vergleichen Sie Saugroboter, Rasenm\u00e4hroboter, KI-Begleitroboter und mehr bei EasyLifeRobo.\" \/>\n<meta property=\"og:url\" content=\"https:\/\/easyliferobo.com\/de\/product\/reolink-12mp-poe-ueberwachungskamera-set-mit-4x-ik10-vandalensicheren-aussenkameras-145-weitwinkel-farbnachtsicht-personen-fahrzeug-tiererkennung-2-wege-audio-8ch-nvr-mit-2tb-hdd\/\" \/>\n<meta property=\"og:site_name\" content=\"EasyLifeBro\" \/>\n<meta property=\"article:modified_time\" content=\"2026-02-27T04:19:27+00:00\" \/>\n<meta property=\"og:image\" content=\"https:\/\/images-na.ssl-images-amazon.com\/images\/G\/01\/x-locale\/common\/grey-pixel.gif\" \/>\n<meta name=\"twitter:card\" content=\"summary_large_image\" \/>\n<meta name=\"twitter:label1\" content=\"Gesch\u00e4tzte Lesezeit\" \/>\n\t<meta name=\"twitter:data1\" content=\"1\u00a0Minute\" \/>\n<script type=\"application\/ld+json\" class=\"yoast-schema-graph\">{\"@context\":\"https:\/\/schema.org\",\"@graph\":[{\"@type\":\"WebPage\",\"@id\":\"https:\/\/easyliferobo.com\/de\/product\/reolink-12mp-poe-ueberwachungskamera-set-mit-4x-ik10-vandalensicheren-aussenkameras-145-weitwinkel-farbnachtsicht-personen-fahrzeug-tiererkennung-2-wege-audio-8ch-nvr-mit-2tb-hdd\/\",\"url\":\"https:\/\/easyliferobo.com\/de\/product\/reolink-12mp-poe-ueberwachungskamera-set-mit-4x-ik10-vandalensicheren-aussenkameras-145-weitwinkel-farbnachtsicht-personen-fahrzeug-tiererkennung-2-wege-audio-8ch-nvr-mit-2tb-hdd\/\",\"name\":\"Reolink 12MP PoE-\u00dcberwachungskamera-Set mit 4x IK10 Vandalensicheren Au\u00dfenkameras, 145\u00b0 Weitwinkel, Farbnachtsicht, Personen-\/Fahrzeug-\/Tiererkennung, 2-Wege-Audio, 8CH NVR mit 2TB HDD, - EasyLifeBro\",\"isPartOf\":{\"@id\":\"https:\/\/easyliferobo.com\/de\/#website\"},\"primaryImageOfPage\":{\"@id\":\"https:\/\/easyliferobo.com\/de\/product\/reolink-12mp-poe-ueberwachungskamera-set-mit-4x-ik10-vandalensicheren-aussenkameras-145-weitwinkel-farbnachtsicht-personen-fahrzeug-tiererkennung-2-wege-audio-8ch-nvr-mit-2tb-hdd\/#primaryimage\"},\"image\":{\"@id\":\"https:\/\/easyliferobo.com\/de\/product\/reolink-12mp-poe-ueberwachungskamera-set-mit-4x-ik10-vandalensicheren-aussenkameras-145-weitwinkel-farbnachtsicht-personen-fahrzeug-tiererkennung-2-wege-audio-8ch-nvr-mit-2tb-hdd\/#primaryimage\"},\"thumbnailUrl\":\"https:\/\/easyliferobo.com\/de\/wp-content\/uploads\/2026\/02\/61YPtlPFVpL._AC_SL1500_.jpg\",\"datePublished\":\"2026-02-27T04:19:11+00:00\",\"dateModified\":\"2026-02-27T04:19:27+00:00\",\"description\":\"Entdecken Sie smarte Roboter f\u00fcr Zuhause, Garten, Bildung und Sicherheit. Vergleichen Sie Saugroboter, Rasenm\u00e4hroboter, KI-Begleitroboter und mehr bei EasyLifeRobo.\",\"breadcrumb\":{\"@id\":\"https:\/\/easyliferobo.com\/de\/product\/reolink-12mp-poe-ueberwachungskamera-set-mit-4x-ik10-vandalensicheren-aussenkameras-145-weitwinkel-farbnachtsicht-personen-fahrzeug-tiererkennung-2-wege-audio-8ch-nvr-mit-2tb-hdd\/#breadcrumb\"},\"inLanguage\":\"de\",\"potentialAction\":[{\"@type\":\"ReadAction\",\"target\":[\"https:\/\/easyliferobo.com\/de\/product\/reolink-12mp-poe-ueberwachungskamera-set-mit-4x-ik10-vandalensicheren-aussenkameras-145-weitwinkel-farbnachtsicht-personen-fahrzeug-tiererkennung-2-wege-audio-8ch-nvr-mit-2tb-hdd\/\"]}]},{\"@type\":\"ImageObject\",\"inLanguage\":\"de\",\"@id\":\"https:\/\/easyliferobo.com\/de\/product\/reolink-12mp-poe-ueberwachungskamera-set-mit-4x-ik10-vandalensicheren-aussenkameras-145-weitwinkel-farbnachtsicht-personen-fahrzeug-tiererkennung-2-wege-audio-8ch-nvr-mit-2tb-hdd\/#primaryimage\",\"url\":\"https:\/\/easyliferobo.com\/de\/wp-content\/uploads\/2026\/02\/61YPtlPFVpL._AC_SL1500_.jpg\",\"contentUrl\":\"https:\/\/easyliferobo.com\/de\/wp-content\/uploads\/2026\/02\/61YPtlPFVpL._AC_SL1500_.jpg\",\"width\":1500,\"height\":965},{\"@type\":\"BreadcrumbList\",\"@id\":\"https:\/\/easyliferobo.com\/de\/product\/reolink-12mp-poe-ueberwachungskamera-set-mit-4x-ik10-vandalensicheren-aussenkameras-145-weitwinkel-farbnachtsicht-personen-fahrzeug-tiererkennung-2-wege-audio-8ch-nvr-mit-2tb-hdd\/#breadcrumb\",\"itemListElement\":[{\"@type\":\"ListItem\",\"position\":1,\"name\":\"Home\",\"item\":\"https:\/\/easyliferobo.com\/de\/\"},{\"@type\":\"ListItem\",\"position\":2,\"name\":\"Shop\",\"item\":\"https:\/\/easyliferobo.com\/de\/shop\/\"},{\"@type\":\"ListItem\",\"position\":3,\"name\":\"Reolink 12MP PoE-\u00dcberwachungskamer...\"}]},{\"@type\":\"WebSite\",\"@id\":\"https:\/\/easyliferobo.com\/de\/#website\",\"url\":\"https:\/\/easyliferobo.com\/de\/\",\"name\":\"EasyLifeBro\",\"description\":\"Smarte Roboter f\u00fcr Zuhause, Garten &amp; Bildung\",\"publisher\":{\"@id\":\"https:\/\/easyliferobo.com\/de\/#organization\"},\"potentialAction\":[{\"@type\":\"SearchAction\",\"target\":{\"@type\":\"EntryPoint\",\"urlTemplate\":\"https:\/\/easyliferobo.com\/de\/?s={search_term_string}\"},\"query-input\":{\"@type\":\"PropertyValueSpecification\",\"valueRequired\":true,\"valueName\":\"search_term_string\"}}],\"inLanguage\":\"de\"},{\"@type\":\"Organization\",\"@id\":\"https:\/\/easyliferobo.com\/de\/#organization\",\"name\":\"EasyLifeBro\",\"url\":\"https:\/\/easyliferobo.com\/de\/\",\"logo\":{\"@type\":\"ImageObject\",\"inLanguage\":\"de\",\"@id\":\"https:\/\/easyliferobo.com\/de\/#\/schema\/logo\/image\/\",\"url\":\"https:\/\/easyliferobo.com\/de\/wp-content\/uploads\/2026\/02\/Screenshot-2026-02-22-at-2.25.03-PM.png\",\"contentUrl\":\"https:\/\/easyliferobo.com\/de\/wp-content\/uploads\/2026\/02\/Screenshot-2026-02-22-at-2.25.03-PM.png\",\"width\":1858,\"height\":430,\"caption\":\"EasyLifeBro\"},\"image\":{\"@id\":\"https:\/\/easyliferobo.com\/de\/#\/schema\/logo\/image\/\"}}]}<\/script>\n<!-- \/ Yoast SEO plugin. -->","yoast_head_json":{"title":"Reolink 12MP PoE-\u00dcberwachungskamera-Set mit 4x IK10 Vandalensicheren Au\u00dfenkameras, 145\u00b0 Weitwinkel, Farbnachtsicht, Personen-\/Fahrzeug-\/Tiererkennung, 2-Wege-Audio, 8CH NVR mit 2TB HDD, - EasyLifeBro","description":"Entdecken Sie smarte Roboter f\u00fcr Zuhause, Garten, Bildung und Sicherheit. Vergleichen Sie Saugroboter, Rasenm\u00e4hroboter, KI-Begleitroboter und mehr bei EasyLifeRobo.","robots":{"index":"index","follow":"follow","max-snippet":"max-snippet:-1","max-image-preview":"max-image-preview:large","max-video-preview":"max-video-preview:-1"},"canonical":"https:\/\/easyliferobo.com\/de\/product\/reolink-12mp-poe-ueberwachungskamera-set-mit-4x-ik10-vandalensicheren-aussenkameras-145-weitwinkel-farbnachtsicht-personen-fahrzeug-tiererkennung-2-wege-audio-8ch-nvr-mit-2tb-hdd\/","og_locale":"de_DE","og_type":"article","og_title":"Reolink 12MP PoE-\u00dcberwachungskamera-Set mit 4x IK10 Vandalensicheren Au\u00dfenkameras, 145\u00b0 Weitwinkel, Farbnachtsicht, Personen-\/Fahrzeug-\/Tiererkennung, 2-Wege-Audio, 8CH NVR mit 2TB HDD, - EasyLifeBro","og_description":"Entdecken Sie smarte Roboter f\u00fcr Zuhause, Garten, Bildung und Sicherheit. Vergleichen Sie Saugroboter, Rasenm\u00e4hroboter, KI-Begleitroboter und mehr bei EasyLifeRobo.","og_url":"https:\/\/easyliferobo.com\/de\/product\/reolink-12mp-poe-ueberwachungskamera-set-mit-4x-ik10-vandalensicheren-aussenkameras-145-weitwinkel-farbnachtsicht-personen-fahrzeug-tiererkennung-2-wege-audio-8ch-nvr-mit-2tb-hdd\/","og_site_name":"EasyLifeBro","article_modified_time":"2026-02-27T04:19:27+00:00","og_image":[{"url":"https:\/\/images-na.ssl-images-amazon.com\/images\/G\/01\/x-locale\/common\/grey-pixel.gif","type":"","width":"","height":""}],"twitter_card":"summary_large_image","twitter_misc":{"Gesch\u00e4tzte Lesezeit":"1\u00a0Minute"},"schema":{"@context":"https:\/\/schema.org","@graph":[{"@type":"WebPage","@id":"https:\/\/easyliferobo.com\/de\/product\/reolink-12mp-poe-ueberwachungskamera-set-mit-4x-ik10-vandalensicheren-aussenkameras-145-weitwinkel-farbnachtsicht-personen-fahrzeug-tiererkennung-2-wege-audio-8ch-nvr-mit-2tb-hdd\/","url":"https:\/\/easyliferobo.com\/de\/product\/reolink-12mp-poe-ueberwachungskamera-set-mit-4x-ik10-vandalensicheren-aussenkameras-145-weitwinkel-farbnachtsicht-personen-fahrzeug-tiererkennung-2-wege-audio-8ch-nvr-mit-2tb-hdd\/","name":"Reolink 12MP PoE-\u00dcberwachungskamera-Set mit 4x IK10 Vandalensicheren Au\u00dfenkameras, 145\u00b0 Weitwinkel, Farbnachtsicht, Personen-\/Fahrzeug-\/Tiererkennung, 2-Wege-Audio, 8CH NVR mit 2TB HDD, - EasyLifeBro","isPartOf":{"@id":"https:\/\/easyliferobo.com\/de\/#website"},"primaryImageOfPage":{"@id":"https:\/\/easyliferobo.com\/de\/product\/reolink-12mp-poe-ueberwachungskamera-set-mit-4x-ik10-vandalensicheren-aussenkameras-145-weitwinkel-farbnachtsicht-personen-fahrzeug-tiererkennung-2-wege-audio-8ch-nvr-mit-2tb-hdd\/#primaryimage"},"image":{"@id":"https:\/\/easyliferobo.com\/de\/product\/reolink-12mp-poe-ueberwachungskamera-set-mit-4x-ik10-vandalensicheren-aussenkameras-145-weitwinkel-farbnachtsicht-personen-fahrzeug-tiererkennung-2-wege-audio-8ch-nvr-mit-2tb-hdd\/#primaryimage"},"thumbnailUrl":"https:\/\/easyliferobo.com\/de\/wp-content\/uploads\/2026\/02\/61YPtlPFVpL._AC_SL1500_.jpg","datePublished":"2026-02-27T04:19:11+00:00","dateModified":"2026-02-27T04:19:27+00:00","description":"Entdecken Sie smarte Roboter f\u00fcr Zuhause, Garten, Bildung und Sicherheit. Vergleichen Sie Saugroboter, Rasenm\u00e4hroboter, KI-Begleitroboter und mehr bei EasyLifeRobo.","breadcrumb":{"@id":"https:\/\/easyliferobo.com\/de\/product\/reolink-12mp-poe-ueberwachungskamera-set-mit-4x-ik10-vandalensicheren-aussenkameras-145-weitwinkel-farbnachtsicht-personen-fahrzeug-tiererkennung-2-wege-audio-8ch-nvr-mit-2tb-hdd\/#breadcrumb"},"inLanguage":"de","potentialAction":[{"@type":"ReadAction","target":["https:\/\/easyliferobo.com\/de\/product\/reolink-12mp-poe-ueberwachungskamera-set-mit-4x-ik10-vandalensicheren-aussenkameras-145-weitwinkel-farbnachtsicht-personen-fahrzeug-tiererkennung-2-wege-audio-8ch-nvr-mit-2tb-hdd\/"]}]},{"@type":"ImageObject","inLanguage":"de","@id":"https:\/\/easyliferobo.com\/de\/product\/reolink-12mp-poe-ueberwachungskamera-set-mit-4x-ik10-vandalensicheren-aussenkameras-145-weitwinkel-farbnachtsicht-personen-fahrzeug-tiererkennung-2-wege-audio-8ch-nvr-mit-2tb-hdd\/#primaryimage","url":"https:\/\/easyliferobo.com\/de\/wp-content\/uploads\/2026\/02\/61YPtlPFVpL._AC_SL1500_.jpg","contentUrl":"https:\/\/easyliferobo.com\/de\/wp-content\/uploads\/2026\/02\/61YPtlPFVpL._AC_SL1500_.jpg","width":1500,"height":965},{"@type":"BreadcrumbList","@id":"https:\/\/easyliferobo.com\/de\/product\/reolink-12mp-poe-ueberwachungskamera-set-mit-4x-ik10-vandalensicheren-aussenkameras-145-weitwinkel-farbnachtsicht-personen-fahrzeug-tiererkennung-2-wege-audio-8ch-nvr-mit-2tb-hdd\/#breadcrumb","itemListElement":[{"@type":"ListItem","position":1,"name":"Home","item":"https:\/\/easyliferobo.com\/de\/"},{"@type":"ListItem","position":2,"name":"Shop","item":"https:\/\/easyliferobo.com\/de\/shop\/"},{"@type":"ListItem","position":3,"name":"Reolink 12MP PoE-\u00dcberwachungskamer..."}]},{"@type":"WebSite","@id":"https:\/\/easyliferobo.com\/de\/#website","url":"https:\/\/easyliferobo.com\/de\/","name":"EasyLifeBro","description":"Smarte Roboter f\u00fcr Zuhause, Garten &amp; Bildung","publisher":{"@id":"https:\/\/easyliferobo.com\/de\/#organization"},"potentialAction":[{"@type":"SearchAction","target":{"@type":"EntryPoint","urlTemplate":"https:\/\/easyliferobo.com\/de\/?s={search_term_string}"},"query-input":{"@type":"PropertyValueSpecification","valueRequired":true,"valueName":"search_term_string"}}],"inLanguage":"de"},{"@type":"Organization","@id":"https:\/\/easyliferobo.com\/de\/#organization","name":"EasyLifeBro","url":"https:\/\/easyliferobo.com\/de\/","logo":{"@type":"ImageObject","inLanguage":"de","@id":"https:\/\/easyliferobo.com\/de\/#\/schema\/logo\/image\/","url":"https:\/\/easyliferobo.com\/de\/wp-content\/uploads\/2026\/02\/Screenshot-2026-02-22-at-2.25.03-PM.png","contentUrl":"https:\/\/easyliferobo.com\/de\/wp-content\/uploads\/2026\/02\/Screenshot-2026-02-22-at-2.25.03-PM.png","width":1858,"height":430,"caption":"EasyLifeBro"},"image":{"@id":"https:\/\/easyliferobo.com\/de\/#\/schema\/logo\/image\/"}}]}},"_links":{"self":[{"href":"https:\/\/easyliferobo.com\/de\/wp-json\/wp\/v2\/product\/2503","targetHints":{"allow":["GET"]}}],"collection":[{"href":"https:\/\/easyliferobo.com\/de\/wp-json\/wp\/v2\/product"}],"about":[{"href":"https:\/\/easyliferobo.com\/de\/wp-json\/wp\/v2\/types\/product"}],"replies":[{"embeddable":true,"href":"https:\/\/easyliferobo.com\/de\/wp-json\/wp\/v2\/comments?post=2503"}],"wp:featuredmedia":[{"embeddable":true,"href":"https:\/\/easyliferobo.com\/de\/wp-json\/wp\/v2\/media\/2504"}],"wp:attachment":[{"href":"https:\/\/easyliferobo.com\/de\/wp-json\/wp\/v2\/media?parent=2503"}],"wp:term":[{"taxonomy":"store","embeddable":true,"href":"https:\/\/easyliferobo.com\/de\/wp-json\/wp\/v2\/store?post=2503"},{"taxonomy":"product_brand","embeddable":true,"href":"https:\/\/easyliferobo.com\/de\/wp-json\/wp\/v2\/product_brand?post=2503"},{"taxonomy":"product_cat","embeddable":true,"href":"https:\/\/easyliferobo.com\/de\/wp-json\/wp\/v2\/product_cat?post=2503"},{"taxonomy":"product_tag","embeddable":true,"href":"https:\/\/easyliferobo.com\/de\/wp-json\/wp\/v2\/product_tag?post=2503"}],"curies":[{"name":"wp","href":"https:\/\/api.w.org\/{rel}","templated":true}]}}