
{"id":2497,"date":"2026-02-27T04:17:41","date_gmt":"2026-02-27T04:17:41","guid":{"rendered":"https:\/\/easyliferobo.com\/de\/product\/mf5015v2rmd-l-bldc-mikro-servomotor-foc-inspektionsroboter-ausgewogenes-fahrzeug-drehteller-rohr-mit-raedern-10t-can-18bit\/"},"modified":"2026-02-27T04:17:51","modified_gmt":"2026-02-27T04:17:51","slug":"mf5015v2rmd-l-bldc-mikro-servomotor-foc-inspektionsroboter-ausgewogenes-fahrzeug-drehteller-rohr-mit-raedern-10t-can-18bit","status":"publish","type":"product","link":"https:\/\/easyliferobo.com\/de\/product\/mf5015v2rmd-l-bldc-mikro-servomotor-foc-inspektionsroboter-ausgewogenes-fahrzeug-drehteller-rohr-mit-raedern-10t-can-18bit\/","title":{"rendered":"MF5015v2(RMD-L) BLDC, Mikro-\/Servom..."},"content":{"rendered":"<p>    <span>========== <br \/>Besonders besorgniserregende Chemikalie \u2013 Keine <br \/>Farbe: Schwarz. <br \/>Ausgangsleistung: 74,6-735 (einschlie\u00dflich 735). <br \/>Drehmoment: 0,32 Nm-0,82 Nm <br \/>Verwendung: Ventilator, Haushaltsger\u00e4te <br \/>Modellnummer: MF5015v2 <br \/>Dauerstrom (A): 4,9 A oder 1,22 A. <br \/>Aufbau: Permanentmagnet <br \/>Typ: Servomotor. <br \/>Kommutierung: b\u00fcrstenlos. <br \/>Ausgangsleistung: 104 W oder 88 W <br \/>Zertifizierung: CE <br \/>Drehungen: 10T oder 35T<\/span>    <br \/>Verwendet BLDC-Technologie (Brushless DC) f\u00fcr reibungslosen Betrieb, geringen Energieverbrauch und lange Lebensdauer.<br \/>Ausgestattet mit der FOC-Funktion (Field-Oriented Control), die eine pr\u00e4zise Drehzahl- und Drehmomentsteuerung f\u00fcr eine stabile Leistung erm\u00f6glicht.<br \/>Verf\u00fcgt \u00fcber ein Mikroservo-Design, wodurch es kompakt und leicht ist und in begrenzte Einbaur\u00e4ume verschiedener Ger\u00e4te passt.<br \/>Wird h\u00e4ufig f\u00fcr Inspektionsroboter, ausgewogene Fahrzeuge, Drehtische und Rohre mit R\u00e4dern verwendet und passt sich verschiedenen professionellen Szenarien an.<br \/>Vereint zuverl\u00e4ssige Leistung und geringe Gr\u00f6\u00dfe und bietet effiziente Energieunterst\u00fctzung f\u00fcr den Betrieb von Pr\u00e4zisionsger\u00e4ten.<\/p>\n<p>[ad_2]<\/p>\n","protected":false},"excerpt":{"rendered":"<p>========== Besonders besorgniserregende Chemikalie \u2013 Keine Farbe: Schwarz. Ausgangsleistung: 74,6-735 (einschlie\u00dflich 735). Drehmoment: 0,32 Nm-0,82 Nm Verwendung: Ventilator, Haushaltsger\u00e4te Modellnummer: MF5015v2 Dauerstrom (A): 4,9 A oder 1,22 A. Aufbau: Permanentmagnet Typ: Servomotor. Kommutierung: b\u00fcrstenlos. Ausgangsleistung: 104 W oder 88 W Zertifizierung: CE Drehungen: 10T oder 35T Verwendet BLDC-Technologie (Brushless DC) f\u00fcr reibungslosen Betrieb, geringen Energieverbrauch [&hellip;]<\/p>\n","protected":false},"featured_media":2498,"comment_status":"open","ping_status":"closed","template":"","meta":{"_aipt_faq_data":""},"store":[],"product_brand":[],"product_cat":[114],"product_tag":[153],"class_list":{"0":"post-2497","1":"product","2":"type-product","3":"status-publish","4":"has-post-thumbnail","6":"product_cat-inspektionsroboter","7":"product_tag-inspektionsroboter-fuer-rohre","9":"first","10":"instock","11":"shipping-taxable","12":"product-type-external"},"yoast_head":"<!-- This site is optimized with the Yoast SEO plugin v27.0 - https:\/\/yoast.com\/product\/yoast-seo-wordpress\/ -->\n<title>MF5015v2(RMD-L) BLDC, Mikro-\/Servomotor, FOC, Inspektionsroboter, ausgewogenes Fahrzeug, Drehteller, Rohr mit R\u00e4dern (10T-CAN-18bit) - EasyLifeBro<\/title>\n<meta name=\"description\" content=\"Entdecken Sie smarte Roboter f\u00fcr Zuhause, Garten, Bildung und Sicherheit. Vergleichen Sie Saugroboter, Rasenm\u00e4hroboter, KI-Begleitroboter und mehr bei EasyLifeRobo.\" \/>\n<meta name=\"robots\" content=\"index, follow, max-snippet:-1, max-image-preview:large, max-video-preview:-1\" \/>\n<link rel=\"canonical\" href=\"https:\/\/easyliferobo.com\/de\/product\/mf5015v2rmd-l-bldc-mikro-servomotor-foc-inspektionsroboter-ausgewogenes-fahrzeug-drehteller-rohr-mit-raedern-10t-can-18bit\/\" \/>\n<meta property=\"og:locale\" content=\"de_DE\" \/>\n<meta property=\"og:type\" content=\"article\" \/>\n<meta property=\"og:title\" content=\"MF5015v2(RMD-L) BLDC, Mikro-\/Servomotor, FOC, Inspektionsroboter, ausgewogenes Fahrzeug, Drehteller, Rohr mit R\u00e4dern (10T-CAN-18bit) - EasyLifeBro\" \/>\n<meta property=\"og:description\" content=\"Entdecken Sie smarte Roboter f\u00fcr Zuhause, Garten, Bildung und Sicherheit. Vergleichen Sie Saugroboter, Rasenm\u00e4hroboter, KI-Begleitroboter und mehr bei EasyLifeRobo.\" \/>\n<meta property=\"og:url\" content=\"https:\/\/easyliferobo.com\/de\/product\/mf5015v2rmd-l-bldc-mikro-servomotor-foc-inspektionsroboter-ausgewogenes-fahrzeug-drehteller-rohr-mit-raedern-10t-can-18bit\/\" \/>\n<meta property=\"og:site_name\" content=\"EasyLifeBro\" \/>\n<meta property=\"article:modified_time\" content=\"2026-02-27T04:17:51+00:00\" \/>\n<meta name=\"twitter:card\" content=\"summary_large_image\" \/>\n<meta name=\"twitter:label1\" content=\"Gesch\u00e4tzte Lesezeit\" \/>\n\t<meta name=\"twitter:data1\" content=\"1\u00a0Minute\" \/>\n<script type=\"application\/ld+json\" class=\"yoast-schema-graph\">{\"@context\":\"https:\/\/schema.org\",\"@graph\":[{\"@type\":\"WebPage\",\"@id\":\"https:\/\/easyliferobo.com\/de\/product\/mf5015v2rmd-l-bldc-mikro-servomotor-foc-inspektionsroboter-ausgewogenes-fahrzeug-drehteller-rohr-mit-raedern-10t-can-18bit\/\",\"url\":\"https:\/\/easyliferobo.com\/de\/product\/mf5015v2rmd-l-bldc-mikro-servomotor-foc-inspektionsroboter-ausgewogenes-fahrzeug-drehteller-rohr-mit-raedern-10t-can-18bit\/\",\"name\":\"MF5015v2(RMD-L) BLDC, Mikro-\/Servomotor, FOC, Inspektionsroboter, ausgewogenes Fahrzeug, Drehteller, Rohr mit R\u00e4dern (10T-CAN-18bit) - EasyLifeBro\",\"isPartOf\":{\"@id\":\"https:\/\/easyliferobo.com\/de\/#website\"},\"primaryImageOfPage\":{\"@id\":\"https:\/\/easyliferobo.com\/de\/product\/mf5015v2rmd-l-bldc-mikro-servomotor-foc-inspektionsroboter-ausgewogenes-fahrzeug-drehteller-rohr-mit-raedern-10t-can-18bit\/#primaryimage\"},\"image\":{\"@id\":\"https:\/\/easyliferobo.com\/de\/product\/mf5015v2rmd-l-bldc-mikro-servomotor-foc-inspektionsroboter-ausgewogenes-fahrzeug-drehteller-rohr-mit-raedern-10t-can-18bit\/#primaryimage\"},\"thumbnailUrl\":\"https:\/\/easyliferobo.com\/de\/wp-content\/uploads\/2026\/02\/51u-M1rw3bL._SL1500_.jpg\",\"datePublished\":\"2026-02-27T04:17:41+00:00\",\"dateModified\":\"2026-02-27T04:17:51+00:00\",\"description\":\"Entdecken Sie smarte Roboter f\u00fcr Zuhause, Garten, Bildung und Sicherheit. Vergleichen Sie Saugroboter, Rasenm\u00e4hroboter, KI-Begleitroboter und mehr bei EasyLifeRobo.\",\"breadcrumb\":{\"@id\":\"https:\/\/easyliferobo.com\/de\/product\/mf5015v2rmd-l-bldc-mikro-servomotor-foc-inspektionsroboter-ausgewogenes-fahrzeug-drehteller-rohr-mit-raedern-10t-can-18bit\/#breadcrumb\"},\"inLanguage\":\"de\",\"potentialAction\":[{\"@type\":\"ReadAction\",\"target\":[\"https:\/\/easyliferobo.com\/de\/product\/mf5015v2rmd-l-bldc-mikro-servomotor-foc-inspektionsroboter-ausgewogenes-fahrzeug-drehteller-rohr-mit-raedern-10t-can-18bit\/\"]}]},{\"@type\":\"ImageObject\",\"inLanguage\":\"de\",\"@id\":\"https:\/\/easyliferobo.com\/de\/product\/mf5015v2rmd-l-bldc-mikro-servomotor-foc-inspektionsroboter-ausgewogenes-fahrzeug-drehteller-rohr-mit-raedern-10t-can-18bit\/#primaryimage\",\"url\":\"https:\/\/easyliferobo.com\/de\/wp-content\/uploads\/2026\/02\/51u-M1rw3bL._SL1500_.jpg\",\"contentUrl\":\"https:\/\/easyliferobo.com\/de\/wp-content\/uploads\/2026\/02\/51u-M1rw3bL._SL1500_.jpg\",\"width\":1500,\"height\":1500},{\"@type\":\"BreadcrumbList\",\"@id\":\"https:\/\/easyliferobo.com\/de\/product\/mf5015v2rmd-l-bldc-mikro-servomotor-foc-inspektionsroboter-ausgewogenes-fahrzeug-drehteller-rohr-mit-raedern-10t-can-18bit\/#breadcrumb\",\"itemListElement\":[{\"@type\":\"ListItem\",\"position\":1,\"name\":\"Home\",\"item\":\"https:\/\/easyliferobo.com\/de\/\"},{\"@type\":\"ListItem\",\"position\":2,\"name\":\"Shop\",\"item\":\"https:\/\/easyliferobo.com\/de\/shop\/\"},{\"@type\":\"ListItem\",\"position\":3,\"name\":\"MF5015v2(RMD-L) BLDC, Mikro-\/Servom...\"}]},{\"@type\":\"WebSite\",\"@id\":\"https:\/\/easyliferobo.com\/de\/#website\",\"url\":\"https:\/\/easyliferobo.com\/de\/\",\"name\":\"EasyLifeBro\",\"description\":\"Smarte Roboter f\u00fcr Zuhause, Garten &amp; Bildung\",\"publisher\":{\"@id\":\"https:\/\/easyliferobo.com\/de\/#organization\"},\"potentialAction\":[{\"@type\":\"SearchAction\",\"target\":{\"@type\":\"EntryPoint\",\"urlTemplate\":\"https:\/\/easyliferobo.com\/de\/?s={search_term_string}\"},\"query-input\":{\"@type\":\"PropertyValueSpecification\",\"valueRequired\":true,\"valueName\":\"search_term_string\"}}],\"inLanguage\":\"de\"},{\"@type\":\"Organization\",\"@id\":\"https:\/\/easyliferobo.com\/de\/#organization\",\"name\":\"EasyLifeBro\",\"url\":\"https:\/\/easyliferobo.com\/de\/\",\"logo\":{\"@type\":\"ImageObject\",\"inLanguage\":\"de\",\"@id\":\"https:\/\/easyliferobo.com\/de\/#\/schema\/logo\/image\/\",\"url\":\"https:\/\/easyliferobo.com\/de\/wp-content\/uploads\/2026\/02\/Screenshot-2026-02-22-at-2.25.03-PM.png\",\"contentUrl\":\"https:\/\/easyliferobo.com\/de\/wp-content\/uploads\/2026\/02\/Screenshot-2026-02-22-at-2.25.03-PM.png\",\"width\":1858,\"height\":430,\"caption\":\"EasyLifeBro\"},\"image\":{\"@id\":\"https:\/\/easyliferobo.com\/de\/#\/schema\/logo\/image\/\"}}]}<\/script>\n<!-- \/ Yoast SEO plugin. -->","yoast_head_json":{"title":"MF5015v2(RMD-L) BLDC, Mikro-\/Servomotor, FOC, Inspektionsroboter, ausgewogenes Fahrzeug, Drehteller, Rohr mit R\u00e4dern (10T-CAN-18bit) - EasyLifeBro","description":"Entdecken Sie smarte Roboter f\u00fcr Zuhause, Garten, Bildung und Sicherheit. Vergleichen Sie Saugroboter, Rasenm\u00e4hroboter, KI-Begleitroboter und mehr bei EasyLifeRobo.","robots":{"index":"index","follow":"follow","max-snippet":"max-snippet:-1","max-image-preview":"max-image-preview:large","max-video-preview":"max-video-preview:-1"},"canonical":"https:\/\/easyliferobo.com\/de\/product\/mf5015v2rmd-l-bldc-mikro-servomotor-foc-inspektionsroboter-ausgewogenes-fahrzeug-drehteller-rohr-mit-raedern-10t-can-18bit\/","og_locale":"de_DE","og_type":"article","og_title":"MF5015v2(RMD-L) BLDC, Mikro-\/Servomotor, FOC, Inspektionsroboter, ausgewogenes Fahrzeug, Drehteller, Rohr mit R\u00e4dern (10T-CAN-18bit) - EasyLifeBro","og_description":"Entdecken Sie smarte Roboter f\u00fcr Zuhause, Garten, Bildung und Sicherheit. Vergleichen Sie Saugroboter, Rasenm\u00e4hroboter, KI-Begleitroboter und mehr bei EasyLifeRobo.","og_url":"https:\/\/easyliferobo.com\/de\/product\/mf5015v2rmd-l-bldc-mikro-servomotor-foc-inspektionsroboter-ausgewogenes-fahrzeug-drehteller-rohr-mit-raedern-10t-can-18bit\/","og_site_name":"EasyLifeBro","article_modified_time":"2026-02-27T04:17:51+00:00","twitter_card":"summary_large_image","twitter_misc":{"Gesch\u00e4tzte Lesezeit":"1\u00a0Minute"},"schema":{"@context":"https:\/\/schema.org","@graph":[{"@type":"WebPage","@id":"https:\/\/easyliferobo.com\/de\/product\/mf5015v2rmd-l-bldc-mikro-servomotor-foc-inspektionsroboter-ausgewogenes-fahrzeug-drehteller-rohr-mit-raedern-10t-can-18bit\/","url":"https:\/\/easyliferobo.com\/de\/product\/mf5015v2rmd-l-bldc-mikro-servomotor-foc-inspektionsroboter-ausgewogenes-fahrzeug-drehteller-rohr-mit-raedern-10t-can-18bit\/","name":"MF5015v2(RMD-L) BLDC, Mikro-\/Servomotor, FOC, Inspektionsroboter, ausgewogenes Fahrzeug, Drehteller, Rohr mit R\u00e4dern (10T-CAN-18bit) - EasyLifeBro","isPartOf":{"@id":"https:\/\/easyliferobo.com\/de\/#website"},"primaryImageOfPage":{"@id":"https:\/\/easyliferobo.com\/de\/product\/mf5015v2rmd-l-bldc-mikro-servomotor-foc-inspektionsroboter-ausgewogenes-fahrzeug-drehteller-rohr-mit-raedern-10t-can-18bit\/#primaryimage"},"image":{"@id":"https:\/\/easyliferobo.com\/de\/product\/mf5015v2rmd-l-bldc-mikro-servomotor-foc-inspektionsroboter-ausgewogenes-fahrzeug-drehteller-rohr-mit-raedern-10t-can-18bit\/#primaryimage"},"thumbnailUrl":"https:\/\/easyliferobo.com\/de\/wp-content\/uploads\/2026\/02\/51u-M1rw3bL._SL1500_.jpg","datePublished":"2026-02-27T04:17:41+00:00","dateModified":"2026-02-27T04:17:51+00:00","description":"Entdecken Sie smarte Roboter f\u00fcr Zuhause, Garten, Bildung und Sicherheit. Vergleichen Sie Saugroboter, Rasenm\u00e4hroboter, KI-Begleitroboter und mehr bei EasyLifeRobo.","breadcrumb":{"@id":"https:\/\/easyliferobo.com\/de\/product\/mf5015v2rmd-l-bldc-mikro-servomotor-foc-inspektionsroboter-ausgewogenes-fahrzeug-drehteller-rohr-mit-raedern-10t-can-18bit\/#breadcrumb"},"inLanguage":"de","potentialAction":[{"@type":"ReadAction","target":["https:\/\/easyliferobo.com\/de\/product\/mf5015v2rmd-l-bldc-mikro-servomotor-foc-inspektionsroboter-ausgewogenes-fahrzeug-drehteller-rohr-mit-raedern-10t-can-18bit\/"]}]},{"@type":"ImageObject","inLanguage":"de","@id":"https:\/\/easyliferobo.com\/de\/product\/mf5015v2rmd-l-bldc-mikro-servomotor-foc-inspektionsroboter-ausgewogenes-fahrzeug-drehteller-rohr-mit-raedern-10t-can-18bit\/#primaryimage","url":"https:\/\/easyliferobo.com\/de\/wp-content\/uploads\/2026\/02\/51u-M1rw3bL._SL1500_.jpg","contentUrl":"https:\/\/easyliferobo.com\/de\/wp-content\/uploads\/2026\/02\/51u-M1rw3bL._SL1500_.jpg","width":1500,"height":1500},{"@type":"BreadcrumbList","@id":"https:\/\/easyliferobo.com\/de\/product\/mf5015v2rmd-l-bldc-mikro-servomotor-foc-inspektionsroboter-ausgewogenes-fahrzeug-drehteller-rohr-mit-raedern-10t-can-18bit\/#breadcrumb","itemListElement":[{"@type":"ListItem","position":1,"name":"Home","item":"https:\/\/easyliferobo.com\/de\/"},{"@type":"ListItem","position":2,"name":"Shop","item":"https:\/\/easyliferobo.com\/de\/shop\/"},{"@type":"ListItem","position":3,"name":"MF5015v2(RMD-L) BLDC, Mikro-\/Servom..."}]},{"@type":"WebSite","@id":"https:\/\/easyliferobo.com\/de\/#website","url":"https:\/\/easyliferobo.com\/de\/","name":"EasyLifeBro","description":"Smarte Roboter f\u00fcr Zuhause, Garten &amp; Bildung","publisher":{"@id":"https:\/\/easyliferobo.com\/de\/#organization"},"potentialAction":[{"@type":"SearchAction","target":{"@type":"EntryPoint","urlTemplate":"https:\/\/easyliferobo.com\/de\/?s={search_term_string}"},"query-input":{"@type":"PropertyValueSpecification","valueRequired":true,"valueName":"search_term_string"}}],"inLanguage":"de"},{"@type":"Organization","@id":"https:\/\/easyliferobo.com\/de\/#organization","name":"EasyLifeBro","url":"https:\/\/easyliferobo.com\/de\/","logo":{"@type":"ImageObject","inLanguage":"de","@id":"https:\/\/easyliferobo.com\/de\/#\/schema\/logo\/image\/","url":"https:\/\/easyliferobo.com\/de\/wp-content\/uploads\/2026\/02\/Screenshot-2026-02-22-at-2.25.03-PM.png","contentUrl":"https:\/\/easyliferobo.com\/de\/wp-content\/uploads\/2026\/02\/Screenshot-2026-02-22-at-2.25.03-PM.png","width":1858,"height":430,"caption":"EasyLifeBro"},"image":{"@id":"https:\/\/easyliferobo.com\/de\/#\/schema\/logo\/image\/"}}]}},"_links":{"self":[{"href":"https:\/\/easyliferobo.com\/de\/wp-json\/wp\/v2\/product\/2497","targetHints":{"allow":["GET"]}}],"collection":[{"href":"https:\/\/easyliferobo.com\/de\/wp-json\/wp\/v2\/product"}],"about":[{"href":"https:\/\/easyliferobo.com\/de\/wp-json\/wp\/v2\/types\/product"}],"replies":[{"embeddable":true,"href":"https:\/\/easyliferobo.com\/de\/wp-json\/wp\/v2\/comments?post=2497"}],"wp:featuredmedia":[{"embeddable":true,"href":"https:\/\/easyliferobo.com\/de\/wp-json\/wp\/v2\/media\/2498"}],"wp:attachment":[{"href":"https:\/\/easyliferobo.com\/de\/wp-json\/wp\/v2\/media?parent=2497"}],"wp:term":[{"taxonomy":"store","embeddable":true,"href":"https:\/\/easyliferobo.com\/de\/wp-json\/wp\/v2\/store?post=2497"},{"taxonomy":"product_brand","embeddable":true,"href":"https:\/\/easyliferobo.com\/de\/wp-json\/wp\/v2\/product_brand?post=2497"},{"taxonomy":"product_cat","embeddable":true,"href":"https:\/\/easyliferobo.com\/de\/wp-json\/wp\/v2\/product_cat?post=2497"},{"taxonomy":"product_tag","embeddable":true,"href":"https:\/\/easyliferobo.com\/de\/wp-json\/wp\/v2\/product_tag?post=2497"}],"curies":[{"name":"wp","href":"https:\/\/api.w.org\/{rel}","templated":true}]}}