
{"id":2483,"date":"2026-02-27T04:14:41","date_gmt":"2026-02-27T04:14:41","guid":{"rendered":"https:\/\/easyliferobo.com\/de\/product\/arebos-roboter-rasenmaeher-garage-rasenmaeher-rasenmaeher-carport-102-x-79-x-46-cm-wetterfest-uv-schutz-mit-metallfuessen-rasenmaeher-ueberdachung-inklusive-montagematerial-schwarz\/"},"modified":"2026-02-27T04:14:58","modified_gmt":"2026-02-27T04:14:58","slug":"arebos-roboter-rasenmaeher-garage-rasenmaeher-rasenmaeher-carport-102-x-79-x-46-cm-wetterfest-uv-schutz-mit-metallfuessen-rasenmaeher-ueberdachung-inklusive-montagematerial-schwarz","status":"publish","type":"product","link":"https:\/\/easyliferobo.com\/de\/product\/arebos-roboter-rasenmaeher-garage-rasenmaeher-rasenmaeher-carport-102-x-79-x-46-cm-wetterfest-uv-schutz-mit-metallfuessen-rasenmaeher-ueberdachung-inklusive-montagematerial-schwarz\/","title":{"rendered":"Arebos Roboter-Rasenm\u00e4her-Garage, ..."},"content":{"rendered":"<p>\n                                             Produktbeschreibung   <\/p>\n<p>                                                                             <img decoding=\"async\" alt=\"Rasenm\u00e4hergarage\" src=\"https:\/\/images-na.ssl-images-amazon.com\/images\/G\/01\/x-locale\/common\/grey-pixel.gif\" class=\"a-spacing-base a-lazy-loaded\" data-src=\"https:\/\/m.media-amazon.com\/images\/S\/aplus-media-library-service-media\/084c427f-5b57-4e5a-a7f5-45f8d1417566.__CR5,0,970,600_PT0_SX970_V1___.jpg\"><img decoding=\"async\" alt=\"Rasenm\u00e4hergarage\" src=\"https:\/\/m.media-amazon.com\/images\/S\/aplus-media-library-service-media\/084c427f-5b57-4e5a-a7f5-45f8d1417566.__CR5,0,970,600_PT0_SX970_V1___.jpg\">                                         <\/p>\n<h3 class=\"a-spacing-mini\">  Arebos Garage Roboter-Rasenm\u00e4her <\/h3>\n<p class=\"a-spacing-base\">  Eine M\u00e4hroboter-Garage oder ein Rasenroboter-Carport ist in der Regel ein Unterstand, der den M\u00e4hroboter vor schlechtem Wetter wie Hagel oder Regen sch\u00fctzt. Der Roboter-Carport wird \u00fcber der Ladestation platziert, sodass diese sofort gesch\u00fctzt ist. Damit der Rasenroboter m\u00f6glichst viele Jahre lang seinen Dienst verrichtet, sollte eine M\u00e4hroboter-Garage zur Standardausr\u00fcstung geh\u00f6ren. <\/p>\n<p class=\"a-spacing-base\">  Ob Rasen, gepflasterter Hof oder mit Betonfundament, die Garage f\u00fcr M\u00e4hroboter kann auf fast jedem Untergrund aufgestellt werden \u2013 vorausgesetzt, der Boden ist eben und verf\u00fcgt \u00fcber eine ausreichende Tragf\u00e4higkeit. <\/p>\n<p class=\"a-spacing-base\">  Dank des schlichten Designs f\u00fcgt sich der Carport nahtlos in das Gesamtbild Ihres Gartens ein und ist vielseitig einsetzbar. Die Lieferung erfolgt zerlegt als Bausatz inklusive Heringen zur Montage. <\/p>\n<p class=\"a-spacing-base\">  M\u00e4hroboter und Ladestation sind nicht im Lieferumfang enthalten. <\/p>\n<p>                                                         <img decoding=\"async\" alt=\"4260627427482_Infrarot Heizstrahler 2500 W Schwarz\" src=\"https:\/\/images-na.ssl-images-amazon.com\/images\/G\/01\/x-locale\/common\/grey-pixel.gif\" class=\"a-lazy-loaded\" data-src=\"https:\/\/m.media-amazon.com\/images\/S\/aplus-media-library-service-media\/9af21d0c-fd0f-482a-8b16-e79b10396177.__CR0,2,1005,302_PT0_SX600_V1___.png\"><img decoding=\"async\" alt=\"4260627427482_Infrarot Heizstrahler 2500 W Schwarz\" src=\"https:\/\/m.media-amazon.com\/images\/S\/aplus-media-library-service-media\/9af21d0c-fd0f-482a-8b16-e79b10396177.__CR0,2,1005,302_PT0_SX600_V1___.png\">      <\/p>\n<p>                                                  <img decoding=\"async\" alt=\"Diagramm eines schwarzen Vordachs oder einer Markise mit den Abmessungen: 102 cm Breite, 79 cm Tiefe, 38 cm H\u00f6he. Inklusive Montagematerial und Arebos-Logo.\" src=\"https:\/\/images-na.ssl-images-amazon.com\/images\/G\/01\/x-locale\/common\/grey-pixel.gif\" class=\"a-lazy-loaded\" data-src=\"https:\/\/m.media-amazon.com\/images\/S\/aplus-media-library-service-media\/b3c05291-410c-4aa0-970a-c3f19960d913.__CR0,0,2000,2000_PT0_SX300_V1___.jpg\"><img decoding=\"async\" alt=\"Diagramm eines schwarzen Vordachs oder einer Markise mit den Abmessungen: 102 cm Breite, 79 cm Tiefe, 38 cm H\u00f6he. Inklusive Montagematerial und Arebos-Logo.\" src=\"https:\/\/m.media-amazon.com\/images\/S\/aplus-media-library-service-media\/b3c05291-410c-4aa0-970a-c3f19960d913.__CR0,0,2000,2000_PT0_SX300_V1___.jpg\">  <\/p>\n<h3 class=\"a-spacing-mini\">  Alle Vorteile auf einen Blick: <\/h3>\n<p>  Moderner Carport f\u00fcr Ihren M\u00e4hroboter mit vier Heringen zur schnellen Befestigung an Ihrem Rasen (im Lieferumfang enthalten). Kontrollierte Ableitung des Regenwassers durch Rundbogenkonstruktion. Erh\u00f6ht die Lebensdauer Ihres M\u00e4hroboters und Ihrer Ladestation. Bietet Schutz vor Sonne und Regen. Dach aus Polycarbonat (PC) bietet zus\u00e4tzlichen UV-Schutz. Stabiler Stand durch Metallst\u00e4nder. Gro\u00dfe Grundfl\u00e4che von 102 x 79 cm. Schnell und einfach zu \u00f6ffnen. Gebaut <\/p>\n<p class=\"apm-text-center\">\n                                                      <img decoding=\"async\" alt=\"Arebos-Messskizze\" src=\"https:\/\/images-na.ssl-images-amazon.com\/images\/G\/01\/x-locale\/common\/grey-pixel.gif\" class=\"a-spacing-mini a-lazy-loaded\" data-src=\"https:\/\/m.media-amazon.com\/images\/S\/aplus-media-library-service-media\/f0010458-b084-425b-a5c6-2a0a23876055.__CR0,0,2000,2000_PT0_SX300_V1___.jpg\"><img decoding=\"async\" alt=\"Arebos-Messskizze\" src=\"https:\/\/m.media-amazon.com\/images\/S\/aplus-media-library-service-media\/f0010458-b084-425b-a5c6-2a0a23876055.__CR0,0,2000,2000_PT0_SX300_V1___.jpg\">  <\/p>\n<p>  Dieser moderne Carport bietet Ihnen einen idealen Unterstand f\u00fcr Ihren M\u00e4hroboter. Somit sind Ihr Rasenm\u00e4herroboter und Ihre Ladestation bestens vor Regen und direkter Sonneneinstrahlung gesch\u00fctzt. <\/p>\n<p class=\"apm-text-center\">\n                                                      <img decoding=\"async\" alt=\"Hochwertiges Polycarbonat\" src=\"https:\/\/images-na.ssl-images-amazon.com\/images\/G\/01\/x-locale\/common\/grey-pixel.gif\" class=\"a-spacing-mini a-lazy-loaded\" data-src=\"https:\/\/m.media-amazon.com\/images\/S\/aplus-media-library-service-media\/0a5667eb-360c-4eaa-ab15-954ffa481da4.__CR0,0,2000,2000_PT0_SX300_V1___.jpg\"><img decoding=\"async\" alt=\"Hochwertiges Polycarbonat\" src=\"https:\/\/m.media-amazon.com\/images\/S\/aplus-media-library-service-media\/0a5667eb-360c-4eaa-ab15-954ffa481da4.__CR0,0,2000,2000_PT0_SX300_V1___.jpg\">  <\/p>\n<p>  Unser Produkt besteht aus wind-, korrosions- und wetterbest\u00e4ndigen Tr\u00e4gern sowie einer stabilen und sto\u00dffesten H\u00fclle. F\u00fcr eine stabile Konstruktion sorgen die Alu-Kantenschutzleisten auf der Vorder- und R\u00fcckseite sowie die 2 starken St\u00fctzarme. <\/p>\n<p class=\"apm-text-center\">\n                                                      <img decoding=\"async\" alt=\"1\" src=\"https:\/\/images-na.ssl-images-amazon.com\/images\/G\/01\/x-locale\/common\/grey-pixel.gif\" class=\"a-spacing-mini a-lazy-loaded\" data-src=\"https:\/\/m.media-amazon.com\/images\/S\/aplus-media-library-service-media\/08294e0a-b005-4098-a761-648bea00783f.__CR0,0,2000,2000_PT0_SX300_V1___.jpg\"><img decoding=\"async\" alt=\"1\" src=\"https:\/\/m.media-amazon.com\/images\/S\/aplus-media-library-service-media\/08294e0a-b005-4098-a761-648bea00783f.__CR0,0,2000,2000_PT0_SX300_V1___.jpg\">  <\/p>\n<p>  Im Lieferumfang sind neben der ausf\u00fchrlichen Montageanleitung auch vier Heringe enthalten, mit denen Sie die M\u00e4hroboter-Garage an Ihrem Rasen befestigen k\u00f6nnen. <\/p>\n<p class=\"apm-text-center\">\n                                                      <img decoding=\"async\" alt=\"1\" src=\"https:\/\/images-na.ssl-images-amazon.com\/images\/G\/01\/x-locale\/common\/grey-pixel.gif\" class=\"a-spacing-mini a-lazy-loaded\" data-src=\"https:\/\/m.media-amazon.com\/images\/S\/aplus-media-library-service-media\/f2a09d37-6496-42ed-b121-a0a6ab68dd95.__CR0,0,2000,2000_PT0_SX300_V1___.jpg\"><img decoding=\"async\" alt=\"1\" src=\"https:\/\/m.media-amazon.com\/images\/S\/aplus-media-library-service-media\/f2a09d37-6496-42ed-b121-a0a6ab68dd95.__CR0,0,2000,2000_PT0_SX300_V1___.jpg\">  <\/p>\n<p>  Unser Produkt besteht aus wind-, korrosions- und wetterbest\u00e4ndigen Tr\u00e4gern sowie einer stabilen und sto\u00dffesten H\u00fclle. F\u00fcr eine stabile Konstruktion sorgen die Alu-Kantenschutzleisten auf der Vorder- und R\u00fcckseite sowie die 2 starken St\u00fctzarme. <\/p>\n<p class=\"apm-text-center\">\n                                                      <img decoding=\"async\" alt=\"2\" src=\"https:\/\/images-na.ssl-images-amazon.com\/images\/G\/01\/x-locale\/common\/grey-pixel.gif\" class=\"a-spacing-mini a-lazy-loaded\" data-src=\"https:\/\/m.media-amazon.com\/images\/S\/aplus-media-library-service-media\/fcc23d9d-1dd1-4ddf-a7bf-712233c50d54.__CR0,0,2000,2000_PT0_SX300_V1___.jpg\"><img decoding=\"async\" alt=\"2\" src=\"https:\/\/m.media-amazon.com\/images\/S\/aplus-media-library-service-media\/fcc23d9d-1dd1-4ddf-a7bf-712233c50d54.__CR0,0,2000,2000_PT0_SX300_V1___.jpg\">  <\/p>\n<p>  Der Stahlrahmen mit Kunststoff- und Aluminiumteilen sowie die Dachplatte aus Polycarbonat sorgen f\u00fcr optimalen UV- und Witterungsschutz. Dank des schr\u00e4gen Dachs der M\u00e4hroboter-Garage k\u00f6nnen Schnee und Regen problemlos ablaufen. <\/p>\n<p class=\"apm-text-center\">\n                                                      <img decoding=\"async\" alt=\"3\" src=\"https:\/\/images-na.ssl-images-amazon.com\/images\/G\/01\/x-locale\/common\/grey-pixel.gif\" class=\"a-spacing-mini a-lazy-loaded\" data-src=\"https:\/\/m.media-amazon.com\/images\/S\/aplus-media-library-service-media\/3241c623-a245-4be3-9230-2f08d61636e2.__CR0,0,2000,2000_PT0_SX300_V1___.jpg\"><img decoding=\"async\" alt=\"3\" src=\"https:\/\/m.media-amazon.com\/images\/S\/aplus-media-library-service-media\/3241c623-a245-4be3-9230-2f08d61636e2.__CR0,0,2000,2000_PT0_SX300_V1___.jpg\">  <\/p>\n<p>  Im Lieferumfang sind neben der ausf\u00fchrlichen Montageanleitung auch vier Heringe enthalten, mit denen Sie die M\u00e4hroboter-Garage an Ihrem Rasen befestigen k\u00f6nnen. <\/p>\n<p>                         Zum Warenkorb hinzuf\u00fcgen Kundenrezensionen 4,3 von 5 Sternen 1.365 4,3 von 5 Sternen 652 Preis 57,90 \u20ac57,90 \u20ac \u2014 keine Daten Abmessungen: 102 x 79 x 46 cm 102 x 79 x 46 cm Farbe: Schwarz schwarz \/ transparent Gewicht: 7 kg 7 kg Dachmaterial: Polycarbonat Polycarbonat Fu\u00dfmaterial: Metall Metall Marke: Arebos Arebos Lieferumfang: 1 x Roboter-Rasenm\u00e4her-Garage, 4 x Heringe, 1 x Bedienungsanleitung 1 x Roboter-Rasenm\u00e4her-Garage, 4 x Heringe, 1 x Bedienungsanleitung                    <\/p>\n<p>Modern: Dieser moderne und robuste Carport von Arebos bietet Ihnen einen idealen Unterstand und erh\u00f6ht die Lebensdauer Ihres Rasenroboters.<br \/>(Schutz) Die M\u00e4hroboter-Garage bietet Schutz vor Regen, Hagel und UV-Strahlung. Die Rundbogenkonstruktion sorgt f\u00fcr eine kontrollierte Ableitung des Regenwassers.<br \/>(Robuster) Stabiler Metall-Dachst\u00e4nder aus sto\u00dffestem Polycarbonat (PC) mit UV-Schutz und Aluminium-Kantenschutz.<br \/>Flexibel: Ob Rasen, gepflasterter Hof oder Betonfundament, die Garage f\u00fcr M\u00e4hroboter l\u00e4sst sich auf fast jedem Untergrund platzieren.<br \/>(Universell) Dank der praktischen Auffahrt und der gro\u00dfen Standfl\u00e4che ist die Garage f\u00fcr zahlreiche M\u00e4hroboter und Ladestationen verschiedener Marken geeignet.<\/p>\n<p>[ad_2]<\/p>\n","protected":false},"excerpt":{"rendered":"<p>Produktbeschreibung Arebos Garage Roboter-Rasenm\u00e4her Eine M\u00e4hroboter-Garage oder ein Rasenroboter-Carport ist in der Regel ein Unterstand, der den M\u00e4hroboter vor schlechtem Wetter wie Hagel oder Regen sch\u00fctzt. Der Roboter-Carport wird \u00fcber der Ladestation platziert, sodass diese sofort gesch\u00fctzt ist. Damit der Rasenroboter m\u00f6glichst viele Jahre lang seinen Dienst verrichtet, sollte eine M\u00e4hroboter-Garage zur Standardausr\u00fcstung geh\u00f6ren. Ob [&hellip;]<\/p>\n","protected":false},"featured_media":2484,"comment_status":"open","ping_status":"closed","template":"","meta":{"_aipt_faq_data":""},"store":[],"product_brand":[407],"product_cat":[116],"product_tag":[204],"class_list":{"0":"post-2483","1":"product","2":"type-product","3":"status-publish","4":"has-post-thumbnail","6":"product_brand-arebos","7":"product_cat-innen-aussen-sicherheitsroboter","8":"product_tag-innen-aussen-sicherheitsroboter-fuer-haeuser","10":"first","11":"instock","12":"shipping-taxable","13":"product-type-external"},"yoast_head":"<!-- This site is optimized with the Yoast SEO plugin v27.0 - https:\/\/yoast.com\/product\/yoast-seo-wordpress\/ -->\n<title>Arebos Roboter-Rasenm\u00e4her-Garage, Rasenm\u00e4her, Rasenm\u00e4her, Carport, 102 x 79 x 46 cm, wetterfest + UV-Schutz, mit Metallf\u00fc\u00dfen, Rasenm\u00e4her-\u00dcberdachung, inklusive Montagematerial, schwarz - EasyLifeBro<\/title>\n<meta name=\"description\" content=\"Entdecken Sie smarte Roboter f\u00fcr Zuhause, Garten, Bildung und Sicherheit. Vergleichen Sie Saugroboter, Rasenm\u00e4hroboter, KI-Begleitroboter und mehr bei EasyLifeRobo.\" \/>\n<meta name=\"robots\" content=\"index, follow, max-snippet:-1, max-image-preview:large, max-video-preview:-1\" \/>\n<link rel=\"canonical\" href=\"https:\/\/easyliferobo.com\/de\/product\/arebos-roboter-rasenmaeher-garage-rasenmaeher-rasenmaeher-carport-102-x-79-x-46-cm-wetterfest-uv-schutz-mit-metallfuessen-rasenmaeher-ueberdachung-inklusive-montagematerial-schwarz\/\" \/>\n<meta property=\"og:locale\" content=\"de_DE\" \/>\n<meta property=\"og:type\" content=\"article\" \/>\n<meta property=\"og:title\" content=\"Arebos Roboter-Rasenm\u00e4her-Garage, Rasenm\u00e4her, Rasenm\u00e4her, Carport, 102 x 79 x 46 cm, wetterfest + UV-Schutz, mit Metallf\u00fc\u00dfen, Rasenm\u00e4her-\u00dcberdachung, inklusive Montagematerial, schwarz - EasyLifeBro\" \/>\n<meta property=\"og:description\" content=\"Entdecken Sie smarte Roboter f\u00fcr Zuhause, Garten, Bildung und Sicherheit. Vergleichen Sie Saugroboter, Rasenm\u00e4hroboter, KI-Begleitroboter und mehr bei EasyLifeRobo.\" \/>\n<meta property=\"og:url\" content=\"https:\/\/easyliferobo.com\/de\/product\/arebos-roboter-rasenmaeher-garage-rasenmaeher-rasenmaeher-carport-102-x-79-x-46-cm-wetterfest-uv-schutz-mit-metallfuessen-rasenmaeher-ueberdachung-inklusive-montagematerial-schwarz\/\" \/>\n<meta property=\"og:site_name\" content=\"EasyLifeBro\" \/>\n<meta property=\"article:modified_time\" content=\"2026-02-27T04:14:58+00:00\" \/>\n<meta property=\"og:image\" content=\"https:\/\/images-na.ssl-images-amazon.com\/images\/G\/01\/x-locale\/common\/grey-pixel.gif\" \/>\n<meta name=\"twitter:card\" content=\"summary_large_image\" \/>\n<meta name=\"twitter:label1\" content=\"Gesch\u00e4tzte Lesezeit\" \/>\n\t<meta name=\"twitter:data1\" content=\"3\u00a0Minuten\" \/>\n<script type=\"application\/ld+json\" class=\"yoast-schema-graph\">{\"@context\":\"https:\/\/schema.org\",\"@graph\":[{\"@type\":\"WebPage\",\"@id\":\"https:\/\/easyliferobo.com\/de\/product\/arebos-roboter-rasenmaeher-garage-rasenmaeher-rasenmaeher-carport-102-x-79-x-46-cm-wetterfest-uv-schutz-mit-metallfuessen-rasenmaeher-ueberdachung-inklusive-montagematerial-schwarz\/\",\"url\":\"https:\/\/easyliferobo.com\/de\/product\/arebos-roboter-rasenmaeher-garage-rasenmaeher-rasenmaeher-carport-102-x-79-x-46-cm-wetterfest-uv-schutz-mit-metallfuessen-rasenmaeher-ueberdachung-inklusive-montagematerial-schwarz\/\",\"name\":\"Arebos Roboter-Rasenm\u00e4her-Garage, Rasenm\u00e4her, Rasenm\u00e4her, Carport, 102 x 79 x 46 cm, wetterfest + UV-Schutz, mit Metallf\u00fc\u00dfen, Rasenm\u00e4her-\u00dcberdachung, inklusive Montagematerial, schwarz - EasyLifeBro\",\"isPartOf\":{\"@id\":\"https:\/\/easyliferobo.com\/de\/#website\"},\"primaryImageOfPage\":{\"@id\":\"https:\/\/easyliferobo.com\/de\/product\/arebos-roboter-rasenmaeher-garage-rasenmaeher-rasenmaeher-carport-102-x-79-x-46-cm-wetterfest-uv-schutz-mit-metallfuessen-rasenmaeher-ueberdachung-inklusive-montagematerial-schwarz\/#primaryimage\"},\"image\":{\"@id\":\"https:\/\/easyliferobo.com\/de\/product\/arebos-roboter-rasenmaeher-garage-rasenmaeher-rasenmaeher-carport-102-x-79-x-46-cm-wetterfest-uv-schutz-mit-metallfuessen-rasenmaeher-ueberdachung-inklusive-montagematerial-schwarz\/#primaryimage\"},\"thumbnailUrl\":\"https:\/\/easyliferobo.com\/de\/wp-content\/uploads\/2026\/02\/71RjFhIr4BL._AC_SL1500_.jpg\",\"datePublished\":\"2026-02-27T04:14:41+00:00\",\"dateModified\":\"2026-02-27T04:14:58+00:00\",\"description\":\"Entdecken Sie smarte Roboter f\u00fcr Zuhause, Garten, Bildung und Sicherheit. Vergleichen Sie Saugroboter, Rasenm\u00e4hroboter, KI-Begleitroboter und mehr bei EasyLifeRobo.\",\"breadcrumb\":{\"@id\":\"https:\/\/easyliferobo.com\/de\/product\/arebos-roboter-rasenmaeher-garage-rasenmaeher-rasenmaeher-carport-102-x-79-x-46-cm-wetterfest-uv-schutz-mit-metallfuessen-rasenmaeher-ueberdachung-inklusive-montagematerial-schwarz\/#breadcrumb\"},\"inLanguage\":\"de\",\"potentialAction\":[{\"@type\":\"ReadAction\",\"target\":[\"https:\/\/easyliferobo.com\/de\/product\/arebos-roboter-rasenmaeher-garage-rasenmaeher-rasenmaeher-carport-102-x-79-x-46-cm-wetterfest-uv-schutz-mit-metallfuessen-rasenmaeher-ueberdachung-inklusive-montagematerial-schwarz\/\"]}]},{\"@type\":\"ImageObject\",\"inLanguage\":\"de\",\"@id\":\"https:\/\/easyliferobo.com\/de\/product\/arebos-roboter-rasenmaeher-garage-rasenmaeher-rasenmaeher-carport-102-x-79-x-46-cm-wetterfest-uv-schutz-mit-metallfuessen-rasenmaeher-ueberdachung-inklusive-montagematerial-schwarz\/#primaryimage\",\"url\":\"https:\/\/easyliferobo.com\/de\/wp-content\/uploads\/2026\/02\/71RjFhIr4BL._AC_SL1500_.jpg\",\"contentUrl\":\"https:\/\/easyliferobo.com\/de\/wp-content\/uploads\/2026\/02\/71RjFhIr4BL._AC_SL1500_.jpg\",\"width\":1413,\"height\":1500},{\"@type\":\"BreadcrumbList\",\"@id\":\"https:\/\/easyliferobo.com\/de\/product\/arebos-roboter-rasenmaeher-garage-rasenmaeher-rasenmaeher-carport-102-x-79-x-46-cm-wetterfest-uv-schutz-mit-metallfuessen-rasenmaeher-ueberdachung-inklusive-montagematerial-schwarz\/#breadcrumb\",\"itemListElement\":[{\"@type\":\"ListItem\",\"position\":1,\"name\":\"Home\",\"item\":\"https:\/\/easyliferobo.com\/de\/\"},{\"@type\":\"ListItem\",\"position\":2,\"name\":\"Shop\",\"item\":\"https:\/\/easyliferobo.com\/de\/shop\/\"},{\"@type\":\"ListItem\",\"position\":3,\"name\":\"Arebos Roboter-Rasenm\u00e4her-Garage, ...\"}]},{\"@type\":\"WebSite\",\"@id\":\"https:\/\/easyliferobo.com\/de\/#website\",\"url\":\"https:\/\/easyliferobo.com\/de\/\",\"name\":\"EasyLifeBro\",\"description\":\"Smarte Roboter f\u00fcr Zuhause, Garten &amp; Bildung\",\"publisher\":{\"@id\":\"https:\/\/easyliferobo.com\/de\/#organization\"},\"potentialAction\":[{\"@type\":\"SearchAction\",\"target\":{\"@type\":\"EntryPoint\",\"urlTemplate\":\"https:\/\/easyliferobo.com\/de\/?s={search_term_string}\"},\"query-input\":{\"@type\":\"PropertyValueSpecification\",\"valueRequired\":true,\"valueName\":\"search_term_string\"}}],\"inLanguage\":\"de\"},{\"@type\":\"Organization\",\"@id\":\"https:\/\/easyliferobo.com\/de\/#organization\",\"name\":\"EasyLifeBro\",\"url\":\"https:\/\/easyliferobo.com\/de\/\",\"logo\":{\"@type\":\"ImageObject\",\"inLanguage\":\"de\",\"@id\":\"https:\/\/easyliferobo.com\/de\/#\/schema\/logo\/image\/\",\"url\":\"https:\/\/easyliferobo.com\/de\/wp-content\/uploads\/2026\/02\/Screenshot-2026-02-22-at-2.25.03-PM.png\",\"contentUrl\":\"https:\/\/easyliferobo.com\/de\/wp-content\/uploads\/2026\/02\/Screenshot-2026-02-22-at-2.25.03-PM.png\",\"width\":1858,\"height\":430,\"caption\":\"EasyLifeBro\"},\"image\":{\"@id\":\"https:\/\/easyliferobo.com\/de\/#\/schema\/logo\/image\/\"}}]}<\/script>\n<!-- \/ Yoast SEO plugin. -->","yoast_head_json":{"title":"Arebos Roboter-Rasenm\u00e4her-Garage, Rasenm\u00e4her, Rasenm\u00e4her, Carport, 102 x 79 x 46 cm, wetterfest + UV-Schutz, mit Metallf\u00fc\u00dfen, Rasenm\u00e4her-\u00dcberdachung, inklusive Montagematerial, schwarz - EasyLifeBro","description":"Entdecken Sie smarte Roboter f\u00fcr Zuhause, Garten, Bildung und Sicherheit. Vergleichen Sie Saugroboter, Rasenm\u00e4hroboter, KI-Begleitroboter und mehr bei EasyLifeRobo.","robots":{"index":"index","follow":"follow","max-snippet":"max-snippet:-1","max-image-preview":"max-image-preview:large","max-video-preview":"max-video-preview:-1"},"canonical":"https:\/\/easyliferobo.com\/de\/product\/arebos-roboter-rasenmaeher-garage-rasenmaeher-rasenmaeher-carport-102-x-79-x-46-cm-wetterfest-uv-schutz-mit-metallfuessen-rasenmaeher-ueberdachung-inklusive-montagematerial-schwarz\/","og_locale":"de_DE","og_type":"article","og_title":"Arebos Roboter-Rasenm\u00e4her-Garage, Rasenm\u00e4her, Rasenm\u00e4her, Carport, 102 x 79 x 46 cm, wetterfest + UV-Schutz, mit Metallf\u00fc\u00dfen, Rasenm\u00e4her-\u00dcberdachung, inklusive Montagematerial, schwarz - EasyLifeBro","og_description":"Entdecken Sie smarte Roboter f\u00fcr Zuhause, Garten, Bildung und Sicherheit. Vergleichen Sie Saugroboter, Rasenm\u00e4hroboter, KI-Begleitroboter und mehr bei EasyLifeRobo.","og_url":"https:\/\/easyliferobo.com\/de\/product\/arebos-roboter-rasenmaeher-garage-rasenmaeher-rasenmaeher-carport-102-x-79-x-46-cm-wetterfest-uv-schutz-mit-metallfuessen-rasenmaeher-ueberdachung-inklusive-montagematerial-schwarz\/","og_site_name":"EasyLifeBro","article_modified_time":"2026-02-27T04:14:58+00:00","og_image":[{"url":"https:\/\/images-na.ssl-images-amazon.com\/images\/G\/01\/x-locale\/common\/grey-pixel.gif","type":"","width":"","height":""}],"twitter_card":"summary_large_image","twitter_misc":{"Gesch\u00e4tzte Lesezeit":"3\u00a0Minuten"},"schema":{"@context":"https:\/\/schema.org","@graph":[{"@type":"WebPage","@id":"https:\/\/easyliferobo.com\/de\/product\/arebos-roboter-rasenmaeher-garage-rasenmaeher-rasenmaeher-carport-102-x-79-x-46-cm-wetterfest-uv-schutz-mit-metallfuessen-rasenmaeher-ueberdachung-inklusive-montagematerial-schwarz\/","url":"https:\/\/easyliferobo.com\/de\/product\/arebos-roboter-rasenmaeher-garage-rasenmaeher-rasenmaeher-carport-102-x-79-x-46-cm-wetterfest-uv-schutz-mit-metallfuessen-rasenmaeher-ueberdachung-inklusive-montagematerial-schwarz\/","name":"Arebos Roboter-Rasenm\u00e4her-Garage, Rasenm\u00e4her, Rasenm\u00e4her, Carport, 102 x 79 x 46 cm, wetterfest + UV-Schutz, mit Metallf\u00fc\u00dfen, Rasenm\u00e4her-\u00dcberdachung, inklusive Montagematerial, schwarz - EasyLifeBro","isPartOf":{"@id":"https:\/\/easyliferobo.com\/de\/#website"},"primaryImageOfPage":{"@id":"https:\/\/easyliferobo.com\/de\/product\/arebos-roboter-rasenmaeher-garage-rasenmaeher-rasenmaeher-carport-102-x-79-x-46-cm-wetterfest-uv-schutz-mit-metallfuessen-rasenmaeher-ueberdachung-inklusive-montagematerial-schwarz\/#primaryimage"},"image":{"@id":"https:\/\/easyliferobo.com\/de\/product\/arebos-roboter-rasenmaeher-garage-rasenmaeher-rasenmaeher-carport-102-x-79-x-46-cm-wetterfest-uv-schutz-mit-metallfuessen-rasenmaeher-ueberdachung-inklusive-montagematerial-schwarz\/#primaryimage"},"thumbnailUrl":"https:\/\/easyliferobo.com\/de\/wp-content\/uploads\/2026\/02\/71RjFhIr4BL._AC_SL1500_.jpg","datePublished":"2026-02-27T04:14:41+00:00","dateModified":"2026-02-27T04:14:58+00:00","description":"Entdecken Sie smarte Roboter f\u00fcr Zuhause, Garten, Bildung und Sicherheit. Vergleichen Sie Saugroboter, Rasenm\u00e4hroboter, KI-Begleitroboter und mehr bei EasyLifeRobo.","breadcrumb":{"@id":"https:\/\/easyliferobo.com\/de\/product\/arebos-roboter-rasenmaeher-garage-rasenmaeher-rasenmaeher-carport-102-x-79-x-46-cm-wetterfest-uv-schutz-mit-metallfuessen-rasenmaeher-ueberdachung-inklusive-montagematerial-schwarz\/#breadcrumb"},"inLanguage":"de","potentialAction":[{"@type":"ReadAction","target":["https:\/\/easyliferobo.com\/de\/product\/arebos-roboter-rasenmaeher-garage-rasenmaeher-rasenmaeher-carport-102-x-79-x-46-cm-wetterfest-uv-schutz-mit-metallfuessen-rasenmaeher-ueberdachung-inklusive-montagematerial-schwarz\/"]}]},{"@type":"ImageObject","inLanguage":"de","@id":"https:\/\/easyliferobo.com\/de\/product\/arebos-roboter-rasenmaeher-garage-rasenmaeher-rasenmaeher-carport-102-x-79-x-46-cm-wetterfest-uv-schutz-mit-metallfuessen-rasenmaeher-ueberdachung-inklusive-montagematerial-schwarz\/#primaryimage","url":"https:\/\/easyliferobo.com\/de\/wp-content\/uploads\/2026\/02\/71RjFhIr4BL._AC_SL1500_.jpg","contentUrl":"https:\/\/easyliferobo.com\/de\/wp-content\/uploads\/2026\/02\/71RjFhIr4BL._AC_SL1500_.jpg","width":1413,"height":1500},{"@type":"BreadcrumbList","@id":"https:\/\/easyliferobo.com\/de\/product\/arebos-roboter-rasenmaeher-garage-rasenmaeher-rasenmaeher-carport-102-x-79-x-46-cm-wetterfest-uv-schutz-mit-metallfuessen-rasenmaeher-ueberdachung-inklusive-montagematerial-schwarz\/#breadcrumb","itemListElement":[{"@type":"ListItem","position":1,"name":"Home","item":"https:\/\/easyliferobo.com\/de\/"},{"@type":"ListItem","position":2,"name":"Shop","item":"https:\/\/easyliferobo.com\/de\/shop\/"},{"@type":"ListItem","position":3,"name":"Arebos Roboter-Rasenm\u00e4her-Garage, ..."}]},{"@type":"WebSite","@id":"https:\/\/easyliferobo.com\/de\/#website","url":"https:\/\/easyliferobo.com\/de\/","name":"EasyLifeBro","description":"Smarte Roboter f\u00fcr Zuhause, Garten &amp; Bildung","publisher":{"@id":"https:\/\/easyliferobo.com\/de\/#organization"},"potentialAction":[{"@type":"SearchAction","target":{"@type":"EntryPoint","urlTemplate":"https:\/\/easyliferobo.com\/de\/?s={search_term_string}"},"query-input":{"@type":"PropertyValueSpecification","valueRequired":true,"valueName":"search_term_string"}}],"inLanguage":"de"},{"@type":"Organization","@id":"https:\/\/easyliferobo.com\/de\/#organization","name":"EasyLifeBro","url":"https:\/\/easyliferobo.com\/de\/","logo":{"@type":"ImageObject","inLanguage":"de","@id":"https:\/\/easyliferobo.com\/de\/#\/schema\/logo\/image\/","url":"https:\/\/easyliferobo.com\/de\/wp-content\/uploads\/2026\/02\/Screenshot-2026-02-22-at-2.25.03-PM.png","contentUrl":"https:\/\/easyliferobo.com\/de\/wp-content\/uploads\/2026\/02\/Screenshot-2026-02-22-at-2.25.03-PM.png","width":1858,"height":430,"caption":"EasyLifeBro"},"image":{"@id":"https:\/\/easyliferobo.com\/de\/#\/schema\/logo\/image\/"}}]}},"_links":{"self":[{"href":"https:\/\/easyliferobo.com\/de\/wp-json\/wp\/v2\/product\/2483","targetHints":{"allow":["GET"]}}],"collection":[{"href":"https:\/\/easyliferobo.com\/de\/wp-json\/wp\/v2\/product"}],"about":[{"href":"https:\/\/easyliferobo.com\/de\/wp-json\/wp\/v2\/types\/product"}],"replies":[{"embeddable":true,"href":"https:\/\/easyliferobo.com\/de\/wp-json\/wp\/v2\/comments?post=2483"}],"wp:featuredmedia":[{"embeddable":true,"href":"https:\/\/easyliferobo.com\/de\/wp-json\/wp\/v2\/media\/2484"}],"wp:attachment":[{"href":"https:\/\/easyliferobo.com\/de\/wp-json\/wp\/v2\/media?parent=2483"}],"wp:term":[{"taxonomy":"store","embeddable":true,"href":"https:\/\/easyliferobo.com\/de\/wp-json\/wp\/v2\/store?post=2483"},{"taxonomy":"product_brand","embeddable":true,"href":"https:\/\/easyliferobo.com\/de\/wp-json\/wp\/v2\/product_brand?post=2483"},{"taxonomy":"product_cat","embeddable":true,"href":"https:\/\/easyliferobo.com\/de\/wp-json\/wp\/v2\/product_cat?post=2483"},{"taxonomy":"product_tag","embeddable":true,"href":"https:\/\/easyliferobo.com\/de\/wp-json\/wp\/v2\/product_tag?post=2483"}],"curies":[{"name":"wp","href":"https:\/\/api.w.org\/{rel}","templated":true}]}}