
{"id":2453,"date":"2026-02-27T04:10:11","date_gmt":"2026-02-27T04:10:11","guid":{"rendered":"https:\/\/easyliferobo.com\/de\/product\/roborock-qrevo-master-saugroboter-mit-wischfunktion-und-hebemopp-flexiarm-design-hyperforce-saugkraft-von-10-000-pa-zusaetzlich-2-wischmopps-roboter-staubsauger-set-schwarz\/"},"modified":"2026-02-27T04:10:31","modified_gmt":"2026-02-27T04:10:31","slug":"roborock-qrevo-master-saugroboter-mit-wischfunktion-und-hebemopp-flexiarm-design-hyperforce-saugkraft-von-10-000-pa-zusaetzlich-2-wischmopps-roboter-staubsauger-set-schwarz","status":"publish","type":"product","link":"https:\/\/easyliferobo.com\/de\/product\/roborock-qrevo-master-saugroboter-mit-wischfunktion-und-hebemopp-flexiarm-design-hyperforce-saugkraft-von-10-000-pa-zusaetzlich-2-wischmopps-roboter-staubsauger-set-schwarz\/","title":{"rendered":"roborock Qrevo Master Saugroboter m..."},"content":{"rendered":"<p>\n                                             Von der Marke   <\/p>\n<p>                                              <img decoding=\"async\" alt=\"\" src=\"https:\/\/images-na.ssl-images-amazon.com\/images\/G\/01\/x-locale\/common\/grey-pixel.gif\" class=\"a-lazy-loaded\" data-src=\"https:\/\/m.media-amazon.com\/images\/S\/aplus-media-library-service-media\/0c9e7162-ef25-47fc-92ce-27430d12f19f.__CR0,0,1464,625_PT0_SX1464_V1___.jpg\"><img decoding=\"async\" alt=\"\" src=\"https:\/\/m.media-amazon.com\/images\/S\/aplus-media-library-service-media\/0c9e7162-ef25-47fc-92ce-27430d12f19f.__CR0,0,1464,625_PT0_SX1464_V1___.jpg\">  <\/p>\n<p>                                              <img decoding=\"async\" alt=\"\" src=\"https:\/\/images-na.ssl-images-amazon.com\/images\/G\/01\/x-locale\/common\/grey-pixel.gif\" class=\"a-lazy-loaded\" data-src=\"https:\/\/m.media-amazon.com\/images\/S\/aplus-media-library-service-media\/89823498-7fb0-4262-a2a6-7c3b9690c63d.__CR0,0,315,145_PT0_SX315_V1___.jpg\"><img decoding=\"async\" alt=\"\" src=\"https:\/\/m.media-amazon.com\/images\/S\/aplus-media-library-service-media\/89823498-7fb0-4262-a2a6-7c3b9690c63d.__CR0,0,315,145_PT0_SX315_V1___.jpg\">  <\/p>\n<p>  Roborock ist auf die Forschung, Entwicklung und Produktion von Smart-Home-Robotern spezialisiert <\/p>\n<p>  Die Produkte von Roborock arbeiten so effizient, dass Menschen mehr Zeit f\u00fcr Dinge haben, die ihnen wichtig sind, und weniger Zeit mit Hausarbeit verbringen m\u00fcssen. Mit seinen intelligenten Robotern und Akkustaubsaugern bietet das Unternehmen vielf\u00e4ltige Produkte an und m\u00f6chte zu einem komfortableren und entspannteren Lebensstil der Menschen beitragen <\/p>\n<h3>  Roborock-Roboterstaubsauger <\/h3>\n<p>                                              <img decoding=\"async\" alt=\"Eine Grafik, die die Anzahl der Menschen auf der Welt zeigt.\" src=\"https:\/\/images-na.ssl-images-amazon.com\/images\/G\/01\/x-locale\/common\/grey-pixel.gif\" class=\"a-lazy-loaded\" data-src=\"https:\/\/m.media-amazon.com\/images\/S\/aplus-media-library-service-media\/e547801e-ddec-445d-8c47-4428d140d106.__CR0,0,362,453_PT0_SX362_V1___.jpg\"><img decoding=\"async\" alt=\"Eine Grafik, die die Anzahl der Menschen auf der Welt zeigt.\" src=\"https:\/\/m.media-amazon.com\/images\/S\/aplus-media-library-service-media\/e547801e-ddec-445d-8c47-4428d140d106.__CR0,0,362,453_PT0_SX362_V1___.jpg\">  <\/p>\n<p>                                              <img decoding=\"async\" alt=\"Roborock-Roboterstaubsauger\" src=\"https:\/\/images-na.ssl-images-amazon.com\/images\/G\/01\/x-locale\/common\/grey-pixel.gif\" class=\"a-lazy-loaded\" data-src=\"https:\/\/m.media-amazon.com\/images\/S\/aplus-media-library-service-media\/a6772a21-24e2-4f2c-a405-2f606f0d0f23.__CR0,0,362,453_PT0_SX362_V1___.jpg\"><img decoding=\"async\" alt=\"Roborock-Roboterstaubsauger\" src=\"https:\/\/m.media-amazon.com\/images\/S\/aplus-media-library-service-media\/a6772a21-24e2-4f2c-a405-2f606f0d0f23.__CR0,0,362,453_PT0_SX362_V1___.jpg\">  <\/p>\n<p>Erreicht m\u00fchelos jede Ecke: Die exklusive Seitenb\u00fcrste mit Kantenwischsystem sorgt dank des Roborock FlexiArm-Designs f\u00fcr eine unvergleichlich gr\u00fcndliche Reinigungsabdeckung, beseitigt blinde Flecken und hinterl\u00e4sst somit keinen Schmutz.<br \/>Doppelter Nutzen f\u00fcr Sauberkeit: Mit 10.000 Pa HyperForce-Saugkraft und zwei gegenl\u00e4ufigen Vollgummiwalzen werden Haare, Staub und R\u00fcckst\u00e4nde auf verschiedenen Oberfl\u00e4chen wie Holzb\u00f6den, Fliesen und Teppichen effizient absorbiert und so ein au\u00dfergew\u00f6hnlich hohes Ma\u00df an Sauberkeit erreicht.<br \/>F\u00fcr makellose B\u00f6den: Saubere B\u00f6den ohne Aufwand. Wenn sich die beiden Mopps drehen, bleiben Druck und Feuchtigkeit konstant, um Flecken leicht zu entfernen.<br \/>VERBESSERN SIE DAS REINIGUNGSERLEBNIS. Je nach Reinigungsaufgabe hebt der Roborock Qrevo Master entweder die B\u00fcrste oder den Mopps oder beides automatisch an. Dies optimiert die Reinigungswirkung und vermeidet gleichzeitig Flecken nach der Reinigung.<br \/>Ihr Garant f\u00fcr m\u00fcheloses Reinigen: Erleben Sie die verbesserte Multifunktions-Dockingstation 3.0 mit verbesserten Moppwasch- und Selbstreinigungsfunktionen: Reinigen ohne manuellen Eingriff, aber mit verbesserter Leistung und Intelligenz.<br \/>Selbstreinigung der Dockingstation: Dank des integrierten Selbstreinigungsmoduls wird die Basis der Dockingstation effektiv gereinigt. Rotierende Scheibenwischer sorgen daf\u00fcr, dass keine manuelle Wartung erforderlich ist. S\u00e4mtliche Zubeh\u00f6rteile des Selbstreinigungsmoduls und der Sockel der Dockingstation sind abnehmbar, sodass sie bei Bedarf leicht gereinigt werden k\u00f6nnen.<br \/>Sichere Navigation: Mit strukturiertem Licht und einer RGB-Kamera identifiziert und vermeidet der Roboter 62 Objekttypen in 20 Kategorien. Es navigiert schnell um Hindernisse herum und minimiert die Notwendigkeit manueller Eingriffe sowohl in hellen als auch in dunklen Umgebungen.<br \/>Bitte \u201eRocky\u201c um Hilfe: Sagen Sie einfach \u201eHallo Rocky\u201c, um mit der Reinigung zu beginnen, passen Sie die Einstellungen je nach Reinigungsszenario an oder rufen Sie bei Bedarf den Roboter an. Genie\u00dfen Sie den Komfort der Sprachsteuerung, auch offline.<\/p>\n<p>[ad_2]<\/p>\n","protected":false},"excerpt":{"rendered":"<p>Von der Marke Roborock ist auf die Forschung, Entwicklung und Produktion von Smart-Home-Robotern spezialisiert Die Produkte von Roborock arbeiten so effizient, dass Menschen mehr Zeit f\u00fcr Dinge haben, die ihnen wichtig sind, und weniger Zeit mit Hausarbeit verbringen m\u00fcssen. Mit seinen intelligenten Robotern und Akkustaubsaugern bietet das Unternehmen vielf\u00e4ltige Produkte an und m\u00f6chte zu einem [&hellip;]<\/p>\n","protected":false},"featured_media":2454,"comment_status":"open","ping_status":"closed","template":"","meta":{"_aipt_faq_data":""},"store":[],"product_brand":[40],"product_cat":[73],"product_tag":[149],"class_list":{"0":"post-2453","1":"product","2":"type-product","3":"status-publish","4":"has-post-thumbnail","6":"product_brand-roborock","7":"product_cat-wischroboter","8":"product_tag-wischroboter-fuer-fliesen","10":"first","11":"instock","12":"sale","13":"shipping-taxable","14":"product-type-external"},"yoast_head":"<!-- This site is optimized with the Yoast SEO plugin v27.0 - https:\/\/yoast.com\/product\/yoast-seo-wordpress\/ -->\n<title>roborock Qrevo Master Saugroboter mit Wischfunktion und Hebemopp, FlexiArm-Design, HyperForce-Saugkraft von 10.000 Pa, zus\u00e4tzlich 2 Wischmopps, Roboter-Staubsauger-Set (schwarz) - EasyLifeBro<\/title>\n<meta name=\"description\" content=\"Entdecken Sie smarte Roboter f\u00fcr Zuhause, Garten, Bildung und Sicherheit. Vergleichen Sie Saugroboter, Rasenm\u00e4hroboter, KI-Begleitroboter und mehr bei EasyLifeRobo.\" \/>\n<meta name=\"robots\" content=\"index, follow, max-snippet:-1, max-image-preview:large, max-video-preview:-1\" \/>\n<link rel=\"canonical\" href=\"https:\/\/easyliferobo.com\/de\/product\/roborock-qrevo-master-saugroboter-mit-wischfunktion-und-hebemopp-flexiarm-design-hyperforce-saugkraft-von-10-000-pa-zusaetzlich-2-wischmopps-roboter-staubsauger-set-schwarz\/\" \/>\n<meta property=\"og:locale\" content=\"de_DE\" \/>\n<meta property=\"og:type\" content=\"article\" \/>\n<meta property=\"og:title\" content=\"roborock Qrevo Master Saugroboter mit Wischfunktion und Hebemopp, FlexiArm-Design, HyperForce-Saugkraft von 10.000 Pa, zus\u00e4tzlich 2 Wischmopps, Roboter-Staubsauger-Set (schwarz) - EasyLifeBro\" \/>\n<meta property=\"og:description\" content=\"Entdecken Sie smarte Roboter f\u00fcr Zuhause, Garten, Bildung und Sicherheit. Vergleichen Sie Saugroboter, Rasenm\u00e4hroboter, KI-Begleitroboter und mehr bei EasyLifeRobo.\" \/>\n<meta property=\"og:url\" content=\"https:\/\/easyliferobo.com\/de\/product\/roborock-qrevo-master-saugroboter-mit-wischfunktion-und-hebemopp-flexiarm-design-hyperforce-saugkraft-von-10-000-pa-zusaetzlich-2-wischmopps-roboter-staubsauger-set-schwarz\/\" \/>\n<meta property=\"og:site_name\" content=\"EasyLifeBro\" \/>\n<meta property=\"article:modified_time\" content=\"2026-02-27T04:10:31+00:00\" \/>\n<meta property=\"og:image\" content=\"https:\/\/images-na.ssl-images-amazon.com\/images\/G\/01\/x-locale\/common\/grey-pixel.gif\" \/>\n<meta name=\"twitter:card\" content=\"summary_large_image\" \/>\n<meta name=\"twitter:label1\" content=\"Gesch\u00e4tzte Lesezeit\" \/>\n\t<meta name=\"twitter:data1\" content=\"2\u00a0Minuten\" \/>\n<script type=\"application\/ld+json\" class=\"yoast-schema-graph\">{\"@context\":\"https:\/\/schema.org\",\"@graph\":[{\"@type\":\"WebPage\",\"@id\":\"https:\/\/easyliferobo.com\/de\/product\/roborock-qrevo-master-saugroboter-mit-wischfunktion-und-hebemopp-flexiarm-design-hyperforce-saugkraft-von-10-000-pa-zusaetzlich-2-wischmopps-roboter-staubsauger-set-schwarz\/\",\"url\":\"https:\/\/easyliferobo.com\/de\/product\/roborock-qrevo-master-saugroboter-mit-wischfunktion-und-hebemopp-flexiarm-design-hyperforce-saugkraft-von-10-000-pa-zusaetzlich-2-wischmopps-roboter-staubsauger-set-schwarz\/\",\"name\":\"roborock Qrevo Master Saugroboter mit Wischfunktion und Hebemopp, FlexiArm-Design, HyperForce-Saugkraft von 10.000 Pa, zus\u00e4tzlich 2 Wischmopps, Roboter-Staubsauger-Set (schwarz) - EasyLifeBro\",\"isPartOf\":{\"@id\":\"https:\/\/easyliferobo.com\/de\/#website\"},\"primaryImageOfPage\":{\"@id\":\"https:\/\/easyliferobo.com\/de\/product\/roborock-qrevo-master-saugroboter-mit-wischfunktion-und-hebemopp-flexiarm-design-hyperforce-saugkraft-von-10-000-pa-zusaetzlich-2-wischmopps-roboter-staubsauger-set-schwarz\/#primaryimage\"},\"image\":{\"@id\":\"https:\/\/easyliferobo.com\/de\/product\/roborock-qrevo-master-saugroboter-mit-wischfunktion-und-hebemopp-flexiarm-design-hyperforce-saugkraft-von-10-000-pa-zusaetzlich-2-wischmopps-roboter-staubsauger-set-schwarz\/#primaryimage\"},\"thumbnailUrl\":\"https:\/\/easyliferobo.com\/de\/wp-content\/uploads\/2026\/02\/71sA0PTjg4L._AC_SL1500_.jpg\",\"datePublished\":\"2026-02-27T04:10:11+00:00\",\"dateModified\":\"2026-02-27T04:10:31+00:00\",\"description\":\"Entdecken Sie smarte Roboter f\u00fcr Zuhause, Garten, Bildung und Sicherheit. Vergleichen Sie Saugroboter, Rasenm\u00e4hroboter, KI-Begleitroboter und mehr bei EasyLifeRobo.\",\"breadcrumb\":{\"@id\":\"https:\/\/easyliferobo.com\/de\/product\/roborock-qrevo-master-saugroboter-mit-wischfunktion-und-hebemopp-flexiarm-design-hyperforce-saugkraft-von-10-000-pa-zusaetzlich-2-wischmopps-roboter-staubsauger-set-schwarz\/#breadcrumb\"},\"inLanguage\":\"de\",\"potentialAction\":[{\"@type\":\"ReadAction\",\"target\":[\"https:\/\/easyliferobo.com\/de\/product\/roborock-qrevo-master-saugroboter-mit-wischfunktion-und-hebemopp-flexiarm-design-hyperforce-saugkraft-von-10-000-pa-zusaetzlich-2-wischmopps-roboter-staubsauger-set-schwarz\/\"]}]},{\"@type\":\"ImageObject\",\"inLanguage\":\"de\",\"@id\":\"https:\/\/easyliferobo.com\/de\/product\/roborock-qrevo-master-saugroboter-mit-wischfunktion-und-hebemopp-flexiarm-design-hyperforce-saugkraft-von-10-000-pa-zusaetzlich-2-wischmopps-roboter-staubsauger-set-schwarz\/#primaryimage\",\"url\":\"https:\/\/easyliferobo.com\/de\/wp-content\/uploads\/2026\/02\/71sA0PTjg4L._AC_SL1500_.jpg\",\"contentUrl\":\"https:\/\/easyliferobo.com\/de\/wp-content\/uploads\/2026\/02\/71sA0PTjg4L._AC_SL1500_.jpg\",\"width\":1500,\"height\":1342},{\"@type\":\"BreadcrumbList\",\"@id\":\"https:\/\/easyliferobo.com\/de\/product\/roborock-qrevo-master-saugroboter-mit-wischfunktion-und-hebemopp-flexiarm-design-hyperforce-saugkraft-von-10-000-pa-zusaetzlich-2-wischmopps-roboter-staubsauger-set-schwarz\/#breadcrumb\",\"itemListElement\":[{\"@type\":\"ListItem\",\"position\":1,\"name\":\"Home\",\"item\":\"https:\/\/easyliferobo.com\/de\/\"},{\"@type\":\"ListItem\",\"position\":2,\"name\":\"Shop\",\"item\":\"https:\/\/easyliferobo.com\/de\/shop\/\"},{\"@type\":\"ListItem\",\"position\":3,\"name\":\"roborock Qrevo Master Saugroboter m...\"}]},{\"@type\":\"WebSite\",\"@id\":\"https:\/\/easyliferobo.com\/de\/#website\",\"url\":\"https:\/\/easyliferobo.com\/de\/\",\"name\":\"EasyLifeBro\",\"description\":\"Smarte Roboter f\u00fcr Zuhause, Garten &amp; Bildung\",\"publisher\":{\"@id\":\"https:\/\/easyliferobo.com\/de\/#organization\"},\"potentialAction\":[{\"@type\":\"SearchAction\",\"target\":{\"@type\":\"EntryPoint\",\"urlTemplate\":\"https:\/\/easyliferobo.com\/de\/?s={search_term_string}\"},\"query-input\":{\"@type\":\"PropertyValueSpecification\",\"valueRequired\":true,\"valueName\":\"search_term_string\"}}],\"inLanguage\":\"de\"},{\"@type\":\"Organization\",\"@id\":\"https:\/\/easyliferobo.com\/de\/#organization\",\"name\":\"EasyLifeBro\",\"url\":\"https:\/\/easyliferobo.com\/de\/\",\"logo\":{\"@type\":\"ImageObject\",\"inLanguage\":\"de\",\"@id\":\"https:\/\/easyliferobo.com\/de\/#\/schema\/logo\/image\/\",\"url\":\"https:\/\/easyliferobo.com\/de\/wp-content\/uploads\/2026\/02\/Screenshot-2026-02-22-at-2.25.03-PM.png\",\"contentUrl\":\"https:\/\/easyliferobo.com\/de\/wp-content\/uploads\/2026\/02\/Screenshot-2026-02-22-at-2.25.03-PM.png\",\"width\":1858,\"height\":430,\"caption\":\"EasyLifeBro\"},\"image\":{\"@id\":\"https:\/\/easyliferobo.com\/de\/#\/schema\/logo\/image\/\"}}]}<\/script>\n<!-- \/ Yoast SEO plugin. -->","yoast_head_json":{"title":"roborock Qrevo Master Saugroboter mit Wischfunktion und Hebemopp, FlexiArm-Design, HyperForce-Saugkraft von 10.000 Pa, zus\u00e4tzlich 2 Wischmopps, Roboter-Staubsauger-Set (schwarz) - EasyLifeBro","description":"Entdecken Sie smarte Roboter f\u00fcr Zuhause, Garten, Bildung und Sicherheit. Vergleichen Sie Saugroboter, Rasenm\u00e4hroboter, KI-Begleitroboter und mehr bei EasyLifeRobo.","robots":{"index":"index","follow":"follow","max-snippet":"max-snippet:-1","max-image-preview":"max-image-preview:large","max-video-preview":"max-video-preview:-1"},"canonical":"https:\/\/easyliferobo.com\/de\/product\/roborock-qrevo-master-saugroboter-mit-wischfunktion-und-hebemopp-flexiarm-design-hyperforce-saugkraft-von-10-000-pa-zusaetzlich-2-wischmopps-roboter-staubsauger-set-schwarz\/","og_locale":"de_DE","og_type":"article","og_title":"roborock Qrevo Master Saugroboter mit Wischfunktion und Hebemopp, FlexiArm-Design, HyperForce-Saugkraft von 10.000 Pa, zus\u00e4tzlich 2 Wischmopps, Roboter-Staubsauger-Set (schwarz) - EasyLifeBro","og_description":"Entdecken Sie smarte Roboter f\u00fcr Zuhause, Garten, Bildung und Sicherheit. Vergleichen Sie Saugroboter, Rasenm\u00e4hroboter, KI-Begleitroboter und mehr bei EasyLifeRobo.","og_url":"https:\/\/easyliferobo.com\/de\/product\/roborock-qrevo-master-saugroboter-mit-wischfunktion-und-hebemopp-flexiarm-design-hyperforce-saugkraft-von-10-000-pa-zusaetzlich-2-wischmopps-roboter-staubsauger-set-schwarz\/","og_site_name":"EasyLifeBro","article_modified_time":"2026-02-27T04:10:31+00:00","og_image":[{"url":"https:\/\/images-na.ssl-images-amazon.com\/images\/G\/01\/x-locale\/common\/grey-pixel.gif","type":"","width":"","height":""}],"twitter_card":"summary_large_image","twitter_misc":{"Gesch\u00e4tzte Lesezeit":"2\u00a0Minuten"},"schema":{"@context":"https:\/\/schema.org","@graph":[{"@type":"WebPage","@id":"https:\/\/easyliferobo.com\/de\/product\/roborock-qrevo-master-saugroboter-mit-wischfunktion-und-hebemopp-flexiarm-design-hyperforce-saugkraft-von-10-000-pa-zusaetzlich-2-wischmopps-roboter-staubsauger-set-schwarz\/","url":"https:\/\/easyliferobo.com\/de\/product\/roborock-qrevo-master-saugroboter-mit-wischfunktion-und-hebemopp-flexiarm-design-hyperforce-saugkraft-von-10-000-pa-zusaetzlich-2-wischmopps-roboter-staubsauger-set-schwarz\/","name":"roborock Qrevo Master Saugroboter mit Wischfunktion und Hebemopp, FlexiArm-Design, HyperForce-Saugkraft von 10.000 Pa, zus\u00e4tzlich 2 Wischmopps, Roboter-Staubsauger-Set (schwarz) - EasyLifeBro","isPartOf":{"@id":"https:\/\/easyliferobo.com\/de\/#website"},"primaryImageOfPage":{"@id":"https:\/\/easyliferobo.com\/de\/product\/roborock-qrevo-master-saugroboter-mit-wischfunktion-und-hebemopp-flexiarm-design-hyperforce-saugkraft-von-10-000-pa-zusaetzlich-2-wischmopps-roboter-staubsauger-set-schwarz\/#primaryimage"},"image":{"@id":"https:\/\/easyliferobo.com\/de\/product\/roborock-qrevo-master-saugroboter-mit-wischfunktion-und-hebemopp-flexiarm-design-hyperforce-saugkraft-von-10-000-pa-zusaetzlich-2-wischmopps-roboter-staubsauger-set-schwarz\/#primaryimage"},"thumbnailUrl":"https:\/\/easyliferobo.com\/de\/wp-content\/uploads\/2026\/02\/71sA0PTjg4L._AC_SL1500_.jpg","datePublished":"2026-02-27T04:10:11+00:00","dateModified":"2026-02-27T04:10:31+00:00","description":"Entdecken Sie smarte Roboter f\u00fcr Zuhause, Garten, Bildung und Sicherheit. Vergleichen Sie Saugroboter, Rasenm\u00e4hroboter, KI-Begleitroboter und mehr bei EasyLifeRobo.","breadcrumb":{"@id":"https:\/\/easyliferobo.com\/de\/product\/roborock-qrevo-master-saugroboter-mit-wischfunktion-und-hebemopp-flexiarm-design-hyperforce-saugkraft-von-10-000-pa-zusaetzlich-2-wischmopps-roboter-staubsauger-set-schwarz\/#breadcrumb"},"inLanguage":"de","potentialAction":[{"@type":"ReadAction","target":["https:\/\/easyliferobo.com\/de\/product\/roborock-qrevo-master-saugroboter-mit-wischfunktion-und-hebemopp-flexiarm-design-hyperforce-saugkraft-von-10-000-pa-zusaetzlich-2-wischmopps-roboter-staubsauger-set-schwarz\/"]}]},{"@type":"ImageObject","inLanguage":"de","@id":"https:\/\/easyliferobo.com\/de\/product\/roborock-qrevo-master-saugroboter-mit-wischfunktion-und-hebemopp-flexiarm-design-hyperforce-saugkraft-von-10-000-pa-zusaetzlich-2-wischmopps-roboter-staubsauger-set-schwarz\/#primaryimage","url":"https:\/\/easyliferobo.com\/de\/wp-content\/uploads\/2026\/02\/71sA0PTjg4L._AC_SL1500_.jpg","contentUrl":"https:\/\/easyliferobo.com\/de\/wp-content\/uploads\/2026\/02\/71sA0PTjg4L._AC_SL1500_.jpg","width":1500,"height":1342},{"@type":"BreadcrumbList","@id":"https:\/\/easyliferobo.com\/de\/product\/roborock-qrevo-master-saugroboter-mit-wischfunktion-und-hebemopp-flexiarm-design-hyperforce-saugkraft-von-10-000-pa-zusaetzlich-2-wischmopps-roboter-staubsauger-set-schwarz\/#breadcrumb","itemListElement":[{"@type":"ListItem","position":1,"name":"Home","item":"https:\/\/easyliferobo.com\/de\/"},{"@type":"ListItem","position":2,"name":"Shop","item":"https:\/\/easyliferobo.com\/de\/shop\/"},{"@type":"ListItem","position":3,"name":"roborock Qrevo Master Saugroboter m..."}]},{"@type":"WebSite","@id":"https:\/\/easyliferobo.com\/de\/#website","url":"https:\/\/easyliferobo.com\/de\/","name":"EasyLifeBro","description":"Smarte Roboter f\u00fcr Zuhause, Garten &amp; Bildung","publisher":{"@id":"https:\/\/easyliferobo.com\/de\/#organization"},"potentialAction":[{"@type":"SearchAction","target":{"@type":"EntryPoint","urlTemplate":"https:\/\/easyliferobo.com\/de\/?s={search_term_string}"},"query-input":{"@type":"PropertyValueSpecification","valueRequired":true,"valueName":"search_term_string"}}],"inLanguage":"de"},{"@type":"Organization","@id":"https:\/\/easyliferobo.com\/de\/#organization","name":"EasyLifeBro","url":"https:\/\/easyliferobo.com\/de\/","logo":{"@type":"ImageObject","inLanguage":"de","@id":"https:\/\/easyliferobo.com\/de\/#\/schema\/logo\/image\/","url":"https:\/\/easyliferobo.com\/de\/wp-content\/uploads\/2026\/02\/Screenshot-2026-02-22-at-2.25.03-PM.png","contentUrl":"https:\/\/easyliferobo.com\/de\/wp-content\/uploads\/2026\/02\/Screenshot-2026-02-22-at-2.25.03-PM.png","width":1858,"height":430,"caption":"EasyLifeBro"},"image":{"@id":"https:\/\/easyliferobo.com\/de\/#\/schema\/logo\/image\/"}}]}},"_links":{"self":[{"href":"https:\/\/easyliferobo.com\/de\/wp-json\/wp\/v2\/product\/2453","targetHints":{"allow":["GET"]}}],"collection":[{"href":"https:\/\/easyliferobo.com\/de\/wp-json\/wp\/v2\/product"}],"about":[{"href":"https:\/\/easyliferobo.com\/de\/wp-json\/wp\/v2\/types\/product"}],"replies":[{"embeddable":true,"href":"https:\/\/easyliferobo.com\/de\/wp-json\/wp\/v2\/comments?post=2453"}],"wp:featuredmedia":[{"embeddable":true,"href":"https:\/\/easyliferobo.com\/de\/wp-json\/wp\/v2\/media\/2454"}],"wp:attachment":[{"href":"https:\/\/easyliferobo.com\/de\/wp-json\/wp\/v2\/media?parent=2453"}],"wp:term":[{"taxonomy":"store","embeddable":true,"href":"https:\/\/easyliferobo.com\/de\/wp-json\/wp\/v2\/store?post=2453"},{"taxonomy":"product_brand","embeddable":true,"href":"https:\/\/easyliferobo.com\/de\/wp-json\/wp\/v2\/product_brand?post=2453"},{"taxonomy":"product_cat","embeddable":true,"href":"https:\/\/easyliferobo.com\/de\/wp-json\/wp\/v2\/product_cat?post=2453"},{"taxonomy":"product_tag","embeddable":true,"href":"https:\/\/easyliferobo.com\/de\/wp-json\/wp\/v2\/product_tag?post=2453"}],"curies":[{"name":"wp","href":"https:\/\/api.w.org\/{rel}","templated":true}]}}