
{"id":2437,"date":"2026-02-27T04:06:47","date_gmt":"2026-02-27T04:06:47","guid":{"rendered":"https:\/\/easyliferobo.com\/de\/product\/aiper-poolroboter-kabelloser-poolstaubsauger-90-min-laufzeit-automatische-reinigung-mit-selbstparkfunktion-kompakter-und-leichter-poolreiniger-ideal-fuer-oberirdische-pools\/"},"modified":"2026-02-27T04:07:02","modified_gmt":"2026-02-27T04:07:02","slug":"aiper-poolroboter-kabelloser-poolstaubsauger-90-min-laufzeit-automatische-reinigung-mit-selbstparkfunktion-kompakter-und-leichter-poolreiniger-ideal-fuer-oberirdische-pools","status":"publish","type":"product","link":"https:\/\/easyliferobo.com\/de\/product\/aiper-poolroboter-kabelloser-poolstaubsauger-90-min-laufzeit-automatische-reinigung-mit-selbstparkfunktion-kompakter-und-leichter-poolreiniger-ideal-fuer-oberirdische-pools\/","title":{"rendered":"AIPER Poolroboter, kabelloser Pools..."},"content":{"rendered":"<p>\n                                             Von der Marke   <\/p>\n<p>                                              <img decoding=\"async\" alt=\"Gro\u00dfer rechteckiger oberirdischer Swimmingpool im Hinterhof eines einst\u00f6ckigen Hauses mit Ziegeldach. Der Pool verf\u00fcgt \u00fcber eine Metallrahmenkonstruktion.\" src=\"https:\/\/images-na.ssl-images-amazon.com\/images\/G\/01\/x-locale\/common\/grey-pixel.gif\" class=\"a-lazy-loaded\" data-src=\"https:\/\/m.media-amazon.com\/images\/S\/aplus-media-library-service-media\/9dd402fa-e273-4e0b-a93c-b1a18f1caec2.__CR0,0,1464,625_PT0_SX1464_V1___.jpg\"><img decoding=\"async\" alt=\"Gro\u00dfer rechteckiger oberirdischer Swimmingpool im Hinterhof eines einst\u00f6ckigen Hauses mit Ziegeldach. Der Pool verf\u00fcgt \u00fcber eine Metallrahmenkonstruktion.\" src=\"https:\/\/m.media-amazon.com\/images\/S\/aplus-media-library-service-media\/9dd402fa-e273-4e0b-a93c-b1a18f1caec2.__CR0,0,1464,625_PT0_SX1464_V1___.jpg\">  <\/p>\n<p>                                              <img decoding=\"async\" alt=\"Aplus-Inhaltsbild\" src=\"https:\/\/images-na.ssl-images-amazon.com\/images\/G\/01\/x-locale\/common\/grey-pixel.gif\" class=\"a-lazy-loaded\" data-src=\"https:\/\/m.media-amazon.com\/images\/S\/aplus-media-library-service-media\/bbb5f577-5938-427b-a701-46610fb4d04b.__CR0,0,362,453_PT0_SX362_V1___.jpg\"><img decoding=\"async\" alt=\"Aplus-Inhaltsbild\" src=\"https:\/\/m.media-amazon.com\/images\/S\/aplus-media-library-service-media\/bbb5f577-5938-427b-a701-46610fb4d04b.__CR0,0,362,453_PT0_SX362_V1___.jpg\">  <\/p>\n<h3>  Kabelloser Poolroboter <\/h3>\n<p class=\"apm-brand-story-stores-link\">\n<h3>  Boden und Wand des Poolroboters <\/h3>\n<p class=\"apm-brand-story-stores-link\">\n<h3>  Batterie f\u00fcr Poolroboter <\/h3>\n<p class=\"apm-brand-story-stores-link\">\n<p>                                              <img decoding=\"async\" alt=\"Aplus-Inhaltsbild\" src=\"https:\/\/images-na.ssl-images-amazon.com\/images\/G\/01\/x-locale\/common\/grey-pixel.gif\" class=\"a-lazy-loaded\" data-src=\"https:\/\/m.media-amazon.com\/images\/S\/aplus-media-library-service-media\/1f9e2c7b-ca35-4b36-bb20-fa42fef91eaf.__CR0,0,362,453_PT0_SX362_V1___.jpg\"><img decoding=\"async\" alt=\"Aplus-Inhaltsbild\" src=\"https:\/\/m.media-amazon.com\/images\/S\/aplus-media-library-service-media\/1f9e2c7b-ca35-4b36-bb20-fa42fef91eaf.__CR0,0,362,453_PT0_SX362_V1___.jpg\">  <\/p>\n<p>                                              <img decoding=\"async\" alt=\"Infografik mit Unternehmensstatistiken: \u00fcber 500 Patente, \u00fcber 6.000 Gesch\u00e4fte, \u00fcber 1,5 Millionen Kunden und umweltfreundliche L\u00f6sungen, mit einfachen Symbolen f\u00fcr jede Kategorie.\" src=\"https:\/\/images-na.ssl-images-amazon.com\/images\/G\/01\/x-locale\/common\/grey-pixel.gif\" class=\"a-lazy-loaded\" data-src=\"https:\/\/m.media-amazon.com\/images\/S\/aplus-media-library-service-media\/473e84aa-8325-4124-9c35-a71aed48e143.__CR0,0,362,453_PT0_SX362_V1___.jpg\"><img decoding=\"async\" alt=\"Infografik mit Unternehmensstatistiken: \u00fcber 500 Patente, \u00fcber 6.000 Gesch\u00e4fte, \u00fcber 1,5 Millionen Kunden und umweltfreundliche L\u00f6sungen, mit einfachen Symbolen f\u00fcr jede Kategorie.\" src=\"https:\/\/m.media-amazon.com\/images\/S\/aplus-media-library-service-media\/473e84aa-8325-4124-9c35-a71aed48e143.__CR0,0,362,453_PT0_SX362_V1___.jpg\">  <\/p>\n<p>HYDRODYNAMISCHES DESIGN: Das Design erm\u00f6glicht es dem Poolroboter, durch Ihren Pool zu gleiten, w\u00e4hrend er weniger Energie verbraucht und diese Energie auf seine Reinigungsf\u00e4higkeiten konzentriert. Der Aiper-Poolsauger nutzt 2 Bodenb\u00fcrsten, um Schmutz gr\u00fcndlich zu reinigen und Ablagerungen in Ihrem Pool m\u00fchelos aufzusaugen.<br \/>Klein, aber leistungsstark: Der kompakte, aber leistungsstarke Poolroboter-Akku reinigt m\u00fchelos Pools mit v\u00f6llig ebenem Boden ohne Gef\u00e4lle bis zu 80\u33a1 und bietet 90 Minuten erstklassige Reinigung. Nicht geeignet f\u00fcr unebene, schr\u00e4ge oder ovale Becken sowie Becken mit Falten in der Folie.<br \/>DRAHTLOS UND EINFACH ZU BEDIENEN: Durch die Aktivierung mit einem Klick haben Sie Ihre H\u00e4nde v\u00f6llig frei. Im Gegensatz zu anderen Poolroboter-Staubsaugern ist der Poolreiniger komplett kabellos, das hei\u00dft, es sind keine Kabel umwickelt oder verheddert. Au\u00dferdem ist er leichter und einfacher zu verstauen als kabelgebundene Reiniger.<br \/>Parken im Auto: Wenn die Batterie schwach ist, parkt der Poolreiniger-Bodenreiniger automatisch in der N\u00e4he des Randes Ihres Pools, um ihn einfach herauszuholen, ohne nass zu werden.<br \/>Schnelle Entladung: F\u00fcr mehr Mobilit\u00e4t verf\u00fcgt der Akku des Poolstaubsaugers jetzt \u00fcber ein fortschrittliches Wasserablasssystem, das bis zu 80 % des gespeicherten Wassers in nur 15 Sekunden entleeren kann. Mit 2 Jahren Garantie und sorgenfreiem Kundenservice.<\/p>\n<p>[ad_2]<\/p>\n","protected":false},"excerpt":{"rendered":"<p>Von der Marke Kabelloser Poolroboter Boden und Wand des Poolroboters Batterie f\u00fcr Poolroboter HYDRODYNAMISCHES DESIGN: Das Design erm\u00f6glicht es dem Poolroboter, durch Ihren Pool zu gleiten, w\u00e4hrend er weniger Energie verbraucht und diese Energie auf seine Reinigungsf\u00e4higkeiten konzentriert. Der Aiper-Poolsauger nutzt 2 Bodenb\u00fcrsten, um Schmutz gr\u00fcndlich zu reinigen und Ablagerungen in Ihrem Pool m\u00fchelos aufzusaugen.Klein, [&hellip;]<\/p>\n","protected":false},"featured_media":2438,"comment_status":"open","ping_status":"closed","template":"","meta":{"_aipt_faq_data":""},"store":[],"product_brand":[389],"product_cat":[75],"product_tag":[146],"class_list":{"0":"post-2437","1":"product","2":"type-product","3":"status-publish","4":"has-post-thumbnail","6":"product_brand-aiper","7":"product_cat-poolroboter","8":"product_tag-poolroboter-fuer-rechteckpools","10":"first","11":"instock","12":"sale","13":"shipping-taxable","14":"product-type-external"},"yoast_head":"<!-- This site is optimized with the Yoast SEO plugin v27.0 - https:\/\/yoast.com\/product\/yoast-seo-wordpress\/ -->\n<title>AIPER Poolroboter, kabelloser Poolstaubsauger, 90 Min. Laufzeit, automatische Reinigung mit Selbstparkfunktion, kompakter und leichter Poolreiniger, ideal f\u00fcr oberirdische Pools - EasyLifeBro<\/title>\n<meta name=\"description\" content=\"Entdecken Sie smarte Roboter f\u00fcr Zuhause, Garten, Bildung und Sicherheit. Vergleichen Sie Saugroboter, Rasenm\u00e4hroboter, KI-Begleitroboter und mehr bei EasyLifeRobo.\" \/>\n<meta name=\"robots\" content=\"index, follow, max-snippet:-1, max-image-preview:large, max-video-preview:-1\" \/>\n<link rel=\"canonical\" href=\"https:\/\/easyliferobo.com\/de\/product\/aiper-poolroboter-kabelloser-poolstaubsauger-90-min-laufzeit-automatische-reinigung-mit-selbstparkfunktion-kompakter-und-leichter-poolreiniger-ideal-fuer-oberirdische-pools\/\" \/>\n<meta property=\"og:locale\" content=\"de_DE\" \/>\n<meta property=\"og:type\" content=\"article\" \/>\n<meta property=\"og:title\" content=\"AIPER Poolroboter, kabelloser Poolstaubsauger, 90 Min. Laufzeit, automatische Reinigung mit Selbstparkfunktion, kompakter und leichter Poolreiniger, ideal f\u00fcr oberirdische Pools - EasyLifeBro\" \/>\n<meta property=\"og:description\" content=\"Entdecken Sie smarte Roboter f\u00fcr Zuhause, Garten, Bildung und Sicherheit. Vergleichen Sie Saugroboter, Rasenm\u00e4hroboter, KI-Begleitroboter und mehr bei EasyLifeRobo.\" \/>\n<meta property=\"og:url\" content=\"https:\/\/easyliferobo.com\/de\/product\/aiper-poolroboter-kabelloser-poolstaubsauger-90-min-laufzeit-automatische-reinigung-mit-selbstparkfunktion-kompakter-und-leichter-poolreiniger-ideal-fuer-oberirdische-pools\/\" \/>\n<meta property=\"og:site_name\" content=\"EasyLifeBro\" \/>\n<meta property=\"article:modified_time\" content=\"2026-02-27T04:07:02+00:00\" \/>\n<meta property=\"og:image\" content=\"https:\/\/images-na.ssl-images-amazon.com\/images\/G\/01\/x-locale\/common\/grey-pixel.gif\" \/>\n<meta name=\"twitter:card\" content=\"summary_large_image\" \/>\n<meta name=\"twitter:label1\" content=\"Gesch\u00e4tzte Lesezeit\" \/>\n\t<meta name=\"twitter:data1\" content=\"1\u00a0Minute\" \/>\n<script type=\"application\/ld+json\" class=\"yoast-schema-graph\">{\"@context\":\"https:\/\/schema.org\",\"@graph\":[{\"@type\":\"WebPage\",\"@id\":\"https:\/\/easyliferobo.com\/de\/product\/aiper-poolroboter-kabelloser-poolstaubsauger-90-min-laufzeit-automatische-reinigung-mit-selbstparkfunktion-kompakter-und-leichter-poolreiniger-ideal-fuer-oberirdische-pools\/\",\"url\":\"https:\/\/easyliferobo.com\/de\/product\/aiper-poolroboter-kabelloser-poolstaubsauger-90-min-laufzeit-automatische-reinigung-mit-selbstparkfunktion-kompakter-und-leichter-poolreiniger-ideal-fuer-oberirdische-pools\/\",\"name\":\"AIPER Poolroboter, kabelloser Poolstaubsauger, 90 Min. Laufzeit, automatische Reinigung mit Selbstparkfunktion, kompakter und leichter Poolreiniger, ideal f\u00fcr oberirdische Pools - EasyLifeBro\",\"isPartOf\":{\"@id\":\"https:\/\/easyliferobo.com\/de\/#website\"},\"primaryImageOfPage\":{\"@id\":\"https:\/\/easyliferobo.com\/de\/product\/aiper-poolroboter-kabelloser-poolstaubsauger-90-min-laufzeit-automatische-reinigung-mit-selbstparkfunktion-kompakter-und-leichter-poolreiniger-ideal-fuer-oberirdische-pools\/#primaryimage\"},\"image\":{\"@id\":\"https:\/\/easyliferobo.com\/de\/product\/aiper-poolroboter-kabelloser-poolstaubsauger-90-min-laufzeit-automatische-reinigung-mit-selbstparkfunktion-kompakter-und-leichter-poolreiniger-ideal-fuer-oberirdische-pools\/#primaryimage\"},\"thumbnailUrl\":\"https:\/\/easyliferobo.com\/de\/wp-content\/uploads\/2026\/02\/61uAsF0fQCL._AC_SL1500_.jpg\",\"datePublished\":\"2026-02-27T04:06:47+00:00\",\"dateModified\":\"2026-02-27T04:07:02+00:00\",\"description\":\"Entdecken Sie smarte Roboter f\u00fcr Zuhause, Garten, Bildung und Sicherheit. Vergleichen Sie Saugroboter, Rasenm\u00e4hroboter, KI-Begleitroboter und mehr bei EasyLifeRobo.\",\"breadcrumb\":{\"@id\":\"https:\/\/easyliferobo.com\/de\/product\/aiper-poolroboter-kabelloser-poolstaubsauger-90-min-laufzeit-automatische-reinigung-mit-selbstparkfunktion-kompakter-und-leichter-poolreiniger-ideal-fuer-oberirdische-pools\/#breadcrumb\"},\"inLanguage\":\"de\",\"potentialAction\":[{\"@type\":\"ReadAction\",\"target\":[\"https:\/\/easyliferobo.com\/de\/product\/aiper-poolroboter-kabelloser-poolstaubsauger-90-min-laufzeit-automatische-reinigung-mit-selbstparkfunktion-kompakter-und-leichter-poolreiniger-ideal-fuer-oberirdische-pools\/\"]}]},{\"@type\":\"ImageObject\",\"inLanguage\":\"de\",\"@id\":\"https:\/\/easyliferobo.com\/de\/product\/aiper-poolroboter-kabelloser-poolstaubsauger-90-min-laufzeit-automatische-reinigung-mit-selbstparkfunktion-kompakter-und-leichter-poolreiniger-ideal-fuer-oberirdische-pools\/#primaryimage\",\"url\":\"https:\/\/easyliferobo.com\/de\/wp-content\/uploads\/2026\/02\/61uAsF0fQCL._AC_SL1500_.jpg\",\"contentUrl\":\"https:\/\/easyliferobo.com\/de\/wp-content\/uploads\/2026\/02\/61uAsF0fQCL._AC_SL1500_.jpg\",\"width\":1500,\"height\":1253},{\"@type\":\"BreadcrumbList\",\"@id\":\"https:\/\/easyliferobo.com\/de\/product\/aiper-poolroboter-kabelloser-poolstaubsauger-90-min-laufzeit-automatische-reinigung-mit-selbstparkfunktion-kompakter-und-leichter-poolreiniger-ideal-fuer-oberirdische-pools\/#breadcrumb\",\"itemListElement\":[{\"@type\":\"ListItem\",\"position\":1,\"name\":\"Home\",\"item\":\"https:\/\/easyliferobo.com\/de\/\"},{\"@type\":\"ListItem\",\"position\":2,\"name\":\"Shop\",\"item\":\"https:\/\/easyliferobo.com\/de\/shop\/\"},{\"@type\":\"ListItem\",\"position\":3,\"name\":\"AIPER Poolroboter, kabelloser Pools...\"}]},{\"@type\":\"WebSite\",\"@id\":\"https:\/\/easyliferobo.com\/de\/#website\",\"url\":\"https:\/\/easyliferobo.com\/de\/\",\"name\":\"EasyLifeBro\",\"description\":\"Smarte Roboter f\u00fcr Zuhause, Garten &amp; Bildung\",\"publisher\":{\"@id\":\"https:\/\/easyliferobo.com\/de\/#organization\"},\"potentialAction\":[{\"@type\":\"SearchAction\",\"target\":{\"@type\":\"EntryPoint\",\"urlTemplate\":\"https:\/\/easyliferobo.com\/de\/?s={search_term_string}\"},\"query-input\":{\"@type\":\"PropertyValueSpecification\",\"valueRequired\":true,\"valueName\":\"search_term_string\"}}],\"inLanguage\":\"de\"},{\"@type\":\"Organization\",\"@id\":\"https:\/\/easyliferobo.com\/de\/#organization\",\"name\":\"EasyLifeBro\",\"url\":\"https:\/\/easyliferobo.com\/de\/\",\"logo\":{\"@type\":\"ImageObject\",\"inLanguage\":\"de\",\"@id\":\"https:\/\/easyliferobo.com\/de\/#\/schema\/logo\/image\/\",\"url\":\"https:\/\/easyliferobo.com\/de\/wp-content\/uploads\/2026\/02\/Screenshot-2026-02-22-at-2.25.03-PM.png\",\"contentUrl\":\"https:\/\/easyliferobo.com\/de\/wp-content\/uploads\/2026\/02\/Screenshot-2026-02-22-at-2.25.03-PM.png\",\"width\":1858,\"height\":430,\"caption\":\"EasyLifeBro\"},\"image\":{\"@id\":\"https:\/\/easyliferobo.com\/de\/#\/schema\/logo\/image\/\"}}]}<\/script>\n<!-- \/ Yoast SEO plugin. -->","yoast_head_json":{"title":"AIPER Poolroboter, kabelloser Poolstaubsauger, 90 Min. Laufzeit, automatische Reinigung mit Selbstparkfunktion, kompakter und leichter Poolreiniger, ideal f\u00fcr oberirdische Pools - EasyLifeBro","description":"Entdecken Sie smarte Roboter f\u00fcr Zuhause, Garten, Bildung und Sicherheit. Vergleichen Sie Saugroboter, Rasenm\u00e4hroboter, KI-Begleitroboter und mehr bei EasyLifeRobo.","robots":{"index":"index","follow":"follow","max-snippet":"max-snippet:-1","max-image-preview":"max-image-preview:large","max-video-preview":"max-video-preview:-1"},"canonical":"https:\/\/easyliferobo.com\/de\/product\/aiper-poolroboter-kabelloser-poolstaubsauger-90-min-laufzeit-automatische-reinigung-mit-selbstparkfunktion-kompakter-und-leichter-poolreiniger-ideal-fuer-oberirdische-pools\/","og_locale":"de_DE","og_type":"article","og_title":"AIPER Poolroboter, kabelloser Poolstaubsauger, 90 Min. Laufzeit, automatische Reinigung mit Selbstparkfunktion, kompakter und leichter Poolreiniger, ideal f\u00fcr oberirdische Pools - EasyLifeBro","og_description":"Entdecken Sie smarte Roboter f\u00fcr Zuhause, Garten, Bildung und Sicherheit. Vergleichen Sie Saugroboter, Rasenm\u00e4hroboter, KI-Begleitroboter und mehr bei EasyLifeRobo.","og_url":"https:\/\/easyliferobo.com\/de\/product\/aiper-poolroboter-kabelloser-poolstaubsauger-90-min-laufzeit-automatische-reinigung-mit-selbstparkfunktion-kompakter-und-leichter-poolreiniger-ideal-fuer-oberirdische-pools\/","og_site_name":"EasyLifeBro","article_modified_time":"2026-02-27T04:07:02+00:00","og_image":[{"url":"https:\/\/images-na.ssl-images-amazon.com\/images\/G\/01\/x-locale\/common\/grey-pixel.gif","type":"","width":"","height":""}],"twitter_card":"summary_large_image","twitter_misc":{"Gesch\u00e4tzte Lesezeit":"1\u00a0Minute"},"schema":{"@context":"https:\/\/schema.org","@graph":[{"@type":"WebPage","@id":"https:\/\/easyliferobo.com\/de\/product\/aiper-poolroboter-kabelloser-poolstaubsauger-90-min-laufzeit-automatische-reinigung-mit-selbstparkfunktion-kompakter-und-leichter-poolreiniger-ideal-fuer-oberirdische-pools\/","url":"https:\/\/easyliferobo.com\/de\/product\/aiper-poolroboter-kabelloser-poolstaubsauger-90-min-laufzeit-automatische-reinigung-mit-selbstparkfunktion-kompakter-und-leichter-poolreiniger-ideal-fuer-oberirdische-pools\/","name":"AIPER Poolroboter, kabelloser Poolstaubsauger, 90 Min. Laufzeit, automatische Reinigung mit Selbstparkfunktion, kompakter und leichter Poolreiniger, ideal f\u00fcr oberirdische Pools - EasyLifeBro","isPartOf":{"@id":"https:\/\/easyliferobo.com\/de\/#website"},"primaryImageOfPage":{"@id":"https:\/\/easyliferobo.com\/de\/product\/aiper-poolroboter-kabelloser-poolstaubsauger-90-min-laufzeit-automatische-reinigung-mit-selbstparkfunktion-kompakter-und-leichter-poolreiniger-ideal-fuer-oberirdische-pools\/#primaryimage"},"image":{"@id":"https:\/\/easyliferobo.com\/de\/product\/aiper-poolroboter-kabelloser-poolstaubsauger-90-min-laufzeit-automatische-reinigung-mit-selbstparkfunktion-kompakter-und-leichter-poolreiniger-ideal-fuer-oberirdische-pools\/#primaryimage"},"thumbnailUrl":"https:\/\/easyliferobo.com\/de\/wp-content\/uploads\/2026\/02\/61uAsF0fQCL._AC_SL1500_.jpg","datePublished":"2026-02-27T04:06:47+00:00","dateModified":"2026-02-27T04:07:02+00:00","description":"Entdecken Sie smarte Roboter f\u00fcr Zuhause, Garten, Bildung und Sicherheit. Vergleichen Sie Saugroboter, Rasenm\u00e4hroboter, KI-Begleitroboter und mehr bei EasyLifeRobo.","breadcrumb":{"@id":"https:\/\/easyliferobo.com\/de\/product\/aiper-poolroboter-kabelloser-poolstaubsauger-90-min-laufzeit-automatische-reinigung-mit-selbstparkfunktion-kompakter-und-leichter-poolreiniger-ideal-fuer-oberirdische-pools\/#breadcrumb"},"inLanguage":"de","potentialAction":[{"@type":"ReadAction","target":["https:\/\/easyliferobo.com\/de\/product\/aiper-poolroboter-kabelloser-poolstaubsauger-90-min-laufzeit-automatische-reinigung-mit-selbstparkfunktion-kompakter-und-leichter-poolreiniger-ideal-fuer-oberirdische-pools\/"]}]},{"@type":"ImageObject","inLanguage":"de","@id":"https:\/\/easyliferobo.com\/de\/product\/aiper-poolroboter-kabelloser-poolstaubsauger-90-min-laufzeit-automatische-reinigung-mit-selbstparkfunktion-kompakter-und-leichter-poolreiniger-ideal-fuer-oberirdische-pools\/#primaryimage","url":"https:\/\/easyliferobo.com\/de\/wp-content\/uploads\/2026\/02\/61uAsF0fQCL._AC_SL1500_.jpg","contentUrl":"https:\/\/easyliferobo.com\/de\/wp-content\/uploads\/2026\/02\/61uAsF0fQCL._AC_SL1500_.jpg","width":1500,"height":1253},{"@type":"BreadcrumbList","@id":"https:\/\/easyliferobo.com\/de\/product\/aiper-poolroboter-kabelloser-poolstaubsauger-90-min-laufzeit-automatische-reinigung-mit-selbstparkfunktion-kompakter-und-leichter-poolreiniger-ideal-fuer-oberirdische-pools\/#breadcrumb","itemListElement":[{"@type":"ListItem","position":1,"name":"Home","item":"https:\/\/easyliferobo.com\/de\/"},{"@type":"ListItem","position":2,"name":"Shop","item":"https:\/\/easyliferobo.com\/de\/shop\/"},{"@type":"ListItem","position":3,"name":"AIPER Poolroboter, kabelloser Pools..."}]},{"@type":"WebSite","@id":"https:\/\/easyliferobo.com\/de\/#website","url":"https:\/\/easyliferobo.com\/de\/","name":"EasyLifeBro","description":"Smarte Roboter f\u00fcr Zuhause, Garten &amp; Bildung","publisher":{"@id":"https:\/\/easyliferobo.com\/de\/#organization"},"potentialAction":[{"@type":"SearchAction","target":{"@type":"EntryPoint","urlTemplate":"https:\/\/easyliferobo.com\/de\/?s={search_term_string}"},"query-input":{"@type":"PropertyValueSpecification","valueRequired":true,"valueName":"search_term_string"}}],"inLanguage":"de"},{"@type":"Organization","@id":"https:\/\/easyliferobo.com\/de\/#organization","name":"EasyLifeBro","url":"https:\/\/easyliferobo.com\/de\/","logo":{"@type":"ImageObject","inLanguage":"de","@id":"https:\/\/easyliferobo.com\/de\/#\/schema\/logo\/image\/","url":"https:\/\/easyliferobo.com\/de\/wp-content\/uploads\/2026\/02\/Screenshot-2026-02-22-at-2.25.03-PM.png","contentUrl":"https:\/\/easyliferobo.com\/de\/wp-content\/uploads\/2026\/02\/Screenshot-2026-02-22-at-2.25.03-PM.png","width":1858,"height":430,"caption":"EasyLifeBro"},"image":{"@id":"https:\/\/easyliferobo.com\/de\/#\/schema\/logo\/image\/"}}]}},"_links":{"self":[{"href":"https:\/\/easyliferobo.com\/de\/wp-json\/wp\/v2\/product\/2437","targetHints":{"allow":["GET"]}}],"collection":[{"href":"https:\/\/easyliferobo.com\/de\/wp-json\/wp\/v2\/product"}],"about":[{"href":"https:\/\/easyliferobo.com\/de\/wp-json\/wp\/v2\/types\/product"}],"replies":[{"embeddable":true,"href":"https:\/\/easyliferobo.com\/de\/wp-json\/wp\/v2\/comments?post=2437"}],"wp:featuredmedia":[{"embeddable":true,"href":"https:\/\/easyliferobo.com\/de\/wp-json\/wp\/v2\/media\/2438"}],"wp:attachment":[{"href":"https:\/\/easyliferobo.com\/de\/wp-json\/wp\/v2\/media?parent=2437"}],"wp:term":[{"taxonomy":"store","embeddable":true,"href":"https:\/\/easyliferobo.com\/de\/wp-json\/wp\/v2\/store?post=2437"},{"taxonomy":"product_brand","embeddable":true,"href":"https:\/\/easyliferobo.com\/de\/wp-json\/wp\/v2\/product_brand?post=2437"},{"taxonomy":"product_cat","embeddable":true,"href":"https:\/\/easyliferobo.com\/de\/wp-json\/wp\/v2\/product_cat?post=2437"},{"taxonomy":"product_tag","embeddable":true,"href":"https:\/\/easyliferobo.com\/de\/wp-json\/wp\/v2\/product_tag?post=2437"}],"curies":[{"name":"wp","href":"https:\/\/api.w.org\/{rel}","templated":true}]}}