
{"id":2425,"date":"2026-02-27T04:05:20","date_gmt":"2026-02-27T04:05:20","guid":{"rendered":"https:\/\/easyliferobo.com\/de\/product\/vexilar-w9-saugroboter-mit-wischfunktion-5000pa-saugroboter-lidar-navigation-50-db-leiser-saugroboter-150-minuten-laufzeit-15-no-go-zonen-5-karten-stimme-app-und-fernbedienung\/"},"modified":"2026-02-27T04:05:47","modified_gmt":"2026-02-27T04:05:47","slug":"vexilar-w9-saugroboter-mit-wischfunktion-5000pa-saugroboter-lidar-navigation-50-db-leiser-saugroboter-150-minuten-laufzeit-15-no-go-zonen-5-karten-stimme-app-und-fernbedienung","status":"publish","type":"product","link":"https:\/\/easyliferobo.com\/de\/product\/vexilar-w9-saugroboter-mit-wischfunktion-5000pa-saugroboter-lidar-navigation-50-db-leiser-saugroboter-150-minuten-laufzeit-15-no-go-zonen-5-karten-stimme-app-und-fernbedienung\/","title":{"rendered":"Vexilar W9 Saugroboter mit Wischfun..."},"content":{"rendered":"<p>\n                                             Von der Marke   <\/p>\n<p>                                              <img decoding=\"async\" alt=\"Aplus-Inhaltsbild\" src=\"https:\/\/images-na.ssl-images-amazon.com\/images\/G\/01\/x-locale\/common\/grey-pixel.gif\" class=\"a-lazy-loaded\" data-src=\"https:\/\/m.media-amazon.com\/images\/S\/aplus-media-library-service-media\/2d6933b0-0864-4e74-99ac-6cfd99ff594d.__CR0,0,1464,625_PT0_SX1464_V1___.jpg\"><img decoding=\"async\" alt=\"Aplus-Inhaltsbild\" src=\"https:\/\/m.media-amazon.com\/images\/S\/aplus-media-library-service-media\/2d6933b0-0864-4e74-99ac-6cfd99ff594d.__CR0,0,1464,625_PT0_SX1464_V1___.jpg\">  <\/p>\n<p>                                              <img decoding=\"async\" alt=\"\" src=\"https:\/\/images-na.ssl-images-amazon.com\/images\/G\/01\/x-locale\/common\/grey-pixel.gif\" class=\"a-lazy-loaded\" data-src=\"https:\/\/m.media-amazon.com\/images\/S\/aplus-media-library-service-media\/0cb61d8f-4895-4d84-b460-1763ba4e0c39.__CR0,0,315,145_PT0_SX315_V1___.jpg\"><img decoding=\"async\" alt=\"\" src=\"https:\/\/m.media-amazon.com\/images\/S\/aplus-media-library-service-media\/0cb61d8f-4895-4d84-b460-1763ba4e0c39.__CR0,0,315,145_PT0_SX315_V1___.jpg\">  <\/p>\n<h3>  Einfach, immer <\/h3>\n<p>  Markenmission <\/p>\n<p>  Behalten Sie Ihr Zuhause mit weniger Aufwand. <\/p>\n<p>  Markenvision <\/p>\n<p>  Wir m\u00f6chten Menschen dabei helfen, weniger Zeit und M\u00fche f\u00fcr wichtigere Dinge aufzuwenden. <\/p>\n<p>  Wie unterscheiden wir uns? <\/p>\n<p>  Wir streben danach, ein Gleichgewicht zwischen Komfort, Qualit\u00e4t und Preis zu finden und dabei das Kundenerlebnis an erster Stelle zu stellen. <\/p>\n<h3>  Kostenlose Reinigungszeit <\/h3>\n<p class=\"apm-brand-story-stores-link\">\n<p>                                              <img decoding=\"async\" alt=\"\" src=\"https:\/\/images-na.ssl-images-amazon.com\/images\/G\/01\/x-locale\/common\/grey-pixel.gif\" class=\"a-lazy-loaded\" data-src=\"https:\/\/m.media-amazon.com\/images\/S\/aplus-media-library-service-media\/897aa836-9000-47d6-954e-7197fe114fab.__CR0,0,362,453_PT0_SX362_V1___.jpg\"><img decoding=\"async\" alt=\"\" src=\"https:\/\/m.media-amazon.com\/images\/S\/aplus-media-library-service-media\/897aa836-9000-47d6-954e-7197fe114fab.__CR0,0,362,453_PT0_SX362_V1___.jpg\">  <\/p>\n<h3>  Cleanova W9 <\/h3>\n<p>                                              <img decoding=\"async\" alt=\"\" src=\"https:\/\/images-na.ssl-images-amazon.com\/images\/G\/01\/x-locale\/common\/grey-pixel.gif\" class=\"a-lazy-loaded\" data-src=\"https:\/\/m.media-amazon.com\/images\/S\/aplus-media-library-service-media\/6a242582-69ca-4d02-bbf0-5a5575057c26.__CR0,0,362,453_PT0_SX362_V1___.jpg\"><img decoding=\"async\" alt=\"\" src=\"https:\/\/m.media-amazon.com\/images\/S\/aplus-media-library-service-media\/6a242582-69ca-4d02-bbf0-5a5575057c26.__CR0,0,362,453_PT0_SX362_V1___.jpg\">  <\/p>\n<h3>  Cleanova W7 <\/h3>\n<p>                                              <img decoding=\"async\" alt=\"\" src=\"https:\/\/images-na.ssl-images-amazon.com\/images\/G\/01\/x-locale\/common\/grey-pixel.gif\" class=\"a-lazy-loaded\" data-src=\"https:\/\/m.media-amazon.com\/images\/S\/aplus-media-library-service-media\/70a5a0f8-eb7e-4f51-bd3d-ad3086b62a8e.__CR0,0,362,453_PT0_SX362_V1___.jpg\"><img decoding=\"async\" alt=\"\" src=\"https:\/\/m.media-amazon.com\/images\/S\/aplus-media-library-service-media\/70a5a0f8-eb7e-4f51-bd3d-ad3086b62a8e.__CR0,0,362,453_PT0_SX362_V1___.jpg\">  <\/p>\n<h3>  Cleanova W11 <\/h3>\n<p>                                              <img decoding=\"async\" alt=\"\" src=\"https:\/\/images-na.ssl-images-amazon.com\/images\/G\/01\/x-locale\/common\/grey-pixel.gif\" class=\"a-lazy-loaded\" data-src=\"https:\/\/m.media-amazon.com\/images\/S\/aplus-media-library-service-media\/dc2949cd-8074-4dbe-81a6-11013234c249.__CR0,0,362,453_PT0_SX362_V1___.jpg\"><img decoding=\"async\" alt=\"\" src=\"https:\/\/m.media-amazon.com\/images\/S\/aplus-media-library-service-media\/dc2949cd-8074-4dbe-81a6-11013234c249.__CR0,0,362,453_PT0_SX362_V1___.jpg\">  <\/p>\n<h3>  Blitz c6 <\/h3>\n<p>                                              <img decoding=\"async\" alt=\"\" src=\"https:\/\/images-na.ssl-images-amazon.com\/images\/G\/01\/x-locale\/common\/grey-pixel.gif\" class=\"a-lazy-loaded\" data-src=\"https:\/\/m.media-amazon.com\/images\/S\/aplus-media-library-service-media\/81685ef3-8660-46e8-800f-e5b8522a136b.__CR0,0,362,453_PT0_SX362_V1___.jpg\"><img decoding=\"async\" alt=\"\" src=\"https:\/\/m.media-amazon.com\/images\/S\/aplus-media-library-service-media\/81685ef3-8660-46e8-800f-e5b8522a136b.__CR0,0,362,453_PT0_SX362_V1___.jpg\">  <\/p>\n<h3>  Blitz c8 <\/h3>\n<p>                                              <img decoding=\"async\" alt=\"\" src=\"https:\/\/images-na.ssl-images-amazon.com\/images\/G\/01\/x-locale\/common\/grey-pixel.gif\" class=\"a-lazy-loaded\" data-src=\"https:\/\/m.media-amazon.com\/images\/S\/aplus-media-library-service-media\/51373a1e-09ae-4353-ab03-5fa9e51d13dd.__CR0,0,362,453_PT0_SX362_V1___.jpg\"><img decoding=\"async\" alt=\"\" src=\"https:\/\/m.media-amazon.com\/images\/S\/aplus-media-library-service-media\/51373a1e-09ae-4353-ab03-5fa9e51d13dd.__CR0,0,362,453_PT0_SX362_V1___.jpg\">  <\/p>\n<h3>  Flash V9PRO <\/h3>\n<p>                                              <img decoding=\"async\" alt=\"\" src=\"https:\/\/images-na.ssl-images-amazon.com\/images\/G\/01\/x-locale\/common\/grey-pixel.gif\" class=\"a-lazy-loaded\" data-src=\"https:\/\/m.media-amazon.com\/images\/S\/aplus-media-library-service-media\/f0a85f43-f20c-49f2-af66-ae29786e83fe.__CR0,0,362,453_PT0_SX362_V1___.jpg\"><img decoding=\"async\" alt=\"\" src=\"https:\/\/m.media-amazon.com\/images\/S\/aplus-media-library-service-media\/f0a85f43-f20c-49f2-af66-ae29786e83fe.__CR0,0,362,453_PT0_SX362_V1___.jpg\">  <\/p>\n<h3>  Flash V12 <\/h3>\n<p>Pr\u00e4zise 360\u00b0-Lasernavigation mit effizienter Routenplanung: Ausgestattet mit fortschrittlicher LiDAR-Technologie erfasst der W9 Saugroboter mit Wischfunktion in nur 15 Minuten pr\u00e4zise den Grundriss Ihrer R\u00e4ume. Dies erm\u00f6glicht nicht nur die Berechnung der optimalen Reinigungsroute und die zuverl\u00e4ssige Vermeidung von Hindernissen, sondern auch eine perfekte Anpassung an unterschiedliche Raumbedingungen.<br \/>5000 Pa starker Staubsauger und 50 dB leise Reinigung: Mit einer starken Saugleistung von 5000 Pa entfernt dieser W9 Staubsaugerroboter m\u00fchelos hartn\u00e4ckigen Schmutz, Kr\u00fcmel und Haare von B\u00f6den und Teppichen. Durch drei Leistungsstufen (einschlie\u00dflich eines leisen Modus von nur 50 dB) k\u00f6nnen Sie die Reinigung an Ihre Bed\u00fcrfnisse anpassen. Dar\u00fcber hinaus sorgt die b\u00fcrstenlose Motortechnologie f\u00fcr einen besonders leisen Betrieb, der die Ruhe Ihrer Familie und Haustiere sch\u00fctzt.<br \/>\u30103-in-1: Staubsaugen, Wischen, Kehren\u3011 Dieser W9-Staubsaugerroboter ist mit einer kombinierten Staub- und Wassertankeinheit (300-ml-Staubbeh\u00e4lter + 200-ml-Wassertank) ausgestattet, die es ihm erm\u00f6glicht, gleichzeitig zu saugen und zu wischen \u2013 ideal f\u00fcr eine gr\u00fcndliche Tiefenreinigung. Drei Wasserstandsstufen lassen sich bequem per App steuern, um die Reinigungswirkung perfekt an Ihre Bed\u00fcrfnisse anzupassen.<br \/>150 Minuten. Laufzeit: Automatisches Neuladen und nahtlose Fortsetzung: Bis zu 150 Minuten Laufzeit. Bei weniger als 15 % Akku f\u00e4hrt der Saug- und Wischroboter automatisch zur Ladestation zur\u00fcck, l\u00e4dt auf und setzt die Reinigung genau an der Unterbrechungsstelle fort. So ist jede Oberfl\u00e4che abgedeckt. (Hinweis zur korrekten R\u00fcckgabe: Bitte 1 m Platz links\/rechts und 2 m Freiraum vor der Station einplanen.)<br \/>Speichern Sie 5 Karten und richten Sie 15 Sperrzonen ein: Der Roboterstaubsauger W9 kann bis zu 5 Karten verschiedener Etagen gleichzeitig speichern, was ihn ideal f\u00fcr Mehrfamilienh\u00e4user, Doppelh\u00e4user oder Villen macht und eine Neuzuordnung \u00fcberfl\u00fcssig macht. Mit der App k\u00f6nnen Sie flexibel bis zu 15 virtuelle Verbotszonen einrichten, um sensible Bereiche wie Spielzonen f\u00fcr Kinder oder Schlafbereiche von Haustieren zu sch\u00fctzen \u2013 so behalten Sie die Reinigung stets unter Kontrolle.<br \/>\u3010Individuelle Reinigung: R\u00e4ume aufteilen, Einstellungen anpassen\u3011 Mit der App k\u00f6nnen Sie Reinigungsbereiche flexibel aufteilen, die Reinigungsreihenfolge festlegen und Saugleistung und Wassermenge pro Zone steuern. Der W9-Wischroboter f\u00fchrt Ihre Einstellungen pr\u00e4zise aus und unterst\u00fctzt Funktionen wie Zeitplanung, wiederkehrende Reinigungspl\u00e4ne und die Reinigung bestimmter Zonen f\u00fcr eine vollst\u00e4ndige Anpassung an Ihre Bed\u00fcrfnisse. (Hinweis: Die App unterst\u00fctzt nur 2,4-GHz-WLAN.)<br \/>Sprachsteuerung: Kompatibel mit Alexa, Google &#038; Siri: Der W9 Saugroboter l\u00e4sst sich mit allen g\u00e4ngigen Sprachassistenten steuern \u2013 darunter Alexa, Google Assistant und Siri\/Apple Watch. So k\u00f6nnen Sie v\u00f6llig ber\u00fchrungslos mit der Reinigung beginnen, ohne Ihre H\u00e4nde zu benutzen. F\u00fcr alle, die es einfach und direkt m\u00f6gen, bietet er au\u00dferdem eine separate Fernbedienung \u2013 die perfekte L\u00f6sung, um jederzeit und \u00fcberall ohne App oder Sprachbefehl mit der Reinigung zu beginnen.<\/p>\n<p>[ad_2]<\/p>\n","protected":false},"excerpt":{"rendered":"<p>Von der Marke Einfach, immer Markenmission Behalten Sie Ihr Zuhause mit weniger Aufwand. Markenvision Wir m\u00f6chten Menschen dabei helfen, weniger Zeit und M\u00fche f\u00fcr wichtigere Dinge aufzuwenden. Wie unterscheiden wir uns? Wir streben danach, ein Gleichgewicht zwischen Komfort, Qualit\u00e4t und Preis zu finden und dabei das Kundenerlebnis an erster Stelle zu stellen. Kostenlose Reinigungszeit Cleanova [&hellip;]<\/p>\n","protected":false},"featured_media":2426,"comment_status":"open","ping_status":"closed","template":"","meta":{"_aipt_faq_data":""},"store":[],"product_brand":[236],"product_cat":[76],"product_tag":[145],"class_list":{"0":"post-2425","1":"product","2":"type-product","3":"status-publish","4":"has-post-thumbnail","6":"product_brand-vexilar","7":"product_cat-staubsauger-roboter-mit-wischfunktion","8":"product_tag-staubsauger-roboter-mit-wischfunktion-leise","10":"first","11":"instock","12":"shipping-taxable","13":"product-type-external"},"yoast_head":"<!-- This site is optimized with the Yoast SEO plugin v27.0 - https:\/\/yoast.com\/product\/yoast-seo-wordpress\/ -->\n<title>Vexilar W9 Saugroboter mit Wischfunktion, 5000Pa Saugroboter, LiDAR-Navigation, 50 dB leiser Saugroboter, 150 Minuten Laufzeit, 15 No-Go-Zonen, 5 Karten, Stimme, App und Fernbedienung - EasyLifeBro<\/title>\n<meta name=\"description\" content=\"Entdecken Sie smarte Roboter f\u00fcr Zuhause, Garten, Bildung und Sicherheit. Vergleichen Sie Saugroboter, Rasenm\u00e4hroboter, KI-Begleitroboter und mehr bei EasyLifeRobo.\" \/>\n<meta name=\"robots\" content=\"index, follow, max-snippet:-1, max-image-preview:large, max-video-preview:-1\" \/>\n<link rel=\"canonical\" href=\"https:\/\/easyliferobo.com\/de\/product\/vexilar-w9-saugroboter-mit-wischfunktion-5000pa-saugroboter-lidar-navigation-50-db-leiser-saugroboter-150-minuten-laufzeit-15-no-go-zonen-5-karten-stimme-app-und-fernbedienung\/\" \/>\n<meta property=\"og:locale\" content=\"de_DE\" \/>\n<meta property=\"og:type\" content=\"article\" \/>\n<meta property=\"og:title\" content=\"Vexilar W9 Saugroboter mit Wischfunktion, 5000Pa Saugroboter, LiDAR-Navigation, 50 dB leiser Saugroboter, 150 Minuten Laufzeit, 15 No-Go-Zonen, 5 Karten, Stimme, App und Fernbedienung - EasyLifeBro\" \/>\n<meta property=\"og:description\" content=\"Entdecken Sie smarte Roboter f\u00fcr Zuhause, Garten, Bildung und Sicherheit. Vergleichen Sie Saugroboter, Rasenm\u00e4hroboter, KI-Begleitroboter und mehr bei EasyLifeRobo.\" \/>\n<meta property=\"og:url\" content=\"https:\/\/easyliferobo.com\/de\/product\/vexilar-w9-saugroboter-mit-wischfunktion-5000pa-saugroboter-lidar-navigation-50-db-leiser-saugroboter-150-minuten-laufzeit-15-no-go-zonen-5-karten-stimme-app-und-fernbedienung\/\" \/>\n<meta property=\"og:site_name\" content=\"EasyLifeBro\" \/>\n<meta property=\"article:modified_time\" content=\"2026-02-27T04:05:47+00:00\" \/>\n<meta property=\"og:image\" content=\"https:\/\/images-na.ssl-images-amazon.com\/images\/G\/01\/x-locale\/common\/grey-pixel.gif\" \/>\n<meta name=\"twitter:card\" content=\"summary_large_image\" \/>\n<meta name=\"twitter:label1\" content=\"Gesch\u00e4tzte Lesezeit\" \/>\n\t<meta name=\"twitter:data1\" content=\"3\u00a0Minuten\" \/>\n<script type=\"application\/ld+json\" class=\"yoast-schema-graph\">{\"@context\":\"https:\/\/schema.org\",\"@graph\":[{\"@type\":\"WebPage\",\"@id\":\"https:\/\/easyliferobo.com\/de\/product\/vexilar-w9-saugroboter-mit-wischfunktion-5000pa-saugroboter-lidar-navigation-50-db-leiser-saugroboter-150-minuten-laufzeit-15-no-go-zonen-5-karten-stimme-app-und-fernbedienung\/\",\"url\":\"https:\/\/easyliferobo.com\/de\/product\/vexilar-w9-saugroboter-mit-wischfunktion-5000pa-saugroboter-lidar-navigation-50-db-leiser-saugroboter-150-minuten-laufzeit-15-no-go-zonen-5-karten-stimme-app-und-fernbedienung\/\",\"name\":\"Vexilar W9 Saugroboter mit Wischfunktion, 5000Pa Saugroboter, LiDAR-Navigation, 50 dB leiser Saugroboter, 150 Minuten Laufzeit, 15 No-Go-Zonen, 5 Karten, Stimme, App und Fernbedienung - EasyLifeBro\",\"isPartOf\":{\"@id\":\"https:\/\/easyliferobo.com\/de\/#website\"},\"primaryImageOfPage\":{\"@id\":\"https:\/\/easyliferobo.com\/de\/product\/vexilar-w9-saugroboter-mit-wischfunktion-5000pa-saugroboter-lidar-navigation-50-db-leiser-saugroboter-150-minuten-laufzeit-15-no-go-zonen-5-karten-stimme-app-und-fernbedienung\/#primaryimage\"},\"image\":{\"@id\":\"https:\/\/easyliferobo.com\/de\/product\/vexilar-w9-saugroboter-mit-wischfunktion-5000pa-saugroboter-lidar-navigation-50-db-leiser-saugroboter-150-minuten-laufzeit-15-no-go-zonen-5-karten-stimme-app-und-fernbedienung\/#primaryimage\"},\"thumbnailUrl\":\"https:\/\/easyliferobo.com\/de\/wp-content\/uploads\/2026\/02\/71mAleI0JVL._AC_SL1500_.jpg\",\"datePublished\":\"2026-02-27T04:05:20+00:00\",\"dateModified\":\"2026-02-27T04:05:47+00:00\",\"description\":\"Entdecken Sie smarte Roboter f\u00fcr Zuhause, Garten, Bildung und Sicherheit. Vergleichen Sie Saugroboter, Rasenm\u00e4hroboter, KI-Begleitroboter und mehr bei EasyLifeRobo.\",\"breadcrumb\":{\"@id\":\"https:\/\/easyliferobo.com\/de\/product\/vexilar-w9-saugroboter-mit-wischfunktion-5000pa-saugroboter-lidar-navigation-50-db-leiser-saugroboter-150-minuten-laufzeit-15-no-go-zonen-5-karten-stimme-app-und-fernbedienung\/#breadcrumb\"},\"inLanguage\":\"de\",\"potentialAction\":[{\"@type\":\"ReadAction\",\"target\":[\"https:\/\/easyliferobo.com\/de\/product\/vexilar-w9-saugroboter-mit-wischfunktion-5000pa-saugroboter-lidar-navigation-50-db-leiser-saugroboter-150-minuten-laufzeit-15-no-go-zonen-5-karten-stimme-app-und-fernbedienung\/\"]}]},{\"@type\":\"ImageObject\",\"inLanguage\":\"de\",\"@id\":\"https:\/\/easyliferobo.com\/de\/product\/vexilar-w9-saugroboter-mit-wischfunktion-5000pa-saugroboter-lidar-navigation-50-db-leiser-saugroboter-150-minuten-laufzeit-15-no-go-zonen-5-karten-stimme-app-und-fernbedienung\/#primaryimage\",\"url\":\"https:\/\/easyliferobo.com\/de\/wp-content\/uploads\/2026\/02\/71mAleI0JVL._AC_SL1500_.jpg\",\"contentUrl\":\"https:\/\/easyliferobo.com\/de\/wp-content\/uploads\/2026\/02\/71mAleI0JVL._AC_SL1500_.jpg\",\"width\":1500,\"height\":1479},{\"@type\":\"BreadcrumbList\",\"@id\":\"https:\/\/easyliferobo.com\/de\/product\/vexilar-w9-saugroboter-mit-wischfunktion-5000pa-saugroboter-lidar-navigation-50-db-leiser-saugroboter-150-minuten-laufzeit-15-no-go-zonen-5-karten-stimme-app-und-fernbedienung\/#breadcrumb\",\"itemListElement\":[{\"@type\":\"ListItem\",\"position\":1,\"name\":\"Home\",\"item\":\"https:\/\/easyliferobo.com\/de\/\"},{\"@type\":\"ListItem\",\"position\":2,\"name\":\"Shop\",\"item\":\"https:\/\/easyliferobo.com\/de\/shop\/\"},{\"@type\":\"ListItem\",\"position\":3,\"name\":\"Vexilar W9 Saugroboter mit Wischfun...\"}]},{\"@type\":\"WebSite\",\"@id\":\"https:\/\/easyliferobo.com\/de\/#website\",\"url\":\"https:\/\/easyliferobo.com\/de\/\",\"name\":\"EasyLifeBro\",\"description\":\"Smarte Roboter f\u00fcr Zuhause, Garten &amp; Bildung\",\"publisher\":{\"@id\":\"https:\/\/easyliferobo.com\/de\/#organization\"},\"potentialAction\":[{\"@type\":\"SearchAction\",\"target\":{\"@type\":\"EntryPoint\",\"urlTemplate\":\"https:\/\/easyliferobo.com\/de\/?s={search_term_string}\"},\"query-input\":{\"@type\":\"PropertyValueSpecification\",\"valueRequired\":true,\"valueName\":\"search_term_string\"}}],\"inLanguage\":\"de\"},{\"@type\":\"Organization\",\"@id\":\"https:\/\/easyliferobo.com\/de\/#organization\",\"name\":\"EasyLifeBro\",\"url\":\"https:\/\/easyliferobo.com\/de\/\",\"logo\":{\"@type\":\"ImageObject\",\"inLanguage\":\"de\",\"@id\":\"https:\/\/easyliferobo.com\/de\/#\/schema\/logo\/image\/\",\"url\":\"https:\/\/easyliferobo.com\/de\/wp-content\/uploads\/2026\/02\/Screenshot-2026-02-22-at-2.25.03-PM.png\",\"contentUrl\":\"https:\/\/easyliferobo.com\/de\/wp-content\/uploads\/2026\/02\/Screenshot-2026-02-22-at-2.25.03-PM.png\",\"width\":1858,\"height\":430,\"caption\":\"EasyLifeBro\"},\"image\":{\"@id\":\"https:\/\/easyliferobo.com\/de\/#\/schema\/logo\/image\/\"}}]}<\/script>\n<!-- \/ Yoast SEO plugin. -->","yoast_head_json":{"title":"Vexilar W9 Saugroboter mit Wischfunktion, 5000Pa Saugroboter, LiDAR-Navigation, 50 dB leiser Saugroboter, 150 Minuten Laufzeit, 15 No-Go-Zonen, 5 Karten, Stimme, App und Fernbedienung - EasyLifeBro","description":"Entdecken Sie smarte Roboter f\u00fcr Zuhause, Garten, Bildung und Sicherheit. Vergleichen Sie Saugroboter, Rasenm\u00e4hroboter, KI-Begleitroboter und mehr bei EasyLifeRobo.","robots":{"index":"index","follow":"follow","max-snippet":"max-snippet:-1","max-image-preview":"max-image-preview:large","max-video-preview":"max-video-preview:-1"},"canonical":"https:\/\/easyliferobo.com\/de\/product\/vexilar-w9-saugroboter-mit-wischfunktion-5000pa-saugroboter-lidar-navigation-50-db-leiser-saugroboter-150-minuten-laufzeit-15-no-go-zonen-5-karten-stimme-app-und-fernbedienung\/","og_locale":"de_DE","og_type":"article","og_title":"Vexilar W9 Saugroboter mit Wischfunktion, 5000Pa Saugroboter, LiDAR-Navigation, 50 dB leiser Saugroboter, 150 Minuten Laufzeit, 15 No-Go-Zonen, 5 Karten, Stimme, App und Fernbedienung - EasyLifeBro","og_description":"Entdecken Sie smarte Roboter f\u00fcr Zuhause, Garten, Bildung und Sicherheit. Vergleichen Sie Saugroboter, Rasenm\u00e4hroboter, KI-Begleitroboter und mehr bei EasyLifeRobo.","og_url":"https:\/\/easyliferobo.com\/de\/product\/vexilar-w9-saugroboter-mit-wischfunktion-5000pa-saugroboter-lidar-navigation-50-db-leiser-saugroboter-150-minuten-laufzeit-15-no-go-zonen-5-karten-stimme-app-und-fernbedienung\/","og_site_name":"EasyLifeBro","article_modified_time":"2026-02-27T04:05:47+00:00","og_image":[{"url":"https:\/\/images-na.ssl-images-amazon.com\/images\/G\/01\/x-locale\/common\/grey-pixel.gif","type":"","width":"","height":""}],"twitter_card":"summary_large_image","twitter_misc":{"Gesch\u00e4tzte Lesezeit":"3\u00a0Minuten"},"schema":{"@context":"https:\/\/schema.org","@graph":[{"@type":"WebPage","@id":"https:\/\/easyliferobo.com\/de\/product\/vexilar-w9-saugroboter-mit-wischfunktion-5000pa-saugroboter-lidar-navigation-50-db-leiser-saugroboter-150-minuten-laufzeit-15-no-go-zonen-5-karten-stimme-app-und-fernbedienung\/","url":"https:\/\/easyliferobo.com\/de\/product\/vexilar-w9-saugroboter-mit-wischfunktion-5000pa-saugroboter-lidar-navigation-50-db-leiser-saugroboter-150-minuten-laufzeit-15-no-go-zonen-5-karten-stimme-app-und-fernbedienung\/","name":"Vexilar W9 Saugroboter mit Wischfunktion, 5000Pa Saugroboter, LiDAR-Navigation, 50 dB leiser Saugroboter, 150 Minuten Laufzeit, 15 No-Go-Zonen, 5 Karten, Stimme, App und Fernbedienung - EasyLifeBro","isPartOf":{"@id":"https:\/\/easyliferobo.com\/de\/#website"},"primaryImageOfPage":{"@id":"https:\/\/easyliferobo.com\/de\/product\/vexilar-w9-saugroboter-mit-wischfunktion-5000pa-saugroboter-lidar-navigation-50-db-leiser-saugroboter-150-minuten-laufzeit-15-no-go-zonen-5-karten-stimme-app-und-fernbedienung\/#primaryimage"},"image":{"@id":"https:\/\/easyliferobo.com\/de\/product\/vexilar-w9-saugroboter-mit-wischfunktion-5000pa-saugroboter-lidar-navigation-50-db-leiser-saugroboter-150-minuten-laufzeit-15-no-go-zonen-5-karten-stimme-app-und-fernbedienung\/#primaryimage"},"thumbnailUrl":"https:\/\/easyliferobo.com\/de\/wp-content\/uploads\/2026\/02\/71mAleI0JVL._AC_SL1500_.jpg","datePublished":"2026-02-27T04:05:20+00:00","dateModified":"2026-02-27T04:05:47+00:00","description":"Entdecken Sie smarte Roboter f\u00fcr Zuhause, Garten, Bildung und Sicherheit. Vergleichen Sie Saugroboter, Rasenm\u00e4hroboter, KI-Begleitroboter und mehr bei EasyLifeRobo.","breadcrumb":{"@id":"https:\/\/easyliferobo.com\/de\/product\/vexilar-w9-saugroboter-mit-wischfunktion-5000pa-saugroboter-lidar-navigation-50-db-leiser-saugroboter-150-minuten-laufzeit-15-no-go-zonen-5-karten-stimme-app-und-fernbedienung\/#breadcrumb"},"inLanguage":"de","potentialAction":[{"@type":"ReadAction","target":["https:\/\/easyliferobo.com\/de\/product\/vexilar-w9-saugroboter-mit-wischfunktion-5000pa-saugroboter-lidar-navigation-50-db-leiser-saugroboter-150-minuten-laufzeit-15-no-go-zonen-5-karten-stimme-app-und-fernbedienung\/"]}]},{"@type":"ImageObject","inLanguage":"de","@id":"https:\/\/easyliferobo.com\/de\/product\/vexilar-w9-saugroboter-mit-wischfunktion-5000pa-saugroboter-lidar-navigation-50-db-leiser-saugroboter-150-minuten-laufzeit-15-no-go-zonen-5-karten-stimme-app-und-fernbedienung\/#primaryimage","url":"https:\/\/easyliferobo.com\/de\/wp-content\/uploads\/2026\/02\/71mAleI0JVL._AC_SL1500_.jpg","contentUrl":"https:\/\/easyliferobo.com\/de\/wp-content\/uploads\/2026\/02\/71mAleI0JVL._AC_SL1500_.jpg","width":1500,"height":1479},{"@type":"BreadcrumbList","@id":"https:\/\/easyliferobo.com\/de\/product\/vexilar-w9-saugroboter-mit-wischfunktion-5000pa-saugroboter-lidar-navigation-50-db-leiser-saugroboter-150-minuten-laufzeit-15-no-go-zonen-5-karten-stimme-app-und-fernbedienung\/#breadcrumb","itemListElement":[{"@type":"ListItem","position":1,"name":"Home","item":"https:\/\/easyliferobo.com\/de\/"},{"@type":"ListItem","position":2,"name":"Shop","item":"https:\/\/easyliferobo.com\/de\/shop\/"},{"@type":"ListItem","position":3,"name":"Vexilar W9 Saugroboter mit Wischfun..."}]},{"@type":"WebSite","@id":"https:\/\/easyliferobo.com\/de\/#website","url":"https:\/\/easyliferobo.com\/de\/","name":"EasyLifeBro","description":"Smarte Roboter f\u00fcr Zuhause, Garten &amp; Bildung","publisher":{"@id":"https:\/\/easyliferobo.com\/de\/#organization"},"potentialAction":[{"@type":"SearchAction","target":{"@type":"EntryPoint","urlTemplate":"https:\/\/easyliferobo.com\/de\/?s={search_term_string}"},"query-input":{"@type":"PropertyValueSpecification","valueRequired":true,"valueName":"search_term_string"}}],"inLanguage":"de"},{"@type":"Organization","@id":"https:\/\/easyliferobo.com\/de\/#organization","name":"EasyLifeBro","url":"https:\/\/easyliferobo.com\/de\/","logo":{"@type":"ImageObject","inLanguage":"de","@id":"https:\/\/easyliferobo.com\/de\/#\/schema\/logo\/image\/","url":"https:\/\/easyliferobo.com\/de\/wp-content\/uploads\/2026\/02\/Screenshot-2026-02-22-at-2.25.03-PM.png","contentUrl":"https:\/\/easyliferobo.com\/de\/wp-content\/uploads\/2026\/02\/Screenshot-2026-02-22-at-2.25.03-PM.png","width":1858,"height":430,"caption":"EasyLifeBro"},"image":{"@id":"https:\/\/easyliferobo.com\/de\/#\/schema\/logo\/image\/"}}]}},"_links":{"self":[{"href":"https:\/\/easyliferobo.com\/de\/wp-json\/wp\/v2\/product\/2425","targetHints":{"allow":["GET"]}}],"collection":[{"href":"https:\/\/easyliferobo.com\/de\/wp-json\/wp\/v2\/product"}],"about":[{"href":"https:\/\/easyliferobo.com\/de\/wp-json\/wp\/v2\/types\/product"}],"replies":[{"embeddable":true,"href":"https:\/\/easyliferobo.com\/de\/wp-json\/wp\/v2\/comments?post=2425"}],"wp:featuredmedia":[{"embeddable":true,"href":"https:\/\/easyliferobo.com\/de\/wp-json\/wp\/v2\/media\/2426"}],"wp:attachment":[{"href":"https:\/\/easyliferobo.com\/de\/wp-json\/wp\/v2\/media?parent=2425"}],"wp:term":[{"taxonomy":"store","embeddable":true,"href":"https:\/\/easyliferobo.com\/de\/wp-json\/wp\/v2\/store?post=2425"},{"taxonomy":"product_brand","embeddable":true,"href":"https:\/\/easyliferobo.com\/de\/wp-json\/wp\/v2\/product_brand?post=2425"},{"taxonomy":"product_cat","embeddable":true,"href":"https:\/\/easyliferobo.com\/de\/wp-json\/wp\/v2\/product_cat?post=2425"},{"taxonomy":"product_tag","embeddable":true,"href":"https:\/\/easyliferobo.com\/de\/wp-json\/wp\/v2\/product_tag?post=2425"}],"curies":[{"name":"wp","href":"https:\/\/api.w.org\/{rel}","templated":true}]}}