
{"id":2417,"date":"2026-02-27T04:03:38","date_gmt":"2026-02-27T04:03:38","guid":{"rendered":"https:\/\/easyliferobo.com\/de\/product\/zeichenroboter-fuer-kinder-einfaches-maschinelles-zeichenlernspielzeug-fuer-jungen-und-maedchen-ab-3-jahren-geburtstagsgeschenk-rosa\/"},"modified":"2026-02-27T04:03:54","modified_gmt":"2026-02-27T04:03:54","slug":"zeichenroboter-fuer-kinder-einfaches-maschinelles-zeichenlernspielzeug-fuer-jungen-und-maedchen-ab-3-jahren-geburtstagsgeschenk-rosa","status":"publish","type":"product","link":"https:\/\/easyliferobo.com\/de\/product\/zeichenroboter-fuer-kinder-einfaches-maschinelles-zeichenlernspielzeug-fuer-jungen-und-maedchen-ab-3-jahren-geburtstagsgeschenk-rosa\/","title":{"rendered":"Zeichenroboter f\u00fcr Kinder, einfach..."},"content":{"rendered":"<p>\n                                             Produktbeschreibung   <\/p>\n<p>                                                                                                       <img decoding=\"async\" alt=\"Aplus-Inhaltsbild\" src=\"https:\/\/images-na.ssl-images-amazon.com\/images\/G\/01\/x-locale\/common\/grey-pixel.gif\" class=\"a-lazy-loaded\" data-src=\"https:\/\/m.media-amazon.com\/images\/S\/aplus-media-library-service-media\/07f07539-4f2e-4ebc-8008-c19663e58281.__CR0,0,1464,600_PT0_SX1464_V1___.jpg\"><img decoding=\"async\" alt=\"Aplus-Inhaltsbild\" src=\"https:\/\/m.media-amazon.com\/images\/S\/aplus-media-library-service-media\/07f07539-4f2e-4ebc-8008-c19663e58281.__CR0,0,1464,600_PT0_SX1464_V1___.jpg\">                                               <\/p>\n<p>                                                                                                       <img decoding=\"async\" alt=\"Der Text lautet \u201eAI Smart Malroboter\u201c. Mehrere Bilder zeigen ein Roboterger\u00e4t auf einer blau get\u00f6nten Oberfl\u00e4che mit technischen Benutzeroberfl\u00e4chenelementen.\" src=\"https:\/\/images-na.ssl-images-amazon.com\/images\/G\/01\/x-locale\/common\/grey-pixel.gif\" class=\"a-lazy-loaded\" data-src=\"https:\/\/m.media-amazon.com\/images\/S\/aplus-media-library-service-media\/ae1825a8-56b8-451b-82dd-0be61a74fa05.__CR0,0,1464,600_PT0_SX1464_V1___.jpg\"><img decoding=\"async\" alt=\"Der Text lautet \u201eAI Smart Malroboter\u201c. Mehrere Bilder zeigen ein Roboterger\u00e4t auf einer blau get\u00f6nten Oberfl\u00e4che mit technischen Benutzeroberfl\u00e4chenelementen.\" src=\"https:\/\/m.media-amazon.com\/images\/S\/aplus-media-library-service-media\/ae1825a8-56b8-451b-82dd-0be61a74fa05.__CR0,0,1464,600_PT0_SX1464_V1___.jpg\">                                               <\/p>\n<p>                                                                                                       <img decoding=\"async\" alt=\"Der Text lautet \u201eABC Zeithalter in 5 verschiedenen\u201c. Eine Reihe bunter Lernmaterialien oder Karten f\u00fcr Kinder zum Thema Zeichentricktiere, die in verschiedenen Anordnungen ausgestellt werden.\" src=\"https:\/\/images-na.ssl-images-amazon.com\/images\/G\/01\/x-locale\/common\/grey-pixel.gif\" class=\"a-lazy-loaded\" data-src=\"https:\/\/m.media-amazon.com\/images\/S\/aplus-media-library-service-media\/3910befb-df01-4214-b9e3-0c75d7738dd9.__CR0,0,1464,600_PT0_SX1464_V1___.jpg\"><img decoding=\"async\" alt=\"Der Text lautet \u201eABC Zeithalter in 5 verschiedenen\u201c. Eine Reihe bunter Lernmaterialien oder Karten f\u00fcr Kinder zum Thema Zeichentricktiere, die in verschiedenen Anordnungen ausgestellt werden.\" src=\"https:\/\/m.media-amazon.com\/images\/S\/aplus-media-library-service-media\/3910befb-df01-4214-b9e3-0c75d7738dd9.__CR0,0,1464,600_PT0_SX1464_V1___.jpg\">                                               <\/p>\n<p>                                                                                  <img decoding=\"async\" alt=\"Aplus-Inhaltsbild\" src=\"https:\/\/m.media-amazon.com\/images\/S\/aplus-media-library-service-media\/c83051da-0696-4b40-839d-cdc667e5fb0c.__CR0,0,1464,600_PT0_SX1464_V1___.jpg\">       <\/p>\n<p>                                                                                  <img decoding=\"async\" alt=\"Aplus-Inhaltsbild\" src=\"https:\/\/m.media-amazon.com\/images\/S\/aplus-media-library-service-media\/de7affc2-f0e2-4d11-98d3-bb55860af143.__CR0,0,1464,600_PT0_SX1464_V1___.jpg\">       <\/p>\n<p>                                                                                                                <img decoding=\"async\" alt=\"Aplus-Inhaltsbild\" src=\"https:\/\/m.media-amazon.com\/images\/S\/aplus-media-library-service-media\/7e9422cf-6bd2-451d-ae94-5a9493bf27ed.__CR0,0,1464,600_PT0_SX1464_V1___.jpg\">                                                    <img decoding=\"async\" alt=\"Der Text lautet \u201eWie man den Zeichnungsrohber einsetzt?\u201c Anleitung mit Anweisungen zur Verwendung des rosafarbenen Radiergummis mit nummerierten Abbildungen.\" src=\"https:\/\/m.media-amazon.com\/images\/S\/aplus-media-library-service-media\/9414314d-f9c8-49e1-a576-3a4c59fd05d0.__CR0,0,1464,600_PT0_SX1464_V1___.jpg\">                                                    <img decoding=\"async\" alt=\"Aplus-Inhaltsbild\" src=\"https:\/\/m.media-amazon.com\/images\/S\/aplus-media-library-service-media\/a9a22691-3905-4392-a9bc-415721479f28.__CR0,0,1464,600_PT0_SX1464_V1___.jpg\"><br \/>\n                            1 Wiederaufladbar 2 Einfach zu verwenden 3 Intelligente Roboter <\/p>\n<p>                                                                                                       <img decoding=\"async\" alt=\"Aplus-Inhaltsbild\" src=\"https:\/\/images-na.ssl-images-amazon.com\/images\/G\/01\/x-locale\/common\/grey-pixel.gif\" class=\"a-lazy-loaded\" data-src=\"https:\/\/m.media-amazon.com\/images\/S\/aplus-media-library-service-media\/405194e4-0f0c-4459-a12c-3e6e3796c53d.__CR0,0,1464,600_PT0_SX1464_V1___.jpg\"><img decoding=\"async\" alt=\"Aplus-Inhaltsbild\" src=\"https:\/\/m.media-amazon.com\/images\/S\/aplus-media-library-service-media\/405194e4-0f0c-4459-a12c-3e6e3796c53d.__CR0,0,1464,600_PT0_SX1464_V1___.jpg\">                                               <\/p>\n<p>Zeichenroboter f\u00fcr Kinder mit 100 Karten, Roboter, Kinderspielzeug, sprachinteraktiver Zeichenprojektor, wiederaufladbares Lernspielzeug f\u00fcr Kinder ab 3 Jahren<\/p>\n<p>[ad_2]<\/p>\n","protected":false},"excerpt":{"rendered":"<p>Produktbeschreibung 1 Wiederaufladbar 2 Einfach zu verwenden 3 Intelligente Roboter Zeichenroboter f\u00fcr Kinder mit 100 Karten, Roboter, Kinderspielzeug, sprachinteraktiver Zeichenprojektor, wiederaufladbares Lernspielzeug f\u00fcr Kinder ab 3 Jahren [ad_2]<\/p>\n","protected":false},"featured_media":2418,"comment_status":"open","ping_status":"closed","template":"","meta":{"_aipt_faq_data":""},"store":[],"product_brand":[],"product_cat":[78],"product_tag":[144],"class_list":{"0":"post-2417","1":"product","2":"type-product","3":"status-publish","4":"has-post-thumbnail","6":"product_cat-programmierroboter-fuer-kinder","7":"product_tag-programmierroboter-fuer-kinder-mit-sensoren","9":"first","10":"instock","11":"sale","12":"shipping-taxable","13":"product-type-external"},"yoast_head":"<!-- This site is optimized with the Yoast SEO plugin v27.4 - https:\/\/yoast.com\/product\/yoast-seo-wordpress\/ -->\n<title>Zeichenroboter f\u00fcr Kinder, einfaches maschinelles Zeichenlernspielzeug f\u00fcr Jungen und M\u00e4dchen ab 3 Jahren, Geburtstagsgeschenk (Rosa) - EasyLifeBro<\/title>\n<meta name=\"description\" content=\"Entdecken Sie smarte Roboter f\u00fcr Zuhause, Garten, Bildung und Sicherheit. Vergleichen Sie Saugroboter, Rasenm\u00e4hroboter, KI-Begleitroboter und mehr bei EasyLifeRobo.\" \/>\n<meta name=\"robots\" content=\"index, follow, max-snippet:-1, max-image-preview:large, max-video-preview:-1\" \/>\n<link rel=\"canonical\" href=\"https:\/\/easyliferobo.com\/de\/product\/zeichenroboter-fuer-kinder-einfaches-maschinelles-zeichenlernspielzeug-fuer-jungen-und-maedchen-ab-3-jahren-geburtstagsgeschenk-rosa\/\" \/>\n<meta property=\"og:locale\" content=\"de_DE\" \/>\n<meta property=\"og:type\" content=\"article\" \/>\n<meta property=\"og:title\" content=\"Zeichenroboter f\u00fcr Kinder, einfaches maschinelles Zeichenlernspielzeug f\u00fcr Jungen und M\u00e4dchen ab 3 Jahren, Geburtstagsgeschenk (Rosa) - EasyLifeBro\" \/>\n<meta property=\"og:description\" content=\"Entdecken Sie smarte Roboter f\u00fcr Zuhause, Garten, Bildung und Sicherheit. Vergleichen Sie Saugroboter, Rasenm\u00e4hroboter, KI-Begleitroboter und mehr bei EasyLifeRobo.\" \/>\n<meta property=\"og:url\" content=\"https:\/\/easyliferobo.com\/de\/product\/zeichenroboter-fuer-kinder-einfaches-maschinelles-zeichenlernspielzeug-fuer-jungen-und-maedchen-ab-3-jahren-geburtstagsgeschenk-rosa\/\" \/>\n<meta property=\"og:site_name\" content=\"EasyLifeBro\" \/>\n<meta property=\"article:modified_time\" content=\"2026-02-27T04:03:54+00:00\" \/>\n<meta property=\"og:image\" content=\"https:\/\/images-na.ssl-images-amazon.com\/images\/G\/01\/x-locale\/common\/grey-pixel.gif\" \/>\n<meta name=\"twitter:card\" content=\"summary_large_image\" \/>\n<script type=\"application\/ld+json\" class=\"yoast-schema-graph\">{\"@context\":\"https:\\\/\\\/schema.org\",\"@graph\":[{\"@type\":\"WebPage\",\"@id\":\"https:\\\/\\\/easyliferobo.com\\\/de\\\/product\\\/zeichenroboter-fuer-kinder-einfaches-maschinelles-zeichenlernspielzeug-fuer-jungen-und-maedchen-ab-3-jahren-geburtstagsgeschenk-rosa\\\/\",\"url\":\"https:\\\/\\\/easyliferobo.com\\\/de\\\/product\\\/zeichenroboter-fuer-kinder-einfaches-maschinelles-zeichenlernspielzeug-fuer-jungen-und-maedchen-ab-3-jahren-geburtstagsgeschenk-rosa\\\/\",\"name\":\"Zeichenroboter f\u00fcr Kinder, einfaches maschinelles Zeichenlernspielzeug f\u00fcr Jungen und M\u00e4dchen ab 3 Jahren, Geburtstagsgeschenk (Rosa) - EasyLifeBro\",\"isPartOf\":{\"@id\":\"https:\\\/\\\/easyliferobo.com\\\/de\\\/#website\"},\"primaryImageOfPage\":{\"@id\":\"https:\\\/\\\/easyliferobo.com\\\/de\\\/product\\\/zeichenroboter-fuer-kinder-einfaches-maschinelles-zeichenlernspielzeug-fuer-jungen-und-maedchen-ab-3-jahren-geburtstagsgeschenk-rosa\\\/#primaryimage\"},\"image\":{\"@id\":\"https:\\\/\\\/easyliferobo.com\\\/de\\\/product\\\/zeichenroboter-fuer-kinder-einfaches-maschinelles-zeichenlernspielzeug-fuer-jungen-und-maedchen-ab-3-jahren-geburtstagsgeschenk-rosa\\\/#primaryimage\"},\"thumbnailUrl\":\"https:\\\/\\\/easyliferobo.com\\\/de\\\/wp-content\\\/uploads\\\/2026\\\/02\\\/71HSy8PA2fL._AC_SL1500_.jpg\",\"datePublished\":\"2026-02-27T04:03:38+00:00\",\"dateModified\":\"2026-02-27T04:03:54+00:00\",\"description\":\"Entdecken Sie smarte Roboter f\u00fcr Zuhause, Garten, Bildung und Sicherheit. Vergleichen Sie Saugroboter, Rasenm\u00e4hroboter, KI-Begleitroboter und mehr bei EasyLifeRobo.\",\"breadcrumb\":{\"@id\":\"https:\\\/\\\/easyliferobo.com\\\/de\\\/product\\\/zeichenroboter-fuer-kinder-einfaches-maschinelles-zeichenlernspielzeug-fuer-jungen-und-maedchen-ab-3-jahren-geburtstagsgeschenk-rosa\\\/#breadcrumb\"},\"inLanguage\":\"de\",\"potentialAction\":[{\"@type\":\"ReadAction\",\"target\":[\"https:\\\/\\\/easyliferobo.com\\\/de\\\/product\\\/zeichenroboter-fuer-kinder-einfaches-maschinelles-zeichenlernspielzeug-fuer-jungen-und-maedchen-ab-3-jahren-geburtstagsgeschenk-rosa\\\/\"]}]},{\"@type\":\"ImageObject\",\"inLanguage\":\"de\",\"@id\":\"https:\\\/\\\/easyliferobo.com\\\/de\\\/product\\\/zeichenroboter-fuer-kinder-einfaches-maschinelles-zeichenlernspielzeug-fuer-jungen-und-maedchen-ab-3-jahren-geburtstagsgeschenk-rosa\\\/#primaryimage\",\"url\":\"https:\\\/\\\/easyliferobo.com\\\/de\\\/wp-content\\\/uploads\\\/2026\\\/02\\\/71HSy8PA2fL._AC_SL1500_.jpg\",\"contentUrl\":\"https:\\\/\\\/easyliferobo.com\\\/de\\\/wp-content\\\/uploads\\\/2026\\\/02\\\/71HSy8PA2fL._AC_SL1500_.jpg\",\"width\":1500,\"height\":1491},{\"@type\":\"BreadcrumbList\",\"@id\":\"https:\\\/\\\/easyliferobo.com\\\/de\\\/product\\\/zeichenroboter-fuer-kinder-einfaches-maschinelles-zeichenlernspielzeug-fuer-jungen-und-maedchen-ab-3-jahren-geburtstagsgeschenk-rosa\\\/#breadcrumb\",\"itemListElement\":[{\"@type\":\"ListItem\",\"position\":1,\"name\":\"Home\",\"item\":\"https:\\\/\\\/easyliferobo.com\\\/de\\\/\"},{\"@type\":\"ListItem\",\"position\":2,\"name\":\"Shop\",\"item\":\"https:\\\/\\\/easyliferobo.com\\\/de\\\/shop\\\/\"},{\"@type\":\"ListItem\",\"position\":3,\"name\":\"Zeichenroboter f\u00fcr Kinder, einfach...\"}]},{\"@type\":\"WebSite\",\"@id\":\"https:\\\/\\\/easyliferobo.com\\\/de\\\/#website\",\"url\":\"https:\\\/\\\/easyliferobo.com\\\/de\\\/\",\"name\":\"EasyLifeBro\",\"description\":\"Smarte Roboter f\u00fcr Zuhause, Garten &amp; Bildung\",\"publisher\":{\"@id\":\"https:\\\/\\\/easyliferobo.com\\\/de\\\/#organization\"},\"potentialAction\":[{\"@type\":\"SearchAction\",\"target\":{\"@type\":\"EntryPoint\",\"urlTemplate\":\"https:\\\/\\\/easyliferobo.com\\\/de\\\/?s={search_term_string}\"},\"query-input\":{\"@type\":\"PropertyValueSpecification\",\"valueRequired\":true,\"valueName\":\"search_term_string\"}}],\"inLanguage\":\"de\"},{\"@type\":\"Organization\",\"@id\":\"https:\\\/\\\/easyliferobo.com\\\/de\\\/#organization\",\"name\":\"EasyLifeBro\",\"url\":\"https:\\\/\\\/easyliferobo.com\\\/de\\\/\",\"logo\":{\"@type\":\"ImageObject\",\"inLanguage\":\"de\",\"@id\":\"https:\\\/\\\/easyliferobo.com\\\/de\\\/#\\\/schema\\\/logo\\\/image\\\/\",\"url\":\"https:\\\/\\\/easyliferobo.com\\\/de\\\/wp-content\\\/uploads\\\/2026\\\/02\\\/Screenshot-2026-02-22-at-2.25.03-PM.png\",\"contentUrl\":\"https:\\\/\\\/easyliferobo.com\\\/de\\\/wp-content\\\/uploads\\\/2026\\\/02\\\/Screenshot-2026-02-22-at-2.25.03-PM.png\",\"width\":1858,\"height\":430,\"caption\":\"EasyLifeBro\"},\"image\":{\"@id\":\"https:\\\/\\\/easyliferobo.com\\\/de\\\/#\\\/schema\\\/logo\\\/image\\\/\"}}]}<\/script>\n<!-- \/ Yoast SEO plugin. -->","yoast_head_json":{"title":"Zeichenroboter f\u00fcr Kinder, einfaches maschinelles Zeichenlernspielzeug f\u00fcr Jungen und M\u00e4dchen ab 3 Jahren, Geburtstagsgeschenk (Rosa) - EasyLifeBro","description":"Entdecken Sie smarte Roboter f\u00fcr Zuhause, Garten, Bildung und Sicherheit. Vergleichen Sie Saugroboter, Rasenm\u00e4hroboter, KI-Begleitroboter und mehr bei EasyLifeRobo.","robots":{"index":"index","follow":"follow","max-snippet":"max-snippet:-1","max-image-preview":"max-image-preview:large","max-video-preview":"max-video-preview:-1"},"canonical":"https:\/\/easyliferobo.com\/de\/product\/zeichenroboter-fuer-kinder-einfaches-maschinelles-zeichenlernspielzeug-fuer-jungen-und-maedchen-ab-3-jahren-geburtstagsgeschenk-rosa\/","og_locale":"de_DE","og_type":"article","og_title":"Zeichenroboter f\u00fcr Kinder, einfaches maschinelles Zeichenlernspielzeug f\u00fcr Jungen und M\u00e4dchen ab 3 Jahren, Geburtstagsgeschenk (Rosa) - EasyLifeBro","og_description":"Entdecken Sie smarte Roboter f\u00fcr Zuhause, Garten, Bildung und Sicherheit. Vergleichen Sie Saugroboter, Rasenm\u00e4hroboter, KI-Begleitroboter und mehr bei EasyLifeRobo.","og_url":"https:\/\/easyliferobo.com\/de\/product\/zeichenroboter-fuer-kinder-einfaches-maschinelles-zeichenlernspielzeug-fuer-jungen-und-maedchen-ab-3-jahren-geburtstagsgeschenk-rosa\/","og_site_name":"EasyLifeBro","article_modified_time":"2026-02-27T04:03:54+00:00","og_image":[{"url":"https:\/\/images-na.ssl-images-amazon.com\/images\/G\/01\/x-locale\/common\/grey-pixel.gif","type":"","width":"","height":""}],"twitter_card":"summary_large_image","schema":{"@context":"https:\/\/schema.org","@graph":[{"@type":"WebPage","@id":"https:\/\/easyliferobo.com\/de\/product\/zeichenroboter-fuer-kinder-einfaches-maschinelles-zeichenlernspielzeug-fuer-jungen-und-maedchen-ab-3-jahren-geburtstagsgeschenk-rosa\/","url":"https:\/\/easyliferobo.com\/de\/product\/zeichenroboter-fuer-kinder-einfaches-maschinelles-zeichenlernspielzeug-fuer-jungen-und-maedchen-ab-3-jahren-geburtstagsgeschenk-rosa\/","name":"Zeichenroboter f\u00fcr Kinder, einfaches maschinelles Zeichenlernspielzeug f\u00fcr Jungen und M\u00e4dchen ab 3 Jahren, Geburtstagsgeschenk (Rosa) - EasyLifeBro","isPartOf":{"@id":"https:\/\/easyliferobo.com\/de\/#website"},"primaryImageOfPage":{"@id":"https:\/\/easyliferobo.com\/de\/product\/zeichenroboter-fuer-kinder-einfaches-maschinelles-zeichenlernspielzeug-fuer-jungen-und-maedchen-ab-3-jahren-geburtstagsgeschenk-rosa\/#primaryimage"},"image":{"@id":"https:\/\/easyliferobo.com\/de\/product\/zeichenroboter-fuer-kinder-einfaches-maschinelles-zeichenlernspielzeug-fuer-jungen-und-maedchen-ab-3-jahren-geburtstagsgeschenk-rosa\/#primaryimage"},"thumbnailUrl":"https:\/\/easyliferobo.com\/de\/wp-content\/uploads\/2026\/02\/71HSy8PA2fL._AC_SL1500_.jpg","datePublished":"2026-02-27T04:03:38+00:00","dateModified":"2026-02-27T04:03:54+00:00","description":"Entdecken Sie smarte Roboter f\u00fcr Zuhause, Garten, Bildung und Sicherheit. Vergleichen Sie Saugroboter, Rasenm\u00e4hroboter, KI-Begleitroboter und mehr bei EasyLifeRobo.","breadcrumb":{"@id":"https:\/\/easyliferobo.com\/de\/product\/zeichenroboter-fuer-kinder-einfaches-maschinelles-zeichenlernspielzeug-fuer-jungen-und-maedchen-ab-3-jahren-geburtstagsgeschenk-rosa\/#breadcrumb"},"inLanguage":"de","potentialAction":[{"@type":"ReadAction","target":["https:\/\/easyliferobo.com\/de\/product\/zeichenroboter-fuer-kinder-einfaches-maschinelles-zeichenlernspielzeug-fuer-jungen-und-maedchen-ab-3-jahren-geburtstagsgeschenk-rosa\/"]}]},{"@type":"ImageObject","inLanguage":"de","@id":"https:\/\/easyliferobo.com\/de\/product\/zeichenroboter-fuer-kinder-einfaches-maschinelles-zeichenlernspielzeug-fuer-jungen-und-maedchen-ab-3-jahren-geburtstagsgeschenk-rosa\/#primaryimage","url":"https:\/\/easyliferobo.com\/de\/wp-content\/uploads\/2026\/02\/71HSy8PA2fL._AC_SL1500_.jpg","contentUrl":"https:\/\/easyliferobo.com\/de\/wp-content\/uploads\/2026\/02\/71HSy8PA2fL._AC_SL1500_.jpg","width":1500,"height":1491},{"@type":"BreadcrumbList","@id":"https:\/\/easyliferobo.com\/de\/product\/zeichenroboter-fuer-kinder-einfaches-maschinelles-zeichenlernspielzeug-fuer-jungen-und-maedchen-ab-3-jahren-geburtstagsgeschenk-rosa\/#breadcrumb","itemListElement":[{"@type":"ListItem","position":1,"name":"Home","item":"https:\/\/easyliferobo.com\/de\/"},{"@type":"ListItem","position":2,"name":"Shop","item":"https:\/\/easyliferobo.com\/de\/shop\/"},{"@type":"ListItem","position":3,"name":"Zeichenroboter f\u00fcr Kinder, einfach..."}]},{"@type":"WebSite","@id":"https:\/\/easyliferobo.com\/de\/#website","url":"https:\/\/easyliferobo.com\/de\/","name":"EasyLifeBro","description":"Smarte Roboter f\u00fcr Zuhause, Garten &amp; Bildung","publisher":{"@id":"https:\/\/easyliferobo.com\/de\/#organization"},"potentialAction":[{"@type":"SearchAction","target":{"@type":"EntryPoint","urlTemplate":"https:\/\/easyliferobo.com\/de\/?s={search_term_string}"},"query-input":{"@type":"PropertyValueSpecification","valueRequired":true,"valueName":"search_term_string"}}],"inLanguage":"de"},{"@type":"Organization","@id":"https:\/\/easyliferobo.com\/de\/#organization","name":"EasyLifeBro","url":"https:\/\/easyliferobo.com\/de\/","logo":{"@type":"ImageObject","inLanguage":"de","@id":"https:\/\/easyliferobo.com\/de\/#\/schema\/logo\/image\/","url":"https:\/\/easyliferobo.com\/de\/wp-content\/uploads\/2026\/02\/Screenshot-2026-02-22-at-2.25.03-PM.png","contentUrl":"https:\/\/easyliferobo.com\/de\/wp-content\/uploads\/2026\/02\/Screenshot-2026-02-22-at-2.25.03-PM.png","width":1858,"height":430,"caption":"EasyLifeBro"},"image":{"@id":"https:\/\/easyliferobo.com\/de\/#\/schema\/logo\/image\/"}}]}},"_links":{"self":[{"href":"https:\/\/easyliferobo.com\/de\/wp-json\/wp\/v2\/product\/2417","targetHints":{"allow":["GET"]}}],"collection":[{"href":"https:\/\/easyliferobo.com\/de\/wp-json\/wp\/v2\/product"}],"about":[{"href":"https:\/\/easyliferobo.com\/de\/wp-json\/wp\/v2\/types\/product"}],"replies":[{"embeddable":true,"href":"https:\/\/easyliferobo.com\/de\/wp-json\/wp\/v2\/comments?post=2417"}],"wp:featuredmedia":[{"embeddable":true,"href":"https:\/\/easyliferobo.com\/de\/wp-json\/wp\/v2\/media\/2418"}],"wp:attachment":[{"href":"https:\/\/easyliferobo.com\/de\/wp-json\/wp\/v2\/media?parent=2417"}],"wp:term":[{"taxonomy":"store","embeddable":true,"href":"https:\/\/easyliferobo.com\/de\/wp-json\/wp\/v2\/store?post=2417"},{"taxonomy":"product_brand","embeddable":true,"href":"https:\/\/easyliferobo.com\/de\/wp-json\/wp\/v2\/product_brand?post=2417"},{"taxonomy":"product_cat","embeddable":true,"href":"https:\/\/easyliferobo.com\/de\/wp-json\/wp\/v2\/product_cat?post=2417"},{"taxonomy":"product_tag","embeddable":true,"href":"https:\/\/easyliferobo.com\/de\/wp-json\/wp\/v2\/product_tag?post=2417"}],"curies":[{"name":"wp","href":"https:\/\/api.w.org\/{rel}","templated":true}]}}