
{"id":2410,"date":"2026-02-27T04:02:16","date_gmt":"2026-02-27T04:02:16","guid":{"rendered":"https:\/\/easyliferobo.com\/de\/product\/wissenschaftliches-experimentierset-fuer-kinder-8-12-elektronikbausatz-roboterbausatz-spielzeug-elektrischer-bausatz-stem-experimentierkasten-aktivitaeten-lernspielzeug-ab-8-jahren-jungen-6-in\/"},"modified":"2026-02-27T04:02:29","modified_gmt":"2026-02-27T04:02:29","slug":"wissenschaftliches-experimentierset-fuer-kinder-8-12-elektronikbausatz-roboterbausatz-spielzeug-elektrischer-bausatz-stem-experimentierkasten-aktivitaeten-lernspielzeug-ab-8-jahren-jungen-6-in","status":"publish","type":"product","link":"https:\/\/easyliferobo.com\/de\/product\/wissenschaftliches-experimentierset-fuer-kinder-8-12-elektronikbausatz-roboterbausatz-spielzeug-elektrischer-bausatz-stem-experimentierkasten-aktivitaeten-lernspielzeug-ab-8-jahren-jungen-6-in\/","title":{"rendered":"Wissenschaftliches Experimentierset..."},"content":{"rendered":"<p>\n                                             Von der Marke   <\/p>\n<p>                                              <img decoding=\"async\" alt=\"Aplus-Inhaltsbild\" src=\"https:\/\/images-na.ssl-images-amazon.com\/images\/G\/01\/x-locale\/common\/grey-pixel.gif\" class=\"a-lazy-loaded\" data-src=\"https:\/\/m.media-amazon.com\/images\/S\/aplus-media-library-service-media\/e503fae6-2ed3-4112-8a11-bca6061a9333.__CR0,0,1464,625_PT0_SX1464_V1___.png\"><img decoding=\"async\" alt=\"Aplus-Inhaltsbild\" src=\"https:\/\/m.media-amazon.com\/images\/S\/aplus-media-library-service-media\/e503fae6-2ed3-4112-8a11-bca6061a9333.__CR0,0,1464,625_PT0_SX1464_V1___.png\">  <\/p>\n<h3>  Babyspielzeug <\/h3>\n<h3>  Kinderspielzeug <\/h3>\n<h3>  Spielzeugkinder <\/h3>\n<p>6-in-1-Roboterbausatzspielzeug: Wissenschaftsbaus\u00e4tze f\u00fcr Kinder im Alter enthalten 6 separate Roboter zum Bauen: Reptilienroboter, ein Balance-Auto, eine Seifenblasenmaschine, eine Faserlampe und ein Gleitflugzeug. Kinder werden stolz darauf sein, ihren eigenen Roboter zu bauen und mit verschiedenen Designs zu experimentieren. Tolle p\u00e4dagogisch-wissenschaftliche Kits f\u00fcr Kinder im Alter von 8\u201312 Jahren.<br \/>Lernspielzeug f\u00fcr Kleinkinder: Unser Lern- und Lernspielzeug f\u00fcr Kinder ist ein praktisches Stielspielzeug f\u00fcr Kinder ab 8 Jahren. Ermutigen Sie Ihre Kinder, ihre eigenen Roboter zu bauen und ihre kreativen F\u00e4higkeiten zu entwickeln. Au\u00dferdem werden durch das Bauen die F\u00e4higkeiten der Kinder in Naturwissenschaften, Technik, Ingenieurwesen und Mathematik sowie die Feinmotorik verbessert. Gro\u00dfe MINT-Spielzeugsets f\u00fcr Jungen und M\u00e4dchen im Alter von 8, 9 und 10 Jahren.<br \/>Wissenschaftliche Experimente f\u00fcr Kinder von 8 bis 12 Jahren: Wissenschaftliche Experimente f\u00fcr Kinder im Alter von 5, 6, 7, 8 und 9 Jahren sind eine gute M\u00f6glichkeit f\u00fcr Eltern und Kinder, eine gute Familienbeziehung aufzubauen. Lassen Sie Ihre Kinder lernen, Anweisungen zu lesen und zusammenzuarbeiten. Lustige Aktivit\u00e4tssets zum Bauen von Koffern f\u00fcr Kinder, coolstes Spielzeug f\u00fcr Jungen und M\u00e4dchen im Alter von 8\u201312 Jahren.<br \/>Tolles Geschenk f\u00fcr Jungen und Kinder: Unsere Roboterbaus\u00e4tze f\u00fcr Kinder von 8\u201312 Jahren, verpackt in einer sch\u00f6nen Geschenkbox, sind ein tolles Geburtstagsgeschenk und Geschenk f\u00fcr Jungen und M\u00e4dchen im Alter von 8, 9, 10+ und 12 Jahren im Alltag, auf Partys, Weihnachten, Festivals. Tolle kreative Lernspiele f\u00fcr Kinder ab 8 Jahren, Wissenschaftsspiele f\u00fcr das Klassenzimmer. Gro\u00dfes Roboterspielzeugspiel f\u00fcr Jungen und M\u00e4dchen im Alter von 8\u201310\u201312 Jahren.<br \/>Sicherheit und wissenschaftliche Experimentierk\u00e4sten f\u00fcr Kinder: Die bautechnischen Spielzeuge f\u00fcr Kinder sind ungiftig. Ein Schraubendreher und eine ausf\u00fchrliche Schritt-f\u00fcr-Schritt-Anleitung machen den Zusammenbau des Modells einfacher und bequemer. Gro\u00dfe Koffer-Projektbaus\u00e4tze f\u00fcr Kinder im Alter von 8\u201312 Jahren, Wissenschaftsgeschenk f\u00fcr 8-, 9-, 10-, 11- und 12-j\u00e4hrige Jungen<\/p>\n<p>[ad_2]<\/p>\n","protected":false},"excerpt":{"rendered":"<p>Von der Marke Babyspielzeug Kinderspielzeug Spielzeugkinder 6-in-1-Roboterbausatzspielzeug: Wissenschaftsbaus\u00e4tze f\u00fcr Kinder im Alter enthalten 6 separate Roboter zum Bauen: Reptilienroboter, ein Balance-Auto, eine Seifenblasenmaschine, eine Faserlampe und ein Gleitflugzeug. Kinder werden stolz darauf sein, ihren eigenen Roboter zu bauen und mit verschiedenen Designs zu experimentieren. Tolle p\u00e4dagogisch-wissenschaftliche Kits f\u00fcr Kinder im Alter von 8\u201312 Jahren.Lernspielzeug f\u00fcr [&hellip;]<\/p>\n","protected":false},"featured_media":2411,"comment_status":"open","ping_status":"closed","template":"","meta":{"_aipt_faq_data":""},"store":[],"product_brand":[406],"product_cat":[79],"product_tag":[143],"class_list":{"0":"post-2410","1":"product","2":"type-product","3":"status-publish","4":"has-post-thumbnail","6":"product_brand-lypsochaat","7":"product_cat-stem-roboter","8":"product_tag-stem-roboter-bausatz-fuer-kinder","10":"first","11":"instock","12":"sale","13":"shipping-taxable","14":"product-type-external"},"yoast_head":"<!-- This site is optimized with the Yoast SEO plugin v27.0 - https:\/\/yoast.com\/product\/yoast-seo-wordpress\/ -->\n<title>Wissenschaftliches Experimentierset f\u00fcr Kinder 8-12, Elektronikbausatz Roboterbausatz Spielzeug, elektrischer Bausatz, STEM-Experimentierkasten, Aktivit\u00e4ten, Lernspielzeug ab 8 Jahren, Jungen (6 in 1) - EasyLifeBro<\/title>\n<meta name=\"description\" content=\"Entdecken Sie smarte Roboter f\u00fcr Zuhause, Garten, Bildung und Sicherheit. Vergleichen Sie Saugroboter, Rasenm\u00e4hroboter, KI-Begleitroboter und mehr bei EasyLifeRobo.\" \/>\n<meta name=\"robots\" content=\"index, follow, max-snippet:-1, max-image-preview:large, max-video-preview:-1\" \/>\n<link rel=\"canonical\" href=\"https:\/\/easyliferobo.com\/de\/product\/wissenschaftliches-experimentierset-fuer-kinder-8-12-elektronikbausatz-roboterbausatz-spielzeug-elektrischer-bausatz-stem-experimentierkasten-aktivitaeten-lernspielzeug-ab-8-jahren-jungen-6-in\/\" \/>\n<meta property=\"og:locale\" content=\"de_DE\" \/>\n<meta property=\"og:type\" content=\"article\" \/>\n<meta property=\"og:title\" content=\"Wissenschaftliches Experimentierset f\u00fcr Kinder 8-12, Elektronikbausatz Roboterbausatz Spielzeug, elektrischer Bausatz, STEM-Experimentierkasten, Aktivit\u00e4ten, Lernspielzeug ab 8 Jahren, Jungen (6 in 1) - EasyLifeBro\" \/>\n<meta property=\"og:description\" content=\"Entdecken Sie smarte Roboter f\u00fcr Zuhause, Garten, Bildung und Sicherheit. Vergleichen Sie Saugroboter, Rasenm\u00e4hroboter, KI-Begleitroboter und mehr bei EasyLifeRobo.\" \/>\n<meta property=\"og:url\" content=\"https:\/\/easyliferobo.com\/de\/product\/wissenschaftliches-experimentierset-fuer-kinder-8-12-elektronikbausatz-roboterbausatz-spielzeug-elektrischer-bausatz-stem-experimentierkasten-aktivitaeten-lernspielzeug-ab-8-jahren-jungen-6-in\/\" \/>\n<meta property=\"og:site_name\" content=\"EasyLifeBro\" \/>\n<meta property=\"article:modified_time\" content=\"2026-02-27T04:02:29+00:00\" \/>\n<meta property=\"og:image\" content=\"https:\/\/images-na.ssl-images-amazon.com\/images\/G\/01\/x-locale\/common\/grey-pixel.gif\" \/>\n<meta name=\"twitter:card\" content=\"summary_large_image\" \/>\n<meta name=\"twitter:label1\" content=\"Gesch\u00e4tzte Lesezeit\" \/>\n\t<meta name=\"twitter:data1\" content=\"2\u00a0Minuten\" \/>\n<script type=\"application\/ld+json\" class=\"yoast-schema-graph\">{\"@context\":\"https:\/\/schema.org\",\"@graph\":[{\"@type\":\"WebPage\",\"@id\":\"https:\/\/easyliferobo.com\/de\/product\/wissenschaftliches-experimentierset-fuer-kinder-8-12-elektronikbausatz-roboterbausatz-spielzeug-elektrischer-bausatz-stem-experimentierkasten-aktivitaeten-lernspielzeug-ab-8-jahren-jungen-6-in\/\",\"url\":\"https:\/\/easyliferobo.com\/de\/product\/wissenschaftliches-experimentierset-fuer-kinder-8-12-elektronikbausatz-roboterbausatz-spielzeug-elektrischer-bausatz-stem-experimentierkasten-aktivitaeten-lernspielzeug-ab-8-jahren-jungen-6-in\/\",\"name\":\"Wissenschaftliches Experimentierset f\u00fcr Kinder 8-12, Elektronikbausatz Roboterbausatz Spielzeug, elektrischer Bausatz, STEM-Experimentierkasten, Aktivit\u00e4ten, Lernspielzeug ab 8 Jahren, Jungen (6 in 1) - EasyLifeBro\",\"isPartOf\":{\"@id\":\"https:\/\/easyliferobo.com\/de\/#website\"},\"primaryImageOfPage\":{\"@id\":\"https:\/\/easyliferobo.com\/de\/product\/wissenschaftliches-experimentierset-fuer-kinder-8-12-elektronikbausatz-roboterbausatz-spielzeug-elektrischer-bausatz-stem-experimentierkasten-aktivitaeten-lernspielzeug-ab-8-jahren-jungen-6-in\/#primaryimage\"},\"image\":{\"@id\":\"https:\/\/easyliferobo.com\/de\/product\/wissenschaftliches-experimentierset-fuer-kinder-8-12-elektronikbausatz-roboterbausatz-spielzeug-elektrischer-bausatz-stem-experimentierkasten-aktivitaeten-lernspielzeug-ab-8-jahren-jungen-6-in\/#primaryimage\"},\"thumbnailUrl\":\"https:\/\/easyliferobo.com\/de\/wp-content\/uploads\/2026\/02\/81oUuIpdWSL._AC_SL1500_.jpg\",\"datePublished\":\"2026-02-27T04:02:16+00:00\",\"dateModified\":\"2026-02-27T04:02:29+00:00\",\"description\":\"Entdecken Sie smarte Roboter f\u00fcr Zuhause, Garten, Bildung und Sicherheit. Vergleichen Sie Saugroboter, Rasenm\u00e4hroboter, KI-Begleitroboter und mehr bei EasyLifeRobo.\",\"breadcrumb\":{\"@id\":\"https:\/\/easyliferobo.com\/de\/product\/wissenschaftliches-experimentierset-fuer-kinder-8-12-elektronikbausatz-roboterbausatz-spielzeug-elektrischer-bausatz-stem-experimentierkasten-aktivitaeten-lernspielzeug-ab-8-jahren-jungen-6-in\/#breadcrumb\"},\"inLanguage\":\"de\",\"potentialAction\":[{\"@type\":\"ReadAction\",\"target\":[\"https:\/\/easyliferobo.com\/de\/product\/wissenschaftliches-experimentierset-fuer-kinder-8-12-elektronikbausatz-roboterbausatz-spielzeug-elektrischer-bausatz-stem-experimentierkasten-aktivitaeten-lernspielzeug-ab-8-jahren-jungen-6-in\/\"]}]},{\"@type\":\"ImageObject\",\"inLanguage\":\"de\",\"@id\":\"https:\/\/easyliferobo.com\/de\/product\/wissenschaftliches-experimentierset-fuer-kinder-8-12-elektronikbausatz-roboterbausatz-spielzeug-elektrischer-bausatz-stem-experimentierkasten-aktivitaeten-lernspielzeug-ab-8-jahren-jungen-6-in\/#primaryimage\",\"url\":\"https:\/\/easyliferobo.com\/de\/wp-content\/uploads\/2026\/02\/81oUuIpdWSL._AC_SL1500_.jpg\",\"contentUrl\":\"https:\/\/easyliferobo.com\/de\/wp-content\/uploads\/2026\/02\/81oUuIpdWSL._AC_SL1500_.jpg\",\"width\":1500,\"height\":1500},{\"@type\":\"BreadcrumbList\",\"@id\":\"https:\/\/easyliferobo.com\/de\/product\/wissenschaftliches-experimentierset-fuer-kinder-8-12-elektronikbausatz-roboterbausatz-spielzeug-elektrischer-bausatz-stem-experimentierkasten-aktivitaeten-lernspielzeug-ab-8-jahren-jungen-6-in\/#breadcrumb\",\"itemListElement\":[{\"@type\":\"ListItem\",\"position\":1,\"name\":\"Home\",\"item\":\"https:\/\/easyliferobo.com\/de\/\"},{\"@type\":\"ListItem\",\"position\":2,\"name\":\"Shop\",\"item\":\"https:\/\/easyliferobo.com\/de\/shop\/\"},{\"@type\":\"ListItem\",\"position\":3,\"name\":\"Wissenschaftliches Experimentierset...\"}]},{\"@type\":\"WebSite\",\"@id\":\"https:\/\/easyliferobo.com\/de\/#website\",\"url\":\"https:\/\/easyliferobo.com\/de\/\",\"name\":\"EasyLifeBro\",\"description\":\"Smarte Roboter f\u00fcr Zuhause, Garten &amp; Bildung\",\"publisher\":{\"@id\":\"https:\/\/easyliferobo.com\/de\/#organization\"},\"potentialAction\":[{\"@type\":\"SearchAction\",\"target\":{\"@type\":\"EntryPoint\",\"urlTemplate\":\"https:\/\/easyliferobo.com\/de\/?s={search_term_string}\"},\"query-input\":{\"@type\":\"PropertyValueSpecification\",\"valueRequired\":true,\"valueName\":\"search_term_string\"}}],\"inLanguage\":\"de\"},{\"@type\":\"Organization\",\"@id\":\"https:\/\/easyliferobo.com\/de\/#organization\",\"name\":\"EasyLifeBro\",\"url\":\"https:\/\/easyliferobo.com\/de\/\",\"logo\":{\"@type\":\"ImageObject\",\"inLanguage\":\"de\",\"@id\":\"https:\/\/easyliferobo.com\/de\/#\/schema\/logo\/image\/\",\"url\":\"https:\/\/easyliferobo.com\/de\/wp-content\/uploads\/2026\/02\/Screenshot-2026-02-22-at-2.25.03-PM.png\",\"contentUrl\":\"https:\/\/easyliferobo.com\/de\/wp-content\/uploads\/2026\/02\/Screenshot-2026-02-22-at-2.25.03-PM.png\",\"width\":1858,\"height\":430,\"caption\":\"EasyLifeBro\"},\"image\":{\"@id\":\"https:\/\/easyliferobo.com\/de\/#\/schema\/logo\/image\/\"}}]}<\/script>\n<!-- \/ Yoast SEO plugin. -->","yoast_head_json":{"title":"Wissenschaftliches Experimentierset f\u00fcr Kinder 8-12, Elektronikbausatz Roboterbausatz Spielzeug, elektrischer Bausatz, STEM-Experimentierkasten, Aktivit\u00e4ten, Lernspielzeug ab 8 Jahren, Jungen (6 in 1) - EasyLifeBro","description":"Entdecken Sie smarte Roboter f\u00fcr Zuhause, Garten, Bildung und Sicherheit. Vergleichen Sie Saugroboter, Rasenm\u00e4hroboter, KI-Begleitroboter und mehr bei EasyLifeRobo.","robots":{"index":"index","follow":"follow","max-snippet":"max-snippet:-1","max-image-preview":"max-image-preview:large","max-video-preview":"max-video-preview:-1"},"canonical":"https:\/\/easyliferobo.com\/de\/product\/wissenschaftliches-experimentierset-fuer-kinder-8-12-elektronikbausatz-roboterbausatz-spielzeug-elektrischer-bausatz-stem-experimentierkasten-aktivitaeten-lernspielzeug-ab-8-jahren-jungen-6-in\/","og_locale":"de_DE","og_type":"article","og_title":"Wissenschaftliches Experimentierset f\u00fcr Kinder 8-12, Elektronikbausatz Roboterbausatz Spielzeug, elektrischer Bausatz, STEM-Experimentierkasten, Aktivit\u00e4ten, Lernspielzeug ab 8 Jahren, Jungen (6 in 1) - EasyLifeBro","og_description":"Entdecken Sie smarte Roboter f\u00fcr Zuhause, Garten, Bildung und Sicherheit. Vergleichen Sie Saugroboter, Rasenm\u00e4hroboter, KI-Begleitroboter und mehr bei EasyLifeRobo.","og_url":"https:\/\/easyliferobo.com\/de\/product\/wissenschaftliches-experimentierset-fuer-kinder-8-12-elektronikbausatz-roboterbausatz-spielzeug-elektrischer-bausatz-stem-experimentierkasten-aktivitaeten-lernspielzeug-ab-8-jahren-jungen-6-in\/","og_site_name":"EasyLifeBro","article_modified_time":"2026-02-27T04:02:29+00:00","og_image":[{"url":"https:\/\/images-na.ssl-images-amazon.com\/images\/G\/01\/x-locale\/common\/grey-pixel.gif","type":"","width":"","height":""}],"twitter_card":"summary_large_image","twitter_misc":{"Gesch\u00e4tzte Lesezeit":"2\u00a0Minuten"},"schema":{"@context":"https:\/\/schema.org","@graph":[{"@type":"WebPage","@id":"https:\/\/easyliferobo.com\/de\/product\/wissenschaftliches-experimentierset-fuer-kinder-8-12-elektronikbausatz-roboterbausatz-spielzeug-elektrischer-bausatz-stem-experimentierkasten-aktivitaeten-lernspielzeug-ab-8-jahren-jungen-6-in\/","url":"https:\/\/easyliferobo.com\/de\/product\/wissenschaftliches-experimentierset-fuer-kinder-8-12-elektronikbausatz-roboterbausatz-spielzeug-elektrischer-bausatz-stem-experimentierkasten-aktivitaeten-lernspielzeug-ab-8-jahren-jungen-6-in\/","name":"Wissenschaftliches Experimentierset f\u00fcr Kinder 8-12, Elektronikbausatz Roboterbausatz Spielzeug, elektrischer Bausatz, STEM-Experimentierkasten, Aktivit\u00e4ten, Lernspielzeug ab 8 Jahren, Jungen (6 in 1) - EasyLifeBro","isPartOf":{"@id":"https:\/\/easyliferobo.com\/de\/#website"},"primaryImageOfPage":{"@id":"https:\/\/easyliferobo.com\/de\/product\/wissenschaftliches-experimentierset-fuer-kinder-8-12-elektronikbausatz-roboterbausatz-spielzeug-elektrischer-bausatz-stem-experimentierkasten-aktivitaeten-lernspielzeug-ab-8-jahren-jungen-6-in\/#primaryimage"},"image":{"@id":"https:\/\/easyliferobo.com\/de\/product\/wissenschaftliches-experimentierset-fuer-kinder-8-12-elektronikbausatz-roboterbausatz-spielzeug-elektrischer-bausatz-stem-experimentierkasten-aktivitaeten-lernspielzeug-ab-8-jahren-jungen-6-in\/#primaryimage"},"thumbnailUrl":"https:\/\/easyliferobo.com\/de\/wp-content\/uploads\/2026\/02\/81oUuIpdWSL._AC_SL1500_.jpg","datePublished":"2026-02-27T04:02:16+00:00","dateModified":"2026-02-27T04:02:29+00:00","description":"Entdecken Sie smarte Roboter f\u00fcr Zuhause, Garten, Bildung und Sicherheit. Vergleichen Sie Saugroboter, Rasenm\u00e4hroboter, KI-Begleitroboter und mehr bei EasyLifeRobo.","breadcrumb":{"@id":"https:\/\/easyliferobo.com\/de\/product\/wissenschaftliches-experimentierset-fuer-kinder-8-12-elektronikbausatz-roboterbausatz-spielzeug-elektrischer-bausatz-stem-experimentierkasten-aktivitaeten-lernspielzeug-ab-8-jahren-jungen-6-in\/#breadcrumb"},"inLanguage":"de","potentialAction":[{"@type":"ReadAction","target":["https:\/\/easyliferobo.com\/de\/product\/wissenschaftliches-experimentierset-fuer-kinder-8-12-elektronikbausatz-roboterbausatz-spielzeug-elektrischer-bausatz-stem-experimentierkasten-aktivitaeten-lernspielzeug-ab-8-jahren-jungen-6-in\/"]}]},{"@type":"ImageObject","inLanguage":"de","@id":"https:\/\/easyliferobo.com\/de\/product\/wissenschaftliches-experimentierset-fuer-kinder-8-12-elektronikbausatz-roboterbausatz-spielzeug-elektrischer-bausatz-stem-experimentierkasten-aktivitaeten-lernspielzeug-ab-8-jahren-jungen-6-in\/#primaryimage","url":"https:\/\/easyliferobo.com\/de\/wp-content\/uploads\/2026\/02\/81oUuIpdWSL._AC_SL1500_.jpg","contentUrl":"https:\/\/easyliferobo.com\/de\/wp-content\/uploads\/2026\/02\/81oUuIpdWSL._AC_SL1500_.jpg","width":1500,"height":1500},{"@type":"BreadcrumbList","@id":"https:\/\/easyliferobo.com\/de\/product\/wissenschaftliches-experimentierset-fuer-kinder-8-12-elektronikbausatz-roboterbausatz-spielzeug-elektrischer-bausatz-stem-experimentierkasten-aktivitaeten-lernspielzeug-ab-8-jahren-jungen-6-in\/#breadcrumb","itemListElement":[{"@type":"ListItem","position":1,"name":"Home","item":"https:\/\/easyliferobo.com\/de\/"},{"@type":"ListItem","position":2,"name":"Shop","item":"https:\/\/easyliferobo.com\/de\/shop\/"},{"@type":"ListItem","position":3,"name":"Wissenschaftliches Experimentierset..."}]},{"@type":"WebSite","@id":"https:\/\/easyliferobo.com\/de\/#website","url":"https:\/\/easyliferobo.com\/de\/","name":"EasyLifeBro","description":"Smarte Roboter f\u00fcr Zuhause, Garten &amp; Bildung","publisher":{"@id":"https:\/\/easyliferobo.com\/de\/#organization"},"potentialAction":[{"@type":"SearchAction","target":{"@type":"EntryPoint","urlTemplate":"https:\/\/easyliferobo.com\/de\/?s={search_term_string}"},"query-input":{"@type":"PropertyValueSpecification","valueRequired":true,"valueName":"search_term_string"}}],"inLanguage":"de"},{"@type":"Organization","@id":"https:\/\/easyliferobo.com\/de\/#organization","name":"EasyLifeBro","url":"https:\/\/easyliferobo.com\/de\/","logo":{"@type":"ImageObject","inLanguage":"de","@id":"https:\/\/easyliferobo.com\/de\/#\/schema\/logo\/image\/","url":"https:\/\/easyliferobo.com\/de\/wp-content\/uploads\/2026\/02\/Screenshot-2026-02-22-at-2.25.03-PM.png","contentUrl":"https:\/\/easyliferobo.com\/de\/wp-content\/uploads\/2026\/02\/Screenshot-2026-02-22-at-2.25.03-PM.png","width":1858,"height":430,"caption":"EasyLifeBro"},"image":{"@id":"https:\/\/easyliferobo.com\/de\/#\/schema\/logo\/image\/"}}]}},"_links":{"self":[{"href":"https:\/\/easyliferobo.com\/de\/wp-json\/wp\/v2\/product\/2410","targetHints":{"allow":["GET"]}}],"collection":[{"href":"https:\/\/easyliferobo.com\/de\/wp-json\/wp\/v2\/product"}],"about":[{"href":"https:\/\/easyliferobo.com\/de\/wp-json\/wp\/v2\/types\/product"}],"replies":[{"embeddable":true,"href":"https:\/\/easyliferobo.com\/de\/wp-json\/wp\/v2\/comments?post=2410"}],"wp:featuredmedia":[{"embeddable":true,"href":"https:\/\/easyliferobo.com\/de\/wp-json\/wp\/v2\/media\/2411"}],"wp:attachment":[{"href":"https:\/\/easyliferobo.com\/de\/wp-json\/wp\/v2\/media?parent=2410"}],"wp:term":[{"taxonomy":"store","embeddable":true,"href":"https:\/\/easyliferobo.com\/de\/wp-json\/wp\/v2\/store?post=2410"},{"taxonomy":"product_brand","embeddable":true,"href":"https:\/\/easyliferobo.com\/de\/wp-json\/wp\/v2\/product_brand?post=2410"},{"taxonomy":"product_cat","embeddable":true,"href":"https:\/\/easyliferobo.com\/de\/wp-json\/wp\/v2\/product_cat?post=2410"},{"taxonomy":"product_tag","embeddable":true,"href":"https:\/\/easyliferobo.com\/de\/wp-json\/wp\/v2\/product_tag?post=2410"}],"curies":[{"name":"wp","href":"https:\/\/api.w.org\/{rel}","templated":true}]}}