
{"id":2390,"date":"2026-02-27T03:59:13","date_gmt":"2026-02-27T03:59:13","guid":{"rendered":"https:\/\/easyliferobo.com\/de\/product\/raspberry-pi-3-b-starter-set-stromversorgung-wohnen-64gb-edition-4k-hdmi-kabel-raspberry-pi-3-b-1-gb-ram\/"},"modified":"2026-02-27T03:59:34","modified_gmt":"2026-02-27T03:59:34","slug":"raspberry-pi-3-b-starter-set-stromversorgung-wohnen-64gb-edition-4k-hdmi-kabel-raspberry-pi-3-b-1-gb-ram","status":"publish","type":"product","link":"https:\/\/easyliferobo.com\/de\/product\/raspberry-pi-3-b-starter-set-stromversorgung-wohnen-64gb-edition-4k-hdmi-kabel-raspberry-pi-3-b-1-gb-ram\/","title":{"rendered":"Raspberry Pi 3 B+ Starter-Set | Str..."},"content":{"rendered":"<p>\n                                             Von der Marke   <\/p>\n<p>                                              <img decoding=\"async\" alt=\"\" src=\"https:\/\/images-na.ssl-images-amazon.com\/images\/G\/01\/x-locale\/common\/grey-pixel.gif\" class=\"a-lazy-loaded\" data-src=\"https:\/\/m.media-amazon.com\/images\/S\/aplus-media-library-service-media\/e598338f-673c-4f78-8cc6-d9446a27956b.__CR0,107,2892,1235_PT0_SX1464_V1___.jpg\"><img decoding=\"async\" alt=\"\" src=\"https:\/\/m.media-amazon.com\/images\/S\/aplus-media-library-service-media\/e598338f-673c-4f78-8cc6-d9446a27956b.__CR0,107,2892,1235_PT0_SX1464_V1___.jpg\">  <\/p>\n<h3>  db-tronic <\/h3>\n<p>  WIR LIEBEN KITS <\/p>\n<p>                                              <img decoding=\"async\" alt=\"\" src=\"https:\/\/images-na.ssl-images-amazon.com\/images\/G\/01\/x-locale\/common\/grey-pixel.gif\" class=\"a-lazy-loaded\" data-src=\"https:\/\/m.media-amazon.com\/images\/S\/aplus-media-library-service-media\/446a0d62-f16e-4b08-a812-effdb82b92e2.__CR0,0,315,145_PT0_SX315_V1___.jpg\"><img decoding=\"async\" alt=\"\" src=\"https:\/\/m.media-amazon.com\/images\/S\/aplus-media-library-service-media\/446a0d62-f16e-4b08-a812-effdb82b92e2.__CR0,0,315,145_PT0_SX315_V1___.jpg\">  <\/p>\n<p>  db-tronic \u2013 Wir lieben Kits! <\/p>\n<p>  Seit unserer Gr\u00fcndung begeistern wir Technikfans mit hochwertigen Raspberry Pi &#038; Flipper Zero Starter Kits. Unsere Mission: Innovation und Bastelspa\u00df f\u00fcr Anf\u00e4nger und Profis. <\/p>\n<h3>  Raspberry Pi 5 Starterkits <\/h3>\n<h3>  Flipper Zero Starter-Sets <\/h3>\n<h3>  Raspberry Pi 4 Starterkit <\/h3>\n<h3>  Pi 3 &#038; Pi Zero Starter-Kits <\/h3>\n<p>\u2714 Raspberry Pi 3 B+ Starter Kit \u2013 Enth\u00e4lt den leistungsstarken Raspberry Pi 3 B+ mit 1 GB RAM, ein Netzteil, ein Geh\u00e4use, eine 64 GB Speicherkarte und ein 4K-HDMI-Kabel \u2013 alles f\u00fcr einen problemlosen Start.<br \/>\u2714 VIELSEITIGE EINSATZM\u00d6GLICHKEITEN \u2013 Ideal f\u00fcr Projekte wie Media Center, Heimautomation, Retro-Gaming, Programmierung und vieles mehr.<br \/>\u2714 SCHNELLE &#038; STABILE LEISTUNG \u2013 Der Raspberry Pi 3 B+ mit 1 GB RAM sorgt f\u00fcr schnelle Reaktionszeiten und gute Leistung in den meisten Anwendungen.<br \/>\u2714 KOMPLETTES ZUBEH\u00d6R \u2013 Das Netzteil sorgt f\u00fcr die n\u00f6tige Energie, w\u00e4hrend das Geh\u00e4use Ihren Raspberry Pi vor Staub und Besch\u00e4digungen sch\u00fctzt.<br \/>\u2714 Einfache Verbindung \u2013 Mit dem 4K-HDMI-Kabel k\u00f6nnen Sie Ihren Raspberry Pi ganz einfach an 4K-f\u00e4hige Monitore oder Fernseher anschlie\u00dfen.<\/p>\n<p>[ad_2]<\/p>\n","protected":false},"excerpt":{"rendered":"<p>Von der Marke db-tronic WIR LIEBEN KITS db-tronic \u2013 Wir lieben Kits! Seit unserer Gr\u00fcndung begeistern wir Technikfans mit hochwertigen Raspberry Pi &#038; Flipper Zero Starter Kits. Unsere Mission: Innovation und Bastelspa\u00df f\u00fcr Anf\u00e4nger und Profis. Raspberry Pi 5 Starterkits Flipper Zero Starter-Sets Raspberry Pi 4 Starterkit Pi 3 &#038; Pi Zero Starter-Kits \u2714 Raspberry [&hellip;]<\/p>\n","protected":false},"featured_media":2391,"comment_status":"open","ping_status":"closed","template":"","meta":{"_aipt_faq_data":""},"store":[],"product_brand":[405],"product_cat":[81],"product_tag":[140],"class_list":{"0":"post-2390","1":"product","2":"type-product","3":"status-publish","4":"has-post-thumbnail","6":"product_brand-db-tronic","7":"product_cat-arduino-raspberry-pi-kits","8":"product_tag-arduino-raspberry-pi-kits-starter-sets","10":"first","11":"instock","12":"shipping-taxable","13":"product-type-external"},"yoast_head":"<!-- This site is optimized with the Yoast SEO plugin v27.4 - https:\/\/yoast.com\/product\/yoast-seo-wordpress\/ -->\n<title>Raspberry Pi 3 B+ Starter-Set | Stromversorgung | Wohnen | 64GB-Edition | 4K HDMI-Kabel | Raspberry Pi 3 B+ 1 GB RAM - EasyLifeBro<\/title>\n<meta name=\"description\" content=\"Entdecken Sie smarte Roboter f\u00fcr Zuhause, Garten, Bildung und Sicherheit. Vergleichen Sie Saugroboter, Rasenm\u00e4hroboter, KI-Begleitroboter und mehr bei EasyLifeRobo.\" \/>\n<meta name=\"robots\" content=\"index, follow, max-snippet:-1, max-image-preview:large, max-video-preview:-1\" \/>\n<link rel=\"canonical\" href=\"https:\/\/easyliferobo.com\/de\/product\/raspberry-pi-3-b-starter-set-stromversorgung-wohnen-64gb-edition-4k-hdmi-kabel-raspberry-pi-3-b-1-gb-ram\/\" \/>\n<meta property=\"og:locale\" content=\"de_DE\" \/>\n<meta property=\"og:type\" content=\"article\" \/>\n<meta property=\"og:title\" content=\"Raspberry Pi 3 B+ Starter-Set | Stromversorgung | Wohnen | 64GB-Edition | 4K HDMI-Kabel | Raspberry Pi 3 B+ 1 GB RAM - EasyLifeBro\" \/>\n<meta property=\"og:description\" content=\"Entdecken Sie smarte Roboter f\u00fcr Zuhause, Garten, Bildung und Sicherheit. Vergleichen Sie Saugroboter, Rasenm\u00e4hroboter, KI-Begleitroboter und mehr bei EasyLifeRobo.\" \/>\n<meta property=\"og:url\" content=\"https:\/\/easyliferobo.com\/de\/product\/raspberry-pi-3-b-starter-set-stromversorgung-wohnen-64gb-edition-4k-hdmi-kabel-raspberry-pi-3-b-1-gb-ram\/\" \/>\n<meta property=\"og:site_name\" content=\"EasyLifeBro\" \/>\n<meta property=\"article:modified_time\" content=\"2026-02-27T03:59:34+00:00\" \/>\n<meta property=\"og:image\" content=\"https:\/\/images-na.ssl-images-amazon.com\/images\/G\/01\/x-locale\/common\/grey-pixel.gif\" \/>\n<meta name=\"twitter:card\" content=\"summary_large_image\" \/>\n<meta name=\"twitter:label1\" content=\"Gesch\u00e4tzte Lesezeit\" \/>\n\t<meta name=\"twitter:data1\" content=\"1\u00a0Minute\" \/>\n<script type=\"application\/ld+json\" class=\"yoast-schema-graph\">{\"@context\":\"https:\\\/\\\/schema.org\",\"@graph\":[{\"@type\":\"WebPage\",\"@id\":\"https:\\\/\\\/easyliferobo.com\\\/de\\\/product\\\/raspberry-pi-3-b-starter-set-stromversorgung-wohnen-64gb-edition-4k-hdmi-kabel-raspberry-pi-3-b-1-gb-ram\\\/\",\"url\":\"https:\\\/\\\/easyliferobo.com\\\/de\\\/product\\\/raspberry-pi-3-b-starter-set-stromversorgung-wohnen-64gb-edition-4k-hdmi-kabel-raspberry-pi-3-b-1-gb-ram\\\/\",\"name\":\"Raspberry Pi 3 B+ Starter-Set | Stromversorgung | Wohnen | 64GB-Edition | 4K HDMI-Kabel | Raspberry Pi 3 B+ 1 GB RAM - EasyLifeBro\",\"isPartOf\":{\"@id\":\"https:\\\/\\\/easyliferobo.com\\\/de\\\/#website\"},\"primaryImageOfPage\":{\"@id\":\"https:\\\/\\\/easyliferobo.com\\\/de\\\/product\\\/raspberry-pi-3-b-starter-set-stromversorgung-wohnen-64gb-edition-4k-hdmi-kabel-raspberry-pi-3-b-1-gb-ram\\\/#primaryimage\"},\"image\":{\"@id\":\"https:\\\/\\\/easyliferobo.com\\\/de\\\/product\\\/raspberry-pi-3-b-starter-set-stromversorgung-wohnen-64gb-edition-4k-hdmi-kabel-raspberry-pi-3-b-1-gb-ram\\\/#primaryimage\"},\"thumbnailUrl\":\"https:\\\/\\\/easyliferobo.com\\\/de\\\/wp-content\\\/uploads\\\/2026\\\/02\\\/81LvuP3ECCL._AC_SL1500_.jpg\",\"datePublished\":\"2026-02-27T03:59:13+00:00\",\"dateModified\":\"2026-02-27T03:59:34+00:00\",\"description\":\"Entdecken Sie smarte Roboter f\u00fcr Zuhause, Garten, Bildung und Sicherheit. Vergleichen Sie Saugroboter, Rasenm\u00e4hroboter, KI-Begleitroboter und mehr bei EasyLifeRobo.\",\"breadcrumb\":{\"@id\":\"https:\\\/\\\/easyliferobo.com\\\/de\\\/product\\\/raspberry-pi-3-b-starter-set-stromversorgung-wohnen-64gb-edition-4k-hdmi-kabel-raspberry-pi-3-b-1-gb-ram\\\/#breadcrumb\"},\"inLanguage\":\"de\",\"potentialAction\":[{\"@type\":\"ReadAction\",\"target\":[\"https:\\\/\\\/easyliferobo.com\\\/de\\\/product\\\/raspberry-pi-3-b-starter-set-stromversorgung-wohnen-64gb-edition-4k-hdmi-kabel-raspberry-pi-3-b-1-gb-ram\\\/\"]}]},{\"@type\":\"ImageObject\",\"inLanguage\":\"de\",\"@id\":\"https:\\\/\\\/easyliferobo.com\\\/de\\\/product\\\/raspberry-pi-3-b-starter-set-stromversorgung-wohnen-64gb-edition-4k-hdmi-kabel-raspberry-pi-3-b-1-gb-ram\\\/#primaryimage\",\"url\":\"https:\\\/\\\/easyliferobo.com\\\/de\\\/wp-content\\\/uploads\\\/2026\\\/02\\\/81LvuP3ECCL._AC_SL1500_.jpg\",\"contentUrl\":\"https:\\\/\\\/easyliferobo.com\\\/de\\\/wp-content\\\/uploads\\\/2026\\\/02\\\/81LvuP3ECCL._AC_SL1500_.jpg\",\"width\":1500,\"height\":1481},{\"@type\":\"BreadcrumbList\",\"@id\":\"https:\\\/\\\/easyliferobo.com\\\/de\\\/product\\\/raspberry-pi-3-b-starter-set-stromversorgung-wohnen-64gb-edition-4k-hdmi-kabel-raspberry-pi-3-b-1-gb-ram\\\/#breadcrumb\",\"itemListElement\":[{\"@type\":\"ListItem\",\"position\":1,\"name\":\"Home\",\"item\":\"https:\\\/\\\/easyliferobo.com\\\/de\\\/\"},{\"@type\":\"ListItem\",\"position\":2,\"name\":\"Shop\",\"item\":\"https:\\\/\\\/easyliferobo.com\\\/de\\\/shop\\\/\"},{\"@type\":\"ListItem\",\"position\":3,\"name\":\"Raspberry Pi 3 B+ Starter-Set | Str...\"}]},{\"@type\":\"WebSite\",\"@id\":\"https:\\\/\\\/easyliferobo.com\\\/de\\\/#website\",\"url\":\"https:\\\/\\\/easyliferobo.com\\\/de\\\/\",\"name\":\"EasyLifeBro\",\"description\":\"Smarte Roboter f\u00fcr Zuhause, Garten &amp; Bildung\",\"publisher\":{\"@id\":\"https:\\\/\\\/easyliferobo.com\\\/de\\\/#organization\"},\"potentialAction\":[{\"@type\":\"SearchAction\",\"target\":{\"@type\":\"EntryPoint\",\"urlTemplate\":\"https:\\\/\\\/easyliferobo.com\\\/de\\\/?s={search_term_string}\"},\"query-input\":{\"@type\":\"PropertyValueSpecification\",\"valueRequired\":true,\"valueName\":\"search_term_string\"}}],\"inLanguage\":\"de\"},{\"@type\":\"Organization\",\"@id\":\"https:\\\/\\\/easyliferobo.com\\\/de\\\/#organization\",\"name\":\"EasyLifeBro\",\"url\":\"https:\\\/\\\/easyliferobo.com\\\/de\\\/\",\"logo\":{\"@type\":\"ImageObject\",\"inLanguage\":\"de\",\"@id\":\"https:\\\/\\\/easyliferobo.com\\\/de\\\/#\\\/schema\\\/logo\\\/image\\\/\",\"url\":\"https:\\\/\\\/easyliferobo.com\\\/de\\\/wp-content\\\/uploads\\\/2026\\\/02\\\/Screenshot-2026-02-22-at-2.25.03-PM.png\",\"contentUrl\":\"https:\\\/\\\/easyliferobo.com\\\/de\\\/wp-content\\\/uploads\\\/2026\\\/02\\\/Screenshot-2026-02-22-at-2.25.03-PM.png\",\"width\":1858,\"height\":430,\"caption\":\"EasyLifeBro\"},\"image\":{\"@id\":\"https:\\\/\\\/easyliferobo.com\\\/de\\\/#\\\/schema\\\/logo\\\/image\\\/\"}}]}<\/script>\n<!-- \/ Yoast SEO plugin. -->","yoast_head_json":{"title":"Raspberry Pi 3 B+ Starter-Set | Stromversorgung | Wohnen | 64GB-Edition | 4K HDMI-Kabel | Raspberry Pi 3 B+ 1 GB RAM - EasyLifeBro","description":"Entdecken Sie smarte Roboter f\u00fcr Zuhause, Garten, Bildung und Sicherheit. Vergleichen Sie Saugroboter, Rasenm\u00e4hroboter, KI-Begleitroboter und mehr bei EasyLifeRobo.","robots":{"index":"index","follow":"follow","max-snippet":"max-snippet:-1","max-image-preview":"max-image-preview:large","max-video-preview":"max-video-preview:-1"},"canonical":"https:\/\/easyliferobo.com\/de\/product\/raspberry-pi-3-b-starter-set-stromversorgung-wohnen-64gb-edition-4k-hdmi-kabel-raspberry-pi-3-b-1-gb-ram\/","og_locale":"de_DE","og_type":"article","og_title":"Raspberry Pi 3 B+ Starter-Set | Stromversorgung | Wohnen | 64GB-Edition | 4K HDMI-Kabel | Raspberry Pi 3 B+ 1 GB RAM - EasyLifeBro","og_description":"Entdecken Sie smarte Roboter f\u00fcr Zuhause, Garten, Bildung und Sicherheit. Vergleichen Sie Saugroboter, Rasenm\u00e4hroboter, KI-Begleitroboter und mehr bei EasyLifeRobo.","og_url":"https:\/\/easyliferobo.com\/de\/product\/raspberry-pi-3-b-starter-set-stromversorgung-wohnen-64gb-edition-4k-hdmi-kabel-raspberry-pi-3-b-1-gb-ram\/","og_site_name":"EasyLifeBro","article_modified_time":"2026-02-27T03:59:34+00:00","og_image":[{"url":"https:\/\/images-na.ssl-images-amazon.com\/images\/G\/01\/x-locale\/common\/grey-pixel.gif","type":"","width":"","height":""}],"twitter_card":"summary_large_image","twitter_misc":{"Gesch\u00e4tzte Lesezeit":"1\u00a0Minute"},"schema":{"@context":"https:\/\/schema.org","@graph":[{"@type":"WebPage","@id":"https:\/\/easyliferobo.com\/de\/product\/raspberry-pi-3-b-starter-set-stromversorgung-wohnen-64gb-edition-4k-hdmi-kabel-raspberry-pi-3-b-1-gb-ram\/","url":"https:\/\/easyliferobo.com\/de\/product\/raspberry-pi-3-b-starter-set-stromversorgung-wohnen-64gb-edition-4k-hdmi-kabel-raspberry-pi-3-b-1-gb-ram\/","name":"Raspberry Pi 3 B+ Starter-Set | Stromversorgung | Wohnen | 64GB-Edition | 4K HDMI-Kabel | Raspberry Pi 3 B+ 1 GB RAM - EasyLifeBro","isPartOf":{"@id":"https:\/\/easyliferobo.com\/de\/#website"},"primaryImageOfPage":{"@id":"https:\/\/easyliferobo.com\/de\/product\/raspberry-pi-3-b-starter-set-stromversorgung-wohnen-64gb-edition-4k-hdmi-kabel-raspberry-pi-3-b-1-gb-ram\/#primaryimage"},"image":{"@id":"https:\/\/easyliferobo.com\/de\/product\/raspberry-pi-3-b-starter-set-stromversorgung-wohnen-64gb-edition-4k-hdmi-kabel-raspberry-pi-3-b-1-gb-ram\/#primaryimage"},"thumbnailUrl":"https:\/\/easyliferobo.com\/de\/wp-content\/uploads\/2026\/02\/81LvuP3ECCL._AC_SL1500_.jpg","datePublished":"2026-02-27T03:59:13+00:00","dateModified":"2026-02-27T03:59:34+00:00","description":"Entdecken Sie smarte Roboter f\u00fcr Zuhause, Garten, Bildung und Sicherheit. Vergleichen Sie Saugroboter, Rasenm\u00e4hroboter, KI-Begleitroboter und mehr bei EasyLifeRobo.","breadcrumb":{"@id":"https:\/\/easyliferobo.com\/de\/product\/raspberry-pi-3-b-starter-set-stromversorgung-wohnen-64gb-edition-4k-hdmi-kabel-raspberry-pi-3-b-1-gb-ram\/#breadcrumb"},"inLanguage":"de","potentialAction":[{"@type":"ReadAction","target":["https:\/\/easyliferobo.com\/de\/product\/raspberry-pi-3-b-starter-set-stromversorgung-wohnen-64gb-edition-4k-hdmi-kabel-raspberry-pi-3-b-1-gb-ram\/"]}]},{"@type":"ImageObject","inLanguage":"de","@id":"https:\/\/easyliferobo.com\/de\/product\/raspberry-pi-3-b-starter-set-stromversorgung-wohnen-64gb-edition-4k-hdmi-kabel-raspberry-pi-3-b-1-gb-ram\/#primaryimage","url":"https:\/\/easyliferobo.com\/de\/wp-content\/uploads\/2026\/02\/81LvuP3ECCL._AC_SL1500_.jpg","contentUrl":"https:\/\/easyliferobo.com\/de\/wp-content\/uploads\/2026\/02\/81LvuP3ECCL._AC_SL1500_.jpg","width":1500,"height":1481},{"@type":"BreadcrumbList","@id":"https:\/\/easyliferobo.com\/de\/product\/raspberry-pi-3-b-starter-set-stromversorgung-wohnen-64gb-edition-4k-hdmi-kabel-raspberry-pi-3-b-1-gb-ram\/#breadcrumb","itemListElement":[{"@type":"ListItem","position":1,"name":"Home","item":"https:\/\/easyliferobo.com\/de\/"},{"@type":"ListItem","position":2,"name":"Shop","item":"https:\/\/easyliferobo.com\/de\/shop\/"},{"@type":"ListItem","position":3,"name":"Raspberry Pi 3 B+ Starter-Set | Str..."}]},{"@type":"WebSite","@id":"https:\/\/easyliferobo.com\/de\/#website","url":"https:\/\/easyliferobo.com\/de\/","name":"EasyLifeBro","description":"Smarte Roboter f\u00fcr Zuhause, Garten &amp; Bildung","publisher":{"@id":"https:\/\/easyliferobo.com\/de\/#organization"},"potentialAction":[{"@type":"SearchAction","target":{"@type":"EntryPoint","urlTemplate":"https:\/\/easyliferobo.com\/de\/?s={search_term_string}"},"query-input":{"@type":"PropertyValueSpecification","valueRequired":true,"valueName":"search_term_string"}}],"inLanguage":"de"},{"@type":"Organization","@id":"https:\/\/easyliferobo.com\/de\/#organization","name":"EasyLifeBro","url":"https:\/\/easyliferobo.com\/de\/","logo":{"@type":"ImageObject","inLanguage":"de","@id":"https:\/\/easyliferobo.com\/de\/#\/schema\/logo\/image\/","url":"https:\/\/easyliferobo.com\/de\/wp-content\/uploads\/2026\/02\/Screenshot-2026-02-22-at-2.25.03-PM.png","contentUrl":"https:\/\/easyliferobo.com\/de\/wp-content\/uploads\/2026\/02\/Screenshot-2026-02-22-at-2.25.03-PM.png","width":1858,"height":430,"caption":"EasyLifeBro"},"image":{"@id":"https:\/\/easyliferobo.com\/de\/#\/schema\/logo\/image\/"}}]}},"_links":{"self":[{"href":"https:\/\/easyliferobo.com\/de\/wp-json\/wp\/v2\/product\/2390","targetHints":{"allow":["GET"]}}],"collection":[{"href":"https:\/\/easyliferobo.com\/de\/wp-json\/wp\/v2\/product"}],"about":[{"href":"https:\/\/easyliferobo.com\/de\/wp-json\/wp\/v2\/types\/product"}],"replies":[{"embeddable":true,"href":"https:\/\/easyliferobo.com\/de\/wp-json\/wp\/v2\/comments?post=2390"}],"wp:featuredmedia":[{"embeddable":true,"href":"https:\/\/easyliferobo.com\/de\/wp-json\/wp\/v2\/media\/2391"}],"wp:attachment":[{"href":"https:\/\/easyliferobo.com\/de\/wp-json\/wp\/v2\/media?parent=2390"}],"wp:term":[{"taxonomy":"store","embeddable":true,"href":"https:\/\/easyliferobo.com\/de\/wp-json\/wp\/v2\/store?post=2390"},{"taxonomy":"product_brand","embeddable":true,"href":"https:\/\/easyliferobo.com\/de\/wp-json\/wp\/v2\/product_brand?post=2390"},{"taxonomy":"product_cat","embeddable":true,"href":"https:\/\/easyliferobo.com\/de\/wp-json\/wp\/v2\/product_cat?post=2390"},{"taxonomy":"product_tag","embeddable":true,"href":"https:\/\/easyliferobo.com\/de\/wp-json\/wp\/v2\/product_tag?post=2390"}],"curies":[{"name":"wp","href":"https:\/\/api.w.org\/{rel}","templated":true}]}}