
{"id":2381,"date":"2026-02-27T03:57:34","date_gmt":"2026-02-27T03:57:34","guid":{"rendered":"https:\/\/easyliferobo.com\/de\/product\/worx-landroid-s-wr184e-roboter-rasenmaeher-fuer-gaerten-bis-zu-400-m2-35-steigung-mit-wlan-verbindung-und-schwimmendem-maehdeck-app-steuerung-mehrzonen-program\/"},"modified":"2026-02-27T03:57:50","modified_gmt":"2026-02-27T03:57:50","slug":"worx-landroid-s-wr184e-roboter-rasenmaeher-fuer-gaerten-bis-zu-400-m2-35-steigung-mit-wlan-verbindung-und-schwimmendem-maehdeck-app-steuerung-mehrzonen-program","status":"publish","type":"product","link":"https:\/\/easyliferobo.com\/de\/product\/worx-landroid-s-wr184e-roboter-rasenmaeher-fuer-gaerten-bis-zu-400-m2-35-steigung-mit-wlan-verbindung-und-schwimmendem-maehdeck-app-steuerung-mehrzonen-program\/","title":{"rendered":"WORX Landroid S WR184E Roboter-Rase..."},"content":{"rendered":"<p>\n                                             Von der Marke   <\/p>\n<p>                                              <img decoding=\"async\" alt=\"\" src=\"https:\/\/images-na.ssl-images-amazon.com\/images\/G\/01\/x-locale\/common\/grey-pixel.gif\" class=\"a-lazy-loaded\" data-src=\"https:\/\/m.media-amazon.com\/images\/S\/aplus-media-library-service-media\/6cf3ac13-0312-4b88-99c8-0dd15f2fe17d.__CR0,0,1464,625_PT0_SX1464_V1___.jpg\"><img decoding=\"async\" alt=\"\" src=\"https:\/\/m.media-amazon.com\/images\/S\/aplus-media-library-service-media\/6cf3ac13-0312-4b88-99c8-0dd15f2fe17d.__CR0,0,1464,625_PT0_SX1464_V1___.jpg\">  <\/p>\n<p>                                              <img decoding=\"async\" alt=\"\" src=\"https:\/\/images-na.ssl-images-amazon.com\/images\/G\/01\/x-locale\/common\/grey-pixel.gif\" class=\"a-lazy-loaded\" data-src=\"https:\/\/m.media-amazon.com\/images\/S\/aplus-media-library-service-media\/65d903d9-97ec-4d8d-90e5-e88aaa8168a7.__CR0,0,315,145_PT0_SX315_V1___.png\"><img decoding=\"async\" alt=\"\" src=\"https:\/\/m.media-amazon.com\/images\/S\/aplus-media-library-service-media\/65d903d9-97ec-4d8d-90e5-e88aaa8168a7.__CR0,0,315,145_PT0_SX315_V1___.png\">  <\/p>\n<p>  Mit WORX Elektrowerkzeugen erledigen Sie jede Arbeit schneller und pr\u00e4ziser. Moderne Funktionen, robuste Motoren und leistungsstarke Batterien bieten Ihnen mehr M\u00f6glichkeiten und lassen jedes Projekt realisieren. Mit WORX PowerShare k\u00f6nnen Sie denselben Akku f\u00fcr alle WORX kabellosen Elektrowerkzeuge und Gartenwerkzeuge verwenden. Alle Akkus werden mit nur einem Ladeger\u00e4t aufgeladen und sparen so Geld und Platz in der Werkstatt. <\/p>\n<h3>  Entdecken Sie WORX Tools <\/h3>\n<h3>  MEHR LEISTUNG MIT WORX NITRO <\/h3>\n<p>                                              <img decoding=\"async\" alt=\"PowerShare\" src=\"https:\/\/images-na.ssl-images-amazon.com\/images\/G\/01\/x-locale\/common\/grey-pixel.gif\" class=\"a-lazy-loaded\" data-src=\"https:\/\/m.media-amazon.com\/images\/S\/aplus-media-library-service-media\/563e1ec3-6f5a-4025-a515-ef1a8beafc1e.__CR0,0,362,453_PT0_SX362_V1___.jpg\"><img decoding=\"async\" alt=\"PowerShare\" src=\"https:\/\/m.media-amazon.com\/images\/S\/aplus-media-library-service-media\/563e1ec3-6f5a-4025-a515-ef1a8beafc1e.__CR0,0,362,453_PT0_SX362_V1___.jpg\">  <\/p>\n<p>                                              <img decoding=\"async\" alt=\"\" src=\"https:\/\/images-na.ssl-images-amazon.com\/images\/G\/01\/x-locale\/common\/grey-pixel.gif\" class=\"a-lazy-loaded\" data-src=\"https:\/\/m.media-amazon.com\/images\/S\/aplus-media-library-service-media\/247ce0c5-409a-43b2-a454-cb2f8eea0d28.__CR0,0,362,453_PT0_SX362_V1___.png\"><img decoding=\"async\" alt=\"\" src=\"https:\/\/m.media-amazon.com\/images\/S\/aplus-media-library-service-media\/247ce0c5-409a-43b2-a454-cb2f8eea0d28.__CR0,0,362,453_PT0_SX362_V1___.png\">  <\/p>\n<h3>  LANDROID MACHT ES BESSER <\/h3>\n<p>  Der perfekte Rasen ohne Anstrengung. Landroid k\u00fcmmert sich effektiv um Ihren Garten. <\/p>\n<p>Der Gartenroboter von WORX ist der flei\u00dfige Gartenhelfer f\u00fcr kleine Fl\u00e4chen bis 400 m\u00b2 und sorgt stets f\u00fcr einen sch\u00f6nen, gepflegten Rasen \u2013 selbst die Nachbarn werden neidisch sein<br \/>Dank der AIA-Technologie l\u00e4sst der M\u00e4her seine Konkurrenz im Regen stehen \u2013 er navigiert automatisch strukturiert durch den Garten, spart Zeit, Energie und schont das Gras<br \/>Eine Akkulaufzeit von 60 Minuten erm\u00f6glicht dem Rasenm\u00e4herroboter eine effiziente Rasenm\u00e4herpflege. Als Teil der Powershare-Serie kann der 20-V-Akku durch andere Worx-Ger\u00e4teakkus ersetzt werden<br \/>L\u00e4stiges Rasenm\u00e4hen war gestern \u2013 der Rasenm\u00e4her-Roboter \u00fcberwindet Steigungen bis zu 35 % sowie Ecken und Kanten m\u00fchelos und leise \u2013 einfach mit dem WLAN verbinden und per App steuern<br \/>Lieferumfang: 1 x WORX WR184E Landroid Rasenroboter, 9 x Messer und Schrauben, 1 x 20 V Li-Ionen-Akku, 1 x 1,5 A Ladestation inklusive Netzteil und Montagen\u00e4gel, 1 x 150 m Begrenzungskabel inklusive 130 Heringe.<\/p>\n<p>[ad_2]<\/p>\n","protected":false},"excerpt":{"rendered":"<p>Von der Marke Mit WORX Elektrowerkzeugen erledigen Sie jede Arbeit schneller und pr\u00e4ziser. Moderne Funktionen, robuste Motoren und leistungsstarke Batterien bieten Ihnen mehr M\u00f6glichkeiten und lassen jedes Projekt realisieren. Mit WORX PowerShare k\u00f6nnen Sie denselben Akku f\u00fcr alle WORX kabellosen Elektrowerkzeuge und Gartenwerkzeuge verwenden. Alle Akkus werden mit nur einem Ladeger\u00e4t aufgeladen und sparen so [&hellip;]<\/p>\n","protected":false},"featured_media":2382,"comment_status":"open","ping_status":"closed","template":"","meta":{"_aipt_faq_data":""},"store":[],"product_brand":[135],"product_cat":[83],"product_tag":[138],"class_list":{"0":"post-2381","1":"product","2":"type-product","3":"status-publish","4":"has-post-thumbnail","6":"product_brand-worx","7":"product_cat-rasenroboter-fuer-kleine-gaerten","8":"product_tag-rasenroboter-fuer-kleine-gaerten-leise","10":"first","11":"instock","12":"shipping-taxable","13":"product-type-external"},"yoast_head":"<!-- This site is optimized with the Yoast SEO plugin v27.4 - https:\/\/yoast.com\/product\/yoast-seo-wordpress\/ -->\n<title>WORX Landroid S WR184E Roboter-Rasenm\u00e4her f\u00fcr G\u00e4rten bis zu 400 m2 \u2013 35 % Steigung \u2013 mit WLAN-Verbindung und schwimmendem M\u00e4hdeck \u2013 App-Steuerung \u2013 Mehrzonen-Programmierung \u2013 intelligente AIA-Navigation - EasyLifeBro<\/title>\n<meta name=\"description\" content=\"Entdecken Sie smarte Roboter f\u00fcr Zuhause, Garten, Bildung und Sicherheit. Vergleichen Sie Saugroboter, Rasenm\u00e4hroboter, KI-Begleitroboter und mehr bei EasyLifeRobo.\" \/>\n<meta name=\"robots\" content=\"index, follow, max-snippet:-1, max-image-preview:large, max-video-preview:-1\" \/>\n<link rel=\"canonical\" href=\"https:\/\/easyliferobo.com\/de\/product\/worx-landroid-s-wr184e-roboter-rasenmaeher-fuer-gaerten-bis-zu-400-m2-35-steigung-mit-wlan-verbindung-und-schwimmendem-maehdeck-app-steuerung-mehrzonen-program\/\" \/>\n<meta property=\"og:locale\" content=\"de_DE\" \/>\n<meta property=\"og:type\" content=\"article\" \/>\n<meta property=\"og:title\" content=\"WORX Landroid S WR184E Roboter-Rasenm\u00e4her f\u00fcr G\u00e4rten bis zu 400 m2 \u2013 35 % Steigung \u2013 mit WLAN-Verbindung und schwimmendem M\u00e4hdeck \u2013 App-Steuerung \u2013 Mehrzonen-Programmierung \u2013 intelligente AIA-Navigation - EasyLifeBro\" \/>\n<meta property=\"og:description\" content=\"Entdecken Sie smarte Roboter f\u00fcr Zuhause, Garten, Bildung und Sicherheit. Vergleichen Sie Saugroboter, Rasenm\u00e4hroboter, KI-Begleitroboter und mehr bei EasyLifeRobo.\" \/>\n<meta property=\"og:url\" content=\"https:\/\/easyliferobo.com\/de\/product\/worx-landroid-s-wr184e-roboter-rasenmaeher-fuer-gaerten-bis-zu-400-m2-35-steigung-mit-wlan-verbindung-und-schwimmendem-maehdeck-app-steuerung-mehrzonen-program\/\" \/>\n<meta property=\"og:site_name\" content=\"EasyLifeBro\" \/>\n<meta property=\"article:modified_time\" content=\"2026-02-27T03:57:50+00:00\" \/>\n<meta property=\"og:image\" content=\"https:\/\/images-na.ssl-images-amazon.com\/images\/G\/01\/x-locale\/common\/grey-pixel.gif\" \/>\n<meta name=\"twitter:card\" content=\"summary_large_image\" \/>\n<meta name=\"twitter:label1\" content=\"Gesch\u00e4tzte Lesezeit\" \/>\n\t<meta name=\"twitter:data1\" content=\"1\u00a0Minute\" \/>\n<script type=\"application\/ld+json\" class=\"yoast-schema-graph\">{\"@context\":\"https:\\\/\\\/schema.org\",\"@graph\":[{\"@type\":\"WebPage\",\"@id\":\"https:\\\/\\\/easyliferobo.com\\\/de\\\/product\\\/worx-landroid-s-wr184e-roboter-rasenmaeher-fuer-gaerten-bis-zu-400-m2-35-steigung-mit-wlan-verbindung-und-schwimmendem-maehdeck-app-steuerung-mehrzonen-program\\\/\",\"url\":\"https:\\\/\\\/easyliferobo.com\\\/de\\\/product\\\/worx-landroid-s-wr184e-roboter-rasenmaeher-fuer-gaerten-bis-zu-400-m2-35-steigung-mit-wlan-verbindung-und-schwimmendem-maehdeck-app-steuerung-mehrzonen-program\\\/\",\"name\":\"WORX Landroid S WR184E Roboter-Rasenm\u00e4her f\u00fcr G\u00e4rten bis zu 400 m2 \u2013 35 % Steigung \u2013 mit WLAN-Verbindung und schwimmendem M\u00e4hdeck \u2013 App-Steuerung \u2013 Mehrzonen-Programmierung \u2013 intelligente AIA-Navigation - EasyLifeBro\",\"isPartOf\":{\"@id\":\"https:\\\/\\\/easyliferobo.com\\\/de\\\/#website\"},\"primaryImageOfPage\":{\"@id\":\"https:\\\/\\\/easyliferobo.com\\\/de\\\/product\\\/worx-landroid-s-wr184e-roboter-rasenmaeher-fuer-gaerten-bis-zu-400-m2-35-steigung-mit-wlan-verbindung-und-schwimmendem-maehdeck-app-steuerung-mehrzonen-program\\\/#primaryimage\"},\"image\":{\"@id\":\"https:\\\/\\\/easyliferobo.com\\\/de\\\/product\\\/worx-landroid-s-wr184e-roboter-rasenmaeher-fuer-gaerten-bis-zu-400-m2-35-steigung-mit-wlan-verbindung-und-schwimmendem-maehdeck-app-steuerung-mehrzonen-program\\\/#primaryimage\"},\"thumbnailUrl\":\"https:\\\/\\\/easyliferobo.com\\\/de\\\/wp-content\\\/uploads\\\/2026\\\/02\\\/61Mrki8xk6L._AC_SL1500_.jpg\",\"datePublished\":\"2026-02-27T03:57:34+00:00\",\"dateModified\":\"2026-02-27T03:57:50+00:00\",\"description\":\"Entdecken Sie smarte Roboter f\u00fcr Zuhause, Garten, Bildung und Sicherheit. Vergleichen Sie Saugroboter, Rasenm\u00e4hroboter, KI-Begleitroboter und mehr bei EasyLifeRobo.\",\"breadcrumb\":{\"@id\":\"https:\\\/\\\/easyliferobo.com\\\/de\\\/product\\\/worx-landroid-s-wr184e-roboter-rasenmaeher-fuer-gaerten-bis-zu-400-m2-35-steigung-mit-wlan-verbindung-und-schwimmendem-maehdeck-app-steuerung-mehrzonen-program\\\/#breadcrumb\"},\"inLanguage\":\"de\",\"potentialAction\":[{\"@type\":\"ReadAction\",\"target\":[\"https:\\\/\\\/easyliferobo.com\\\/de\\\/product\\\/worx-landroid-s-wr184e-roboter-rasenmaeher-fuer-gaerten-bis-zu-400-m2-35-steigung-mit-wlan-verbindung-und-schwimmendem-maehdeck-app-steuerung-mehrzonen-program\\\/\"]}]},{\"@type\":\"ImageObject\",\"inLanguage\":\"de\",\"@id\":\"https:\\\/\\\/easyliferobo.com\\\/de\\\/product\\\/worx-landroid-s-wr184e-roboter-rasenmaeher-fuer-gaerten-bis-zu-400-m2-35-steigung-mit-wlan-verbindung-und-schwimmendem-maehdeck-app-steuerung-mehrzonen-program\\\/#primaryimage\",\"url\":\"https:\\\/\\\/easyliferobo.com\\\/de\\\/wp-content\\\/uploads\\\/2026\\\/02\\\/61Mrki8xk6L._AC_SL1500_.jpg\",\"contentUrl\":\"https:\\\/\\\/easyliferobo.com\\\/de\\\/wp-content\\\/uploads\\\/2026\\\/02\\\/61Mrki8xk6L._AC_SL1500_.jpg\",\"width\":1500,\"height\":1062},{\"@type\":\"BreadcrumbList\",\"@id\":\"https:\\\/\\\/easyliferobo.com\\\/de\\\/product\\\/worx-landroid-s-wr184e-roboter-rasenmaeher-fuer-gaerten-bis-zu-400-m2-35-steigung-mit-wlan-verbindung-und-schwimmendem-maehdeck-app-steuerung-mehrzonen-program\\\/#breadcrumb\",\"itemListElement\":[{\"@type\":\"ListItem\",\"position\":1,\"name\":\"Home\",\"item\":\"https:\\\/\\\/easyliferobo.com\\\/de\\\/\"},{\"@type\":\"ListItem\",\"position\":2,\"name\":\"Shop\",\"item\":\"https:\\\/\\\/easyliferobo.com\\\/de\\\/shop\\\/\"},{\"@type\":\"ListItem\",\"position\":3,\"name\":\"WORX Landroid S WR184E Roboter-Rase...\"}]},{\"@type\":\"WebSite\",\"@id\":\"https:\\\/\\\/easyliferobo.com\\\/de\\\/#website\",\"url\":\"https:\\\/\\\/easyliferobo.com\\\/de\\\/\",\"name\":\"EasyLifeBro\",\"description\":\"Smarte Roboter f\u00fcr Zuhause, Garten &amp; Bildung\",\"publisher\":{\"@id\":\"https:\\\/\\\/easyliferobo.com\\\/de\\\/#organization\"},\"potentialAction\":[{\"@type\":\"SearchAction\",\"target\":{\"@type\":\"EntryPoint\",\"urlTemplate\":\"https:\\\/\\\/easyliferobo.com\\\/de\\\/?s={search_term_string}\"},\"query-input\":{\"@type\":\"PropertyValueSpecification\",\"valueRequired\":true,\"valueName\":\"search_term_string\"}}],\"inLanguage\":\"de\"},{\"@type\":\"Organization\",\"@id\":\"https:\\\/\\\/easyliferobo.com\\\/de\\\/#organization\",\"name\":\"EasyLifeBro\",\"url\":\"https:\\\/\\\/easyliferobo.com\\\/de\\\/\",\"logo\":{\"@type\":\"ImageObject\",\"inLanguage\":\"de\",\"@id\":\"https:\\\/\\\/easyliferobo.com\\\/de\\\/#\\\/schema\\\/logo\\\/image\\\/\",\"url\":\"https:\\\/\\\/easyliferobo.com\\\/de\\\/wp-content\\\/uploads\\\/2026\\\/02\\\/Screenshot-2026-02-22-at-2.25.03-PM.png\",\"contentUrl\":\"https:\\\/\\\/easyliferobo.com\\\/de\\\/wp-content\\\/uploads\\\/2026\\\/02\\\/Screenshot-2026-02-22-at-2.25.03-PM.png\",\"width\":1858,\"height\":430,\"caption\":\"EasyLifeBro\"},\"image\":{\"@id\":\"https:\\\/\\\/easyliferobo.com\\\/de\\\/#\\\/schema\\\/logo\\\/image\\\/\"}}]}<\/script>\n<!-- \/ Yoast SEO plugin. -->","yoast_head_json":{"title":"WORX Landroid S WR184E Roboter-Rasenm\u00e4her f\u00fcr G\u00e4rten bis zu 400 m2 \u2013 35 % Steigung \u2013 mit WLAN-Verbindung und schwimmendem M\u00e4hdeck \u2013 App-Steuerung \u2013 Mehrzonen-Programmierung \u2013 intelligente AIA-Navigation - EasyLifeBro","description":"Entdecken Sie smarte Roboter f\u00fcr Zuhause, Garten, Bildung und Sicherheit. Vergleichen Sie Saugroboter, Rasenm\u00e4hroboter, KI-Begleitroboter und mehr bei EasyLifeRobo.","robots":{"index":"index","follow":"follow","max-snippet":"max-snippet:-1","max-image-preview":"max-image-preview:large","max-video-preview":"max-video-preview:-1"},"canonical":"https:\/\/easyliferobo.com\/de\/product\/worx-landroid-s-wr184e-roboter-rasenmaeher-fuer-gaerten-bis-zu-400-m2-35-steigung-mit-wlan-verbindung-und-schwimmendem-maehdeck-app-steuerung-mehrzonen-program\/","og_locale":"de_DE","og_type":"article","og_title":"WORX Landroid S WR184E Roboter-Rasenm\u00e4her f\u00fcr G\u00e4rten bis zu 400 m2 \u2013 35 % Steigung \u2013 mit WLAN-Verbindung und schwimmendem M\u00e4hdeck \u2013 App-Steuerung \u2013 Mehrzonen-Programmierung \u2013 intelligente AIA-Navigation - EasyLifeBro","og_description":"Entdecken Sie smarte Roboter f\u00fcr Zuhause, Garten, Bildung und Sicherheit. Vergleichen Sie Saugroboter, Rasenm\u00e4hroboter, KI-Begleitroboter und mehr bei EasyLifeRobo.","og_url":"https:\/\/easyliferobo.com\/de\/product\/worx-landroid-s-wr184e-roboter-rasenmaeher-fuer-gaerten-bis-zu-400-m2-35-steigung-mit-wlan-verbindung-und-schwimmendem-maehdeck-app-steuerung-mehrzonen-program\/","og_site_name":"EasyLifeBro","article_modified_time":"2026-02-27T03:57:50+00:00","og_image":[{"url":"https:\/\/images-na.ssl-images-amazon.com\/images\/G\/01\/x-locale\/common\/grey-pixel.gif","type":"","width":"","height":""}],"twitter_card":"summary_large_image","twitter_misc":{"Gesch\u00e4tzte Lesezeit":"1\u00a0Minute"},"schema":{"@context":"https:\/\/schema.org","@graph":[{"@type":"WebPage","@id":"https:\/\/easyliferobo.com\/de\/product\/worx-landroid-s-wr184e-roboter-rasenmaeher-fuer-gaerten-bis-zu-400-m2-35-steigung-mit-wlan-verbindung-und-schwimmendem-maehdeck-app-steuerung-mehrzonen-program\/","url":"https:\/\/easyliferobo.com\/de\/product\/worx-landroid-s-wr184e-roboter-rasenmaeher-fuer-gaerten-bis-zu-400-m2-35-steigung-mit-wlan-verbindung-und-schwimmendem-maehdeck-app-steuerung-mehrzonen-program\/","name":"WORX Landroid S WR184E Roboter-Rasenm\u00e4her f\u00fcr G\u00e4rten bis zu 400 m2 \u2013 35 % Steigung \u2013 mit WLAN-Verbindung und schwimmendem M\u00e4hdeck \u2013 App-Steuerung \u2013 Mehrzonen-Programmierung \u2013 intelligente AIA-Navigation - EasyLifeBro","isPartOf":{"@id":"https:\/\/easyliferobo.com\/de\/#website"},"primaryImageOfPage":{"@id":"https:\/\/easyliferobo.com\/de\/product\/worx-landroid-s-wr184e-roboter-rasenmaeher-fuer-gaerten-bis-zu-400-m2-35-steigung-mit-wlan-verbindung-und-schwimmendem-maehdeck-app-steuerung-mehrzonen-program\/#primaryimage"},"image":{"@id":"https:\/\/easyliferobo.com\/de\/product\/worx-landroid-s-wr184e-roboter-rasenmaeher-fuer-gaerten-bis-zu-400-m2-35-steigung-mit-wlan-verbindung-und-schwimmendem-maehdeck-app-steuerung-mehrzonen-program\/#primaryimage"},"thumbnailUrl":"https:\/\/easyliferobo.com\/de\/wp-content\/uploads\/2026\/02\/61Mrki8xk6L._AC_SL1500_.jpg","datePublished":"2026-02-27T03:57:34+00:00","dateModified":"2026-02-27T03:57:50+00:00","description":"Entdecken Sie smarte Roboter f\u00fcr Zuhause, Garten, Bildung und Sicherheit. Vergleichen Sie Saugroboter, Rasenm\u00e4hroboter, KI-Begleitroboter und mehr bei EasyLifeRobo.","breadcrumb":{"@id":"https:\/\/easyliferobo.com\/de\/product\/worx-landroid-s-wr184e-roboter-rasenmaeher-fuer-gaerten-bis-zu-400-m2-35-steigung-mit-wlan-verbindung-und-schwimmendem-maehdeck-app-steuerung-mehrzonen-program\/#breadcrumb"},"inLanguage":"de","potentialAction":[{"@type":"ReadAction","target":["https:\/\/easyliferobo.com\/de\/product\/worx-landroid-s-wr184e-roboter-rasenmaeher-fuer-gaerten-bis-zu-400-m2-35-steigung-mit-wlan-verbindung-und-schwimmendem-maehdeck-app-steuerung-mehrzonen-program\/"]}]},{"@type":"ImageObject","inLanguage":"de","@id":"https:\/\/easyliferobo.com\/de\/product\/worx-landroid-s-wr184e-roboter-rasenmaeher-fuer-gaerten-bis-zu-400-m2-35-steigung-mit-wlan-verbindung-und-schwimmendem-maehdeck-app-steuerung-mehrzonen-program\/#primaryimage","url":"https:\/\/easyliferobo.com\/de\/wp-content\/uploads\/2026\/02\/61Mrki8xk6L._AC_SL1500_.jpg","contentUrl":"https:\/\/easyliferobo.com\/de\/wp-content\/uploads\/2026\/02\/61Mrki8xk6L._AC_SL1500_.jpg","width":1500,"height":1062},{"@type":"BreadcrumbList","@id":"https:\/\/easyliferobo.com\/de\/product\/worx-landroid-s-wr184e-roboter-rasenmaeher-fuer-gaerten-bis-zu-400-m2-35-steigung-mit-wlan-verbindung-und-schwimmendem-maehdeck-app-steuerung-mehrzonen-program\/#breadcrumb","itemListElement":[{"@type":"ListItem","position":1,"name":"Home","item":"https:\/\/easyliferobo.com\/de\/"},{"@type":"ListItem","position":2,"name":"Shop","item":"https:\/\/easyliferobo.com\/de\/shop\/"},{"@type":"ListItem","position":3,"name":"WORX Landroid S WR184E Roboter-Rase..."}]},{"@type":"WebSite","@id":"https:\/\/easyliferobo.com\/de\/#website","url":"https:\/\/easyliferobo.com\/de\/","name":"EasyLifeBro","description":"Smarte Roboter f\u00fcr Zuhause, Garten &amp; Bildung","publisher":{"@id":"https:\/\/easyliferobo.com\/de\/#organization"},"potentialAction":[{"@type":"SearchAction","target":{"@type":"EntryPoint","urlTemplate":"https:\/\/easyliferobo.com\/de\/?s={search_term_string}"},"query-input":{"@type":"PropertyValueSpecification","valueRequired":true,"valueName":"search_term_string"}}],"inLanguage":"de"},{"@type":"Organization","@id":"https:\/\/easyliferobo.com\/de\/#organization","name":"EasyLifeBro","url":"https:\/\/easyliferobo.com\/de\/","logo":{"@type":"ImageObject","inLanguage":"de","@id":"https:\/\/easyliferobo.com\/de\/#\/schema\/logo\/image\/","url":"https:\/\/easyliferobo.com\/de\/wp-content\/uploads\/2026\/02\/Screenshot-2026-02-22-at-2.25.03-PM.png","contentUrl":"https:\/\/easyliferobo.com\/de\/wp-content\/uploads\/2026\/02\/Screenshot-2026-02-22-at-2.25.03-PM.png","width":1858,"height":430,"caption":"EasyLifeBro"},"image":{"@id":"https:\/\/easyliferobo.com\/de\/#\/schema\/logo\/image\/"}}]}},"_links":{"self":[{"href":"https:\/\/easyliferobo.com\/de\/wp-json\/wp\/v2\/product\/2381","targetHints":{"allow":["GET"]}}],"collection":[{"href":"https:\/\/easyliferobo.com\/de\/wp-json\/wp\/v2\/product"}],"about":[{"href":"https:\/\/easyliferobo.com\/de\/wp-json\/wp\/v2\/types\/product"}],"replies":[{"embeddable":true,"href":"https:\/\/easyliferobo.com\/de\/wp-json\/wp\/v2\/comments?post=2381"}],"wp:featuredmedia":[{"embeddable":true,"href":"https:\/\/easyliferobo.com\/de\/wp-json\/wp\/v2\/media\/2382"}],"wp:attachment":[{"href":"https:\/\/easyliferobo.com\/de\/wp-json\/wp\/v2\/media?parent=2381"}],"wp:term":[{"taxonomy":"store","embeddable":true,"href":"https:\/\/easyliferobo.com\/de\/wp-json\/wp\/v2\/store?post=2381"},{"taxonomy":"product_brand","embeddable":true,"href":"https:\/\/easyliferobo.com\/de\/wp-json\/wp\/v2\/product_brand?post=2381"},{"taxonomy":"product_cat","embeddable":true,"href":"https:\/\/easyliferobo.com\/de\/wp-json\/wp\/v2\/product_cat?post=2381"},{"taxonomy":"product_tag","embeddable":true,"href":"https:\/\/easyliferobo.com\/de\/wp-json\/wp\/v2\/product_tag?post=2381"}],"curies":[{"name":"wp","href":"https:\/\/api.w.org\/{rel}","templated":true}]}}