
{"id":2371,"date":"2026-02-27T03:56:03","date_gmt":"2026-02-27T03:56:03","guid":{"rendered":"https:\/\/easyliferobo.com\/de\/product\/navimow-i205-awd-roboter-rasenmaeher-ohne-begrenzungskabel-mit-garage-s-allradantrieb-fuer-steigungen-bis-zu-45-efls-nrtk-vision-empfehlung-500-m%c2%b2-keine-rtk-antenne-erforderlich-wird-vers\/"},"modified":"2026-02-27T03:56:23","modified_gmt":"2026-02-27T03:56:23","slug":"navimow-i205-awd-roboter-rasenmaeher-ohne-begrenzungskabel-mit-garage-s-allradantrieb-fuer-steigungen-bis-zu-45-efls-nrtk-vision-empfehlung-500-m%c2%b2-keine-rtk-antenne-erforderlich-wird-vers","status":"publish","type":"product","link":"https:\/\/easyliferobo.com\/de\/product\/navimow-i205-awd-roboter-rasenmaeher-ohne-begrenzungskabel-mit-garage-s-allradantrieb-fuer-steigungen-bis-zu-45-efls-nrtk-vision-empfehlung-500-m%c2%b2-keine-rtk-antenne-erforderlich-wird-vers\/","title":{"rendered":"Navimow i205 AWD Roboter-Rasenm\u00e4he..."},"content":{"rendered":"<p>\n                                             Von der Marke   <\/p>\n<p>                                              <img decoding=\"async\" alt=\"\" src=\"https:\/\/images-na.ssl-images-amazon.com\/images\/G\/01\/x-locale\/common\/grey-pixel.gif\" class=\"a-lazy-loaded\" data-src=\"https:\/\/m.media-amazon.com\/images\/S\/aplus-media-library-service-media\/36292815-9bca-49f7-adea-b3d92125f336.__CR0,0,4392,1875_PT0_SX1464_V1___.jpg\"><img decoding=\"async\" alt=\"\" src=\"https:\/\/m.media-amazon.com\/images\/S\/aplus-media-library-service-media\/36292815-9bca-49f7-adea-b3d92125f336.__CR0,0,4392,1875_PT0_SX1464_V1___.jpg\">  <\/p>\n<p>                                              <img decoding=\"async\" alt=\"Wei\u00dfer Roboter-Rasenm\u00e4her auf Gras mit gro\u00dfer beleuchteter Aufschrift \u201eNr.1\u201c Text dahinter. Orangefarbene Felge. Dunkler Hintergrund mit \u201eNAVIMOW\u201c-Logo. Logo oben.\" src=\"https:\/\/images-na.ssl-images-amazon.com\/images\/G\/01\/x-locale\/common\/grey-pixel.gif\" class=\"a-lazy-loaded\" data-src=\"https:\/\/m.media-amazon.com\/images\/S\/aplus-media-library-service-media\/056c7223-bcf1-47b9-949b-179c10872adf.__CR0,0,362,453_PT0_SX362_V1___.jpg\"><img decoding=\"async\" alt=\"Wei\u00dfer Roboter-Rasenm\u00e4her auf Gras mit gro\u00dfer beleuchteter Aufschrift \u201eNr.1\u201c Text dahinter. Orangefarbene Felge. Dunkler Hintergrund mit \u201eNAVIMOW\u201c-Logo. Logo oben.\" src=\"https:\/\/m.media-amazon.com\/images\/S\/aplus-media-library-service-media\/056c7223-bcf1-47b9-949b-179c10872adf.__CR0,0,362,453_PT0_SX362_V1___.jpg\">  <\/p>\n<h3>  i2 AWD Roboter-Rasenm\u00e4her <\/h3>\n<p class=\"apm-brand-story-stores-link\">\n<h3>  i2 LiDAR Roboter-Rasenm\u00e4her <\/h3>\n<p class=\"apm-brand-story-stores-link\">\n<h3>  i2 AWD <\/h3>\n<p class=\"apm-brand-story-stores-link\">\n<h3>  i2 LiDAR <\/h3>\n<p class=\"apm-brand-story-stores-link\">\n<p>                                              <img decoding=\"async\" alt=\"Roboter-Rasenm\u00e4her ohne Begrenzung, Kabel-Rasenm\u00e4her, Roboter-Rasen, Begrenzungskabel, Roboter-Rasen\" src=\"https:\/\/images-na.ssl-images-amazon.com\/images\/G\/01\/x-locale\/common\/grey-pixel.gif\" class=\"a-lazy-loaded\" data-src=\"https:\/\/m.media-amazon.com\/images\/S\/aplus-media-library-service-media\/1eb932ed-b944-4cc9-a965-43efa3366ae5.__CR0,0,1086,1359_PT0_SX362_V1___.jpg\"><img decoding=\"async\" alt=\"Roboter-Rasenm\u00e4her ohne Begrenzung, Kabel-Rasenm\u00e4her, Roboter-Rasen, Begrenzungskabel, Roboter-Rasen\" src=\"https:\/\/m.media-amazon.com\/images\/S\/aplus-media-library-service-media\/1eb932ed-b944-4cc9-a965-43efa3366ae5.__CR0,0,1086,1359_PT0_SX362_V1___.jpg\">  <\/p>\n<p>                                              <img decoding=\"async\" alt=\"Roboter-Rasenm\u00e4her auf Gras mit wei\u00dfem K\u00f6rper und orangefarbenen R\u00e4dern. Die Texteinblendung weist auf Robotererfahrung seit 1999 und \u00fcber 200 Roboterpatente hin.\" src=\"https:\/\/images-na.ssl-images-amazon.com\/images\/G\/01\/x-locale\/common\/grey-pixel.gif\" class=\"a-lazy-loaded\" data-src=\"https:\/\/m.media-amazon.com\/images\/S\/aplus-media-library-service-media\/6ca5bd85-ea8e-4660-a1e7-357b7c7008c3.__CR0,0,362,453_PT0_SX362_V1___.png\"><img decoding=\"async\" alt=\"Roboter-Rasenm\u00e4her auf Gras mit wei\u00dfem K\u00f6rper und orangefarbenen R\u00e4dern. Die Texteinblendung weist auf Robotererfahrung seit 1999 und \u00fcber 200 Roboterpatente hin.\" src=\"https:\/\/m.media-amazon.com\/images\/S\/aplus-media-library-service-media\/6ca5bd85-ea8e-4660-a1e7-357b7c7008c3.__CR0,0,362,453_PT0_SX362_V1___.png\">  <\/p>\n<p>                                              <img decoding=\"async\" alt=\"Pr\u00e4mieren Sie Logos und Empfehlungen von Tech-Websites wie golem.de, NotebookCheck, Computer Bild und Chinahandys.net. Verschiedene Designpreise ausgestellt.\" src=\"https:\/\/images-na.ssl-images-amazon.com\/images\/G\/01\/x-locale\/common\/grey-pixel.gif\" class=\"a-lazy-loaded\" data-src=\"https:\/\/m.media-amazon.com\/images\/S\/aplus-media-library-service-media\/99179aaf-f77b-4e59-b41d-dcc8d01b974e.__CR0,0,362,453_PT0_SX362_V1___.png\"><img decoding=\"async\" alt=\"Pr\u00e4mieren Sie Logos und Empfehlungen von Tech-Websites wie golem.de, NotebookCheck, Computer Bild und Chinahandys.net. Verschiedene Designpreise ausgestellt.\" src=\"https:\/\/m.media-amazon.com\/images\/S\/aplus-media-library-service-media\/99179aaf-f77b-4e59-b41d-dcc8d01b974e.__CR0,0,362,453_PT0_SX362_V1___.png\">  <\/p>\n<p>                                              <img decoding=\"async\" alt=\"Weltkarte, die den Produktvertrieb in \u00fcber 30 L\u00e4ndern zeigt. Zu den hervorgehobenen Regionen geh\u00f6ren Nordamerika, Europa und Australien.\" src=\"https:\/\/images-na.ssl-images-amazon.com\/images\/G\/01\/x-locale\/common\/grey-pixel.gif\" class=\"a-lazy-loaded\" data-src=\"https:\/\/m.media-amazon.com\/images\/S\/aplus-media-library-service-media\/ef67ebe1-b2c2-4a9e-b1e6-7a4419deb28c.__CR0,0,724,906_PT0_SX362_V1___.jpg\"><img decoding=\"async\" alt=\"Weltkarte, die den Produktvertrieb in \u00fcber 30 L\u00e4ndern zeigt. Zu den hervorgehobenen Regionen geh\u00f6ren Nordamerika, Europa und Australien.\" src=\"https:\/\/m.media-amazon.com\/images\/S\/aplus-media-library-service-media\/ef67ebe1-b2c2-4a9e-b1e6-7a4419deb28c.__CR0,0,724,906_PT0_SX362_V1___.jpg\">  <\/p>\n<p>Allradantrieb, Leistung auf jedem Gel\u00e4nde. Erobern Sie unebenes, raues oder absch\u00fcssiges Gel\u00e4nde mit Zuversicht. Das elektronische Stabilit\u00e4tskontrollsystem in Automobilqualit\u00e4t stabilisiert den M\u00e4her aktiv und erm\u00f6glicht so ein au\u00dfergew\u00f6hnlich gleichm\u00e4\u00dfiges und kontrolliertes M\u00e4hen auch bei anspruchsvollen 45 % (24\u00b0) Steigungen. Der Navimow i205 AWD M\u00e4hroboter schafft innerhalb von nur 8 Stunden bis zu 500 \u33a1 Rasenfl\u00e4che.<br \/>Null-Wendekreis, rasenschonend Die konzentrische Konstruktion des dritten Rades erm\u00f6glicht echte Null-Wendekreise ohne Kratzer auf dem Rasen. Feinf\u00fchlige Lenkung f\u00fcr ein perfekt gleichm\u00e4\u00dfiges M\u00e4hergebnis. Einstellbare Schnitth\u00f6he von 2\u20136 cm mit einer Schnittbreite von 18 cm f\u00fcr saubere und gleichm\u00e4\u00dfige Ergebnisse auf dem gesamten Rasen.<br \/>On-Demand-Antrieb f\u00fcr bis zu 30 % Energieeinsparung. Das intelligente adaptive Antriebssystem schaltet den dritten Motor nur dann zu, wenn zus\u00e4tzliche Leistung ben\u00f6tigt wird. Dadurch wird die Energieeffizienz maximiert, der Verbrauch gesenkt und die M\u00e4hzeit deutlich verl\u00e4ngert. Der Rasenm\u00e4her i205 AWD wird von einem 2,5-Ah-Akku angetrieben und m\u00e4ht bis zu 125 m\u00b2 mit einer einzigen Ladung.<br \/>V\u00f6llig freih\u00e4ndiger Einsatz: EFLS-Netzwerk-RTK mit automatischer Fingertip-Kartierung erm\u00f6glicht den Einsatz in wenigen Minuten, w\u00e4hrend das verbesserte Tri-Frequency-Netzwerk-RTK in Kombination mit Vision eine unterbrechungsfreie Genauigkeit im Zentimeterbereich gew\u00e4hrleistet \u2013 selbst unter B\u00e4umen oder schmalen Wegen. Netzwerk-RTK ist ohne zus\u00e4tzliche Kosten im Lieferumfang enthalten und die erforderlichen Mobilfunkdaten werden kostenlos zur Verf\u00fcgung gestellt.<br \/>Intelligentes Mehrzonenmanagement und intelligentes Sicherheitssystem: Verwalten Sie bis zu 20 M\u00e4hzonen mit automatischer Wegoptimierung f\u00fcr eine effiziente Abdeckung. L\u00e4dt nach dem automatischen Laden nahtlos von der letzten Position aus weiter. Zwei Sicherheitsalarme alarmieren Sie per App mit Echtzeit-GPS, wenn der M\u00e4her angehoben wird oder bestimmte Zonen verl\u00e4sst.<\/p>\n<p>[ad_2]<\/p>\n","protected":false},"excerpt":{"rendered":"<p>Von der Marke i2 AWD Roboter-Rasenm\u00e4her i2 LiDAR Roboter-Rasenm\u00e4her i2 AWD i2 LiDAR Allradantrieb, Leistung auf jedem Gel\u00e4nde. Erobern Sie unebenes, raues oder absch\u00fcssiges Gel\u00e4nde mit Zuversicht. Das elektronische Stabilit\u00e4tskontrollsystem in Automobilqualit\u00e4t stabilisiert den M\u00e4her aktiv und erm\u00f6glicht so ein au\u00dfergew\u00f6hnlich gleichm\u00e4\u00dfiges und kontrolliertes M\u00e4hen auch bei anspruchsvollen 45 % (24\u00b0) Steigungen. Der Navimow i205 [&hellip;]<\/p>\n","protected":false},"featured_media":2372,"comment_status":"open","ping_status":"closed","template":"","meta":{"_aipt_faq_data":""},"store":[],"product_brand":[241],"product_cat":[84],"product_tag":[137],"class_list":{"0":"post-2371","1":"product","2":"type-product","3":"status-publish","4":"has-post-thumbnail","6":"product_brand-navimow","7":"product_cat-rasenroboter-fuer-grosse-flaechen","8":"product_tag-rasenroboter-fuer-grosse-flaechen-mit-gps","10":"first","11":"instock","12":"shipping-taxable","13":"product-type-external"},"yoast_head":"<!-- This site is optimized with the Yoast SEO plugin v27.0 - https:\/\/yoast.com\/product\/yoast-seo-wordpress\/ -->\n<title>Navimow i205 AWD Roboter-Rasenm\u00e4her ohne Begrenzungskabel mit Garage S, Allradantrieb f\u00fcr Steigungen bis zu 45 %, EFLS NRTK + Vision, Empfehlung 500 m\u00b2, keine RTK-Antenne erforderlich (Wird versendet - EasyLifeBro<\/title>\n<meta name=\"description\" content=\"Entdecken Sie smarte Roboter f\u00fcr Zuhause, Garten, Bildung und Sicherheit. Vergleichen Sie Saugroboter, Rasenm\u00e4hroboter, KI-Begleitroboter und mehr bei EasyLifeRobo.\" \/>\n<meta name=\"robots\" content=\"index, follow, max-snippet:-1, max-image-preview:large, max-video-preview:-1\" \/>\n<link rel=\"canonical\" href=\"https:\/\/easyliferobo.com\/de\/product\/navimow-i205-awd-roboter-rasenmaeher-ohne-begrenzungskabel-mit-garage-s-allradantrieb-fuer-steigungen-bis-zu-45-efls-nrtk-vision-empfehlung-500-m\u00b2-keine-rtk-antenne-erforderlich-wird-vers\/\" \/>\n<meta property=\"og:locale\" content=\"de_DE\" \/>\n<meta property=\"og:type\" content=\"article\" \/>\n<meta property=\"og:title\" content=\"Navimow i205 AWD Roboter-Rasenm\u00e4her ohne Begrenzungskabel mit Garage S, Allradantrieb f\u00fcr Steigungen bis zu 45 %, EFLS NRTK + Vision, Empfehlung 500 m\u00b2, keine RTK-Antenne erforderlich (Wird versendet - EasyLifeBro\" \/>\n<meta property=\"og:description\" content=\"Entdecken Sie smarte Roboter f\u00fcr Zuhause, Garten, Bildung und Sicherheit. Vergleichen Sie Saugroboter, Rasenm\u00e4hroboter, KI-Begleitroboter und mehr bei EasyLifeRobo.\" \/>\n<meta property=\"og:url\" content=\"https:\/\/easyliferobo.com\/de\/product\/navimow-i205-awd-roboter-rasenmaeher-ohne-begrenzungskabel-mit-garage-s-allradantrieb-fuer-steigungen-bis-zu-45-efls-nrtk-vision-empfehlung-500-m\u00b2-keine-rtk-antenne-erforderlich-wird-vers\/\" \/>\n<meta property=\"og:site_name\" content=\"EasyLifeBro\" \/>\n<meta property=\"article:modified_time\" content=\"2026-02-27T03:56:23+00:00\" \/>\n<meta property=\"og:image\" content=\"https:\/\/images-na.ssl-images-amazon.com\/images\/G\/01\/x-locale\/common\/grey-pixel.gif\" \/>\n<meta name=\"twitter:card\" content=\"summary_large_image\" \/>\n<meta name=\"twitter:label1\" content=\"Gesch\u00e4tzte Lesezeit\" \/>\n\t<meta name=\"twitter:data1\" content=\"1\u00a0Minute\" \/>\n<script type=\"application\/ld+json\" class=\"yoast-schema-graph\">{\"@context\":\"https:\/\/schema.org\",\"@graph\":[{\"@type\":\"WebPage\",\"@id\":\"https:\/\/easyliferobo.com\/de\/product\/navimow-i205-awd-roboter-rasenmaeher-ohne-begrenzungskabel-mit-garage-s-allradantrieb-fuer-steigungen-bis-zu-45-efls-nrtk-vision-empfehlung-500-m%c2%b2-keine-rtk-antenne-erforderlich-wird-vers\/\",\"url\":\"https:\/\/easyliferobo.com\/de\/product\/navimow-i205-awd-roboter-rasenmaeher-ohne-begrenzungskabel-mit-garage-s-allradantrieb-fuer-steigungen-bis-zu-45-efls-nrtk-vision-empfehlung-500-m%c2%b2-keine-rtk-antenne-erforderlich-wird-vers\/\",\"name\":\"Navimow i205 AWD Roboter-Rasenm\u00e4her ohne Begrenzungskabel mit Garage S, Allradantrieb f\u00fcr Steigungen bis zu 45 %, EFLS NRTK + Vision, Empfehlung 500 m\u00b2, keine RTK-Antenne erforderlich (Wird versendet - EasyLifeBro\",\"isPartOf\":{\"@id\":\"https:\/\/easyliferobo.com\/de\/#website\"},\"primaryImageOfPage\":{\"@id\":\"https:\/\/easyliferobo.com\/de\/product\/navimow-i205-awd-roboter-rasenmaeher-ohne-begrenzungskabel-mit-garage-s-allradantrieb-fuer-steigungen-bis-zu-45-efls-nrtk-vision-empfehlung-500-m%c2%b2-keine-rtk-antenne-erforderlich-wird-vers\/#primaryimage\"},\"image\":{\"@id\":\"https:\/\/easyliferobo.com\/de\/product\/navimow-i205-awd-roboter-rasenmaeher-ohne-begrenzungskabel-mit-garage-s-allradantrieb-fuer-steigungen-bis-zu-45-efls-nrtk-vision-empfehlung-500-m%c2%b2-keine-rtk-antenne-erforderlich-wird-vers\/#primaryimage\"},\"thumbnailUrl\":\"https:\/\/easyliferobo.com\/de\/wp-content\/uploads\/2026\/02\/61-ZoWzywL._AC_SL1500_.jpg\",\"datePublished\":\"2026-02-27T03:56:03+00:00\",\"dateModified\":\"2026-02-27T03:56:23+00:00\",\"description\":\"Entdecken Sie smarte Roboter f\u00fcr Zuhause, Garten, Bildung und Sicherheit. Vergleichen Sie Saugroboter, Rasenm\u00e4hroboter, KI-Begleitroboter und mehr bei EasyLifeRobo.\",\"breadcrumb\":{\"@id\":\"https:\/\/easyliferobo.com\/de\/product\/navimow-i205-awd-roboter-rasenmaeher-ohne-begrenzungskabel-mit-garage-s-allradantrieb-fuer-steigungen-bis-zu-45-efls-nrtk-vision-empfehlung-500-m%c2%b2-keine-rtk-antenne-erforderlich-wird-vers\/#breadcrumb\"},\"inLanguage\":\"de\",\"potentialAction\":[{\"@type\":\"ReadAction\",\"target\":[\"https:\/\/easyliferobo.com\/de\/product\/navimow-i205-awd-roboter-rasenmaeher-ohne-begrenzungskabel-mit-garage-s-allradantrieb-fuer-steigungen-bis-zu-45-efls-nrtk-vision-empfehlung-500-m%c2%b2-keine-rtk-antenne-erforderlich-wird-vers\/\"]}]},{\"@type\":\"ImageObject\",\"inLanguage\":\"de\",\"@id\":\"https:\/\/easyliferobo.com\/de\/product\/navimow-i205-awd-roboter-rasenmaeher-ohne-begrenzungskabel-mit-garage-s-allradantrieb-fuer-steigungen-bis-zu-45-efls-nrtk-vision-empfehlung-500-m%c2%b2-keine-rtk-antenne-erforderlich-wird-vers\/#primaryimage\",\"url\":\"https:\/\/easyliferobo.com\/de\/wp-content\/uploads\/2026\/02\/61-ZoWzywL._AC_SL1500_.jpg\",\"contentUrl\":\"https:\/\/easyliferobo.com\/de\/wp-content\/uploads\/2026\/02\/61-ZoWzywL._AC_SL1500_.jpg\",\"width\":1365,\"height\":1380},{\"@type\":\"BreadcrumbList\",\"@id\":\"https:\/\/easyliferobo.com\/de\/product\/navimow-i205-awd-roboter-rasenmaeher-ohne-begrenzungskabel-mit-garage-s-allradantrieb-fuer-steigungen-bis-zu-45-efls-nrtk-vision-empfehlung-500-m%c2%b2-keine-rtk-antenne-erforderlich-wird-vers\/#breadcrumb\",\"itemListElement\":[{\"@type\":\"ListItem\",\"position\":1,\"name\":\"Home\",\"item\":\"https:\/\/easyliferobo.com\/de\/\"},{\"@type\":\"ListItem\",\"position\":2,\"name\":\"Shop\",\"item\":\"https:\/\/easyliferobo.com\/de\/shop\/\"},{\"@type\":\"ListItem\",\"position\":3,\"name\":\"Navimow i205 AWD Roboter-Rasenm\u00e4he...\"}]},{\"@type\":\"WebSite\",\"@id\":\"https:\/\/easyliferobo.com\/de\/#website\",\"url\":\"https:\/\/easyliferobo.com\/de\/\",\"name\":\"EasyLifeBro\",\"description\":\"Smarte Roboter f\u00fcr Zuhause, Garten &amp; Bildung\",\"publisher\":{\"@id\":\"https:\/\/easyliferobo.com\/de\/#organization\"},\"potentialAction\":[{\"@type\":\"SearchAction\",\"target\":{\"@type\":\"EntryPoint\",\"urlTemplate\":\"https:\/\/easyliferobo.com\/de\/?s={search_term_string}\"},\"query-input\":{\"@type\":\"PropertyValueSpecification\",\"valueRequired\":true,\"valueName\":\"search_term_string\"}}],\"inLanguage\":\"de\"},{\"@type\":\"Organization\",\"@id\":\"https:\/\/easyliferobo.com\/de\/#organization\",\"name\":\"EasyLifeBro\",\"url\":\"https:\/\/easyliferobo.com\/de\/\",\"logo\":{\"@type\":\"ImageObject\",\"inLanguage\":\"de\",\"@id\":\"https:\/\/easyliferobo.com\/de\/#\/schema\/logo\/image\/\",\"url\":\"https:\/\/easyliferobo.com\/de\/wp-content\/uploads\/2026\/02\/Screenshot-2026-02-22-at-2.25.03-PM.png\",\"contentUrl\":\"https:\/\/easyliferobo.com\/de\/wp-content\/uploads\/2026\/02\/Screenshot-2026-02-22-at-2.25.03-PM.png\",\"width\":1858,\"height\":430,\"caption\":\"EasyLifeBro\"},\"image\":{\"@id\":\"https:\/\/easyliferobo.com\/de\/#\/schema\/logo\/image\/\"}}]}<\/script>\n<!-- \/ Yoast SEO plugin. -->","yoast_head_json":{"title":"Navimow i205 AWD Roboter-Rasenm\u00e4her ohne Begrenzungskabel mit Garage S, Allradantrieb f\u00fcr Steigungen bis zu 45 %, EFLS NRTK + Vision, Empfehlung 500 m\u00b2, keine RTK-Antenne erforderlich (Wird versendet - EasyLifeBro","description":"Entdecken Sie smarte Roboter f\u00fcr Zuhause, Garten, Bildung und Sicherheit. Vergleichen Sie Saugroboter, Rasenm\u00e4hroboter, KI-Begleitroboter und mehr bei EasyLifeRobo.","robots":{"index":"index","follow":"follow","max-snippet":"max-snippet:-1","max-image-preview":"max-image-preview:large","max-video-preview":"max-video-preview:-1"},"canonical":"https:\/\/easyliferobo.com\/de\/product\/navimow-i205-awd-roboter-rasenmaeher-ohne-begrenzungskabel-mit-garage-s-allradantrieb-fuer-steigungen-bis-zu-45-efls-nrtk-vision-empfehlung-500-m\u00b2-keine-rtk-antenne-erforderlich-wird-vers\/","og_locale":"de_DE","og_type":"article","og_title":"Navimow i205 AWD Roboter-Rasenm\u00e4her ohne Begrenzungskabel mit Garage S, Allradantrieb f\u00fcr Steigungen bis zu 45 %, EFLS NRTK + Vision, Empfehlung 500 m\u00b2, keine RTK-Antenne erforderlich (Wird versendet - EasyLifeBro","og_description":"Entdecken Sie smarte Roboter f\u00fcr Zuhause, Garten, Bildung und Sicherheit. Vergleichen Sie Saugroboter, Rasenm\u00e4hroboter, KI-Begleitroboter und mehr bei EasyLifeRobo.","og_url":"https:\/\/easyliferobo.com\/de\/product\/navimow-i205-awd-roboter-rasenmaeher-ohne-begrenzungskabel-mit-garage-s-allradantrieb-fuer-steigungen-bis-zu-45-efls-nrtk-vision-empfehlung-500-m\u00b2-keine-rtk-antenne-erforderlich-wird-vers\/","og_site_name":"EasyLifeBro","article_modified_time":"2026-02-27T03:56:23+00:00","og_image":[{"url":"https:\/\/images-na.ssl-images-amazon.com\/images\/G\/01\/x-locale\/common\/grey-pixel.gif","type":"","width":"","height":""}],"twitter_card":"summary_large_image","twitter_misc":{"Gesch\u00e4tzte Lesezeit":"1\u00a0Minute"},"schema":{"@context":"https:\/\/schema.org","@graph":[{"@type":"WebPage","@id":"https:\/\/easyliferobo.com\/de\/product\/navimow-i205-awd-roboter-rasenmaeher-ohne-begrenzungskabel-mit-garage-s-allradantrieb-fuer-steigungen-bis-zu-45-efls-nrtk-vision-empfehlung-500-m%c2%b2-keine-rtk-antenne-erforderlich-wird-vers\/","url":"https:\/\/easyliferobo.com\/de\/product\/navimow-i205-awd-roboter-rasenmaeher-ohne-begrenzungskabel-mit-garage-s-allradantrieb-fuer-steigungen-bis-zu-45-efls-nrtk-vision-empfehlung-500-m%c2%b2-keine-rtk-antenne-erforderlich-wird-vers\/","name":"Navimow i205 AWD Roboter-Rasenm\u00e4her ohne Begrenzungskabel mit Garage S, Allradantrieb f\u00fcr Steigungen bis zu 45 %, EFLS NRTK + Vision, Empfehlung 500 m\u00b2, keine RTK-Antenne erforderlich (Wird versendet - EasyLifeBro","isPartOf":{"@id":"https:\/\/easyliferobo.com\/de\/#website"},"primaryImageOfPage":{"@id":"https:\/\/easyliferobo.com\/de\/product\/navimow-i205-awd-roboter-rasenmaeher-ohne-begrenzungskabel-mit-garage-s-allradantrieb-fuer-steigungen-bis-zu-45-efls-nrtk-vision-empfehlung-500-m%c2%b2-keine-rtk-antenne-erforderlich-wird-vers\/#primaryimage"},"image":{"@id":"https:\/\/easyliferobo.com\/de\/product\/navimow-i205-awd-roboter-rasenmaeher-ohne-begrenzungskabel-mit-garage-s-allradantrieb-fuer-steigungen-bis-zu-45-efls-nrtk-vision-empfehlung-500-m%c2%b2-keine-rtk-antenne-erforderlich-wird-vers\/#primaryimage"},"thumbnailUrl":"https:\/\/easyliferobo.com\/de\/wp-content\/uploads\/2026\/02\/61-ZoWzywL._AC_SL1500_.jpg","datePublished":"2026-02-27T03:56:03+00:00","dateModified":"2026-02-27T03:56:23+00:00","description":"Entdecken Sie smarte Roboter f\u00fcr Zuhause, Garten, Bildung und Sicherheit. Vergleichen Sie Saugroboter, Rasenm\u00e4hroboter, KI-Begleitroboter und mehr bei EasyLifeRobo.","breadcrumb":{"@id":"https:\/\/easyliferobo.com\/de\/product\/navimow-i205-awd-roboter-rasenmaeher-ohne-begrenzungskabel-mit-garage-s-allradantrieb-fuer-steigungen-bis-zu-45-efls-nrtk-vision-empfehlung-500-m%c2%b2-keine-rtk-antenne-erforderlich-wird-vers\/#breadcrumb"},"inLanguage":"de","potentialAction":[{"@type":"ReadAction","target":["https:\/\/easyliferobo.com\/de\/product\/navimow-i205-awd-roboter-rasenmaeher-ohne-begrenzungskabel-mit-garage-s-allradantrieb-fuer-steigungen-bis-zu-45-efls-nrtk-vision-empfehlung-500-m%c2%b2-keine-rtk-antenne-erforderlich-wird-vers\/"]}]},{"@type":"ImageObject","inLanguage":"de","@id":"https:\/\/easyliferobo.com\/de\/product\/navimow-i205-awd-roboter-rasenmaeher-ohne-begrenzungskabel-mit-garage-s-allradantrieb-fuer-steigungen-bis-zu-45-efls-nrtk-vision-empfehlung-500-m%c2%b2-keine-rtk-antenne-erforderlich-wird-vers\/#primaryimage","url":"https:\/\/easyliferobo.com\/de\/wp-content\/uploads\/2026\/02\/61-ZoWzywL._AC_SL1500_.jpg","contentUrl":"https:\/\/easyliferobo.com\/de\/wp-content\/uploads\/2026\/02\/61-ZoWzywL._AC_SL1500_.jpg","width":1365,"height":1380},{"@type":"BreadcrumbList","@id":"https:\/\/easyliferobo.com\/de\/product\/navimow-i205-awd-roboter-rasenmaeher-ohne-begrenzungskabel-mit-garage-s-allradantrieb-fuer-steigungen-bis-zu-45-efls-nrtk-vision-empfehlung-500-m%c2%b2-keine-rtk-antenne-erforderlich-wird-vers\/#breadcrumb","itemListElement":[{"@type":"ListItem","position":1,"name":"Home","item":"https:\/\/easyliferobo.com\/de\/"},{"@type":"ListItem","position":2,"name":"Shop","item":"https:\/\/easyliferobo.com\/de\/shop\/"},{"@type":"ListItem","position":3,"name":"Navimow i205 AWD Roboter-Rasenm\u00e4he..."}]},{"@type":"WebSite","@id":"https:\/\/easyliferobo.com\/de\/#website","url":"https:\/\/easyliferobo.com\/de\/","name":"EasyLifeBro","description":"Smarte Roboter f\u00fcr Zuhause, Garten &amp; Bildung","publisher":{"@id":"https:\/\/easyliferobo.com\/de\/#organization"},"potentialAction":[{"@type":"SearchAction","target":{"@type":"EntryPoint","urlTemplate":"https:\/\/easyliferobo.com\/de\/?s={search_term_string}"},"query-input":{"@type":"PropertyValueSpecification","valueRequired":true,"valueName":"search_term_string"}}],"inLanguage":"de"},{"@type":"Organization","@id":"https:\/\/easyliferobo.com\/de\/#organization","name":"EasyLifeBro","url":"https:\/\/easyliferobo.com\/de\/","logo":{"@type":"ImageObject","inLanguage":"de","@id":"https:\/\/easyliferobo.com\/de\/#\/schema\/logo\/image\/","url":"https:\/\/easyliferobo.com\/de\/wp-content\/uploads\/2026\/02\/Screenshot-2026-02-22-at-2.25.03-PM.png","contentUrl":"https:\/\/easyliferobo.com\/de\/wp-content\/uploads\/2026\/02\/Screenshot-2026-02-22-at-2.25.03-PM.png","width":1858,"height":430,"caption":"EasyLifeBro"},"image":{"@id":"https:\/\/easyliferobo.com\/de\/#\/schema\/logo\/image\/"}}]}},"_links":{"self":[{"href":"https:\/\/easyliferobo.com\/de\/wp-json\/wp\/v2\/product\/2371","targetHints":{"allow":["GET"]}}],"collection":[{"href":"https:\/\/easyliferobo.com\/de\/wp-json\/wp\/v2\/product"}],"about":[{"href":"https:\/\/easyliferobo.com\/de\/wp-json\/wp\/v2\/types\/product"}],"replies":[{"embeddable":true,"href":"https:\/\/easyliferobo.com\/de\/wp-json\/wp\/v2\/comments?post=2371"}],"wp:featuredmedia":[{"embeddable":true,"href":"https:\/\/easyliferobo.com\/de\/wp-json\/wp\/v2\/media\/2372"}],"wp:attachment":[{"href":"https:\/\/easyliferobo.com\/de\/wp-json\/wp\/v2\/media?parent=2371"}],"wp:term":[{"taxonomy":"store","embeddable":true,"href":"https:\/\/easyliferobo.com\/de\/wp-json\/wp\/v2\/store?post=2371"},{"taxonomy":"product_brand","embeddable":true,"href":"https:\/\/easyliferobo.com\/de\/wp-json\/wp\/v2\/product_brand?post=2371"},{"taxonomy":"product_cat","embeddable":true,"href":"https:\/\/easyliferobo.com\/de\/wp-json\/wp\/v2\/product_cat?post=2371"},{"taxonomy":"product_tag","embeddable":true,"href":"https:\/\/easyliferobo.com\/de\/wp-json\/wp\/v2\/product_tag?post=2371"}],"curies":[{"name":"wp","href":"https:\/\/api.w.org\/{rel}","templated":true}]}}