
{"id":2346,"date":"2026-02-27T03:51:33","date_gmt":"2026-02-27T03:51:33","guid":{"rendered":"https:\/\/easyliferobo.com\/de\/product\/remoking-intelligentes-roboter-kinderspielzeug-interaktives-roboter-lernspielzeug-geschenke-fuer-jungen-und-maedchen-touch-steuerung-sprachaufzeichnung-sprachaufzeichnung-sprechen-tanzen-musik-2\/"},"modified":"2026-02-27T03:51:49","modified_gmt":"2026-02-27T03:51:49","slug":"remoking-intelligentes-roboter-kinderspielzeug-interaktives-roboter-lernspielzeug-geschenke-fuer-jungen-und-maedchen-touch-steuerung-sprachaufzeichnung-sprachaufzeichnung-sprechen-tanzen-musik-2","status":"publish","type":"product","link":"https:\/\/easyliferobo.com\/de\/product\/remoking-intelligentes-roboter-kinderspielzeug-interaktives-roboter-lernspielzeug-geschenke-fuer-jungen-und-maedchen-touch-steuerung-sprachaufzeichnung-sprachaufzeichnung-sprechen-tanzen-musik-2\/","title":{"rendered":"REMOKING Intelligentes Roboter-Kind..."},"content":{"rendered":"<p>\n                                             Produktbeschreibung   <\/p>\n<p>                                                         <img decoding=\"async\" alt=\"Entferner.\" src=\"https:\/\/images-na.ssl-images-amazon.com\/images\/G\/01\/x-locale\/common\/grey-pixel.gif\" class=\"a-lazy-loaded\" data-src=\"https:\/\/m.media-amazon.com\/images\/S\/aplus-media\/sc\/5e6ed1f1-37f8-447d-8834-06f60c82320f.__CR0,0,600,180_PT0_SX600_V1___.jpg\"><img decoding=\"async\" alt=\"Entferner.\" src=\"https:\/\/m.media-amazon.com\/images\/S\/aplus-media\/sc\/5e6ed1f1-37f8-447d-8834-06f60c82320f.__CR0,0,600,180_PT0_SX600_V1___.jpg\">      <\/p>\n<p>                                                  <img decoding=\"async\" alt=\"Intelligentes Roboter-Kinderspielzeug, interaktives Roboter-Lernspielzeug\" src=\"https:\/\/images-na.ssl-images-amazon.com\/images\/G\/01\/x-locale\/common\/grey-pixel.gif\" class=\"a-lazy-loaded\" data-src=\"https:\/\/m.media-amazon.com\/images\/S\/aplus-media\/sc\/788aba50-d5f2-4759-9946-b92e743a79bb.__CR0,0,970,300_PT0_SX970_V1___.jpg\"><img decoding=\"async\" alt=\"Intelligentes Roboter-Kinderspielzeug, interaktives Roboter-Lernspielzeug\" src=\"https:\/\/m.media-amazon.com\/images\/S\/aplus-media\/sc\/788aba50-d5f2-4759-9946-b92e743a79bb.__CR0,0,970,300_PT0_SX970_V1___.jpg\">  <\/p>\n<p>                                                  <img decoding=\"async\" alt=\"Intelligentes Roboter-Kinderspielzeug, interaktives Roboter-Lernspielzeug\" src=\"https:\/\/images-na.ssl-images-amazon.com\/images\/G\/01\/x-locale\/common\/grey-pixel.gif\" class=\"a-lazy-loaded\" data-src=\"https:\/\/m.media-amazon.com\/images\/S\/aplus-media\/sc\/02f2424f-143e-4813-8c91-0c843e44a116.__CR0,0,300,300_PT0_SX300_V1___.jpg\"><img decoding=\"async\" alt=\"Intelligentes Roboter-Kinderspielzeug, interaktives Roboter-Lernspielzeug\" src=\"https:\/\/m.media-amazon.com\/images\/S\/aplus-media\/sc\/02f2424f-143e-4813-8c91-0c843e44a116.__CR0,0,300,300_PT0_SX300_V1___.jpg\">  <\/p>\n<p>  Tipps: <\/p>\n<p>  1. Der Roboter wird ausgeschaltet, wenn Sie \u201eAuf Wiedersehen\u201c oder \u201eSchlafen\u201c sagen. Sie sollten die Aufnahmetaste im Brustbereich dr\u00fccken, um sie wieder einzuschalten. <\/p>\n<p>  2. Wenn der Akku fast leer ist, f\u00fchrt der Roboter einige Aktionen aus oder spielt automatisch Musik ab. <\/p>\n<p>  3. Bitte lesen Sie die Bedienungsanleitung vor der Verwendung sorgf\u00e4ltig durch. Kontaktieren Sie den Verk\u00e4ufer per E-Mail oder rufen Sie 01904 345032 an, um weitere Informationen zu erhalten. <\/p>\n<p class=\"apm-text-center\">\n                                                      <img decoding=\"async\" alt=\"Intelligentes Roboter-Kinderspielzeug, interaktives Roboter-Lernspielzeug\" src=\"https:\/\/images-na.ssl-images-amazon.com\/images\/G\/01\/x-locale\/common\/grey-pixel.gif\" class=\"a-lazy-loaded\" data-src=\"https:\/\/m.media-amazon.com\/images\/S\/aplus-media\/sc\/308ae40e-d8bf-4d97-bade-8825f95af832.__CR0,0,300,300_PT0_SX220_V1___.jpg\"><img decoding=\"async\" alt=\"Intelligentes Roboter-Kinderspielzeug, interaktives Roboter-Lernspielzeug\" src=\"https:\/\/m.media-amazon.com\/images\/S\/aplus-media\/sc\/308ae40e-d8bf-4d97-bade-8825f95af832.__CR0,0,300,300_PT0_SX220_V1___.jpg\">  <\/p>\n<p class=\"a-size-small\">  Gehen &#038; Singen &#038; Tanzen <\/p>\n<p class=\"a-size-small\">  Mit zunehmender Reibung bewegt sich der Roboter beim Einsatz auf dem Teppich langsamer. <\/p>\n<p class=\"apm-text-center\">\n                                                      <img decoding=\"async\" alt=\"Intelligentes Roboter-Kinderspielzeug, interaktives Roboter-Lernspielzeug\" src=\"https:\/\/images-na.ssl-images-amazon.com\/images\/G\/01\/x-locale\/common\/grey-pixel.gif\" class=\"a-lazy-loaded\" data-src=\"https:\/\/m.media-amazon.com\/images\/S\/aplus-media\/sc\/6d3c749c-ce42-4d06-a81b-db95f5b79bbe.__CR0,0,220,220_PT0_SX220_V1___.jpg\"><img decoding=\"async\" alt=\"Intelligentes Roboter-Kinderspielzeug, interaktives Roboter-Lernspielzeug\" src=\"https:\/\/m.media-amazon.com\/images\/S\/aplus-media\/sc\/6d3c749c-ce42-4d06-a81b-db95f5b79bbe.__CR0,0,220,220_PT0_SX220_V1___.jpg\">  <\/p>\n<p class=\"a-size-small\">  Touch-Steuerung <\/p>\n<p class=\"a-size-small\">  Wenn Sie den Kopf oder beide Seiten des Kopfes ber\u00fchren, singt der Roboter, bewegt sich oder f\u00fchrt andere Aktionen aus. <\/p>\n<p class=\"apm-text-center\">\n                                                      <img decoding=\"async\" alt=\"Intelligentes Roboter-Kinderspielzeug, interaktives Roboter-Lernspielzeug\" src=\"https:\/\/images-na.ssl-images-amazon.com\/images\/G\/01\/x-locale\/common\/grey-pixel.gif\" class=\"a-lazy-loaded\" data-src=\"https:\/\/m.media-amazon.com\/images\/S\/aplus-media\/sc\/a569f95e-05cb-4f72-93d2-19d33403117d.__CR0,0,300,300_PT0_SX220_V1___.jpg\"><img decoding=\"async\" alt=\"Intelligentes Roboter-Kinderspielzeug, interaktives Roboter-Lernspielzeug\" src=\"https:\/\/m.media-amazon.com\/images\/S\/aplus-media\/sc\/a569f95e-05cb-4f72-93d2-19d33403117d.__CR0,0,300,300_PT0_SX220_V1___.jpg\">  <\/p>\n<p class=\"a-size-small\">  Sprachsteuerung <\/p>\n<p class=\"a-size-small\">  Mehr als 10 englische Sprachbefehle. (Der beste Abstand betr\u00e4gt 50 cm). <\/p>\n<p class=\"apm-text-center\">\n                                                      <img decoding=\"async\" alt=\"Intelligentes Roboter-Kinderspielzeug, interaktives Roboter-Lernspielzeug\" src=\"https:\/\/images-na.ssl-images-amazon.com\/images\/G\/01\/x-locale\/common\/grey-pixel.gif\" class=\"a-lazy-loaded\" data-src=\"https:\/\/m.media-amazon.com\/images\/S\/aplus-media\/sc\/ddba3999-ba04-468c-b907-b74d8aad55cd.__CR0,0,300,300_PT0_SX220_V1___.jpg\"><img decoding=\"async\" alt=\"Intelligentes Roboter-Kinderspielzeug, interaktives Roboter-Lernspielzeug\" src=\"https:\/\/m.media-amazon.com\/images\/S\/aplus-media\/sc\/ddba3999-ba04-468c-b907-b74d8aad55cd.__CR0,0,300,300_PT0_SX220_V1___.jpg\">  <\/p>\n<p class=\"a-size-small\">  Sprachaufnahme\/Sprechen <\/p>\n<p class=\"a-size-small\">  Tipps: Ermutigen Sie Ihr Baby zum Sprechen. Halten Sie das Gl\u00fcck fest und teilen Sie es dann mit Freunden. <\/p>\n<p>                         In den Warenkorb legen Kundenrezensionen 3,8 von 5 Sternen 824 \u2013 \u2013 4,4 von 5 Sternen 322 \u2013 \u2013 Preis 29,99 \u20ac29,99 \u20ac \u2013 keine Daten \u2013 keine Daten \u2013 keine Daten \u2013 keine Daten \u2013 keine Daten<\/p>\n<p>Interaktiver Lernroboter f\u00fcr Kinder. Der niedliche REMOKING-Roboter spricht, tanzt, singt und reagiert auf Sprachbefehle. Kinder lernen spielerisch Kommunikation, Logik und Technik \u2013 perfekt f\u00fcr kleine Entdecker ab 3 Jahren.<br \/>Sprach- und Touch-Steuerung. Einfach sprechen oder tippen \u2013 der Roboter reagiert sofort! Kinder k\u00f6nnen es vorw\u00e4rts, r\u00fcckw\u00e4rts, links und rechts bewegen. F\u00f6rdert Konzentration, Geduld und Hand-Auge-Koordination.<br \/>Aufnahme und Wiedergabe Kinder k\u00f6nnen ihre Stimme aufnehmen und der Roboter wiederholt sie auf spielerische Weise. Ideal zum Spielen, Lachen und Lernen \u2013 regt Kreativit\u00e4t und Ausdruck an.<br \/>Musik, Tanz und LED-Augen. Mit blinkenden LED-Augen, fr\u00f6hlicher Musik und beweglichen Armen sorgt der Roboter f\u00fcr endlosen Spielspa\u00df. Perfekt f\u00fcr gemeinsame Spielstunden oder als lustiger Begleiter im Kinderzimmer.<br \/>Sicheres und perfektes Geschenk f\u00fcr Jungen. Hergestellt aus hochwertigem, ungiftigem ABS-Kunststoff \u2013 robust, langlebig und kindersicher. Ein tolles Geschenk zu Weihnachten, zum Geburtstag oder als kleine \u00dcberraschung f\u00fcr Jungs und Technikfans.<\/p>\n<p>[ad_2]<\/p>\n","protected":false},"excerpt":{"rendered":"<p>Produktbeschreibung Tipps: 1. Der Roboter wird ausgeschaltet, wenn Sie \u201eAuf Wiedersehen\u201c oder \u201eSchlafen\u201c sagen. Sie sollten die Aufnahmetaste im Brustbereich dr\u00fccken, um sie wieder einzuschalten. 2. Wenn der Akku fast leer ist, f\u00fchrt der Roboter einige Aktionen aus oder spielt automatisch Musik ab. 3. Bitte lesen Sie die Bedienungsanleitung vor der Verwendung sorgf\u00e4ltig durch. Kontaktieren [&hellip;]<\/p>\n","protected":false},"featured_media":2347,"comment_status":"open","ping_status":"closed","template":"","meta":{"_aipt_faq_data":""},"store":[],"product_brand":[],"product_cat":[88],"product_tag":[133],"class_list":{"0":"post-2346","1":"product","2":"type-product","3":"status-publish","4":"has-post-thumbnail","6":"product_cat-interaktive-spielzeugroboter","7":"product_tag-interaktive-spielzeugroboter-mit-sprachsteuerung","9":"first","10":"instock","11":"shipping-taxable","12":"product-type-external"},"yoast_head":"<!-- This site is optimized with the Yoast SEO plugin v27.0 - https:\/\/yoast.com\/product\/yoast-seo-wordpress\/ -->\n<title>REMOKING Intelligentes Roboter-Kinderspielzeug, interaktives Roboter-Lernspielzeug, Geschenke f\u00fcr Jungen und M\u00e4dchen, Touch-Steuerung, Sprachaufzeichnung, Sprachaufzeichnung, Sprechen, Tanzen, Musik, Blau - EasyLifeBro<\/title>\n<meta name=\"description\" content=\"Entdecken Sie smarte Roboter f\u00fcr Zuhause, Garten, Bildung und Sicherheit. Vergleichen Sie Saugroboter, Rasenm\u00e4hroboter, KI-Begleitroboter und mehr bei EasyLifeRobo.\" \/>\n<meta name=\"robots\" content=\"index, follow, max-snippet:-1, max-image-preview:large, max-video-preview:-1\" \/>\n<link rel=\"canonical\" href=\"https:\/\/easyliferobo.com\/de\/product\/remoking-intelligentes-roboter-kinderspielzeug-interaktives-roboter-lernspielzeug-geschenke-fuer-jungen-und-maedchen-touch-steuerung-sprachaufzeichnung-sprachaufzeichnung-sprechen-tanzen-musik-2\/\" \/>\n<meta property=\"og:locale\" content=\"de_DE\" \/>\n<meta property=\"og:type\" content=\"article\" \/>\n<meta property=\"og:title\" content=\"REMOKING Intelligentes Roboter-Kinderspielzeug, interaktives Roboter-Lernspielzeug, Geschenke f\u00fcr Jungen und M\u00e4dchen, Touch-Steuerung, Sprachaufzeichnung, Sprachaufzeichnung, Sprechen, Tanzen, Musik, Blau - EasyLifeBro\" \/>\n<meta property=\"og:description\" content=\"Entdecken Sie smarte Roboter f\u00fcr Zuhause, Garten, Bildung und Sicherheit. Vergleichen Sie Saugroboter, Rasenm\u00e4hroboter, KI-Begleitroboter und mehr bei EasyLifeRobo.\" \/>\n<meta property=\"og:url\" content=\"https:\/\/easyliferobo.com\/de\/product\/remoking-intelligentes-roboter-kinderspielzeug-interaktives-roboter-lernspielzeug-geschenke-fuer-jungen-und-maedchen-touch-steuerung-sprachaufzeichnung-sprachaufzeichnung-sprechen-tanzen-musik-2\/\" \/>\n<meta property=\"og:site_name\" content=\"EasyLifeBro\" \/>\n<meta property=\"article:modified_time\" content=\"2026-02-27T03:51:49+00:00\" \/>\n<meta property=\"og:image\" content=\"https:\/\/images-na.ssl-images-amazon.com\/images\/G\/01\/x-locale\/common\/grey-pixel.gif\" \/>\n<meta name=\"twitter:card\" content=\"summary_large_image\" \/>\n<meta name=\"twitter:label1\" content=\"Gesch\u00e4tzte Lesezeit\" \/>\n\t<meta name=\"twitter:data1\" content=\"2\u00a0Minuten\" \/>\n<script type=\"application\/ld+json\" class=\"yoast-schema-graph\">{\"@context\":\"https:\/\/schema.org\",\"@graph\":[{\"@type\":\"WebPage\",\"@id\":\"https:\/\/easyliferobo.com\/de\/product\/remoking-intelligentes-roboter-kinderspielzeug-interaktives-roboter-lernspielzeug-geschenke-fuer-jungen-und-maedchen-touch-steuerung-sprachaufzeichnung-sprachaufzeichnung-sprechen-tanzen-musik-2\/\",\"url\":\"https:\/\/easyliferobo.com\/de\/product\/remoking-intelligentes-roboter-kinderspielzeug-interaktives-roboter-lernspielzeug-geschenke-fuer-jungen-und-maedchen-touch-steuerung-sprachaufzeichnung-sprachaufzeichnung-sprechen-tanzen-musik-2\/\",\"name\":\"REMOKING Intelligentes Roboter-Kinderspielzeug, interaktives Roboter-Lernspielzeug, Geschenke f\u00fcr Jungen und M\u00e4dchen, Touch-Steuerung, Sprachaufzeichnung, Sprachaufzeichnung, Sprechen, Tanzen, Musik, Blau - EasyLifeBro\",\"isPartOf\":{\"@id\":\"https:\/\/easyliferobo.com\/de\/#website\"},\"primaryImageOfPage\":{\"@id\":\"https:\/\/easyliferobo.com\/de\/product\/remoking-intelligentes-roboter-kinderspielzeug-interaktives-roboter-lernspielzeug-geschenke-fuer-jungen-und-maedchen-touch-steuerung-sprachaufzeichnung-sprachaufzeichnung-sprechen-tanzen-musik-2\/#primaryimage\"},\"image\":{\"@id\":\"https:\/\/easyliferobo.com\/de\/product\/remoking-intelligentes-roboter-kinderspielzeug-interaktives-roboter-lernspielzeug-geschenke-fuer-jungen-und-maedchen-touch-steuerung-sprachaufzeichnung-sprachaufzeichnung-sprechen-tanzen-musik-2\/#primaryimage\"},\"thumbnailUrl\":\"https:\/\/easyliferobo.com\/de\/wp-content\/uploads\/2026\/02\/51pumUAE8HL._AC_SL1200_.jpg\",\"datePublished\":\"2026-02-27T03:51:33+00:00\",\"dateModified\":\"2026-02-27T03:51:49+00:00\",\"description\":\"Entdecken Sie smarte Roboter f\u00fcr Zuhause, Garten, Bildung und Sicherheit. Vergleichen Sie Saugroboter, Rasenm\u00e4hroboter, KI-Begleitroboter und mehr bei EasyLifeRobo.\",\"breadcrumb\":{\"@id\":\"https:\/\/easyliferobo.com\/de\/product\/remoking-intelligentes-roboter-kinderspielzeug-interaktives-roboter-lernspielzeug-geschenke-fuer-jungen-und-maedchen-touch-steuerung-sprachaufzeichnung-sprachaufzeichnung-sprechen-tanzen-musik-2\/#breadcrumb\"},\"inLanguage\":\"de\",\"potentialAction\":[{\"@type\":\"ReadAction\",\"target\":[\"https:\/\/easyliferobo.com\/de\/product\/remoking-intelligentes-roboter-kinderspielzeug-interaktives-roboter-lernspielzeug-geschenke-fuer-jungen-und-maedchen-touch-steuerung-sprachaufzeichnung-sprachaufzeichnung-sprechen-tanzen-musik-2\/\"]}]},{\"@type\":\"ImageObject\",\"inLanguage\":\"de\",\"@id\":\"https:\/\/easyliferobo.com\/de\/product\/remoking-intelligentes-roboter-kinderspielzeug-interaktives-roboter-lernspielzeug-geschenke-fuer-jungen-und-maedchen-touch-steuerung-sprachaufzeichnung-sprachaufzeichnung-sprechen-tanzen-musik-2\/#primaryimage\",\"url\":\"https:\/\/easyliferobo.com\/de\/wp-content\/uploads\/2026\/02\/51pumUAE8HL._AC_SL1200_.jpg\",\"contentUrl\":\"https:\/\/easyliferobo.com\/de\/wp-content\/uploads\/2026\/02\/51pumUAE8HL._AC_SL1200_.jpg\",\"width\":897,\"height\":1120},{\"@type\":\"BreadcrumbList\",\"@id\":\"https:\/\/easyliferobo.com\/de\/product\/remoking-intelligentes-roboter-kinderspielzeug-interaktives-roboter-lernspielzeug-geschenke-fuer-jungen-und-maedchen-touch-steuerung-sprachaufzeichnung-sprachaufzeichnung-sprechen-tanzen-musik-2\/#breadcrumb\",\"itemListElement\":[{\"@type\":\"ListItem\",\"position\":1,\"name\":\"Home\",\"item\":\"https:\/\/easyliferobo.com\/de\/\"},{\"@type\":\"ListItem\",\"position\":2,\"name\":\"Shop\",\"item\":\"https:\/\/easyliferobo.com\/de\/shop\/\"},{\"@type\":\"ListItem\",\"position\":3,\"name\":\"REMOKING Intelligentes Roboter-Kind...\"}]},{\"@type\":\"WebSite\",\"@id\":\"https:\/\/easyliferobo.com\/de\/#website\",\"url\":\"https:\/\/easyliferobo.com\/de\/\",\"name\":\"EasyLifeBro\",\"description\":\"Smarte Roboter f\u00fcr Zuhause, Garten &amp; Bildung\",\"publisher\":{\"@id\":\"https:\/\/easyliferobo.com\/de\/#organization\"},\"potentialAction\":[{\"@type\":\"SearchAction\",\"target\":{\"@type\":\"EntryPoint\",\"urlTemplate\":\"https:\/\/easyliferobo.com\/de\/?s={search_term_string}\"},\"query-input\":{\"@type\":\"PropertyValueSpecification\",\"valueRequired\":true,\"valueName\":\"search_term_string\"}}],\"inLanguage\":\"de\"},{\"@type\":\"Organization\",\"@id\":\"https:\/\/easyliferobo.com\/de\/#organization\",\"name\":\"EasyLifeBro\",\"url\":\"https:\/\/easyliferobo.com\/de\/\",\"logo\":{\"@type\":\"ImageObject\",\"inLanguage\":\"de\",\"@id\":\"https:\/\/easyliferobo.com\/de\/#\/schema\/logo\/image\/\",\"url\":\"https:\/\/easyliferobo.com\/de\/wp-content\/uploads\/2026\/02\/Screenshot-2026-02-22-at-2.25.03-PM.png\",\"contentUrl\":\"https:\/\/easyliferobo.com\/de\/wp-content\/uploads\/2026\/02\/Screenshot-2026-02-22-at-2.25.03-PM.png\",\"width\":1858,\"height\":430,\"caption\":\"EasyLifeBro\"},\"image\":{\"@id\":\"https:\/\/easyliferobo.com\/de\/#\/schema\/logo\/image\/\"}}]}<\/script>\n<!-- \/ Yoast SEO plugin. -->","yoast_head_json":{"title":"REMOKING Intelligentes Roboter-Kinderspielzeug, interaktives Roboter-Lernspielzeug, Geschenke f\u00fcr Jungen und M\u00e4dchen, Touch-Steuerung, Sprachaufzeichnung, Sprachaufzeichnung, Sprechen, Tanzen, Musik, Blau - EasyLifeBro","description":"Entdecken Sie smarte Roboter f\u00fcr Zuhause, Garten, Bildung und Sicherheit. Vergleichen Sie Saugroboter, Rasenm\u00e4hroboter, KI-Begleitroboter und mehr bei EasyLifeRobo.","robots":{"index":"index","follow":"follow","max-snippet":"max-snippet:-1","max-image-preview":"max-image-preview:large","max-video-preview":"max-video-preview:-1"},"canonical":"https:\/\/easyliferobo.com\/de\/product\/remoking-intelligentes-roboter-kinderspielzeug-interaktives-roboter-lernspielzeug-geschenke-fuer-jungen-und-maedchen-touch-steuerung-sprachaufzeichnung-sprachaufzeichnung-sprechen-tanzen-musik-2\/","og_locale":"de_DE","og_type":"article","og_title":"REMOKING Intelligentes Roboter-Kinderspielzeug, interaktives Roboter-Lernspielzeug, Geschenke f\u00fcr Jungen und M\u00e4dchen, Touch-Steuerung, Sprachaufzeichnung, Sprachaufzeichnung, Sprechen, Tanzen, Musik, Blau - EasyLifeBro","og_description":"Entdecken Sie smarte Roboter f\u00fcr Zuhause, Garten, Bildung und Sicherheit. Vergleichen Sie Saugroboter, Rasenm\u00e4hroboter, KI-Begleitroboter und mehr bei EasyLifeRobo.","og_url":"https:\/\/easyliferobo.com\/de\/product\/remoking-intelligentes-roboter-kinderspielzeug-interaktives-roboter-lernspielzeug-geschenke-fuer-jungen-und-maedchen-touch-steuerung-sprachaufzeichnung-sprachaufzeichnung-sprechen-tanzen-musik-2\/","og_site_name":"EasyLifeBro","article_modified_time":"2026-02-27T03:51:49+00:00","og_image":[{"url":"https:\/\/images-na.ssl-images-amazon.com\/images\/G\/01\/x-locale\/common\/grey-pixel.gif","type":"","width":"","height":""}],"twitter_card":"summary_large_image","twitter_misc":{"Gesch\u00e4tzte Lesezeit":"2\u00a0Minuten"},"schema":{"@context":"https:\/\/schema.org","@graph":[{"@type":"WebPage","@id":"https:\/\/easyliferobo.com\/de\/product\/remoking-intelligentes-roboter-kinderspielzeug-interaktives-roboter-lernspielzeug-geschenke-fuer-jungen-und-maedchen-touch-steuerung-sprachaufzeichnung-sprachaufzeichnung-sprechen-tanzen-musik-2\/","url":"https:\/\/easyliferobo.com\/de\/product\/remoking-intelligentes-roboter-kinderspielzeug-interaktives-roboter-lernspielzeug-geschenke-fuer-jungen-und-maedchen-touch-steuerung-sprachaufzeichnung-sprachaufzeichnung-sprechen-tanzen-musik-2\/","name":"REMOKING Intelligentes Roboter-Kinderspielzeug, interaktives Roboter-Lernspielzeug, Geschenke f\u00fcr Jungen und M\u00e4dchen, Touch-Steuerung, Sprachaufzeichnung, Sprachaufzeichnung, Sprechen, Tanzen, Musik, Blau - EasyLifeBro","isPartOf":{"@id":"https:\/\/easyliferobo.com\/de\/#website"},"primaryImageOfPage":{"@id":"https:\/\/easyliferobo.com\/de\/product\/remoking-intelligentes-roboter-kinderspielzeug-interaktives-roboter-lernspielzeug-geschenke-fuer-jungen-und-maedchen-touch-steuerung-sprachaufzeichnung-sprachaufzeichnung-sprechen-tanzen-musik-2\/#primaryimage"},"image":{"@id":"https:\/\/easyliferobo.com\/de\/product\/remoking-intelligentes-roboter-kinderspielzeug-interaktives-roboter-lernspielzeug-geschenke-fuer-jungen-und-maedchen-touch-steuerung-sprachaufzeichnung-sprachaufzeichnung-sprechen-tanzen-musik-2\/#primaryimage"},"thumbnailUrl":"https:\/\/easyliferobo.com\/de\/wp-content\/uploads\/2026\/02\/51pumUAE8HL._AC_SL1200_.jpg","datePublished":"2026-02-27T03:51:33+00:00","dateModified":"2026-02-27T03:51:49+00:00","description":"Entdecken Sie smarte Roboter f\u00fcr Zuhause, Garten, Bildung und Sicherheit. Vergleichen Sie Saugroboter, Rasenm\u00e4hroboter, KI-Begleitroboter und mehr bei EasyLifeRobo.","breadcrumb":{"@id":"https:\/\/easyliferobo.com\/de\/product\/remoking-intelligentes-roboter-kinderspielzeug-interaktives-roboter-lernspielzeug-geschenke-fuer-jungen-und-maedchen-touch-steuerung-sprachaufzeichnung-sprachaufzeichnung-sprechen-tanzen-musik-2\/#breadcrumb"},"inLanguage":"de","potentialAction":[{"@type":"ReadAction","target":["https:\/\/easyliferobo.com\/de\/product\/remoking-intelligentes-roboter-kinderspielzeug-interaktives-roboter-lernspielzeug-geschenke-fuer-jungen-und-maedchen-touch-steuerung-sprachaufzeichnung-sprachaufzeichnung-sprechen-tanzen-musik-2\/"]}]},{"@type":"ImageObject","inLanguage":"de","@id":"https:\/\/easyliferobo.com\/de\/product\/remoking-intelligentes-roboter-kinderspielzeug-interaktives-roboter-lernspielzeug-geschenke-fuer-jungen-und-maedchen-touch-steuerung-sprachaufzeichnung-sprachaufzeichnung-sprechen-tanzen-musik-2\/#primaryimage","url":"https:\/\/easyliferobo.com\/de\/wp-content\/uploads\/2026\/02\/51pumUAE8HL._AC_SL1200_.jpg","contentUrl":"https:\/\/easyliferobo.com\/de\/wp-content\/uploads\/2026\/02\/51pumUAE8HL._AC_SL1200_.jpg","width":897,"height":1120},{"@type":"BreadcrumbList","@id":"https:\/\/easyliferobo.com\/de\/product\/remoking-intelligentes-roboter-kinderspielzeug-interaktives-roboter-lernspielzeug-geschenke-fuer-jungen-und-maedchen-touch-steuerung-sprachaufzeichnung-sprachaufzeichnung-sprechen-tanzen-musik-2\/#breadcrumb","itemListElement":[{"@type":"ListItem","position":1,"name":"Home","item":"https:\/\/easyliferobo.com\/de\/"},{"@type":"ListItem","position":2,"name":"Shop","item":"https:\/\/easyliferobo.com\/de\/shop\/"},{"@type":"ListItem","position":3,"name":"REMOKING Intelligentes Roboter-Kind..."}]},{"@type":"WebSite","@id":"https:\/\/easyliferobo.com\/de\/#website","url":"https:\/\/easyliferobo.com\/de\/","name":"EasyLifeBro","description":"Smarte Roboter f\u00fcr Zuhause, Garten &amp; Bildung","publisher":{"@id":"https:\/\/easyliferobo.com\/de\/#organization"},"potentialAction":[{"@type":"SearchAction","target":{"@type":"EntryPoint","urlTemplate":"https:\/\/easyliferobo.com\/de\/?s={search_term_string}"},"query-input":{"@type":"PropertyValueSpecification","valueRequired":true,"valueName":"search_term_string"}}],"inLanguage":"de"},{"@type":"Organization","@id":"https:\/\/easyliferobo.com\/de\/#organization","name":"EasyLifeBro","url":"https:\/\/easyliferobo.com\/de\/","logo":{"@type":"ImageObject","inLanguage":"de","@id":"https:\/\/easyliferobo.com\/de\/#\/schema\/logo\/image\/","url":"https:\/\/easyliferobo.com\/de\/wp-content\/uploads\/2026\/02\/Screenshot-2026-02-22-at-2.25.03-PM.png","contentUrl":"https:\/\/easyliferobo.com\/de\/wp-content\/uploads\/2026\/02\/Screenshot-2026-02-22-at-2.25.03-PM.png","width":1858,"height":430,"caption":"EasyLifeBro"},"image":{"@id":"https:\/\/easyliferobo.com\/de\/#\/schema\/logo\/image\/"}}]}},"_links":{"self":[{"href":"https:\/\/easyliferobo.com\/de\/wp-json\/wp\/v2\/product\/2346","targetHints":{"allow":["GET"]}}],"collection":[{"href":"https:\/\/easyliferobo.com\/de\/wp-json\/wp\/v2\/product"}],"about":[{"href":"https:\/\/easyliferobo.com\/de\/wp-json\/wp\/v2\/types\/product"}],"replies":[{"embeddable":true,"href":"https:\/\/easyliferobo.com\/de\/wp-json\/wp\/v2\/comments?post=2346"}],"wp:featuredmedia":[{"embeddable":true,"href":"https:\/\/easyliferobo.com\/de\/wp-json\/wp\/v2\/media\/2347"}],"wp:attachment":[{"href":"https:\/\/easyliferobo.com\/de\/wp-json\/wp\/v2\/media?parent=2346"}],"wp:term":[{"taxonomy":"store","embeddable":true,"href":"https:\/\/easyliferobo.com\/de\/wp-json\/wp\/v2\/store?post=2346"},{"taxonomy":"product_brand","embeddable":true,"href":"https:\/\/easyliferobo.com\/de\/wp-json\/wp\/v2\/product_brand?post=2346"},{"taxonomy":"product_cat","embeddable":true,"href":"https:\/\/easyliferobo.com\/de\/wp-json\/wp\/v2\/product_cat?post=2346"},{"taxonomy":"product_tag","embeddable":true,"href":"https:\/\/easyliferobo.com\/de\/wp-json\/wp\/v2\/product_tag?post=2346"}],"curies":[{"name":"wp","href":"https:\/\/api.w.org\/{rel}","templated":true}]}}