
{"id":2340,"date":"2026-02-27T03:50:14","date_gmt":"2026-02-27T03:50:14","guid":{"rendered":"https:\/\/easyliferobo.com\/de\/product\/allcele-roboter-kinderspielzeug-wiederaufladbar-ferngesteuert-mit-led-augen-musik-und-interessanten-geraeuschen-fuer-alter-3-4-5-6-7-8-jahre-jungen-und-maedchen-geschenk-blau\/"},"modified":"2026-02-27T03:50:27","modified_gmt":"2026-02-27T03:50:27","slug":"allcele-roboter-kinderspielzeug-wiederaufladbar-ferngesteuert-mit-led-augen-musik-und-interessanten-geraeuschen-fuer-alter-3-4-5-6-7-8-jahre-jungen-und-maedchen-geschenk-blau","status":"publish","type":"product","link":"https:\/\/easyliferobo.com\/de\/product\/allcele-roboter-kinderspielzeug-wiederaufladbar-ferngesteuert-mit-led-augen-musik-und-interessanten-geraeuschen-fuer-alter-3-4-5-6-7-8-jahre-jungen-und-maedchen-geschenk-blau\/","title":{"rendered":"ALLCELE Roboter-Kinderspielzeug, wi..."},"content":{"rendered":"<p>\n                                             Produktbeschreibung   <\/p>\n<p>                                                                             <img decoding=\"async\" alt=\"Roboterkinder\" src=\"https:\/\/images-na.ssl-images-amazon.com\/images\/G\/01\/x-locale\/common\/grey-pixel.gif\" class=\"a-spacing-base a-lazy-loaded\" data-src=\"https:\/\/m.media-amazon.com\/images\/S\/aplus-media-library-service-media\/b5b5baf4-a98d-441c-8a14-9e402acefecb.__CR0,0,970,600_PT0_SX970_V1___.jpg\"><img decoding=\"async\" alt=\"Roboterkinder\" src=\"https:\/\/m.media-amazon.com\/images\/S\/aplus-media-library-service-media\/b5b5baf4-a98d-441c-8a14-9e402acefecb.__CR0,0,970,600_PT0_SX970_V1___.jpg\">                                         <\/p>\n<h3 class=\"a-spacing-mini\">  Roboterkinder <\/h3>\n<p>                                                          <img decoding=\"async\" alt=\"RC-Roboter (blau)\" src=\"https:\/\/images-na.ssl-images-amazon.com\/images\/G\/01\/x-locale\/common\/grey-pixel.gif\" class=\"a-spacing-mini a-lazy-loaded\" data-src=\"https:\/\/m.media-amazon.com\/images\/S\/aplus-media-library-service-media\/d7dd2d22-a7a4-4869-b46a-6dee4cc64812.__CR0,0,300,300_PT0_SX300_V1___.jpg\"><img decoding=\"async\" alt=\"RC-Roboter (blau)\" src=\"https:\/\/m.media-amazon.com\/images\/S\/aplus-media-library-service-media\/d7dd2d22-a7a4-4869-b46a-6dee4cc64812.__CR0,0,300,300_PT0_SX300_V1___.jpg\">  <\/p>\n<p>                                                             Produktdetails: Farbe: Blau Gr\u00f6\u00dfe: 4,9 x 3,4 x 4,7 Zoll \/ 12,5 x 8,5 x 12 cm Roboterbatterie: 500 mAh wiederaufladbarer Akku (im Lieferumfang enthalten) Remate-Batterie: 2 x AA-Batterien (nicht im Lieferumfang enthalten) Lieferumfang:                                   <\/p>\n<p class=\"a-spacing-small a-size-small\"> 1 * Roboterspielzeug <\/p>\n<p class=\"a-spacing-small a-size-small\">  1 * Fernbedienung <\/p>\n<p class=\"a-spacing-small a-size-small\">  1 x USB-Kabel <\/p>\n<p class=\"a-spacing-small a-size-small\">  1 x Bedienungsanleitung <\/p>\n<p class=\"a-spacing-small a-size-small\">  1 x kleiner Schraubendreher <\/p>\n<p>                                                        Gute Freunde der Kinder Es ist ein Roboter mit vielen Talenten                                     <\/p>\n<p class=\"a-spacing-base\"> Mit der Fernbedienung k\u00f6nnen Sie vorw\u00e4rts, r\u00fcckw\u00e4rts, links, rechts laufen und sich um 360 Grad drehen. <\/p>\n<p class=\"a-spacing-base\">  Dr\u00fccken Sie die \u201eDEMO\u201c-Taste und es werden Ihnen seine Bewegungen angezeigt <\/p>\n<p class=\"a-spacing-base\">  Es kann 3 Musik singen, Sie k\u00f6nnen per Fernbedienung umschalten. <\/p>\n<p class=\"a-spacing-base\">  Sie k\u00f6nnen Augen aufhellen, Augen schlie\u00dfen, Augen blinzeln. <\/p>\n<p class=\"a-spacing-base\">  Sie k\u00f6nnen den Ton per Fernbedienung ausschalten. <\/p>\n<p>                                             Bei Bedarf kann der Roboter auch als Freund eine gute Rolle spielen.                                     <\/p>\n<p class=\"a-spacing-base\"> Der Roboter verf\u00fcgt \u00fcber vielf\u00e4ltige Funktionen, die Kinder beim gemeinsamen Spielen begleiten k\u00f6nnen. Kinder k\u00f6nnen auch mit den Eltern spielen, die Eltern-Kind-Interaktion verbessern und die Eltern-Kind-Beziehung f\u00f6rdern. <\/p>\n<h3 class=\"a-spacing-small\">  Allcele Roboter-Kinderspielzeug <\/h3>\n<p class=\"apm-text-center\">\n                                                      <img decoding=\"async\" alt=\"Roboter\" src=\"https:\/\/images-na.ssl-images-amazon.com\/images\/G\/01\/x-locale\/common\/grey-pixel.gif\" class=\"a-lazy-loaded\" data-src=\"https:\/\/m.media-amazon.com\/images\/S\/aplus-media-library-service-media\/fe37d708-e30e-4e86-ad4e-99417511fb5b.__CR0,0,300,300_PT0_SX220_V1___.jpg\"><img decoding=\"async\" alt=\"Roboter\" src=\"https:\/\/m.media-amazon.com\/images\/S\/aplus-media-library-service-media\/fe37d708-e30e-4e86-ad4e-99417511fb5b.__CR0,0,300,300_PT0_SX220_V1___.jpg\">  <\/p>\n<p>                                                    Wiederaufladbarer Roboter                                     <\/p>\n<p class=\"a-size-small\"> Spielzeit: ca. 1 Stunde <\/p>\n<p class=\"a-size-small\">  Ladezeit: Ca. 90 Minuten <\/p>\n<p class=\"a-size-small\">  Ladestatus: <\/p>\n<p class=\"a-size-small\">  Kabelleuchte: An \u2013 Laden <\/p>\n<p class=\"a-size-small\">  Kabellicht: Aus, vollst\u00e4ndig aufgeladen <\/p>\n<p class=\"apm-text-center\">\n                                                      <img decoding=\"async\" alt=\"Roboter\" src=\"https:\/\/images-na.ssl-images-amazon.com\/images\/G\/01\/x-locale\/common\/grey-pixel.gif\" class=\"a-lazy-loaded\" data-src=\"https:\/\/m.media-amazon.com\/images\/S\/aplus-media-library-service-media\/13066ced-8cc8-414f-add3-65f7fec40c39.__CR0,0,300,300_PT0_SX220_V1___.jpg\"><img decoding=\"async\" alt=\"Roboter\" src=\"https:\/\/m.media-amazon.com\/images\/S\/aplus-media-library-service-media\/13066ced-8cc8-414f-add3-65f7fec40c39.__CR0,0,300,300_PT0_SX220_V1___.jpg\">  <\/p>\n<p>                                                    Flexibler Kopf mit LED-Augen:                                     <\/p>\n<p class=\"a-size-small\"> Der Kopf des Kinderroboters ist um 60\u00b0 flexibel, Sie k\u00f6nnen ihn manuell drehen, um ihn nach links und rechts zu drehen <\/p>\n<p class=\"a-size-small\">  LED-Augen: <\/p>\n<p class=\"a-size-small\">  Dr\u00fccken Sie zum ersten Mal auf die LED-Augen, um die Augen zu beleuchten. <\/p>\n<p class=\"a-size-small\">  Dr\u00fccken Sie ein zweites Mal auf die LED-Augen, damit die Augen leuchten. <\/p>\n<p class=\"a-size-small\">  Dr\u00fccken Sie ein zweites Mal auf die LED-Augen, um die Augen auszuschalten. <\/p>\n<p class=\"apm-text-center\">\n                                                      <img decoding=\"async\" alt=\"Roboter\" src=\"https:\/\/images-na.ssl-images-amazon.com\/images\/G\/01\/x-locale\/common\/grey-pixel.gif\" class=\"a-lazy-loaded\" data-src=\"https:\/\/m.media-amazon.com\/images\/S\/aplus-media-library-service-media\/f4cebb33-4e08-445c-9f07-86e659170bc2.__CR0,0,300,300_PT0_SX220_V1___.jpg\"><img decoding=\"async\" alt=\"Roboter\" src=\"https:\/\/m.media-amazon.com\/images\/S\/aplus-media-library-service-media\/f4cebb33-4e08-445c-9f07-86e659170bc2.__CR0,0,300,300_PT0_SX220_V1___.jpg\">  <\/p>\n<p>                                                    Flexible Arme und R\u00e4der. Flexible Arme:                                     <\/p>\n<p class=\"a-size-small\"> Die Arme des Roboterspielzeugs k\u00f6nnen nach oben und unten geschwenkt werden und Sie k\u00f6nnen verschiedene Armmodelle manuell positionieren. <\/p>\n<p class=\"a-size-small\">  Premium-R\u00e4der: <\/p>\n<p class=\"a-size-small\">  6 Premium-R\u00e4der unter der Panzerkette sorgen daf\u00fcr, dass sich der Roboter schnell und stabil bewegt. <\/p>\n<p class=\"apm-text-center\">\n                                                      <img decoding=\"async\" alt=\"Roboter\" src=\"https:\/\/images-na.ssl-images-amazon.com\/images\/G\/01\/x-locale\/common\/grey-pixel.gif\" class=\"a-lazy-loaded\" data-src=\"https:\/\/m.media-amazon.com\/images\/S\/aplus-media-library-service-media\/91ef454c-b229-4395-9a0d-64cda56ed348.__CR0,0,300,300_PT0_SX220_V1___.jpg\"><img decoding=\"async\" alt=\"Roboter\" src=\"https:\/\/m.media-amazon.com\/images\/S\/aplus-media-library-service-media\/91ef454c-b229-4395-9a0d-64cda56ed348.__CR0,0,300,300_PT0_SX220_V1___.jpg\">  <\/p>\n<p>                                                    Exquisites Paket                                     <\/p>\n<p class=\"a-size-small\"> Der RC-Roboter ist in einer wundersch\u00f6n bedruckten Geschenkbox verpackt. <\/p>\n<p class=\"a-size-small\">  Es ist ein ideales Geschenk f\u00fcr Jungen an Geburtstagen, Feiertagen, Festivals, Halloween, Weihnachten <\/p>\n<p>                                                                             <img decoding=\"async\" alt=\"Geschenke f\u00fcr Kinder\" src=\"https:\/\/images-na.ssl-images-amazon.com\/images\/G\/01\/x-locale\/common\/grey-pixel.gif\" class=\"a-spacing-base a-lazy-loaded\" data-src=\"https:\/\/m.media-amazon.com\/images\/S\/aplus-media-library-service-media\/d8225b5a-fd9a-40e8-a4cb-12f6b7584a28.__CR0,0,970,600_PT0_SX970_V1___.jpg\"><img decoding=\"async\" alt=\"Geschenke f\u00fcr Kinder\" src=\"https:\/\/m.media-amazon.com\/images\/S\/aplus-media-library-service-media\/d8225b5a-fd9a-40e8-a4cb-12f6b7584a28.__CR0,0,970,600_PT0_SX970_V1___.jpg\">                                         <\/p>\n<h3 class=\"a-spacing-mini\">  Geschenke f\u00fcr M\u00e4dchen und Jungen <\/h3>\n<p class=\"a-spacing-base\">  Feiern Sie den Geburtstag Ihres Kindes? Belohnen Sie sich daf\u00fcr in der Schule? M\u00f6chten Sie sich einfach mit einer besonderen Freude verw\u00f6hnen lassen? Egal zu welchem \u200b\u200bAnlass, ein Geschenk ist eine narrensichere M\u00f6glichkeit, Ihrem Kind ein L\u00e4cheln ins Gesicht zu zaubern. Und zu sehen, wie das Gesicht Ihres Kindes strahlt, nachdem es ein Geschenk erhalten hat \u2013 das ist absolut unbezahlbar. <\/p>\n<p class=\"a-spacing-base\">  Allcele Robot wird ein guter Freund f\u00fcr Ihre Kinder sein und ihnen Spa\u00df machen <\/p>\n<p>Roboterspielzeug f\u00fcr Kinder: Dieser niedliche und interessante Roboter hat ein fantastisches Design, ein Paar LED-Augen, verstellbare Arme und eine Panzerkettendekoration an der Unterseite, die das Roboterspielzeug technologischer macht<br \/>Multifunktionaler Roboter: LED-Augen leuchten, sobald Sie den Roboter einschalten, Sie k\u00f6nnen ihn auch schlie\u00dfen oder per Fernbedienung blinken lassen; Sprachfunktion \u2013 schalten Sie den Roboter ein, er beginnt in seiner eigenen Sprache zu sprechen, er kann au\u00dferdem 3 Lieder singen, die per Fernbedienung umgeschaltet werden k\u00f6nnen; Motorisierte R\u00e4der unter den Panzerketten lassen den Roboter nach links und rechts hin und her fahren, wenn er in den Demomodus wechselt, muss er tanzen<br \/>Batteriespezifikation: Der RC-Roboter wird von einer wiederaufladbaren 300-mAh-Lithiumbatterie angetrieben, die in 120 Minuten vollst\u00e4ndig aufgeladen ist und 100 Minuten lang arbeiten kann. Es gibt auch ein Mini-USB-Kabel, mit dem Sie ihn kostenlos aufladen k\u00f6nnen (stellen Sie sicher, dass Sie ihn mit dem Ladekabel aufladen, das mit dem Roboter geliefert wurde). Die Fernbedienung wird mit 2 x AA-Batterien betrieben (nicht im Lieferumfang enthalten).<br \/>IDEALES GESCHENK F\u00dcR KINDER Dieser RC-Roboter besteht aus hochwertigen, ungiftigen Materialien und ist ein tolles 2,4-GHz-RC-Spielzeug. Mit exquisiter Verpackung ist es ein ideales Geschenk f\u00fcr Jungen und M\u00e4dchen zu Weihnachten und Geburtstagsfeiern<br \/>Was Sie erhalten: Roboterspielzeug x 1, Fernbedienung x 1 (Batterien nicht im Lieferumfang enthalten), Ladekabel x 1, Schraubendreher x 1 und Bedienungsanleitung x 1. Wenn Sie Fragen zum Produkt haben, kontaktieren Sie uns bitte rechtzeitig<\/p>\n<p>[ad_2]<\/p>\n","protected":false},"excerpt":{"rendered":"<p>Produktbeschreibung Roboterkinder Produktdetails: Farbe: Blau Gr\u00f6\u00dfe: 4,9 x 3,4 x 4,7 Zoll \/ 12,5 x 8,5 x 12 cm Roboterbatterie: 500 mAh wiederaufladbarer Akku (im Lieferumfang enthalten) Remate-Batterie: 2 x AA-Batterien (nicht im Lieferumfang enthalten) Lieferumfang: 1 * Roboterspielzeug 1 * Fernbedienung 1 x USB-Kabel 1 x Bedienungsanleitung 1 x kleiner Schraubendreher Gute Freunde der [&hellip;]<\/p>\n","protected":false},"featured_media":2341,"comment_status":"open","ping_status":"closed","template":"","meta":{"_aipt_faq_data":""},"store":[],"product_brand":[],"product_cat":[89],"product_tag":[132],"class_list":{"0":"post-2340","1":"product","2":"type-product","3":"status-publish","4":"has-post-thumbnail","6":"product_cat-roboter-mit-fernbedienung","7":"product_tag-roboter-mit-fernbedienung-kinder","9":"first","10":"instock","11":"shipping-taxable","12":"product-type-external"},"yoast_head":"<!-- This site is optimized with the Yoast SEO plugin v27.0 - https:\/\/yoast.com\/product\/yoast-seo-wordpress\/ -->\n<title>ALLCELE Roboter-Kinderspielzeug, wiederaufladbar, ferngesteuert, mit LED-Augen, Musik und interessanten Ger\u00e4uschen f\u00fcr Alter 3, 4, 5, 6, 7, 8 Jahre, Jungen und M\u00e4dchen, Geschenk, Blau - EasyLifeBro<\/title>\n<meta name=\"description\" content=\"Entdecken Sie smarte Roboter f\u00fcr Zuhause, Garten, Bildung und Sicherheit. Vergleichen Sie Saugroboter, Rasenm\u00e4hroboter, KI-Begleitroboter und mehr bei EasyLifeRobo.\" \/>\n<meta name=\"robots\" content=\"index, follow, max-snippet:-1, max-image-preview:large, max-video-preview:-1\" \/>\n<link rel=\"canonical\" href=\"https:\/\/easyliferobo.com\/de\/product\/allcele-roboter-kinderspielzeug-wiederaufladbar-ferngesteuert-mit-led-augen-musik-und-interessanten-geraeuschen-fuer-alter-3-4-5-6-7-8-jahre-jungen-und-maedchen-geschenk-blau\/\" \/>\n<meta property=\"og:locale\" content=\"de_DE\" \/>\n<meta property=\"og:type\" content=\"article\" \/>\n<meta property=\"og:title\" content=\"ALLCELE Roboter-Kinderspielzeug, wiederaufladbar, ferngesteuert, mit LED-Augen, Musik und interessanten Ger\u00e4uschen f\u00fcr Alter 3, 4, 5, 6, 7, 8 Jahre, Jungen und M\u00e4dchen, Geschenk, Blau - EasyLifeBro\" \/>\n<meta property=\"og:description\" content=\"Entdecken Sie smarte Roboter f\u00fcr Zuhause, Garten, Bildung und Sicherheit. Vergleichen Sie Saugroboter, Rasenm\u00e4hroboter, KI-Begleitroboter und mehr bei EasyLifeRobo.\" \/>\n<meta property=\"og:url\" content=\"https:\/\/easyliferobo.com\/de\/product\/allcele-roboter-kinderspielzeug-wiederaufladbar-ferngesteuert-mit-led-augen-musik-und-interessanten-geraeuschen-fuer-alter-3-4-5-6-7-8-jahre-jungen-und-maedchen-geschenk-blau\/\" \/>\n<meta property=\"og:site_name\" content=\"EasyLifeBro\" \/>\n<meta property=\"article:modified_time\" content=\"2026-02-27T03:50:27+00:00\" \/>\n<meta property=\"og:image\" content=\"https:\/\/images-na.ssl-images-amazon.com\/images\/G\/01\/x-locale\/common\/grey-pixel.gif\" \/>\n<meta name=\"twitter:card\" content=\"summary_large_image\" \/>\n<meta name=\"twitter:label1\" content=\"Gesch\u00e4tzte Lesezeit\" \/>\n\t<meta name=\"twitter:data1\" content=\"3\u00a0Minuten\" \/>\n<script type=\"application\/ld+json\" class=\"yoast-schema-graph\">{\"@context\":\"https:\/\/schema.org\",\"@graph\":[{\"@type\":\"WebPage\",\"@id\":\"https:\/\/easyliferobo.com\/de\/product\/allcele-roboter-kinderspielzeug-wiederaufladbar-ferngesteuert-mit-led-augen-musik-und-interessanten-geraeuschen-fuer-alter-3-4-5-6-7-8-jahre-jungen-und-maedchen-geschenk-blau\/\",\"url\":\"https:\/\/easyliferobo.com\/de\/product\/allcele-roboter-kinderspielzeug-wiederaufladbar-ferngesteuert-mit-led-augen-musik-und-interessanten-geraeuschen-fuer-alter-3-4-5-6-7-8-jahre-jungen-und-maedchen-geschenk-blau\/\",\"name\":\"ALLCELE Roboter-Kinderspielzeug, wiederaufladbar, ferngesteuert, mit LED-Augen, Musik und interessanten Ger\u00e4uschen f\u00fcr Alter 3, 4, 5, 6, 7, 8 Jahre, Jungen und M\u00e4dchen, Geschenk, Blau - EasyLifeBro\",\"isPartOf\":{\"@id\":\"https:\/\/easyliferobo.com\/de\/#website\"},\"primaryImageOfPage\":{\"@id\":\"https:\/\/easyliferobo.com\/de\/product\/allcele-roboter-kinderspielzeug-wiederaufladbar-ferngesteuert-mit-led-augen-musik-und-interessanten-geraeuschen-fuer-alter-3-4-5-6-7-8-jahre-jungen-und-maedchen-geschenk-blau\/#primaryimage\"},\"image\":{\"@id\":\"https:\/\/easyliferobo.com\/de\/product\/allcele-roboter-kinderspielzeug-wiederaufladbar-ferngesteuert-mit-led-augen-musik-und-interessanten-geraeuschen-fuer-alter-3-4-5-6-7-8-jahre-jungen-und-maedchen-geschenk-blau\/#primaryimage\"},\"thumbnailUrl\":\"https:\/\/easyliferobo.com\/de\/wp-content\/uploads\/2026\/02\/71wxew0SkcL._AC_SL1500_.jpg\",\"datePublished\":\"2026-02-27T03:50:14+00:00\",\"dateModified\":\"2026-02-27T03:50:27+00:00\",\"description\":\"Entdecken Sie smarte Roboter f\u00fcr Zuhause, Garten, Bildung und Sicherheit. Vergleichen Sie Saugroboter, Rasenm\u00e4hroboter, KI-Begleitroboter und mehr bei EasyLifeRobo.\",\"breadcrumb\":{\"@id\":\"https:\/\/easyliferobo.com\/de\/product\/allcele-roboter-kinderspielzeug-wiederaufladbar-ferngesteuert-mit-led-augen-musik-und-interessanten-geraeuschen-fuer-alter-3-4-5-6-7-8-jahre-jungen-und-maedchen-geschenk-blau\/#breadcrumb\"},\"inLanguage\":\"de\",\"potentialAction\":[{\"@type\":\"ReadAction\",\"target\":[\"https:\/\/easyliferobo.com\/de\/product\/allcele-roboter-kinderspielzeug-wiederaufladbar-ferngesteuert-mit-led-augen-musik-und-interessanten-geraeuschen-fuer-alter-3-4-5-6-7-8-jahre-jungen-und-maedchen-geschenk-blau\/\"]}]},{\"@type\":\"ImageObject\",\"inLanguage\":\"de\",\"@id\":\"https:\/\/easyliferobo.com\/de\/product\/allcele-roboter-kinderspielzeug-wiederaufladbar-ferngesteuert-mit-led-augen-musik-und-interessanten-geraeuschen-fuer-alter-3-4-5-6-7-8-jahre-jungen-und-maedchen-geschenk-blau\/#primaryimage\",\"url\":\"https:\/\/easyliferobo.com\/de\/wp-content\/uploads\/2026\/02\/71wxew0SkcL._AC_SL1500_.jpg\",\"contentUrl\":\"https:\/\/easyliferobo.com\/de\/wp-content\/uploads\/2026\/02\/71wxew0SkcL._AC_SL1500_.jpg\",\"width\":1482,\"height\":1416},{\"@type\":\"BreadcrumbList\",\"@id\":\"https:\/\/easyliferobo.com\/de\/product\/allcele-roboter-kinderspielzeug-wiederaufladbar-ferngesteuert-mit-led-augen-musik-und-interessanten-geraeuschen-fuer-alter-3-4-5-6-7-8-jahre-jungen-und-maedchen-geschenk-blau\/#breadcrumb\",\"itemListElement\":[{\"@type\":\"ListItem\",\"position\":1,\"name\":\"Home\",\"item\":\"https:\/\/easyliferobo.com\/de\/\"},{\"@type\":\"ListItem\",\"position\":2,\"name\":\"Shop\",\"item\":\"https:\/\/easyliferobo.com\/de\/shop\/\"},{\"@type\":\"ListItem\",\"position\":3,\"name\":\"ALLCELE Roboter-Kinderspielzeug, wi...\"}]},{\"@type\":\"WebSite\",\"@id\":\"https:\/\/easyliferobo.com\/de\/#website\",\"url\":\"https:\/\/easyliferobo.com\/de\/\",\"name\":\"EasyLifeBro\",\"description\":\"Smarte Roboter f\u00fcr Zuhause, Garten &amp; Bildung\",\"publisher\":{\"@id\":\"https:\/\/easyliferobo.com\/de\/#organization\"},\"potentialAction\":[{\"@type\":\"SearchAction\",\"target\":{\"@type\":\"EntryPoint\",\"urlTemplate\":\"https:\/\/easyliferobo.com\/de\/?s={search_term_string}\"},\"query-input\":{\"@type\":\"PropertyValueSpecification\",\"valueRequired\":true,\"valueName\":\"search_term_string\"}}],\"inLanguage\":\"de\"},{\"@type\":\"Organization\",\"@id\":\"https:\/\/easyliferobo.com\/de\/#organization\",\"name\":\"EasyLifeBro\",\"url\":\"https:\/\/easyliferobo.com\/de\/\",\"logo\":{\"@type\":\"ImageObject\",\"inLanguage\":\"de\",\"@id\":\"https:\/\/easyliferobo.com\/de\/#\/schema\/logo\/image\/\",\"url\":\"https:\/\/easyliferobo.com\/de\/wp-content\/uploads\/2026\/02\/Screenshot-2026-02-22-at-2.25.03-PM.png\",\"contentUrl\":\"https:\/\/easyliferobo.com\/de\/wp-content\/uploads\/2026\/02\/Screenshot-2026-02-22-at-2.25.03-PM.png\",\"width\":1858,\"height\":430,\"caption\":\"EasyLifeBro\"},\"image\":{\"@id\":\"https:\/\/easyliferobo.com\/de\/#\/schema\/logo\/image\/\"}}]}<\/script>\n<!-- \/ Yoast SEO plugin. -->","yoast_head_json":{"title":"ALLCELE Roboter-Kinderspielzeug, wiederaufladbar, ferngesteuert, mit LED-Augen, Musik und interessanten Ger\u00e4uschen f\u00fcr Alter 3, 4, 5, 6, 7, 8 Jahre, Jungen und M\u00e4dchen, Geschenk, Blau - EasyLifeBro","description":"Entdecken Sie smarte Roboter f\u00fcr Zuhause, Garten, Bildung und Sicherheit. Vergleichen Sie Saugroboter, Rasenm\u00e4hroboter, KI-Begleitroboter und mehr bei EasyLifeRobo.","robots":{"index":"index","follow":"follow","max-snippet":"max-snippet:-1","max-image-preview":"max-image-preview:large","max-video-preview":"max-video-preview:-1"},"canonical":"https:\/\/easyliferobo.com\/de\/product\/allcele-roboter-kinderspielzeug-wiederaufladbar-ferngesteuert-mit-led-augen-musik-und-interessanten-geraeuschen-fuer-alter-3-4-5-6-7-8-jahre-jungen-und-maedchen-geschenk-blau\/","og_locale":"de_DE","og_type":"article","og_title":"ALLCELE Roboter-Kinderspielzeug, wiederaufladbar, ferngesteuert, mit LED-Augen, Musik und interessanten Ger\u00e4uschen f\u00fcr Alter 3, 4, 5, 6, 7, 8 Jahre, Jungen und M\u00e4dchen, Geschenk, Blau - EasyLifeBro","og_description":"Entdecken Sie smarte Roboter f\u00fcr Zuhause, Garten, Bildung und Sicherheit. Vergleichen Sie Saugroboter, Rasenm\u00e4hroboter, KI-Begleitroboter und mehr bei EasyLifeRobo.","og_url":"https:\/\/easyliferobo.com\/de\/product\/allcele-roboter-kinderspielzeug-wiederaufladbar-ferngesteuert-mit-led-augen-musik-und-interessanten-geraeuschen-fuer-alter-3-4-5-6-7-8-jahre-jungen-und-maedchen-geschenk-blau\/","og_site_name":"EasyLifeBro","article_modified_time":"2026-02-27T03:50:27+00:00","og_image":[{"url":"https:\/\/images-na.ssl-images-amazon.com\/images\/G\/01\/x-locale\/common\/grey-pixel.gif","type":"","width":"","height":""}],"twitter_card":"summary_large_image","twitter_misc":{"Gesch\u00e4tzte Lesezeit":"3\u00a0Minuten"},"schema":{"@context":"https:\/\/schema.org","@graph":[{"@type":"WebPage","@id":"https:\/\/easyliferobo.com\/de\/product\/allcele-roboter-kinderspielzeug-wiederaufladbar-ferngesteuert-mit-led-augen-musik-und-interessanten-geraeuschen-fuer-alter-3-4-5-6-7-8-jahre-jungen-und-maedchen-geschenk-blau\/","url":"https:\/\/easyliferobo.com\/de\/product\/allcele-roboter-kinderspielzeug-wiederaufladbar-ferngesteuert-mit-led-augen-musik-und-interessanten-geraeuschen-fuer-alter-3-4-5-6-7-8-jahre-jungen-und-maedchen-geschenk-blau\/","name":"ALLCELE Roboter-Kinderspielzeug, wiederaufladbar, ferngesteuert, mit LED-Augen, Musik und interessanten Ger\u00e4uschen f\u00fcr Alter 3, 4, 5, 6, 7, 8 Jahre, Jungen und M\u00e4dchen, Geschenk, Blau - EasyLifeBro","isPartOf":{"@id":"https:\/\/easyliferobo.com\/de\/#website"},"primaryImageOfPage":{"@id":"https:\/\/easyliferobo.com\/de\/product\/allcele-roboter-kinderspielzeug-wiederaufladbar-ferngesteuert-mit-led-augen-musik-und-interessanten-geraeuschen-fuer-alter-3-4-5-6-7-8-jahre-jungen-und-maedchen-geschenk-blau\/#primaryimage"},"image":{"@id":"https:\/\/easyliferobo.com\/de\/product\/allcele-roboter-kinderspielzeug-wiederaufladbar-ferngesteuert-mit-led-augen-musik-und-interessanten-geraeuschen-fuer-alter-3-4-5-6-7-8-jahre-jungen-und-maedchen-geschenk-blau\/#primaryimage"},"thumbnailUrl":"https:\/\/easyliferobo.com\/de\/wp-content\/uploads\/2026\/02\/71wxew0SkcL._AC_SL1500_.jpg","datePublished":"2026-02-27T03:50:14+00:00","dateModified":"2026-02-27T03:50:27+00:00","description":"Entdecken Sie smarte Roboter f\u00fcr Zuhause, Garten, Bildung und Sicherheit. Vergleichen Sie Saugroboter, Rasenm\u00e4hroboter, KI-Begleitroboter und mehr bei EasyLifeRobo.","breadcrumb":{"@id":"https:\/\/easyliferobo.com\/de\/product\/allcele-roboter-kinderspielzeug-wiederaufladbar-ferngesteuert-mit-led-augen-musik-und-interessanten-geraeuschen-fuer-alter-3-4-5-6-7-8-jahre-jungen-und-maedchen-geschenk-blau\/#breadcrumb"},"inLanguage":"de","potentialAction":[{"@type":"ReadAction","target":["https:\/\/easyliferobo.com\/de\/product\/allcele-roboter-kinderspielzeug-wiederaufladbar-ferngesteuert-mit-led-augen-musik-und-interessanten-geraeuschen-fuer-alter-3-4-5-6-7-8-jahre-jungen-und-maedchen-geschenk-blau\/"]}]},{"@type":"ImageObject","inLanguage":"de","@id":"https:\/\/easyliferobo.com\/de\/product\/allcele-roboter-kinderspielzeug-wiederaufladbar-ferngesteuert-mit-led-augen-musik-und-interessanten-geraeuschen-fuer-alter-3-4-5-6-7-8-jahre-jungen-und-maedchen-geschenk-blau\/#primaryimage","url":"https:\/\/easyliferobo.com\/de\/wp-content\/uploads\/2026\/02\/71wxew0SkcL._AC_SL1500_.jpg","contentUrl":"https:\/\/easyliferobo.com\/de\/wp-content\/uploads\/2026\/02\/71wxew0SkcL._AC_SL1500_.jpg","width":1482,"height":1416},{"@type":"BreadcrumbList","@id":"https:\/\/easyliferobo.com\/de\/product\/allcele-roboter-kinderspielzeug-wiederaufladbar-ferngesteuert-mit-led-augen-musik-und-interessanten-geraeuschen-fuer-alter-3-4-5-6-7-8-jahre-jungen-und-maedchen-geschenk-blau\/#breadcrumb","itemListElement":[{"@type":"ListItem","position":1,"name":"Home","item":"https:\/\/easyliferobo.com\/de\/"},{"@type":"ListItem","position":2,"name":"Shop","item":"https:\/\/easyliferobo.com\/de\/shop\/"},{"@type":"ListItem","position":3,"name":"ALLCELE Roboter-Kinderspielzeug, wi..."}]},{"@type":"WebSite","@id":"https:\/\/easyliferobo.com\/de\/#website","url":"https:\/\/easyliferobo.com\/de\/","name":"EasyLifeBro","description":"Smarte Roboter f\u00fcr Zuhause, Garten &amp; Bildung","publisher":{"@id":"https:\/\/easyliferobo.com\/de\/#organization"},"potentialAction":[{"@type":"SearchAction","target":{"@type":"EntryPoint","urlTemplate":"https:\/\/easyliferobo.com\/de\/?s={search_term_string}"},"query-input":{"@type":"PropertyValueSpecification","valueRequired":true,"valueName":"search_term_string"}}],"inLanguage":"de"},{"@type":"Organization","@id":"https:\/\/easyliferobo.com\/de\/#organization","name":"EasyLifeBro","url":"https:\/\/easyliferobo.com\/de\/","logo":{"@type":"ImageObject","inLanguage":"de","@id":"https:\/\/easyliferobo.com\/de\/#\/schema\/logo\/image\/","url":"https:\/\/easyliferobo.com\/de\/wp-content\/uploads\/2026\/02\/Screenshot-2026-02-22-at-2.25.03-PM.png","contentUrl":"https:\/\/easyliferobo.com\/de\/wp-content\/uploads\/2026\/02\/Screenshot-2026-02-22-at-2.25.03-PM.png","width":1858,"height":430,"caption":"EasyLifeBro"},"image":{"@id":"https:\/\/easyliferobo.com\/de\/#\/schema\/logo\/image\/"}}]}},"_links":{"self":[{"href":"https:\/\/easyliferobo.com\/de\/wp-json\/wp\/v2\/product\/2340","targetHints":{"allow":["GET"]}}],"collection":[{"href":"https:\/\/easyliferobo.com\/de\/wp-json\/wp\/v2\/product"}],"about":[{"href":"https:\/\/easyliferobo.com\/de\/wp-json\/wp\/v2\/types\/product"}],"replies":[{"embeddable":true,"href":"https:\/\/easyliferobo.com\/de\/wp-json\/wp\/v2\/comments?post=2340"}],"wp:featuredmedia":[{"embeddable":true,"href":"https:\/\/easyliferobo.com\/de\/wp-json\/wp\/v2\/media\/2341"}],"wp:attachment":[{"href":"https:\/\/easyliferobo.com\/de\/wp-json\/wp\/v2\/media?parent=2340"}],"wp:term":[{"taxonomy":"store","embeddable":true,"href":"https:\/\/easyliferobo.com\/de\/wp-json\/wp\/v2\/store?post=2340"},{"taxonomy":"product_brand","embeddable":true,"href":"https:\/\/easyliferobo.com\/de\/wp-json\/wp\/v2\/product_brand?post=2340"},{"taxonomy":"product_cat","embeddable":true,"href":"https:\/\/easyliferobo.com\/de\/wp-json\/wp\/v2\/product_cat?post=2340"},{"taxonomy":"product_tag","embeddable":true,"href":"https:\/\/easyliferobo.com\/de\/wp-json\/wp\/v2\/product_tag?post=2340"}],"curies":[{"name":"wp","href":"https:\/\/api.w.org\/{rel}","templated":true}]}}