
{"id":2333,"date":"2026-02-27T03:48:15","date_gmt":"2026-02-27T03:48:15","guid":{"rendered":"https:\/\/easyliferobo.com\/de\/product\/ferngesteuertes-roboterspielzeug-durch-programmierung-fuer-kinder-rc-roboter-fuer-jungen-und-maedchen-ab-3-jahren-mit-automatischer-demonstration-tanz-musik-led-augen-und-aufnahmeradio\/"},"modified":"2026-02-27T03:48:30","modified_gmt":"2026-02-27T03:48:30","slug":"ferngesteuertes-roboterspielzeug-durch-programmierung-fuer-kinder-rc-roboter-fuer-jungen-und-maedchen-ab-3-jahren-mit-automatischer-demonstration-tanz-musik-led-augen-und-aufnahmeradio","status":"publish","type":"product","link":"https:\/\/easyliferobo.com\/de\/product\/ferngesteuertes-roboterspielzeug-durch-programmierung-fuer-kinder-rc-roboter-fuer-jungen-und-maedchen-ab-3-jahren-mit-automatischer-demonstration-tanz-musik-led-augen-und-aufnahmeradio\/","title":{"rendered":"Ferngesteuertes Roboterspielzeug du..."},"content":{"rendered":"<p>\n                                             Produktbeschreibung   <\/p>\n<p>                                                                                                       <img decoding=\"async\" alt=\"Der Text lautet \u201eSmart Repeat &amp; Action Response\u201c. Eine Reihe von Interface-Mockups, die Chatblasen mit den Worten \u201eHallo, kannst du wiederholen\u201c und \u201eWas ich sage?\u201c Nachrichten zeigen. Die Produktschnittstelle demonstriert Sprachinteraktionsfunktionen.\" src=\"https:\/\/images-na.ssl-images-amazon.com\/images\/G\/01\/x-locale\/common\/grey-pixel.gif\" class=\"a-lazy-loaded\" data-src=\"https:\/\/m.media-amazon.com\/images\/S\/aplus-media-library-service-media\/2ebff882-5a5b-4292-ae33-d6efbb9b16cb.__CR0,0,1464,600_PT0_SX1464_V1___.jpg\"><img decoding=\"async\" alt=\"Der Text lautet \u201eSmart Repeat &amp; Action Response\u201c. Eine Reihe von Interface-Mockups, die Chatblasen mit den Worten \u201eHallo, kannst du wiederholen\u201c und \u201eWas ich sage?\u201c Nachrichten zeigen. Die Produktschnittstelle demonstriert Sprachinteraktionsfunktionen.\" src=\"https:\/\/m.media-amazon.com\/images\/S\/aplus-media-library-service-media\/2ebff882-5a5b-4292-ae33-d6efbb9b16cb.__CR0,0,1464,600_PT0_SX1464_V1___.jpg\">                                               <\/p>\n<p>                                                                                                       <img decoding=\"async\" alt=\"Der Text lautet \u201eMini-Star Pink\u201c. Kinder versammelten sich um einen Tisch mit farbenfrohen Dekorationen und einem kleinen Roboterspielzeug und schienen auf einer Feier oder Party zu sein.\" src=\"https:\/\/images-na.ssl-images-amazon.com\/images\/G\/01\/x-locale\/common\/grey-pixel.gif\" class=\"a-lazy-loaded\" data-src=\"https:\/\/m.media-amazon.com\/images\/S\/aplus-media-library-service-media\/42c9853d-7323-4577-a1ad-40857575ad66.__CR0,0,1464,600_PT0_SX1464_V1___.jpg\"><img decoding=\"async\" alt=\"Der Text lautet \u201eMini-Star Pink\u201c. Kinder versammelten sich um einen Tisch mit farbenfrohen Dekorationen und einem kleinen Roboterspielzeug und schienen auf einer Feier oder Party zu sein.\" src=\"https:\/\/m.media-amazon.com\/images\/S\/aplus-media-library-service-media\/42c9853d-7323-4577-a1ad-40857575ad66.__CR0,0,1464,600_PT0_SX1464_V1___.jpg\">                                               <\/p>\n<p>                                                                                                       <img decoding=\"async\" alt=\"Ausstellung kleiner interaktiver Roboterspielzeuge in verschiedenen Farben (Blau, Wei\u00df, Regenbogen), angeordnet auf Holzboden. Es werden mehrere Roboter mit unterschiedlichen Ausdr\u00fccken und Designs gezeigt.\" src=\"https:\/\/images-na.ssl-images-amazon.com\/images\/G\/01\/x-locale\/common\/grey-pixel.gif\" class=\"a-lazy-loaded\" data-src=\"https:\/\/m.media-amazon.com\/images\/S\/aplus-media-library-service-media\/24b601c3-ebae-4524-ba56-8f616e04cd42.__CR0,0,1464,600_PT0_SX1464_V1___.jpg\"><img decoding=\"async\" alt=\"Ausstellung kleiner interaktiver Roboterspielzeuge in verschiedenen Farben (Blau, Wei\u00df, Regenbogen), angeordnet auf Holzboden. Es werden mehrere Roboter mit unterschiedlichen Ausdr\u00fccken und Designs gezeigt.\" src=\"https:\/\/m.media-amazon.com\/images\/S\/aplus-media-library-service-media\/24b601c3-ebae-4524-ba56-8f616e04cd42.__CR0,0,1464,600_PT0_SX1464_V1___.jpg\">                                               <\/p>\n<p>                                                                                                       <img decoding=\"async\" alt=\"Aplus-Inhaltsbild\" src=\"https:\/\/images-na.ssl-images-amazon.com\/images\/G\/01\/x-locale\/common\/grey-pixel.gif\" class=\"a-lazy-loaded\" data-src=\"https:\/\/m.media-amazon.com\/images\/S\/aplus-media-library-service-media\/76c6b6f5-34f2-4bb9-9f7b-ba24e621c6d5.__CR0,0,1464,600_PT0_SX1464_V1___.jpg\"><img decoding=\"async\" alt=\"Aplus-Inhaltsbild\" src=\"https:\/\/m.media-amazon.com\/images\/S\/aplus-media-library-service-media\/76c6b6f5-34f2-4bb9-9f7b-ba24e621c6d5.__CR0,0,1464,600_PT0_SX1464_V1___.jpg\">                                               <\/p>\n<p>                                                                                                       <img decoding=\"async\" alt=\"Aplus-Inhaltsbild\" src=\"https:\/\/images-na.ssl-images-amazon.com\/images\/G\/01\/x-locale\/common\/grey-pixel.gif\" class=\"a-lazy-loaded\" data-src=\"https:\/\/m.media-amazon.com\/images\/S\/aplus-media-library-service-media\/68024b75-6579-480a-92eb-2c5752e9b963.__CR0,0,1464,600_PT0_SX1464_V1___.jpg\"><img decoding=\"async\" alt=\"Aplus-Inhaltsbild\" src=\"https:\/\/m.media-amazon.com\/images\/S\/aplus-media-library-service-media\/68024b75-6579-480a-92eb-2c5752e9b963.__CR0,0,1464,600_PT0_SX1464_V1___.jpg\">                                               <\/p>\n<p>                                                                                                       <img decoding=\"async\" alt=\"Aplus-Inhaltsbild\" src=\"https:\/\/images-na.ssl-images-amazon.com\/images\/G\/01\/x-locale\/common\/grey-pixel.gif\" class=\"a-lazy-loaded\" data-src=\"https:\/\/m.media-amazon.com\/images\/S\/aplus-media-library-service-media\/c639338d-732a-48ea-a73f-631f0b5e8906.__CR0,0,1464,600_PT0_SX1464_V1___.jpg\"><img decoding=\"async\" alt=\"Aplus-Inhaltsbild\" src=\"https:\/\/m.media-amazon.com\/images\/S\/aplus-media-library-service-media\/c639338d-732a-48ea-a73f-631f0b5e8906.__CR0,0,1464,600_PT0_SX1464_V1___.jpg\">                                               <\/p>\n<p>                                                                                                       <img decoding=\"async\" alt=\"Aplus-Inhaltsbild\" src=\"https:\/\/images-na.ssl-images-amazon.com\/images\/G\/01\/x-locale\/common\/grey-pixel.gif\" class=\"a-lazy-loaded\" data-src=\"https:\/\/m.media-amazon.com\/images\/S\/aplus-media-library-service-media\/60fa6130-ad6f-4e47-b257-fdda094edc8b.__CR0,0,1464,600_PT0_SX1464_V1___.jpg\"><img decoding=\"async\" alt=\"Aplus-Inhaltsbild\" src=\"https:\/\/m.media-amazon.com\/images\/S\/aplus-media-library-service-media\/60fa6130-ad6f-4e47-b257-fdda094edc8b.__CR0,0,1464,600_PT0_SX1464_V1___.jpg\">                                               <\/p>\n<p>Programmierbares, ferngesteuertes Roboterspielzeug mit intelligenter Bewegung und flexibler Steuerung: Dieser programmierbare Roboter f\u00fcr Kinder verf\u00fcgt \u00fcber zwei Bewegungsmodi \u2013 Laufen oder Gleiten \u2013 mit realistischen Armbewegungen f\u00fcr lebensechte Bewegungen. Der ferngesteuerte Roboter erm\u00f6glicht die unabh\u00e4ngige Steuerung des linken und rechten Beins, sodass Kinder individuelle Bewegungen ausf\u00fchren und so ihre Kreativit\u00e4t f\u00f6rdern und ihre motorischen F\u00e4higkeiten entwickeln k\u00f6nnen.<br \/>Tanzender Roboter mit LED-Augen, Musik und Sprachaufzeichnung: ein tanzendes RC-Roboterspielzeug mit ber\u00fchrungsempfindlichen LED-Augen, die zwischen farbenfrohen, atmenden und jagenden Lichtmodi wechseln. Genie\u00dfen Sie lustige Musik oder wechseln Sie in den lautlosen Modus, um einen Nachtlichteffekt zu erzielen. Mit der integrierten Sprachaufzeichnungs- und Wiederholungsfunktion k\u00f6nnen Kinder bis zu 30 Sekunden lang aufnehmen und so das Lernen und Spielen interaktiv gestalten.<br \/>Programmieren f\u00fcr Kinder mit One-Click-Tanztricks: Dieser programmierbare ferngesteuerte Roboter vermittelt mit seinem 20-stufigen Befehlsspeicher grundlegende Programmierkenntnisse und hilft Kindern beim Erlernen von Sequenzen und Logik. Im Ein-Klick-Tanzmodus f\u00fchrt der Roboter lustige, vorprogrammierte Bewegungen aus, um Freunde und Familie zu beeindrucken.<br \/>Wiederaufladbarer RC-Roboter mit langer Akkulaufzeit Genie\u00dfen Sie bis zu 2 Stunden Spielspa\u00df mit diesem wiederaufladbaren Roboterspielzeug, das \u00fcber USB in nur 1 Stunde vollst\u00e4ndig aufgeladen ist. Die abnehmbare Fernbedienung l\u00e4sst sich in einen tragbaren, eigenst\u00e4ndigen Controller verwandeln, wodurch dieser ferngesteuerte Roboter f\u00fcr Jungen und M\u00e4dchen perfekt f\u00fcr unterwegs ist.<br \/>Sichere, kindgerechte und stabile Fernbedienung: Dieses Roboterspielzeug f\u00fcr Kinder besteht aus langlebigen, kindersicheren Materialien und verf\u00fcgt \u00fcber eine dreistufige Lautst\u00e4rkeregelung (laut\/leise\/stumm) f\u00fcr jede Umgebung. Die 2,4-GHz-Funkfernbedienung sorgt f\u00fcr ein stabiles Signal ohne St\u00f6rungen, sodass der Spa\u00df nie aufh\u00f6rt.<\/p>\n<p>[ad_2]<\/p>\n","protected":false},"excerpt":{"rendered":"<p>Produktbeschreibung Programmierbares, ferngesteuertes Roboterspielzeug mit intelligenter Bewegung und flexibler Steuerung: Dieser programmierbare Roboter f\u00fcr Kinder verf\u00fcgt \u00fcber zwei Bewegungsmodi \u2013 Laufen oder Gleiten \u2013 mit realistischen Armbewegungen f\u00fcr lebensechte Bewegungen. Der ferngesteuerte Roboter erm\u00f6glicht die unabh\u00e4ngige Steuerung des linken und rechten Beins, sodass Kinder individuelle Bewegungen ausf\u00fchren und so ihre Kreativit\u00e4t f\u00f6rdern und ihre motorischen [&hellip;]<\/p>\n","protected":false},"featured_media":2334,"comment_status":"open","ping_status":"closed","template":"","meta":{"_aipt_faq_data":""},"store":[],"product_brand":[],"product_cat":[90],"product_tag":[131],"class_list":{"0":"post-2333","1":"product","2":"type-product","3":"status-publish","4":"has-post-thumbnail","6":"product_cat-tanz-musikroboter","7":"product_tag-tanz-musikroboter-fuer-kinder","9":"first","10":"instock","11":"shipping-taxable","12":"product-type-external"},"yoast_head":"<!-- This site is optimized with the Yoast SEO plugin v27.4 - https:\/\/yoast.com\/product\/yoast-seo-wordpress\/ -->\n<title>Ferngesteuertes Roboterspielzeug durch Programmierung f\u00fcr Kinder, RC-Roboter f\u00fcr Jungen und M\u00e4dchen ab 3 Jahren mit automatischer Demonstration, Tanz, Musik, LED-Augen und Aufnahmeradio - EasyLifeBro<\/title>\n<meta name=\"description\" content=\"Entdecken Sie smarte Roboter f\u00fcr Zuhause, Garten, Bildung und Sicherheit. Vergleichen Sie Saugroboter, Rasenm\u00e4hroboter, KI-Begleitroboter und mehr bei EasyLifeRobo.\" \/>\n<meta name=\"robots\" content=\"index, follow, max-snippet:-1, max-image-preview:large, max-video-preview:-1\" \/>\n<link rel=\"canonical\" href=\"https:\/\/easyliferobo.com\/de\/product\/ferngesteuertes-roboterspielzeug-durch-programmierung-fuer-kinder-rc-roboter-fuer-jungen-und-maedchen-ab-3-jahren-mit-automatischer-demonstration-tanz-musik-led-augen-und-aufnahmeradio\/\" \/>\n<meta property=\"og:locale\" content=\"de_DE\" \/>\n<meta property=\"og:type\" content=\"article\" \/>\n<meta property=\"og:title\" content=\"Ferngesteuertes Roboterspielzeug durch Programmierung f\u00fcr Kinder, RC-Roboter f\u00fcr Jungen und M\u00e4dchen ab 3 Jahren mit automatischer Demonstration, Tanz, Musik, LED-Augen und Aufnahmeradio - EasyLifeBro\" \/>\n<meta property=\"og:description\" content=\"Entdecken Sie smarte Roboter f\u00fcr Zuhause, Garten, Bildung und Sicherheit. Vergleichen Sie Saugroboter, Rasenm\u00e4hroboter, KI-Begleitroboter und mehr bei EasyLifeRobo.\" \/>\n<meta property=\"og:url\" content=\"https:\/\/easyliferobo.com\/de\/product\/ferngesteuertes-roboterspielzeug-durch-programmierung-fuer-kinder-rc-roboter-fuer-jungen-und-maedchen-ab-3-jahren-mit-automatischer-demonstration-tanz-musik-led-augen-und-aufnahmeradio\/\" \/>\n<meta property=\"og:site_name\" content=\"EasyLifeBro\" \/>\n<meta property=\"article:modified_time\" content=\"2026-02-27T03:48:30+00:00\" \/>\n<meta property=\"og:image\" content=\"https:\/\/images-na.ssl-images-amazon.com\/images\/G\/01\/x-locale\/common\/grey-pixel.gif\" \/>\n<meta name=\"twitter:card\" content=\"summary_large_image\" \/>\n<meta name=\"twitter:label1\" content=\"Gesch\u00e4tzte Lesezeit\" \/>\n\t<meta name=\"twitter:data1\" content=\"1\u00a0Minute\" \/>\n<script type=\"application\/ld+json\" class=\"yoast-schema-graph\">{\"@context\":\"https:\\\/\\\/schema.org\",\"@graph\":[{\"@type\":\"WebPage\",\"@id\":\"https:\\\/\\\/easyliferobo.com\\\/de\\\/product\\\/ferngesteuertes-roboterspielzeug-durch-programmierung-fuer-kinder-rc-roboter-fuer-jungen-und-maedchen-ab-3-jahren-mit-automatischer-demonstration-tanz-musik-led-augen-und-aufnahmeradio\\\/\",\"url\":\"https:\\\/\\\/easyliferobo.com\\\/de\\\/product\\\/ferngesteuertes-roboterspielzeug-durch-programmierung-fuer-kinder-rc-roboter-fuer-jungen-und-maedchen-ab-3-jahren-mit-automatischer-demonstration-tanz-musik-led-augen-und-aufnahmeradio\\\/\",\"name\":\"Ferngesteuertes Roboterspielzeug durch Programmierung f\u00fcr Kinder, RC-Roboter f\u00fcr Jungen und M\u00e4dchen ab 3 Jahren mit automatischer Demonstration, Tanz, Musik, LED-Augen und Aufnahmeradio - EasyLifeBro\",\"isPartOf\":{\"@id\":\"https:\\\/\\\/easyliferobo.com\\\/de\\\/#website\"},\"primaryImageOfPage\":{\"@id\":\"https:\\\/\\\/easyliferobo.com\\\/de\\\/product\\\/ferngesteuertes-roboterspielzeug-durch-programmierung-fuer-kinder-rc-roboter-fuer-jungen-und-maedchen-ab-3-jahren-mit-automatischer-demonstration-tanz-musik-led-augen-und-aufnahmeradio\\\/#primaryimage\"},\"image\":{\"@id\":\"https:\\\/\\\/easyliferobo.com\\\/de\\\/product\\\/ferngesteuertes-roboterspielzeug-durch-programmierung-fuer-kinder-rc-roboter-fuer-jungen-und-maedchen-ab-3-jahren-mit-automatischer-demonstration-tanz-musik-led-augen-und-aufnahmeradio\\\/#primaryimage\"},\"thumbnailUrl\":\"https:\\\/\\\/easyliferobo.com\\\/de\\\/wp-content\\\/uploads\\\/2026\\\/02\\\/61tSfZWB6ML._AC_SL1500_.jpg\",\"datePublished\":\"2026-02-27T03:48:15+00:00\",\"dateModified\":\"2026-02-27T03:48:30+00:00\",\"description\":\"Entdecken Sie smarte Roboter f\u00fcr Zuhause, Garten, Bildung und Sicherheit. Vergleichen Sie Saugroboter, Rasenm\u00e4hroboter, KI-Begleitroboter und mehr bei EasyLifeRobo.\",\"breadcrumb\":{\"@id\":\"https:\\\/\\\/easyliferobo.com\\\/de\\\/product\\\/ferngesteuertes-roboterspielzeug-durch-programmierung-fuer-kinder-rc-roboter-fuer-jungen-und-maedchen-ab-3-jahren-mit-automatischer-demonstration-tanz-musik-led-augen-und-aufnahmeradio\\\/#breadcrumb\"},\"inLanguage\":\"de\",\"potentialAction\":[{\"@type\":\"ReadAction\",\"target\":[\"https:\\\/\\\/easyliferobo.com\\\/de\\\/product\\\/ferngesteuertes-roboterspielzeug-durch-programmierung-fuer-kinder-rc-roboter-fuer-jungen-und-maedchen-ab-3-jahren-mit-automatischer-demonstration-tanz-musik-led-augen-und-aufnahmeradio\\\/\"]}]},{\"@type\":\"ImageObject\",\"inLanguage\":\"de\",\"@id\":\"https:\\\/\\\/easyliferobo.com\\\/de\\\/product\\\/ferngesteuertes-roboterspielzeug-durch-programmierung-fuer-kinder-rc-roboter-fuer-jungen-und-maedchen-ab-3-jahren-mit-automatischer-demonstration-tanz-musik-led-augen-und-aufnahmeradio\\\/#primaryimage\",\"url\":\"https:\\\/\\\/easyliferobo.com\\\/de\\\/wp-content\\\/uploads\\\/2026\\\/02\\\/61tSfZWB6ML._AC_SL1500_.jpg\",\"contentUrl\":\"https:\\\/\\\/easyliferobo.com\\\/de\\\/wp-content\\\/uploads\\\/2026\\\/02\\\/61tSfZWB6ML._AC_SL1500_.jpg\",\"width\":1500,\"height\":1346},{\"@type\":\"BreadcrumbList\",\"@id\":\"https:\\\/\\\/easyliferobo.com\\\/de\\\/product\\\/ferngesteuertes-roboterspielzeug-durch-programmierung-fuer-kinder-rc-roboter-fuer-jungen-und-maedchen-ab-3-jahren-mit-automatischer-demonstration-tanz-musik-led-augen-und-aufnahmeradio\\\/#breadcrumb\",\"itemListElement\":[{\"@type\":\"ListItem\",\"position\":1,\"name\":\"Home\",\"item\":\"https:\\\/\\\/easyliferobo.com\\\/de\\\/\"},{\"@type\":\"ListItem\",\"position\":2,\"name\":\"Shop\",\"item\":\"https:\\\/\\\/easyliferobo.com\\\/de\\\/shop\\\/\"},{\"@type\":\"ListItem\",\"position\":3,\"name\":\"Ferngesteuertes Roboterspielzeug du...\"}]},{\"@type\":\"WebSite\",\"@id\":\"https:\\\/\\\/easyliferobo.com\\\/de\\\/#website\",\"url\":\"https:\\\/\\\/easyliferobo.com\\\/de\\\/\",\"name\":\"EasyLifeBro\",\"description\":\"Smarte Roboter f\u00fcr Zuhause, Garten &amp; Bildung\",\"publisher\":{\"@id\":\"https:\\\/\\\/easyliferobo.com\\\/de\\\/#organization\"},\"potentialAction\":[{\"@type\":\"SearchAction\",\"target\":{\"@type\":\"EntryPoint\",\"urlTemplate\":\"https:\\\/\\\/easyliferobo.com\\\/de\\\/?s={search_term_string}\"},\"query-input\":{\"@type\":\"PropertyValueSpecification\",\"valueRequired\":true,\"valueName\":\"search_term_string\"}}],\"inLanguage\":\"de\"},{\"@type\":\"Organization\",\"@id\":\"https:\\\/\\\/easyliferobo.com\\\/de\\\/#organization\",\"name\":\"EasyLifeBro\",\"url\":\"https:\\\/\\\/easyliferobo.com\\\/de\\\/\",\"logo\":{\"@type\":\"ImageObject\",\"inLanguage\":\"de\",\"@id\":\"https:\\\/\\\/easyliferobo.com\\\/de\\\/#\\\/schema\\\/logo\\\/image\\\/\",\"url\":\"https:\\\/\\\/easyliferobo.com\\\/de\\\/wp-content\\\/uploads\\\/2026\\\/02\\\/Screenshot-2026-02-22-at-2.25.03-PM.png\",\"contentUrl\":\"https:\\\/\\\/easyliferobo.com\\\/de\\\/wp-content\\\/uploads\\\/2026\\\/02\\\/Screenshot-2026-02-22-at-2.25.03-PM.png\",\"width\":1858,\"height\":430,\"caption\":\"EasyLifeBro\"},\"image\":{\"@id\":\"https:\\\/\\\/easyliferobo.com\\\/de\\\/#\\\/schema\\\/logo\\\/image\\\/\"}}]}<\/script>\n<!-- \/ Yoast SEO plugin. -->","yoast_head_json":{"title":"Ferngesteuertes Roboterspielzeug durch Programmierung f\u00fcr Kinder, RC-Roboter f\u00fcr Jungen und M\u00e4dchen ab 3 Jahren mit automatischer Demonstration, Tanz, Musik, LED-Augen und Aufnahmeradio - EasyLifeBro","description":"Entdecken Sie smarte Roboter f\u00fcr Zuhause, Garten, Bildung und Sicherheit. Vergleichen Sie Saugroboter, Rasenm\u00e4hroboter, KI-Begleitroboter und mehr bei EasyLifeRobo.","robots":{"index":"index","follow":"follow","max-snippet":"max-snippet:-1","max-image-preview":"max-image-preview:large","max-video-preview":"max-video-preview:-1"},"canonical":"https:\/\/easyliferobo.com\/de\/product\/ferngesteuertes-roboterspielzeug-durch-programmierung-fuer-kinder-rc-roboter-fuer-jungen-und-maedchen-ab-3-jahren-mit-automatischer-demonstration-tanz-musik-led-augen-und-aufnahmeradio\/","og_locale":"de_DE","og_type":"article","og_title":"Ferngesteuertes Roboterspielzeug durch Programmierung f\u00fcr Kinder, RC-Roboter f\u00fcr Jungen und M\u00e4dchen ab 3 Jahren mit automatischer Demonstration, Tanz, Musik, LED-Augen und Aufnahmeradio - EasyLifeBro","og_description":"Entdecken Sie smarte Roboter f\u00fcr Zuhause, Garten, Bildung und Sicherheit. Vergleichen Sie Saugroboter, Rasenm\u00e4hroboter, KI-Begleitroboter und mehr bei EasyLifeRobo.","og_url":"https:\/\/easyliferobo.com\/de\/product\/ferngesteuertes-roboterspielzeug-durch-programmierung-fuer-kinder-rc-roboter-fuer-jungen-und-maedchen-ab-3-jahren-mit-automatischer-demonstration-tanz-musik-led-augen-und-aufnahmeradio\/","og_site_name":"EasyLifeBro","article_modified_time":"2026-02-27T03:48:30+00:00","og_image":[{"url":"https:\/\/images-na.ssl-images-amazon.com\/images\/G\/01\/x-locale\/common\/grey-pixel.gif","type":"","width":"","height":""}],"twitter_card":"summary_large_image","twitter_misc":{"Gesch\u00e4tzte Lesezeit":"1\u00a0Minute"},"schema":{"@context":"https:\/\/schema.org","@graph":[{"@type":"WebPage","@id":"https:\/\/easyliferobo.com\/de\/product\/ferngesteuertes-roboterspielzeug-durch-programmierung-fuer-kinder-rc-roboter-fuer-jungen-und-maedchen-ab-3-jahren-mit-automatischer-demonstration-tanz-musik-led-augen-und-aufnahmeradio\/","url":"https:\/\/easyliferobo.com\/de\/product\/ferngesteuertes-roboterspielzeug-durch-programmierung-fuer-kinder-rc-roboter-fuer-jungen-und-maedchen-ab-3-jahren-mit-automatischer-demonstration-tanz-musik-led-augen-und-aufnahmeradio\/","name":"Ferngesteuertes Roboterspielzeug durch Programmierung f\u00fcr Kinder, RC-Roboter f\u00fcr Jungen und M\u00e4dchen ab 3 Jahren mit automatischer Demonstration, Tanz, Musik, LED-Augen und Aufnahmeradio - EasyLifeBro","isPartOf":{"@id":"https:\/\/easyliferobo.com\/de\/#website"},"primaryImageOfPage":{"@id":"https:\/\/easyliferobo.com\/de\/product\/ferngesteuertes-roboterspielzeug-durch-programmierung-fuer-kinder-rc-roboter-fuer-jungen-und-maedchen-ab-3-jahren-mit-automatischer-demonstration-tanz-musik-led-augen-und-aufnahmeradio\/#primaryimage"},"image":{"@id":"https:\/\/easyliferobo.com\/de\/product\/ferngesteuertes-roboterspielzeug-durch-programmierung-fuer-kinder-rc-roboter-fuer-jungen-und-maedchen-ab-3-jahren-mit-automatischer-demonstration-tanz-musik-led-augen-und-aufnahmeradio\/#primaryimage"},"thumbnailUrl":"https:\/\/easyliferobo.com\/de\/wp-content\/uploads\/2026\/02\/61tSfZWB6ML._AC_SL1500_.jpg","datePublished":"2026-02-27T03:48:15+00:00","dateModified":"2026-02-27T03:48:30+00:00","description":"Entdecken Sie smarte Roboter f\u00fcr Zuhause, Garten, Bildung und Sicherheit. Vergleichen Sie Saugroboter, Rasenm\u00e4hroboter, KI-Begleitroboter und mehr bei EasyLifeRobo.","breadcrumb":{"@id":"https:\/\/easyliferobo.com\/de\/product\/ferngesteuertes-roboterspielzeug-durch-programmierung-fuer-kinder-rc-roboter-fuer-jungen-und-maedchen-ab-3-jahren-mit-automatischer-demonstration-tanz-musik-led-augen-und-aufnahmeradio\/#breadcrumb"},"inLanguage":"de","potentialAction":[{"@type":"ReadAction","target":["https:\/\/easyliferobo.com\/de\/product\/ferngesteuertes-roboterspielzeug-durch-programmierung-fuer-kinder-rc-roboter-fuer-jungen-und-maedchen-ab-3-jahren-mit-automatischer-demonstration-tanz-musik-led-augen-und-aufnahmeradio\/"]}]},{"@type":"ImageObject","inLanguage":"de","@id":"https:\/\/easyliferobo.com\/de\/product\/ferngesteuertes-roboterspielzeug-durch-programmierung-fuer-kinder-rc-roboter-fuer-jungen-und-maedchen-ab-3-jahren-mit-automatischer-demonstration-tanz-musik-led-augen-und-aufnahmeradio\/#primaryimage","url":"https:\/\/easyliferobo.com\/de\/wp-content\/uploads\/2026\/02\/61tSfZWB6ML._AC_SL1500_.jpg","contentUrl":"https:\/\/easyliferobo.com\/de\/wp-content\/uploads\/2026\/02\/61tSfZWB6ML._AC_SL1500_.jpg","width":1500,"height":1346},{"@type":"BreadcrumbList","@id":"https:\/\/easyliferobo.com\/de\/product\/ferngesteuertes-roboterspielzeug-durch-programmierung-fuer-kinder-rc-roboter-fuer-jungen-und-maedchen-ab-3-jahren-mit-automatischer-demonstration-tanz-musik-led-augen-und-aufnahmeradio\/#breadcrumb","itemListElement":[{"@type":"ListItem","position":1,"name":"Home","item":"https:\/\/easyliferobo.com\/de\/"},{"@type":"ListItem","position":2,"name":"Shop","item":"https:\/\/easyliferobo.com\/de\/shop\/"},{"@type":"ListItem","position":3,"name":"Ferngesteuertes Roboterspielzeug du..."}]},{"@type":"WebSite","@id":"https:\/\/easyliferobo.com\/de\/#website","url":"https:\/\/easyliferobo.com\/de\/","name":"EasyLifeBro","description":"Smarte Roboter f\u00fcr Zuhause, Garten &amp; Bildung","publisher":{"@id":"https:\/\/easyliferobo.com\/de\/#organization"},"potentialAction":[{"@type":"SearchAction","target":{"@type":"EntryPoint","urlTemplate":"https:\/\/easyliferobo.com\/de\/?s={search_term_string}"},"query-input":{"@type":"PropertyValueSpecification","valueRequired":true,"valueName":"search_term_string"}}],"inLanguage":"de"},{"@type":"Organization","@id":"https:\/\/easyliferobo.com\/de\/#organization","name":"EasyLifeBro","url":"https:\/\/easyliferobo.com\/de\/","logo":{"@type":"ImageObject","inLanguage":"de","@id":"https:\/\/easyliferobo.com\/de\/#\/schema\/logo\/image\/","url":"https:\/\/easyliferobo.com\/de\/wp-content\/uploads\/2026\/02\/Screenshot-2026-02-22-at-2.25.03-PM.png","contentUrl":"https:\/\/easyliferobo.com\/de\/wp-content\/uploads\/2026\/02\/Screenshot-2026-02-22-at-2.25.03-PM.png","width":1858,"height":430,"caption":"EasyLifeBro"},"image":{"@id":"https:\/\/easyliferobo.com\/de\/#\/schema\/logo\/image\/"}}]}},"_links":{"self":[{"href":"https:\/\/easyliferobo.com\/de\/wp-json\/wp\/v2\/product\/2333","targetHints":{"allow":["GET"]}}],"collection":[{"href":"https:\/\/easyliferobo.com\/de\/wp-json\/wp\/v2\/product"}],"about":[{"href":"https:\/\/easyliferobo.com\/de\/wp-json\/wp\/v2\/types\/product"}],"replies":[{"embeddable":true,"href":"https:\/\/easyliferobo.com\/de\/wp-json\/wp\/v2\/comments?post=2333"}],"wp:featuredmedia":[{"embeddable":true,"href":"https:\/\/easyliferobo.com\/de\/wp-json\/wp\/v2\/media\/2334"}],"wp:attachment":[{"href":"https:\/\/easyliferobo.com\/de\/wp-json\/wp\/v2\/media?parent=2333"}],"wp:term":[{"taxonomy":"store","embeddable":true,"href":"https:\/\/easyliferobo.com\/de\/wp-json\/wp\/v2\/store?post=2333"},{"taxonomy":"product_brand","embeddable":true,"href":"https:\/\/easyliferobo.com\/de\/wp-json\/wp\/v2\/product_brand?post=2333"},{"taxonomy":"product_cat","embeddable":true,"href":"https:\/\/easyliferobo.com\/de\/wp-json\/wp\/v2\/product_cat?post=2333"},{"taxonomy":"product_tag","embeddable":true,"href":"https:\/\/easyliferobo.com\/de\/wp-json\/wp\/v2\/product_tag?post=2333"}],"curies":[{"name":"wp","href":"https:\/\/api.w.org\/{rel}","templated":true}]}}