
{"id":2316,"date":"2026-02-27T03:45:13","date_gmt":"2026-02-27T03:45:13","guid":{"rendered":"https:\/\/easyliferobo.com\/de\/product\/roboter-mit-kuenstlicher-intelligenz-intelligentes-intelligentes-lernspielzeug-schreibtischroboter-mit-kuenstlicher-intelligenz-fuer-maedchen-erwachsene-kinder-geburtstagsfeiern\/"},"modified":"2026-02-27T03:45:33","modified_gmt":"2026-02-27T03:45:33","slug":"roboter-mit-kuenstlicher-intelligenz-intelligentes-intelligentes-lernspielzeug-schreibtischroboter-mit-kuenstlicher-intelligenz-fuer-maedchen-erwachsene-kinder-geburtstagsfeiern","status":"publish","type":"product","link":"https:\/\/easyliferobo.com\/de\/product\/roboter-mit-kuenstlicher-intelligenz-intelligentes-intelligentes-lernspielzeug-schreibtischroboter-mit-kuenstlicher-intelligenz-fuer-maedchen-erwachsene-kinder-geburtstagsfeiern\/","title":{"rendered":"Roboter mit k\u00fcnstlicher Intelligen..."},"content":{"rendered":"<p>\n                                             Produktbeschreibung   <\/p>\n<h3 class=\"a-spacing-small\"> Roboter f\u00fcr Kinder <\/h3>\n<p class=\"apm-text-center\">\n                                                      <img decoding=\"async\" alt=\"Tolles und vielseitiges Geschenk\" src=\"https:\/\/images-na.ssl-images-amazon.com\/images\/G\/01\/x-locale\/common\/grey-pixel.gif\" class=\"a-spacing-mini a-lazy-loaded\" data-src=\"https:\/\/m.media-amazon.com\/images\/S\/aplus-media-library-service-media\/978848b0-0696-48cd-9afb-f519b0a88e0f.__CR0,0,1600,1600_PT0_SX300_V1___.jpg\"><img decoding=\"async\" alt=\"Tolles und vielseitiges Geschenk\" src=\"https:\/\/m.media-amazon.com\/images\/S\/aplus-media-library-service-media\/978848b0-0696-48cd-9afb-f519b0a88e0f.__CR0,0,1600,1600_PT0_SX300_V1___.jpg\">  <\/p>\n<p>                                                    Tolles und vielseitiges Geschenk                                       <\/p>\n<p> Dieses Roboterspielzeug f\u00fcr Kinder wurde mit aktivem Spielwert entwickelt und dient sowohl als Medium zum Ausdruck von Segnungen als auch als Quelle der Urlaubsfreude. Es bereichert Feiern, indem es Menschen in unterhaltsamer und herzlicher Atmosph\u00e4re zusammenbringt und so zu gemeinsamen Erlebnissen in fr\u00f6hlichen und herzlichen Momenten bei festlichen Anl\u00e4ssen anregt. <\/p>\n<p class=\"apm-text-center\">\n                                                      <img decoding=\"async\" alt=\"Ansprechender Ausdrucks-Mentor\" src=\"https:\/\/images-na.ssl-images-amazon.com\/images\/G\/01\/x-locale\/common\/grey-pixel.gif\" class=\"a-spacing-mini a-lazy-loaded\" data-src=\"https:\/\/m.media-amazon.com\/images\/S\/aplus-media-library-service-media\/b50c00dd-fc3d-462b-b5b9-855ad171c42e.__CR0,0,1600,1600_PT0_SX300_V1___.jpg\"><img decoding=\"async\" alt=\"Ansprechender Ausdrucks-Mentor\" src=\"https:\/\/m.media-amazon.com\/images\/S\/aplus-media-library-service-media\/b50c00dd-fc3d-462b-b5b9-855ad171c42e.__CR0,0,1600,1600_PT0_SX300_V1___.jpg\">  <\/p>\n<p>                                                    Ansprechender Ausdrucks-Mentor                                       <\/p>\n<p> Ausgestattet mit Spracherkennung und einem robusten multimodalen KI-System f\u00f6rdert der KI-Roboter die Entwicklung von Ausdrucksf\u00e4higkeiten und unterst\u00fctzt den Wissenszuwachs, geeignet f\u00fcr aktive Lern- oder Erholungsszenarien zu Hause oder in der Schule. Dies erm\u00f6glicht einen vielseitigen Einsatz im Bildungs- und Freizeitbereich. <\/p>\n<p class=\"apm-text-center\">\n                                                      <img decoding=\"async\" alt=\"Multifunktionale Lernhilfe\" src=\"https:\/\/images-na.ssl-images-amazon.com\/images\/G\/01\/x-locale\/common\/grey-pixel.gif\" class=\"a-spacing-mini a-lazy-loaded\" data-src=\"https:\/\/m.media-amazon.com\/images\/S\/aplus-media-library-service-media\/cf416aba-a039-4893-bc9d-33efd885bc2d.__CR0,0,1600,1600_PT0_SX300_V1___.jpg\"><img decoding=\"async\" alt=\"Multifunktionale Lernhilfe\" src=\"https:\/\/m.media-amazon.com\/images\/S\/aplus-media-library-service-media\/cf416aba-a039-4893-bc9d-33efd885bc2d.__CR0,0,1600,1600_PT0_SX300_V1___.jpg\">  <\/p>\n<p>                                                    Multifunktionale Lernhilfe                                       <\/p>\n<p> Roboterspielzeuge integrieren verschiedene Funktionen, um logisches Denken und kognitive Entwicklung zu f\u00f6rdern und eine optimale Balance zwischen Unterhaltung und Bildung zu schaffen. Diese Tools regen effektiv die Fantasie an und sorgen f\u00fcr bereichernde Erfahrungen, ob zu Hause oder in gemeinschaftlichen Lernr\u00e4umen, und unterst\u00fctzen so nat\u00fcrliche Lernprozesse durch anpassbare Spielstile. Durch die Vielseitigkeit der Spielzeuge k\u00f6nnen Sie unterschiedliche F\u00e4higkeiten entwickeln <\/p>\n<p>  Der gro\u00dfe programmierbare interaktive RC-Roboter ist ein innovatives und lehrreiches Spielzeug, das Kinder durch kreative Spielweisen inspiriert und gleichzeitig ihre kognitiven F\u00e4higkeiten f\u00f6rdert. Dieser smarte und intelligente Roboter bietet interaktive Funktionen, die beide M\u00e4dchen faszinieren und ist daher die ideale Wahl f\u00fcr Geburtstage, Feiertage oder Familienfeiern. Mit programmierbaren Funktionen k\u00f6nnen Kinder grundlegende Programmierkonzepte erkunden und ihre F\u00e4higkeiten zur Probleml\u00f6sung durch praktische Aktivit\u00e4ten verbessern. Der interaktive Charakter dieses ferngesteuerten Roboters f\u00f6rdert die Zusammenarbeit und den Spa\u00df und bringt Familien beim Spielen zusammen. Dieser Roboter wurde entwickelt, um Neugier und Lernen zu wecken. Er ist das perfekte Geschenk f\u00fcr verschiedene Anl\u00e4sse und sorgt f\u00fcr langanhaltende Unterhaltung und Entwicklung. Sein fesselndes Design und seine vielseitige Funktionalit\u00e4t machen es zu einer hervorragenden Erg\u00e4nzung jeder Kinderspielzeugsammlung, die sowohl zum individuellen Entdecken als auch zum Gruppenspa\u00df anregt. <\/p>\n<p>  Spezifikation <\/p>\n<p>  Produktname: Intelligenter KI-Roboter <\/p>\n<p>  Material: ABS <\/p>\n<p>  Produktgr\u00f6\u00dfe: ca. 9,5 x 5,5 x 13 cm <\/p>\n<p>  Liste <\/p>\n<p>  1 * Intelligenter KI-Roboter <\/p>\n<p>  Notiz: <\/p>\n<p>  Aufgrund der unterschiedlichen Licht- und Bildschirmeinstellungen kann die Farbe des Artikels geringf\u00fcgig von der Abbildung abweichen. <\/p>\n<p>  Bitte erlauben Sie einen Unterschied von 1-2 cm aufgrund unterschiedlicher manueller Messungen. <\/p>\n<p>TOLLES UND VIELSEITIGES GESCHENK: Dieses Roboterspielzeug f\u00fcr Kinder wurde mit Blick auf den interaktiven Spielwert entwickelt und dient sowohl als Medium zum Ausdruck von Segnungen als auch als Quelle der Urlaubsfreude. Es bereichert Feiern, indem es Menschen in unterhaltsamer und herzlicher Atmosph\u00e4re zusammenbringt und so zu gemeinsamen Erlebnissen in fr\u00f6hlichen und herzlichen Momenten bei festlichen Anl\u00e4ssen anregt.<br \/>Interver Skills Developer Mit Spracherkennung und einem multimodalen KI-System hilft der KI-Roboter bei der Entwicklung von Ausdrucksf\u00e4higkeiten und bietet Unterst\u00fctzung bei der Wissenserweiterung, ideal f\u00fcr die Bereicherung von Interonen w\u00e4hrend des Lernens oder beim entspannten Spielen. Dies macht es zu einem wertvollen Werkzeug f\u00fcr interaktive Lernszenarien und Freizeitaktivit\u00e4ten.<br \/>F\u00d6RDERUNG DER KOGNITIVEN ENTWICKLUNG Roboterspielzeuge verbessern das logische Denken durch spielerische Interventionen und f\u00f6rdern die kognitive Bildung, w\u00e4hrend sie gleichzeitig Unterhaltung und Bildung in Einklang bringen. Ideal zur Anregung der Fantasie im h\u00e4uslichen Umfeld oder im Klassenzimmer, unterst\u00fctzen sie vielf\u00e4ltige Lernerlebnisse mit multifunktionaler Integration und sorgen f\u00fcr ein nat\u00fcrliches Gleichgewicht zwischen Spa\u00df und Lernen f\u00fcr verschiedene Altersgruppen. Die Spielzeuge regen durch Dynamik auf<br \/>Emotionserkennungstechnologie Der Kinderroboter nutzt fortschrittliche Emotionserkennungstechnologie, um die Gef\u00fchle des Kindes genau zu identifizieren und so Empathie und Verst\u00e4ndnis in allen Momenten zwischen den Kindern zu f\u00f6rdern. Dieses innovative Feature verbessert nachhaltig die Eltern-Kind-Kommunikation durch sinnvolle Dialoge und gemeinsame emotionale Erlebnisse im t\u00e4glichen Spiel. Auf diese Weise werden Bindungen gest\u00e4rkt und die Entwicklung des Kindes in einem unterst\u00fctzenden Umfeld gef\u00f6rdert<br \/>KUNDENSPEZIFISCHES ROLLENDESIGN Dieser Kinderroboter bietet erweiterte Rolleneinstellungen und Interessenabstimmung, sodass junge Benutzer verschiedene Charaktere erkunden k\u00f6nnen, die ihren Leidenschaften entsprechen. Es unterst\u00fctzt das emotionale Managementtraining und festigt soziale F\u00e4higkeiten durch kreative und fantasievolle Szenarien. Dies schafft eine unterst\u00fctzende Umgebung, in der Kinder selbstbewusst wachsen k\u00f6nnen und gleichzeitig ma\u00dfgeschneiderte, spielerisch emotionale Interaktionen erleben k\u00f6nnen<\/p>\n<p>[ad_2]<\/p>\n","protected":false},"excerpt":{"rendered":"<p>Produktbeschreibung Roboter f\u00fcr Kinder Tolles und vielseitiges Geschenk Dieses Roboterspielzeug f\u00fcr Kinder wurde mit aktivem Spielwert entwickelt und dient sowohl als Medium zum Ausdruck von Segnungen als auch als Quelle der Urlaubsfreude. Es bereichert Feiern, indem es Menschen in unterhaltsamer und herzlicher Atmosph\u00e4re zusammenbringt und so zu gemeinsamen Erlebnissen in fr\u00f6hlichen und herzlichen Momenten bei [&hellip;]<\/p>\n","protected":false},"featured_media":2317,"comment_status":"open","ping_status":"closed","template":"","meta":{"_aipt_faq_data":""},"store":[],"product_brand":[],"product_cat":[93],"product_tag":[129],"class_list":{"0":"post-2316","1":"product","2":"type-product","3":"status-publish","4":"has-post-thumbnail","6":"product_cat-soziale-begleitroboter","7":"product_tag-soziale-begleitroboter-fuer-senioren","9":"first","10":"instock","11":"shipping-taxable","12":"product-type-external"},"yoast_head":"<!-- This site is optimized with the Yoast SEO plugin v27.4 - https:\/\/yoast.com\/product\/yoast-seo-wordpress\/ -->\n<title>Roboter mit k\u00fcnstlicher Intelligenz \u2013 intelligentes intelligentes Lernspielzeug \u2013 Schreibtischroboter mit k\u00fcnstlicher Intelligenz f\u00fcr M\u00e4dchen, Erwachsene, Kinder, Geburtstagsfeiern - EasyLifeBro<\/title>\n<meta name=\"description\" content=\"Entdecken Sie smarte Roboter f\u00fcr Zuhause, Garten, Bildung und Sicherheit. Vergleichen Sie Saugroboter, Rasenm\u00e4hroboter, KI-Begleitroboter und mehr bei EasyLifeRobo.\" \/>\n<meta name=\"robots\" content=\"index, follow, max-snippet:-1, max-image-preview:large, max-video-preview:-1\" \/>\n<link rel=\"canonical\" href=\"https:\/\/easyliferobo.com\/de\/product\/roboter-mit-kuenstlicher-intelligenz-intelligentes-intelligentes-lernspielzeug-schreibtischroboter-mit-kuenstlicher-intelligenz-fuer-maedchen-erwachsene-kinder-geburtstagsfeiern\/\" \/>\n<meta property=\"og:locale\" content=\"de_DE\" \/>\n<meta property=\"og:type\" content=\"article\" \/>\n<meta property=\"og:title\" content=\"Roboter mit k\u00fcnstlicher Intelligenz \u2013 intelligentes intelligentes Lernspielzeug \u2013 Schreibtischroboter mit k\u00fcnstlicher Intelligenz f\u00fcr M\u00e4dchen, Erwachsene, Kinder, Geburtstagsfeiern - EasyLifeBro\" \/>\n<meta property=\"og:description\" content=\"Entdecken Sie smarte Roboter f\u00fcr Zuhause, Garten, Bildung und Sicherheit. Vergleichen Sie Saugroboter, Rasenm\u00e4hroboter, KI-Begleitroboter und mehr bei EasyLifeRobo.\" \/>\n<meta property=\"og:url\" content=\"https:\/\/easyliferobo.com\/de\/product\/roboter-mit-kuenstlicher-intelligenz-intelligentes-intelligentes-lernspielzeug-schreibtischroboter-mit-kuenstlicher-intelligenz-fuer-maedchen-erwachsene-kinder-geburtstagsfeiern\/\" \/>\n<meta property=\"og:site_name\" content=\"EasyLifeBro\" \/>\n<meta property=\"article:modified_time\" content=\"2026-02-27T03:45:33+00:00\" \/>\n<meta property=\"og:image\" content=\"https:\/\/images-na.ssl-images-amazon.com\/images\/G\/01\/x-locale\/common\/grey-pixel.gif\" \/>\n<meta name=\"twitter:card\" content=\"summary_large_image\" \/>\n<meta name=\"twitter:label1\" content=\"Gesch\u00e4tzte Lesezeit\" \/>\n\t<meta name=\"twitter:data1\" content=\"3\u00a0Minuten\" \/>\n<script type=\"application\/ld+json\" class=\"yoast-schema-graph\">{\"@context\":\"https:\\\/\\\/schema.org\",\"@graph\":[{\"@type\":\"WebPage\",\"@id\":\"https:\\\/\\\/easyliferobo.com\\\/de\\\/product\\\/roboter-mit-kuenstlicher-intelligenz-intelligentes-intelligentes-lernspielzeug-schreibtischroboter-mit-kuenstlicher-intelligenz-fuer-maedchen-erwachsene-kinder-geburtstagsfeiern\\\/\",\"url\":\"https:\\\/\\\/easyliferobo.com\\\/de\\\/product\\\/roboter-mit-kuenstlicher-intelligenz-intelligentes-intelligentes-lernspielzeug-schreibtischroboter-mit-kuenstlicher-intelligenz-fuer-maedchen-erwachsene-kinder-geburtstagsfeiern\\\/\",\"name\":\"Roboter mit k\u00fcnstlicher Intelligenz \u2013 intelligentes intelligentes Lernspielzeug \u2013 Schreibtischroboter mit k\u00fcnstlicher Intelligenz f\u00fcr M\u00e4dchen, Erwachsene, Kinder, Geburtstagsfeiern - EasyLifeBro\",\"isPartOf\":{\"@id\":\"https:\\\/\\\/easyliferobo.com\\\/de\\\/#website\"},\"primaryImageOfPage\":{\"@id\":\"https:\\\/\\\/easyliferobo.com\\\/de\\\/product\\\/roboter-mit-kuenstlicher-intelligenz-intelligentes-intelligentes-lernspielzeug-schreibtischroboter-mit-kuenstlicher-intelligenz-fuer-maedchen-erwachsene-kinder-geburtstagsfeiern\\\/#primaryimage\"},\"image\":{\"@id\":\"https:\\\/\\\/easyliferobo.com\\\/de\\\/product\\\/roboter-mit-kuenstlicher-intelligenz-intelligentes-intelligentes-lernspielzeug-schreibtischroboter-mit-kuenstlicher-intelligenz-fuer-maedchen-erwachsene-kinder-geburtstagsfeiern\\\/#primaryimage\"},\"thumbnailUrl\":\"https:\\\/\\\/easyliferobo.com\\\/de\\\/wp-content\\\/uploads\\\/2026\\\/02\\\/71kXs1ubobL._AC_SL1500_.jpg\",\"datePublished\":\"2026-02-27T03:45:13+00:00\",\"dateModified\":\"2026-02-27T03:45:33+00:00\",\"description\":\"Entdecken Sie smarte Roboter f\u00fcr Zuhause, Garten, Bildung und Sicherheit. Vergleichen Sie Saugroboter, Rasenm\u00e4hroboter, KI-Begleitroboter und mehr bei EasyLifeRobo.\",\"breadcrumb\":{\"@id\":\"https:\\\/\\\/easyliferobo.com\\\/de\\\/product\\\/roboter-mit-kuenstlicher-intelligenz-intelligentes-intelligentes-lernspielzeug-schreibtischroboter-mit-kuenstlicher-intelligenz-fuer-maedchen-erwachsene-kinder-geburtstagsfeiern\\\/#breadcrumb\"},\"inLanguage\":\"de\",\"potentialAction\":[{\"@type\":\"ReadAction\",\"target\":[\"https:\\\/\\\/easyliferobo.com\\\/de\\\/product\\\/roboter-mit-kuenstlicher-intelligenz-intelligentes-intelligentes-lernspielzeug-schreibtischroboter-mit-kuenstlicher-intelligenz-fuer-maedchen-erwachsene-kinder-geburtstagsfeiern\\\/\"]}]},{\"@type\":\"ImageObject\",\"inLanguage\":\"de\",\"@id\":\"https:\\\/\\\/easyliferobo.com\\\/de\\\/product\\\/roboter-mit-kuenstlicher-intelligenz-intelligentes-intelligentes-lernspielzeug-schreibtischroboter-mit-kuenstlicher-intelligenz-fuer-maedchen-erwachsene-kinder-geburtstagsfeiern\\\/#primaryimage\",\"url\":\"https:\\\/\\\/easyliferobo.com\\\/de\\\/wp-content\\\/uploads\\\/2026\\\/02\\\/71kXs1ubobL._AC_SL1500_.jpg\",\"contentUrl\":\"https:\\\/\\\/easyliferobo.com\\\/de\\\/wp-content\\\/uploads\\\/2026\\\/02\\\/71kXs1ubobL._AC_SL1500_.jpg\",\"width\":1500,\"height\":1371},{\"@type\":\"BreadcrumbList\",\"@id\":\"https:\\\/\\\/easyliferobo.com\\\/de\\\/product\\\/roboter-mit-kuenstlicher-intelligenz-intelligentes-intelligentes-lernspielzeug-schreibtischroboter-mit-kuenstlicher-intelligenz-fuer-maedchen-erwachsene-kinder-geburtstagsfeiern\\\/#breadcrumb\",\"itemListElement\":[{\"@type\":\"ListItem\",\"position\":1,\"name\":\"Home\",\"item\":\"https:\\\/\\\/easyliferobo.com\\\/de\\\/\"},{\"@type\":\"ListItem\",\"position\":2,\"name\":\"Shop\",\"item\":\"https:\\\/\\\/easyliferobo.com\\\/de\\\/shop\\\/\"},{\"@type\":\"ListItem\",\"position\":3,\"name\":\"Roboter mit k\u00fcnstlicher Intelligen...\"}]},{\"@type\":\"WebSite\",\"@id\":\"https:\\\/\\\/easyliferobo.com\\\/de\\\/#website\",\"url\":\"https:\\\/\\\/easyliferobo.com\\\/de\\\/\",\"name\":\"EasyLifeBro\",\"description\":\"Smarte Roboter f\u00fcr Zuhause, Garten &amp; Bildung\",\"publisher\":{\"@id\":\"https:\\\/\\\/easyliferobo.com\\\/de\\\/#organization\"},\"potentialAction\":[{\"@type\":\"SearchAction\",\"target\":{\"@type\":\"EntryPoint\",\"urlTemplate\":\"https:\\\/\\\/easyliferobo.com\\\/de\\\/?s={search_term_string}\"},\"query-input\":{\"@type\":\"PropertyValueSpecification\",\"valueRequired\":true,\"valueName\":\"search_term_string\"}}],\"inLanguage\":\"de\"},{\"@type\":\"Organization\",\"@id\":\"https:\\\/\\\/easyliferobo.com\\\/de\\\/#organization\",\"name\":\"EasyLifeBro\",\"url\":\"https:\\\/\\\/easyliferobo.com\\\/de\\\/\",\"logo\":{\"@type\":\"ImageObject\",\"inLanguage\":\"de\",\"@id\":\"https:\\\/\\\/easyliferobo.com\\\/de\\\/#\\\/schema\\\/logo\\\/image\\\/\",\"url\":\"https:\\\/\\\/easyliferobo.com\\\/de\\\/wp-content\\\/uploads\\\/2026\\\/02\\\/Screenshot-2026-02-22-at-2.25.03-PM.png\",\"contentUrl\":\"https:\\\/\\\/easyliferobo.com\\\/de\\\/wp-content\\\/uploads\\\/2026\\\/02\\\/Screenshot-2026-02-22-at-2.25.03-PM.png\",\"width\":1858,\"height\":430,\"caption\":\"EasyLifeBro\"},\"image\":{\"@id\":\"https:\\\/\\\/easyliferobo.com\\\/de\\\/#\\\/schema\\\/logo\\\/image\\\/\"}}]}<\/script>\n<!-- \/ Yoast SEO plugin. -->","yoast_head_json":{"title":"Roboter mit k\u00fcnstlicher Intelligenz \u2013 intelligentes intelligentes Lernspielzeug \u2013 Schreibtischroboter mit k\u00fcnstlicher Intelligenz f\u00fcr M\u00e4dchen, Erwachsene, Kinder, Geburtstagsfeiern - EasyLifeBro","description":"Entdecken Sie smarte Roboter f\u00fcr Zuhause, Garten, Bildung und Sicherheit. Vergleichen Sie Saugroboter, Rasenm\u00e4hroboter, KI-Begleitroboter und mehr bei EasyLifeRobo.","robots":{"index":"index","follow":"follow","max-snippet":"max-snippet:-1","max-image-preview":"max-image-preview:large","max-video-preview":"max-video-preview:-1"},"canonical":"https:\/\/easyliferobo.com\/de\/product\/roboter-mit-kuenstlicher-intelligenz-intelligentes-intelligentes-lernspielzeug-schreibtischroboter-mit-kuenstlicher-intelligenz-fuer-maedchen-erwachsene-kinder-geburtstagsfeiern\/","og_locale":"de_DE","og_type":"article","og_title":"Roboter mit k\u00fcnstlicher Intelligenz \u2013 intelligentes intelligentes Lernspielzeug \u2013 Schreibtischroboter mit k\u00fcnstlicher Intelligenz f\u00fcr M\u00e4dchen, Erwachsene, Kinder, Geburtstagsfeiern - EasyLifeBro","og_description":"Entdecken Sie smarte Roboter f\u00fcr Zuhause, Garten, Bildung und Sicherheit. Vergleichen Sie Saugroboter, Rasenm\u00e4hroboter, KI-Begleitroboter und mehr bei EasyLifeRobo.","og_url":"https:\/\/easyliferobo.com\/de\/product\/roboter-mit-kuenstlicher-intelligenz-intelligentes-intelligentes-lernspielzeug-schreibtischroboter-mit-kuenstlicher-intelligenz-fuer-maedchen-erwachsene-kinder-geburtstagsfeiern\/","og_site_name":"EasyLifeBro","article_modified_time":"2026-02-27T03:45:33+00:00","og_image":[{"url":"https:\/\/images-na.ssl-images-amazon.com\/images\/G\/01\/x-locale\/common\/grey-pixel.gif","type":"","width":"","height":""}],"twitter_card":"summary_large_image","twitter_misc":{"Gesch\u00e4tzte Lesezeit":"3\u00a0Minuten"},"schema":{"@context":"https:\/\/schema.org","@graph":[{"@type":"WebPage","@id":"https:\/\/easyliferobo.com\/de\/product\/roboter-mit-kuenstlicher-intelligenz-intelligentes-intelligentes-lernspielzeug-schreibtischroboter-mit-kuenstlicher-intelligenz-fuer-maedchen-erwachsene-kinder-geburtstagsfeiern\/","url":"https:\/\/easyliferobo.com\/de\/product\/roboter-mit-kuenstlicher-intelligenz-intelligentes-intelligentes-lernspielzeug-schreibtischroboter-mit-kuenstlicher-intelligenz-fuer-maedchen-erwachsene-kinder-geburtstagsfeiern\/","name":"Roboter mit k\u00fcnstlicher Intelligenz \u2013 intelligentes intelligentes Lernspielzeug \u2013 Schreibtischroboter mit k\u00fcnstlicher Intelligenz f\u00fcr M\u00e4dchen, Erwachsene, Kinder, Geburtstagsfeiern - EasyLifeBro","isPartOf":{"@id":"https:\/\/easyliferobo.com\/de\/#website"},"primaryImageOfPage":{"@id":"https:\/\/easyliferobo.com\/de\/product\/roboter-mit-kuenstlicher-intelligenz-intelligentes-intelligentes-lernspielzeug-schreibtischroboter-mit-kuenstlicher-intelligenz-fuer-maedchen-erwachsene-kinder-geburtstagsfeiern\/#primaryimage"},"image":{"@id":"https:\/\/easyliferobo.com\/de\/product\/roboter-mit-kuenstlicher-intelligenz-intelligentes-intelligentes-lernspielzeug-schreibtischroboter-mit-kuenstlicher-intelligenz-fuer-maedchen-erwachsene-kinder-geburtstagsfeiern\/#primaryimage"},"thumbnailUrl":"https:\/\/easyliferobo.com\/de\/wp-content\/uploads\/2026\/02\/71kXs1ubobL._AC_SL1500_.jpg","datePublished":"2026-02-27T03:45:13+00:00","dateModified":"2026-02-27T03:45:33+00:00","description":"Entdecken Sie smarte Roboter f\u00fcr Zuhause, Garten, Bildung und Sicherheit. Vergleichen Sie Saugroboter, Rasenm\u00e4hroboter, KI-Begleitroboter und mehr bei EasyLifeRobo.","breadcrumb":{"@id":"https:\/\/easyliferobo.com\/de\/product\/roboter-mit-kuenstlicher-intelligenz-intelligentes-intelligentes-lernspielzeug-schreibtischroboter-mit-kuenstlicher-intelligenz-fuer-maedchen-erwachsene-kinder-geburtstagsfeiern\/#breadcrumb"},"inLanguage":"de","potentialAction":[{"@type":"ReadAction","target":["https:\/\/easyliferobo.com\/de\/product\/roboter-mit-kuenstlicher-intelligenz-intelligentes-intelligentes-lernspielzeug-schreibtischroboter-mit-kuenstlicher-intelligenz-fuer-maedchen-erwachsene-kinder-geburtstagsfeiern\/"]}]},{"@type":"ImageObject","inLanguage":"de","@id":"https:\/\/easyliferobo.com\/de\/product\/roboter-mit-kuenstlicher-intelligenz-intelligentes-intelligentes-lernspielzeug-schreibtischroboter-mit-kuenstlicher-intelligenz-fuer-maedchen-erwachsene-kinder-geburtstagsfeiern\/#primaryimage","url":"https:\/\/easyliferobo.com\/de\/wp-content\/uploads\/2026\/02\/71kXs1ubobL._AC_SL1500_.jpg","contentUrl":"https:\/\/easyliferobo.com\/de\/wp-content\/uploads\/2026\/02\/71kXs1ubobL._AC_SL1500_.jpg","width":1500,"height":1371},{"@type":"BreadcrumbList","@id":"https:\/\/easyliferobo.com\/de\/product\/roboter-mit-kuenstlicher-intelligenz-intelligentes-intelligentes-lernspielzeug-schreibtischroboter-mit-kuenstlicher-intelligenz-fuer-maedchen-erwachsene-kinder-geburtstagsfeiern\/#breadcrumb","itemListElement":[{"@type":"ListItem","position":1,"name":"Home","item":"https:\/\/easyliferobo.com\/de\/"},{"@type":"ListItem","position":2,"name":"Shop","item":"https:\/\/easyliferobo.com\/de\/shop\/"},{"@type":"ListItem","position":3,"name":"Roboter mit k\u00fcnstlicher Intelligen..."}]},{"@type":"WebSite","@id":"https:\/\/easyliferobo.com\/de\/#website","url":"https:\/\/easyliferobo.com\/de\/","name":"EasyLifeBro","description":"Smarte Roboter f\u00fcr Zuhause, Garten &amp; Bildung","publisher":{"@id":"https:\/\/easyliferobo.com\/de\/#organization"},"potentialAction":[{"@type":"SearchAction","target":{"@type":"EntryPoint","urlTemplate":"https:\/\/easyliferobo.com\/de\/?s={search_term_string}"},"query-input":{"@type":"PropertyValueSpecification","valueRequired":true,"valueName":"search_term_string"}}],"inLanguage":"de"},{"@type":"Organization","@id":"https:\/\/easyliferobo.com\/de\/#organization","name":"EasyLifeBro","url":"https:\/\/easyliferobo.com\/de\/","logo":{"@type":"ImageObject","inLanguage":"de","@id":"https:\/\/easyliferobo.com\/de\/#\/schema\/logo\/image\/","url":"https:\/\/easyliferobo.com\/de\/wp-content\/uploads\/2026\/02\/Screenshot-2026-02-22-at-2.25.03-PM.png","contentUrl":"https:\/\/easyliferobo.com\/de\/wp-content\/uploads\/2026\/02\/Screenshot-2026-02-22-at-2.25.03-PM.png","width":1858,"height":430,"caption":"EasyLifeBro"},"image":{"@id":"https:\/\/easyliferobo.com\/de\/#\/schema\/logo\/image\/"}}]}},"_links":{"self":[{"href":"https:\/\/easyliferobo.com\/de\/wp-json\/wp\/v2\/product\/2316","targetHints":{"allow":["GET"]}}],"collection":[{"href":"https:\/\/easyliferobo.com\/de\/wp-json\/wp\/v2\/product"}],"about":[{"href":"https:\/\/easyliferobo.com\/de\/wp-json\/wp\/v2\/types\/product"}],"replies":[{"embeddable":true,"href":"https:\/\/easyliferobo.com\/de\/wp-json\/wp\/v2\/comments?post=2316"}],"wp:featuredmedia":[{"embeddable":true,"href":"https:\/\/easyliferobo.com\/de\/wp-json\/wp\/v2\/media\/2317"}],"wp:attachment":[{"href":"https:\/\/easyliferobo.com\/de\/wp-json\/wp\/v2\/media?parent=2316"}],"wp:term":[{"taxonomy":"store","embeddable":true,"href":"https:\/\/easyliferobo.com\/de\/wp-json\/wp\/v2\/store?post=2316"},{"taxonomy":"product_brand","embeddable":true,"href":"https:\/\/easyliferobo.com\/de\/wp-json\/wp\/v2\/product_brand?post=2316"},{"taxonomy":"product_cat","embeddable":true,"href":"https:\/\/easyliferobo.com\/de\/wp-json\/wp\/v2\/product_cat?post=2316"},{"taxonomy":"product_tag","embeddable":true,"href":"https:\/\/easyliferobo.com\/de\/wp-json\/wp\/v2\/product_tag?post=2316"}],"curies":[{"name":"wp","href":"https:\/\/api.w.org\/{rel}","templated":true}]}}