
{"id":2307,"date":"2026-02-27T03:43:00","date_gmt":"2026-02-27T03:43:00","guid":{"rendered":"https:\/\/easyliferobo.com\/de\/product\/pets-alive-magic-bunnies-pink-rabbit-candy-von-zuru-elektronisches-pluesch-ueberraschungsspielzeug-roboterhaustier-und-interaktives-spielzeug-fuer-kinder-mit-30-verschiedenen-funktionen\/"},"modified":"2026-02-27T03:43:14","modified_gmt":"2026-02-27T03:43:14","slug":"pets-alive-magic-bunnies-pink-rabbit-candy-von-zuru-elektronisches-pluesch-ueberraschungsspielzeug-roboterhaustier-und-interaktives-spielzeug-fuer-kinder-mit-30-verschiedenen-funktionen","status":"publish","type":"product","link":"https:\/\/easyliferobo.com\/de\/product\/pets-alive-magic-bunnies-pink-rabbit-candy-von-zuru-elektronisches-pluesch-ueberraschungsspielzeug-roboterhaustier-und-interaktives-spielzeug-fuer-kinder-mit-30-verschiedenen-funktionen\/","title":{"rendered":"Pets Alive Magic Bunnies Pink Rabbi..."},"content":{"rendered":"<p>\n                                             Vom Hersteller   <\/p>\n<p>                                                  <img decoding=\"async\" alt=\"Magie, Hase, M\u00e4dchen, \u00dcberraschung, Auspacken, Pl\u00fcschtier, interaktiv, Zauberhut, Zauberer\" src=\"https:\/\/images-na.ssl-images-amazon.com\/images\/G\/01\/x-locale\/common\/grey-pixel.gif\" class=\"a-lazy-loaded\" data-src=\"https:\/\/m.media-amazon.com\/images\/S\/aplus-media-library-service-media\/d364d805-1c10-4afe-a024-7831b1790000.__CR0,0,970,300_PT0_SX970_V1___.jpg\"><img decoding=\"async\" alt=\"Magie, Hase, M\u00e4dchen, \u00dcberraschung, Auspacken, Pl\u00fcschtier, interaktiv, Zauberhut, Zauberer\" src=\"https:\/\/m.media-amazon.com\/images\/S\/aplus-media-library-service-media\/d364d805-1c10-4afe-a024-7831b1790000.__CR0,0,970,300_PT0_SX970_V1___.jpg\">  <\/p>\n<p>                                                  <img decoding=\"async\" alt=\"Magie, Hase, M\u00e4dchen, \u00dcberraschung, Auspacken, Pl\u00fcschtier, interaktiv, Zauberhut, Zauberer\" src=\"https:\/\/images-na.ssl-images-amazon.com\/images\/G\/01\/x-locale\/common\/grey-pixel.gif\" class=\"a-lazy-loaded\" data-src=\"https:\/\/m.media-amazon.com\/images\/S\/aplus-media-library-service-media\/b9d65d56-9f0e-45c8-b8be-8371a7ae1a8f.__CR0,0,970,300_PT0_SX970_V1___.jpg\"><img decoding=\"async\" alt=\"Magie, Hase, M\u00e4dchen, \u00dcberraschung, Auspacken, Pl\u00fcschtier, interaktiv, Zauberhut, Zauberer\" src=\"https:\/\/m.media-amazon.com\/images\/S\/aplus-media-library-service-media\/b9d65d56-9f0e-45c8-b8be-8371a7ae1a8f.__CR0,0,970,300_PT0_SX970_V1___.jpg\">  <\/p>\n<p>                                                  <img decoding=\"async\" alt=\"Magie, Hase, M\u00e4dchen, \u00dcberraschung, Auspacken, Pl\u00fcschtier, interaktiv, Zauberhut, Zauberer\" src=\"https:\/\/images-na.ssl-images-amazon.com\/images\/G\/01\/x-locale\/common\/grey-pixel.gif\" class=\"a-lazy-loaded\" data-src=\"https:\/\/m.media-amazon.com\/images\/S\/aplus-media-library-service-media\/185b1e03-2d04-4908-a2b1-3589140e00c8.__CR0,0,970,300_PT0_SX970_V1___.jpg\"><img decoding=\"async\" alt=\"Magie, Hase, M\u00e4dchen, \u00dcberraschung, Auspacken, Pl\u00fcschtier, interaktiv, Zauberhut, Zauberer\" src=\"https:\/\/m.media-amazon.com\/images\/S\/aplus-media-library-service-media\/185b1e03-2d04-4908-a2b1-3589140e00c8.__CR0,0,970,300_PT0_SX970_V1___.jpg\">  <\/p>\n<p>                                                  <img decoding=\"async\" alt=\"Magie, Hase, M\u00e4dchen, \u00dcberraschung, Auspacken, Pl\u00fcschtier, interaktiv, Zauberhut, Zauberer\" src=\"https:\/\/images-na.ssl-images-amazon.com\/images\/G\/01\/x-locale\/common\/grey-pixel.gif\" class=\"a-lazy-loaded\" data-src=\"https:\/\/m.media-amazon.com\/images\/S\/aplus-media-library-service-media\/f65485ce-c443-464c-9d16-f46823e161ce.__CR0,0,970,300_PT0_SX970_V1___.jpg\"><img decoding=\"async\" alt=\"Magie, Hase, M\u00e4dchen, \u00dcberraschung, Auspacken, Pl\u00fcschtier, interaktiv, Zauberhut, Zauberer\" src=\"https:\/\/m.media-amazon.com\/images\/S\/aplus-media-library-service-media\/f65485ce-c443-464c-9d16-f46823e161ce.__CR0,0,970,300_PT0_SX970_V1___.jpg\">  <\/p>\n<p>                                                  <img decoding=\"async\" alt=\"Magie, Hase, M\u00e4dchen, \u00dcberraschung, Auspacken, Pl\u00fcschtier, interaktiv, Zauberhut, Zauberer\" src=\"https:\/\/images-na.ssl-images-amazon.com\/images\/G\/01\/x-locale\/common\/grey-pixel.gif\" class=\"a-lazy-loaded\" data-src=\"https:\/\/m.media-amazon.com\/images\/S\/aplus-media-library-service-media\/38b205f5-a942-4ecf-b628-3a32ab5638eb.__CR0,0,970,300_PT0_SX970_V1___.jpg\"><img decoding=\"async\" alt=\"Magie, Hase, M\u00e4dchen, \u00dcberraschung, Auspacken, Pl\u00fcschtier, interaktiv, Zauberhut, Zauberer\" src=\"https:\/\/m.media-amazon.com\/images\/S\/aplus-media-library-service-media\/38b205f5-a942-4ecf-b628-3a32ab5638eb.__CR0,0,970,300_PT0_SX970_V1___.jpg\">  <\/p>\n<p>Kreieren Sie Ihre eigene Magie: Schwingen Sie Ihren Zauberstab und erleben Sie Ihre eigene Zaubershow.<br \/>\u00dcberraschungen: Entdecken Sie \u00fcber 30 verschiedene interaktive Elemente und Geheimnisse.<br \/>Magische Lichter: Erleben Sie, wie die Ohren Ihres Hasen leuchten.<br \/>\u00dcberraschende magische Mini-Hasen Wie viele \u00dcberraschungs-Mini-Hasen finden Sie? Jeder kann seinen eigenen Zaubertrick haben!<br \/>3 zum Sammeln: Wirst du den schwarzen, rosa oder wei\u00dfen Zauberhasen entdecken? Sammle sie alle und werde zum ultimativen Zauberer.<\/p>\n<p>[ad_2]<\/p>\n","protected":false},"excerpt":{"rendered":"<p>Vom Hersteller Kreieren Sie Ihre eigene Magie: Schwingen Sie Ihren Zauberstab und erleben Sie Ihre eigene Zaubershow.\u00dcberraschungen: Entdecken Sie \u00fcber 30 verschiedene interaktive Elemente und Geheimnisse.Magische Lichter: Erleben Sie, wie die Ohren Ihres Hasen leuchten.\u00dcberraschende magische Mini-Hasen Wie viele \u00dcberraschungs-Mini-Hasen finden Sie? Jeder kann seinen eigenen Zaubertrick haben!3 zum Sammeln: Wirst du den schwarzen, rosa [&hellip;]<\/p>\n","protected":false},"featured_media":2308,"comment_status":"open","ping_status":"closed","template":"","meta":{"_aipt_faq_data":""},"store":[],"product_brand":[],"product_cat":[94],"product_tag":[128],"class_list":{"0":"post-2307","1":"product","2":"type-product","3":"status-publish","4":"has-post-thumbnail","6":"product_cat-roboter-haustiere","7":"product_tag-roboter-haustiere-interaktive-spielzeug","9":"first","10":"instock","11":"sale","12":"shipping-taxable","13":"product-type-external"},"yoast_head":"<!-- This site is optimized with the Yoast SEO plugin v27.0 - https:\/\/yoast.com\/product\/yoast-seo-wordpress\/ -->\n<title>Pets Alive Magic Bunnies Pink Rabbit (Candy) von ZURU Elektronisches Pl\u00fcsch-\u00dcberraschungsspielzeug, Roboterhaustier und interaktives Spielzeug f\u00fcr Kinder mit 30 verschiedenen Funktionen - EasyLifeBro<\/title>\n<meta name=\"description\" content=\"Entdecken Sie smarte Roboter f\u00fcr Zuhause, Garten, Bildung und Sicherheit. Vergleichen Sie Saugroboter, Rasenm\u00e4hroboter, KI-Begleitroboter und mehr bei EasyLifeRobo.\" \/>\n<meta name=\"robots\" content=\"index, follow, max-snippet:-1, max-image-preview:large, max-video-preview:-1\" \/>\n<link rel=\"canonical\" href=\"https:\/\/easyliferobo.com\/de\/product\/pets-alive-magic-bunnies-pink-rabbit-candy-von-zuru-elektronisches-pluesch-ueberraschungsspielzeug-roboterhaustier-und-interaktives-spielzeug-fuer-kinder-mit-30-verschiedenen-funktionen\/\" \/>\n<meta property=\"og:locale\" content=\"de_DE\" \/>\n<meta property=\"og:type\" content=\"article\" \/>\n<meta property=\"og:title\" content=\"Pets Alive Magic Bunnies Pink Rabbit (Candy) von ZURU Elektronisches Pl\u00fcsch-\u00dcberraschungsspielzeug, Roboterhaustier und interaktives Spielzeug f\u00fcr Kinder mit 30 verschiedenen Funktionen - EasyLifeBro\" \/>\n<meta property=\"og:description\" content=\"Entdecken Sie smarte Roboter f\u00fcr Zuhause, Garten, Bildung und Sicherheit. Vergleichen Sie Saugroboter, Rasenm\u00e4hroboter, KI-Begleitroboter und mehr bei EasyLifeRobo.\" \/>\n<meta property=\"og:url\" content=\"https:\/\/easyliferobo.com\/de\/product\/pets-alive-magic-bunnies-pink-rabbit-candy-von-zuru-elektronisches-pluesch-ueberraschungsspielzeug-roboterhaustier-und-interaktives-spielzeug-fuer-kinder-mit-30-verschiedenen-funktionen\/\" \/>\n<meta property=\"og:site_name\" content=\"EasyLifeBro\" \/>\n<meta property=\"article:modified_time\" content=\"2026-02-27T03:43:14+00:00\" \/>\n<meta property=\"og:image\" content=\"https:\/\/images-na.ssl-images-amazon.com\/images\/G\/01\/x-locale\/common\/grey-pixel.gif\" \/>\n<meta name=\"twitter:card\" content=\"summary_large_image\" \/>\n<script type=\"application\/ld+json\" class=\"yoast-schema-graph\">{\"@context\":\"https:\/\/schema.org\",\"@graph\":[{\"@type\":\"WebPage\",\"@id\":\"https:\/\/easyliferobo.com\/de\/product\/pets-alive-magic-bunnies-pink-rabbit-candy-von-zuru-elektronisches-pluesch-ueberraschungsspielzeug-roboterhaustier-und-interaktives-spielzeug-fuer-kinder-mit-30-verschiedenen-funktionen\/\",\"url\":\"https:\/\/easyliferobo.com\/de\/product\/pets-alive-magic-bunnies-pink-rabbit-candy-von-zuru-elektronisches-pluesch-ueberraschungsspielzeug-roboterhaustier-und-interaktives-spielzeug-fuer-kinder-mit-30-verschiedenen-funktionen\/\",\"name\":\"Pets Alive Magic Bunnies Pink Rabbit (Candy) von ZURU Elektronisches Pl\u00fcsch-\u00dcberraschungsspielzeug, Roboterhaustier und interaktives Spielzeug f\u00fcr Kinder mit 30 verschiedenen Funktionen - EasyLifeBro\",\"isPartOf\":{\"@id\":\"https:\/\/easyliferobo.com\/de\/#website\"},\"primaryImageOfPage\":{\"@id\":\"https:\/\/easyliferobo.com\/de\/product\/pets-alive-magic-bunnies-pink-rabbit-candy-von-zuru-elektronisches-pluesch-ueberraschungsspielzeug-roboterhaustier-und-interaktives-spielzeug-fuer-kinder-mit-30-verschiedenen-funktionen\/#primaryimage\"},\"image\":{\"@id\":\"https:\/\/easyliferobo.com\/de\/product\/pets-alive-magic-bunnies-pink-rabbit-candy-von-zuru-elektronisches-pluesch-ueberraschungsspielzeug-roboterhaustier-und-interaktives-spielzeug-fuer-kinder-mit-30-verschiedenen-funktionen\/#primaryimage\"},\"thumbnailUrl\":\"https:\/\/easyliferobo.com\/de\/wp-content\/uploads\/2026\/02\/81PYmUww4JL._AC_SL1500_.jpg\",\"datePublished\":\"2026-02-27T03:43:00+00:00\",\"dateModified\":\"2026-02-27T03:43:14+00:00\",\"description\":\"Entdecken Sie smarte Roboter f\u00fcr Zuhause, Garten, Bildung und Sicherheit. Vergleichen Sie Saugroboter, Rasenm\u00e4hroboter, KI-Begleitroboter und mehr bei EasyLifeRobo.\",\"breadcrumb\":{\"@id\":\"https:\/\/easyliferobo.com\/de\/product\/pets-alive-magic-bunnies-pink-rabbit-candy-von-zuru-elektronisches-pluesch-ueberraschungsspielzeug-roboterhaustier-und-interaktives-spielzeug-fuer-kinder-mit-30-verschiedenen-funktionen\/#breadcrumb\"},\"inLanguage\":\"de\",\"potentialAction\":[{\"@type\":\"ReadAction\",\"target\":[\"https:\/\/easyliferobo.com\/de\/product\/pets-alive-magic-bunnies-pink-rabbit-candy-von-zuru-elektronisches-pluesch-ueberraschungsspielzeug-roboterhaustier-und-interaktives-spielzeug-fuer-kinder-mit-30-verschiedenen-funktionen\/\"]}]},{\"@type\":\"ImageObject\",\"inLanguage\":\"de\",\"@id\":\"https:\/\/easyliferobo.com\/de\/product\/pets-alive-magic-bunnies-pink-rabbit-candy-von-zuru-elektronisches-pluesch-ueberraschungsspielzeug-roboterhaustier-und-interaktives-spielzeug-fuer-kinder-mit-30-verschiedenen-funktionen\/#primaryimage\",\"url\":\"https:\/\/easyliferobo.com\/de\/wp-content\/uploads\/2026\/02\/81PYmUww4JL._AC_SL1500_.jpg\",\"contentUrl\":\"https:\/\/easyliferobo.com\/de\/wp-content\/uploads\/2026\/02\/81PYmUww4JL._AC_SL1500_.jpg\",\"width\":1500,\"height\":1488},{\"@type\":\"BreadcrumbList\",\"@id\":\"https:\/\/easyliferobo.com\/de\/product\/pets-alive-magic-bunnies-pink-rabbit-candy-von-zuru-elektronisches-pluesch-ueberraschungsspielzeug-roboterhaustier-und-interaktives-spielzeug-fuer-kinder-mit-30-verschiedenen-funktionen\/#breadcrumb\",\"itemListElement\":[{\"@type\":\"ListItem\",\"position\":1,\"name\":\"Home\",\"item\":\"https:\/\/easyliferobo.com\/de\/\"},{\"@type\":\"ListItem\",\"position\":2,\"name\":\"Shop\",\"item\":\"https:\/\/easyliferobo.com\/de\/shop\/\"},{\"@type\":\"ListItem\",\"position\":3,\"name\":\"Pets Alive Magic Bunnies Pink Rabbi...\"}]},{\"@type\":\"WebSite\",\"@id\":\"https:\/\/easyliferobo.com\/de\/#website\",\"url\":\"https:\/\/easyliferobo.com\/de\/\",\"name\":\"EasyLifeBro\",\"description\":\"Smarte Roboter f\u00fcr Zuhause, Garten &amp; Bildung\",\"publisher\":{\"@id\":\"https:\/\/easyliferobo.com\/de\/#organization\"},\"potentialAction\":[{\"@type\":\"SearchAction\",\"target\":{\"@type\":\"EntryPoint\",\"urlTemplate\":\"https:\/\/easyliferobo.com\/de\/?s={search_term_string}\"},\"query-input\":{\"@type\":\"PropertyValueSpecification\",\"valueRequired\":true,\"valueName\":\"search_term_string\"}}],\"inLanguage\":\"de\"},{\"@type\":\"Organization\",\"@id\":\"https:\/\/easyliferobo.com\/de\/#organization\",\"name\":\"EasyLifeBro\",\"url\":\"https:\/\/easyliferobo.com\/de\/\",\"logo\":{\"@type\":\"ImageObject\",\"inLanguage\":\"de\",\"@id\":\"https:\/\/easyliferobo.com\/de\/#\/schema\/logo\/image\/\",\"url\":\"https:\/\/easyliferobo.com\/de\/wp-content\/uploads\/2026\/02\/Screenshot-2026-02-22-at-2.25.03-PM.png\",\"contentUrl\":\"https:\/\/easyliferobo.com\/de\/wp-content\/uploads\/2026\/02\/Screenshot-2026-02-22-at-2.25.03-PM.png\",\"width\":1858,\"height\":430,\"caption\":\"EasyLifeBro\"},\"image\":{\"@id\":\"https:\/\/easyliferobo.com\/de\/#\/schema\/logo\/image\/\"}}]}<\/script>\n<!-- \/ Yoast SEO plugin. -->","yoast_head_json":{"title":"Pets Alive Magic Bunnies Pink Rabbit (Candy) von ZURU Elektronisches Pl\u00fcsch-\u00dcberraschungsspielzeug, Roboterhaustier und interaktives Spielzeug f\u00fcr Kinder mit 30 verschiedenen Funktionen - EasyLifeBro","description":"Entdecken Sie smarte Roboter f\u00fcr Zuhause, Garten, Bildung und Sicherheit. Vergleichen Sie Saugroboter, Rasenm\u00e4hroboter, KI-Begleitroboter und mehr bei EasyLifeRobo.","robots":{"index":"index","follow":"follow","max-snippet":"max-snippet:-1","max-image-preview":"max-image-preview:large","max-video-preview":"max-video-preview:-1"},"canonical":"https:\/\/easyliferobo.com\/de\/product\/pets-alive-magic-bunnies-pink-rabbit-candy-von-zuru-elektronisches-pluesch-ueberraschungsspielzeug-roboterhaustier-und-interaktives-spielzeug-fuer-kinder-mit-30-verschiedenen-funktionen\/","og_locale":"de_DE","og_type":"article","og_title":"Pets Alive Magic Bunnies Pink Rabbit (Candy) von ZURU Elektronisches Pl\u00fcsch-\u00dcberraschungsspielzeug, Roboterhaustier und interaktives Spielzeug f\u00fcr Kinder mit 30 verschiedenen Funktionen - EasyLifeBro","og_description":"Entdecken Sie smarte Roboter f\u00fcr Zuhause, Garten, Bildung und Sicherheit. Vergleichen Sie Saugroboter, Rasenm\u00e4hroboter, KI-Begleitroboter und mehr bei EasyLifeRobo.","og_url":"https:\/\/easyliferobo.com\/de\/product\/pets-alive-magic-bunnies-pink-rabbit-candy-von-zuru-elektronisches-pluesch-ueberraschungsspielzeug-roboterhaustier-und-interaktives-spielzeug-fuer-kinder-mit-30-verschiedenen-funktionen\/","og_site_name":"EasyLifeBro","article_modified_time":"2026-02-27T03:43:14+00:00","og_image":[{"url":"https:\/\/images-na.ssl-images-amazon.com\/images\/G\/01\/x-locale\/common\/grey-pixel.gif","type":"","width":"","height":""}],"twitter_card":"summary_large_image","schema":{"@context":"https:\/\/schema.org","@graph":[{"@type":"WebPage","@id":"https:\/\/easyliferobo.com\/de\/product\/pets-alive-magic-bunnies-pink-rabbit-candy-von-zuru-elektronisches-pluesch-ueberraschungsspielzeug-roboterhaustier-und-interaktives-spielzeug-fuer-kinder-mit-30-verschiedenen-funktionen\/","url":"https:\/\/easyliferobo.com\/de\/product\/pets-alive-magic-bunnies-pink-rabbit-candy-von-zuru-elektronisches-pluesch-ueberraschungsspielzeug-roboterhaustier-und-interaktives-spielzeug-fuer-kinder-mit-30-verschiedenen-funktionen\/","name":"Pets Alive Magic Bunnies Pink Rabbit (Candy) von ZURU Elektronisches Pl\u00fcsch-\u00dcberraschungsspielzeug, Roboterhaustier und interaktives Spielzeug f\u00fcr Kinder mit 30 verschiedenen Funktionen - EasyLifeBro","isPartOf":{"@id":"https:\/\/easyliferobo.com\/de\/#website"},"primaryImageOfPage":{"@id":"https:\/\/easyliferobo.com\/de\/product\/pets-alive-magic-bunnies-pink-rabbit-candy-von-zuru-elektronisches-pluesch-ueberraschungsspielzeug-roboterhaustier-und-interaktives-spielzeug-fuer-kinder-mit-30-verschiedenen-funktionen\/#primaryimage"},"image":{"@id":"https:\/\/easyliferobo.com\/de\/product\/pets-alive-magic-bunnies-pink-rabbit-candy-von-zuru-elektronisches-pluesch-ueberraschungsspielzeug-roboterhaustier-und-interaktives-spielzeug-fuer-kinder-mit-30-verschiedenen-funktionen\/#primaryimage"},"thumbnailUrl":"https:\/\/easyliferobo.com\/de\/wp-content\/uploads\/2026\/02\/81PYmUww4JL._AC_SL1500_.jpg","datePublished":"2026-02-27T03:43:00+00:00","dateModified":"2026-02-27T03:43:14+00:00","description":"Entdecken Sie smarte Roboter f\u00fcr Zuhause, Garten, Bildung und Sicherheit. Vergleichen Sie Saugroboter, Rasenm\u00e4hroboter, KI-Begleitroboter und mehr bei EasyLifeRobo.","breadcrumb":{"@id":"https:\/\/easyliferobo.com\/de\/product\/pets-alive-magic-bunnies-pink-rabbit-candy-von-zuru-elektronisches-pluesch-ueberraschungsspielzeug-roboterhaustier-und-interaktives-spielzeug-fuer-kinder-mit-30-verschiedenen-funktionen\/#breadcrumb"},"inLanguage":"de","potentialAction":[{"@type":"ReadAction","target":["https:\/\/easyliferobo.com\/de\/product\/pets-alive-magic-bunnies-pink-rabbit-candy-von-zuru-elektronisches-pluesch-ueberraschungsspielzeug-roboterhaustier-und-interaktives-spielzeug-fuer-kinder-mit-30-verschiedenen-funktionen\/"]}]},{"@type":"ImageObject","inLanguage":"de","@id":"https:\/\/easyliferobo.com\/de\/product\/pets-alive-magic-bunnies-pink-rabbit-candy-von-zuru-elektronisches-pluesch-ueberraschungsspielzeug-roboterhaustier-und-interaktives-spielzeug-fuer-kinder-mit-30-verschiedenen-funktionen\/#primaryimage","url":"https:\/\/easyliferobo.com\/de\/wp-content\/uploads\/2026\/02\/81PYmUww4JL._AC_SL1500_.jpg","contentUrl":"https:\/\/easyliferobo.com\/de\/wp-content\/uploads\/2026\/02\/81PYmUww4JL._AC_SL1500_.jpg","width":1500,"height":1488},{"@type":"BreadcrumbList","@id":"https:\/\/easyliferobo.com\/de\/product\/pets-alive-magic-bunnies-pink-rabbit-candy-von-zuru-elektronisches-pluesch-ueberraschungsspielzeug-roboterhaustier-und-interaktives-spielzeug-fuer-kinder-mit-30-verschiedenen-funktionen\/#breadcrumb","itemListElement":[{"@type":"ListItem","position":1,"name":"Home","item":"https:\/\/easyliferobo.com\/de\/"},{"@type":"ListItem","position":2,"name":"Shop","item":"https:\/\/easyliferobo.com\/de\/shop\/"},{"@type":"ListItem","position":3,"name":"Pets Alive Magic Bunnies Pink Rabbi..."}]},{"@type":"WebSite","@id":"https:\/\/easyliferobo.com\/de\/#website","url":"https:\/\/easyliferobo.com\/de\/","name":"EasyLifeBro","description":"Smarte Roboter f\u00fcr Zuhause, Garten &amp; Bildung","publisher":{"@id":"https:\/\/easyliferobo.com\/de\/#organization"},"potentialAction":[{"@type":"SearchAction","target":{"@type":"EntryPoint","urlTemplate":"https:\/\/easyliferobo.com\/de\/?s={search_term_string}"},"query-input":{"@type":"PropertyValueSpecification","valueRequired":true,"valueName":"search_term_string"}}],"inLanguage":"de"},{"@type":"Organization","@id":"https:\/\/easyliferobo.com\/de\/#organization","name":"EasyLifeBro","url":"https:\/\/easyliferobo.com\/de\/","logo":{"@type":"ImageObject","inLanguage":"de","@id":"https:\/\/easyliferobo.com\/de\/#\/schema\/logo\/image\/","url":"https:\/\/easyliferobo.com\/de\/wp-content\/uploads\/2026\/02\/Screenshot-2026-02-22-at-2.25.03-PM.png","contentUrl":"https:\/\/easyliferobo.com\/de\/wp-content\/uploads\/2026\/02\/Screenshot-2026-02-22-at-2.25.03-PM.png","width":1858,"height":430,"caption":"EasyLifeBro"},"image":{"@id":"https:\/\/easyliferobo.com\/de\/#\/schema\/logo\/image\/"}}]}},"_links":{"self":[{"href":"https:\/\/easyliferobo.com\/de\/wp-json\/wp\/v2\/product\/2307","targetHints":{"allow":["GET"]}}],"collection":[{"href":"https:\/\/easyliferobo.com\/de\/wp-json\/wp\/v2\/product"}],"about":[{"href":"https:\/\/easyliferobo.com\/de\/wp-json\/wp\/v2\/types\/product"}],"replies":[{"embeddable":true,"href":"https:\/\/easyliferobo.com\/de\/wp-json\/wp\/v2\/comments?post=2307"}],"wp:featuredmedia":[{"embeddable":true,"href":"https:\/\/easyliferobo.com\/de\/wp-json\/wp\/v2\/media\/2308"}],"wp:attachment":[{"href":"https:\/\/easyliferobo.com\/de\/wp-json\/wp\/v2\/media?parent=2307"}],"wp:term":[{"taxonomy":"store","embeddable":true,"href":"https:\/\/easyliferobo.com\/de\/wp-json\/wp\/v2\/store?post=2307"},{"taxonomy":"product_brand","embeddable":true,"href":"https:\/\/easyliferobo.com\/de\/wp-json\/wp\/v2\/product_brand?post=2307"},{"taxonomy":"product_cat","embeddable":true,"href":"https:\/\/easyliferobo.com\/de\/wp-json\/wp\/v2\/product_cat?post=2307"},{"taxonomy":"product_tag","embeddable":true,"href":"https:\/\/easyliferobo.com\/de\/wp-json\/wp\/v2\/product_tag?post=2307"}],"curies":[{"name":"wp","href":"https:\/\/api.w.org\/{rel}","templated":true}]}}