
{"id":2250,"date":"2026-02-27T03:30:07","date_gmt":"2026-02-27T03:30:07","guid":{"rendered":"https:\/\/easyliferobo.com\/de\/product\/h11-gps-drohne-mit-kamera-4k-fuer-erwachsene-und-kinder-bildschirmfernbedienung-drohne-die-ihnen-folgt-zwei-intelligente-batterien-45-minuten-flugzeit-autorueckfuehrung-buerstenloser-motor-un\/"},"modified":"2026-02-27T03:30:23","modified_gmt":"2026-02-27T03:30:23","slug":"h11-gps-drohne-mit-kamera-4k-fuer-erwachsene-und-kinder-bildschirmfernbedienung-drohne-die-ihnen-folgt-zwei-intelligente-batterien-45-minuten-flugzeit-autorueckfuehrung-buerstenloser-motor-un","status":"publish","type":"product","link":"https:\/\/easyliferobo.com\/de\/product\/h11-gps-drohne-mit-kamera-4k-fuer-erwachsene-und-kinder-bildschirmfernbedienung-drohne-die-ihnen-folgt-zwei-intelligente-batterien-45-minuten-flugzeit-autorueckfuehrung-buerstenloser-motor-un\/","title":{"rendered":"H11 GPS-Drohne mit Kamera 4K f\u00fcr E..."},"content":{"rendered":"<p>\n                                             Produktbeschreibung   <\/p>\n<p>                                                                                                       <img decoding=\"async\" alt=\"Der Text lautet &#39;H11 CPS 4K&#39; und \u201eKAMERA MIT HD-BILDSCHIRM\u201c. Bilder, die etwas zeigen, was wie eine Drohne oder ein Luftkamerasystem aussieht.\" src=\"https:\/\/images-na.ssl-images-amazon.com\/images\/G\/01\/x-locale\/common\/grey-pixel.gif\" class=\"a-lazy-loaded\" data-src=\"https:\/\/m.media-amazon.com\/images\/S\/aplus-media-library-service-media\/96652e90-52e0-4e0d-875e-97bc2d2f0c49.__CR0,0,1464,600_PT0_SX1464_V1___.jpg\"><img decoding=\"async\" alt=\"Der Text lautet &#39;H11 CPS 4K&#39; und \u201eKAMERA MIT HD-BILDSCHIRM\u201c. Bilder, die etwas zeigen, was wie eine Drohne oder ein Luftkamerasystem aussieht.\" src=\"https:\/\/m.media-amazon.com\/images\/S\/aplus-media-library-service-media\/96652e90-52e0-4e0d-875e-97bc2d2f0c49.__CR0,0,1464,600_PT0_SX1464_V1___.jpg\">                                               <\/p>\n<p>                                                                                                       <img decoding=\"async\" alt=\"Der Text lautet \u201e\u00dcbertragung\u201c. Mehrere Panels zeigen H\u00e4nde, die ein Spielger\u00e4t halten, und auf Bildschirmen werden Gameplay-Aufnahmen angezeigt.\" src=\"https:\/\/images-na.ssl-images-amazon.com\/images\/G\/01\/x-locale\/common\/grey-pixel.gif\" class=\"a-lazy-loaded\" data-src=\"https:\/\/m.media-amazon.com\/images\/S\/aplus-media-library-service-media\/8cce0127-8438-4e97-855e-97cf9333f63a.__CR0,0,1464,600_PT0_SX1464_V1___.jpg\"><img decoding=\"async\" alt=\"Der Text lautet \u201e\u00dcbertragung\u201c. Mehrere Panels zeigen H\u00e4nde, die ein Spielger\u00e4t halten, und auf Bildschirmen werden Gameplay-Aufnahmen angezeigt.\" src=\"https:\/\/m.media-amazon.com\/images\/S\/aplus-media-library-service-media\/8cce0127-8438-4e97-855e-97cf9333f63a.__CR0,0,1464,600_PT0_SX1464_V1___.jpg\">                                               <\/p>\n<p>                                                                                                       <img decoding=\"async\" alt=\"Aplus-Inhaltsbild\" src=\"https:\/\/images-na.ssl-images-amazon.com\/images\/G\/01\/x-locale\/common\/grey-pixel.gif\" class=\"a-lazy-loaded\" data-src=\"https:\/\/m.media-amazon.com\/images\/S\/aplus-media-library-service-media\/2383891e-2290-4851-b604-c64b64d176c2.__CR0,0,1464,600_PT0_SX1464_V1___.jpg\"><img decoding=\"async\" alt=\"Aplus-Inhaltsbild\" src=\"https:\/\/m.media-amazon.com\/images\/S\/aplus-media-library-service-media\/2383891e-2290-4851-b604-c64b64d176c2.__CR0,0,1464,600_PT0_SX1464_V1___.jpg\">                                               <\/p>\n<p>                                                                                                                  <img decoding=\"async\" alt=\"Der Text lautet \u201eAutomatische R\u00fcckkehr\u201c. Luftdrohne im Flug \u00fcber eine Berglandschaft mit Sonnenuntergangshintergrund. Produktvorf\u00fchrung im Freien.\" src=\"https:\/\/m.media-amazon.com\/images\/S\/aplus-media-library-service-media\/ef1f97fa-71dc-4555-b17c-405af9dd432b.__CR0,0,1464,600_PT0_SX1464_V1___.jpg\">                                                    <img decoding=\"async\" alt=\"Der Text lautet \u201eSehensw\u00fcrdigkeit\u201c und \u201eFolgen Sie mir\u201c. Malerische Berglandschaften mit Silhouetten von Menschen, die Fotos vor einem dramatischen Himmel machen.\" src=\"https:\/\/m.media-amazon.com\/images\/S\/aplus-media-library-service-media\/005bd05c-972b-46f6-9325-60cfa4d978b1.__CR0,0,1464,600_PT0_SX1464_V1___.jpg\">                                                    <img decoding=\"async\" alt=\"Aplus-Inhaltsbild\" src=\"https:\/\/m.media-amazon.com\/images\/S\/aplus-media-library-service-media\/2a52fd0e-82f7-4a5d-ab0d-0a1f246d536a.__CR0,0,1464,600_PT0_SX1464_V1___.jpg\">                                                    <img decoding=\"async\" alt=\"Der Text lautet \u201eStabiler Schwebeflug\u201c. Landschaftsaufnahme aus der Luft, die eine Drohne oder ein Flugger\u00e4t zeigt, das malerische Berg- oder W\u00fcstengel\u00e4nde einf\u00e4ngt.\" src=\"https:\/\/m.media-amazon.com\/images\/S\/aplus-media-library-service-media\/59f78a24-3041-471a-b0c6-bac734ef88d3.__CR0,0,1464,600_PT0_SX1464_V1___.jpg\"><br \/>\n                            1 Automatische R\u00fcckkehr 2 Follow Me 3 Kreisflug 4 Stabiler Schwebeflug <\/p>\n<p>                                                                                                                    <img decoding=\"async\" alt=\"Der Text lautete \u201eTPC Ladung\u201c. Das Interface-Display zeigt einen Kamera- oder Ger\u00e4tebildschirm mit Navigationsmen\u00fc und einer Vorschau auf die malerischen Berge.\" src=\"https:\/\/m.media-amazon.com\/images\/S\/aplus-media-library-service-media\/976bb4b3-ace6-4fa5-88b9-d44e9574b888.__CR0,0,1464,600_PT0_SX1464_V1___.jpg\">                                                    <img decoding=\"async\" alt=\"Aplus-Inhaltsbild\" src=\"https:\/\/m.media-amazon.com\/images\/S\/aplus-media-library-service-media\/073da886-406b-40a6-8e9b-f43067bc1bb8.__CR0,0,1464,600_PT0_SX1464_V1___.jpg\">                                                    <img decoding=\"async\" alt=\"Aplus-Inhaltsbild\" src=\"https:\/\/m.media-amazon.com\/images\/S\/aplus-media-library-service-media\/52bbf801-a11f-4d88-a636-25dd79a4a133.__CR0,0,1464,600_PT0_SX1464_V1___.jpg\">                                                    <img decoding=\"async\" alt=\"Der Text lautet \u201e5C FPV-Echtzeit-\u00dcbertragung\u201c. Ferngesteuerter Betrieb einer Drohne, die durch die Canyon-Landschaft fliegt, mit Live-Video\u00fcbertragung auf dem tragbaren Ger\u00e4t.\" src=\"https:\/\/m.media-amazon.com\/images\/S\/aplus-media-library-service-media\/a8e99d76-1491-49c0-b924-6debde7caa60.__CR0,0,1464,600_PT0_SX1464_V1___.jpg\">                                                    <img decoding=\"async\" alt=\"Nahaufnahmen von an der Wand montierten Elektro- oder Smart-Home-Ger\u00e4ten mit LED-Anzeigen, die verschiedene Installationswinkel auf strukturierten Wandoberfl\u00e4chen zeigen.\" src=\"https:\/\/m.media-amazon.com\/images\/S\/aplus-media-library-service-media\/59ab6585-ec9d-4ad0-9bc1-63cc4ad31778.__CR0,0,1464,600_PT0_SX1464_V1___.jpg\"><br \/>\n                            1 Neues Upgrade 2 45 Minuten Flugzeit 3 \u200b\u200bB\u00dcRSTENLOSER MOTOR 4 FPV-Echtzeit-\u00dcbertragung 5 Transportieren &#038; Faltbar <\/p>\n<p>                                                                                                       <img decoding=\"async\" alt=\"Aplus-Inhaltsbild\" src=\"https:\/\/images-na.ssl-images-amazon.com\/images\/G\/01\/x-locale\/common\/grey-pixel.gif\" class=\"a-lazy-loaded\" data-src=\"https:\/\/m.media-amazon.com\/images\/S\/aplus-media-library-service-media\/f470337d-7c35-4f38-a76d-525cb375faf1.__CR0,0,1464,600_PT0_SX1464_V1___.jpg\"><img decoding=\"async\" alt=\"Aplus-Inhaltsbild\" src=\"https:\/\/m.media-amazon.com\/images\/S\/aplus-media-library-service-media\/f470337d-7c35-4f38-a76d-525cb375faf1.__CR0,0,1464,600_PT0_SX1464_V1___.jpg\">                                               <\/p>\n<p>                                                                                                       <img decoding=\"async\" alt=\"Aplus-Inhaltsbild\" src=\"https:\/\/images-na.ssl-images-amazon.com\/images\/G\/01\/x-locale\/common\/grey-pixel.gif\" class=\"a-lazy-loaded\" data-src=\"https:\/\/m.media-amazon.com\/images\/S\/aplus-media-library-service-media\/6b2e40f0-f8ae-4866-9c4a-888561f703cc.__CR0,0,1464,600_PT0_SX1464_V1___.jpg\"><img decoding=\"async\" alt=\"Aplus-Inhaltsbild\" src=\"https:\/\/m.media-amazon.com\/images\/S\/aplus-media-library-service-media\/6b2e40f0-f8ae-4866-9c4a-888561f703cc.__CR0,0,1464,600_PT0_SX1464_V1___.jpg\">                                               <\/p>\n<p>Inklusive neuer Fernbedienung mit integrierter App und 4,5 Zoll HD-Display f\u00fcr scharfe Bilder auch bei direkter Sonneneinstrahlung<br \/>Unter 249 g, kein Drohnenf\u00fchrerschein erforderlich \u2013 Leicht, konform mit den C0-Vorschriften, in den meisten L\u00e4ndern ist kein Drohnenf\u00fchrerschein erforderlich; Genie\u00dfen Sie den Spa\u00df am Fliegen ohne langwierigen Bewerbungsprozess und Wartezeit<br \/>45 Minuten verl\u00e4ngerte Akkulaufzeit \u2013 Mit einer Akkulaufzeit von bis zu 45 Minuten k\u00f6nnen Sie den H11 auf langen Fl\u00fcgen mitnehmen, ohne sich Gedanken \u00fcber den Akku machen zu m\u00fcssen.<br \/>Intelligente Flugmodi in der App: Funktionen wie Follow Me. Wegpunkt- und Kreisflug helfen Ihnen, auch ohne Vorkenntnisse kreative Videos aufzunehmen.<br \/>Anf\u00e4ngerfreundlich und sicher \u2013 Entwickelt f\u00fcr Anf\u00e4nger, GPS Return to Home (RTH), pr\u00e4zises Schweben, automatisches Starten\/Landen, f\u00fcr mehr Sicherheit beim Fliegen. Weitere In-App-Lernhilfen helfen Ihnen, den Flug schnell zu meistern.<br \/>B\u00fcrstenlose Motoren: mehr Schub, weniger Verschlei\u00df. Die Drohne fliegt leiser, effizienter und bleibt auch bei Wind stabil, ideal f\u00fcr Naturfl\u00fcge.<br \/>\u3010Sicherheit &#038; Support\u3011\u2460 Tutorial-Videos zum Schnelleinstieg \u2461Hilfe bei Drohnenproblemen: F\u00fcr technischen Support oder Anfragen zu Drohnenzubeh\u00f6r wenden Sie sich bitte an unser Kundendienstteam.<\/p>\n<p>[ad_2]<\/p>\n","protected":false},"excerpt":{"rendered":"<p>Produktbeschreibung 1 Automatische R\u00fcckkehr 2 Follow Me 3 Kreisflug 4 Stabiler Schwebeflug 1 Neues Upgrade 2 45 Minuten Flugzeit 3 \u200b\u200bB\u00dcRSTENLOSER MOTOR 4 FPV-Echtzeit-\u00dcbertragung 5 Transportieren &#038; Faltbar Inklusive neuer Fernbedienung mit integrierter App und 4,5 Zoll HD-Display f\u00fcr scharfe Bilder auch bei direkter SonneneinstrahlungUnter 249 g, kein Drohnenf\u00fchrerschein erforderlich \u2013 Leicht, konform mit den [&hellip;]<\/p>\n","protected":false},"featured_media":2251,"comment_status":"open","ping_status":"closed","template":"","meta":{"_aipt_faq_data":""},"store":[],"product_brand":[401],"product_cat":[103],"product_tag":[400],"class_list":{"0":"post-2250","1":"product","2":"type-product","3":"status-publish","4":"has-post-thumbnail","6":"product_brand-topblasterbox","7":"product_cat-kamera-drohnen","8":"product_tag-kamera-drohnen-mit-langer-flugzeit","10":"first","11":"instock","12":"sale","13":"shipping-taxable","14":"product-type-external"},"yoast_head":"<!-- This site is optimized with the Yoast SEO plugin v27.0 - https:\/\/yoast.com\/product\/yoast-seo-wordpress\/ -->\n<title>H11 GPS-Drohne mit Kamera 4K f\u00fcr Erwachsene und Kinder (Bildschirmfernbedienung), Drohne, die Ihnen folgt, zwei intelligente Batterien, 45 Minuten Flugzeit, Autor\u00fcckf\u00fchrung, b\u00fcrstenloser Motor, unter 249 g, C0 - EasyLifeBro<\/title>\n<meta name=\"description\" content=\"Entdecken Sie smarte Roboter f\u00fcr Zuhause, Garten, Bildung und Sicherheit. Vergleichen Sie Saugroboter, Rasenm\u00e4hroboter, KI-Begleitroboter und mehr bei EasyLifeRobo.\" \/>\n<meta name=\"robots\" content=\"index, follow, max-snippet:-1, max-image-preview:large, max-video-preview:-1\" \/>\n<link rel=\"canonical\" href=\"https:\/\/easyliferobo.com\/de\/product\/h11-gps-drohne-mit-kamera-4k-fuer-erwachsene-und-kinder-bildschirmfernbedienung-drohne-die-ihnen-folgt-zwei-intelligente-batterien-45-minuten-flugzeit-autorueckfuehrung-buerstenloser-motor-un\/\" \/>\n<meta property=\"og:locale\" content=\"de_DE\" \/>\n<meta property=\"og:type\" content=\"article\" \/>\n<meta property=\"og:title\" content=\"H11 GPS-Drohne mit Kamera 4K f\u00fcr Erwachsene und Kinder (Bildschirmfernbedienung), Drohne, die Ihnen folgt, zwei intelligente Batterien, 45 Minuten Flugzeit, Autor\u00fcckf\u00fchrung, b\u00fcrstenloser Motor, unter 249 g, C0 - EasyLifeBro\" \/>\n<meta property=\"og:description\" content=\"Entdecken Sie smarte Roboter f\u00fcr Zuhause, Garten, Bildung und Sicherheit. Vergleichen Sie Saugroboter, Rasenm\u00e4hroboter, KI-Begleitroboter und mehr bei EasyLifeRobo.\" \/>\n<meta property=\"og:url\" content=\"https:\/\/easyliferobo.com\/de\/product\/h11-gps-drohne-mit-kamera-4k-fuer-erwachsene-und-kinder-bildschirmfernbedienung-drohne-die-ihnen-folgt-zwei-intelligente-batterien-45-minuten-flugzeit-autorueckfuehrung-buerstenloser-motor-un\/\" \/>\n<meta property=\"og:site_name\" content=\"EasyLifeBro\" \/>\n<meta property=\"article:modified_time\" content=\"2026-02-27T03:30:23+00:00\" \/>\n<meta property=\"og:image\" content=\"https:\/\/images-na.ssl-images-amazon.com\/images\/G\/01\/x-locale\/common\/grey-pixel.gif\" \/>\n<meta name=\"twitter:card\" content=\"summary_large_image\" \/>\n<meta name=\"twitter:label1\" content=\"Gesch\u00e4tzte Lesezeit\" \/>\n\t<meta name=\"twitter:data1\" content=\"1\u00a0Minute\" \/>\n<script type=\"application\/ld+json\" class=\"yoast-schema-graph\">{\"@context\":\"https:\/\/schema.org\",\"@graph\":[{\"@type\":\"WebPage\",\"@id\":\"https:\/\/easyliferobo.com\/de\/product\/h11-gps-drohne-mit-kamera-4k-fuer-erwachsene-und-kinder-bildschirmfernbedienung-drohne-die-ihnen-folgt-zwei-intelligente-batterien-45-minuten-flugzeit-autorueckfuehrung-buerstenloser-motor-un\/\",\"url\":\"https:\/\/easyliferobo.com\/de\/product\/h11-gps-drohne-mit-kamera-4k-fuer-erwachsene-und-kinder-bildschirmfernbedienung-drohne-die-ihnen-folgt-zwei-intelligente-batterien-45-minuten-flugzeit-autorueckfuehrung-buerstenloser-motor-un\/\",\"name\":\"H11 GPS-Drohne mit Kamera 4K f\u00fcr Erwachsene und Kinder (Bildschirmfernbedienung), Drohne, die Ihnen folgt, zwei intelligente Batterien, 45 Minuten Flugzeit, Autor\u00fcckf\u00fchrung, b\u00fcrstenloser Motor, unter 249 g, C0 - EasyLifeBro\",\"isPartOf\":{\"@id\":\"https:\/\/easyliferobo.com\/de\/#website\"},\"primaryImageOfPage\":{\"@id\":\"https:\/\/easyliferobo.com\/de\/product\/h11-gps-drohne-mit-kamera-4k-fuer-erwachsene-und-kinder-bildschirmfernbedienung-drohne-die-ihnen-folgt-zwei-intelligente-batterien-45-minuten-flugzeit-autorueckfuehrung-buerstenloser-motor-un\/#primaryimage\"},\"image\":{\"@id\":\"https:\/\/easyliferobo.com\/de\/product\/h11-gps-drohne-mit-kamera-4k-fuer-erwachsene-und-kinder-bildschirmfernbedienung-drohne-die-ihnen-folgt-zwei-intelligente-batterien-45-minuten-flugzeit-autorueckfuehrung-buerstenloser-motor-un\/#primaryimage\"},\"thumbnailUrl\":\"https:\/\/easyliferobo.com\/de\/wp-content\/uploads\/2026\/02\/71wkiZNyaKL._AC_SL1500_.jpg\",\"datePublished\":\"2026-02-27T03:30:07+00:00\",\"dateModified\":\"2026-02-27T03:30:23+00:00\",\"description\":\"Entdecken Sie smarte Roboter f\u00fcr Zuhause, Garten, Bildung und Sicherheit. Vergleichen Sie Saugroboter, Rasenm\u00e4hroboter, KI-Begleitroboter und mehr bei EasyLifeRobo.\",\"breadcrumb\":{\"@id\":\"https:\/\/easyliferobo.com\/de\/product\/h11-gps-drohne-mit-kamera-4k-fuer-erwachsene-und-kinder-bildschirmfernbedienung-drohne-die-ihnen-folgt-zwei-intelligente-batterien-45-minuten-flugzeit-autorueckfuehrung-buerstenloser-motor-un\/#breadcrumb\"},\"inLanguage\":\"de\",\"potentialAction\":[{\"@type\":\"ReadAction\",\"target\":[\"https:\/\/easyliferobo.com\/de\/product\/h11-gps-drohne-mit-kamera-4k-fuer-erwachsene-und-kinder-bildschirmfernbedienung-drohne-die-ihnen-folgt-zwei-intelligente-batterien-45-minuten-flugzeit-autorueckfuehrung-buerstenloser-motor-un\/\"]}]},{\"@type\":\"ImageObject\",\"inLanguage\":\"de\",\"@id\":\"https:\/\/easyliferobo.com\/de\/product\/h11-gps-drohne-mit-kamera-4k-fuer-erwachsene-und-kinder-bildschirmfernbedienung-drohne-die-ihnen-folgt-zwei-intelligente-batterien-45-minuten-flugzeit-autorueckfuehrung-buerstenloser-motor-un\/#primaryimage\",\"url\":\"https:\/\/easyliferobo.com\/de\/wp-content\/uploads\/2026\/02\/71wkiZNyaKL._AC_SL1500_.jpg\",\"contentUrl\":\"https:\/\/easyliferobo.com\/de\/wp-content\/uploads\/2026\/02\/71wkiZNyaKL._AC_SL1500_.jpg\",\"width\":1500,\"height\":1427},{\"@type\":\"BreadcrumbList\",\"@id\":\"https:\/\/easyliferobo.com\/de\/product\/h11-gps-drohne-mit-kamera-4k-fuer-erwachsene-und-kinder-bildschirmfernbedienung-drohne-die-ihnen-folgt-zwei-intelligente-batterien-45-minuten-flugzeit-autorueckfuehrung-buerstenloser-motor-un\/#breadcrumb\",\"itemListElement\":[{\"@type\":\"ListItem\",\"position\":1,\"name\":\"Home\",\"item\":\"https:\/\/easyliferobo.com\/de\/\"},{\"@type\":\"ListItem\",\"position\":2,\"name\":\"Shop\",\"item\":\"https:\/\/easyliferobo.com\/de\/shop\/\"},{\"@type\":\"ListItem\",\"position\":3,\"name\":\"H11 GPS-Drohne mit Kamera 4K f\u00fcr E...\"}]},{\"@type\":\"WebSite\",\"@id\":\"https:\/\/easyliferobo.com\/de\/#website\",\"url\":\"https:\/\/easyliferobo.com\/de\/\",\"name\":\"EasyLifeBro\",\"description\":\"Smarte Roboter f\u00fcr Zuhause, Garten &amp; Bildung\",\"publisher\":{\"@id\":\"https:\/\/easyliferobo.com\/de\/#organization\"},\"potentialAction\":[{\"@type\":\"SearchAction\",\"target\":{\"@type\":\"EntryPoint\",\"urlTemplate\":\"https:\/\/easyliferobo.com\/de\/?s={search_term_string}\"},\"query-input\":{\"@type\":\"PropertyValueSpecification\",\"valueRequired\":true,\"valueName\":\"search_term_string\"}}],\"inLanguage\":\"de\"},{\"@type\":\"Organization\",\"@id\":\"https:\/\/easyliferobo.com\/de\/#organization\",\"name\":\"EasyLifeBro\",\"url\":\"https:\/\/easyliferobo.com\/de\/\",\"logo\":{\"@type\":\"ImageObject\",\"inLanguage\":\"de\",\"@id\":\"https:\/\/easyliferobo.com\/de\/#\/schema\/logo\/image\/\",\"url\":\"https:\/\/easyliferobo.com\/de\/wp-content\/uploads\/2026\/02\/Screenshot-2026-02-22-at-2.25.03-PM.png\",\"contentUrl\":\"https:\/\/easyliferobo.com\/de\/wp-content\/uploads\/2026\/02\/Screenshot-2026-02-22-at-2.25.03-PM.png\",\"width\":1858,\"height\":430,\"caption\":\"EasyLifeBro\"},\"image\":{\"@id\":\"https:\/\/easyliferobo.com\/de\/#\/schema\/logo\/image\/\"}}]}<\/script>\n<!-- \/ Yoast SEO plugin. -->","yoast_head_json":{"title":"H11 GPS-Drohne mit Kamera 4K f\u00fcr Erwachsene und Kinder (Bildschirmfernbedienung), Drohne, die Ihnen folgt, zwei intelligente Batterien, 45 Minuten Flugzeit, Autor\u00fcckf\u00fchrung, b\u00fcrstenloser Motor, unter 249 g, C0 - EasyLifeBro","description":"Entdecken Sie smarte Roboter f\u00fcr Zuhause, Garten, Bildung und Sicherheit. Vergleichen Sie Saugroboter, Rasenm\u00e4hroboter, KI-Begleitroboter und mehr bei EasyLifeRobo.","robots":{"index":"index","follow":"follow","max-snippet":"max-snippet:-1","max-image-preview":"max-image-preview:large","max-video-preview":"max-video-preview:-1"},"canonical":"https:\/\/easyliferobo.com\/de\/product\/h11-gps-drohne-mit-kamera-4k-fuer-erwachsene-und-kinder-bildschirmfernbedienung-drohne-die-ihnen-folgt-zwei-intelligente-batterien-45-minuten-flugzeit-autorueckfuehrung-buerstenloser-motor-un\/","og_locale":"de_DE","og_type":"article","og_title":"H11 GPS-Drohne mit Kamera 4K f\u00fcr Erwachsene und Kinder (Bildschirmfernbedienung), Drohne, die Ihnen folgt, zwei intelligente Batterien, 45 Minuten Flugzeit, Autor\u00fcckf\u00fchrung, b\u00fcrstenloser Motor, unter 249 g, C0 - EasyLifeBro","og_description":"Entdecken Sie smarte Roboter f\u00fcr Zuhause, Garten, Bildung und Sicherheit. Vergleichen Sie Saugroboter, Rasenm\u00e4hroboter, KI-Begleitroboter und mehr bei EasyLifeRobo.","og_url":"https:\/\/easyliferobo.com\/de\/product\/h11-gps-drohne-mit-kamera-4k-fuer-erwachsene-und-kinder-bildschirmfernbedienung-drohne-die-ihnen-folgt-zwei-intelligente-batterien-45-minuten-flugzeit-autorueckfuehrung-buerstenloser-motor-un\/","og_site_name":"EasyLifeBro","article_modified_time":"2026-02-27T03:30:23+00:00","og_image":[{"url":"https:\/\/images-na.ssl-images-amazon.com\/images\/G\/01\/x-locale\/common\/grey-pixel.gif","type":"","width":"","height":""}],"twitter_card":"summary_large_image","twitter_misc":{"Gesch\u00e4tzte Lesezeit":"1\u00a0Minute"},"schema":{"@context":"https:\/\/schema.org","@graph":[{"@type":"WebPage","@id":"https:\/\/easyliferobo.com\/de\/product\/h11-gps-drohne-mit-kamera-4k-fuer-erwachsene-und-kinder-bildschirmfernbedienung-drohne-die-ihnen-folgt-zwei-intelligente-batterien-45-minuten-flugzeit-autorueckfuehrung-buerstenloser-motor-un\/","url":"https:\/\/easyliferobo.com\/de\/product\/h11-gps-drohne-mit-kamera-4k-fuer-erwachsene-und-kinder-bildschirmfernbedienung-drohne-die-ihnen-folgt-zwei-intelligente-batterien-45-minuten-flugzeit-autorueckfuehrung-buerstenloser-motor-un\/","name":"H11 GPS-Drohne mit Kamera 4K f\u00fcr Erwachsene und Kinder (Bildschirmfernbedienung), Drohne, die Ihnen folgt, zwei intelligente Batterien, 45 Minuten Flugzeit, Autor\u00fcckf\u00fchrung, b\u00fcrstenloser Motor, unter 249 g, C0 - EasyLifeBro","isPartOf":{"@id":"https:\/\/easyliferobo.com\/de\/#website"},"primaryImageOfPage":{"@id":"https:\/\/easyliferobo.com\/de\/product\/h11-gps-drohne-mit-kamera-4k-fuer-erwachsene-und-kinder-bildschirmfernbedienung-drohne-die-ihnen-folgt-zwei-intelligente-batterien-45-minuten-flugzeit-autorueckfuehrung-buerstenloser-motor-un\/#primaryimage"},"image":{"@id":"https:\/\/easyliferobo.com\/de\/product\/h11-gps-drohne-mit-kamera-4k-fuer-erwachsene-und-kinder-bildschirmfernbedienung-drohne-die-ihnen-folgt-zwei-intelligente-batterien-45-minuten-flugzeit-autorueckfuehrung-buerstenloser-motor-un\/#primaryimage"},"thumbnailUrl":"https:\/\/easyliferobo.com\/de\/wp-content\/uploads\/2026\/02\/71wkiZNyaKL._AC_SL1500_.jpg","datePublished":"2026-02-27T03:30:07+00:00","dateModified":"2026-02-27T03:30:23+00:00","description":"Entdecken Sie smarte Roboter f\u00fcr Zuhause, Garten, Bildung und Sicherheit. Vergleichen Sie Saugroboter, Rasenm\u00e4hroboter, KI-Begleitroboter und mehr bei EasyLifeRobo.","breadcrumb":{"@id":"https:\/\/easyliferobo.com\/de\/product\/h11-gps-drohne-mit-kamera-4k-fuer-erwachsene-und-kinder-bildschirmfernbedienung-drohne-die-ihnen-folgt-zwei-intelligente-batterien-45-minuten-flugzeit-autorueckfuehrung-buerstenloser-motor-un\/#breadcrumb"},"inLanguage":"de","potentialAction":[{"@type":"ReadAction","target":["https:\/\/easyliferobo.com\/de\/product\/h11-gps-drohne-mit-kamera-4k-fuer-erwachsene-und-kinder-bildschirmfernbedienung-drohne-die-ihnen-folgt-zwei-intelligente-batterien-45-minuten-flugzeit-autorueckfuehrung-buerstenloser-motor-un\/"]}]},{"@type":"ImageObject","inLanguage":"de","@id":"https:\/\/easyliferobo.com\/de\/product\/h11-gps-drohne-mit-kamera-4k-fuer-erwachsene-und-kinder-bildschirmfernbedienung-drohne-die-ihnen-folgt-zwei-intelligente-batterien-45-minuten-flugzeit-autorueckfuehrung-buerstenloser-motor-un\/#primaryimage","url":"https:\/\/easyliferobo.com\/de\/wp-content\/uploads\/2026\/02\/71wkiZNyaKL._AC_SL1500_.jpg","contentUrl":"https:\/\/easyliferobo.com\/de\/wp-content\/uploads\/2026\/02\/71wkiZNyaKL._AC_SL1500_.jpg","width":1500,"height":1427},{"@type":"BreadcrumbList","@id":"https:\/\/easyliferobo.com\/de\/product\/h11-gps-drohne-mit-kamera-4k-fuer-erwachsene-und-kinder-bildschirmfernbedienung-drohne-die-ihnen-folgt-zwei-intelligente-batterien-45-minuten-flugzeit-autorueckfuehrung-buerstenloser-motor-un\/#breadcrumb","itemListElement":[{"@type":"ListItem","position":1,"name":"Home","item":"https:\/\/easyliferobo.com\/de\/"},{"@type":"ListItem","position":2,"name":"Shop","item":"https:\/\/easyliferobo.com\/de\/shop\/"},{"@type":"ListItem","position":3,"name":"H11 GPS-Drohne mit Kamera 4K f\u00fcr E..."}]},{"@type":"WebSite","@id":"https:\/\/easyliferobo.com\/de\/#website","url":"https:\/\/easyliferobo.com\/de\/","name":"EasyLifeBro","description":"Smarte Roboter f\u00fcr Zuhause, Garten &amp; Bildung","publisher":{"@id":"https:\/\/easyliferobo.com\/de\/#organization"},"potentialAction":[{"@type":"SearchAction","target":{"@type":"EntryPoint","urlTemplate":"https:\/\/easyliferobo.com\/de\/?s={search_term_string}"},"query-input":{"@type":"PropertyValueSpecification","valueRequired":true,"valueName":"search_term_string"}}],"inLanguage":"de"},{"@type":"Organization","@id":"https:\/\/easyliferobo.com\/de\/#organization","name":"EasyLifeBro","url":"https:\/\/easyliferobo.com\/de\/","logo":{"@type":"ImageObject","inLanguage":"de","@id":"https:\/\/easyliferobo.com\/de\/#\/schema\/logo\/image\/","url":"https:\/\/easyliferobo.com\/de\/wp-content\/uploads\/2026\/02\/Screenshot-2026-02-22-at-2.25.03-PM.png","contentUrl":"https:\/\/easyliferobo.com\/de\/wp-content\/uploads\/2026\/02\/Screenshot-2026-02-22-at-2.25.03-PM.png","width":1858,"height":430,"caption":"EasyLifeBro"},"image":{"@id":"https:\/\/easyliferobo.com\/de\/#\/schema\/logo\/image\/"}}]}},"_links":{"self":[{"href":"https:\/\/easyliferobo.com\/de\/wp-json\/wp\/v2\/product\/2250","targetHints":{"allow":["GET"]}}],"collection":[{"href":"https:\/\/easyliferobo.com\/de\/wp-json\/wp\/v2\/product"}],"about":[{"href":"https:\/\/easyliferobo.com\/de\/wp-json\/wp\/v2\/types\/product"}],"replies":[{"embeddable":true,"href":"https:\/\/easyliferobo.com\/de\/wp-json\/wp\/v2\/comments?post=2250"}],"wp:featuredmedia":[{"embeddable":true,"href":"https:\/\/easyliferobo.com\/de\/wp-json\/wp\/v2\/media\/2251"}],"wp:attachment":[{"href":"https:\/\/easyliferobo.com\/de\/wp-json\/wp\/v2\/media?parent=2250"}],"wp:term":[{"taxonomy":"store","embeddable":true,"href":"https:\/\/easyliferobo.com\/de\/wp-json\/wp\/v2\/store?post=2250"},{"taxonomy":"product_brand","embeddable":true,"href":"https:\/\/easyliferobo.com\/de\/wp-json\/wp\/v2\/product_brand?post=2250"},{"taxonomy":"product_cat","embeddable":true,"href":"https:\/\/easyliferobo.com\/de\/wp-json\/wp\/v2\/product_cat?post=2250"},{"taxonomy":"product_tag","embeddable":true,"href":"https:\/\/easyliferobo.com\/de\/wp-json\/wp\/v2\/product_tag?post=2250"}],"curies":[{"name":"wp","href":"https:\/\/api.w.org\/{rel}","templated":true}]}}