
{"id":2242,"date":"2026-02-27T02:51:04","date_gmt":"2026-02-27T02:51:04","guid":{"rendered":"https:\/\/easyliferobo.com\/de\/product\/drohne-mit-kamera-1080p-hd-fuer-kinder-wifi-fpv-drohne-fuer-anfaenger-rc-quadcopter-mit-2-batterien-schwerkraftsensor-3d-flip-modus-ein-knopf-start-landung-hoehenhaltemodus-headless-modus\/"},"modified":"2026-02-27T02:51:20","modified_gmt":"2026-02-27T02:51:20","slug":"drohne-mit-kamera-1080p-hd-fuer-kinder-wifi-fpv-drohne-fuer-anfaenger-rc-quadcopter-mit-2-batterien-schwerkraftsensor-3d-flip-modus-ein-knopf-start-landung-hoehenhaltemodus-headless-modus","status":"publish","type":"product","link":"https:\/\/easyliferobo.com\/de\/product\/drohne-mit-kamera-1080p-hd-fuer-kinder-wifi-fpv-drohne-fuer-anfaenger-rc-quadcopter-mit-2-batterien-schwerkraftsensor-3d-flip-modus-ein-knopf-start-landung-hoehenhaltemodus-headless-modus\/","title":{"rendered":"Drohne mit Kamera 1080P HD f\u00fcr Kin..."},"content":{"rendered":"<p>\n                                             Produktbeschreibung   <\/p>\n<p>                                                  <img decoding=\"async\" alt=\"Drohne\" src=\"https:\/\/images-na.ssl-images-amazon.com\/images\/G\/01\/x-locale\/common\/grey-pixel.gif\" class=\"a-lazy-loaded\" data-src=\"https:\/\/m.media-amazon.com\/images\/S\/aplus-media-library-service-media\/4ca1b604-456b-441f-ae10-bebf4d4d1848.__CR0,0,970,300_PT0_SX970_V1___.jpg\"><img decoding=\"async\" alt=\"Drohne\" src=\"https:\/\/m.media-amazon.com\/images\/S\/aplus-media-library-service-media\/4ca1b604-456b-441f-ae10-bebf4d4d1848.__CR0,0,970,300_PT0_SX970_V1___.jpg\">  <\/p>\n<p>                                                                             <img decoding=\"async\" alt=\"Drohne\" src=\"https:\/\/images-na.ssl-images-amazon.com\/images\/G\/01\/x-locale\/common\/grey-pixel.gif\" class=\"a-spacing-base a-lazy-loaded\" data-src=\"https:\/\/m.media-amazon.com\/images\/S\/aplus-media-library-service-media\/b7481e33-c2be-46fa-906b-4630fee87ccb.__CR0,0,970,600_PT0_SX970_V1___.jpg\"><img decoding=\"async\" alt=\"Drohne\" src=\"https:\/\/m.media-amazon.com\/images\/S\/aplus-media-library-service-media\/b7481e33-c2be-46fa-906b-4630fee87ccb.__CR0,0,970,600_PT0_SX970_V1___.jpg\">                                         <\/p>\n<h3 class=\"a-spacing-mini\">  Drohne mit 1080P HD-Kamera, ferngesteuerte FPV-Drohnen, Mini-Drohne, WiFi-Live-Video f\u00fcr Anf\u00e4nger und Kinder <\/h3>\n<p class=\"a-spacing-base\">  Ziemlich fl\u00fcssiges Filmen und Aufnehmen von Videos, kein Einfrieren und keine Verz\u00f6gerung <\/p>\n<p class=\"a-spacing-base\">  Die dreiseitige Hindernisvermeidungsfunktion verhindert einen Absturz <\/p>\n<p class=\"a-spacing-base\">  Ein Tastendruck auf der H\u00f6he erleichtert Ihnen die Kontrolle <\/p>\n<p>                                                  <img decoding=\"async\" alt=\"Drohne\" src=\"https:\/\/images-na.ssl-images-amazon.com\/images\/G\/01\/x-locale\/common\/grey-pixel.gif\" class=\"a-lazy-loaded\" data-src=\"https:\/\/m.media-amazon.com\/images\/S\/aplus-media-library-service-media\/f3ce7701-f737-41f0-a855-97bb45f7bfdc.__CR0,0,300,300_PT0_SX300_V1___.jpg\"><img decoding=\"async\" alt=\"Drohne\" src=\"https:\/\/m.media-amazon.com\/images\/S\/aplus-media-library-service-media\/f3ce7701-f737-41f0-a855-97bb45f7bfdc.__CR0,0,300,300_PT0_SX300_V1___.jpg\">  <\/p>\n<h3 class=\"a-spacing-mini\">  Parameter: <\/h3>\n<p>  Kontrollentfernung: 120-150 Meter <\/p>\n<p>  Maximale Flugh\u00f6he: 100 Meter <\/p>\n<p>  Drohnenbatterie: 2 x 3,7 V 1200 mAh (wiederaufladbar) <\/p>\n<p>  Ladezeit: ca. 60 Minuten <\/p>\n<p>  Flugzeit: 15-18 Minuten x 2 <\/p>\n<p>  Videoaufl\u00f6sung: 1080P HD <\/p>\n<p>                                                                             <img decoding=\"async\" alt=\"Drohne\" src=\"https:\/\/images-na.ssl-images-amazon.com\/images\/G\/01\/x-locale\/common\/grey-pixel.gif\" class=\"a-spacing-base a-lazy-loaded\" data-src=\"https:\/\/m.media-amazon.com\/images\/S\/aplus-media-library-service-media\/05ef5a99-43d0-4602-9536-354e99d68518.__CR0,0,970,600_PT0_SX970_V1___.jpg\"><img decoding=\"async\" alt=\"Drohne\" src=\"https:\/\/m.media-amazon.com\/images\/S\/aplus-media-library-service-media\/05ef5a99-43d0-4602-9536-354e99d68518.__CR0,0,970,600_PT0_SX970_V1___.jpg\">                                                                     <\/p>\n<p class=\"a-spacing-base\">  H\u00f6he halten <\/p>\n<p class=\"a-spacing-base\">  Die optische Flusspositionierungstechnologie erm\u00f6glicht es der Drohne, eine gro\u00dfe H\u00f6he beizubehalten und stabil zu schweben, ohne dass eine Bedienung erforderlich ist. Es ist einfach zu bedienen und sehr gut f\u00fcr Anf\u00e4nger geeignet. <\/p>\n<p class=\"a-spacing-base\">  Headless-Modus <\/p>\n<p class=\"a-spacing-base\">  Machen Sie die Vorderseite der Drohne genauso wie die Fernbedienung. So k\u00f6nnen Sie die Drohne einfacher fliegen, ohne sich Gedanken \u00fcber die Richtung machen zu m\u00fcssen, in die sie zeigt, insbesondere wenn sie weit entfernt ist. <\/p>\n<p class=\"a-spacing-base\">  360\u00b0 3D-Flip <\/p>\n<p class=\"a-spacing-base\">  Fliegen Sie die Drohne in einer H\u00f6he von \u00fcber 2 Metern, dr\u00fccken Sie die 3D-Flip-Taste und bewegen Sie den Joystick nach vorne\/hinten\/links\/rechts, um die Drohne entsprechend um 360\u00b0 zu drehen und so ein spektakul\u00e4res Kunstflugflugzeug zu erstellen. <\/p>\n<p>                                                                             <img decoding=\"async\" alt=\"Drohne\" src=\"https:\/\/images-na.ssl-images-amazon.com\/images\/G\/01\/x-locale\/common\/grey-pixel.gif\" class=\"a-spacing-base a-lazy-loaded\" data-src=\"https:\/\/m.media-amazon.com\/images\/S\/aplus-media-library-service-media\/cb33c554-3664-4e9d-8c8e-61369d96d690.__CR0,0,970,600_PT0_SX970_V1___.jpg\"><img decoding=\"async\" alt=\"Drohne\" src=\"https:\/\/m.media-amazon.com\/images\/S\/aplus-media-library-service-media\/cb33c554-3664-4e9d-8c8e-61369d96d690.__CR0,0,970,600_PT0_SX970_V1___.jpg\">                                                                    <\/p>\n<p>Verstellbare 1080P-HD-Kamera: Die Drohne ist mit einer 1080P-HD-WLAN-Kamera ausgestattet, die um 90\u00b0 verstellbar ist. Mit dieser Kameradrohne mit FPV-Echtzeit\u00fcbertragung k\u00f6nnen Sie ganz einfach die Sch\u00f6nheit einfangen oder wertvolle Momente mit Ihrer Familie festhalten!<br \/>Beste Drohne f\u00fcr Kinder und Anf\u00e4nger: Drohnen f\u00fcr Anf\u00e4nger, Kalibrierung mit einem Knopf, einfaches Zur\u00fccksetzen, einfache Bedienung f\u00fcr Anf\u00e4nger, Not-Aus mit einem Knopf und kann den Rumpf in besonderen Situationen sch\u00fctzen.<br \/>Multifunktional und unterhaltsam im Flug: Diese Drohne verf\u00fcgt \u00fcber mehrere Funktionen, wie 360\u00b0-Flips, Festpunktflug, Schwerkraftkontrolle, Gestenfotografie, Start und Landung mit nur einer Taste, Headless-Modus und automatische Flughindernisfunktion in drei Schrittrichtungen. Dank der einfachen Handhabung ist es ideal f\u00fcr Einsteiger.<br \/>L\u00e4ngere und sicherere Flugzeit: Mit zwei modularen Akkus kann die Kameradrohne eine Flugzeit von 20\u201325 Minuten unterst\u00fctzen. Modulare Batterien sind sicherer zu laden und einfacher zu installieren. Der Alarm bei niedrigem Batteriestand erinnert Sie daran, die Drohne wiederherzustellen, wenn Sie sie verlieren.<br \/>Geschenkidee f\u00fcr Jungen und M\u00e4dchen: Unsere Drohne hat ein faltbares Design, wodurch diese Quadrocopter-Drohne klein ist und in Taschen oder Rucks\u00e4cken transportiert werden kann. Und es wird mit einer praktischen Tragetasche geliefert, die Sie einfach herausnehmen k\u00f6nnen, um beim Ausgehen Spa\u00df mit Ihrer Familie zu haben.<\/p>\n<p>[ad_2]<\/p>\n","protected":false},"excerpt":{"rendered":"<p>Produktbeschreibung Drohne mit 1080P HD-Kamera, ferngesteuerte FPV-Drohnen, Mini-Drohne, WiFi-Live-Video f\u00fcr Anf\u00e4nger und Kinder Ziemlich fl\u00fcssiges Filmen und Aufnehmen von Videos, kein Einfrieren und keine Verz\u00f6gerung Die dreiseitige Hindernisvermeidungsfunktion verhindert einen Absturz Ein Tastendruck auf der H\u00f6he erleichtert Ihnen die Kontrolle Parameter: Kontrollentfernung: 120-150 Meter Maximale Flugh\u00f6he: 100 Meter Drohnenbatterie: 2 x 3,7 V 1200 mAh [&hellip;]<\/p>\n","protected":false},"featured_media":2243,"comment_status":"open","ping_status":"closed","template":"","meta":{"_aipt_faq_data":""},"store":[],"product_brand":[399],"product_cat":[104],"product_tag":[398],"class_list":{"0":"post-2242","1":"product","2":"type-product","3":"status-publish","4":"has-post-thumbnail","6":"product_brand-quxv","7":"product_cat-fpv-drohnen","8":"product_tag-fpv-drohnen-mit-hd-video","10":"first","11":"instock","12":"shipping-taxable","13":"product-type-external"},"yoast_head":"<!-- This site is optimized with the Yoast SEO plugin v27.0 - https:\/\/yoast.com\/product\/yoast-seo-wordpress\/ -->\n<title>Drohne mit Kamera 1080P HD f\u00fcr Kinder, WiFi-FPV-Drohne f\u00fcr Anf\u00e4nger, RC-Quadcopter mit 2 Batterien, Schwerkraftsensor, 3D-Flip-Modus, Ein-Knopf-Start\/Landung, H\u00f6henhaltemodus, Headless-Modus - EasyLifeBro<\/title>\n<meta name=\"description\" content=\"Entdecken Sie smarte Roboter f\u00fcr Zuhause, Garten, Bildung und Sicherheit. Vergleichen Sie Saugroboter, Rasenm\u00e4hroboter, KI-Begleitroboter und mehr bei EasyLifeRobo.\" \/>\n<meta name=\"robots\" content=\"index, follow, max-snippet:-1, max-image-preview:large, max-video-preview:-1\" \/>\n<link rel=\"canonical\" href=\"https:\/\/easyliferobo.com\/de\/product\/drohne-mit-kamera-1080p-hd-fuer-kinder-wifi-fpv-drohne-fuer-anfaenger-rc-quadcopter-mit-2-batterien-schwerkraftsensor-3d-flip-modus-ein-knopf-start-landung-hoehenhaltemodus-headless-modus\/\" \/>\n<meta property=\"og:locale\" content=\"de_DE\" \/>\n<meta property=\"og:type\" content=\"article\" \/>\n<meta property=\"og:title\" content=\"Drohne mit Kamera 1080P HD f\u00fcr Kinder, WiFi-FPV-Drohne f\u00fcr Anf\u00e4nger, RC-Quadcopter mit 2 Batterien, Schwerkraftsensor, 3D-Flip-Modus, Ein-Knopf-Start\/Landung, H\u00f6henhaltemodus, Headless-Modus - EasyLifeBro\" \/>\n<meta property=\"og:description\" content=\"Entdecken Sie smarte Roboter f\u00fcr Zuhause, Garten, Bildung und Sicherheit. Vergleichen Sie Saugroboter, Rasenm\u00e4hroboter, KI-Begleitroboter und mehr bei EasyLifeRobo.\" \/>\n<meta property=\"og:url\" content=\"https:\/\/easyliferobo.com\/de\/product\/drohne-mit-kamera-1080p-hd-fuer-kinder-wifi-fpv-drohne-fuer-anfaenger-rc-quadcopter-mit-2-batterien-schwerkraftsensor-3d-flip-modus-ein-knopf-start-landung-hoehenhaltemodus-headless-modus\/\" \/>\n<meta property=\"og:site_name\" content=\"EasyLifeBro\" \/>\n<meta property=\"article:modified_time\" content=\"2026-02-27T02:51:20+00:00\" \/>\n<meta property=\"og:image\" content=\"https:\/\/images-na.ssl-images-amazon.com\/images\/G\/01\/x-locale\/common\/grey-pixel.gif\" \/>\n<meta name=\"twitter:card\" content=\"summary_large_image\" \/>\n<meta name=\"twitter:label1\" content=\"Gesch\u00e4tzte Lesezeit\" \/>\n\t<meta name=\"twitter:data1\" content=\"2\u00a0Minuten\" \/>\n<script type=\"application\/ld+json\" class=\"yoast-schema-graph\">{\"@context\":\"https:\/\/schema.org\",\"@graph\":[{\"@type\":\"WebPage\",\"@id\":\"https:\/\/easyliferobo.com\/de\/product\/drohne-mit-kamera-1080p-hd-fuer-kinder-wifi-fpv-drohne-fuer-anfaenger-rc-quadcopter-mit-2-batterien-schwerkraftsensor-3d-flip-modus-ein-knopf-start-landung-hoehenhaltemodus-headless-modus\/\",\"url\":\"https:\/\/easyliferobo.com\/de\/product\/drohne-mit-kamera-1080p-hd-fuer-kinder-wifi-fpv-drohne-fuer-anfaenger-rc-quadcopter-mit-2-batterien-schwerkraftsensor-3d-flip-modus-ein-knopf-start-landung-hoehenhaltemodus-headless-modus\/\",\"name\":\"Drohne mit Kamera 1080P HD f\u00fcr Kinder, WiFi-FPV-Drohne f\u00fcr Anf\u00e4nger, RC-Quadcopter mit 2 Batterien, Schwerkraftsensor, 3D-Flip-Modus, Ein-Knopf-Start\/Landung, H\u00f6henhaltemodus, Headless-Modus - EasyLifeBro\",\"isPartOf\":{\"@id\":\"https:\/\/easyliferobo.com\/de\/#website\"},\"primaryImageOfPage\":{\"@id\":\"https:\/\/easyliferobo.com\/de\/product\/drohne-mit-kamera-1080p-hd-fuer-kinder-wifi-fpv-drohne-fuer-anfaenger-rc-quadcopter-mit-2-batterien-schwerkraftsensor-3d-flip-modus-ein-knopf-start-landung-hoehenhaltemodus-headless-modus\/#primaryimage\"},\"image\":{\"@id\":\"https:\/\/easyliferobo.com\/de\/product\/drohne-mit-kamera-1080p-hd-fuer-kinder-wifi-fpv-drohne-fuer-anfaenger-rc-quadcopter-mit-2-batterien-schwerkraftsensor-3d-flip-modus-ein-knopf-start-landung-hoehenhaltemodus-headless-modus\/#primaryimage\"},\"thumbnailUrl\":\"https:\/\/easyliferobo.com\/de\/wp-content\/uploads\/2026\/02\/81XYp1e9c8L._AC_SL1500_.jpg\",\"datePublished\":\"2026-02-27T02:51:04+00:00\",\"dateModified\":\"2026-02-27T02:51:20+00:00\",\"description\":\"Entdecken Sie smarte Roboter f\u00fcr Zuhause, Garten, Bildung und Sicherheit. Vergleichen Sie Saugroboter, Rasenm\u00e4hroboter, KI-Begleitroboter und mehr bei EasyLifeRobo.\",\"breadcrumb\":{\"@id\":\"https:\/\/easyliferobo.com\/de\/product\/drohne-mit-kamera-1080p-hd-fuer-kinder-wifi-fpv-drohne-fuer-anfaenger-rc-quadcopter-mit-2-batterien-schwerkraftsensor-3d-flip-modus-ein-knopf-start-landung-hoehenhaltemodus-headless-modus\/#breadcrumb\"},\"inLanguage\":\"de\",\"potentialAction\":[{\"@type\":\"ReadAction\",\"target\":[\"https:\/\/easyliferobo.com\/de\/product\/drohne-mit-kamera-1080p-hd-fuer-kinder-wifi-fpv-drohne-fuer-anfaenger-rc-quadcopter-mit-2-batterien-schwerkraftsensor-3d-flip-modus-ein-knopf-start-landung-hoehenhaltemodus-headless-modus\/\"]}]},{\"@type\":\"ImageObject\",\"inLanguage\":\"de\",\"@id\":\"https:\/\/easyliferobo.com\/de\/product\/drohne-mit-kamera-1080p-hd-fuer-kinder-wifi-fpv-drohne-fuer-anfaenger-rc-quadcopter-mit-2-batterien-schwerkraftsensor-3d-flip-modus-ein-knopf-start-landung-hoehenhaltemodus-headless-modus\/#primaryimage\",\"url\":\"https:\/\/easyliferobo.com\/de\/wp-content\/uploads\/2026\/02\/81XYp1e9c8L._AC_SL1500_.jpg\",\"contentUrl\":\"https:\/\/easyliferobo.com\/de\/wp-content\/uploads\/2026\/02\/81XYp1e9c8L._AC_SL1500_.jpg\",\"width\":1500,\"height\":1424},{\"@type\":\"BreadcrumbList\",\"@id\":\"https:\/\/easyliferobo.com\/de\/product\/drohne-mit-kamera-1080p-hd-fuer-kinder-wifi-fpv-drohne-fuer-anfaenger-rc-quadcopter-mit-2-batterien-schwerkraftsensor-3d-flip-modus-ein-knopf-start-landung-hoehenhaltemodus-headless-modus\/#breadcrumb\",\"itemListElement\":[{\"@type\":\"ListItem\",\"position\":1,\"name\":\"Home\",\"item\":\"https:\/\/easyliferobo.com\/de\/\"},{\"@type\":\"ListItem\",\"position\":2,\"name\":\"Shop\",\"item\":\"https:\/\/easyliferobo.com\/de\/shop\/\"},{\"@type\":\"ListItem\",\"position\":3,\"name\":\"Drohne mit Kamera 1080P HD f\u00fcr Kin...\"}]},{\"@type\":\"WebSite\",\"@id\":\"https:\/\/easyliferobo.com\/de\/#website\",\"url\":\"https:\/\/easyliferobo.com\/de\/\",\"name\":\"EasyLifeBro\",\"description\":\"Smarte Roboter f\u00fcr Zuhause, Garten &amp; Bildung\",\"publisher\":{\"@id\":\"https:\/\/easyliferobo.com\/de\/#organization\"},\"potentialAction\":[{\"@type\":\"SearchAction\",\"target\":{\"@type\":\"EntryPoint\",\"urlTemplate\":\"https:\/\/easyliferobo.com\/de\/?s={search_term_string}\"},\"query-input\":{\"@type\":\"PropertyValueSpecification\",\"valueRequired\":true,\"valueName\":\"search_term_string\"}}],\"inLanguage\":\"de\"},{\"@type\":\"Organization\",\"@id\":\"https:\/\/easyliferobo.com\/de\/#organization\",\"name\":\"EasyLifeBro\",\"url\":\"https:\/\/easyliferobo.com\/de\/\",\"logo\":{\"@type\":\"ImageObject\",\"inLanguage\":\"de\",\"@id\":\"https:\/\/easyliferobo.com\/de\/#\/schema\/logo\/image\/\",\"url\":\"https:\/\/easyliferobo.com\/de\/wp-content\/uploads\/2026\/02\/Screenshot-2026-02-22-at-2.25.03-PM.png\",\"contentUrl\":\"https:\/\/easyliferobo.com\/de\/wp-content\/uploads\/2026\/02\/Screenshot-2026-02-22-at-2.25.03-PM.png\",\"width\":1858,\"height\":430,\"caption\":\"EasyLifeBro\"},\"image\":{\"@id\":\"https:\/\/easyliferobo.com\/de\/#\/schema\/logo\/image\/\"}}]}<\/script>\n<!-- \/ Yoast SEO plugin. -->","yoast_head_json":{"title":"Drohne mit Kamera 1080P HD f\u00fcr Kinder, WiFi-FPV-Drohne f\u00fcr Anf\u00e4nger, RC-Quadcopter mit 2 Batterien, Schwerkraftsensor, 3D-Flip-Modus, Ein-Knopf-Start\/Landung, H\u00f6henhaltemodus, Headless-Modus - EasyLifeBro","description":"Entdecken Sie smarte Roboter f\u00fcr Zuhause, Garten, Bildung und Sicherheit. Vergleichen Sie Saugroboter, Rasenm\u00e4hroboter, KI-Begleitroboter und mehr bei EasyLifeRobo.","robots":{"index":"index","follow":"follow","max-snippet":"max-snippet:-1","max-image-preview":"max-image-preview:large","max-video-preview":"max-video-preview:-1"},"canonical":"https:\/\/easyliferobo.com\/de\/product\/drohne-mit-kamera-1080p-hd-fuer-kinder-wifi-fpv-drohne-fuer-anfaenger-rc-quadcopter-mit-2-batterien-schwerkraftsensor-3d-flip-modus-ein-knopf-start-landung-hoehenhaltemodus-headless-modus\/","og_locale":"de_DE","og_type":"article","og_title":"Drohne mit Kamera 1080P HD f\u00fcr Kinder, WiFi-FPV-Drohne f\u00fcr Anf\u00e4nger, RC-Quadcopter mit 2 Batterien, Schwerkraftsensor, 3D-Flip-Modus, Ein-Knopf-Start\/Landung, H\u00f6henhaltemodus, Headless-Modus - EasyLifeBro","og_description":"Entdecken Sie smarte Roboter f\u00fcr Zuhause, Garten, Bildung und Sicherheit. Vergleichen Sie Saugroboter, Rasenm\u00e4hroboter, KI-Begleitroboter und mehr bei EasyLifeRobo.","og_url":"https:\/\/easyliferobo.com\/de\/product\/drohne-mit-kamera-1080p-hd-fuer-kinder-wifi-fpv-drohne-fuer-anfaenger-rc-quadcopter-mit-2-batterien-schwerkraftsensor-3d-flip-modus-ein-knopf-start-landung-hoehenhaltemodus-headless-modus\/","og_site_name":"EasyLifeBro","article_modified_time":"2026-02-27T02:51:20+00:00","og_image":[{"url":"https:\/\/images-na.ssl-images-amazon.com\/images\/G\/01\/x-locale\/common\/grey-pixel.gif","type":"","width":"","height":""}],"twitter_card":"summary_large_image","twitter_misc":{"Gesch\u00e4tzte Lesezeit":"2\u00a0Minuten"},"schema":{"@context":"https:\/\/schema.org","@graph":[{"@type":"WebPage","@id":"https:\/\/easyliferobo.com\/de\/product\/drohne-mit-kamera-1080p-hd-fuer-kinder-wifi-fpv-drohne-fuer-anfaenger-rc-quadcopter-mit-2-batterien-schwerkraftsensor-3d-flip-modus-ein-knopf-start-landung-hoehenhaltemodus-headless-modus\/","url":"https:\/\/easyliferobo.com\/de\/product\/drohne-mit-kamera-1080p-hd-fuer-kinder-wifi-fpv-drohne-fuer-anfaenger-rc-quadcopter-mit-2-batterien-schwerkraftsensor-3d-flip-modus-ein-knopf-start-landung-hoehenhaltemodus-headless-modus\/","name":"Drohne mit Kamera 1080P HD f\u00fcr Kinder, WiFi-FPV-Drohne f\u00fcr Anf\u00e4nger, RC-Quadcopter mit 2 Batterien, Schwerkraftsensor, 3D-Flip-Modus, Ein-Knopf-Start\/Landung, H\u00f6henhaltemodus, Headless-Modus - EasyLifeBro","isPartOf":{"@id":"https:\/\/easyliferobo.com\/de\/#website"},"primaryImageOfPage":{"@id":"https:\/\/easyliferobo.com\/de\/product\/drohne-mit-kamera-1080p-hd-fuer-kinder-wifi-fpv-drohne-fuer-anfaenger-rc-quadcopter-mit-2-batterien-schwerkraftsensor-3d-flip-modus-ein-knopf-start-landung-hoehenhaltemodus-headless-modus\/#primaryimage"},"image":{"@id":"https:\/\/easyliferobo.com\/de\/product\/drohne-mit-kamera-1080p-hd-fuer-kinder-wifi-fpv-drohne-fuer-anfaenger-rc-quadcopter-mit-2-batterien-schwerkraftsensor-3d-flip-modus-ein-knopf-start-landung-hoehenhaltemodus-headless-modus\/#primaryimage"},"thumbnailUrl":"https:\/\/easyliferobo.com\/de\/wp-content\/uploads\/2026\/02\/81XYp1e9c8L._AC_SL1500_.jpg","datePublished":"2026-02-27T02:51:04+00:00","dateModified":"2026-02-27T02:51:20+00:00","description":"Entdecken Sie smarte Roboter f\u00fcr Zuhause, Garten, Bildung und Sicherheit. Vergleichen Sie Saugroboter, Rasenm\u00e4hroboter, KI-Begleitroboter und mehr bei EasyLifeRobo.","breadcrumb":{"@id":"https:\/\/easyliferobo.com\/de\/product\/drohne-mit-kamera-1080p-hd-fuer-kinder-wifi-fpv-drohne-fuer-anfaenger-rc-quadcopter-mit-2-batterien-schwerkraftsensor-3d-flip-modus-ein-knopf-start-landung-hoehenhaltemodus-headless-modus\/#breadcrumb"},"inLanguage":"de","potentialAction":[{"@type":"ReadAction","target":["https:\/\/easyliferobo.com\/de\/product\/drohne-mit-kamera-1080p-hd-fuer-kinder-wifi-fpv-drohne-fuer-anfaenger-rc-quadcopter-mit-2-batterien-schwerkraftsensor-3d-flip-modus-ein-knopf-start-landung-hoehenhaltemodus-headless-modus\/"]}]},{"@type":"ImageObject","inLanguage":"de","@id":"https:\/\/easyliferobo.com\/de\/product\/drohne-mit-kamera-1080p-hd-fuer-kinder-wifi-fpv-drohne-fuer-anfaenger-rc-quadcopter-mit-2-batterien-schwerkraftsensor-3d-flip-modus-ein-knopf-start-landung-hoehenhaltemodus-headless-modus\/#primaryimage","url":"https:\/\/easyliferobo.com\/de\/wp-content\/uploads\/2026\/02\/81XYp1e9c8L._AC_SL1500_.jpg","contentUrl":"https:\/\/easyliferobo.com\/de\/wp-content\/uploads\/2026\/02\/81XYp1e9c8L._AC_SL1500_.jpg","width":1500,"height":1424},{"@type":"BreadcrumbList","@id":"https:\/\/easyliferobo.com\/de\/product\/drohne-mit-kamera-1080p-hd-fuer-kinder-wifi-fpv-drohne-fuer-anfaenger-rc-quadcopter-mit-2-batterien-schwerkraftsensor-3d-flip-modus-ein-knopf-start-landung-hoehenhaltemodus-headless-modus\/#breadcrumb","itemListElement":[{"@type":"ListItem","position":1,"name":"Home","item":"https:\/\/easyliferobo.com\/de\/"},{"@type":"ListItem","position":2,"name":"Shop","item":"https:\/\/easyliferobo.com\/de\/shop\/"},{"@type":"ListItem","position":3,"name":"Drohne mit Kamera 1080P HD f\u00fcr Kin..."}]},{"@type":"WebSite","@id":"https:\/\/easyliferobo.com\/de\/#website","url":"https:\/\/easyliferobo.com\/de\/","name":"EasyLifeBro","description":"Smarte Roboter f\u00fcr Zuhause, Garten &amp; Bildung","publisher":{"@id":"https:\/\/easyliferobo.com\/de\/#organization"},"potentialAction":[{"@type":"SearchAction","target":{"@type":"EntryPoint","urlTemplate":"https:\/\/easyliferobo.com\/de\/?s={search_term_string}"},"query-input":{"@type":"PropertyValueSpecification","valueRequired":true,"valueName":"search_term_string"}}],"inLanguage":"de"},{"@type":"Organization","@id":"https:\/\/easyliferobo.com\/de\/#organization","name":"EasyLifeBro","url":"https:\/\/easyliferobo.com\/de\/","logo":{"@type":"ImageObject","inLanguage":"de","@id":"https:\/\/easyliferobo.com\/de\/#\/schema\/logo\/image\/","url":"https:\/\/easyliferobo.com\/de\/wp-content\/uploads\/2026\/02\/Screenshot-2026-02-22-at-2.25.03-PM.png","contentUrl":"https:\/\/easyliferobo.com\/de\/wp-content\/uploads\/2026\/02\/Screenshot-2026-02-22-at-2.25.03-PM.png","width":1858,"height":430,"caption":"EasyLifeBro"},"image":{"@id":"https:\/\/easyliferobo.com\/de\/#\/schema\/logo\/image\/"}}]}},"_links":{"self":[{"href":"https:\/\/easyliferobo.com\/de\/wp-json\/wp\/v2\/product\/2242","targetHints":{"allow":["GET"]}}],"collection":[{"href":"https:\/\/easyliferobo.com\/de\/wp-json\/wp\/v2\/product"}],"about":[{"href":"https:\/\/easyliferobo.com\/de\/wp-json\/wp\/v2\/types\/product"}],"replies":[{"embeddable":true,"href":"https:\/\/easyliferobo.com\/de\/wp-json\/wp\/v2\/comments?post=2242"}],"wp:featuredmedia":[{"embeddable":true,"href":"https:\/\/easyliferobo.com\/de\/wp-json\/wp\/v2\/media\/2243"}],"wp:attachment":[{"href":"https:\/\/easyliferobo.com\/de\/wp-json\/wp\/v2\/media?parent=2242"}],"wp:term":[{"taxonomy":"store","embeddable":true,"href":"https:\/\/easyliferobo.com\/de\/wp-json\/wp\/v2\/store?post=2242"},{"taxonomy":"product_brand","embeddable":true,"href":"https:\/\/easyliferobo.com\/de\/wp-json\/wp\/v2\/product_brand?post=2242"},{"taxonomy":"product_cat","embeddable":true,"href":"https:\/\/easyliferobo.com\/de\/wp-json\/wp\/v2\/product_cat?post=2242"},{"taxonomy":"product_tag","embeddable":true,"href":"https:\/\/easyliferobo.com\/de\/wp-json\/wp\/v2\/product_tag?post=2242"}],"curies":[{"name":"wp","href":"https:\/\/api.w.org\/{rel}","templated":true}]}}