
{"id":2203,"date":"2026-02-27T02:44:19","date_gmt":"2026-02-27T02:44:19","guid":{"rendered":"https:\/\/easyliferobo.com\/de\/product\/allcele-roboter-kinderspielzeug-wiederaufladbarer-ferngesteuerter-roboter-mit-led-augenmusik-und-lustigen-geraeuschen-fuer-3-4-5-6-7-8-jahre-alte-jungen-blau-gruen\/"},"modified":"2026-02-27T02:44:33","modified_gmt":"2026-02-27T02:44:33","slug":"allcele-roboter-kinderspielzeug-wiederaufladbarer-ferngesteuerter-roboter-mit-led-augenmusik-und-lustigen-geraeuschen-fuer-3-4-5-6-7-8-jahre-alte-jungen-blau-gruen","status":"publish","type":"product","link":"https:\/\/easyliferobo.com\/de\/product\/allcele-roboter-kinderspielzeug-wiederaufladbarer-ferngesteuerter-roboter-mit-led-augenmusik-und-lustigen-geraeuschen-fuer-3-4-5-6-7-8-jahre-alte-jungen-blau-gruen\/","title":{"rendered":"ALLCELE Roboter Kinderspielzeug, wi..."},"content":{"rendered":"<p>\n                                             Produktbeschreibung   <\/p>\n<h3 class=\"a-text-center aplus-container-3 aplus-h1 a-text-bold\"> ALLCELE stundengesteuertes Roboterspielzeug <\/h3>\n<p>Das Video zeigt das Produkt im Einsatz. Das Video f\u00fchrt Sie durch die Produkteinrichtung. Das Video vergleicht mehrere Produkte. Das Video zeigt das Auspacken des Produkts.<\/p>\n<p>                                                                                  <img decoding=\"async\" alt=\"ferngesteuertes Roboter\" src=\"https:\/\/m.media-amazon.com\/images\/S\/aplus-media-library-service-media\/505de6cc-3c12-400d-8987-79943a2a7515.__CR0,0,1464,600_PT0_SX1464_V1___.jpg\">       <\/p>\n<p>                                                                                  <img decoding=\"async\" alt=\"ferngesteuertes Roboter\" src=\"https:\/\/m.media-amazon.com\/images\/S\/aplus-media-library-service-media\/70b349ea-35f6-475b-abed-0bd6fdaac254.__CR0,0,1464,600_PT0_SX1464_V1___.jpg\">       <\/p>\n<p>                                                                                  <img decoding=\"async\" alt=\"Roboter\" src=\"https:\/\/m.media-amazon.com\/images\/S\/aplus-media-library-service-media\/6be07193-cab7-488b-8a83-28de8afa1782.__CR0,0,1464,600_PT0_SX1464_V1___.jpg\">       <\/p>\n<p>                                                                                                       <img decoding=\"async\" alt=\"Roboter\" src=\"https:\/\/images-na.ssl-images-amazon.com\/images\/G\/01\/x-locale\/common\/grey-pixel.gif\" class=\"a-lazy-loaded\" data-src=\"https:\/\/m.media-amazon.com\/images\/S\/aplus-media-library-service-media\/ee7028a3-2d8b-40e8-8f8e-42030573e9de.__CR0,0,1464,600_PT0_SX1464_V1___.jpg\"><img decoding=\"async\" alt=\"Roboter\" src=\"https:\/\/m.media-amazon.com\/images\/S\/aplus-media-library-service-media\/ee7028a3-2d8b-40e8-8f8e-42030573e9de.__CR0,0,1464,600_PT0_SX1464_V1___.jpg\">                                               <\/p>\n<p>                                                                                                       <img decoding=\"async\" alt=\"Roboter\" src=\"https:\/\/images-na.ssl-images-amazon.com\/images\/G\/01\/x-locale\/common\/grey-pixel.gif\" class=\"a-lazy-loaded\" data-src=\"https:\/\/m.media-amazon.com\/images\/S\/aplus-media-library-service-media\/f027fc25-4e02-4597-b26e-f493d19cdc7a.__CR0,0,1464,600_PT0_SX1464_V1___.jpg\"><img decoding=\"async\" alt=\"Roboter\" src=\"https:\/\/m.media-amazon.com\/images\/S\/aplus-media-library-service-media\/f027fc25-4e02-4597-b26e-f493d19cdc7a.__CR0,0,1464,600_PT0_SX1464_V1___.jpg\">                                               <\/p>\n<p>                                                                                  <img decoding=\"async\" alt=\"Roboter\" src=\"https:\/\/m.media-amazon.com\/images\/S\/aplus-media-library-service-media\/50b17fb7-2383-4b50-b229-f927b132e76a.__CR0,0,1464,600_PT0_SX1464_V1___.jpg\">       <\/p>\n<p>                                                                                  <img decoding=\"async\" alt=\"Roboter\" src=\"https:\/\/m.media-amazon.com\/images\/S\/aplus-media-library-service-media\/d2169524-b83d-4d58-824b-1dd9731c32fd.__CR0,0,1464,600_PT0_SX1464_V1___.jpg\">       <\/p>\n<p>                                                                                  <img decoding=\"async\" alt=\"Roboter\" src=\"https:\/\/m.media-amazon.com\/images\/S\/aplus-media-library-service-media\/428b369e-d73d-41ec-8132-bcbc20ec70bd.__CR0,0,1464,600_PT0_SX1464_V1___.jpg\">       <\/p>\n<p>Roboterspielzeug f\u00fcr Kinder: Dieser niedliche und interessante Roboter hat ein fantastisches Design, ein Paar LED-Augen, verstellbare Arme und eine Panzerkettendekoration an der Unterseite, die das Roboterspielzeug technologischer macht<br \/>Multifunktionaler Roboter: LED-Augen leuchten, sobald Sie den Roboter einschalten, Sie k\u00f6nnen ihn auch schlie\u00dfen oder per Fernbedienung blinken lassen; Sprachfunktion \u2013 schalten Sie den Roboter ein, er beginnt in seiner eigenen Sprache zu sprechen, er kann au\u00dferdem 3 Lieder singen, die per Fernbedienung umgeschaltet werden k\u00f6nnen; Motorisierte R\u00e4der unter den Panzerketten lassen den Roboter nach links und rechts hin und her fahren, wenn er in den Demomodus wechselt, muss er tanzen<br \/>Batteriespezifikation: Der RC-Roboter wird von einer wiederaufladbaren 300-mAh-Lithiumbatterie angetrieben, die in 120 Minuten vollst\u00e4ndig aufgeladen ist und 100 Minuten lang arbeiten kann. Es gibt auch ein Mini-USB-Kabel, mit dem Sie ihn kostenlos aufladen k\u00f6nnen (stellen Sie sicher, dass Sie ihn mit dem Ladekabel aufladen, das mit dem Roboter geliefert wurde). Die Fernbedienung wird mit 2 x AA-Batterien betrieben (nicht im Lieferumfang enthalten).<br \/>IDEALES GESCHENK F\u00dcR KINDER Dieser RC-Roboter besteht aus hochwertigen, ungiftigen Materialien und ist ein tolles 2,4-GHz-RC-Spielzeug. Mit exquisiter Verpackung ist es ein ideales Geschenk f\u00fcr Jungen und M\u00e4dchen zu Weihnachten und Geburtstagsfeiern<br \/>Was Sie erhalten: Roboterspielzeug x 1, Fernbedienung x 1 (Batterien nicht im Lieferumfang enthalten), Ladekabel x 1, Schraubendreher x 1 und Bedienungsanleitung x 1. Wenn Sie Fragen zum Produkt haben, kontaktieren Sie uns bitte rechtzeitig<\/p>\n<p>[ad_2]<\/p>\n","protected":false},"excerpt":{"rendered":"<p>Produktbeschreibung ALLCELE stundengesteuertes Roboterspielzeug Das Video zeigt das Produkt im Einsatz. Das Video f\u00fchrt Sie durch die Produkteinrichtung. Das Video vergleicht mehrere Produkte. Das Video zeigt das Auspacken des Produkts. Roboterspielzeug f\u00fcr Kinder: Dieser niedliche und interessante Roboter hat ein fantastisches Design, ein Paar LED-Augen, verstellbare Arme und eine Panzerkettendekoration an der Unterseite, die das [&hellip;]<\/p>\n","protected":false},"featured_media":2204,"comment_status":"open","ping_status":"closed","template":"","meta":{"_aipt_faq_data":""},"store":[],"product_brand":[],"product_cat":[109],"product_tag":[161],"class_list":{"0":"post-2203","1":"product","2":"type-product","3":"status-publish","4":"has-post-thumbnail","6":"product_cat-therapieroboter","7":"product_tag-therapieroboter-fuer-kinder","9":"first","10":"instock","11":"sale","12":"shipping-taxable","13":"product-type-external"},"yoast_head":"<!-- This site is optimized with the Yoast SEO plugin v27.0 - https:\/\/yoast.com\/product\/yoast-seo-wordpress\/ -->\n<title>ALLCELE Roboter Kinderspielzeug, wiederaufladbarer ferngesteuerter Roboter mit LED-Augenmusik und lustigen Ger\u00e4uschen f\u00fcr 3 4 5 6 7 8 Jahre alte Jungen Blau Gr\u00fcn - EasyLifeBro<\/title>\n<meta name=\"description\" content=\"Entdecken Sie smarte Roboter f\u00fcr Zuhause, Garten, Bildung und Sicherheit. Vergleichen Sie Saugroboter, Rasenm\u00e4hroboter, KI-Begleitroboter und mehr bei EasyLifeRobo.\" \/>\n<meta name=\"robots\" content=\"index, follow, max-snippet:-1, max-image-preview:large, max-video-preview:-1\" \/>\n<link rel=\"canonical\" href=\"https:\/\/easyliferobo.com\/de\/product\/allcele-roboter-kinderspielzeug-wiederaufladbarer-ferngesteuerter-roboter-mit-led-augenmusik-und-lustigen-geraeuschen-fuer-3-4-5-6-7-8-jahre-alte-jungen-blau-gruen\/\" \/>\n<meta property=\"og:locale\" content=\"de_DE\" \/>\n<meta property=\"og:type\" content=\"article\" \/>\n<meta property=\"og:title\" content=\"ALLCELE Roboter Kinderspielzeug, wiederaufladbarer ferngesteuerter Roboter mit LED-Augenmusik und lustigen Ger\u00e4uschen f\u00fcr 3 4 5 6 7 8 Jahre alte Jungen Blau Gr\u00fcn - EasyLifeBro\" \/>\n<meta property=\"og:description\" content=\"Entdecken Sie smarte Roboter f\u00fcr Zuhause, Garten, Bildung und Sicherheit. Vergleichen Sie Saugroboter, Rasenm\u00e4hroboter, KI-Begleitroboter und mehr bei EasyLifeRobo.\" \/>\n<meta property=\"og:url\" content=\"https:\/\/easyliferobo.com\/de\/product\/allcele-roboter-kinderspielzeug-wiederaufladbarer-ferngesteuerter-roboter-mit-led-augenmusik-und-lustigen-geraeuschen-fuer-3-4-5-6-7-8-jahre-alte-jungen-blau-gruen\/\" \/>\n<meta property=\"og:site_name\" content=\"EasyLifeBro\" \/>\n<meta property=\"article:modified_time\" content=\"2026-02-27T02:44:33+00:00\" \/>\n<meta property=\"og:image\" content=\"https:\/\/m.media-amazon.com\/images\/S\/aplus-media-library-service-media\/505de6cc-3c12-400d-8987-79943a2a7515.__CR0,0,1464,600_PT0_SX1464_V1___.jpg\" \/>\n<meta name=\"twitter:card\" content=\"summary_large_image\" \/>\n<meta name=\"twitter:label1\" content=\"Gesch\u00e4tzte Lesezeit\" \/>\n\t<meta name=\"twitter:data1\" content=\"1\u00a0Minute\" \/>\n<script type=\"application\/ld+json\" class=\"yoast-schema-graph\">{\"@context\":\"https:\/\/schema.org\",\"@graph\":[{\"@type\":\"WebPage\",\"@id\":\"https:\/\/easyliferobo.com\/de\/product\/allcele-roboter-kinderspielzeug-wiederaufladbarer-ferngesteuerter-roboter-mit-led-augenmusik-und-lustigen-geraeuschen-fuer-3-4-5-6-7-8-jahre-alte-jungen-blau-gruen\/\",\"url\":\"https:\/\/easyliferobo.com\/de\/product\/allcele-roboter-kinderspielzeug-wiederaufladbarer-ferngesteuerter-roboter-mit-led-augenmusik-und-lustigen-geraeuschen-fuer-3-4-5-6-7-8-jahre-alte-jungen-blau-gruen\/\",\"name\":\"ALLCELE Roboter Kinderspielzeug, wiederaufladbarer ferngesteuerter Roboter mit LED-Augenmusik und lustigen Ger\u00e4uschen f\u00fcr 3 4 5 6 7 8 Jahre alte Jungen Blau Gr\u00fcn - EasyLifeBro\",\"isPartOf\":{\"@id\":\"https:\/\/easyliferobo.com\/de\/#website\"},\"primaryImageOfPage\":{\"@id\":\"https:\/\/easyliferobo.com\/de\/product\/allcele-roboter-kinderspielzeug-wiederaufladbarer-ferngesteuerter-roboter-mit-led-augenmusik-und-lustigen-geraeuschen-fuer-3-4-5-6-7-8-jahre-alte-jungen-blau-gruen\/#primaryimage\"},\"image\":{\"@id\":\"https:\/\/easyliferobo.com\/de\/product\/allcele-roboter-kinderspielzeug-wiederaufladbarer-ferngesteuerter-roboter-mit-led-augenmusik-und-lustigen-geraeuschen-fuer-3-4-5-6-7-8-jahre-alte-jungen-blau-gruen\/#primaryimage\"},\"thumbnailUrl\":\"https:\/\/easyliferobo.com\/de\/wp-content\/uploads\/2026\/02\/71vKMLMxLwL._AC_SL1500_.jpg\",\"datePublished\":\"2026-02-27T02:44:19+00:00\",\"dateModified\":\"2026-02-27T02:44:33+00:00\",\"description\":\"Entdecken Sie smarte Roboter f\u00fcr Zuhause, Garten, Bildung und Sicherheit. Vergleichen Sie Saugroboter, Rasenm\u00e4hroboter, KI-Begleitroboter und mehr bei EasyLifeRobo.\",\"breadcrumb\":{\"@id\":\"https:\/\/easyliferobo.com\/de\/product\/allcele-roboter-kinderspielzeug-wiederaufladbarer-ferngesteuerter-roboter-mit-led-augenmusik-und-lustigen-geraeuschen-fuer-3-4-5-6-7-8-jahre-alte-jungen-blau-gruen\/#breadcrumb\"},\"inLanguage\":\"de\",\"potentialAction\":[{\"@type\":\"ReadAction\",\"target\":[\"https:\/\/easyliferobo.com\/de\/product\/allcele-roboter-kinderspielzeug-wiederaufladbarer-ferngesteuerter-roboter-mit-led-augenmusik-und-lustigen-geraeuschen-fuer-3-4-5-6-7-8-jahre-alte-jungen-blau-gruen\/\"]}]},{\"@type\":\"ImageObject\",\"inLanguage\":\"de\",\"@id\":\"https:\/\/easyliferobo.com\/de\/product\/allcele-roboter-kinderspielzeug-wiederaufladbarer-ferngesteuerter-roboter-mit-led-augenmusik-und-lustigen-geraeuschen-fuer-3-4-5-6-7-8-jahre-alte-jungen-blau-gruen\/#primaryimage\",\"url\":\"https:\/\/easyliferobo.com\/de\/wp-content\/uploads\/2026\/02\/71vKMLMxLwL._AC_SL1500_.jpg\",\"contentUrl\":\"https:\/\/easyliferobo.com\/de\/wp-content\/uploads\/2026\/02\/71vKMLMxLwL._AC_SL1500_.jpg\",\"width\":1439,\"height\":1412},{\"@type\":\"BreadcrumbList\",\"@id\":\"https:\/\/easyliferobo.com\/de\/product\/allcele-roboter-kinderspielzeug-wiederaufladbarer-ferngesteuerter-roboter-mit-led-augenmusik-und-lustigen-geraeuschen-fuer-3-4-5-6-7-8-jahre-alte-jungen-blau-gruen\/#breadcrumb\",\"itemListElement\":[{\"@type\":\"ListItem\",\"position\":1,\"name\":\"Home\",\"item\":\"https:\/\/easyliferobo.com\/de\/\"},{\"@type\":\"ListItem\",\"position\":2,\"name\":\"Shop\",\"item\":\"https:\/\/easyliferobo.com\/de\/shop\/\"},{\"@type\":\"ListItem\",\"position\":3,\"name\":\"ALLCELE Roboter Kinderspielzeug, wi...\"}]},{\"@type\":\"WebSite\",\"@id\":\"https:\/\/easyliferobo.com\/de\/#website\",\"url\":\"https:\/\/easyliferobo.com\/de\/\",\"name\":\"EasyLifeBro\",\"description\":\"Smarte Roboter f\u00fcr Zuhause, Garten &amp; Bildung\",\"publisher\":{\"@id\":\"https:\/\/easyliferobo.com\/de\/#organization\"},\"potentialAction\":[{\"@type\":\"SearchAction\",\"target\":{\"@type\":\"EntryPoint\",\"urlTemplate\":\"https:\/\/easyliferobo.com\/de\/?s={search_term_string}\"},\"query-input\":{\"@type\":\"PropertyValueSpecification\",\"valueRequired\":true,\"valueName\":\"search_term_string\"}}],\"inLanguage\":\"de\"},{\"@type\":\"Organization\",\"@id\":\"https:\/\/easyliferobo.com\/de\/#organization\",\"name\":\"EasyLifeBro\",\"url\":\"https:\/\/easyliferobo.com\/de\/\",\"logo\":{\"@type\":\"ImageObject\",\"inLanguage\":\"de\",\"@id\":\"https:\/\/easyliferobo.com\/de\/#\/schema\/logo\/image\/\",\"url\":\"https:\/\/easyliferobo.com\/de\/wp-content\/uploads\/2026\/02\/Screenshot-2026-02-22-at-2.25.03-PM.png\",\"contentUrl\":\"https:\/\/easyliferobo.com\/de\/wp-content\/uploads\/2026\/02\/Screenshot-2026-02-22-at-2.25.03-PM.png\",\"width\":1858,\"height\":430,\"caption\":\"EasyLifeBro\"},\"image\":{\"@id\":\"https:\/\/easyliferobo.com\/de\/#\/schema\/logo\/image\/\"}}]}<\/script>\n<!-- \/ Yoast SEO plugin. -->","yoast_head_json":{"title":"ALLCELE Roboter Kinderspielzeug, wiederaufladbarer ferngesteuerter Roboter mit LED-Augenmusik und lustigen Ger\u00e4uschen f\u00fcr 3 4 5 6 7 8 Jahre alte Jungen Blau Gr\u00fcn - EasyLifeBro","description":"Entdecken Sie smarte Roboter f\u00fcr Zuhause, Garten, Bildung und Sicherheit. Vergleichen Sie Saugroboter, Rasenm\u00e4hroboter, KI-Begleitroboter und mehr bei EasyLifeRobo.","robots":{"index":"index","follow":"follow","max-snippet":"max-snippet:-1","max-image-preview":"max-image-preview:large","max-video-preview":"max-video-preview:-1"},"canonical":"https:\/\/easyliferobo.com\/de\/product\/allcele-roboter-kinderspielzeug-wiederaufladbarer-ferngesteuerter-roboter-mit-led-augenmusik-und-lustigen-geraeuschen-fuer-3-4-5-6-7-8-jahre-alte-jungen-blau-gruen\/","og_locale":"de_DE","og_type":"article","og_title":"ALLCELE Roboter Kinderspielzeug, wiederaufladbarer ferngesteuerter Roboter mit LED-Augenmusik und lustigen Ger\u00e4uschen f\u00fcr 3 4 5 6 7 8 Jahre alte Jungen Blau Gr\u00fcn - EasyLifeBro","og_description":"Entdecken Sie smarte Roboter f\u00fcr Zuhause, Garten, Bildung und Sicherheit. Vergleichen Sie Saugroboter, Rasenm\u00e4hroboter, KI-Begleitroboter und mehr bei EasyLifeRobo.","og_url":"https:\/\/easyliferobo.com\/de\/product\/allcele-roboter-kinderspielzeug-wiederaufladbarer-ferngesteuerter-roboter-mit-led-augenmusik-und-lustigen-geraeuschen-fuer-3-4-5-6-7-8-jahre-alte-jungen-blau-gruen\/","og_site_name":"EasyLifeBro","article_modified_time":"2026-02-27T02:44:33+00:00","og_image":[{"url":"https:\/\/m.media-amazon.com\/images\/S\/aplus-media-library-service-media\/505de6cc-3c12-400d-8987-79943a2a7515.__CR0,0,1464,600_PT0_SX1464_V1___.jpg","type":"","width":"","height":""}],"twitter_card":"summary_large_image","twitter_misc":{"Gesch\u00e4tzte Lesezeit":"1\u00a0Minute"},"schema":{"@context":"https:\/\/schema.org","@graph":[{"@type":"WebPage","@id":"https:\/\/easyliferobo.com\/de\/product\/allcele-roboter-kinderspielzeug-wiederaufladbarer-ferngesteuerter-roboter-mit-led-augenmusik-und-lustigen-geraeuschen-fuer-3-4-5-6-7-8-jahre-alte-jungen-blau-gruen\/","url":"https:\/\/easyliferobo.com\/de\/product\/allcele-roboter-kinderspielzeug-wiederaufladbarer-ferngesteuerter-roboter-mit-led-augenmusik-und-lustigen-geraeuschen-fuer-3-4-5-6-7-8-jahre-alte-jungen-blau-gruen\/","name":"ALLCELE Roboter Kinderspielzeug, wiederaufladbarer ferngesteuerter Roboter mit LED-Augenmusik und lustigen Ger\u00e4uschen f\u00fcr 3 4 5 6 7 8 Jahre alte Jungen Blau Gr\u00fcn - EasyLifeBro","isPartOf":{"@id":"https:\/\/easyliferobo.com\/de\/#website"},"primaryImageOfPage":{"@id":"https:\/\/easyliferobo.com\/de\/product\/allcele-roboter-kinderspielzeug-wiederaufladbarer-ferngesteuerter-roboter-mit-led-augenmusik-und-lustigen-geraeuschen-fuer-3-4-5-6-7-8-jahre-alte-jungen-blau-gruen\/#primaryimage"},"image":{"@id":"https:\/\/easyliferobo.com\/de\/product\/allcele-roboter-kinderspielzeug-wiederaufladbarer-ferngesteuerter-roboter-mit-led-augenmusik-und-lustigen-geraeuschen-fuer-3-4-5-6-7-8-jahre-alte-jungen-blau-gruen\/#primaryimage"},"thumbnailUrl":"https:\/\/easyliferobo.com\/de\/wp-content\/uploads\/2026\/02\/71vKMLMxLwL._AC_SL1500_.jpg","datePublished":"2026-02-27T02:44:19+00:00","dateModified":"2026-02-27T02:44:33+00:00","description":"Entdecken Sie smarte Roboter f\u00fcr Zuhause, Garten, Bildung und Sicherheit. Vergleichen Sie Saugroboter, Rasenm\u00e4hroboter, KI-Begleitroboter und mehr bei EasyLifeRobo.","breadcrumb":{"@id":"https:\/\/easyliferobo.com\/de\/product\/allcele-roboter-kinderspielzeug-wiederaufladbarer-ferngesteuerter-roboter-mit-led-augenmusik-und-lustigen-geraeuschen-fuer-3-4-5-6-7-8-jahre-alte-jungen-blau-gruen\/#breadcrumb"},"inLanguage":"de","potentialAction":[{"@type":"ReadAction","target":["https:\/\/easyliferobo.com\/de\/product\/allcele-roboter-kinderspielzeug-wiederaufladbarer-ferngesteuerter-roboter-mit-led-augenmusik-und-lustigen-geraeuschen-fuer-3-4-5-6-7-8-jahre-alte-jungen-blau-gruen\/"]}]},{"@type":"ImageObject","inLanguage":"de","@id":"https:\/\/easyliferobo.com\/de\/product\/allcele-roboter-kinderspielzeug-wiederaufladbarer-ferngesteuerter-roboter-mit-led-augenmusik-und-lustigen-geraeuschen-fuer-3-4-5-6-7-8-jahre-alte-jungen-blau-gruen\/#primaryimage","url":"https:\/\/easyliferobo.com\/de\/wp-content\/uploads\/2026\/02\/71vKMLMxLwL._AC_SL1500_.jpg","contentUrl":"https:\/\/easyliferobo.com\/de\/wp-content\/uploads\/2026\/02\/71vKMLMxLwL._AC_SL1500_.jpg","width":1439,"height":1412},{"@type":"BreadcrumbList","@id":"https:\/\/easyliferobo.com\/de\/product\/allcele-roboter-kinderspielzeug-wiederaufladbarer-ferngesteuerter-roboter-mit-led-augenmusik-und-lustigen-geraeuschen-fuer-3-4-5-6-7-8-jahre-alte-jungen-blau-gruen\/#breadcrumb","itemListElement":[{"@type":"ListItem","position":1,"name":"Home","item":"https:\/\/easyliferobo.com\/de\/"},{"@type":"ListItem","position":2,"name":"Shop","item":"https:\/\/easyliferobo.com\/de\/shop\/"},{"@type":"ListItem","position":3,"name":"ALLCELE Roboter Kinderspielzeug, wi..."}]},{"@type":"WebSite","@id":"https:\/\/easyliferobo.com\/de\/#website","url":"https:\/\/easyliferobo.com\/de\/","name":"EasyLifeBro","description":"Smarte Roboter f\u00fcr Zuhause, Garten &amp; Bildung","publisher":{"@id":"https:\/\/easyliferobo.com\/de\/#organization"},"potentialAction":[{"@type":"SearchAction","target":{"@type":"EntryPoint","urlTemplate":"https:\/\/easyliferobo.com\/de\/?s={search_term_string}"},"query-input":{"@type":"PropertyValueSpecification","valueRequired":true,"valueName":"search_term_string"}}],"inLanguage":"de"},{"@type":"Organization","@id":"https:\/\/easyliferobo.com\/de\/#organization","name":"EasyLifeBro","url":"https:\/\/easyliferobo.com\/de\/","logo":{"@type":"ImageObject","inLanguage":"de","@id":"https:\/\/easyliferobo.com\/de\/#\/schema\/logo\/image\/","url":"https:\/\/easyliferobo.com\/de\/wp-content\/uploads\/2026\/02\/Screenshot-2026-02-22-at-2.25.03-PM.png","contentUrl":"https:\/\/easyliferobo.com\/de\/wp-content\/uploads\/2026\/02\/Screenshot-2026-02-22-at-2.25.03-PM.png","width":1858,"height":430,"caption":"EasyLifeBro"},"image":{"@id":"https:\/\/easyliferobo.com\/de\/#\/schema\/logo\/image\/"}}]}},"_links":{"self":[{"href":"https:\/\/easyliferobo.com\/de\/wp-json\/wp\/v2\/product\/2203","targetHints":{"allow":["GET"]}}],"collection":[{"href":"https:\/\/easyliferobo.com\/de\/wp-json\/wp\/v2\/product"}],"about":[{"href":"https:\/\/easyliferobo.com\/de\/wp-json\/wp\/v2\/types\/product"}],"replies":[{"embeddable":true,"href":"https:\/\/easyliferobo.com\/de\/wp-json\/wp\/v2\/comments?post=2203"}],"wp:featuredmedia":[{"embeddable":true,"href":"https:\/\/easyliferobo.com\/de\/wp-json\/wp\/v2\/media\/2204"}],"wp:attachment":[{"href":"https:\/\/easyliferobo.com\/de\/wp-json\/wp\/v2\/media?parent=2203"}],"wp:term":[{"taxonomy":"store","embeddable":true,"href":"https:\/\/easyliferobo.com\/de\/wp-json\/wp\/v2\/store?post=2203"},{"taxonomy":"product_brand","embeddable":true,"href":"https:\/\/easyliferobo.com\/de\/wp-json\/wp\/v2\/product_brand?post=2203"},{"taxonomy":"product_cat","embeddable":true,"href":"https:\/\/easyliferobo.com\/de\/wp-json\/wp\/v2\/product_cat?post=2203"},{"taxonomy":"product_tag","embeddable":true,"href":"https:\/\/easyliferobo.com\/de\/wp-json\/wp\/v2\/product_tag?post=2203"}],"curies":[{"name":"wp","href":"https:\/\/api.w.org\/{rel}","templated":true}]}}