
{"id":2195,"date":"2026-02-27T02:42:59","date_gmt":"2026-02-27T02:42:59","guid":{"rendered":"https:\/\/easyliferobo.com\/de\/product\/braceup-rueckenstuetze-mit-lendenkissen-rueckenstuetze-rueckenstuetzguertel-lendenwirbelstuetze-fuer-damen-und-herren-l-xl\/"},"modified":"2026-02-27T02:43:19","modified_gmt":"2026-02-27T02:43:19","slug":"braceup-rueckenstuetze-mit-lendenkissen-rueckenstuetze-rueckenstuetzguertel-lendenwirbelstuetze-fuer-damen-und-herren-l-xl","status":"publish","type":"product","link":"https:\/\/easyliferobo.com\/de\/product\/braceup-rueckenstuetze-mit-lendenkissen-rueckenstuetze-rueckenstuetzguertel-lendenwirbelstuetze-fuer-damen-und-herren-l-xl\/","title":{"rendered":"BraceUP R\u00fcckenst\u00fctze mit Lendenki..."},"content":{"rendered":"<p>\n                                             Von der Marke   <\/p>\n<p>                                              <img decoding=\"async\" alt=\"BraceUP\" src=\"https:\/\/images-na.ssl-images-amazon.com\/images\/G\/01\/x-locale\/common\/grey-pixel.gif\" class=\"a-lazy-loaded\" data-src=\"https:\/\/m.media-amazon.com\/images\/S\/aplus-media-library-service-media\/f434fb8a-a0f2-440e-965d-e1745b7eb81a.__CR0,0,4392,1875_PT0_SX1464_V1___.png\"><img decoding=\"async\" alt=\"BraceUP\" src=\"https:\/\/m.media-amazon.com\/images\/S\/aplus-media-library-service-media\/f434fb8a-a0f2-440e-965d-e1745b7eb81a.__CR0,0,4392,1875_PT0_SX1464_V1___.png\">  <\/p>\n<p>                                              <img decoding=\"async\" alt=\"Werbebild zum 10-j\u00e4hrigen Jubil\u00e4um von BraceUP mit schwarzen Kompressionsspangen f\u00fcr Gelenke. Der Text hebt ein Jahrzehnt der Unterst\u00fctzung f\u00fcr Kraft, Erholung und selbstbewusste Bewegung hervor.\" src=\"https:\/\/images-na.ssl-images-amazon.com\/images\/G\/01\/x-locale\/common\/grey-pixel.gif\" class=\"a-lazy-loaded\" data-src=\"https:\/\/m.media-amazon.com\/images\/S\/aplus-media-library-service-media\/b5da423d-bf7c-40d8-910f-d9d66915fc50.__CR0,0,1448,1812_PT0_SX362_V1___.png\"><img decoding=\"async\" alt=\"Werbebild zum 10-j\u00e4hrigen Jubil\u00e4um von BraceUP mit schwarzen Kompressionsspangen f\u00fcr Gelenke. Der Text hebt ein Jahrzehnt der Unterst\u00fctzung f\u00fcr Kraft, Erholung und selbstbewusste Bewegung hervor.\" src=\"https:\/\/m.media-amazon.com\/images\/S\/aplus-media-library-service-media\/b5da423d-bf7c-40d8-910f-d9d66915fc50.__CR0,0,1448,1812_PT0_SX362_V1___.png\">  <\/p>\n<h3>  R\u00fcckenst\u00fctze <\/h3>\n<p>                                              <img decoding=\"async\" alt=\"braceUP\" src=\"https:\/\/images-na.ssl-images-amazon.com\/images\/G\/01\/x-locale\/common\/grey-pixel.gif\" class=\"a-lazy-loaded\" data-src=\"https:\/\/m.media-amazon.com\/images\/S\/aplus-media-library-service-media\/1e138b76-41f7-4a54-9df5-21c78d232fde.__CR0,0,1449,1813_PT0_SX362_V1___.png\"><img decoding=\"async\" alt=\"braceUP\" src=\"https:\/\/m.media-amazon.com\/images\/S\/aplus-media-library-service-media\/1e138b76-41f7-4a54-9df5-21c78d232fde.__CR0,0,1449,1813_PT0_SX362_V1___.png\">  <\/p>\n<h3>  Handgelenkschlaufe <\/h3>\n<p>                                              <img decoding=\"async\" alt=\"braceUP\" src=\"https:\/\/images-na.ssl-images-amazon.com\/images\/G\/01\/x-locale\/common\/grey-pixel.gif\" class=\"a-lazy-loaded\" data-src=\"https:\/\/m.media-amazon.com\/images\/S\/aplus-media-library-service-media\/c59e707c-29ff-41c4-871b-f8a4f23f0839.__CR0,0,1087,1360_PT0_SX362_V1___.png\"><img decoding=\"async\" alt=\"braceUP\" src=\"https:\/\/m.media-amazon.com\/images\/S\/aplus-media-library-service-media\/c59e707c-29ff-41c4-871b-f8a4f23f0839.__CR0,0,1087,1360_PT0_SX362_V1___.png\">  <\/p>\n<p>                                              <img decoding=\"async\" alt=\"braceUP\" src=\"https:\/\/images-na.ssl-images-amazon.com\/images\/G\/01\/x-locale\/common\/grey-pixel.gif\" class=\"a-lazy-loaded\" data-src=\"https:\/\/m.media-amazon.com\/images\/S\/aplus-media-library-service-media\/40f1f81e-fd2f-4175-a8f5-d26d29584404.__CR0,0,1087,1360_PT0_SX362_V1___.png\"><img decoding=\"async\" alt=\"braceUP\" src=\"https:\/\/m.media-amazon.com\/images\/S\/aplus-media-library-service-media\/40f1f81e-fd2f-4175-a8f5-d26d29584404.__CR0,0,1087,1360_PT0_SX362_V1___.png\">  <\/p>\n<h3>  Kniegelenke einladen <\/h3>\n<p>                                              <img decoding=\"async\" alt=\"braceUP\" src=\"https:\/\/images-na.ssl-images-amazon.com\/images\/G\/01\/x-locale\/common\/grey-pixel.gif\" class=\"a-lazy-loaded\" data-src=\"https:\/\/m.media-amazon.com\/images\/S\/aplus-media-library-service-media\/ff187ba8-d5a0-4525-9669-7d17f9c3993a.__CR0,0,1449,1813_PT0_SX362_V1___.png\"><img decoding=\"async\" alt=\"braceUP\" src=\"https:\/\/m.media-amazon.com\/images\/S\/aplus-media-library-service-media\/ff187ba8-d5a0-4525-9669-7d17f9c3993a.__CR0,0,1449,1813_PT0_SX362_V1___.png\">  <\/p>\n<h3>  Kaufen Sie den Kn\u00f6chelclip <\/h3>\n<p>Keine R\u00fcckenschmerzen mehr: Die BraceUP-R\u00fcckenbandage enth\u00e4lt f\u00fcnf ergonomisch geformte Schienen, die sich perfekt an die nat\u00fcrliche Rundung des unteren R\u00fcckens anpassen und f\u00fcr eine 5-mal st\u00e4rkere Unterst\u00fctzung in der Vertikalen sorgen. Die Orthese lindert Schmerzen im unteren R\u00fcckenbereich und rollt nicht auf. Dies ist die Deluxe-Version unserer Lendenwirbelst\u00fctze, perfekt, wenn Sie unter Ischiasproblemen, Bandscheibenvorf\u00e4llen, Muskelschmerzen, Arthritis oder Skoliose leiden.<br \/>Lendenkissen und verstellbare R\u00fcckengurte: Das abnehmbare Lendenpolster und die beiden speziell entwickelten, verstellbaren Gurte sorgen f\u00fcr zus\u00e4tzliche Kompression f\u00fcr den unteren R\u00fccken. Sie erhalten die Unterst\u00fctzung, die Sie brauchen, um aktiv zu bleiben!<br \/>Komfort f\u00fcr den ganzen Tag: Mit den hochwertigen und atmungsaktiven Stoffen sorgt die BraceUP Lordosenst\u00fctze f\u00fcr angenehmen Tragekomfort. Zwei rutschfeste Silikonb\u00e4nder sorgen daf\u00fcr, dass alles an Ort und Stelle bleibt. Die R\u00fcckenst\u00fctze ist leicht, waschbar und l\u00e4sst sich problemlos unter jeder Kleidung tragen.<br \/>Vielseitige Funktionen: Ob Arbeiten im Haushalt oder schweres Heben bei der Arbeit, unsere R\u00fcckenst\u00fctze sorgt daf\u00fcr, dass Sie einen geraden R\u00fccken behalten. Dank seines schlanken Designs k\u00f6nnen Sie es auch beim Training im Fitnessstudio, beim Golfen und anderen sportlichen Aktivit\u00e4ten tragen.<br \/>W\u00e4hlen Sie die richtige Gr\u00f6\u00dfe: Unser R\u00fcckenst\u00fctzg\u00fcrtel passt sowohl M\u00e4nnern als auch Frauen. Bitte messen Sie unbedingt den Umfang um den Bauchnabel, um die richtige Gr\u00f6\u00dfe auszuw\u00e4hlen. Bitte nehmen Sie Ihre Hosengr\u00f6\u00dfe nicht als Referenz.<\/p>\n<p>[ad_2]<\/p>\n","protected":false},"excerpt":{"rendered":"<p>Von der Marke R\u00fcckenst\u00fctze Handgelenkschlaufe Kniegelenke einladen Kaufen Sie den Kn\u00f6chelclip Keine R\u00fcckenschmerzen mehr: Die BraceUP-R\u00fcckenbandage enth\u00e4lt f\u00fcnf ergonomisch geformte Schienen, die sich perfekt an die nat\u00fcrliche Rundung des unteren R\u00fcckens anpassen und f\u00fcr eine 5-mal st\u00e4rkere Unterst\u00fctzung in der Vertikalen sorgen. Die Orthese lindert Schmerzen im unteren R\u00fcckenbereich und rollt nicht auf. Dies ist [&hellip;]<\/p>\n","protected":false},"featured_media":2196,"comment_status":"open","ping_status":"closed","template":"","meta":{"_aipt_faq_data":""},"store":[],"product_brand":[160],"product_cat":[110],"product_tag":[159],"class_list":{"0":"post-2195","1":"product","2":"type-product","3":"status-publish","4":"has-post-thumbnail","6":"product_brand-braceup","7":"product_cat-exoskelette","8":"product_tag-exoskelette-fuer-rueckenunterstuetzung","10":"first","11":"instock","12":"shipping-taxable","13":"product-type-external"},"yoast_head":"<!-- This site is optimized with the Yoast SEO plugin v27.4 - https:\/\/yoast.com\/product\/yoast-seo-wordpress\/ -->\n<title>BraceUP R\u00fcckenst\u00fctze mit Lendenkissen \u2013 R\u00fcckenst\u00fctze, R\u00fcckenst\u00fctzg\u00fcrtel, Lendenwirbelst\u00fctze f\u00fcr Damen und Herren (L\/XL) - EasyLifeBro<\/title>\n<meta name=\"description\" content=\"Entdecken Sie smarte Roboter f\u00fcr Zuhause, Garten, Bildung und Sicherheit. Vergleichen Sie Saugroboter, Rasenm\u00e4hroboter, KI-Begleitroboter und mehr bei EasyLifeRobo.\" \/>\n<meta name=\"robots\" content=\"index, follow, max-snippet:-1, max-image-preview:large, max-video-preview:-1\" \/>\n<link rel=\"canonical\" href=\"https:\/\/easyliferobo.com\/de\/product\/braceup-rueckenstuetze-mit-lendenkissen-rueckenstuetze-rueckenstuetzguertel-lendenwirbelstuetze-fuer-damen-und-herren-l-xl\/\" \/>\n<meta property=\"og:locale\" content=\"de_DE\" \/>\n<meta property=\"og:type\" content=\"article\" \/>\n<meta property=\"og:title\" content=\"BraceUP R\u00fcckenst\u00fctze mit Lendenkissen \u2013 R\u00fcckenst\u00fctze, R\u00fcckenst\u00fctzg\u00fcrtel, Lendenwirbelst\u00fctze f\u00fcr Damen und Herren (L\/XL) - EasyLifeBro\" \/>\n<meta property=\"og:description\" content=\"Entdecken Sie smarte Roboter f\u00fcr Zuhause, Garten, Bildung und Sicherheit. Vergleichen Sie Saugroboter, Rasenm\u00e4hroboter, KI-Begleitroboter und mehr bei EasyLifeRobo.\" \/>\n<meta property=\"og:url\" content=\"https:\/\/easyliferobo.com\/de\/product\/braceup-rueckenstuetze-mit-lendenkissen-rueckenstuetze-rueckenstuetzguertel-lendenwirbelstuetze-fuer-damen-und-herren-l-xl\/\" \/>\n<meta property=\"og:site_name\" content=\"EasyLifeBro\" \/>\n<meta property=\"article:modified_time\" content=\"2026-02-27T02:43:19+00:00\" \/>\n<meta property=\"og:image\" content=\"https:\/\/images-na.ssl-images-amazon.com\/images\/G\/01\/x-locale\/common\/grey-pixel.gif\" \/>\n<meta name=\"twitter:card\" content=\"summary_large_image\" \/>\n<meta name=\"twitter:label1\" content=\"Gesch\u00e4tzte Lesezeit\" \/>\n\t<meta name=\"twitter:data1\" content=\"1\u00a0Minute\" \/>\n<script type=\"application\/ld+json\" class=\"yoast-schema-graph\">{\"@context\":\"https:\\\/\\\/schema.org\",\"@graph\":[{\"@type\":\"WebPage\",\"@id\":\"https:\\\/\\\/easyliferobo.com\\\/de\\\/product\\\/braceup-rueckenstuetze-mit-lendenkissen-rueckenstuetze-rueckenstuetzguertel-lendenwirbelstuetze-fuer-damen-und-herren-l-xl\\\/\",\"url\":\"https:\\\/\\\/easyliferobo.com\\\/de\\\/product\\\/braceup-rueckenstuetze-mit-lendenkissen-rueckenstuetze-rueckenstuetzguertel-lendenwirbelstuetze-fuer-damen-und-herren-l-xl\\\/\",\"name\":\"BraceUP R\u00fcckenst\u00fctze mit Lendenkissen \u2013 R\u00fcckenst\u00fctze, R\u00fcckenst\u00fctzg\u00fcrtel, Lendenwirbelst\u00fctze f\u00fcr Damen und Herren (L\\\/XL) - EasyLifeBro\",\"isPartOf\":{\"@id\":\"https:\\\/\\\/easyliferobo.com\\\/de\\\/#website\"},\"primaryImageOfPage\":{\"@id\":\"https:\\\/\\\/easyliferobo.com\\\/de\\\/product\\\/braceup-rueckenstuetze-mit-lendenkissen-rueckenstuetze-rueckenstuetzguertel-lendenwirbelstuetze-fuer-damen-und-herren-l-xl\\\/#primaryimage\"},\"image\":{\"@id\":\"https:\\\/\\\/easyliferobo.com\\\/de\\\/product\\\/braceup-rueckenstuetze-mit-lendenkissen-rueckenstuetze-rueckenstuetzguertel-lendenwirbelstuetze-fuer-damen-und-herren-l-xl\\\/#primaryimage\"},\"thumbnailUrl\":\"https:\\\/\\\/easyliferobo.com\\\/de\\\/wp-content\\\/uploads\\\/2026\\\/02\\\/91qmIPvhRaL._SL1500_.jpg\",\"datePublished\":\"2026-02-27T02:42:59+00:00\",\"dateModified\":\"2026-02-27T02:43:19+00:00\",\"description\":\"Entdecken Sie smarte Roboter f\u00fcr Zuhause, Garten, Bildung und Sicherheit. Vergleichen Sie Saugroboter, Rasenm\u00e4hroboter, KI-Begleitroboter und mehr bei EasyLifeRobo.\",\"breadcrumb\":{\"@id\":\"https:\\\/\\\/easyliferobo.com\\\/de\\\/product\\\/braceup-rueckenstuetze-mit-lendenkissen-rueckenstuetze-rueckenstuetzguertel-lendenwirbelstuetze-fuer-damen-und-herren-l-xl\\\/#breadcrumb\"},\"inLanguage\":\"de\",\"potentialAction\":[{\"@type\":\"ReadAction\",\"target\":[\"https:\\\/\\\/easyliferobo.com\\\/de\\\/product\\\/braceup-rueckenstuetze-mit-lendenkissen-rueckenstuetze-rueckenstuetzguertel-lendenwirbelstuetze-fuer-damen-und-herren-l-xl\\\/\"]}]},{\"@type\":\"ImageObject\",\"inLanguage\":\"de\",\"@id\":\"https:\\\/\\\/easyliferobo.com\\\/de\\\/product\\\/braceup-rueckenstuetze-mit-lendenkissen-rueckenstuetze-rueckenstuetzguertel-lendenwirbelstuetze-fuer-damen-und-herren-l-xl\\\/#primaryimage\",\"url\":\"https:\\\/\\\/easyliferobo.com\\\/de\\\/wp-content\\\/uploads\\\/2026\\\/02\\\/91qmIPvhRaL._SL1500_.jpg\",\"contentUrl\":\"https:\\\/\\\/easyliferobo.com\\\/de\\\/wp-content\\\/uploads\\\/2026\\\/02\\\/91qmIPvhRaL._SL1500_.jpg\",\"width\":1500,\"height\":1499},{\"@type\":\"BreadcrumbList\",\"@id\":\"https:\\\/\\\/easyliferobo.com\\\/de\\\/product\\\/braceup-rueckenstuetze-mit-lendenkissen-rueckenstuetze-rueckenstuetzguertel-lendenwirbelstuetze-fuer-damen-und-herren-l-xl\\\/#breadcrumb\",\"itemListElement\":[{\"@type\":\"ListItem\",\"position\":1,\"name\":\"Home\",\"item\":\"https:\\\/\\\/easyliferobo.com\\\/de\\\/\"},{\"@type\":\"ListItem\",\"position\":2,\"name\":\"Shop\",\"item\":\"https:\\\/\\\/easyliferobo.com\\\/de\\\/shop\\\/\"},{\"@type\":\"ListItem\",\"position\":3,\"name\":\"BraceUP R\u00fcckenst\u00fctze mit Lendenki...\"}]},{\"@type\":\"WebSite\",\"@id\":\"https:\\\/\\\/easyliferobo.com\\\/de\\\/#website\",\"url\":\"https:\\\/\\\/easyliferobo.com\\\/de\\\/\",\"name\":\"EasyLifeBro\",\"description\":\"Smarte Roboter f\u00fcr Zuhause, Garten &amp; Bildung\",\"publisher\":{\"@id\":\"https:\\\/\\\/easyliferobo.com\\\/de\\\/#organization\"},\"potentialAction\":[{\"@type\":\"SearchAction\",\"target\":{\"@type\":\"EntryPoint\",\"urlTemplate\":\"https:\\\/\\\/easyliferobo.com\\\/de\\\/?s={search_term_string}\"},\"query-input\":{\"@type\":\"PropertyValueSpecification\",\"valueRequired\":true,\"valueName\":\"search_term_string\"}}],\"inLanguage\":\"de\"},{\"@type\":\"Organization\",\"@id\":\"https:\\\/\\\/easyliferobo.com\\\/de\\\/#organization\",\"name\":\"EasyLifeBro\",\"url\":\"https:\\\/\\\/easyliferobo.com\\\/de\\\/\",\"logo\":{\"@type\":\"ImageObject\",\"inLanguage\":\"de\",\"@id\":\"https:\\\/\\\/easyliferobo.com\\\/de\\\/#\\\/schema\\\/logo\\\/image\\\/\",\"url\":\"https:\\\/\\\/easyliferobo.com\\\/de\\\/wp-content\\\/uploads\\\/2026\\\/02\\\/Screenshot-2026-02-22-at-2.25.03-PM.png\",\"contentUrl\":\"https:\\\/\\\/easyliferobo.com\\\/de\\\/wp-content\\\/uploads\\\/2026\\\/02\\\/Screenshot-2026-02-22-at-2.25.03-PM.png\",\"width\":1858,\"height\":430,\"caption\":\"EasyLifeBro\"},\"image\":{\"@id\":\"https:\\\/\\\/easyliferobo.com\\\/de\\\/#\\\/schema\\\/logo\\\/image\\\/\"}}]}<\/script>\n<!-- \/ Yoast SEO plugin. -->","yoast_head_json":{"title":"BraceUP R\u00fcckenst\u00fctze mit Lendenkissen \u2013 R\u00fcckenst\u00fctze, R\u00fcckenst\u00fctzg\u00fcrtel, Lendenwirbelst\u00fctze f\u00fcr Damen und Herren (L\/XL) - EasyLifeBro","description":"Entdecken Sie smarte Roboter f\u00fcr Zuhause, Garten, Bildung und Sicherheit. Vergleichen Sie Saugroboter, Rasenm\u00e4hroboter, KI-Begleitroboter und mehr bei EasyLifeRobo.","robots":{"index":"index","follow":"follow","max-snippet":"max-snippet:-1","max-image-preview":"max-image-preview:large","max-video-preview":"max-video-preview:-1"},"canonical":"https:\/\/easyliferobo.com\/de\/product\/braceup-rueckenstuetze-mit-lendenkissen-rueckenstuetze-rueckenstuetzguertel-lendenwirbelstuetze-fuer-damen-und-herren-l-xl\/","og_locale":"de_DE","og_type":"article","og_title":"BraceUP R\u00fcckenst\u00fctze mit Lendenkissen \u2013 R\u00fcckenst\u00fctze, R\u00fcckenst\u00fctzg\u00fcrtel, Lendenwirbelst\u00fctze f\u00fcr Damen und Herren (L\/XL) - EasyLifeBro","og_description":"Entdecken Sie smarte Roboter f\u00fcr Zuhause, Garten, Bildung und Sicherheit. Vergleichen Sie Saugroboter, Rasenm\u00e4hroboter, KI-Begleitroboter und mehr bei EasyLifeRobo.","og_url":"https:\/\/easyliferobo.com\/de\/product\/braceup-rueckenstuetze-mit-lendenkissen-rueckenstuetze-rueckenstuetzguertel-lendenwirbelstuetze-fuer-damen-und-herren-l-xl\/","og_site_name":"EasyLifeBro","article_modified_time":"2026-02-27T02:43:19+00:00","og_image":[{"url":"https:\/\/images-na.ssl-images-amazon.com\/images\/G\/01\/x-locale\/common\/grey-pixel.gif","type":"","width":"","height":""}],"twitter_card":"summary_large_image","twitter_misc":{"Gesch\u00e4tzte Lesezeit":"1\u00a0Minute"},"schema":{"@context":"https:\/\/schema.org","@graph":[{"@type":"WebPage","@id":"https:\/\/easyliferobo.com\/de\/product\/braceup-rueckenstuetze-mit-lendenkissen-rueckenstuetze-rueckenstuetzguertel-lendenwirbelstuetze-fuer-damen-und-herren-l-xl\/","url":"https:\/\/easyliferobo.com\/de\/product\/braceup-rueckenstuetze-mit-lendenkissen-rueckenstuetze-rueckenstuetzguertel-lendenwirbelstuetze-fuer-damen-und-herren-l-xl\/","name":"BraceUP R\u00fcckenst\u00fctze mit Lendenkissen \u2013 R\u00fcckenst\u00fctze, R\u00fcckenst\u00fctzg\u00fcrtel, Lendenwirbelst\u00fctze f\u00fcr Damen und Herren (L\/XL) - EasyLifeBro","isPartOf":{"@id":"https:\/\/easyliferobo.com\/de\/#website"},"primaryImageOfPage":{"@id":"https:\/\/easyliferobo.com\/de\/product\/braceup-rueckenstuetze-mit-lendenkissen-rueckenstuetze-rueckenstuetzguertel-lendenwirbelstuetze-fuer-damen-und-herren-l-xl\/#primaryimage"},"image":{"@id":"https:\/\/easyliferobo.com\/de\/product\/braceup-rueckenstuetze-mit-lendenkissen-rueckenstuetze-rueckenstuetzguertel-lendenwirbelstuetze-fuer-damen-und-herren-l-xl\/#primaryimage"},"thumbnailUrl":"https:\/\/easyliferobo.com\/de\/wp-content\/uploads\/2026\/02\/91qmIPvhRaL._SL1500_.jpg","datePublished":"2026-02-27T02:42:59+00:00","dateModified":"2026-02-27T02:43:19+00:00","description":"Entdecken Sie smarte Roboter f\u00fcr Zuhause, Garten, Bildung und Sicherheit. Vergleichen Sie Saugroboter, Rasenm\u00e4hroboter, KI-Begleitroboter und mehr bei EasyLifeRobo.","breadcrumb":{"@id":"https:\/\/easyliferobo.com\/de\/product\/braceup-rueckenstuetze-mit-lendenkissen-rueckenstuetze-rueckenstuetzguertel-lendenwirbelstuetze-fuer-damen-und-herren-l-xl\/#breadcrumb"},"inLanguage":"de","potentialAction":[{"@type":"ReadAction","target":["https:\/\/easyliferobo.com\/de\/product\/braceup-rueckenstuetze-mit-lendenkissen-rueckenstuetze-rueckenstuetzguertel-lendenwirbelstuetze-fuer-damen-und-herren-l-xl\/"]}]},{"@type":"ImageObject","inLanguage":"de","@id":"https:\/\/easyliferobo.com\/de\/product\/braceup-rueckenstuetze-mit-lendenkissen-rueckenstuetze-rueckenstuetzguertel-lendenwirbelstuetze-fuer-damen-und-herren-l-xl\/#primaryimage","url":"https:\/\/easyliferobo.com\/de\/wp-content\/uploads\/2026\/02\/91qmIPvhRaL._SL1500_.jpg","contentUrl":"https:\/\/easyliferobo.com\/de\/wp-content\/uploads\/2026\/02\/91qmIPvhRaL._SL1500_.jpg","width":1500,"height":1499},{"@type":"BreadcrumbList","@id":"https:\/\/easyliferobo.com\/de\/product\/braceup-rueckenstuetze-mit-lendenkissen-rueckenstuetze-rueckenstuetzguertel-lendenwirbelstuetze-fuer-damen-und-herren-l-xl\/#breadcrumb","itemListElement":[{"@type":"ListItem","position":1,"name":"Home","item":"https:\/\/easyliferobo.com\/de\/"},{"@type":"ListItem","position":2,"name":"Shop","item":"https:\/\/easyliferobo.com\/de\/shop\/"},{"@type":"ListItem","position":3,"name":"BraceUP R\u00fcckenst\u00fctze mit Lendenki..."}]},{"@type":"WebSite","@id":"https:\/\/easyliferobo.com\/de\/#website","url":"https:\/\/easyliferobo.com\/de\/","name":"EasyLifeBro","description":"Smarte Roboter f\u00fcr Zuhause, Garten &amp; Bildung","publisher":{"@id":"https:\/\/easyliferobo.com\/de\/#organization"},"potentialAction":[{"@type":"SearchAction","target":{"@type":"EntryPoint","urlTemplate":"https:\/\/easyliferobo.com\/de\/?s={search_term_string}"},"query-input":{"@type":"PropertyValueSpecification","valueRequired":true,"valueName":"search_term_string"}}],"inLanguage":"de"},{"@type":"Organization","@id":"https:\/\/easyliferobo.com\/de\/#organization","name":"EasyLifeBro","url":"https:\/\/easyliferobo.com\/de\/","logo":{"@type":"ImageObject","inLanguage":"de","@id":"https:\/\/easyliferobo.com\/de\/#\/schema\/logo\/image\/","url":"https:\/\/easyliferobo.com\/de\/wp-content\/uploads\/2026\/02\/Screenshot-2026-02-22-at-2.25.03-PM.png","contentUrl":"https:\/\/easyliferobo.com\/de\/wp-content\/uploads\/2026\/02\/Screenshot-2026-02-22-at-2.25.03-PM.png","width":1858,"height":430,"caption":"EasyLifeBro"},"image":{"@id":"https:\/\/easyliferobo.com\/de\/#\/schema\/logo\/image\/"}}]}},"_links":{"self":[{"href":"https:\/\/easyliferobo.com\/de\/wp-json\/wp\/v2\/product\/2195","targetHints":{"allow":["GET"]}}],"collection":[{"href":"https:\/\/easyliferobo.com\/de\/wp-json\/wp\/v2\/product"}],"about":[{"href":"https:\/\/easyliferobo.com\/de\/wp-json\/wp\/v2\/types\/product"}],"replies":[{"embeddable":true,"href":"https:\/\/easyliferobo.com\/de\/wp-json\/wp\/v2\/comments?post=2195"}],"wp:featuredmedia":[{"embeddable":true,"href":"https:\/\/easyliferobo.com\/de\/wp-json\/wp\/v2\/media\/2196"}],"wp:attachment":[{"href":"https:\/\/easyliferobo.com\/de\/wp-json\/wp\/v2\/media?parent=2195"}],"wp:term":[{"taxonomy":"store","embeddable":true,"href":"https:\/\/easyliferobo.com\/de\/wp-json\/wp\/v2\/store?post=2195"},{"taxonomy":"product_brand","embeddable":true,"href":"https:\/\/easyliferobo.com\/de\/wp-json\/wp\/v2\/product_brand?post=2195"},{"taxonomy":"product_cat","embeddable":true,"href":"https:\/\/easyliferobo.com\/de\/wp-json\/wp\/v2\/product_cat?post=2195"},{"taxonomy":"product_tag","embeddable":true,"href":"https:\/\/easyliferobo.com\/de\/wp-json\/wp\/v2\/product_tag?post=2195"}],"curies":[{"name":"wp","href":"https:\/\/api.w.org\/{rel}","templated":true}]}}