
{"id":2187,"date":"2026-02-27T02:41:43","date_gmt":"2026-02-27T02:41:43","guid":{"rendered":"https:\/\/easyliferobo.com\/de\/product\/ai-roboter-fuer-intelligentes-interaktives-lernen-intelligentes-lernspielzeug-fuer-kinder-maedchen-und-erwachsene-lustiges-technologisches-geschenk-fuer-geburtstagsfeiern-und-unterhaltung\/"},"modified":"2026-02-27T02:42:02","modified_gmt":"2026-02-27T02:42:02","slug":"ai-roboter-fuer-intelligentes-interaktives-lernen-intelligentes-lernspielzeug-fuer-kinder-maedchen-und-erwachsene-lustiges-technologisches-geschenk-fuer-geburtstagsfeiern-und-unterhaltung","status":"publish","type":"product","link":"https:\/\/easyliferobo.com\/de\/product\/ai-roboter-fuer-intelligentes-interaktives-lernen-intelligentes-lernspielzeug-fuer-kinder-maedchen-und-erwachsene-lustiges-technologisches-geschenk-fuer-geburtstagsfeiern-und-unterhaltung\/","title":{"rendered":"AI-Roboter f\u00fcr intelligentes inter..."},"content":{"rendered":"<p>    <span>Intelligent Robot wurde entwickelt, um Lernen und Spa\u00df sowohl f\u00fcr Kinder als auch f\u00fcr Erwachsene zu kombinieren, was es zu einer idealen Wahl f\u00fcr Lernspielzeug macht. Dieser intelligente Roboter zieht Benutzer mit interaktiven Funktionen an, die das intellektuelle Wachstum f\u00f6rdern und gleichzeitig unterhalten. Geeignet f\u00fcr Jungen und M\u00e4dchen, ist es der perfekte Begleiter im Urlaub, auf Partys oder bei Familientreffen. Das intelligente Design sorgt daf\u00fcr, dass sich verschiedene Spielszenarien anpasst und Kreativit\u00e4t und Probleml\u00f6sungsf\u00e4higkeit f\u00f6rdert. Ob im Klassenzimmer oder zu Hause, dieser Roboter bringt Familien durch gemeinsame Erlebnisse zusammen. Ihre Vielseitigkeit zieht alle Altersgruppen an, verbessert die Entdeckungsfreude und unterst\u00fctzt gleichzeitige Entwicklungsaktivit\u00e4ten. Intelligent Robot zeichnet sich als eine unverzichtbare Erg\u00e4nzung f\u00fcr jede Spielzeugsammlung aus und sorgt f\u00fcr ein dauerhaftes Engagement f\u00fcr alle. <br \/>Spezifikationen: <br \/>Produktname: AI-Smart-Roboter. <br \/>Material: ABS-Kunststoff. <br \/>Produktgr\u00f6\u00dfe: ca. 9,5 x 5,5 x 1 3 cm. <br \/>Lieferumfang: <br \/>1 x intelligenter KI-Roboter. <br \/>Bitte beachten Sie: <br \/>Aufgrund unterschiedlicher Licht- und Bildschirmeinstellungen kann die Farbe des Artikels leicht von der Abbildung abweichen. <br \/>Aufgrund der unterschiedlichen manuellen Messung kann es zu Abweichungen von 1-2 cm kommen.<\/span>    <br \/>Zartes Geschenk: Die Roboter-Spielzeuge f\u00fcr Kinder verf\u00fcgen \u00fcber ein geschenkfertiges Design, das ihre Rolle als Vehikel zum Ausdruck von Segen verst\u00e4rkt, die Kompatibilit\u00e4t mit der festlichen Atmosph\u00e4re durch attraktive Interaktion und Familien sinnvolle M\u00f6glichkeiten bietet, sich mit besonderen Feiern und unvergesslichen Feiertagen zu verbinden.<br \/>Adaptives Wissen: Dieser KI-Roboter integriert Spracherkennung und Multimodell-KI, sodass Benutzer ihre Wissensdatenbank m\u00fchelos erweitern k\u00f6nnen; Seine F\u00e4higkeit, Lernen mit Freizeit zu kombinieren, sorgt f\u00fcr einen vielseitigen Einsatz in Lernr\u00e4umen oder Familienr\u00e4umen<br \/>F\u00f6rderung des logischen Denkens: Roboterspielzeug f\u00f6rdert die kognitive Entwicklung, indem sie Benutzer in Probleml\u00f6sungsaktivit\u00e4ten einbeziehen, Bildung mit Unterhaltung in Perfektion verbinden; Perfekt, um die Fantasie w\u00e4hrend des Spiels anzuregen, da es vielseitige Funktionen bietet, die verschiedene Entwicklungsstufen auf nat\u00fcrliche Weise unterst\u00fctzen<br \/>Interaktives soziales Lernen: Mit seinen F\u00e4higkeiten, Charakteren und Rollen anpassen, um Interessen\u00fcbereinstimmung zu setzen, unterst\u00fctzt dieser Kinderroboter emotionales Managementtraining und f\u00f6rdert die F\u00f6rderung sozialer F\u00e4higkeiten. Kinder profitieren von interessantem Geschichtenerz\u00e4hlen und kollaborativem Spielen, die Empathie und Teamarbeit f\u00f6rdern, was das Lernen in t\u00e4glichen Umgebungen wie Klassenzimmern oder Familientreffen unterhaltsam und beeindruckend macht.<br \/>Verbesserter Dialogansatz: Durch die Integration von Emotionserkennungstechnologie erm\u00f6glicht dieser Kinderroboter tiefere Verbindungen durch personalisierte Antworten, die nachdenklichen Austausch f\u00f6rdern, gesunde Eltern-Kind-Diskussionen f\u00f6rdern und die Meilensteine \u200b\u200bder Entwicklung in kollaborativen Spielszenarienbereichen.<\/p>\n<p>[ad_2]<\/p>\n","protected":false},"excerpt":{"rendered":"<p>Intelligent Robot wurde entwickelt, um Lernen und Spa\u00df sowohl f\u00fcr Kinder als auch f\u00fcr Erwachsene zu kombinieren, was es zu einer idealen Wahl f\u00fcr Lernspielzeug macht. Dieser intelligente Roboter zieht Benutzer mit interaktiven Funktionen an, die das intellektuelle Wachstum f\u00f6rdern und gleichzeitig unterhalten. Geeignet f\u00fcr Jungen und M\u00e4dchen, ist es der perfekte Begleiter im Urlaub, [&hellip;]<\/p>\n","protected":false},"featured_media":2188,"comment_status":"open","ping_status":"closed","template":"","meta":{"_aipt_faq_data":""},"store":[],"product_brand":[],"product_cat":[111],"product_tag":[209],"class_list":{"0":"post-2187","1":"product","2":"type-product","3":"status-publish","4":"has-post-thumbnail","6":"product_cat-pflegeassistenz-roboter","7":"product_tag-intelligente-pflegeassistenz-roboter","9":"first","10":"instock","11":"shipping-taxable","12":"product-type-external"},"yoast_head":"<!-- This site is optimized with the Yoast SEO plugin v27.0 - https:\/\/yoast.com\/product\/yoast-seo-wordpress\/ -->\n<title>AI-Roboter f\u00fcr intelligentes interaktives Lernen, intelligentes Lernspielzeug f\u00fcr Kinder, M\u00e4dchen und Erwachsene: lustiges technologisches Geschenk f\u00fcr Geburtstagsfeiern und Unterhaltung - EasyLifeBro<\/title>\n<meta name=\"description\" content=\"Entdecken Sie smarte Roboter f\u00fcr Zuhause, Garten, Bildung und Sicherheit. Vergleichen Sie Saugroboter, Rasenm\u00e4hroboter, KI-Begleitroboter und mehr bei EasyLifeRobo.\" \/>\n<meta name=\"robots\" content=\"index, follow, max-snippet:-1, max-image-preview:large, max-video-preview:-1\" \/>\n<link rel=\"canonical\" href=\"https:\/\/easyliferobo.com\/de\/product\/ai-roboter-fuer-intelligentes-interaktives-lernen-intelligentes-lernspielzeug-fuer-kinder-maedchen-und-erwachsene-lustiges-technologisches-geschenk-fuer-geburtstagsfeiern-und-unterhaltung\/\" \/>\n<meta property=\"og:locale\" content=\"de_DE\" \/>\n<meta property=\"og:type\" content=\"article\" \/>\n<meta property=\"og:title\" content=\"AI-Roboter f\u00fcr intelligentes interaktives Lernen, intelligentes Lernspielzeug f\u00fcr Kinder, M\u00e4dchen und Erwachsene: lustiges technologisches Geschenk f\u00fcr Geburtstagsfeiern und Unterhaltung - EasyLifeBro\" \/>\n<meta property=\"og:description\" content=\"Entdecken Sie smarte Roboter f\u00fcr Zuhause, Garten, Bildung und Sicherheit. Vergleichen Sie Saugroboter, Rasenm\u00e4hroboter, KI-Begleitroboter und mehr bei EasyLifeRobo.\" \/>\n<meta property=\"og:url\" content=\"https:\/\/easyliferobo.com\/de\/product\/ai-roboter-fuer-intelligentes-interaktives-lernen-intelligentes-lernspielzeug-fuer-kinder-maedchen-und-erwachsene-lustiges-technologisches-geschenk-fuer-geburtstagsfeiern-und-unterhaltung\/\" \/>\n<meta property=\"og:site_name\" content=\"EasyLifeBro\" \/>\n<meta property=\"article:modified_time\" content=\"2026-02-27T02:42:02+00:00\" \/>\n<meta name=\"twitter:card\" content=\"summary_large_image\" \/>\n<meta name=\"twitter:label1\" content=\"Gesch\u00e4tzte Lesezeit\" \/>\n\t<meta name=\"twitter:data1\" content=\"2\u00a0Minuten\" \/>\n<script type=\"application\/ld+json\" class=\"yoast-schema-graph\">{\"@context\":\"https:\/\/schema.org\",\"@graph\":[{\"@type\":\"WebPage\",\"@id\":\"https:\/\/easyliferobo.com\/de\/product\/ai-roboter-fuer-intelligentes-interaktives-lernen-intelligentes-lernspielzeug-fuer-kinder-maedchen-und-erwachsene-lustiges-technologisches-geschenk-fuer-geburtstagsfeiern-und-unterhaltung\/\",\"url\":\"https:\/\/easyliferobo.com\/de\/product\/ai-roboter-fuer-intelligentes-interaktives-lernen-intelligentes-lernspielzeug-fuer-kinder-maedchen-und-erwachsene-lustiges-technologisches-geschenk-fuer-geburtstagsfeiern-und-unterhaltung\/\",\"name\":\"AI-Roboter f\u00fcr intelligentes interaktives Lernen, intelligentes Lernspielzeug f\u00fcr Kinder, M\u00e4dchen und Erwachsene: lustiges technologisches Geschenk f\u00fcr Geburtstagsfeiern und Unterhaltung - EasyLifeBro\",\"isPartOf\":{\"@id\":\"https:\/\/easyliferobo.com\/de\/#website\"},\"primaryImageOfPage\":{\"@id\":\"https:\/\/easyliferobo.com\/de\/product\/ai-roboter-fuer-intelligentes-interaktives-lernen-intelligentes-lernspielzeug-fuer-kinder-maedchen-und-erwachsene-lustiges-technologisches-geschenk-fuer-geburtstagsfeiern-und-unterhaltung\/#primaryimage\"},\"image\":{\"@id\":\"https:\/\/easyliferobo.com\/de\/product\/ai-roboter-fuer-intelligentes-interaktives-lernen-intelligentes-lernspielzeug-fuer-kinder-maedchen-und-erwachsene-lustiges-technologisches-geschenk-fuer-geburtstagsfeiern-und-unterhaltung\/#primaryimage\"},\"thumbnailUrl\":\"https:\/\/easyliferobo.com\/de\/wp-content\/uploads\/2026\/02\/71FWN6H5keL._AC_SL1500_.jpg\",\"datePublished\":\"2026-02-27T02:41:43+00:00\",\"dateModified\":\"2026-02-27T02:42:02+00:00\",\"description\":\"Entdecken Sie smarte Roboter f\u00fcr Zuhause, Garten, Bildung und Sicherheit. Vergleichen Sie Saugroboter, Rasenm\u00e4hroboter, KI-Begleitroboter und mehr bei EasyLifeRobo.\",\"breadcrumb\":{\"@id\":\"https:\/\/easyliferobo.com\/de\/product\/ai-roboter-fuer-intelligentes-interaktives-lernen-intelligentes-lernspielzeug-fuer-kinder-maedchen-und-erwachsene-lustiges-technologisches-geschenk-fuer-geburtstagsfeiern-und-unterhaltung\/#breadcrumb\"},\"inLanguage\":\"de\",\"potentialAction\":[{\"@type\":\"ReadAction\",\"target\":[\"https:\/\/easyliferobo.com\/de\/product\/ai-roboter-fuer-intelligentes-interaktives-lernen-intelligentes-lernspielzeug-fuer-kinder-maedchen-und-erwachsene-lustiges-technologisches-geschenk-fuer-geburtstagsfeiern-und-unterhaltung\/\"]}]},{\"@type\":\"ImageObject\",\"inLanguage\":\"de\",\"@id\":\"https:\/\/easyliferobo.com\/de\/product\/ai-roboter-fuer-intelligentes-interaktives-lernen-intelligentes-lernspielzeug-fuer-kinder-maedchen-und-erwachsene-lustiges-technologisches-geschenk-fuer-geburtstagsfeiern-und-unterhaltung\/#primaryimage\",\"url\":\"https:\/\/easyliferobo.com\/de\/wp-content\/uploads\/2026\/02\/71FWN6H5keL._AC_SL1500_.jpg\",\"contentUrl\":\"https:\/\/easyliferobo.com\/de\/wp-content\/uploads\/2026\/02\/71FWN6H5keL._AC_SL1500_.jpg\",\"width\":1500,\"height\":1371},{\"@type\":\"BreadcrumbList\",\"@id\":\"https:\/\/easyliferobo.com\/de\/product\/ai-roboter-fuer-intelligentes-interaktives-lernen-intelligentes-lernspielzeug-fuer-kinder-maedchen-und-erwachsene-lustiges-technologisches-geschenk-fuer-geburtstagsfeiern-und-unterhaltung\/#breadcrumb\",\"itemListElement\":[{\"@type\":\"ListItem\",\"position\":1,\"name\":\"Home\",\"item\":\"https:\/\/easyliferobo.com\/de\/\"},{\"@type\":\"ListItem\",\"position\":2,\"name\":\"Shop\",\"item\":\"https:\/\/easyliferobo.com\/de\/shop\/\"},{\"@type\":\"ListItem\",\"position\":3,\"name\":\"AI-Roboter f\u00fcr intelligentes inter...\"}]},{\"@type\":\"WebSite\",\"@id\":\"https:\/\/easyliferobo.com\/de\/#website\",\"url\":\"https:\/\/easyliferobo.com\/de\/\",\"name\":\"EasyLifeBro\",\"description\":\"Smarte Roboter f\u00fcr Zuhause, Garten &amp; Bildung\",\"publisher\":{\"@id\":\"https:\/\/easyliferobo.com\/de\/#organization\"},\"potentialAction\":[{\"@type\":\"SearchAction\",\"target\":{\"@type\":\"EntryPoint\",\"urlTemplate\":\"https:\/\/easyliferobo.com\/de\/?s={search_term_string}\"},\"query-input\":{\"@type\":\"PropertyValueSpecification\",\"valueRequired\":true,\"valueName\":\"search_term_string\"}}],\"inLanguage\":\"de\"},{\"@type\":\"Organization\",\"@id\":\"https:\/\/easyliferobo.com\/de\/#organization\",\"name\":\"EasyLifeBro\",\"url\":\"https:\/\/easyliferobo.com\/de\/\",\"logo\":{\"@type\":\"ImageObject\",\"inLanguage\":\"de\",\"@id\":\"https:\/\/easyliferobo.com\/de\/#\/schema\/logo\/image\/\",\"url\":\"https:\/\/easyliferobo.com\/de\/wp-content\/uploads\/2026\/02\/Screenshot-2026-02-22-at-2.25.03-PM.png\",\"contentUrl\":\"https:\/\/easyliferobo.com\/de\/wp-content\/uploads\/2026\/02\/Screenshot-2026-02-22-at-2.25.03-PM.png\",\"width\":1858,\"height\":430,\"caption\":\"EasyLifeBro\"},\"image\":{\"@id\":\"https:\/\/easyliferobo.com\/de\/#\/schema\/logo\/image\/\"}}]}<\/script>\n<!-- \/ Yoast SEO plugin. -->","yoast_head_json":{"title":"AI-Roboter f\u00fcr intelligentes interaktives Lernen, intelligentes Lernspielzeug f\u00fcr Kinder, M\u00e4dchen und Erwachsene: lustiges technologisches Geschenk f\u00fcr Geburtstagsfeiern und Unterhaltung - EasyLifeBro","description":"Entdecken Sie smarte Roboter f\u00fcr Zuhause, Garten, Bildung und Sicherheit. Vergleichen Sie Saugroboter, Rasenm\u00e4hroboter, KI-Begleitroboter und mehr bei EasyLifeRobo.","robots":{"index":"index","follow":"follow","max-snippet":"max-snippet:-1","max-image-preview":"max-image-preview:large","max-video-preview":"max-video-preview:-1"},"canonical":"https:\/\/easyliferobo.com\/de\/product\/ai-roboter-fuer-intelligentes-interaktives-lernen-intelligentes-lernspielzeug-fuer-kinder-maedchen-und-erwachsene-lustiges-technologisches-geschenk-fuer-geburtstagsfeiern-und-unterhaltung\/","og_locale":"de_DE","og_type":"article","og_title":"AI-Roboter f\u00fcr intelligentes interaktives Lernen, intelligentes Lernspielzeug f\u00fcr Kinder, M\u00e4dchen und Erwachsene: lustiges technologisches Geschenk f\u00fcr Geburtstagsfeiern und Unterhaltung - EasyLifeBro","og_description":"Entdecken Sie smarte Roboter f\u00fcr Zuhause, Garten, Bildung und Sicherheit. Vergleichen Sie Saugroboter, Rasenm\u00e4hroboter, KI-Begleitroboter und mehr bei EasyLifeRobo.","og_url":"https:\/\/easyliferobo.com\/de\/product\/ai-roboter-fuer-intelligentes-interaktives-lernen-intelligentes-lernspielzeug-fuer-kinder-maedchen-und-erwachsene-lustiges-technologisches-geschenk-fuer-geburtstagsfeiern-und-unterhaltung\/","og_site_name":"EasyLifeBro","article_modified_time":"2026-02-27T02:42:02+00:00","twitter_card":"summary_large_image","twitter_misc":{"Gesch\u00e4tzte Lesezeit":"2\u00a0Minuten"},"schema":{"@context":"https:\/\/schema.org","@graph":[{"@type":"WebPage","@id":"https:\/\/easyliferobo.com\/de\/product\/ai-roboter-fuer-intelligentes-interaktives-lernen-intelligentes-lernspielzeug-fuer-kinder-maedchen-und-erwachsene-lustiges-technologisches-geschenk-fuer-geburtstagsfeiern-und-unterhaltung\/","url":"https:\/\/easyliferobo.com\/de\/product\/ai-roboter-fuer-intelligentes-interaktives-lernen-intelligentes-lernspielzeug-fuer-kinder-maedchen-und-erwachsene-lustiges-technologisches-geschenk-fuer-geburtstagsfeiern-und-unterhaltung\/","name":"AI-Roboter f\u00fcr intelligentes interaktives Lernen, intelligentes Lernspielzeug f\u00fcr Kinder, M\u00e4dchen und Erwachsene: lustiges technologisches Geschenk f\u00fcr Geburtstagsfeiern und Unterhaltung - EasyLifeBro","isPartOf":{"@id":"https:\/\/easyliferobo.com\/de\/#website"},"primaryImageOfPage":{"@id":"https:\/\/easyliferobo.com\/de\/product\/ai-roboter-fuer-intelligentes-interaktives-lernen-intelligentes-lernspielzeug-fuer-kinder-maedchen-und-erwachsene-lustiges-technologisches-geschenk-fuer-geburtstagsfeiern-und-unterhaltung\/#primaryimage"},"image":{"@id":"https:\/\/easyliferobo.com\/de\/product\/ai-roboter-fuer-intelligentes-interaktives-lernen-intelligentes-lernspielzeug-fuer-kinder-maedchen-und-erwachsene-lustiges-technologisches-geschenk-fuer-geburtstagsfeiern-und-unterhaltung\/#primaryimage"},"thumbnailUrl":"https:\/\/easyliferobo.com\/de\/wp-content\/uploads\/2026\/02\/71FWN6H5keL._AC_SL1500_.jpg","datePublished":"2026-02-27T02:41:43+00:00","dateModified":"2026-02-27T02:42:02+00:00","description":"Entdecken Sie smarte Roboter f\u00fcr Zuhause, Garten, Bildung und Sicherheit. Vergleichen Sie Saugroboter, Rasenm\u00e4hroboter, KI-Begleitroboter und mehr bei EasyLifeRobo.","breadcrumb":{"@id":"https:\/\/easyliferobo.com\/de\/product\/ai-roboter-fuer-intelligentes-interaktives-lernen-intelligentes-lernspielzeug-fuer-kinder-maedchen-und-erwachsene-lustiges-technologisches-geschenk-fuer-geburtstagsfeiern-und-unterhaltung\/#breadcrumb"},"inLanguage":"de","potentialAction":[{"@type":"ReadAction","target":["https:\/\/easyliferobo.com\/de\/product\/ai-roboter-fuer-intelligentes-interaktives-lernen-intelligentes-lernspielzeug-fuer-kinder-maedchen-und-erwachsene-lustiges-technologisches-geschenk-fuer-geburtstagsfeiern-und-unterhaltung\/"]}]},{"@type":"ImageObject","inLanguage":"de","@id":"https:\/\/easyliferobo.com\/de\/product\/ai-roboter-fuer-intelligentes-interaktives-lernen-intelligentes-lernspielzeug-fuer-kinder-maedchen-und-erwachsene-lustiges-technologisches-geschenk-fuer-geburtstagsfeiern-und-unterhaltung\/#primaryimage","url":"https:\/\/easyliferobo.com\/de\/wp-content\/uploads\/2026\/02\/71FWN6H5keL._AC_SL1500_.jpg","contentUrl":"https:\/\/easyliferobo.com\/de\/wp-content\/uploads\/2026\/02\/71FWN6H5keL._AC_SL1500_.jpg","width":1500,"height":1371},{"@type":"BreadcrumbList","@id":"https:\/\/easyliferobo.com\/de\/product\/ai-roboter-fuer-intelligentes-interaktives-lernen-intelligentes-lernspielzeug-fuer-kinder-maedchen-und-erwachsene-lustiges-technologisches-geschenk-fuer-geburtstagsfeiern-und-unterhaltung\/#breadcrumb","itemListElement":[{"@type":"ListItem","position":1,"name":"Home","item":"https:\/\/easyliferobo.com\/de\/"},{"@type":"ListItem","position":2,"name":"Shop","item":"https:\/\/easyliferobo.com\/de\/shop\/"},{"@type":"ListItem","position":3,"name":"AI-Roboter f\u00fcr intelligentes inter..."}]},{"@type":"WebSite","@id":"https:\/\/easyliferobo.com\/de\/#website","url":"https:\/\/easyliferobo.com\/de\/","name":"EasyLifeBro","description":"Smarte Roboter f\u00fcr Zuhause, Garten &amp; Bildung","publisher":{"@id":"https:\/\/easyliferobo.com\/de\/#organization"},"potentialAction":[{"@type":"SearchAction","target":{"@type":"EntryPoint","urlTemplate":"https:\/\/easyliferobo.com\/de\/?s={search_term_string}"},"query-input":{"@type":"PropertyValueSpecification","valueRequired":true,"valueName":"search_term_string"}}],"inLanguage":"de"},{"@type":"Organization","@id":"https:\/\/easyliferobo.com\/de\/#organization","name":"EasyLifeBro","url":"https:\/\/easyliferobo.com\/de\/","logo":{"@type":"ImageObject","inLanguage":"de","@id":"https:\/\/easyliferobo.com\/de\/#\/schema\/logo\/image\/","url":"https:\/\/easyliferobo.com\/de\/wp-content\/uploads\/2026\/02\/Screenshot-2026-02-22-at-2.25.03-PM.png","contentUrl":"https:\/\/easyliferobo.com\/de\/wp-content\/uploads\/2026\/02\/Screenshot-2026-02-22-at-2.25.03-PM.png","width":1858,"height":430,"caption":"EasyLifeBro"},"image":{"@id":"https:\/\/easyliferobo.com\/de\/#\/schema\/logo\/image\/"}}]}},"_links":{"self":[{"href":"https:\/\/easyliferobo.com\/de\/wp-json\/wp\/v2\/product\/2187","targetHints":{"allow":["GET"]}}],"collection":[{"href":"https:\/\/easyliferobo.com\/de\/wp-json\/wp\/v2\/product"}],"about":[{"href":"https:\/\/easyliferobo.com\/de\/wp-json\/wp\/v2\/types\/product"}],"replies":[{"embeddable":true,"href":"https:\/\/easyliferobo.com\/de\/wp-json\/wp\/v2\/comments?post=2187"}],"wp:featuredmedia":[{"embeddable":true,"href":"https:\/\/easyliferobo.com\/de\/wp-json\/wp\/v2\/media\/2188"}],"wp:attachment":[{"href":"https:\/\/easyliferobo.com\/de\/wp-json\/wp\/v2\/media?parent=2187"}],"wp:term":[{"taxonomy":"store","embeddable":true,"href":"https:\/\/easyliferobo.com\/de\/wp-json\/wp\/v2\/store?post=2187"},{"taxonomy":"product_brand","embeddable":true,"href":"https:\/\/easyliferobo.com\/de\/wp-json\/wp\/v2\/product_brand?post=2187"},{"taxonomy":"product_cat","embeddable":true,"href":"https:\/\/easyliferobo.com\/de\/wp-json\/wp\/v2\/product_cat?post=2187"},{"taxonomy":"product_tag","embeddable":true,"href":"https:\/\/easyliferobo.com\/de\/wp-json\/wp\/v2\/product_tag?post=2187"}],"curies":[{"name":"wp","href":"https:\/\/api.w.org\/{rel}","templated":true}]}}