
{"id":2170,"date":"2026-02-27T02:38:39","date_gmt":"2026-02-27T02:38:39","guid":{"rendered":"https:\/\/easyliferobo.com\/de\/product\/odesc-v4-2-single-drive-motor-controller-odrivetool-foc-bldc-8-56v-120a-fuer-industrielle-bldc-bedienfelder\/"},"modified":"2026-02-27T02:39:01","modified_gmt":"2026-02-27T02:39:01","slug":"odesc-v4-2-single-drive-motor-controller-odrivetool-foc-bldc-8-56v-120a-fuer-industrielle-bldc-bedienfelder","status":"publish","type":"product","link":"https:\/\/easyliferobo.com\/de\/product\/odesc-v4-2-single-drive-motor-controller-odrivetool-foc-bldc-8-56v-120a-fuer-industrielle-bldc-bedienfelder\/","title":{"rendered":"ODESC V4.2 Single Drive Motor Contr..."},"content":{"rendered":"<p>    <span>1. Breite Anwendung: Ideal f\u00fcr Anwendungen wie Robotergelenksteuerung, Roboterarme, Lebensmittellieferroboter, Inspektionsroboter und mehr. <br \/>2. Vielseitige Steuermodi: Steuermodi f\u00fcr Geschwindigkeit, Position, Strom, Torsion, Flugbahn und mehr. <br \/>3. \u00dcberstrom-W\u00e4rmeableitung: Mit PCB-integriertem Hochstrom-Open-Oberlicht-Design, verdickter Kupferschicht, individuellem Aluminium-K\u00fchlk\u00f6rper. <br \/>4. (HOHE LEISTUNG) ODESC V4.2 Antriebsmotor f\u00fcr b\u00fcrstenlosen Gleichstrommotor, 8\u201356 V Arbeitsspannung, 120 A Maximalstrom und 70 A Dauerstrom. <br \/>5. Mehrere Kommunikationsschnittstellen: Ausgestattet mit USB, PWM, UART, CAN, Analogeingang, Schritt und Richtung, GPIO, ASCII usw. <br \/>Technische Daten: <br \/>Artikeltyp: B\u00fcrstenloser Servomotor-Controller <br \/>Material: Leiterplatte <br \/>Hardwareversion: ODESC V4.2 <br \/>Antriebsmotor: B\u00fcrstenloser Gleichstrommotor (BLDC) <br \/>Bremsmethode: Leistungswiderstand, Batterieregeneration. <br \/>Mikroprozessor: STM32F405RGT6 <br \/>Arbeitsspannung: 8\u201356 V <br \/>Maximaler Strom: 120 A. <br \/>Dauerstrom: 70 A. <br \/>Verwenden: <br \/>Zur Verwendung mit Motor. <br \/>Paketliste: 1 x ODESC V4.2 Treiber 1 x Datenkabel Typ C Richtungsdoppelkopf <br \/>1 x SH1,0 mm 6P kodirektionaler Doppelkopf<\/span>    <br \/>Breite Anwendung: Ideal f\u00fcr Anwendungen wie Robotergelenksteuerung, Roboterarme, Lebensmittellieferroboter, Inspektionsroboter und mehr.<br \/>Vielseitige Steuermodi: Steuermodi f\u00fcr Geschwindigkeit, Position, Strom, Torsion, Flugbahn und mehr.<br \/>(\u00dcberstrom-W\u00e4rmeableitung) Mit PCB-integriertem offenen Hochstrom-Oberlichtdesign, verdickter Kupferschicht, individuellem Aluminium-K\u00fchlk\u00f6rper.<br \/>(HOHE LEISTUNG) ODESC V4.2 Antriebsmotor f\u00fcr b\u00fcrstenlosen Gleichstrommotor, 8\u201356 V Arbeitsspannung, 120 A Maximalstrom und 70 A Dauerstrom.<br \/>Mehrere Kommunikationsschnittstellen: Ausgestattet mit USB, PWM, UART, CAN, Analogeingang, Schritt und Richtung, GPIO, ASCII usw.<\/p>\n<p>[ad_2]<\/p>\n","protected":false},"excerpt":{"rendered":"<p>1. Breite Anwendung: Ideal f\u00fcr Anwendungen wie Robotergelenksteuerung, Roboterarme, Lebensmittellieferroboter, Inspektionsroboter und mehr. 2. Vielseitige Steuermodi: Steuermodi f\u00fcr Geschwindigkeit, Position, Strom, Torsion, Flugbahn und mehr. 3. \u00dcberstrom-W\u00e4rmeableitung: Mit PCB-integriertem Hochstrom-Open-Oberlicht-Design, verdickter Kupferschicht, individuellem Aluminium-K\u00fchlk\u00f6rper. 4. (HOHE LEISTUNG) ODESC V4.2 Antriebsmotor f\u00fcr b\u00fcrstenlosen Gleichstrommotor, 8\u201356 V Arbeitsspannung, 120 A Maximalstrom und 70 A Dauerstrom. 5. Mehrere [&hellip;]<\/p>\n","protected":false},"featured_media":2171,"comment_status":"open","ping_status":"closed","template":"","meta":{"_aipt_faq_data":""},"store":[],"product_brand":[],"product_cat":[114],"product_tag":[258],"class_list":{"0":"post-2170","1":"product","2":"type-product","3":"status-publish","4":"has-post-thumbnail","6":"product_cat-inspektionsroboter","7":"product_tag-industrielle-inspektionsroboter","9":"first","10":"instock","11":"shipping-taxable","12":"product-type-external"},"yoast_head":"<!-- This site is optimized with the Yoast SEO plugin v27.0 - https:\/\/yoast.com\/product\/yoast-seo-wordpress\/ -->\n<title>ODESC V4.2 Single Drive Motor Controller Odrivetool FOC BLDC 8-56V 120A f\u00fcr industrielle BLDC-Bedienfelder - EasyLifeBro<\/title>\n<meta name=\"description\" content=\"Entdecken Sie smarte Roboter f\u00fcr Zuhause, Garten, Bildung und Sicherheit. Vergleichen Sie Saugroboter, Rasenm\u00e4hroboter, KI-Begleitroboter und mehr bei EasyLifeRobo.\" \/>\n<meta name=\"robots\" content=\"index, follow, max-snippet:-1, max-image-preview:large, max-video-preview:-1\" \/>\n<link rel=\"canonical\" href=\"https:\/\/easyliferobo.com\/de\/product\/odesc-v4-2-single-drive-motor-controller-odrivetool-foc-bldc-8-56v-120a-fuer-industrielle-bldc-bedienfelder\/\" \/>\n<meta property=\"og:locale\" content=\"de_DE\" \/>\n<meta property=\"og:type\" content=\"article\" \/>\n<meta property=\"og:title\" content=\"ODESC V4.2 Single Drive Motor Controller Odrivetool FOC BLDC 8-56V 120A f\u00fcr industrielle BLDC-Bedienfelder - EasyLifeBro\" \/>\n<meta property=\"og:description\" content=\"Entdecken Sie smarte Roboter f\u00fcr Zuhause, Garten, Bildung und Sicherheit. Vergleichen Sie Saugroboter, Rasenm\u00e4hroboter, KI-Begleitroboter und mehr bei EasyLifeRobo.\" \/>\n<meta property=\"og:url\" content=\"https:\/\/easyliferobo.com\/de\/product\/odesc-v4-2-single-drive-motor-controller-odrivetool-foc-bldc-8-56v-120a-fuer-industrielle-bldc-bedienfelder\/\" \/>\n<meta property=\"og:site_name\" content=\"EasyLifeBro\" \/>\n<meta property=\"article:modified_time\" content=\"2026-02-27T02:39:01+00:00\" \/>\n<meta name=\"twitter:card\" content=\"summary_large_image\" \/>\n<meta name=\"twitter:label1\" content=\"Gesch\u00e4tzte Lesezeit\" \/>\n\t<meta name=\"twitter:data1\" content=\"1\u00a0Minute\" \/>\n<script type=\"application\/ld+json\" class=\"yoast-schema-graph\">{\"@context\":\"https:\/\/schema.org\",\"@graph\":[{\"@type\":\"WebPage\",\"@id\":\"https:\/\/easyliferobo.com\/de\/product\/odesc-v4-2-single-drive-motor-controller-odrivetool-foc-bldc-8-56v-120a-fuer-industrielle-bldc-bedienfelder\/\",\"url\":\"https:\/\/easyliferobo.com\/de\/product\/odesc-v4-2-single-drive-motor-controller-odrivetool-foc-bldc-8-56v-120a-fuer-industrielle-bldc-bedienfelder\/\",\"name\":\"ODESC V4.2 Single Drive Motor Controller Odrivetool FOC BLDC 8-56V 120A f\u00fcr industrielle BLDC-Bedienfelder - EasyLifeBro\",\"isPartOf\":{\"@id\":\"https:\/\/easyliferobo.com\/de\/#website\"},\"primaryImageOfPage\":{\"@id\":\"https:\/\/easyliferobo.com\/de\/product\/odesc-v4-2-single-drive-motor-controller-odrivetool-foc-bldc-8-56v-120a-fuer-industrielle-bldc-bedienfelder\/#primaryimage\"},\"image\":{\"@id\":\"https:\/\/easyliferobo.com\/de\/product\/odesc-v4-2-single-drive-motor-controller-odrivetool-foc-bldc-8-56v-120a-fuer-industrielle-bldc-bedienfelder\/#primaryimage\"},\"thumbnailUrl\":\"https:\/\/easyliferobo.com\/de\/wp-content\/uploads\/2026\/02\/71vUSHoPsSL._SL1500_.jpg\",\"datePublished\":\"2026-02-27T02:38:39+00:00\",\"dateModified\":\"2026-02-27T02:39:01+00:00\",\"description\":\"Entdecken Sie smarte Roboter f\u00fcr Zuhause, Garten, Bildung und Sicherheit. Vergleichen Sie Saugroboter, Rasenm\u00e4hroboter, KI-Begleitroboter und mehr bei EasyLifeRobo.\",\"breadcrumb\":{\"@id\":\"https:\/\/easyliferobo.com\/de\/product\/odesc-v4-2-single-drive-motor-controller-odrivetool-foc-bldc-8-56v-120a-fuer-industrielle-bldc-bedienfelder\/#breadcrumb\"},\"inLanguage\":\"de\",\"potentialAction\":[{\"@type\":\"ReadAction\",\"target\":[\"https:\/\/easyliferobo.com\/de\/product\/odesc-v4-2-single-drive-motor-controller-odrivetool-foc-bldc-8-56v-120a-fuer-industrielle-bldc-bedienfelder\/\"]}]},{\"@type\":\"ImageObject\",\"inLanguage\":\"de\",\"@id\":\"https:\/\/easyliferobo.com\/de\/product\/odesc-v4-2-single-drive-motor-controller-odrivetool-foc-bldc-8-56v-120a-fuer-industrielle-bldc-bedienfelder\/#primaryimage\",\"url\":\"https:\/\/easyliferobo.com\/de\/wp-content\/uploads\/2026\/02\/71vUSHoPsSL._SL1500_.jpg\",\"contentUrl\":\"https:\/\/easyliferobo.com\/de\/wp-content\/uploads\/2026\/02\/71vUSHoPsSL._SL1500_.jpg\",\"width\":1500,\"height\":1500},{\"@type\":\"BreadcrumbList\",\"@id\":\"https:\/\/easyliferobo.com\/de\/product\/odesc-v4-2-single-drive-motor-controller-odrivetool-foc-bldc-8-56v-120a-fuer-industrielle-bldc-bedienfelder\/#breadcrumb\",\"itemListElement\":[{\"@type\":\"ListItem\",\"position\":1,\"name\":\"Home\",\"item\":\"https:\/\/easyliferobo.com\/de\/\"},{\"@type\":\"ListItem\",\"position\":2,\"name\":\"Shop\",\"item\":\"https:\/\/easyliferobo.com\/de\/shop\/\"},{\"@type\":\"ListItem\",\"position\":3,\"name\":\"ODESC V4.2 Single Drive Motor Contr...\"}]},{\"@type\":\"WebSite\",\"@id\":\"https:\/\/easyliferobo.com\/de\/#website\",\"url\":\"https:\/\/easyliferobo.com\/de\/\",\"name\":\"EasyLifeBro\",\"description\":\"Smarte Roboter f\u00fcr Zuhause, Garten &amp; Bildung\",\"publisher\":{\"@id\":\"https:\/\/easyliferobo.com\/de\/#organization\"},\"potentialAction\":[{\"@type\":\"SearchAction\",\"target\":{\"@type\":\"EntryPoint\",\"urlTemplate\":\"https:\/\/easyliferobo.com\/de\/?s={search_term_string}\"},\"query-input\":{\"@type\":\"PropertyValueSpecification\",\"valueRequired\":true,\"valueName\":\"search_term_string\"}}],\"inLanguage\":\"de\"},{\"@type\":\"Organization\",\"@id\":\"https:\/\/easyliferobo.com\/de\/#organization\",\"name\":\"EasyLifeBro\",\"url\":\"https:\/\/easyliferobo.com\/de\/\",\"logo\":{\"@type\":\"ImageObject\",\"inLanguage\":\"de\",\"@id\":\"https:\/\/easyliferobo.com\/de\/#\/schema\/logo\/image\/\",\"url\":\"https:\/\/easyliferobo.com\/de\/wp-content\/uploads\/2026\/02\/Screenshot-2026-02-22-at-2.25.03-PM.png\",\"contentUrl\":\"https:\/\/easyliferobo.com\/de\/wp-content\/uploads\/2026\/02\/Screenshot-2026-02-22-at-2.25.03-PM.png\",\"width\":1858,\"height\":430,\"caption\":\"EasyLifeBro\"},\"image\":{\"@id\":\"https:\/\/easyliferobo.com\/de\/#\/schema\/logo\/image\/\"}}]}<\/script>\n<!-- \/ Yoast SEO plugin. -->","yoast_head_json":{"title":"ODESC V4.2 Single Drive Motor Controller Odrivetool FOC BLDC 8-56V 120A f\u00fcr industrielle BLDC-Bedienfelder - EasyLifeBro","description":"Entdecken Sie smarte Roboter f\u00fcr Zuhause, Garten, Bildung und Sicherheit. Vergleichen Sie Saugroboter, Rasenm\u00e4hroboter, KI-Begleitroboter und mehr bei EasyLifeRobo.","robots":{"index":"index","follow":"follow","max-snippet":"max-snippet:-1","max-image-preview":"max-image-preview:large","max-video-preview":"max-video-preview:-1"},"canonical":"https:\/\/easyliferobo.com\/de\/product\/odesc-v4-2-single-drive-motor-controller-odrivetool-foc-bldc-8-56v-120a-fuer-industrielle-bldc-bedienfelder\/","og_locale":"de_DE","og_type":"article","og_title":"ODESC V4.2 Single Drive Motor Controller Odrivetool FOC BLDC 8-56V 120A f\u00fcr industrielle BLDC-Bedienfelder - EasyLifeBro","og_description":"Entdecken Sie smarte Roboter f\u00fcr Zuhause, Garten, Bildung und Sicherheit. Vergleichen Sie Saugroboter, Rasenm\u00e4hroboter, KI-Begleitroboter und mehr bei EasyLifeRobo.","og_url":"https:\/\/easyliferobo.com\/de\/product\/odesc-v4-2-single-drive-motor-controller-odrivetool-foc-bldc-8-56v-120a-fuer-industrielle-bldc-bedienfelder\/","og_site_name":"EasyLifeBro","article_modified_time":"2026-02-27T02:39:01+00:00","twitter_card":"summary_large_image","twitter_misc":{"Gesch\u00e4tzte Lesezeit":"1\u00a0Minute"},"schema":{"@context":"https:\/\/schema.org","@graph":[{"@type":"WebPage","@id":"https:\/\/easyliferobo.com\/de\/product\/odesc-v4-2-single-drive-motor-controller-odrivetool-foc-bldc-8-56v-120a-fuer-industrielle-bldc-bedienfelder\/","url":"https:\/\/easyliferobo.com\/de\/product\/odesc-v4-2-single-drive-motor-controller-odrivetool-foc-bldc-8-56v-120a-fuer-industrielle-bldc-bedienfelder\/","name":"ODESC V4.2 Single Drive Motor Controller Odrivetool FOC BLDC 8-56V 120A f\u00fcr industrielle BLDC-Bedienfelder - EasyLifeBro","isPartOf":{"@id":"https:\/\/easyliferobo.com\/de\/#website"},"primaryImageOfPage":{"@id":"https:\/\/easyliferobo.com\/de\/product\/odesc-v4-2-single-drive-motor-controller-odrivetool-foc-bldc-8-56v-120a-fuer-industrielle-bldc-bedienfelder\/#primaryimage"},"image":{"@id":"https:\/\/easyliferobo.com\/de\/product\/odesc-v4-2-single-drive-motor-controller-odrivetool-foc-bldc-8-56v-120a-fuer-industrielle-bldc-bedienfelder\/#primaryimage"},"thumbnailUrl":"https:\/\/easyliferobo.com\/de\/wp-content\/uploads\/2026\/02\/71vUSHoPsSL._SL1500_.jpg","datePublished":"2026-02-27T02:38:39+00:00","dateModified":"2026-02-27T02:39:01+00:00","description":"Entdecken Sie smarte Roboter f\u00fcr Zuhause, Garten, Bildung und Sicherheit. Vergleichen Sie Saugroboter, Rasenm\u00e4hroboter, KI-Begleitroboter und mehr bei EasyLifeRobo.","breadcrumb":{"@id":"https:\/\/easyliferobo.com\/de\/product\/odesc-v4-2-single-drive-motor-controller-odrivetool-foc-bldc-8-56v-120a-fuer-industrielle-bldc-bedienfelder\/#breadcrumb"},"inLanguage":"de","potentialAction":[{"@type":"ReadAction","target":["https:\/\/easyliferobo.com\/de\/product\/odesc-v4-2-single-drive-motor-controller-odrivetool-foc-bldc-8-56v-120a-fuer-industrielle-bldc-bedienfelder\/"]}]},{"@type":"ImageObject","inLanguage":"de","@id":"https:\/\/easyliferobo.com\/de\/product\/odesc-v4-2-single-drive-motor-controller-odrivetool-foc-bldc-8-56v-120a-fuer-industrielle-bldc-bedienfelder\/#primaryimage","url":"https:\/\/easyliferobo.com\/de\/wp-content\/uploads\/2026\/02\/71vUSHoPsSL._SL1500_.jpg","contentUrl":"https:\/\/easyliferobo.com\/de\/wp-content\/uploads\/2026\/02\/71vUSHoPsSL._SL1500_.jpg","width":1500,"height":1500},{"@type":"BreadcrumbList","@id":"https:\/\/easyliferobo.com\/de\/product\/odesc-v4-2-single-drive-motor-controller-odrivetool-foc-bldc-8-56v-120a-fuer-industrielle-bldc-bedienfelder\/#breadcrumb","itemListElement":[{"@type":"ListItem","position":1,"name":"Home","item":"https:\/\/easyliferobo.com\/de\/"},{"@type":"ListItem","position":2,"name":"Shop","item":"https:\/\/easyliferobo.com\/de\/shop\/"},{"@type":"ListItem","position":3,"name":"ODESC V4.2 Single Drive Motor Contr..."}]},{"@type":"WebSite","@id":"https:\/\/easyliferobo.com\/de\/#website","url":"https:\/\/easyliferobo.com\/de\/","name":"EasyLifeBro","description":"Smarte Roboter f\u00fcr Zuhause, Garten &amp; Bildung","publisher":{"@id":"https:\/\/easyliferobo.com\/de\/#organization"},"potentialAction":[{"@type":"SearchAction","target":{"@type":"EntryPoint","urlTemplate":"https:\/\/easyliferobo.com\/de\/?s={search_term_string}"},"query-input":{"@type":"PropertyValueSpecification","valueRequired":true,"valueName":"search_term_string"}}],"inLanguage":"de"},{"@type":"Organization","@id":"https:\/\/easyliferobo.com\/de\/#organization","name":"EasyLifeBro","url":"https:\/\/easyliferobo.com\/de\/","logo":{"@type":"ImageObject","inLanguage":"de","@id":"https:\/\/easyliferobo.com\/de\/#\/schema\/logo\/image\/","url":"https:\/\/easyliferobo.com\/de\/wp-content\/uploads\/2026\/02\/Screenshot-2026-02-22-at-2.25.03-PM.png","contentUrl":"https:\/\/easyliferobo.com\/de\/wp-content\/uploads\/2026\/02\/Screenshot-2026-02-22-at-2.25.03-PM.png","width":1858,"height":430,"caption":"EasyLifeBro"},"image":{"@id":"https:\/\/easyliferobo.com\/de\/#\/schema\/logo\/image\/"}}]}},"_links":{"self":[{"href":"https:\/\/easyliferobo.com\/de\/wp-json\/wp\/v2\/product\/2170","targetHints":{"allow":["GET"]}}],"collection":[{"href":"https:\/\/easyliferobo.com\/de\/wp-json\/wp\/v2\/product"}],"about":[{"href":"https:\/\/easyliferobo.com\/de\/wp-json\/wp\/v2\/types\/product"}],"replies":[{"embeddable":true,"href":"https:\/\/easyliferobo.com\/de\/wp-json\/wp\/v2\/comments?post=2170"}],"wp:featuredmedia":[{"embeddable":true,"href":"https:\/\/easyliferobo.com\/de\/wp-json\/wp\/v2\/media\/2171"}],"wp:attachment":[{"href":"https:\/\/easyliferobo.com\/de\/wp-json\/wp\/v2\/media?parent=2170"}],"wp:term":[{"taxonomy":"store","embeddable":true,"href":"https:\/\/easyliferobo.com\/de\/wp-json\/wp\/v2\/store?post=2170"},{"taxonomy":"product_brand","embeddable":true,"href":"https:\/\/easyliferobo.com\/de\/wp-json\/wp\/v2\/product_brand?post=2170"},{"taxonomy":"product_cat","embeddable":true,"href":"https:\/\/easyliferobo.com\/de\/wp-json\/wp\/v2\/product_cat?post=2170"},{"taxonomy":"product_tag","embeddable":true,"href":"https:\/\/easyliferobo.com\/de\/wp-json\/wp\/v2\/product_tag?post=2170"}],"curies":[{"name":"wp","href":"https:\/\/api.w.org\/{rel}","templated":true}]}}