
{"id":2144,"date":"2026-02-27T02:33:53","date_gmt":"2026-02-27T02:33:53","guid":{"rendered":"https:\/\/easyliferobo.com\/de\/product\/switchbot-k11-roboter-staubsauger-mit-wischfunktion-6000-pa-saugleistung-90-tage-staubsammlung-selbstentleerendes-lds-smart-mapping-schlankes-36-zoll-design-kompatibel-mit-apple-home-alexa-go\/"},"modified":"2026-02-27T02:34:13","modified_gmt":"2026-02-27T02:34:13","slug":"switchbot-k11-roboter-staubsauger-mit-wischfunktion-6000-pa-saugleistung-90-tage-staubsammlung-selbstentleerendes-lds-smart-mapping-schlankes-36-zoll-design-kompatibel-mit-apple-home-alexa-go","status":"publish","type":"product","link":"https:\/\/easyliferobo.com\/de\/product\/switchbot-k11-roboter-staubsauger-mit-wischfunktion-6000-pa-saugleistung-90-tage-staubsammlung-selbstentleerendes-lds-smart-mapping-schlankes-36-zoll-design-kompatibel-mit-apple-home-alexa-go\/","title":{"rendered":"SwitchBot K11+ Roboter-Staubsauger ..."},"content":{"rendered":"<p>\n                                             Von der Marke   <\/p>\n<p>                                              <img decoding=\"async\" alt=\"Schnittmodell eines Smart Homes, das Innenr\u00e4ume mit IoT-Ger\u00e4ten zeigt. Die Symbole oben repr\u00e4sentieren verschiedene Smart-Home-Dienste und -Funktionen.\" src=\"https:\/\/images-na.ssl-images-amazon.com\/images\/G\/01\/x-locale\/common\/grey-pixel.gif\" class=\"a-lazy-loaded\" data-src=\"https:\/\/m.media-amazon.com\/images\/S\/aplus-media-library-service-media\/7ef3e31f-5533-4dec-8b01-b38f3550d350.__CR0,0,1464,625_PT0_SX1464_V1___.png\"><img decoding=\"async\" alt=\"Schnittmodell eines Smart Homes, das Innenr\u00e4ume mit IoT-Ger\u00e4ten zeigt. Die Symbole oben repr\u00e4sentieren verschiedene Smart-Home-Dienste und -Funktionen.\" src=\"https:\/\/m.media-amazon.com\/images\/S\/aplus-media-library-service-media\/7ef3e31f-5533-4dec-8b01-b38f3550d350.__CR0,0,1464,625_PT0_SX1464_V1___.png\">  <\/p>\n<p>                                              <img decoding=\"async\" alt=\"\" src=\"https:\/\/images-na.ssl-images-amazon.com\/images\/G\/01\/x-locale\/common\/grey-pixel.gif\" class=\"a-lazy-loaded\" data-src=\"https:\/\/m.media-amazon.com\/images\/S\/aplus-media-library-service-media\/9598b73c-75df-4a38-87fa-399d0e31a8d3.__CR0,0,1575,725_PT0_SX315_V1___.jpg\"><img decoding=\"async\" alt=\"\" src=\"https:\/\/m.media-amazon.com\/images\/S\/aplus-media-library-service-media\/9598b73c-75df-4a38-87fa-399d0e31a8d3.__CR0,0,1575,725_PT0_SX315_V1___.jpg\">  <\/p>\n<p>  Wir bei SwitchBot wissen, dass die Idee, das eigene Zuhause in ein \u201eintelligentes\u201c Zuhause zu verwandeln, manchmal entmutigend sein kann. Deshalb m\u00f6chten wir die Dinge einfach halten. Mit unseren Produkten k\u00f6nnen Sie alle Ihre vorhandenen Haushaltsger\u00e4te in Sekundenschnelle und auf kosteng\u00fcnstige Weise umbauen und interaktiv, unterhaltsam und intuitiv gestalten. Worauf warten Sie noch? Machen Sie alles einfach mit SwitchBot. <\/p>\n<p>                                              <img decoding=\"async\" alt=\"Sammlung von Auszeichnungslogos und Auszeichnungen, darunter Red Dot, iF Design und German Design Awards. Verschiedene Jahrg\u00e4nge und Kategorien vertreten.\" src=\"https:\/\/images-na.ssl-images-amazon.com\/images\/G\/01\/x-locale\/common\/grey-pixel.gif\" class=\"a-lazy-loaded\" data-src=\"https:\/\/m.media-amazon.com\/images\/S\/aplus-media-library-service-media\/fe132a17-a865-47b0-8cbb-c04b84ca13b9.__CR0,0,362,453_PT0_SX362_V1___.png\"><img decoding=\"async\" alt=\"Sammlung von Auszeichnungslogos und Auszeichnungen, darunter Red Dot, iF Design und German Design Awards. Verschiedene Jahrg\u00e4nge und Kategorien vertreten.\" src=\"https:\/\/m.media-amazon.com\/images\/S\/aplus-media-library-service-media\/fe132a17-a865-47b0-8cbb-c04b84ca13b9.__CR0,0,362,453_PT0_SX362_V1___.png\">  <\/p>\n<p>                                              <img decoding=\"async\" alt=\"Sammlung von Logos von Medienunternehmen, darunter CNN, CNET, Forbes und andere, mit dem deutschen Text \u201eVon den Medien empfohlen\u201c (Von den Medien empfohlen) oben.\" src=\"https:\/\/images-na.ssl-images-amazon.com\/images\/G\/01\/x-locale\/common\/grey-pixel.gif\" class=\"a-lazy-loaded\" data-src=\"https:\/\/m.media-amazon.com\/images\/S\/aplus-media-library-service-media\/b06f690a-55aa-45e1-ac39-4ea8f11cb0eb.__CR0,0,362,453_PT0_SX362_V1___.png\"><img decoding=\"async\" alt=\"Sammlung von Logos von Medienunternehmen, darunter CNN, CNET, Forbes und andere, mit dem deutschen Text \u201eVon den Medien empfohlen\u201c (Von den Medien empfohlen) oben.\" src=\"https:\/\/m.media-amazon.com\/images\/S\/aplus-media-library-service-media\/b06f690a-55aa-45e1-ac39-4ea8f11cb0eb.__CR0,0,362,453_PT0_SX362_V1___.png\">  <\/p>\n<h3>  Roboterstaubsauger mit Wischfunktion <\/h3>\n<p class=\"apm-brand-story-stores-link\">\n<h3>  Mechanische Steuerung <\/h3>\n<p class=\"apm-brand-story-stores-link\">\n<h3>  Intelligenter Schalter <\/h3>\n<p class=\"apm-brand-story-stores-link\">\n<h3>  Intelligentes Schloss <\/h3>\n<p class=\"apm-brand-story-stores-link\">\n<h3>  Sicherheit zu Hause <\/h3>\n<p class=\"apm-brand-story-stores-link\">\n<h3>  Verbessert die Luftqualit\u00e4t <\/h3>\n<p class=\"apm-brand-story-stores-link\">\n<h3>  Umweltregulierung <\/h3>\n<p class=\"apm-brand-story-stores-link\">\n<h3>  Sensor <\/h3>\n<p class=\"apm-brand-story-stores-link\">\n<h3>  Matte SwitchBot-Beleuchtung <\/h3>\n<p class=\"apm-brand-story-stores-link\">\n<p>90 TAGE STAUBAUFBEWAHRUNG Diese selbstentleerende Station des Roboterstaubsaugers ist kleiner als ein A4-Blatt und enth\u00e4lt dennoch einen antibakteriellen 4-Liter-Staubbeutel, der f\u00fcr bis zu 90 Tage Reinigung reicht. Sein kompaktes Design passt problemlos unter M\u00f6bel oder in enge R\u00e4ume.<br \/>6000Pa LEISTUNGSF\u00c4HIGE SAUGUNG Mit einer verbesserten Saugleistung von 6000PA und einer fortschrittlichen Rollb\u00fcrste, die sich nicht verheddert, entfernt der Roboterstaubsauger K11+ m\u00fchelos Tierhaare, Schmutz und Ablagerungen von Teppichen und Hartb\u00f6den und bietet dabei eine st\u00e4rkere Leistung als typische 4000PA-Modelle.<br \/>DOPPELSEITIGE B\u00dcRSTE OHNE VERWICKLUNG Der Roboterstaubsauger K11+ verf\u00fcgt \u00fcber eine einzigartige doppelseitige Anti-Verwirrungs-B\u00fcrste, die tief in Ecken und Kanten reicht und Tierhaare sowie Schmutz aus schwer zug\u00e4nglichen Bereichen effektiv aufnimmt, ohne sich zu verheddern.<br \/>Intelligente Lasernavigation und Hindernisumgehung Der selbstentleerende Roboterstaubsauger K11+ nutzt fortschrittliches LDS LiDAR, um Ihr Zuhause zu kartieren und pr\u00e4zise Reinigungsrouten zu planen. Mit PSD-Seitensensoren navigiert er sanft um Tisch- und Stuhlbeine herum, w\u00e4hrend Crash-Sensoren, 0,65-Zoll-Schwellen\u00fcberwindung und Sperrzonen ihm helfen, in komplexen, unordentlichen R\u00e4umen ohne manuelle Vorbereitung sicher zu reinigen.<br \/>VOLLST\u00c4NDIGE SMART-HOME-KOMPATIBILIT\u00c4T Einer der wenigen Roboterstaubsauger, der Matter unterst\u00fctzt und eine nahtlose native Steuerung \u00fcber Apple Home, Alexa oder Google Home ohne zus\u00e4tzliche Hubs erm\u00f6glicht.<\/p>\n<p>[ad_2]<\/p>\n","protected":false},"excerpt":{"rendered":"<p>Von der Marke Wir bei SwitchBot wissen, dass die Idee, das eigene Zuhause in ein \u201eintelligentes\u201c Zuhause zu verwandeln, manchmal entmutigend sein kann. Deshalb m\u00f6chten wir die Dinge einfach halten. Mit unseren Produkten k\u00f6nnen Sie alle Ihre vorhandenen Haushaltsger\u00e4te in Sekundenschnelle und auf kosteng\u00fcnstige Weise umbauen und interaktiv, unterhaltsam und intuitiv gestalten. Worauf warten Sie [&hellip;]<\/p>\n","protected":false},"featured_media":2145,"comment_status":"open","ping_status":"closed","template":"","meta":{"_aipt_faq_data":""},"store":[],"product_brand":[169],"product_cat":[28],"product_tag":[120],"class_list":{"0":"post-2144","1":"product","2":"type-product","3":"status-publish","4":"has-post-thumbnail","6":"product_brand-switchbot","7":"product_cat-trending","8":"product_tag-ki-haushaltsroboter-mit-sprachsteuerung","10":"first","11":"instock","12":"shipping-taxable","13":"product-type-external"},"yoast_head":"<!-- This site is optimized with the Yoast SEO plugin v27.0 - https:\/\/yoast.com\/product\/yoast-seo-wordpress\/ -->\n<title>SwitchBot K11+ Roboter-Staubsauger mit Wischfunktion, 6000 Pa Saugleistung, 90 Tage Staubsammlung, selbstentleerendes LDS Smart Mapping, schlankes 3,6-Zoll-Design, kompatibel mit Apple Home, Alexa, Google Home und - EasyLifeBro<\/title>\n<meta name=\"description\" content=\"Entdecken Sie smarte Roboter f\u00fcr Zuhause, Garten, Bildung und Sicherheit. Vergleichen Sie Saugroboter, Rasenm\u00e4hroboter, KI-Begleitroboter und mehr bei EasyLifeRobo.\" \/>\n<meta name=\"robots\" content=\"index, follow, max-snippet:-1, max-image-preview:large, max-video-preview:-1\" \/>\n<link rel=\"canonical\" href=\"https:\/\/easyliferobo.com\/de\/product\/switchbot-k11-roboter-staubsauger-mit-wischfunktion-6000-pa-saugleistung-90-tage-staubsammlung-selbstentleerendes-lds-smart-mapping-schlankes-36-zoll-design-kompatibel-mit-apple-home-alexa-go\/\" \/>\n<meta property=\"og:locale\" content=\"de_DE\" \/>\n<meta property=\"og:type\" content=\"article\" \/>\n<meta property=\"og:title\" content=\"SwitchBot K11+ Roboter-Staubsauger mit Wischfunktion, 6000 Pa Saugleistung, 90 Tage Staubsammlung, selbstentleerendes LDS Smart Mapping, schlankes 3,6-Zoll-Design, kompatibel mit Apple Home, Alexa, Google Home und - EasyLifeBro\" \/>\n<meta property=\"og:description\" content=\"Entdecken Sie smarte Roboter f\u00fcr Zuhause, Garten, Bildung und Sicherheit. Vergleichen Sie Saugroboter, Rasenm\u00e4hroboter, KI-Begleitroboter und mehr bei EasyLifeRobo.\" \/>\n<meta property=\"og:url\" content=\"https:\/\/easyliferobo.com\/de\/product\/switchbot-k11-roboter-staubsauger-mit-wischfunktion-6000-pa-saugleistung-90-tage-staubsammlung-selbstentleerendes-lds-smart-mapping-schlankes-36-zoll-design-kompatibel-mit-apple-home-alexa-go\/\" \/>\n<meta property=\"og:site_name\" content=\"EasyLifeBro\" \/>\n<meta property=\"article:modified_time\" content=\"2026-02-27T02:34:13+00:00\" \/>\n<meta property=\"og:image\" content=\"https:\/\/images-na.ssl-images-amazon.com\/images\/G\/01\/x-locale\/common\/grey-pixel.gif\" \/>\n<meta name=\"twitter:card\" content=\"summary_large_image\" \/>\n<meta name=\"twitter:label1\" content=\"Gesch\u00e4tzte Lesezeit\" \/>\n\t<meta name=\"twitter:data1\" content=\"1\u00a0Minute\" \/>\n<script type=\"application\/ld+json\" class=\"yoast-schema-graph\">{\"@context\":\"https:\/\/schema.org\",\"@graph\":[{\"@type\":\"WebPage\",\"@id\":\"https:\/\/easyliferobo.com\/de\/product\/switchbot-k11-roboter-staubsauger-mit-wischfunktion-6000-pa-saugleistung-90-tage-staubsammlung-selbstentleerendes-lds-smart-mapping-schlankes-36-zoll-design-kompatibel-mit-apple-home-alexa-go\/\",\"url\":\"https:\/\/easyliferobo.com\/de\/product\/switchbot-k11-roboter-staubsauger-mit-wischfunktion-6000-pa-saugleistung-90-tage-staubsammlung-selbstentleerendes-lds-smart-mapping-schlankes-36-zoll-design-kompatibel-mit-apple-home-alexa-go\/\",\"name\":\"SwitchBot K11+ Roboter-Staubsauger mit Wischfunktion, 6000 Pa Saugleistung, 90 Tage Staubsammlung, selbstentleerendes LDS Smart Mapping, schlankes 3,6-Zoll-Design, kompatibel mit Apple Home, Alexa, Google Home und - EasyLifeBro\",\"isPartOf\":{\"@id\":\"https:\/\/easyliferobo.com\/de\/#website\"},\"primaryImageOfPage\":{\"@id\":\"https:\/\/easyliferobo.com\/de\/product\/switchbot-k11-roboter-staubsauger-mit-wischfunktion-6000-pa-saugleistung-90-tage-staubsammlung-selbstentleerendes-lds-smart-mapping-schlankes-36-zoll-design-kompatibel-mit-apple-home-alexa-go\/#primaryimage\"},\"image\":{\"@id\":\"https:\/\/easyliferobo.com\/de\/product\/switchbot-k11-roboter-staubsauger-mit-wischfunktion-6000-pa-saugleistung-90-tage-staubsammlung-selbstentleerendes-lds-smart-mapping-schlankes-36-zoll-design-kompatibel-mit-apple-home-alexa-go\/#primaryimage\"},\"thumbnailUrl\":\"https:\/\/easyliferobo.com\/de\/wp-content\/uploads\/2026\/02\/61TR3fa2l8L._AC_SL1500_.jpg\",\"datePublished\":\"2026-02-27T02:33:53+00:00\",\"dateModified\":\"2026-02-27T02:34:13+00:00\",\"description\":\"Entdecken Sie smarte Roboter f\u00fcr Zuhause, Garten, Bildung und Sicherheit. Vergleichen Sie Saugroboter, Rasenm\u00e4hroboter, KI-Begleitroboter und mehr bei EasyLifeRobo.\",\"breadcrumb\":{\"@id\":\"https:\/\/easyliferobo.com\/de\/product\/switchbot-k11-roboter-staubsauger-mit-wischfunktion-6000-pa-saugleistung-90-tage-staubsammlung-selbstentleerendes-lds-smart-mapping-schlankes-36-zoll-design-kompatibel-mit-apple-home-alexa-go\/#breadcrumb\"},\"inLanguage\":\"de\",\"potentialAction\":[{\"@type\":\"ReadAction\",\"target\":[\"https:\/\/easyliferobo.com\/de\/product\/switchbot-k11-roboter-staubsauger-mit-wischfunktion-6000-pa-saugleistung-90-tage-staubsammlung-selbstentleerendes-lds-smart-mapping-schlankes-36-zoll-design-kompatibel-mit-apple-home-alexa-go\/\"]}]},{\"@type\":\"ImageObject\",\"inLanguage\":\"de\",\"@id\":\"https:\/\/easyliferobo.com\/de\/product\/switchbot-k11-roboter-staubsauger-mit-wischfunktion-6000-pa-saugleistung-90-tage-staubsammlung-selbstentleerendes-lds-smart-mapping-schlankes-36-zoll-design-kompatibel-mit-apple-home-alexa-go\/#primaryimage\",\"url\":\"https:\/\/easyliferobo.com\/de\/wp-content\/uploads\/2026\/02\/61TR3fa2l8L._AC_SL1500_.jpg\",\"contentUrl\":\"https:\/\/easyliferobo.com\/de\/wp-content\/uploads\/2026\/02\/61TR3fa2l8L._AC_SL1500_.jpg\",\"width\":1470,\"height\":1474},{\"@type\":\"BreadcrumbList\",\"@id\":\"https:\/\/easyliferobo.com\/de\/product\/switchbot-k11-roboter-staubsauger-mit-wischfunktion-6000-pa-saugleistung-90-tage-staubsammlung-selbstentleerendes-lds-smart-mapping-schlankes-36-zoll-design-kompatibel-mit-apple-home-alexa-go\/#breadcrumb\",\"itemListElement\":[{\"@type\":\"ListItem\",\"position\":1,\"name\":\"Home\",\"item\":\"https:\/\/easyliferobo.com\/de\/\"},{\"@type\":\"ListItem\",\"position\":2,\"name\":\"Shop\",\"item\":\"https:\/\/easyliferobo.com\/de\/shop\/\"},{\"@type\":\"ListItem\",\"position\":3,\"name\":\"SwitchBot K11+ Roboter-Staubsauger ...\"}]},{\"@type\":\"WebSite\",\"@id\":\"https:\/\/easyliferobo.com\/de\/#website\",\"url\":\"https:\/\/easyliferobo.com\/de\/\",\"name\":\"EasyLifeBro\",\"description\":\"Smarte Roboter f\u00fcr Zuhause, Garten &amp; Bildung\",\"publisher\":{\"@id\":\"https:\/\/easyliferobo.com\/de\/#organization\"},\"potentialAction\":[{\"@type\":\"SearchAction\",\"target\":{\"@type\":\"EntryPoint\",\"urlTemplate\":\"https:\/\/easyliferobo.com\/de\/?s={search_term_string}\"},\"query-input\":{\"@type\":\"PropertyValueSpecification\",\"valueRequired\":true,\"valueName\":\"search_term_string\"}}],\"inLanguage\":\"de\"},{\"@type\":\"Organization\",\"@id\":\"https:\/\/easyliferobo.com\/de\/#organization\",\"name\":\"EasyLifeBro\",\"url\":\"https:\/\/easyliferobo.com\/de\/\",\"logo\":{\"@type\":\"ImageObject\",\"inLanguage\":\"de\",\"@id\":\"https:\/\/easyliferobo.com\/de\/#\/schema\/logo\/image\/\",\"url\":\"https:\/\/easyliferobo.com\/de\/wp-content\/uploads\/2026\/02\/Screenshot-2026-02-22-at-2.25.03-PM.png\",\"contentUrl\":\"https:\/\/easyliferobo.com\/de\/wp-content\/uploads\/2026\/02\/Screenshot-2026-02-22-at-2.25.03-PM.png\",\"width\":1858,\"height\":430,\"caption\":\"EasyLifeBro\"},\"image\":{\"@id\":\"https:\/\/easyliferobo.com\/de\/#\/schema\/logo\/image\/\"}}]}<\/script>\n<!-- \/ Yoast SEO plugin. -->","yoast_head_json":{"title":"SwitchBot K11+ Roboter-Staubsauger mit Wischfunktion, 6000 Pa Saugleistung, 90 Tage Staubsammlung, selbstentleerendes LDS Smart Mapping, schlankes 3,6-Zoll-Design, kompatibel mit Apple Home, Alexa, Google Home und - EasyLifeBro","description":"Entdecken Sie smarte Roboter f\u00fcr Zuhause, Garten, Bildung und Sicherheit. Vergleichen Sie Saugroboter, Rasenm\u00e4hroboter, KI-Begleitroboter und mehr bei EasyLifeRobo.","robots":{"index":"index","follow":"follow","max-snippet":"max-snippet:-1","max-image-preview":"max-image-preview:large","max-video-preview":"max-video-preview:-1"},"canonical":"https:\/\/easyliferobo.com\/de\/product\/switchbot-k11-roboter-staubsauger-mit-wischfunktion-6000-pa-saugleistung-90-tage-staubsammlung-selbstentleerendes-lds-smart-mapping-schlankes-36-zoll-design-kompatibel-mit-apple-home-alexa-go\/","og_locale":"de_DE","og_type":"article","og_title":"SwitchBot K11+ Roboter-Staubsauger mit Wischfunktion, 6000 Pa Saugleistung, 90 Tage Staubsammlung, selbstentleerendes LDS Smart Mapping, schlankes 3,6-Zoll-Design, kompatibel mit Apple Home, Alexa, Google Home und - EasyLifeBro","og_description":"Entdecken Sie smarte Roboter f\u00fcr Zuhause, Garten, Bildung und Sicherheit. Vergleichen Sie Saugroboter, Rasenm\u00e4hroboter, KI-Begleitroboter und mehr bei EasyLifeRobo.","og_url":"https:\/\/easyliferobo.com\/de\/product\/switchbot-k11-roboter-staubsauger-mit-wischfunktion-6000-pa-saugleistung-90-tage-staubsammlung-selbstentleerendes-lds-smart-mapping-schlankes-36-zoll-design-kompatibel-mit-apple-home-alexa-go\/","og_site_name":"EasyLifeBro","article_modified_time":"2026-02-27T02:34:13+00:00","og_image":[{"url":"https:\/\/images-na.ssl-images-amazon.com\/images\/G\/01\/x-locale\/common\/grey-pixel.gif","type":"","width":"","height":""}],"twitter_card":"summary_large_image","twitter_misc":{"Gesch\u00e4tzte Lesezeit":"1\u00a0Minute"},"schema":{"@context":"https:\/\/schema.org","@graph":[{"@type":"WebPage","@id":"https:\/\/easyliferobo.com\/de\/product\/switchbot-k11-roboter-staubsauger-mit-wischfunktion-6000-pa-saugleistung-90-tage-staubsammlung-selbstentleerendes-lds-smart-mapping-schlankes-36-zoll-design-kompatibel-mit-apple-home-alexa-go\/","url":"https:\/\/easyliferobo.com\/de\/product\/switchbot-k11-roboter-staubsauger-mit-wischfunktion-6000-pa-saugleistung-90-tage-staubsammlung-selbstentleerendes-lds-smart-mapping-schlankes-36-zoll-design-kompatibel-mit-apple-home-alexa-go\/","name":"SwitchBot K11+ Roboter-Staubsauger mit Wischfunktion, 6000 Pa Saugleistung, 90 Tage Staubsammlung, selbstentleerendes LDS Smart Mapping, schlankes 3,6-Zoll-Design, kompatibel mit Apple Home, Alexa, Google Home und - EasyLifeBro","isPartOf":{"@id":"https:\/\/easyliferobo.com\/de\/#website"},"primaryImageOfPage":{"@id":"https:\/\/easyliferobo.com\/de\/product\/switchbot-k11-roboter-staubsauger-mit-wischfunktion-6000-pa-saugleistung-90-tage-staubsammlung-selbstentleerendes-lds-smart-mapping-schlankes-36-zoll-design-kompatibel-mit-apple-home-alexa-go\/#primaryimage"},"image":{"@id":"https:\/\/easyliferobo.com\/de\/product\/switchbot-k11-roboter-staubsauger-mit-wischfunktion-6000-pa-saugleistung-90-tage-staubsammlung-selbstentleerendes-lds-smart-mapping-schlankes-36-zoll-design-kompatibel-mit-apple-home-alexa-go\/#primaryimage"},"thumbnailUrl":"https:\/\/easyliferobo.com\/de\/wp-content\/uploads\/2026\/02\/61TR3fa2l8L._AC_SL1500_.jpg","datePublished":"2026-02-27T02:33:53+00:00","dateModified":"2026-02-27T02:34:13+00:00","description":"Entdecken Sie smarte Roboter f\u00fcr Zuhause, Garten, Bildung und Sicherheit. Vergleichen Sie Saugroboter, Rasenm\u00e4hroboter, KI-Begleitroboter und mehr bei EasyLifeRobo.","breadcrumb":{"@id":"https:\/\/easyliferobo.com\/de\/product\/switchbot-k11-roboter-staubsauger-mit-wischfunktion-6000-pa-saugleistung-90-tage-staubsammlung-selbstentleerendes-lds-smart-mapping-schlankes-36-zoll-design-kompatibel-mit-apple-home-alexa-go\/#breadcrumb"},"inLanguage":"de","potentialAction":[{"@type":"ReadAction","target":["https:\/\/easyliferobo.com\/de\/product\/switchbot-k11-roboter-staubsauger-mit-wischfunktion-6000-pa-saugleistung-90-tage-staubsammlung-selbstentleerendes-lds-smart-mapping-schlankes-36-zoll-design-kompatibel-mit-apple-home-alexa-go\/"]}]},{"@type":"ImageObject","inLanguage":"de","@id":"https:\/\/easyliferobo.com\/de\/product\/switchbot-k11-roboter-staubsauger-mit-wischfunktion-6000-pa-saugleistung-90-tage-staubsammlung-selbstentleerendes-lds-smart-mapping-schlankes-36-zoll-design-kompatibel-mit-apple-home-alexa-go\/#primaryimage","url":"https:\/\/easyliferobo.com\/de\/wp-content\/uploads\/2026\/02\/61TR3fa2l8L._AC_SL1500_.jpg","contentUrl":"https:\/\/easyliferobo.com\/de\/wp-content\/uploads\/2026\/02\/61TR3fa2l8L._AC_SL1500_.jpg","width":1470,"height":1474},{"@type":"BreadcrumbList","@id":"https:\/\/easyliferobo.com\/de\/product\/switchbot-k11-roboter-staubsauger-mit-wischfunktion-6000-pa-saugleistung-90-tage-staubsammlung-selbstentleerendes-lds-smart-mapping-schlankes-36-zoll-design-kompatibel-mit-apple-home-alexa-go\/#breadcrumb","itemListElement":[{"@type":"ListItem","position":1,"name":"Home","item":"https:\/\/easyliferobo.com\/de\/"},{"@type":"ListItem","position":2,"name":"Shop","item":"https:\/\/easyliferobo.com\/de\/shop\/"},{"@type":"ListItem","position":3,"name":"SwitchBot K11+ Roboter-Staubsauger ..."}]},{"@type":"WebSite","@id":"https:\/\/easyliferobo.com\/de\/#website","url":"https:\/\/easyliferobo.com\/de\/","name":"EasyLifeBro","description":"Smarte Roboter f\u00fcr Zuhause, Garten &amp; Bildung","publisher":{"@id":"https:\/\/easyliferobo.com\/de\/#organization"},"potentialAction":[{"@type":"SearchAction","target":{"@type":"EntryPoint","urlTemplate":"https:\/\/easyliferobo.com\/de\/?s={search_term_string}"},"query-input":{"@type":"PropertyValueSpecification","valueRequired":true,"valueName":"search_term_string"}}],"inLanguage":"de"},{"@type":"Organization","@id":"https:\/\/easyliferobo.com\/de\/#organization","name":"EasyLifeBro","url":"https:\/\/easyliferobo.com\/de\/","logo":{"@type":"ImageObject","inLanguage":"de","@id":"https:\/\/easyliferobo.com\/de\/#\/schema\/logo\/image\/","url":"https:\/\/easyliferobo.com\/de\/wp-content\/uploads\/2026\/02\/Screenshot-2026-02-22-at-2.25.03-PM.png","contentUrl":"https:\/\/easyliferobo.com\/de\/wp-content\/uploads\/2026\/02\/Screenshot-2026-02-22-at-2.25.03-PM.png","width":1858,"height":430,"caption":"EasyLifeBro"},"image":{"@id":"https:\/\/easyliferobo.com\/de\/#\/schema\/logo\/image\/"}}]}},"_links":{"self":[{"href":"https:\/\/easyliferobo.com\/de\/wp-json\/wp\/v2\/product\/2144","targetHints":{"allow":["GET"]}}],"collection":[{"href":"https:\/\/easyliferobo.com\/de\/wp-json\/wp\/v2\/product"}],"about":[{"href":"https:\/\/easyliferobo.com\/de\/wp-json\/wp\/v2\/types\/product"}],"replies":[{"embeddable":true,"href":"https:\/\/easyliferobo.com\/de\/wp-json\/wp\/v2\/comments?post=2144"}],"wp:featuredmedia":[{"embeddable":true,"href":"https:\/\/easyliferobo.com\/de\/wp-json\/wp\/v2\/media\/2145"}],"wp:attachment":[{"href":"https:\/\/easyliferobo.com\/de\/wp-json\/wp\/v2\/media?parent=2144"}],"wp:term":[{"taxonomy":"store","embeddable":true,"href":"https:\/\/easyliferobo.com\/de\/wp-json\/wp\/v2\/store?post=2144"},{"taxonomy":"product_brand","embeddable":true,"href":"https:\/\/easyliferobo.com\/de\/wp-json\/wp\/v2\/product_brand?post=2144"},{"taxonomy":"product_cat","embeddable":true,"href":"https:\/\/easyliferobo.com\/de\/wp-json\/wp\/v2\/product_cat?post=2144"},{"taxonomy":"product_tag","embeddable":true,"href":"https:\/\/easyliferobo.com\/de\/wp-json\/wp\/v2\/product_tag?post=2144"}],"curies":[{"name":"wp","href":"https:\/\/api.w.org\/{rel}","templated":true}]}}