
{"id":2132,"date":"2026-02-27T02:32:41","date_gmt":"2026-02-27T02:32:41","guid":{"rendered":"https:\/\/easyliferobo.com\/de\/product\/dreame-d20-pro-plus-roboterstaubsauger-13-000-pa-saugkraft-duobrush-fuer-tierhaare-eckenreinigung-selbstentfernung-hindernis-mit-lds-navigation-und-laser-staubsauger-und-wischtuecher-hartboeden\/"},"modified":"2026-02-27T02:33:04","modified_gmt":"2026-02-27T02:33:04","slug":"dreame-d20-pro-plus-roboterstaubsauger-13-000-pa-saugkraft-duobrush-fuer-tierhaare-eckenreinigung-selbstentfernung-hindernis-mit-lds-navigation-und-laser-staubsauger-und-wischtuecher-hartboeden","status":"publish","type":"product","link":"https:\/\/easyliferobo.com\/de\/product\/dreame-d20-pro-plus-roboterstaubsauger-13-000-pa-saugkraft-duobrush-fuer-tierhaare-eckenreinigung-selbstentfernung-hindernis-mit-lds-navigation-und-laser-staubsauger-und-wischtuecher-hartboeden\/","title":{"rendered":"dreame D20 Pro Plus Roboterstaubsau..."},"content":{"rendered":"<p>\n                                             Von der Marke   <\/p>\n<p>                                              <img decoding=\"async\" alt=\"Der Text lautet \u201eNR. 1\u201c. Produktfotografie-Setup mit goldfarbenen Kosmetikflaschen und -beh\u00e4ltern vor dunklem Hintergrund und dramatischer Beleuchtung.\" src=\"https:\/\/images-na.ssl-images-amazon.com\/images\/G\/01\/x-locale\/common\/grey-pixel.gif\" class=\"a-lazy-loaded\" data-src=\"https:\/\/m.media-amazon.com\/images\/S\/aplus-media-library-service-media\/4d6d103c-f472-4e45-9c54-d64dcfd27dd5.__CR0,0,1464,625_PT0_SX1464_V1___.png\"><img decoding=\"async\" alt=\"Der Text lautet \u201eNR. 1\u201c. Produktfotografie-Setup mit goldfarbenen Kosmetikflaschen und -beh\u00e4ltern vor dunklem Hintergrund und dramatischer Beleuchtung.\" src=\"https:\/\/m.media-amazon.com\/images\/S\/aplus-media-library-service-media\/4d6d103c-f472-4e45-9c54-d64dcfd27dd5.__CR0,0,1464,625_PT0_SX1464_V1___.png\">  <\/p>\n<p>                                              <img decoding=\"async\" alt=\"\" src=\"https:\/\/images-na.ssl-images-amazon.com\/images\/G\/01\/x-locale\/common\/grey-pixel.gif\" class=\"a-lazy-loaded\" data-src=\"https:\/\/m.media-amazon.com\/images\/S\/aplus-media-library-service-media\/01588613-5695-4e82-a029-f4937c12bed7.__CR0,0,315,145_PT0_SX315_V1___.jpg\"><img decoding=\"async\" alt=\"\" src=\"https:\/\/m.media-amazon.com\/images\/S\/aplus-media-library-service-media\/01588613-5695-4e82-a029-f4937c12bed7.__CR0,0,315,145_PT0_SX315_V1___.jpg\">  <\/p>\n<p>  Dreame Technology ist ein innovatives Unternehmen mit der Vision, die Lebensqualit\u00e4t von Menschen auf der ganzen Welt zu verbessern. Das Unternehmen konzentriert sich auf die Entwicklung hochwertiger Haushaltsreinigungsl\u00f6sungen. <\/p>\n<p>  Dreame Roboterstaubsauger, Nass- und Trockensauger, Stabstaubsauger und andere Haushaltsger\u00e4te helfen Ihnen dabei, die H\u00e4nde frei zu haben und sich von der Last des Haushalts zu befreien. <\/p>\n<p>                                              <img decoding=\"async\" alt=\"\" src=\"https:\/\/images-na.ssl-images-amazon.com\/images\/G\/01\/x-locale\/common\/grey-pixel.gif\" class=\"a-lazy-loaded\" data-src=\"https:\/\/m.media-amazon.com\/images\/S\/aplus-media-library-service-media\/a14e63d9-a1c0-480d-bba6-538ee8f5c665.__CR0,0,362,453_PT0_SX362_V1___.jpg\"><img decoding=\"async\" alt=\"\" src=\"https:\/\/m.media-amazon.com\/images\/S\/aplus-media-library-service-media\/a14e63d9-a1c0-480d-bba6-538ee8f5c665.__CR0,0,362,453_PT0_SX362_V1___.jpg\">  <\/p>\n<h3>  TR\u00c4UMEN <\/h3>\n<h3>  DREAME Roboterstaubsauger <\/h3>\n<h3>    DREAME Roboterstaubsauger <\/h3>\n<h3>    DREAME Roboterstaubsauger <\/h3>\n<h3>  DREAME Roboterstaubsauger <\/h3>\n<p>150 Tage Staubsaugen ohne manuelle Staubentleerung: Dank des verbesserten 5L-Staubbeutels und des automatischen Staubsammelsystems kann das Ger\u00e4t bis zu 150 Tage lang ohne manuellen Aufwand selbstst\u00e4ndig entleert werden \u2013 f\u00fcr ein sauberes Zuhause.<br \/>STARKE SAUGUNG, EINFACHES FESTHALTEN DER HAARE \u200b\u200b\u2013 Das Vormax-System bietet eine beeindruckende Saugkraft von 13.000 Pa. Der D20 Pro Plus entfernt Staub und Schmutz besonders gr\u00fcndlich von einer Vielzahl von Oberfl\u00e4chen. In Kombination mit der innovativen HyperStream Detangling DuoBrush absorbiert es das Haar effizient und ohne es zu verwirren.<br \/>Gr\u00fcndliche Reinigung in Ecken und Kanten: Die ausziehbare Seitenb\u00fcrste erreicht enge Ecken und Fugen und sorgt f\u00fcr eine gr\u00fcndliche Reinigung rechtwinkliger Kanten. Der verbesserte Infrarotsensor optimiert die Kantenerkennung \u2013 der Saugroboter h\u00e4lt immer einen Abstand von \u22642 mm zu den W\u00e4nden ein, sodass kein Bereich ausgelassen wird.<br \/>Staubsaugen und Wischen in einem Rutsch: Die Feuchtigkeits- und Saugst\u00e4rke des 2-in-1 Saug- und Wischroboters D20 Pro Plus l\u00e4sst sich ganz einfach anpassen. Der gro\u00dfe 500-ml-Staubbeh\u00e4lter h\u00e4lt Schmutz sicher. Beim Wischen mit dem 350-ml-Frischwasserbeh\u00e4lter kann der Nutzer zwischen 32 Feuchtigkeitseinstellungen w\u00e4hlen, um die Reinigungsroutine individuell anzupassen und zu optimieren.<br \/>Intelligente Kartierung und Hindernisvermeidung Eine neue Dimension Ihrer Reinigungsroutine mit Smart Pathfinder-Technologie und pr\u00e4ziser Hindernisvermeidung. Dieses System erstellt intuitiv bearbeitbare Karten f\u00fcr eine umfassende Abdeckung und navigiert pr\u00e4zise um Hindernisse herum.<br \/>Bequeme Steuerung per App und Sprachbefehl: Dank Sprach- und App-Steuerung m\u00fcssen Sie beim D20 Pro Plus keine manuellen Einstellungen mehr vornehmen. Zus\u00e4tzlich zu den App-Anweisungen k\u00f6nnen Sie sich auch mit Alexa, Apple Siri und Google Home verbinden, um Reinigungseinstellungen anzupassen oder Befehle zu erteilen.<\/p>\n<p>[ad_2]<\/p>\n","protected":false},"excerpt":{"rendered":"<p>Von der Marke Dreame Technology ist ein innovatives Unternehmen mit der Vision, die Lebensqualit\u00e4t von Menschen auf der ganzen Welt zu verbessern. Das Unternehmen konzentriert sich auf die Entwicklung hochwertiger Haushaltsreinigungsl\u00f6sungen. Dreame Roboterstaubsauger, Nass- und Trockensauger, Stabstaubsauger und andere Haushaltsger\u00e4te helfen Ihnen dabei, die H\u00e4nde frei zu haben und sich von der Last des Haushalts [&hellip;]<\/p>\n","protected":false},"featured_media":2133,"comment_status":"open","ping_status":"closed","template":"","meta":{"_aipt_faq_data":""},"store":[],"product_brand":[351],"product_cat":[72],"product_tag":[393],"class_list":{"0":"post-2132","1":"product","2":"type-product","3":"status-publish","4":"has-post-thumbnail","6":"product_brand-dreame","7":"product_cat-saugroboter","8":"product_tag-saugroboter-fuer-tierhaare","10":"first","11":"instock","12":"sale","13":"shipping-taxable","14":"product-type-external"},"yoast_head":"<!-- This site is optimized with the Yoast SEO plugin v27.0 - https:\/\/yoast.com\/product\/yoast-seo-wordpress\/ -->\n<title>dreame D20 Pro Plus Roboterstaubsauger, 13.000 Pa Saugkraft, DuoBrush f\u00fcr Tierhaare, Eckenreinigung, Selbstentfernung, Hindernis mit LDS-Navigation und Laser, Staubsauger und Wischt\u00fccher, Hartb\u00f6den und Teppiche - EasyLifeBro<\/title>\n<meta name=\"description\" content=\"Entdecken Sie smarte Roboter f\u00fcr Zuhause, Garten, Bildung und Sicherheit. Vergleichen Sie Saugroboter, Rasenm\u00e4hroboter, KI-Begleitroboter und mehr bei EasyLifeRobo.\" \/>\n<meta name=\"robots\" content=\"index, follow, max-snippet:-1, max-image-preview:large, max-video-preview:-1\" \/>\n<link rel=\"canonical\" href=\"https:\/\/easyliferobo.com\/de\/product\/dreame-d20-pro-plus-roboterstaubsauger-13-000-pa-saugkraft-duobrush-fuer-tierhaare-eckenreinigung-selbstentfernung-hindernis-mit-lds-navigation-und-laser-staubsauger-und-wischtuecher-hartboeden\/\" \/>\n<meta property=\"og:locale\" content=\"de_DE\" \/>\n<meta property=\"og:type\" content=\"article\" \/>\n<meta property=\"og:title\" content=\"dreame D20 Pro Plus Roboterstaubsauger, 13.000 Pa Saugkraft, DuoBrush f\u00fcr Tierhaare, Eckenreinigung, Selbstentfernung, Hindernis mit LDS-Navigation und Laser, Staubsauger und Wischt\u00fccher, Hartb\u00f6den und Teppiche - EasyLifeBro\" \/>\n<meta property=\"og:description\" content=\"Entdecken Sie smarte Roboter f\u00fcr Zuhause, Garten, Bildung und Sicherheit. Vergleichen Sie Saugroboter, Rasenm\u00e4hroboter, KI-Begleitroboter und mehr bei EasyLifeRobo.\" \/>\n<meta property=\"og:url\" content=\"https:\/\/easyliferobo.com\/de\/product\/dreame-d20-pro-plus-roboterstaubsauger-13-000-pa-saugkraft-duobrush-fuer-tierhaare-eckenreinigung-selbstentfernung-hindernis-mit-lds-navigation-und-laser-staubsauger-und-wischtuecher-hartboeden\/\" \/>\n<meta property=\"og:site_name\" content=\"EasyLifeBro\" \/>\n<meta property=\"article:modified_time\" content=\"2026-02-27T02:33:04+00:00\" \/>\n<meta property=\"og:image\" content=\"https:\/\/images-na.ssl-images-amazon.com\/images\/G\/01\/x-locale\/common\/grey-pixel.gif\" \/>\n<meta name=\"twitter:card\" content=\"summary_large_image\" \/>\n<meta name=\"twitter:label1\" content=\"Gesch\u00e4tzte Lesezeit\" \/>\n\t<meta name=\"twitter:data1\" content=\"2\u00a0Minuten\" \/>\n<script type=\"application\/ld+json\" class=\"yoast-schema-graph\">{\"@context\":\"https:\/\/schema.org\",\"@graph\":[{\"@type\":\"WebPage\",\"@id\":\"https:\/\/easyliferobo.com\/de\/product\/dreame-d20-pro-plus-roboterstaubsauger-13-000-pa-saugkraft-duobrush-fuer-tierhaare-eckenreinigung-selbstentfernung-hindernis-mit-lds-navigation-und-laser-staubsauger-und-wischtuecher-hartboeden\/\",\"url\":\"https:\/\/easyliferobo.com\/de\/product\/dreame-d20-pro-plus-roboterstaubsauger-13-000-pa-saugkraft-duobrush-fuer-tierhaare-eckenreinigung-selbstentfernung-hindernis-mit-lds-navigation-und-laser-staubsauger-und-wischtuecher-hartboeden\/\",\"name\":\"dreame D20 Pro Plus Roboterstaubsauger, 13.000 Pa Saugkraft, DuoBrush f\u00fcr Tierhaare, Eckenreinigung, Selbstentfernung, Hindernis mit LDS-Navigation und Laser, Staubsauger und Wischt\u00fccher, Hartb\u00f6den und Teppiche - EasyLifeBro\",\"isPartOf\":{\"@id\":\"https:\/\/easyliferobo.com\/de\/#website\"},\"primaryImageOfPage\":{\"@id\":\"https:\/\/easyliferobo.com\/de\/product\/dreame-d20-pro-plus-roboterstaubsauger-13-000-pa-saugkraft-duobrush-fuer-tierhaare-eckenreinigung-selbstentfernung-hindernis-mit-lds-navigation-und-laser-staubsauger-und-wischtuecher-hartboeden\/#primaryimage\"},\"image\":{\"@id\":\"https:\/\/easyliferobo.com\/de\/product\/dreame-d20-pro-plus-roboterstaubsauger-13-000-pa-saugkraft-duobrush-fuer-tierhaare-eckenreinigung-selbstentfernung-hindernis-mit-lds-navigation-und-laser-staubsauger-und-wischtuecher-hartboeden\/#primaryimage\"},\"thumbnailUrl\":\"https:\/\/easyliferobo.com\/de\/wp-content\/uploads\/2026\/02\/61VZb9Z5A0L._AC_SL1500_.jpg\",\"datePublished\":\"2026-02-27T02:32:41+00:00\",\"dateModified\":\"2026-02-27T02:33:04+00:00\",\"description\":\"Entdecken Sie smarte Roboter f\u00fcr Zuhause, Garten, Bildung und Sicherheit. Vergleichen Sie Saugroboter, Rasenm\u00e4hroboter, KI-Begleitroboter und mehr bei EasyLifeRobo.\",\"breadcrumb\":{\"@id\":\"https:\/\/easyliferobo.com\/de\/product\/dreame-d20-pro-plus-roboterstaubsauger-13-000-pa-saugkraft-duobrush-fuer-tierhaare-eckenreinigung-selbstentfernung-hindernis-mit-lds-navigation-und-laser-staubsauger-und-wischtuecher-hartboeden\/#breadcrumb\"},\"inLanguage\":\"de\",\"potentialAction\":[{\"@type\":\"ReadAction\",\"target\":[\"https:\/\/easyliferobo.com\/de\/product\/dreame-d20-pro-plus-roboterstaubsauger-13-000-pa-saugkraft-duobrush-fuer-tierhaare-eckenreinigung-selbstentfernung-hindernis-mit-lds-navigation-und-laser-staubsauger-und-wischtuecher-hartboeden\/\"]}]},{\"@type\":\"ImageObject\",\"inLanguage\":\"de\",\"@id\":\"https:\/\/easyliferobo.com\/de\/product\/dreame-d20-pro-plus-roboterstaubsauger-13-000-pa-saugkraft-duobrush-fuer-tierhaare-eckenreinigung-selbstentfernung-hindernis-mit-lds-navigation-und-laser-staubsauger-und-wischtuecher-hartboeden\/#primaryimage\",\"url\":\"https:\/\/easyliferobo.com\/de\/wp-content\/uploads\/2026\/02\/61VZb9Z5A0L._AC_SL1500_.jpg\",\"contentUrl\":\"https:\/\/easyliferobo.com\/de\/wp-content\/uploads\/2026\/02\/61VZb9Z5A0L._AC_SL1500_.jpg\",\"width\":1269,\"height\":1438},{\"@type\":\"BreadcrumbList\",\"@id\":\"https:\/\/easyliferobo.com\/de\/product\/dreame-d20-pro-plus-roboterstaubsauger-13-000-pa-saugkraft-duobrush-fuer-tierhaare-eckenreinigung-selbstentfernung-hindernis-mit-lds-navigation-und-laser-staubsauger-und-wischtuecher-hartboeden\/#breadcrumb\",\"itemListElement\":[{\"@type\":\"ListItem\",\"position\":1,\"name\":\"Home\",\"item\":\"https:\/\/easyliferobo.com\/de\/\"},{\"@type\":\"ListItem\",\"position\":2,\"name\":\"Shop\",\"item\":\"https:\/\/easyliferobo.com\/de\/shop\/\"},{\"@type\":\"ListItem\",\"position\":3,\"name\":\"dreame D20 Pro Plus Roboterstaubsau...\"}]},{\"@type\":\"WebSite\",\"@id\":\"https:\/\/easyliferobo.com\/de\/#website\",\"url\":\"https:\/\/easyliferobo.com\/de\/\",\"name\":\"EasyLifeBro\",\"description\":\"Smarte Roboter f\u00fcr Zuhause, Garten &amp; Bildung\",\"publisher\":{\"@id\":\"https:\/\/easyliferobo.com\/de\/#organization\"},\"potentialAction\":[{\"@type\":\"SearchAction\",\"target\":{\"@type\":\"EntryPoint\",\"urlTemplate\":\"https:\/\/easyliferobo.com\/de\/?s={search_term_string}\"},\"query-input\":{\"@type\":\"PropertyValueSpecification\",\"valueRequired\":true,\"valueName\":\"search_term_string\"}}],\"inLanguage\":\"de\"},{\"@type\":\"Organization\",\"@id\":\"https:\/\/easyliferobo.com\/de\/#organization\",\"name\":\"EasyLifeBro\",\"url\":\"https:\/\/easyliferobo.com\/de\/\",\"logo\":{\"@type\":\"ImageObject\",\"inLanguage\":\"de\",\"@id\":\"https:\/\/easyliferobo.com\/de\/#\/schema\/logo\/image\/\",\"url\":\"https:\/\/easyliferobo.com\/de\/wp-content\/uploads\/2026\/02\/Screenshot-2026-02-22-at-2.25.03-PM.png\",\"contentUrl\":\"https:\/\/easyliferobo.com\/de\/wp-content\/uploads\/2026\/02\/Screenshot-2026-02-22-at-2.25.03-PM.png\",\"width\":1858,\"height\":430,\"caption\":\"EasyLifeBro\"},\"image\":{\"@id\":\"https:\/\/easyliferobo.com\/de\/#\/schema\/logo\/image\/\"}}]}<\/script>\n<!-- \/ Yoast SEO plugin. -->","yoast_head_json":{"title":"dreame D20 Pro Plus Roboterstaubsauger, 13.000 Pa Saugkraft, DuoBrush f\u00fcr Tierhaare, Eckenreinigung, Selbstentfernung, Hindernis mit LDS-Navigation und Laser, Staubsauger und Wischt\u00fccher, Hartb\u00f6den und Teppiche - EasyLifeBro","description":"Entdecken Sie smarte Roboter f\u00fcr Zuhause, Garten, Bildung und Sicherheit. Vergleichen Sie Saugroboter, Rasenm\u00e4hroboter, KI-Begleitroboter und mehr bei EasyLifeRobo.","robots":{"index":"index","follow":"follow","max-snippet":"max-snippet:-1","max-image-preview":"max-image-preview:large","max-video-preview":"max-video-preview:-1"},"canonical":"https:\/\/easyliferobo.com\/de\/product\/dreame-d20-pro-plus-roboterstaubsauger-13-000-pa-saugkraft-duobrush-fuer-tierhaare-eckenreinigung-selbstentfernung-hindernis-mit-lds-navigation-und-laser-staubsauger-und-wischtuecher-hartboeden\/","og_locale":"de_DE","og_type":"article","og_title":"dreame D20 Pro Plus Roboterstaubsauger, 13.000 Pa Saugkraft, DuoBrush f\u00fcr Tierhaare, Eckenreinigung, Selbstentfernung, Hindernis mit LDS-Navigation und Laser, Staubsauger und Wischt\u00fccher, Hartb\u00f6den und Teppiche - EasyLifeBro","og_description":"Entdecken Sie smarte Roboter f\u00fcr Zuhause, Garten, Bildung und Sicherheit. Vergleichen Sie Saugroboter, Rasenm\u00e4hroboter, KI-Begleitroboter und mehr bei EasyLifeRobo.","og_url":"https:\/\/easyliferobo.com\/de\/product\/dreame-d20-pro-plus-roboterstaubsauger-13-000-pa-saugkraft-duobrush-fuer-tierhaare-eckenreinigung-selbstentfernung-hindernis-mit-lds-navigation-und-laser-staubsauger-und-wischtuecher-hartboeden\/","og_site_name":"EasyLifeBro","article_modified_time":"2026-02-27T02:33:04+00:00","og_image":[{"url":"https:\/\/images-na.ssl-images-amazon.com\/images\/G\/01\/x-locale\/common\/grey-pixel.gif","type":"","width":"","height":""}],"twitter_card":"summary_large_image","twitter_misc":{"Gesch\u00e4tzte Lesezeit":"2\u00a0Minuten"},"schema":{"@context":"https:\/\/schema.org","@graph":[{"@type":"WebPage","@id":"https:\/\/easyliferobo.com\/de\/product\/dreame-d20-pro-plus-roboterstaubsauger-13-000-pa-saugkraft-duobrush-fuer-tierhaare-eckenreinigung-selbstentfernung-hindernis-mit-lds-navigation-und-laser-staubsauger-und-wischtuecher-hartboeden\/","url":"https:\/\/easyliferobo.com\/de\/product\/dreame-d20-pro-plus-roboterstaubsauger-13-000-pa-saugkraft-duobrush-fuer-tierhaare-eckenreinigung-selbstentfernung-hindernis-mit-lds-navigation-und-laser-staubsauger-und-wischtuecher-hartboeden\/","name":"dreame D20 Pro Plus Roboterstaubsauger, 13.000 Pa Saugkraft, DuoBrush f\u00fcr Tierhaare, Eckenreinigung, Selbstentfernung, Hindernis mit LDS-Navigation und Laser, Staubsauger und Wischt\u00fccher, Hartb\u00f6den und Teppiche - EasyLifeBro","isPartOf":{"@id":"https:\/\/easyliferobo.com\/de\/#website"},"primaryImageOfPage":{"@id":"https:\/\/easyliferobo.com\/de\/product\/dreame-d20-pro-plus-roboterstaubsauger-13-000-pa-saugkraft-duobrush-fuer-tierhaare-eckenreinigung-selbstentfernung-hindernis-mit-lds-navigation-und-laser-staubsauger-und-wischtuecher-hartboeden\/#primaryimage"},"image":{"@id":"https:\/\/easyliferobo.com\/de\/product\/dreame-d20-pro-plus-roboterstaubsauger-13-000-pa-saugkraft-duobrush-fuer-tierhaare-eckenreinigung-selbstentfernung-hindernis-mit-lds-navigation-und-laser-staubsauger-und-wischtuecher-hartboeden\/#primaryimage"},"thumbnailUrl":"https:\/\/easyliferobo.com\/de\/wp-content\/uploads\/2026\/02\/61VZb9Z5A0L._AC_SL1500_.jpg","datePublished":"2026-02-27T02:32:41+00:00","dateModified":"2026-02-27T02:33:04+00:00","description":"Entdecken Sie smarte Roboter f\u00fcr Zuhause, Garten, Bildung und Sicherheit. Vergleichen Sie Saugroboter, Rasenm\u00e4hroboter, KI-Begleitroboter und mehr bei EasyLifeRobo.","breadcrumb":{"@id":"https:\/\/easyliferobo.com\/de\/product\/dreame-d20-pro-plus-roboterstaubsauger-13-000-pa-saugkraft-duobrush-fuer-tierhaare-eckenreinigung-selbstentfernung-hindernis-mit-lds-navigation-und-laser-staubsauger-und-wischtuecher-hartboeden\/#breadcrumb"},"inLanguage":"de","potentialAction":[{"@type":"ReadAction","target":["https:\/\/easyliferobo.com\/de\/product\/dreame-d20-pro-plus-roboterstaubsauger-13-000-pa-saugkraft-duobrush-fuer-tierhaare-eckenreinigung-selbstentfernung-hindernis-mit-lds-navigation-und-laser-staubsauger-und-wischtuecher-hartboeden\/"]}]},{"@type":"ImageObject","inLanguage":"de","@id":"https:\/\/easyliferobo.com\/de\/product\/dreame-d20-pro-plus-roboterstaubsauger-13-000-pa-saugkraft-duobrush-fuer-tierhaare-eckenreinigung-selbstentfernung-hindernis-mit-lds-navigation-und-laser-staubsauger-und-wischtuecher-hartboeden\/#primaryimage","url":"https:\/\/easyliferobo.com\/de\/wp-content\/uploads\/2026\/02\/61VZb9Z5A0L._AC_SL1500_.jpg","contentUrl":"https:\/\/easyliferobo.com\/de\/wp-content\/uploads\/2026\/02\/61VZb9Z5A0L._AC_SL1500_.jpg","width":1269,"height":1438},{"@type":"BreadcrumbList","@id":"https:\/\/easyliferobo.com\/de\/product\/dreame-d20-pro-plus-roboterstaubsauger-13-000-pa-saugkraft-duobrush-fuer-tierhaare-eckenreinigung-selbstentfernung-hindernis-mit-lds-navigation-und-laser-staubsauger-und-wischtuecher-hartboeden\/#breadcrumb","itemListElement":[{"@type":"ListItem","position":1,"name":"Home","item":"https:\/\/easyliferobo.com\/de\/"},{"@type":"ListItem","position":2,"name":"Shop","item":"https:\/\/easyliferobo.com\/de\/shop\/"},{"@type":"ListItem","position":3,"name":"dreame D20 Pro Plus Roboterstaubsau..."}]},{"@type":"WebSite","@id":"https:\/\/easyliferobo.com\/de\/#website","url":"https:\/\/easyliferobo.com\/de\/","name":"EasyLifeBro","description":"Smarte Roboter f\u00fcr Zuhause, Garten &amp; Bildung","publisher":{"@id":"https:\/\/easyliferobo.com\/de\/#organization"},"potentialAction":[{"@type":"SearchAction","target":{"@type":"EntryPoint","urlTemplate":"https:\/\/easyliferobo.com\/de\/?s={search_term_string}"},"query-input":{"@type":"PropertyValueSpecification","valueRequired":true,"valueName":"search_term_string"}}],"inLanguage":"de"},{"@type":"Organization","@id":"https:\/\/easyliferobo.com\/de\/#organization","name":"EasyLifeBro","url":"https:\/\/easyliferobo.com\/de\/","logo":{"@type":"ImageObject","inLanguage":"de","@id":"https:\/\/easyliferobo.com\/de\/#\/schema\/logo\/image\/","url":"https:\/\/easyliferobo.com\/de\/wp-content\/uploads\/2026\/02\/Screenshot-2026-02-22-at-2.25.03-PM.png","contentUrl":"https:\/\/easyliferobo.com\/de\/wp-content\/uploads\/2026\/02\/Screenshot-2026-02-22-at-2.25.03-PM.png","width":1858,"height":430,"caption":"EasyLifeBro"},"image":{"@id":"https:\/\/easyliferobo.com\/de\/#\/schema\/logo\/image\/"}}]}},"_links":{"self":[{"href":"https:\/\/easyliferobo.com\/de\/wp-json\/wp\/v2\/product\/2132","targetHints":{"allow":["GET"]}}],"collection":[{"href":"https:\/\/easyliferobo.com\/de\/wp-json\/wp\/v2\/product"}],"about":[{"href":"https:\/\/easyliferobo.com\/de\/wp-json\/wp\/v2\/types\/product"}],"replies":[{"embeddable":true,"href":"https:\/\/easyliferobo.com\/de\/wp-json\/wp\/v2\/comments?post=2132"}],"wp:featuredmedia":[{"embeddable":true,"href":"https:\/\/easyliferobo.com\/de\/wp-json\/wp\/v2\/media\/2133"}],"wp:attachment":[{"href":"https:\/\/easyliferobo.com\/de\/wp-json\/wp\/v2\/media?parent=2132"}],"wp:term":[{"taxonomy":"store","embeddable":true,"href":"https:\/\/easyliferobo.com\/de\/wp-json\/wp\/v2\/store?post=2132"},{"taxonomy":"product_brand","embeddable":true,"href":"https:\/\/easyliferobo.com\/de\/wp-json\/wp\/v2\/product_brand?post=2132"},{"taxonomy":"product_cat","embeddable":true,"href":"https:\/\/easyliferobo.com\/de\/wp-json\/wp\/v2\/product_cat?post=2132"},{"taxonomy":"product_tag","embeddable":true,"href":"https:\/\/easyliferobo.com\/de\/wp-json\/wp\/v2\/product_tag?post=2132"}],"curies":[{"name":"wp","href":"https:\/\/api.w.org\/{rel}","templated":true}]}}