
{"id":2122,"date":"2026-02-27T02:30:42","date_gmt":"2026-02-27T02:30:42","guid":{"rendered":"https:\/\/easyliferobo.com\/de\/product\/roborock-q7-m5-saugroboter-mit-wischfunktion-10-000-pa-starke-saugkraft-duales-anti-tangle-system-150-min-laufzeit-lidar-navigation-staubsaugerroboter-fuer-teppich-tierhaare-2\/"},"modified":"2026-02-27T02:31:00","modified_gmt":"2026-02-27T02:31:00","slug":"roborock-q7-m5-saugroboter-mit-wischfunktion-10-000-pa-starke-saugkraft-duales-anti-tangle-system-150-min-laufzeit-lidar-navigation-staubsaugerroboter-fuer-teppich-tierhaare-2","status":"publish","type":"product","link":"https:\/\/easyliferobo.com\/de\/product\/roborock-q7-m5-saugroboter-mit-wischfunktion-10-000-pa-starke-saugkraft-duales-anti-tangle-system-150-min-laufzeit-lidar-navigation-staubsaugerroboter-fuer-teppich-tierhaare-2\/","title":{"rendered":"roborock Q7 M5 Saugroboter mit Wisc..."},"content":{"rendered":"<p>\n                                             Von der Marke   <\/p>\n<p>                                              <img decoding=\"async\" alt=\"\" src=\"https:\/\/images-na.ssl-images-amazon.com\/images\/G\/01\/x-locale\/common\/grey-pixel.gif\" class=\"a-lazy-loaded\" data-src=\"https:\/\/m.media-amazon.com\/images\/S\/aplus-media-library-service-media\/eef8d969-7c20-4610-bff6-6a91bc683c3e.__CR0,0,1464,625_PT0_SX1464_V1___.jpg\"><img decoding=\"async\" alt=\"\" src=\"https:\/\/m.media-amazon.com\/images\/S\/aplus-media-library-service-media\/eef8d969-7c20-4610-bff6-6a91bc683c3e.__CR0,0,1464,625_PT0_SX1464_V1___.jpg\">  <\/p>\n<p>                                              <img decoding=\"async\" alt=\"\" src=\"https:\/\/images-na.ssl-images-amazon.com\/images\/G\/01\/x-locale\/common\/grey-pixel.gif\" class=\"a-lazy-loaded\" data-src=\"https:\/\/m.media-amazon.com\/images\/S\/aplus-media-library-service-media\/89823498-7fb0-4262-a2a6-7c3b9690c63d.__CR0,0,315,145_PT0_SX315_V1___.jpg\"><img decoding=\"async\" alt=\"\" src=\"https:\/\/m.media-amazon.com\/images\/S\/aplus-media-library-service-media\/89823498-7fb0-4262-a2a6-7c3b9690c63d.__CR0,0,315,145_PT0_SX315_V1___.jpg\">  <\/p>\n<p>  Roborock ist auf die Forschung, Entwicklung und Produktion von Smart-Home-Robotern spezialisiert <\/p>\n<p>  Die Produkte von Roborock arbeiten so effizient, dass Menschen mehr Zeit f\u00fcr Dinge haben, die ihnen wichtig sind, und weniger Zeit mit Hausarbeit verbringen m\u00fcssen. Mit seinen intelligenten Robotern und Akkustaubsaugern bietet das Unternehmen vielf\u00e4ltige Produkte an und m\u00f6chte zu einem komfortableren und entspannteren Lebensstil der Menschen beitragen <\/p>\n<p>                                              <img decoding=\"async\" alt=\"Eine Grafik, die die Anzahl der Menschen auf der Welt zeigt.\" src=\"https:\/\/images-na.ssl-images-amazon.com\/images\/G\/01\/x-locale\/common\/grey-pixel.gif\" class=\"a-lazy-loaded\" data-src=\"https:\/\/m.media-amazon.com\/images\/S\/aplus-media-library-service-media\/e547801e-ddec-445d-8c47-4428d140d106.__CR0,0,362,453_PT0_SX362_V1___.jpg\"><img decoding=\"async\" alt=\"Eine Grafik, die die Anzahl der Menschen auf der Welt zeigt.\" src=\"https:\/\/m.media-amazon.com\/images\/S\/aplus-media-library-service-media\/e547801e-ddec-445d-8c47-4428d140d106.__CR0,0,362,453_PT0_SX362_V1___.jpg\">  <\/p>\n<p>                                              <img decoding=\"async\" alt=\"Roborock-Roboterstaubsauger\" src=\"https:\/\/images-na.ssl-images-amazon.com\/images\/G\/01\/x-locale\/common\/grey-pixel.gif\" class=\"a-lazy-loaded\" data-src=\"https:\/\/m.media-amazon.com\/images\/S\/aplus-media-library-service-media\/a6772a21-24e2-4f2c-a405-2f606f0d0f23.__CR0,0,362,453_PT0_SX362_V1___.jpg\"><img decoding=\"async\" alt=\"Roborock-Roboterstaubsauger\" src=\"https:\/\/m.media-amazon.com\/images\/S\/aplus-media-library-service-media\/a6772a21-24e2-4f2c-a405-2f606f0d0f23.__CR0,0,362,453_PT0_SX362_V1___.jpg\">  <\/p>\n<h3>  Roborock-Roboterstaubsauger <\/h3>\n<h3>  Roborock-Roboterstaubsauger <\/h3>\n<h3>  Roborock Nass- und Trockensauger <\/h3>\n<p>10.000 Pa HyperForce-Saugkraft \u2013 Entfernt m\u00fchelos Staub, Schmutz, Tierhaare und Ablagerungen von Teppichen, Fliesen und Hartb\u00f6den und bew\u00e4ltigt tief eingebettete Partikel mit extremer Saugkraft.<br \/>Duales Anti-Tangle-System. Ausgestattet mit einer JawScrapers-Kamm-Hauptb\u00fcrste und einer verhedderungsfreien Seitenb\u00fcrste, reduziert es Haarverfilzungen und sorgt f\u00fcr ein saubereres und tierfreundlicheres Zuhause.<br \/>APP-gesteuerte Wischfunktion Der elektronisch gesteuerte Wassertank bietet drei einstellbare Wasserdurchflussstufen, um die Wischintensit\u00e4t an den Bodenbelag anzupassen: niedrig f\u00fcr Holz, mittel f\u00fcr Fliesen und hoch f\u00fcr hartn\u00e4ckige K\u00fcchenflecken.<br \/>2-in-1-Saugen und Wischen: Der abnehmbare Moppaufsatz erm\u00f6glicht gleichzeitiges Staubsaugen und Wischen, f\u00e4ngt feinen Schmutz auf, der durch Staubsaugen allein m\u00f6glicherweise nicht entfernt werden kann, und eignet sich ideal f\u00fcr die t\u00e4gliche Wartung sowie f\u00fcr eine gr\u00fcndliche Reinigung.<br \/>PreciSense LiDAR-Navigation: Scannt schnell und erstellt in Sekundenschnelle pr\u00e4zise Karten, um die optimale Reinigungsroute f\u00fcr Ihr Zuhause zu finden. Sie k\u00f6nnen Ihr Zuhause visualisieren und in der App M\u00f6bel, Haustierbedarf und Bodenbel\u00e4ge hinzuf\u00fcgen.<br \/>Verl\u00e4ngerte Reinigungszeit: Der kombinierte 400-ml-Staubbeh\u00e4lter und der 270-ml-Wassertank decken effizient gro\u00dfe Fl\u00e4chen ab und erm\u00f6glichen bis zu 150 Minuten ununterbrochenes Wischen auf 210 m\u00b2 (nur Wischen) mit einer einzigen Ladung.<br \/>Smarte App: \u00dcber die Roborock-App k\u00f6nnen Sie ganz einfach Zeitpl\u00e4ne festlegen, die Saugleistung anpassen, No-Go-Zonen und Wischstufen festlegen und so das Leben im Smart Home wirklich zug\u00e4nglich machen.<br \/>Hinweis: F\u00fcr die App-Verbindung ist 2,4-GHz-WLAN erforderlich.<\/p>\n<p>[ad_2]<\/p>\n","protected":false},"excerpt":{"rendered":"<p>Von der Marke Roborock ist auf die Forschung, Entwicklung und Produktion von Smart-Home-Robotern spezialisiert Die Produkte von Roborock arbeiten so effizient, dass Menschen mehr Zeit f\u00fcr Dinge haben, die ihnen wichtig sind, und weniger Zeit mit Hausarbeit verbringen m\u00fcssen. Mit seinen intelligenten Robotern und Akkustaubsaugern bietet das Unternehmen vielf\u00e4ltige Produkte an und m\u00f6chte zu einem [&hellip;]<\/p>\n","protected":false},"featured_media":2123,"comment_status":"open","ping_status":"closed","template":"","meta":{"_aipt_faq_data":""},"store":[],"product_brand":[40],"product_cat":[73],"product_tag":[392],"class_list":{"0":"post-2122","1":"product","2":"type-product","3":"status-publish","4":"has-post-thumbnail","6":"product_brand-roborock","7":"product_cat-wischroboter","8":"product_tag-wischroboter-fuer-hartboeden","10":"first","11":"instock","12":"sale","13":"shipping-taxable","14":"product-type-external"},"yoast_head":"<!-- This site is optimized with the Yoast SEO plugin v27.0 - https:\/\/yoast.com\/product\/yoast-seo-wordpress\/ -->\n<title>roborock Q7 M5 Saugroboter mit Wischfunktion, 10.000 Pa starke Saugkraft, Duales Anti-Tangle-System, 150 min Laufzeit, LiDAR-Navigation, Staubsaugerroboter f\u00fcr Teppich, Tierhaare - EasyLifeBro<\/title>\n<meta name=\"description\" content=\"Entdecken Sie smarte Roboter f\u00fcr Zuhause, Garten, Bildung und Sicherheit. Vergleichen Sie Saugroboter, Rasenm\u00e4hroboter, KI-Begleitroboter und mehr bei EasyLifeRobo.\" \/>\n<meta name=\"robots\" content=\"index, follow, max-snippet:-1, max-image-preview:large, max-video-preview:-1\" \/>\n<link rel=\"canonical\" href=\"https:\/\/easyliferobo.com\/de\/product\/roborock-q7-m5-saugroboter-mit-wischfunktion-10-000-pa-starke-saugkraft-duales-anti-tangle-system-150-min-laufzeit-lidar-navigation-staubsaugerroboter-fuer-teppich-tierhaare-2\/\" \/>\n<meta property=\"og:locale\" content=\"de_DE\" \/>\n<meta property=\"og:type\" content=\"article\" \/>\n<meta property=\"og:title\" content=\"roborock Q7 M5 Saugroboter mit Wischfunktion, 10.000 Pa starke Saugkraft, Duales Anti-Tangle-System, 150 min Laufzeit, LiDAR-Navigation, Staubsaugerroboter f\u00fcr Teppich, Tierhaare - EasyLifeBro\" \/>\n<meta property=\"og:description\" content=\"Entdecken Sie smarte Roboter f\u00fcr Zuhause, Garten, Bildung und Sicherheit. Vergleichen Sie Saugroboter, Rasenm\u00e4hroboter, KI-Begleitroboter und mehr bei EasyLifeRobo.\" \/>\n<meta property=\"og:url\" content=\"https:\/\/easyliferobo.com\/de\/product\/roborock-q7-m5-saugroboter-mit-wischfunktion-10-000-pa-starke-saugkraft-duales-anti-tangle-system-150-min-laufzeit-lidar-navigation-staubsaugerroboter-fuer-teppich-tierhaare-2\/\" \/>\n<meta property=\"og:site_name\" content=\"EasyLifeBro\" \/>\n<meta property=\"article:modified_time\" content=\"2026-02-27T02:31:00+00:00\" \/>\n<meta property=\"og:image\" content=\"https:\/\/images-na.ssl-images-amazon.com\/images\/G\/01\/x-locale\/common\/grey-pixel.gif\" \/>\n<meta name=\"twitter:card\" content=\"summary_large_image\" \/>\n<meta name=\"twitter:label1\" content=\"Gesch\u00e4tzte Lesezeit\" \/>\n\t<meta name=\"twitter:data1\" content=\"2\u00a0Minuten\" \/>\n<script type=\"application\/ld+json\" class=\"yoast-schema-graph\">{\"@context\":\"https:\/\/schema.org\",\"@graph\":[{\"@type\":\"WebPage\",\"@id\":\"https:\/\/easyliferobo.com\/de\/product\/roborock-q7-m5-saugroboter-mit-wischfunktion-10-000-pa-starke-saugkraft-duales-anti-tangle-system-150-min-laufzeit-lidar-navigation-staubsaugerroboter-fuer-teppich-tierhaare-2\/\",\"url\":\"https:\/\/easyliferobo.com\/de\/product\/roborock-q7-m5-saugroboter-mit-wischfunktion-10-000-pa-starke-saugkraft-duales-anti-tangle-system-150-min-laufzeit-lidar-navigation-staubsaugerroboter-fuer-teppich-tierhaare-2\/\",\"name\":\"roborock Q7 M5 Saugroboter mit Wischfunktion, 10.000 Pa starke Saugkraft, Duales Anti-Tangle-System, 150 min Laufzeit, LiDAR-Navigation, Staubsaugerroboter f\u00fcr Teppich, Tierhaare - EasyLifeBro\",\"isPartOf\":{\"@id\":\"https:\/\/easyliferobo.com\/de\/#website\"},\"primaryImageOfPage\":{\"@id\":\"https:\/\/easyliferobo.com\/de\/product\/roborock-q7-m5-saugroboter-mit-wischfunktion-10-000-pa-starke-saugkraft-duales-anti-tangle-system-150-min-laufzeit-lidar-navigation-staubsaugerroboter-fuer-teppich-tierhaare-2\/#primaryimage\"},\"image\":{\"@id\":\"https:\/\/easyliferobo.com\/de\/product\/roborock-q7-m5-saugroboter-mit-wischfunktion-10-000-pa-starke-saugkraft-duales-anti-tangle-system-150-min-laufzeit-lidar-navigation-staubsaugerroboter-fuer-teppich-tierhaare-2\/#primaryimage\"},\"thumbnailUrl\":\"https:\/\/easyliferobo.com\/de\/wp-content\/uploads\/2026\/02\/51ueKj89YaL._AC_SL1500_.jpg\",\"datePublished\":\"2026-02-27T02:30:42+00:00\",\"dateModified\":\"2026-02-27T02:31:00+00:00\",\"description\":\"Entdecken Sie smarte Roboter f\u00fcr Zuhause, Garten, Bildung und Sicherheit. Vergleichen Sie Saugroboter, Rasenm\u00e4hroboter, KI-Begleitroboter und mehr bei EasyLifeRobo.\",\"breadcrumb\":{\"@id\":\"https:\/\/easyliferobo.com\/de\/product\/roborock-q7-m5-saugroboter-mit-wischfunktion-10-000-pa-starke-saugkraft-duales-anti-tangle-system-150-min-laufzeit-lidar-navigation-staubsaugerroboter-fuer-teppich-tierhaare-2\/#breadcrumb\"},\"inLanguage\":\"de\",\"potentialAction\":[{\"@type\":\"ReadAction\",\"target\":[\"https:\/\/easyliferobo.com\/de\/product\/roborock-q7-m5-saugroboter-mit-wischfunktion-10-000-pa-starke-saugkraft-duales-anti-tangle-system-150-min-laufzeit-lidar-navigation-staubsaugerroboter-fuer-teppich-tierhaare-2\/\"]}]},{\"@type\":\"ImageObject\",\"inLanguage\":\"de\",\"@id\":\"https:\/\/easyliferobo.com\/de\/product\/roborock-q7-m5-saugroboter-mit-wischfunktion-10-000-pa-starke-saugkraft-duales-anti-tangle-system-150-min-laufzeit-lidar-navigation-staubsaugerroboter-fuer-teppich-tierhaare-2\/#primaryimage\",\"url\":\"https:\/\/easyliferobo.com\/de\/wp-content\/uploads\/2026\/02\/51ueKj89YaL._AC_SL1500_.jpg\",\"contentUrl\":\"https:\/\/easyliferobo.com\/de\/wp-content\/uploads\/2026\/02\/51ueKj89YaL._AC_SL1500_.jpg\",\"width\":1137,\"height\":1139},{\"@type\":\"BreadcrumbList\",\"@id\":\"https:\/\/easyliferobo.com\/de\/product\/roborock-q7-m5-saugroboter-mit-wischfunktion-10-000-pa-starke-saugkraft-duales-anti-tangle-system-150-min-laufzeit-lidar-navigation-staubsaugerroboter-fuer-teppich-tierhaare-2\/#breadcrumb\",\"itemListElement\":[{\"@type\":\"ListItem\",\"position\":1,\"name\":\"Home\",\"item\":\"https:\/\/easyliferobo.com\/de\/\"},{\"@type\":\"ListItem\",\"position\":2,\"name\":\"Shop\",\"item\":\"https:\/\/easyliferobo.com\/de\/shop\/\"},{\"@type\":\"ListItem\",\"position\":3,\"name\":\"roborock Q7 M5 Saugroboter mit Wisc...\"}]},{\"@type\":\"WebSite\",\"@id\":\"https:\/\/easyliferobo.com\/de\/#website\",\"url\":\"https:\/\/easyliferobo.com\/de\/\",\"name\":\"EasyLifeBro\",\"description\":\"Smarte Roboter f\u00fcr Zuhause, Garten &amp; Bildung\",\"publisher\":{\"@id\":\"https:\/\/easyliferobo.com\/de\/#organization\"},\"potentialAction\":[{\"@type\":\"SearchAction\",\"target\":{\"@type\":\"EntryPoint\",\"urlTemplate\":\"https:\/\/easyliferobo.com\/de\/?s={search_term_string}\"},\"query-input\":{\"@type\":\"PropertyValueSpecification\",\"valueRequired\":true,\"valueName\":\"search_term_string\"}}],\"inLanguage\":\"de\"},{\"@type\":\"Organization\",\"@id\":\"https:\/\/easyliferobo.com\/de\/#organization\",\"name\":\"EasyLifeBro\",\"url\":\"https:\/\/easyliferobo.com\/de\/\",\"logo\":{\"@type\":\"ImageObject\",\"inLanguage\":\"de\",\"@id\":\"https:\/\/easyliferobo.com\/de\/#\/schema\/logo\/image\/\",\"url\":\"https:\/\/easyliferobo.com\/de\/wp-content\/uploads\/2026\/02\/Screenshot-2026-02-22-at-2.25.03-PM.png\",\"contentUrl\":\"https:\/\/easyliferobo.com\/de\/wp-content\/uploads\/2026\/02\/Screenshot-2026-02-22-at-2.25.03-PM.png\",\"width\":1858,\"height\":430,\"caption\":\"EasyLifeBro\"},\"image\":{\"@id\":\"https:\/\/easyliferobo.com\/de\/#\/schema\/logo\/image\/\"}}]}<\/script>\n<!-- \/ Yoast SEO plugin. -->","yoast_head_json":{"title":"roborock Q7 M5 Saugroboter mit Wischfunktion, 10.000 Pa starke Saugkraft, Duales Anti-Tangle-System, 150 min Laufzeit, LiDAR-Navigation, Staubsaugerroboter f\u00fcr Teppich, Tierhaare - EasyLifeBro","description":"Entdecken Sie smarte Roboter f\u00fcr Zuhause, Garten, Bildung und Sicherheit. Vergleichen Sie Saugroboter, Rasenm\u00e4hroboter, KI-Begleitroboter und mehr bei EasyLifeRobo.","robots":{"index":"index","follow":"follow","max-snippet":"max-snippet:-1","max-image-preview":"max-image-preview:large","max-video-preview":"max-video-preview:-1"},"canonical":"https:\/\/easyliferobo.com\/de\/product\/roborock-q7-m5-saugroboter-mit-wischfunktion-10-000-pa-starke-saugkraft-duales-anti-tangle-system-150-min-laufzeit-lidar-navigation-staubsaugerroboter-fuer-teppich-tierhaare-2\/","og_locale":"de_DE","og_type":"article","og_title":"roborock Q7 M5 Saugroboter mit Wischfunktion, 10.000 Pa starke Saugkraft, Duales Anti-Tangle-System, 150 min Laufzeit, LiDAR-Navigation, Staubsaugerroboter f\u00fcr Teppich, Tierhaare - EasyLifeBro","og_description":"Entdecken Sie smarte Roboter f\u00fcr Zuhause, Garten, Bildung und Sicherheit. Vergleichen Sie Saugroboter, Rasenm\u00e4hroboter, KI-Begleitroboter und mehr bei EasyLifeRobo.","og_url":"https:\/\/easyliferobo.com\/de\/product\/roborock-q7-m5-saugroboter-mit-wischfunktion-10-000-pa-starke-saugkraft-duales-anti-tangle-system-150-min-laufzeit-lidar-navigation-staubsaugerroboter-fuer-teppich-tierhaare-2\/","og_site_name":"EasyLifeBro","article_modified_time":"2026-02-27T02:31:00+00:00","og_image":[{"url":"https:\/\/images-na.ssl-images-amazon.com\/images\/G\/01\/x-locale\/common\/grey-pixel.gif","type":"","width":"","height":""}],"twitter_card":"summary_large_image","twitter_misc":{"Gesch\u00e4tzte Lesezeit":"2\u00a0Minuten"},"schema":{"@context":"https:\/\/schema.org","@graph":[{"@type":"WebPage","@id":"https:\/\/easyliferobo.com\/de\/product\/roborock-q7-m5-saugroboter-mit-wischfunktion-10-000-pa-starke-saugkraft-duales-anti-tangle-system-150-min-laufzeit-lidar-navigation-staubsaugerroboter-fuer-teppich-tierhaare-2\/","url":"https:\/\/easyliferobo.com\/de\/product\/roborock-q7-m5-saugroboter-mit-wischfunktion-10-000-pa-starke-saugkraft-duales-anti-tangle-system-150-min-laufzeit-lidar-navigation-staubsaugerroboter-fuer-teppich-tierhaare-2\/","name":"roborock Q7 M5 Saugroboter mit Wischfunktion, 10.000 Pa starke Saugkraft, Duales Anti-Tangle-System, 150 min Laufzeit, LiDAR-Navigation, Staubsaugerroboter f\u00fcr Teppich, Tierhaare - EasyLifeBro","isPartOf":{"@id":"https:\/\/easyliferobo.com\/de\/#website"},"primaryImageOfPage":{"@id":"https:\/\/easyliferobo.com\/de\/product\/roborock-q7-m5-saugroboter-mit-wischfunktion-10-000-pa-starke-saugkraft-duales-anti-tangle-system-150-min-laufzeit-lidar-navigation-staubsaugerroboter-fuer-teppich-tierhaare-2\/#primaryimage"},"image":{"@id":"https:\/\/easyliferobo.com\/de\/product\/roborock-q7-m5-saugroboter-mit-wischfunktion-10-000-pa-starke-saugkraft-duales-anti-tangle-system-150-min-laufzeit-lidar-navigation-staubsaugerroboter-fuer-teppich-tierhaare-2\/#primaryimage"},"thumbnailUrl":"https:\/\/easyliferobo.com\/de\/wp-content\/uploads\/2026\/02\/51ueKj89YaL._AC_SL1500_.jpg","datePublished":"2026-02-27T02:30:42+00:00","dateModified":"2026-02-27T02:31:00+00:00","description":"Entdecken Sie smarte Roboter f\u00fcr Zuhause, Garten, Bildung und Sicherheit. Vergleichen Sie Saugroboter, Rasenm\u00e4hroboter, KI-Begleitroboter und mehr bei EasyLifeRobo.","breadcrumb":{"@id":"https:\/\/easyliferobo.com\/de\/product\/roborock-q7-m5-saugroboter-mit-wischfunktion-10-000-pa-starke-saugkraft-duales-anti-tangle-system-150-min-laufzeit-lidar-navigation-staubsaugerroboter-fuer-teppich-tierhaare-2\/#breadcrumb"},"inLanguage":"de","potentialAction":[{"@type":"ReadAction","target":["https:\/\/easyliferobo.com\/de\/product\/roborock-q7-m5-saugroboter-mit-wischfunktion-10-000-pa-starke-saugkraft-duales-anti-tangle-system-150-min-laufzeit-lidar-navigation-staubsaugerroboter-fuer-teppich-tierhaare-2\/"]}]},{"@type":"ImageObject","inLanguage":"de","@id":"https:\/\/easyliferobo.com\/de\/product\/roborock-q7-m5-saugroboter-mit-wischfunktion-10-000-pa-starke-saugkraft-duales-anti-tangle-system-150-min-laufzeit-lidar-navigation-staubsaugerroboter-fuer-teppich-tierhaare-2\/#primaryimage","url":"https:\/\/easyliferobo.com\/de\/wp-content\/uploads\/2026\/02\/51ueKj89YaL._AC_SL1500_.jpg","contentUrl":"https:\/\/easyliferobo.com\/de\/wp-content\/uploads\/2026\/02\/51ueKj89YaL._AC_SL1500_.jpg","width":1137,"height":1139},{"@type":"BreadcrumbList","@id":"https:\/\/easyliferobo.com\/de\/product\/roborock-q7-m5-saugroboter-mit-wischfunktion-10-000-pa-starke-saugkraft-duales-anti-tangle-system-150-min-laufzeit-lidar-navigation-staubsaugerroboter-fuer-teppich-tierhaare-2\/#breadcrumb","itemListElement":[{"@type":"ListItem","position":1,"name":"Home","item":"https:\/\/easyliferobo.com\/de\/"},{"@type":"ListItem","position":2,"name":"Shop","item":"https:\/\/easyliferobo.com\/de\/shop\/"},{"@type":"ListItem","position":3,"name":"roborock Q7 M5 Saugroboter mit Wisc..."}]},{"@type":"WebSite","@id":"https:\/\/easyliferobo.com\/de\/#website","url":"https:\/\/easyliferobo.com\/de\/","name":"EasyLifeBro","description":"Smarte Roboter f\u00fcr Zuhause, Garten &amp; Bildung","publisher":{"@id":"https:\/\/easyliferobo.com\/de\/#organization"},"potentialAction":[{"@type":"SearchAction","target":{"@type":"EntryPoint","urlTemplate":"https:\/\/easyliferobo.com\/de\/?s={search_term_string}"},"query-input":{"@type":"PropertyValueSpecification","valueRequired":true,"valueName":"search_term_string"}}],"inLanguage":"de"},{"@type":"Organization","@id":"https:\/\/easyliferobo.com\/de\/#organization","name":"EasyLifeBro","url":"https:\/\/easyliferobo.com\/de\/","logo":{"@type":"ImageObject","inLanguage":"de","@id":"https:\/\/easyliferobo.com\/de\/#\/schema\/logo\/image\/","url":"https:\/\/easyliferobo.com\/de\/wp-content\/uploads\/2026\/02\/Screenshot-2026-02-22-at-2.25.03-PM.png","contentUrl":"https:\/\/easyliferobo.com\/de\/wp-content\/uploads\/2026\/02\/Screenshot-2026-02-22-at-2.25.03-PM.png","width":1858,"height":430,"caption":"EasyLifeBro"},"image":{"@id":"https:\/\/easyliferobo.com\/de\/#\/schema\/logo\/image\/"}}]}},"_links":{"self":[{"href":"https:\/\/easyliferobo.com\/de\/wp-json\/wp\/v2\/product\/2122","targetHints":{"allow":["GET"]}}],"collection":[{"href":"https:\/\/easyliferobo.com\/de\/wp-json\/wp\/v2\/product"}],"about":[{"href":"https:\/\/easyliferobo.com\/de\/wp-json\/wp\/v2\/types\/product"}],"replies":[{"embeddable":true,"href":"https:\/\/easyliferobo.com\/de\/wp-json\/wp\/v2\/comments?post=2122"}],"wp:featuredmedia":[{"embeddable":true,"href":"https:\/\/easyliferobo.com\/de\/wp-json\/wp\/v2\/media\/2123"}],"wp:attachment":[{"href":"https:\/\/easyliferobo.com\/de\/wp-json\/wp\/v2\/media?parent=2122"}],"wp:term":[{"taxonomy":"store","embeddable":true,"href":"https:\/\/easyliferobo.com\/de\/wp-json\/wp\/v2\/store?post=2122"},{"taxonomy":"product_brand","embeddable":true,"href":"https:\/\/easyliferobo.com\/de\/wp-json\/wp\/v2\/product_brand?post=2122"},{"taxonomy":"product_cat","embeddable":true,"href":"https:\/\/easyliferobo.com\/de\/wp-json\/wp\/v2\/product_cat?post=2122"},{"taxonomy":"product_tag","embeddable":true,"href":"https:\/\/easyliferobo.com\/de\/wp-json\/wp\/v2\/product_tag?post=2122"}],"curies":[{"name":"wp","href":"https:\/\/api.w.org\/{rel}","templated":true}]}}