
{"id":2110,"date":"2026-02-27T02:29:06","date_gmt":"2026-02-27T02:29:06","guid":{"rendered":"https:\/\/easyliferobo.com\/de\/product\/unger-ako13-glasreinigungsset-starterset\/"},"modified":"2026-02-27T02:29:30","modified_gmt":"2026-02-27T02:29:30","slug":"unger-ako13-glasreinigungsset-starterset","status":"publish","type":"product","link":"https:\/\/easyliferobo.com\/de\/product\/unger-ako13-glasreinigungsset-starterset\/","title":{"rendered":"Unger AKO13 Glasreinigungsset (Star..."},"content":{"rendered":"<p>\n                                             Vom Hersteller   <\/p>\n<p>                                                  <img decoding=\"async\" alt=\"asdf\" src=\"https:\/\/images-na.ssl-images-amazon.com\/images\/G\/01\/x-locale\/common\/grey-pixel.gif\" class=\"a-lazy-loaded\" data-src=\"https:\/\/m.media-amazon.com\/images\/S\/aplus-media-library-service-media\/df7e8926-ba35-4d21-a491-4804ebfdfeb2.__CR0,1,970,300_PT0_SX970_V1___.jpg\"><img decoding=\"async\" alt=\"asdf\" src=\"https:\/\/m.media-amazon.com\/images\/S\/aplus-media-library-service-media\/df7e8926-ba35-4d21-a491-4804ebfdfeb2.__CR0,1,970,300_PT0_SX970_V1___.jpg\">  <\/p>\n<p>                                                      <img decoding=\"async\" alt=\"ak013\" src=\"https:\/\/images-na.ssl-images-amazon.com\/images\/G\/01\/x-locale\/common\/grey-pixel.gif\" class=\"a-spacing-mini a-lazy-loaded\" data-src=\"https:\/\/m.media-amazon.com\/images\/S\/aplus-media-library-service-media\/83756dc9-7898-4fdd-b01d-711440ba8877.__CR1143,459,2972,2972_PT0_SX300_V1___.jpg\"><img decoding=\"async\" alt=\"ak013\" src=\"https:\/\/m.media-amazon.com\/images\/S\/aplus-media-library-service-media\/83756dc9-7898-4fdd-b01d-711440ba8877.__CR1143,459,2972,2972_PT0_SX300_V1___.jpg\">  <\/p>\n<h3 class=\"a-spacing-mini\">  Unger AK013 Fensterreinigungsset <\/h3>\n<p>                                           Das hochwertige Starterset f\u00fcr die Glasreinigung                                     <\/p>\n<p class=\"a-spacing-base\"> H\u00f6chste Qualit\u00e4t und perfektes Handling sind nur zwei Gr\u00fcnde, warum das UNGER ErgoTec-Sortiment so beliebt ist. Gerade bei gr\u00f6\u00dferen Glasfl\u00e4chen, die regelm\u00e4\u00dfig gereinigt werden m\u00fcssen, wollen Reinigungsprofis regelm\u00e4\u00dfig keine Kompromisse eingehen. Das dreiteilige Evergreen-Produktset pr\u00e4sentiert sich kompromisslos. <\/p>\n<p class=\"a-spacing-base\">  Perfekt f\u00fcr professionelle Glas- und Geb\u00e4udereiniger und Privatanwender mit professionellen Anspr\u00fcchen. <\/p>\n<p>                                           Technische Details:                                     <\/p>\n<p class=\"a-spacing-base\"> Tr\u00e4germaterial: 100 % Polyamid. Fasern: 100 % Polyethylen. Breite des Scheibenwischers\/-waschers 35 cm. Eimerkapazit\u00e4t: 12 Liter <\/p>\n<p>                                                         Lieferumfang: 1 x ErgoTec Hochdruckreiniger 35 cm, 1 x ErgoTec Fensterwischer mit gr\u00fcnem Gummi, 35 cm, 1 x Eimer 12 Liter       <\/p>\n<p class=\"apm-text-center\">\n                                                      <img decoding=\"async\" alt=\"Windows\" src=\"https:\/\/images-na.ssl-images-amazon.com\/images\/G\/01\/x-locale\/common\/grey-pixel.gif\" class=\"a-lazy-loaded\" data-src=\"https:\/\/m.media-amazon.com\/images\/S\/aplus-media-library-service-media\/b2a42954-a55b-4977-804c-ce35087c826a.__CR0,0,2122,2122_PT0_SX220_V1___.jpg\"><img decoding=\"async\" alt=\"Windows\" src=\"https:\/\/m.media-amazon.com\/images\/S\/aplus-media-library-service-media\/b2a42954-a55b-4977-804c-ce35087c826a.__CR0,0,2122,2122_PT0_SX220_V1___.jpg\">  <\/p>\n<p class=\"apm-text-center\">\n                                                      <img decoding=\"async\" alt=\"Fensterkl\u00fcger\" src=\"https:\/\/images-na.ssl-images-amazon.com\/images\/G\/01\/x-locale\/common\/grey-pixel.gif\" class=\"a-lazy-loaded\" data-src=\"https:\/\/m.media-amazon.com\/images\/S\/aplus-media-library-service-media\/bb5552d6-e2b9-43ff-87a0-1c1ae6a6f56c.__CR172,203,1767,1767_PT0_SX220_V1___.jpg\"><img decoding=\"async\" alt=\"Fensterkl\u00fcger\" src=\"https:\/\/m.media-amazon.com\/images\/S\/aplus-media-library-service-media\/bb5552d6-e2b9-43ff-87a0-1c1ae6a6f56c.__CR172,203,1767,1767_PT0_SX220_V1___.jpg\">  <\/p>\n<p class=\"apm-text-center\">\n                                                      <img decoding=\"async\" alt=\"Unger\" src=\"https:\/\/images-na.ssl-images-amazon.com\/images\/G\/01\/x-locale\/common\/grey-pixel.gif\" class=\"a-lazy-loaded\" data-src=\"https:\/\/m.media-amazon.com\/images\/S\/aplus-media-library-service-media\/8c078e71-f83c-4b03-84ac-a7f887c466eb.__CR283,201,923,923_PT0_SX220_V1___.jpg\"><img decoding=\"async\" alt=\"Unger\" src=\"https:\/\/m.media-amazon.com\/images\/S\/aplus-media-library-service-media\/8c078e71-f83c-4b03-84ac-a7f887c466eb.__CR283,201,923,923_PT0_SX220_V1___.jpg\">  <\/p>\n<p class=\"apm-text-center\">\n                                                      <img decoding=\"async\" alt=\"Unger\" src=\"https:\/\/images-na.ssl-images-amazon.com\/images\/G\/01\/x-locale\/common\/grey-pixel.gif\" class=\"a-lazy-loaded\" data-src=\"https:\/\/m.media-amazon.com\/images\/S\/aplus-media-library-service-media\/9cd61afb-9917-4670-b76c-43239196ade0.__CR200,115,1015,1015_PT0_SX220_V1___.jpg\"><img decoding=\"async\" alt=\"Unger\" src=\"https:\/\/m.media-amazon.com\/images\/S\/aplus-media-library-service-media\/9cd61afb-9917-4670-b76c-43239196ade0.__CR200,115,1015,1015_PT0_SX220_V1___.jpg\">  <\/p>\n<p class=\"apm-text-center\">\n                                                      <img decoding=\"async\" alt=\"Erg\" src=\"https:\/\/images-na.ssl-images-amazon.com\/images\/G\/01\/x-locale\/common\/grey-pixel.gif\" class=\"a-spacing-mini a-lazy-loaded\" data-src=\"https:\/\/m.media-amazon.com\/images\/S\/aplus-media-library-service-media\/5c392767-e614-40c7-9f9d-9ca9e7d357f4.__CR0,0,4015,4015_PT0_SX300_V1___.jpg\"><img decoding=\"async\" alt=\"Erg\" src=\"https:\/\/m.media-amazon.com\/images\/S\/aplus-media-library-service-media\/5c392767-e614-40c7-9f9d-9ca9e7d357f4.__CR0,0,4015,4015_PT0_SX300_V1___.jpg\">  <\/p>\n<p>                                                    Unger ErgoTec Fensterwischer                                       <\/p>\n<p> Ein Merkmal der ErgoTec-Reihe sind die komfortablen Griffe, die aus zwei Komponenten bestehen und f\u00fcr erm\u00fcdungsfreies Arbeiten sorgen. Auch bei k\u00e4lteren Temperaturen erm\u00f6glicht der ErgoTec streifenfrei gereinigte Fenster. Das weiche Profi-Wischgummi gleicht minimale H\u00f6henunterschiede auf unebenen Untergr\u00fcnden aus. Extra sicher: Der ErgoTec-Fensterwischer rastet sicher auf dem ErgoTec-Sicherheitskegel der UNGER-Teleskopstangen ein. Dies verhindert ein Herunterfallen und Verdrehen. Sollte das 35 cm lange Profi-Wischergummi verschlissen sein, l\u00e4sst es sich in Sekundenschnelle austauschen. Sowohl die UNGER S-Schiene als auch die S-Schiene Plus sind mit dem Profi-Fensterwischer kombinierbar. <\/p>\n<p class=\"apm-text-center\">\n                                                      <img decoding=\"async\" alt=\"mirko\" src=\"https:\/\/images-na.ssl-images-amazon.com\/images\/G\/01\/x-locale\/common\/grey-pixel.gif\" class=\"a-spacing-mini a-lazy-loaded\" data-src=\"https:\/\/m.media-amazon.com\/images\/S\/aplus-media-library-service-media\/4bfdf6ff-898a-4769-99c0-56681ba287cb.__CR0,0,3592,3592_PT0_SX300_V1___.jpg\"><img decoding=\"async\" alt=\"mirko\" src=\"https:\/\/m.media-amazon.com\/images\/S\/aplus-media-library-service-media\/4bfdf6ff-898a-4769-99c0-56681ba287cb.__CR0,0,3592,3592_PT0_SX300_V1___.jpg\">  <\/p>\n<p>                                                    Unger ErgoTec Hochdruckreiniger                                       <\/p>\n<p> Dank der integrierten Wasserkammern ist der ErgoTec-Tr\u00e4ger in der Lage, viel Wasser aufzunehmen. Dadurch zieht der Bezug schneller ein und Sie k\u00f6nnen das Fenster im Handumdrehen problemlos waschen. Dar\u00fcber hinaus rastet der Kunststofftr\u00e4ger sicher auf dem Sicherheitskonus der UNGER-Teleskopstangen ein. Dies sorgt f\u00fcr besonderen Halt und verhindert ein Verdrehen oder Herunterfallen des Tr\u00e4gers. <\/p>\n<p>  Der UNGER Power-Mikrofaserbezug entfernt jeglichen Schmutz von der Scheibe. Selbst hartn\u00e4ckiger Schmutz wird durch das integrierte Scheuerpad m\u00fchelos entfernt. Was es der Konkurrenz voraus ist: Es nimmt 20 % mehr Wasser auf und erm\u00f6glicht so eine gr\u00f6\u00dfere Reichweite beim Fensterputzen. <\/p>\n<p class=\"apm-text-center\">\n                                                      <img decoding=\"async\" alt=\"Eimer\" src=\"https:\/\/images-na.ssl-images-amazon.com\/images\/G\/01\/x-locale\/common\/grey-pixel.gif\" class=\"a-spacing-mini a-lazy-loaded\" data-src=\"https:\/\/m.media-amazon.com\/images\/S\/aplus-media-library-service-media\/a06b2456-ed62-422a-9f32-1f224bc8a4c9.__CR0,2,300,300_PT0_SX300_V1___.jpg\"><img decoding=\"async\" alt=\"Eimer\" src=\"https:\/\/m.media-amazon.com\/images\/S\/aplus-media-library-service-media\/a06b2456-ed62-422a-9f32-1f224bc8a4c9.__CR0,2,300,300_PT0_SX300_V1___.jpg\">  <\/p>\n<p>                                                    Unger Plastikeimer 12 L                                       <\/p>\n<p> Leicht im Design und mit einem Kunststoffgriff mit zus\u00e4tzlichem Kunststoffeinlass ausgestattet, geh\u00f6rt der Eimer zu den absoluten Basics der professionellen Fensterreinigung. Der Glasreinigungseimer verf\u00fcgt \u00fcber eine Ablage f\u00fcr Waschmaschine und Fensterwischer und ist somit das perfekte Werkzeug f\u00fcr die Fensterreinigung. Auch die Handhabung haben wir optimiert: Ein Sieb erleichtert das Auspressen der Waschmaschine. <\/p>\n<p>                         Zum Warenkorb hinzuf\u00fcgen Zum Warenkorb hinzuf\u00fcgen Zum Warenkorb hinzuf\u00fcgen Zum Warenkorb hinzuf\u00fcgen Kundenrezensionen 4,8 von 5 Sternen 5.556 4,8 von 5 Sternen 5.556 4,8 von 5 Sternen 361 4,6 von 5 Sternen 1.227 Preis 49,96 \u20ac 49,96 \u20ac 67,35 \u20ac 67,35 \u20ac 78,40 \u20ac 78,40 \u20ac 25,99 \u20ac25,99 \u20ac Lieferumfang: 1 x ErgoTec Hochdruckreiniger, 1 x ErgoTec Fensterwischer, 1 x Eimer 12 L, 1 x ErgoTec Hochdruckreiniger 35 cm, 1 x ErgoTec Fensterwischer 35 cm, 1 x Eimer 12 L, 1 x MicroWipe Mikrofasertuch, 1 x Ungers Liquid 1 L, 1 x ErgoTec Sicherheitsschaber ErgoTec Ninja Fensterwischer, ErgoTec Ninja Washer, ErgoTec Ninja MicroWipe, ErgoTec Ninja Bucket-On-A-Belt 1 x Unger OptiLoc Teleskopstange 1,25 m, 2 St\u00fcck              <\/p>\n<p>Dieses Set enth\u00e4lt drei ErgoTec-Produkte<br \/>Der AK013 eignet sich f\u00fcr professionelle Glas- und Geb\u00e4udereiniger, aber auch f\u00fcr Hausmeister und Personen, die beruflich auch Fenster reinigen m\u00fcssen<br \/>Kraftvolles Arbeiten dank perfekter Ergonomie und h\u00f6chster Qualit\u00e4t<br \/>Der Gummi des Fensterwischers ist austauschbar<br \/>Der Verpackung liegt eine Anleitung zur professionellen Reinigung bei<\/p>\n<p>[ad_2]<\/p>\n","protected":false},"excerpt":{"rendered":"<p>Vom Hersteller Unger AK013 Fensterreinigungsset Das hochwertige Starterset f\u00fcr die Glasreinigung H\u00f6chste Qualit\u00e4t und perfektes Handling sind nur zwei Gr\u00fcnde, warum das UNGER ErgoTec-Sortiment so beliebt ist. Gerade bei gr\u00f6\u00dferen Glasfl\u00e4chen, die regelm\u00e4\u00dfig gereinigt werden m\u00fcssen, wollen Reinigungsprofis regelm\u00e4\u00dfig keine Kompromisse eingehen. Das dreiteilige Evergreen-Produktset pr\u00e4sentiert sich kompromisslos. Perfekt f\u00fcr professionelle Glas- und Geb\u00e4udereiniger und [&hellip;]<\/p>\n","protected":false},"featured_media":2111,"comment_status":"open","ping_status":"closed","template":"","meta":{"_aipt_faq_data":""},"store":[],"product_brand":[391],"product_cat":[74],"product_tag":[390],"class_list":{"0":"post-2110","1":"product","2":"type-product","3":"status-publish","4":"has-post-thumbnail","6":"product_brand-unger","7":"product_cat-fensterreinigungsroboter","8":"product_tag-fensterreinigungsroboter-fuer-rahmenlose-fenster","10":"first","11":"instock","12":"shipping-taxable","13":"product-type-external"},"yoast_head":"<!-- This site is optimized with the Yoast SEO plugin v27.4 - https:\/\/yoast.com\/product\/yoast-seo-wordpress\/ -->\n<title>Unger AKO13 Glasreinigungsset (Starterset) - EasyLifeBro<\/title>\n<meta name=\"description\" content=\"Entdecken Sie smarte Roboter f\u00fcr Zuhause, Garten, Bildung und Sicherheit. Vergleichen Sie Saugroboter, Rasenm\u00e4hroboter, KI-Begleitroboter und mehr bei EasyLifeRobo.\" \/>\n<meta name=\"robots\" content=\"index, follow, max-snippet:-1, max-image-preview:large, max-video-preview:-1\" \/>\n<link rel=\"canonical\" href=\"https:\/\/easyliferobo.com\/de\/product\/unger-ako13-glasreinigungsset-starterset\/\" \/>\n<meta property=\"og:locale\" content=\"de_DE\" \/>\n<meta property=\"og:type\" content=\"article\" \/>\n<meta property=\"og:title\" content=\"Unger AKO13 Glasreinigungsset (Starterset) - EasyLifeBro\" \/>\n<meta property=\"og:description\" content=\"Entdecken Sie smarte Roboter f\u00fcr Zuhause, Garten, Bildung und Sicherheit. Vergleichen Sie Saugroboter, Rasenm\u00e4hroboter, KI-Begleitroboter und mehr bei EasyLifeRobo.\" \/>\n<meta property=\"og:url\" content=\"https:\/\/easyliferobo.com\/de\/product\/unger-ako13-glasreinigungsset-starterset\/\" \/>\n<meta property=\"og:site_name\" content=\"EasyLifeBro\" \/>\n<meta property=\"article:modified_time\" content=\"2026-02-27T02:29:30+00:00\" \/>\n<meta property=\"og:image\" content=\"https:\/\/images-na.ssl-images-amazon.com\/images\/G\/01\/x-locale\/common\/grey-pixel.gif\" \/>\n<meta name=\"twitter:card\" content=\"summary_large_image\" \/>\n<meta name=\"twitter:label1\" content=\"Gesch\u00e4tzte Lesezeit\" \/>\n\t<meta name=\"twitter:data1\" content=\"2\u00a0Minuten\" \/>\n<script type=\"application\/ld+json\" class=\"yoast-schema-graph\">{\"@context\":\"https:\\\/\\\/schema.org\",\"@graph\":[{\"@type\":\"WebPage\",\"@id\":\"https:\\\/\\\/easyliferobo.com\\\/de\\\/product\\\/unger-ako13-glasreinigungsset-starterset\\\/\",\"url\":\"https:\\\/\\\/easyliferobo.com\\\/de\\\/product\\\/unger-ako13-glasreinigungsset-starterset\\\/\",\"name\":\"Unger AKO13 Glasreinigungsset (Starterset) - EasyLifeBro\",\"isPartOf\":{\"@id\":\"https:\\\/\\\/easyliferobo.com\\\/de\\\/#website\"},\"primaryImageOfPage\":{\"@id\":\"https:\\\/\\\/easyliferobo.com\\\/de\\\/product\\\/unger-ako13-glasreinigungsset-starterset\\\/#primaryimage\"},\"image\":{\"@id\":\"https:\\\/\\\/easyliferobo.com\\\/de\\\/product\\\/unger-ako13-glasreinigungsset-starterset\\\/#primaryimage\"},\"thumbnailUrl\":\"https:\\\/\\\/easyliferobo.com\\\/de\\\/wp-content\\\/uploads\\\/2026\\\/02\\\/61duRLIzDtL._AC_SL1500_.jpg\",\"datePublished\":\"2026-02-27T02:29:06+00:00\",\"dateModified\":\"2026-02-27T02:29:30+00:00\",\"description\":\"Entdecken Sie smarte Roboter f\u00fcr Zuhause, Garten, Bildung und Sicherheit. Vergleichen Sie Saugroboter, Rasenm\u00e4hroboter, KI-Begleitroboter und mehr bei EasyLifeRobo.\",\"breadcrumb\":{\"@id\":\"https:\\\/\\\/easyliferobo.com\\\/de\\\/product\\\/unger-ako13-glasreinigungsset-starterset\\\/#breadcrumb\"},\"inLanguage\":\"de\",\"potentialAction\":[{\"@type\":\"ReadAction\",\"target\":[\"https:\\\/\\\/easyliferobo.com\\\/de\\\/product\\\/unger-ako13-glasreinigungsset-starterset\\\/\"]}]},{\"@type\":\"ImageObject\",\"inLanguage\":\"de\",\"@id\":\"https:\\\/\\\/easyliferobo.com\\\/de\\\/product\\\/unger-ako13-glasreinigungsset-starterset\\\/#primaryimage\",\"url\":\"https:\\\/\\\/easyliferobo.com\\\/de\\\/wp-content\\\/uploads\\\/2026\\\/02\\\/61duRLIzDtL._AC_SL1500_.jpg\",\"contentUrl\":\"https:\\\/\\\/easyliferobo.com\\\/de\\\/wp-content\\\/uploads\\\/2026\\\/02\\\/61duRLIzDtL._AC_SL1500_.jpg\",\"width\":1496,\"height\":1148},{\"@type\":\"BreadcrumbList\",\"@id\":\"https:\\\/\\\/easyliferobo.com\\\/de\\\/product\\\/unger-ako13-glasreinigungsset-starterset\\\/#breadcrumb\",\"itemListElement\":[{\"@type\":\"ListItem\",\"position\":1,\"name\":\"Home\",\"item\":\"https:\\\/\\\/easyliferobo.com\\\/de\\\/\"},{\"@type\":\"ListItem\",\"position\":2,\"name\":\"Shop\",\"item\":\"https:\\\/\\\/easyliferobo.com\\\/de\\\/shop\\\/\"},{\"@type\":\"ListItem\",\"position\":3,\"name\":\"Unger AKO13 Glasreinigungsset (Star...\"}]},{\"@type\":\"WebSite\",\"@id\":\"https:\\\/\\\/easyliferobo.com\\\/de\\\/#website\",\"url\":\"https:\\\/\\\/easyliferobo.com\\\/de\\\/\",\"name\":\"EasyLifeBro\",\"description\":\"Smarte Roboter f\u00fcr Zuhause, Garten &amp; Bildung\",\"publisher\":{\"@id\":\"https:\\\/\\\/easyliferobo.com\\\/de\\\/#organization\"},\"potentialAction\":[{\"@type\":\"SearchAction\",\"target\":{\"@type\":\"EntryPoint\",\"urlTemplate\":\"https:\\\/\\\/easyliferobo.com\\\/de\\\/?s={search_term_string}\"},\"query-input\":{\"@type\":\"PropertyValueSpecification\",\"valueRequired\":true,\"valueName\":\"search_term_string\"}}],\"inLanguage\":\"de\"},{\"@type\":\"Organization\",\"@id\":\"https:\\\/\\\/easyliferobo.com\\\/de\\\/#organization\",\"name\":\"EasyLifeBro\",\"url\":\"https:\\\/\\\/easyliferobo.com\\\/de\\\/\",\"logo\":{\"@type\":\"ImageObject\",\"inLanguage\":\"de\",\"@id\":\"https:\\\/\\\/easyliferobo.com\\\/de\\\/#\\\/schema\\\/logo\\\/image\\\/\",\"url\":\"https:\\\/\\\/easyliferobo.com\\\/de\\\/wp-content\\\/uploads\\\/2026\\\/02\\\/Screenshot-2026-02-22-at-2.25.03-PM.png\",\"contentUrl\":\"https:\\\/\\\/easyliferobo.com\\\/de\\\/wp-content\\\/uploads\\\/2026\\\/02\\\/Screenshot-2026-02-22-at-2.25.03-PM.png\",\"width\":1858,\"height\":430,\"caption\":\"EasyLifeBro\"},\"image\":{\"@id\":\"https:\\\/\\\/easyliferobo.com\\\/de\\\/#\\\/schema\\\/logo\\\/image\\\/\"}}]}<\/script>\n<!-- \/ Yoast SEO plugin. -->","yoast_head_json":{"title":"Unger AKO13 Glasreinigungsset (Starterset) - EasyLifeBro","description":"Entdecken Sie smarte Roboter f\u00fcr Zuhause, Garten, Bildung und Sicherheit. Vergleichen Sie Saugroboter, Rasenm\u00e4hroboter, KI-Begleitroboter und mehr bei EasyLifeRobo.","robots":{"index":"index","follow":"follow","max-snippet":"max-snippet:-1","max-image-preview":"max-image-preview:large","max-video-preview":"max-video-preview:-1"},"canonical":"https:\/\/easyliferobo.com\/de\/product\/unger-ako13-glasreinigungsset-starterset\/","og_locale":"de_DE","og_type":"article","og_title":"Unger AKO13 Glasreinigungsset (Starterset) - EasyLifeBro","og_description":"Entdecken Sie smarte Roboter f\u00fcr Zuhause, Garten, Bildung und Sicherheit. Vergleichen Sie Saugroboter, Rasenm\u00e4hroboter, KI-Begleitroboter und mehr bei EasyLifeRobo.","og_url":"https:\/\/easyliferobo.com\/de\/product\/unger-ako13-glasreinigungsset-starterset\/","og_site_name":"EasyLifeBro","article_modified_time":"2026-02-27T02:29:30+00:00","og_image":[{"url":"https:\/\/images-na.ssl-images-amazon.com\/images\/G\/01\/x-locale\/common\/grey-pixel.gif","type":"","width":"","height":""}],"twitter_card":"summary_large_image","twitter_misc":{"Gesch\u00e4tzte Lesezeit":"2\u00a0Minuten"},"schema":{"@context":"https:\/\/schema.org","@graph":[{"@type":"WebPage","@id":"https:\/\/easyliferobo.com\/de\/product\/unger-ako13-glasreinigungsset-starterset\/","url":"https:\/\/easyliferobo.com\/de\/product\/unger-ako13-glasreinigungsset-starterset\/","name":"Unger AKO13 Glasreinigungsset (Starterset) - EasyLifeBro","isPartOf":{"@id":"https:\/\/easyliferobo.com\/de\/#website"},"primaryImageOfPage":{"@id":"https:\/\/easyliferobo.com\/de\/product\/unger-ako13-glasreinigungsset-starterset\/#primaryimage"},"image":{"@id":"https:\/\/easyliferobo.com\/de\/product\/unger-ako13-glasreinigungsset-starterset\/#primaryimage"},"thumbnailUrl":"https:\/\/easyliferobo.com\/de\/wp-content\/uploads\/2026\/02\/61duRLIzDtL._AC_SL1500_.jpg","datePublished":"2026-02-27T02:29:06+00:00","dateModified":"2026-02-27T02:29:30+00:00","description":"Entdecken Sie smarte Roboter f\u00fcr Zuhause, Garten, Bildung und Sicherheit. Vergleichen Sie Saugroboter, Rasenm\u00e4hroboter, KI-Begleitroboter und mehr bei EasyLifeRobo.","breadcrumb":{"@id":"https:\/\/easyliferobo.com\/de\/product\/unger-ako13-glasreinigungsset-starterset\/#breadcrumb"},"inLanguage":"de","potentialAction":[{"@type":"ReadAction","target":["https:\/\/easyliferobo.com\/de\/product\/unger-ako13-glasreinigungsset-starterset\/"]}]},{"@type":"ImageObject","inLanguage":"de","@id":"https:\/\/easyliferobo.com\/de\/product\/unger-ako13-glasreinigungsset-starterset\/#primaryimage","url":"https:\/\/easyliferobo.com\/de\/wp-content\/uploads\/2026\/02\/61duRLIzDtL._AC_SL1500_.jpg","contentUrl":"https:\/\/easyliferobo.com\/de\/wp-content\/uploads\/2026\/02\/61duRLIzDtL._AC_SL1500_.jpg","width":1496,"height":1148},{"@type":"BreadcrumbList","@id":"https:\/\/easyliferobo.com\/de\/product\/unger-ako13-glasreinigungsset-starterset\/#breadcrumb","itemListElement":[{"@type":"ListItem","position":1,"name":"Home","item":"https:\/\/easyliferobo.com\/de\/"},{"@type":"ListItem","position":2,"name":"Shop","item":"https:\/\/easyliferobo.com\/de\/shop\/"},{"@type":"ListItem","position":3,"name":"Unger AKO13 Glasreinigungsset (Star..."}]},{"@type":"WebSite","@id":"https:\/\/easyliferobo.com\/de\/#website","url":"https:\/\/easyliferobo.com\/de\/","name":"EasyLifeBro","description":"Smarte Roboter f\u00fcr Zuhause, Garten &amp; Bildung","publisher":{"@id":"https:\/\/easyliferobo.com\/de\/#organization"},"potentialAction":[{"@type":"SearchAction","target":{"@type":"EntryPoint","urlTemplate":"https:\/\/easyliferobo.com\/de\/?s={search_term_string}"},"query-input":{"@type":"PropertyValueSpecification","valueRequired":true,"valueName":"search_term_string"}}],"inLanguage":"de"},{"@type":"Organization","@id":"https:\/\/easyliferobo.com\/de\/#organization","name":"EasyLifeBro","url":"https:\/\/easyliferobo.com\/de\/","logo":{"@type":"ImageObject","inLanguage":"de","@id":"https:\/\/easyliferobo.com\/de\/#\/schema\/logo\/image\/","url":"https:\/\/easyliferobo.com\/de\/wp-content\/uploads\/2026\/02\/Screenshot-2026-02-22-at-2.25.03-PM.png","contentUrl":"https:\/\/easyliferobo.com\/de\/wp-content\/uploads\/2026\/02\/Screenshot-2026-02-22-at-2.25.03-PM.png","width":1858,"height":430,"caption":"EasyLifeBro"},"image":{"@id":"https:\/\/easyliferobo.com\/de\/#\/schema\/logo\/image\/"}}]}},"_links":{"self":[{"href":"https:\/\/easyliferobo.com\/de\/wp-json\/wp\/v2\/product\/2110","targetHints":{"allow":["GET"]}}],"collection":[{"href":"https:\/\/easyliferobo.com\/de\/wp-json\/wp\/v2\/product"}],"about":[{"href":"https:\/\/easyliferobo.com\/de\/wp-json\/wp\/v2\/types\/product"}],"replies":[{"embeddable":true,"href":"https:\/\/easyliferobo.com\/de\/wp-json\/wp\/v2\/comments?post=2110"}],"wp:featuredmedia":[{"embeddable":true,"href":"https:\/\/easyliferobo.com\/de\/wp-json\/wp\/v2\/media\/2111"}],"wp:attachment":[{"href":"https:\/\/easyliferobo.com\/de\/wp-json\/wp\/v2\/media?parent=2110"}],"wp:term":[{"taxonomy":"store","embeddable":true,"href":"https:\/\/easyliferobo.com\/de\/wp-json\/wp\/v2\/store?post=2110"},{"taxonomy":"product_brand","embeddable":true,"href":"https:\/\/easyliferobo.com\/de\/wp-json\/wp\/v2\/product_brand?post=2110"},{"taxonomy":"product_cat","embeddable":true,"href":"https:\/\/easyliferobo.com\/de\/wp-json\/wp\/v2\/product_cat?post=2110"},{"taxonomy":"product_tag","embeddable":true,"href":"https:\/\/easyliferobo.com\/de\/wp-json\/wp\/v2\/product_tag?post=2110"}],"curies":[{"name":"wp","href":"https:\/\/api.w.org\/{rel}","templated":true}]}}