
{"id":2101,"date":"2026-02-27T02:27:36","date_gmt":"2026-02-27T02:27:36","guid":{"rendered":"https:\/\/easyliferobo.com\/de\/product\/aiper-scuba-s1-poolroboter-fuer-boden-und-wand-reinigung-der-wasserlinie-3-%ce%bcm-ultrafeinfilter-180-min-akkulaufzeit-15900lph-leistungsstarker-poolstaubsauger-mit-app-fuer-einbaupools\/"},"modified":"2026-02-27T02:27:52","modified_gmt":"2026-02-27T02:27:52","slug":"aiper-scuba-s1-poolroboter-fuer-boden-und-wand-reinigung-der-wasserlinie-3-%ce%bcm-ultrafeinfilter-180-min-akkulaufzeit-15900lph-leistungsstarker-poolstaubsauger-mit-app-fuer-einbaupools","status":"publish","type":"product","link":"https:\/\/easyliferobo.com\/de\/product\/aiper-scuba-s1-poolroboter-fuer-boden-und-wand-reinigung-der-wasserlinie-3-%ce%bcm-ultrafeinfilter-180-min-akkulaufzeit-15900lph-leistungsstarker-poolstaubsauger-mit-app-fuer-einbaupools\/","title":{"rendered":"AIPER Scuba S1 Poolroboter f\u00fcr Bod..."},"content":{"rendered":"<p>\n                                             Von der Marke   <\/p>\n<p>                                              <img decoding=\"async\" alt=\"Aplus-Inhaltsbild\" src=\"https:\/\/images-na.ssl-images-amazon.com\/images\/G\/01\/x-locale\/common\/grey-pixel.gif\" class=\"a-lazy-loaded\" data-src=\"https:\/\/m.media-amazon.com\/images\/S\/aplus-media-library-service-media\/670364c6-3614-49df-b56b-6bf3bcb765f5.__CR0,0,1464,625_PT0_SX1464_V1___.jpg\"><img decoding=\"async\" alt=\"Aplus-Inhaltsbild\" src=\"https:\/\/m.media-amazon.com\/images\/S\/aplus-media-library-service-media\/670364c6-3614-49df-b56b-6bf3bcb765f5.__CR0,0,1464,625_PT0_SX1464_V1___.jpg\">  <\/p>\n<p>                                              <img decoding=\"async\" alt=\"Aplus-Inhaltsbild\" src=\"https:\/\/images-na.ssl-images-amazon.com\/images\/G\/01\/x-locale\/common\/grey-pixel.gif\" class=\"a-lazy-loaded\" data-src=\"https:\/\/m.media-amazon.com\/images\/S\/aplus-media-library-service-media\/420c071e-73fb-43e4-8ed5-419fe30f57bd.__CR0,0,362,453_PT0_SX362_V1___.jpg\"><img decoding=\"async\" alt=\"Aplus-Inhaltsbild\" src=\"https:\/\/m.media-amazon.com\/images\/S\/aplus-media-library-service-media\/420c071e-73fb-43e4-8ed5-419fe30f57bd.__CR0,0,362,453_PT0_SX362_V1___.jpg\">  <\/p>\n<h3>  Neue Produkte und Upgrades 2025 <\/h3>\n<p class=\"apm-brand-story-stores-link\">\n<h3>  Wand und Boden des Poolroboters <\/h3>\n<p class=\"apm-brand-story-stores-link\">\n<h3>  Kabelloser Poolroboter <\/h3>\n<p class=\"apm-brand-story-stores-link\">\n<p>                                              <img decoding=\"async\" alt=\"2025\" src=\"https:\/\/images-na.ssl-images-amazon.com\/images\/G\/01\/x-locale\/common\/grey-pixel.gif\" class=\"a-lazy-loaded\" data-src=\"https:\/\/m.media-amazon.com\/images\/S\/aplus-media-library-service-media\/5c4fec6c-dfcf-4fe1-9578-db72fd2eaae9.__CR0,0,362,453_PT0_SX362_V1___.jpg\"><img decoding=\"async\" alt=\"2025\" src=\"https:\/\/m.media-amazon.com\/images\/S\/aplus-media-library-service-media\/5c4fec6c-dfcf-4fe1-9578-db72fd2eaae9.__CR0,0,362,453_PT0_SX362_V1___.jpg\">  <\/p>\n<p>                                              <img decoding=\"async\" alt=\"Hellblaue rechteckige Karte mit Aiper-Logo und deutschem Text. Erw\u00e4hnt intelligente Reinigung und die M\u00f6glichkeit, den Urlaub nach Hause zu bringen, und schl\u00e4gt ein Unternehmen f\u00fcr Reinigungsprodukte vor.\" src=\"https:\/\/images-na.ssl-images-amazon.com\/images\/G\/01\/x-locale\/common\/grey-pixel.gif\" class=\"a-lazy-loaded\" data-src=\"https:\/\/m.media-amazon.com\/images\/S\/aplus-media-library-service-media\/18062f38-c6cb-4ad5-84bb-5096f5994312.__CR0,0,362,453_PT0_SX362_V1___.jpg\"><img decoding=\"async\" alt=\"Hellblaue rechteckige Karte mit Aiper-Logo und deutschem Text. Erw\u00e4hnt intelligente Reinigung und die M\u00f6glichkeit, den Urlaub nach Hause zu bringen, und schl\u00e4gt ein Unternehmen f\u00fcr Reinigungsprodukte vor.\" src=\"https:\/\/m.media-amazon.com\/images\/S\/aplus-media-library-service-media\/18062f38-c6cb-4ad5-84bb-5096f5994312.__CR0,0,362,453_PT0_SX362_V1___.jpg\">  <\/p>\n<p>                                              <img decoding=\"async\" alt=\"Infografik mit Unternehmensstatistiken: \u00fcber 500 Patente, \u00fcber 6.000 Gesch\u00e4fte, \u00fcber 1,5 Millionen Kunden und umweltfreundliche L\u00f6sungen, mit einfachen Symbolen f\u00fcr jede Kategorie.\" src=\"https:\/\/images-na.ssl-images-amazon.com\/images\/G\/01\/x-locale\/common\/grey-pixel.gif\" class=\"a-lazy-loaded\" data-src=\"https:\/\/m.media-amazon.com\/images\/S\/aplus-media-library-service-media\/473e84aa-8325-4124-9c35-a71aed48e143.__CR0,0,362,453_PT0_SX362_V1___.jpg\"><img decoding=\"async\" alt=\"Infografik mit Unternehmensstatistiken: \u00fcber 500 Patente, \u00fcber 6.000 Gesch\u00e4fte, \u00fcber 1,5 Millionen Kunden und umweltfreundliche L\u00f6sungen, mit einfachen Symbolen f\u00fcr jede Kategorie.\" src=\"https:\/\/m.media-amazon.com\/images\/S\/aplus-media-library-service-media\/473e84aa-8325-4124-9c35-a71aed48e143.__CR0,0,362,453_PT0_SX362_V1___.jpg\">  <\/p>\n<p>                                              <img decoding=\"async\" alt=\"Aiper-Logo mit Slogan \u201eBring Vacation Home\u201c. Liste der Markenmerkmale, einschlie\u00dflich Qualit\u00e4tssicherung, offizielle Garantie, 24-Stunden-Kundendienst und EU-Reparaturzentrum.\" src=\"https:\/\/images-na.ssl-images-amazon.com\/images\/G\/01\/x-locale\/common\/grey-pixel.gif\" class=\"a-lazy-loaded\" data-src=\"https:\/\/m.media-amazon.com\/images\/S\/aplus-media-library-service-media\/81902618-ae3f-464f-848d-b89568b2c9bb.__CR0,0,362,453_PT0_SX362_V1___.jpg\"><img decoding=\"async\" alt=\"Aiper-Logo mit Slogan \u201eBring Vacation Home\u201c. Liste der Markenmerkmale, einschlie\u00dflich Qualit\u00e4tssicherung, offizielle Garantie, 24-Stunden-Kundendienst und EU-Reparaturzentrum.\" src=\"https:\/\/m.media-amazon.com\/images\/S\/aplus-media-library-service-media\/81902618-ae3f-464f-848d-b89568b2c9bb.__CR0,0,362,453_PT0_SX362_V1___.jpg\">  <\/p>\n<p>                                              <img decoding=\"async\" alt=\"Professionelles Sport-Werbebild, das Baseball-Trikots vor beleuchtetem Fahrzeughintergrund mit blauen Lichteffekten zeigt. Der Text weist auf die Zugeh\u00f6rigkeit zu den Arizona Diamondbacks hin.\" src=\"https:\/\/images-na.ssl-images-amazon.com\/images\/G\/01\/x-locale\/common\/grey-pixel.gif\" class=\"a-lazy-loaded\" data-src=\"https:\/\/m.media-amazon.com\/images\/S\/aplus-media-library-service-media\/a481c630-0b09-462b-b5a4-1ab4ddef450c.__CR0,0,362,453_PT0_SX362_V1___.jpg\"><img decoding=\"async\" alt=\"Professionelles Sport-Werbebild, das Baseball-Trikots vor beleuchtetem Fahrzeughintergrund mit blauen Lichteffekten zeigt. Der Text weist auf die Zugeh\u00f6rigkeit zu den Arizona Diamondbacks hin.\" src=\"https:\/\/m.media-amazon.com\/images\/S\/aplus-media-library-service-media\/a481c630-0b09-462b-b5a4-1ab4ddef450c.__CR0,0,362,453_PT0_SX362_V1___.jpg\">  <\/p>\n<p>Ultrafeiner Filter f\u00fcr beste Reinigungsleistung: Der Akku des Poolroboters verf\u00fcgt \u00fcber einen austauschbaren 3 \u03bcm Ultrafeinfilter (f\u00fcr Sand, Staub, Partikel, Algen) und einen 180 \u03bcm Standardfilter (f\u00fcr \u00c4ste, Bl\u00e4tter, groben Sand). Dies sorgt f\u00fcr kristallklares Poolwasser<br \/>Verl\u00e4ngerte Akkulaufzeit von 180 Minuten: perfekt f\u00fcr gr\u00f6\u00dfere Pools! Profitieren Sie von der branchenf\u00fchrenden Akkulaufzeit dieses Poolsaugers, der eine gr\u00fcndliche und gr\u00fcndliche Reinigung ohne h\u00e4ufiges Aufladen erm\u00f6glicht<br \/>WavePath Navigation 2.0: Dieser Poolroboter nutzt die intelligente WavePath 2.0-Navigationstechnologie f\u00fcr eine effiziente und systematische Reinigung. Es optimiert die Reinigungswege, um die gesamte Pooloberfl\u00e4che abzudecken, ohne Bereiche zu \u00fcbersehen<br \/>Intelligente App-Steuerung &#038; OTA-Updates: Steuern Sie Ihren Poolsauger bequem per App und profitieren Sie von automatischen OTA-Updates f\u00fcr kontinuierliche Verbesserungen und neue Funktionen<br \/>KAUFEN SIE MIT VERTRAUEN Diese Pool-Staubsaugerbatterie ist auf Langlebigkeit und langanhaltende Leistung ausgelegt und wird mit einer 2-Jahres-Garantie geliefert \u2013 f\u00fcr maximale Kaufzufriedenheit<br \/>2025 Neues Modell mit verbesserten Funktionen: Der 180 \u00b5m Filterkorb ist jetzt mit einem 3 \u00b5m Feinfilter ausgestattet. Der Poolroboter-Staubsauger kann \u00fcber eine Aiper-App gesteuert werden. F\u00fcr eine noch gr\u00fcndlichere Reinigung wurde die Akkulaufzeit auf 180 Minuten erh\u00f6ht<\/p>\n<p>[ad_2]<\/p>\n","protected":false},"excerpt":{"rendered":"<p>Von der Marke Neue Produkte und Upgrades 2025 Wand und Boden des Poolroboters Kabelloser Poolroboter Ultrafeiner Filter f\u00fcr beste Reinigungsleistung: Der Akku des Poolroboters verf\u00fcgt \u00fcber einen austauschbaren 3 \u03bcm Ultrafeinfilter (f\u00fcr Sand, Staub, Partikel, Algen) und einen 180 \u03bcm Standardfilter (f\u00fcr \u00c4ste, Bl\u00e4tter, groben Sand). Dies sorgt f\u00fcr kristallklares PoolwasserVerl\u00e4ngerte Akkulaufzeit von 180 Minuten: [&hellip;]<\/p>\n","protected":false},"featured_media":2102,"comment_status":"open","ping_status":"closed","template":"","meta":{"_aipt_faq_data":""},"store":[],"product_brand":[389],"product_cat":[75],"product_tag":[388],"class_list":{"0":"post-2101","1":"product","2":"type-product","3":"status-publish","4":"has-post-thumbnail","6":"product_brand-aiper","7":"product_cat-poolroboter","8":"product_tag-poolroboter-fuer-boden-und-waende","10":"first","11":"instock","12":"sale","13":"shipping-taxable","14":"product-type-external"},"yoast_head":"<!-- This site is optimized with the Yoast SEO plugin v27.0 - https:\/\/yoast.com\/product\/yoast-seo-wordpress\/ -->\n<title>AIPER Scuba S1 Poolroboter f\u00fcr Boden und Wand, Reinigung der Wasserlinie, 3 \u03bcm Ultrafeinfilter, 180 Min. Akkulaufzeit, 15900LPH Leistungsstarker Poolstaubsauger mit App, f\u00fcr Einbaupools - EasyLifeBro<\/title>\n<meta name=\"description\" content=\"Entdecken Sie smarte Roboter f\u00fcr Zuhause, Garten, Bildung und Sicherheit. Vergleichen Sie Saugroboter, Rasenm\u00e4hroboter, KI-Begleitroboter und mehr bei EasyLifeRobo.\" \/>\n<meta name=\"robots\" content=\"index, follow, max-snippet:-1, max-image-preview:large, max-video-preview:-1\" \/>\n<link rel=\"canonical\" href=\"https:\/\/easyliferobo.com\/de\/product\/aiper-scuba-s1-poolroboter-fuer-boden-und-wand-reinigung-der-wasserlinie-3-\u03bcm-ultrafeinfilter-180-min-akkulaufzeit-15900lph-leistungsstarker-poolstaubsauger-mit-app-fuer-einbaupools\/\" \/>\n<meta property=\"og:locale\" content=\"de_DE\" \/>\n<meta property=\"og:type\" content=\"article\" \/>\n<meta property=\"og:title\" content=\"AIPER Scuba S1 Poolroboter f\u00fcr Boden und Wand, Reinigung der Wasserlinie, 3 \u03bcm Ultrafeinfilter, 180 Min. Akkulaufzeit, 15900LPH Leistungsstarker Poolstaubsauger mit App, f\u00fcr Einbaupools - EasyLifeBro\" \/>\n<meta property=\"og:description\" content=\"Entdecken Sie smarte Roboter f\u00fcr Zuhause, Garten, Bildung und Sicherheit. Vergleichen Sie Saugroboter, Rasenm\u00e4hroboter, KI-Begleitroboter und mehr bei EasyLifeRobo.\" \/>\n<meta property=\"og:url\" content=\"https:\/\/easyliferobo.com\/de\/product\/aiper-scuba-s1-poolroboter-fuer-boden-und-wand-reinigung-der-wasserlinie-3-\u03bcm-ultrafeinfilter-180-min-akkulaufzeit-15900lph-leistungsstarker-poolstaubsauger-mit-app-fuer-einbaupools\/\" \/>\n<meta property=\"og:site_name\" content=\"EasyLifeBro\" \/>\n<meta property=\"article:modified_time\" content=\"2026-02-27T02:27:52+00:00\" \/>\n<meta property=\"og:image\" content=\"https:\/\/images-na.ssl-images-amazon.com\/images\/G\/01\/x-locale\/common\/grey-pixel.gif\" \/>\n<meta name=\"twitter:card\" content=\"summary_large_image\" \/>\n<meta name=\"twitter:label1\" content=\"Gesch\u00e4tzte Lesezeit\" \/>\n\t<meta name=\"twitter:data1\" content=\"1\u00a0Minute\" \/>\n<script type=\"application\/ld+json\" class=\"yoast-schema-graph\">{\"@context\":\"https:\/\/schema.org\",\"@graph\":[{\"@type\":\"WebPage\",\"@id\":\"https:\/\/easyliferobo.com\/de\/product\/aiper-scuba-s1-poolroboter-fuer-boden-und-wand-reinigung-der-wasserlinie-3-%ce%bcm-ultrafeinfilter-180-min-akkulaufzeit-15900lph-leistungsstarker-poolstaubsauger-mit-app-fuer-einbaupools\/\",\"url\":\"https:\/\/easyliferobo.com\/de\/product\/aiper-scuba-s1-poolroboter-fuer-boden-und-wand-reinigung-der-wasserlinie-3-%ce%bcm-ultrafeinfilter-180-min-akkulaufzeit-15900lph-leistungsstarker-poolstaubsauger-mit-app-fuer-einbaupools\/\",\"name\":\"AIPER Scuba S1 Poolroboter f\u00fcr Boden und Wand, Reinigung der Wasserlinie, 3 \u03bcm Ultrafeinfilter, 180 Min. Akkulaufzeit, 15900LPH Leistungsstarker Poolstaubsauger mit App, f\u00fcr Einbaupools - EasyLifeBro\",\"isPartOf\":{\"@id\":\"https:\/\/easyliferobo.com\/de\/#website\"},\"primaryImageOfPage\":{\"@id\":\"https:\/\/easyliferobo.com\/de\/product\/aiper-scuba-s1-poolroboter-fuer-boden-und-wand-reinigung-der-wasserlinie-3-%ce%bcm-ultrafeinfilter-180-min-akkulaufzeit-15900lph-leistungsstarker-poolstaubsauger-mit-app-fuer-einbaupools\/#primaryimage\"},\"image\":{\"@id\":\"https:\/\/easyliferobo.com\/de\/product\/aiper-scuba-s1-poolroboter-fuer-boden-und-wand-reinigung-der-wasserlinie-3-%ce%bcm-ultrafeinfilter-180-min-akkulaufzeit-15900lph-leistungsstarker-poolstaubsauger-mit-app-fuer-einbaupools\/#primaryimage\"},\"thumbnailUrl\":\"https:\/\/easyliferobo.com\/de\/wp-content\/uploads\/2026\/02\/71PK9oL3SQL._AC_SL1500_.jpg\",\"datePublished\":\"2026-02-27T02:27:36+00:00\",\"dateModified\":\"2026-02-27T02:27:52+00:00\",\"description\":\"Entdecken Sie smarte Roboter f\u00fcr Zuhause, Garten, Bildung und Sicherheit. Vergleichen Sie Saugroboter, Rasenm\u00e4hroboter, KI-Begleitroboter und mehr bei EasyLifeRobo.\",\"breadcrumb\":{\"@id\":\"https:\/\/easyliferobo.com\/de\/product\/aiper-scuba-s1-poolroboter-fuer-boden-und-wand-reinigung-der-wasserlinie-3-%ce%bcm-ultrafeinfilter-180-min-akkulaufzeit-15900lph-leistungsstarker-poolstaubsauger-mit-app-fuer-einbaupools\/#breadcrumb\"},\"inLanguage\":\"de\",\"potentialAction\":[{\"@type\":\"ReadAction\",\"target\":[\"https:\/\/easyliferobo.com\/de\/product\/aiper-scuba-s1-poolroboter-fuer-boden-und-wand-reinigung-der-wasserlinie-3-%ce%bcm-ultrafeinfilter-180-min-akkulaufzeit-15900lph-leistungsstarker-poolstaubsauger-mit-app-fuer-einbaupools\/\"]}]},{\"@type\":\"ImageObject\",\"inLanguage\":\"de\",\"@id\":\"https:\/\/easyliferobo.com\/de\/product\/aiper-scuba-s1-poolroboter-fuer-boden-und-wand-reinigung-der-wasserlinie-3-%ce%bcm-ultrafeinfilter-180-min-akkulaufzeit-15900lph-leistungsstarker-poolstaubsauger-mit-app-fuer-einbaupools\/#primaryimage\",\"url\":\"https:\/\/easyliferobo.com\/de\/wp-content\/uploads\/2026\/02\/71PK9oL3SQL._AC_SL1500_.jpg\",\"contentUrl\":\"https:\/\/easyliferobo.com\/de\/wp-content\/uploads\/2026\/02\/71PK9oL3SQL._AC_SL1500_.jpg\",\"width\":1500,\"height\":1056},{\"@type\":\"BreadcrumbList\",\"@id\":\"https:\/\/easyliferobo.com\/de\/product\/aiper-scuba-s1-poolroboter-fuer-boden-und-wand-reinigung-der-wasserlinie-3-%ce%bcm-ultrafeinfilter-180-min-akkulaufzeit-15900lph-leistungsstarker-poolstaubsauger-mit-app-fuer-einbaupools\/#breadcrumb\",\"itemListElement\":[{\"@type\":\"ListItem\",\"position\":1,\"name\":\"Home\",\"item\":\"https:\/\/easyliferobo.com\/de\/\"},{\"@type\":\"ListItem\",\"position\":2,\"name\":\"Shop\",\"item\":\"https:\/\/easyliferobo.com\/de\/shop\/\"},{\"@type\":\"ListItem\",\"position\":3,\"name\":\"AIPER Scuba S1 Poolroboter f\u00fcr Bod...\"}]},{\"@type\":\"WebSite\",\"@id\":\"https:\/\/easyliferobo.com\/de\/#website\",\"url\":\"https:\/\/easyliferobo.com\/de\/\",\"name\":\"EasyLifeBro\",\"description\":\"Smarte Roboter f\u00fcr Zuhause, Garten &amp; Bildung\",\"publisher\":{\"@id\":\"https:\/\/easyliferobo.com\/de\/#organization\"},\"potentialAction\":[{\"@type\":\"SearchAction\",\"target\":{\"@type\":\"EntryPoint\",\"urlTemplate\":\"https:\/\/easyliferobo.com\/de\/?s={search_term_string}\"},\"query-input\":{\"@type\":\"PropertyValueSpecification\",\"valueRequired\":true,\"valueName\":\"search_term_string\"}}],\"inLanguage\":\"de\"},{\"@type\":\"Organization\",\"@id\":\"https:\/\/easyliferobo.com\/de\/#organization\",\"name\":\"EasyLifeBro\",\"url\":\"https:\/\/easyliferobo.com\/de\/\",\"logo\":{\"@type\":\"ImageObject\",\"inLanguage\":\"de\",\"@id\":\"https:\/\/easyliferobo.com\/de\/#\/schema\/logo\/image\/\",\"url\":\"https:\/\/easyliferobo.com\/de\/wp-content\/uploads\/2026\/02\/Screenshot-2026-02-22-at-2.25.03-PM.png\",\"contentUrl\":\"https:\/\/easyliferobo.com\/de\/wp-content\/uploads\/2026\/02\/Screenshot-2026-02-22-at-2.25.03-PM.png\",\"width\":1858,\"height\":430,\"caption\":\"EasyLifeBro\"},\"image\":{\"@id\":\"https:\/\/easyliferobo.com\/de\/#\/schema\/logo\/image\/\"}}]}<\/script>\n<!-- \/ Yoast SEO plugin. -->","yoast_head_json":{"title":"AIPER Scuba S1 Poolroboter f\u00fcr Boden und Wand, Reinigung der Wasserlinie, 3 \u03bcm Ultrafeinfilter, 180 Min. Akkulaufzeit, 15900LPH Leistungsstarker Poolstaubsauger mit App, f\u00fcr Einbaupools - EasyLifeBro","description":"Entdecken Sie smarte Roboter f\u00fcr Zuhause, Garten, Bildung und Sicherheit. Vergleichen Sie Saugroboter, Rasenm\u00e4hroboter, KI-Begleitroboter und mehr bei EasyLifeRobo.","robots":{"index":"index","follow":"follow","max-snippet":"max-snippet:-1","max-image-preview":"max-image-preview:large","max-video-preview":"max-video-preview:-1"},"canonical":"https:\/\/easyliferobo.com\/de\/product\/aiper-scuba-s1-poolroboter-fuer-boden-und-wand-reinigung-der-wasserlinie-3-\u03bcm-ultrafeinfilter-180-min-akkulaufzeit-15900lph-leistungsstarker-poolstaubsauger-mit-app-fuer-einbaupools\/","og_locale":"de_DE","og_type":"article","og_title":"AIPER Scuba S1 Poolroboter f\u00fcr Boden und Wand, Reinigung der Wasserlinie, 3 \u03bcm Ultrafeinfilter, 180 Min. Akkulaufzeit, 15900LPH Leistungsstarker Poolstaubsauger mit App, f\u00fcr Einbaupools - EasyLifeBro","og_description":"Entdecken Sie smarte Roboter f\u00fcr Zuhause, Garten, Bildung und Sicherheit. Vergleichen Sie Saugroboter, Rasenm\u00e4hroboter, KI-Begleitroboter und mehr bei EasyLifeRobo.","og_url":"https:\/\/easyliferobo.com\/de\/product\/aiper-scuba-s1-poolroboter-fuer-boden-und-wand-reinigung-der-wasserlinie-3-\u03bcm-ultrafeinfilter-180-min-akkulaufzeit-15900lph-leistungsstarker-poolstaubsauger-mit-app-fuer-einbaupools\/","og_site_name":"EasyLifeBro","article_modified_time":"2026-02-27T02:27:52+00:00","og_image":[{"url":"https:\/\/images-na.ssl-images-amazon.com\/images\/G\/01\/x-locale\/common\/grey-pixel.gif","type":"","width":"","height":""}],"twitter_card":"summary_large_image","twitter_misc":{"Gesch\u00e4tzte Lesezeit":"1\u00a0Minute"},"schema":{"@context":"https:\/\/schema.org","@graph":[{"@type":"WebPage","@id":"https:\/\/easyliferobo.com\/de\/product\/aiper-scuba-s1-poolroboter-fuer-boden-und-wand-reinigung-der-wasserlinie-3-%ce%bcm-ultrafeinfilter-180-min-akkulaufzeit-15900lph-leistungsstarker-poolstaubsauger-mit-app-fuer-einbaupools\/","url":"https:\/\/easyliferobo.com\/de\/product\/aiper-scuba-s1-poolroboter-fuer-boden-und-wand-reinigung-der-wasserlinie-3-%ce%bcm-ultrafeinfilter-180-min-akkulaufzeit-15900lph-leistungsstarker-poolstaubsauger-mit-app-fuer-einbaupools\/","name":"AIPER Scuba S1 Poolroboter f\u00fcr Boden und Wand, Reinigung der Wasserlinie, 3 \u03bcm Ultrafeinfilter, 180 Min. Akkulaufzeit, 15900LPH Leistungsstarker Poolstaubsauger mit App, f\u00fcr Einbaupools - EasyLifeBro","isPartOf":{"@id":"https:\/\/easyliferobo.com\/de\/#website"},"primaryImageOfPage":{"@id":"https:\/\/easyliferobo.com\/de\/product\/aiper-scuba-s1-poolroboter-fuer-boden-und-wand-reinigung-der-wasserlinie-3-%ce%bcm-ultrafeinfilter-180-min-akkulaufzeit-15900lph-leistungsstarker-poolstaubsauger-mit-app-fuer-einbaupools\/#primaryimage"},"image":{"@id":"https:\/\/easyliferobo.com\/de\/product\/aiper-scuba-s1-poolroboter-fuer-boden-und-wand-reinigung-der-wasserlinie-3-%ce%bcm-ultrafeinfilter-180-min-akkulaufzeit-15900lph-leistungsstarker-poolstaubsauger-mit-app-fuer-einbaupools\/#primaryimage"},"thumbnailUrl":"https:\/\/easyliferobo.com\/de\/wp-content\/uploads\/2026\/02\/71PK9oL3SQL._AC_SL1500_.jpg","datePublished":"2026-02-27T02:27:36+00:00","dateModified":"2026-02-27T02:27:52+00:00","description":"Entdecken Sie smarte Roboter f\u00fcr Zuhause, Garten, Bildung und Sicherheit. Vergleichen Sie Saugroboter, Rasenm\u00e4hroboter, KI-Begleitroboter und mehr bei EasyLifeRobo.","breadcrumb":{"@id":"https:\/\/easyliferobo.com\/de\/product\/aiper-scuba-s1-poolroboter-fuer-boden-und-wand-reinigung-der-wasserlinie-3-%ce%bcm-ultrafeinfilter-180-min-akkulaufzeit-15900lph-leistungsstarker-poolstaubsauger-mit-app-fuer-einbaupools\/#breadcrumb"},"inLanguage":"de","potentialAction":[{"@type":"ReadAction","target":["https:\/\/easyliferobo.com\/de\/product\/aiper-scuba-s1-poolroboter-fuer-boden-und-wand-reinigung-der-wasserlinie-3-%ce%bcm-ultrafeinfilter-180-min-akkulaufzeit-15900lph-leistungsstarker-poolstaubsauger-mit-app-fuer-einbaupools\/"]}]},{"@type":"ImageObject","inLanguage":"de","@id":"https:\/\/easyliferobo.com\/de\/product\/aiper-scuba-s1-poolroboter-fuer-boden-und-wand-reinigung-der-wasserlinie-3-%ce%bcm-ultrafeinfilter-180-min-akkulaufzeit-15900lph-leistungsstarker-poolstaubsauger-mit-app-fuer-einbaupools\/#primaryimage","url":"https:\/\/easyliferobo.com\/de\/wp-content\/uploads\/2026\/02\/71PK9oL3SQL._AC_SL1500_.jpg","contentUrl":"https:\/\/easyliferobo.com\/de\/wp-content\/uploads\/2026\/02\/71PK9oL3SQL._AC_SL1500_.jpg","width":1500,"height":1056},{"@type":"BreadcrumbList","@id":"https:\/\/easyliferobo.com\/de\/product\/aiper-scuba-s1-poolroboter-fuer-boden-und-wand-reinigung-der-wasserlinie-3-%ce%bcm-ultrafeinfilter-180-min-akkulaufzeit-15900lph-leistungsstarker-poolstaubsauger-mit-app-fuer-einbaupools\/#breadcrumb","itemListElement":[{"@type":"ListItem","position":1,"name":"Home","item":"https:\/\/easyliferobo.com\/de\/"},{"@type":"ListItem","position":2,"name":"Shop","item":"https:\/\/easyliferobo.com\/de\/shop\/"},{"@type":"ListItem","position":3,"name":"AIPER Scuba S1 Poolroboter f\u00fcr Bod..."}]},{"@type":"WebSite","@id":"https:\/\/easyliferobo.com\/de\/#website","url":"https:\/\/easyliferobo.com\/de\/","name":"EasyLifeBro","description":"Smarte Roboter f\u00fcr Zuhause, Garten &amp; Bildung","publisher":{"@id":"https:\/\/easyliferobo.com\/de\/#organization"},"potentialAction":[{"@type":"SearchAction","target":{"@type":"EntryPoint","urlTemplate":"https:\/\/easyliferobo.com\/de\/?s={search_term_string}"},"query-input":{"@type":"PropertyValueSpecification","valueRequired":true,"valueName":"search_term_string"}}],"inLanguage":"de"},{"@type":"Organization","@id":"https:\/\/easyliferobo.com\/de\/#organization","name":"EasyLifeBro","url":"https:\/\/easyliferobo.com\/de\/","logo":{"@type":"ImageObject","inLanguage":"de","@id":"https:\/\/easyliferobo.com\/de\/#\/schema\/logo\/image\/","url":"https:\/\/easyliferobo.com\/de\/wp-content\/uploads\/2026\/02\/Screenshot-2026-02-22-at-2.25.03-PM.png","contentUrl":"https:\/\/easyliferobo.com\/de\/wp-content\/uploads\/2026\/02\/Screenshot-2026-02-22-at-2.25.03-PM.png","width":1858,"height":430,"caption":"EasyLifeBro"},"image":{"@id":"https:\/\/easyliferobo.com\/de\/#\/schema\/logo\/image\/"}}]}},"_links":{"self":[{"href":"https:\/\/easyliferobo.com\/de\/wp-json\/wp\/v2\/product\/2101","targetHints":{"allow":["GET"]}}],"collection":[{"href":"https:\/\/easyliferobo.com\/de\/wp-json\/wp\/v2\/product"}],"about":[{"href":"https:\/\/easyliferobo.com\/de\/wp-json\/wp\/v2\/types\/product"}],"replies":[{"embeddable":true,"href":"https:\/\/easyliferobo.com\/de\/wp-json\/wp\/v2\/comments?post=2101"}],"wp:featuredmedia":[{"embeddable":true,"href":"https:\/\/easyliferobo.com\/de\/wp-json\/wp\/v2\/media\/2102"}],"wp:attachment":[{"href":"https:\/\/easyliferobo.com\/de\/wp-json\/wp\/v2\/media?parent=2101"}],"wp:term":[{"taxonomy":"store","embeddable":true,"href":"https:\/\/easyliferobo.com\/de\/wp-json\/wp\/v2\/store?post=2101"},{"taxonomy":"product_brand","embeddable":true,"href":"https:\/\/easyliferobo.com\/de\/wp-json\/wp\/v2\/product_brand?post=2101"},{"taxonomy":"product_cat","embeddable":true,"href":"https:\/\/easyliferobo.com\/de\/wp-json\/wp\/v2\/product_cat?post=2101"},{"taxonomy":"product_tag","embeddable":true,"href":"https:\/\/easyliferobo.com\/de\/wp-json\/wp\/v2\/product_tag?post=2101"}],"curies":[{"name":"wp","href":"https:\/\/api.w.org\/{rel}","templated":true}]}}