
{"id":2093,"date":"2026-02-27T02:26:35","date_gmt":"2026-02-27T02:26:35","guid":{"rendered":"https:\/\/easyliferobo.com\/de\/product\/honiture-roboterstaubsauger-mit-wischfunktion-g20-roboterstaubsauger-mit-4000pa-starker-saugkraft-kehren-staubsaugen-wischen-3-in-1-roboterstaubsauger-fuer-tierhaare-teppiche-hartboeden-sprach\/"},"modified":"2026-02-27T02:26:49","modified_gmt":"2026-02-27T02:26:49","slug":"honiture-roboterstaubsauger-mit-wischfunktion-g20-roboterstaubsauger-mit-4000pa-starker-saugkraft-kehren-staubsaugen-wischen-3-in-1-roboterstaubsauger-fuer-tierhaare-teppiche-hartboeden-sprach","status":"publish","type":"product","link":"https:\/\/easyliferobo.com\/de\/product\/honiture-roboterstaubsauger-mit-wischfunktion-g20-roboterstaubsauger-mit-4000pa-starker-saugkraft-kehren-staubsaugen-wischen-3-in-1-roboterstaubsauger-fuer-tierhaare-teppiche-hartboeden-sprach\/","title":{"rendered":"HONITURE Roboterstaubsauger mit Wis..."},"content":{"rendered":"<p>\n                                             Von der Marke   <\/p>\n<p>                                              <img decoding=\"async\" alt=\"\" src=\"https:\/\/images-na.ssl-images-amazon.com\/images\/G\/01\/x-locale\/common\/grey-pixel.gif\" class=\"a-lazy-loaded\" data-src=\"https:\/\/m.media-amazon.com\/images\/S\/aplus-media-library-service-media\/2b51143e-7747-4cc6-9d42-10308b989b14.__CR0,0,1464,625_PT0_SX1464_V1___.jpg\"><img decoding=\"async\" alt=\"\" src=\"https:\/\/m.media-amazon.com\/images\/S\/aplus-media-library-service-media\/2b51143e-7747-4cc6-9d42-10308b989b14.__CR0,0,1464,625_PT0_SX1464_V1___.jpg\">  <\/p>\n<p>  Wischen Sie nach Links, um mehr zu lesen>> <\/p>\n<p>                                              <img decoding=\"async\" alt=\"\" src=\"https:\/\/images-na.ssl-images-amazon.com\/images\/G\/01\/x-locale\/common\/grey-pixel.gif\" class=\"a-lazy-loaded\" data-src=\"https:\/\/m.media-amazon.com\/images\/S\/aplus-media-library-service-media\/d2d477eb-3b8c-45a5-bb6a-2be6c5044434.__CR0,0,315,145_PT0_SX315_V1___.png\"><img decoding=\"async\" alt=\"\" src=\"https:\/\/m.media-amazon.com\/images\/S\/aplus-media-library-service-media\/d2d477eb-3b8c-45a5-bb6a-2be6c5044434.__CR0,0,315,145_PT0_SX315_V1___.png\">  <\/p>\n<p>  Wir sind eine neue Marke, die sich zum Ziel gesetzt hat, Kunden qualitative und qualitativ hochwertige Produkte anzubieten. <\/p>\n<p>  Die Produkte werden von unserer eigenen Fabrik und anderen Fabriken mit St\u00e4rke und Ruf hergestellt. Die Hauptprodukte sind derzeit Kehrroboter und Haushaltsstaubsauger. <\/p>\n<p>  Wir konzentrieren uns immer auf Kundenzufriedenheit und Produkte und bringen den Kunden effiziente und saubere Produkte. <\/p>\n<h3>  3-in-1 Roboterstaubsauger <\/h3>\n<p>                                              <img decoding=\"async\" alt=\"Roboterstaubsauger auf Hartholzboden mit sichtbaren Kr\u00fcmeln. Das Ger\u00e4t mit schlankem Profil wurde beim Reinigen entlang der Bodenkante gezeigt.\" src=\"https:\/\/images-na.ssl-images-amazon.com\/images\/G\/01\/x-locale\/common\/grey-pixel.gif\" class=\"a-lazy-loaded\" data-src=\"https:\/\/m.media-amazon.com\/images\/S\/aplus-media-library-service-media\/6942eb2c-20fd-4efb-b758-e66320572802.__CR0,0,362,453_PT0_SX362_V1___.jpg\"><img decoding=\"async\" alt=\"Roboterstaubsauger auf Hartholzboden mit sichtbaren Kr\u00fcmeln. Das Ger\u00e4t mit schlankem Profil wurde beim Reinigen entlang der Bodenkante gezeigt.\" src=\"https:\/\/m.media-amazon.com\/images\/S\/aplus-media-library-service-media\/6942eb2c-20fd-4efb-b758-e66320572802.__CR0,0,362,453_PT0_SX362_V1___.jpg\">  <\/p>\n<p>                                              <img decoding=\"async\" alt=\"Runder Roboterstaubsauger auf Holzboden, der verstreute bunte Tr\u00fcmmer entfernt. Dunkelgraues Geh\u00e4use mit blauem Akzent, das seine Reinigungsf\u00e4higkeit auf harten Oberfl\u00e4chen demonstriert\" src=\"https:\/\/images-na.ssl-images-amazon.com\/images\/G\/01\/x-locale\/common\/grey-pixel.gif\" class=\"a-lazy-loaded\" data-src=\"https:\/\/m.media-amazon.com\/images\/S\/aplus-media-library-service-media\/aa19f106-80ec-43a8-8e0c-cdbea902bac6.__CR0,0,362,453_PT0_SX362_V1___.jpg\"><img decoding=\"async\" alt=\"Runder Roboterstaubsauger auf Holzboden, der verstreute bunte Tr\u00fcmmer entfernt. Dunkelgraues Geh\u00e4use mit blauem Akzent, das seine Reinigungsf\u00e4higkeit auf harten Oberfl\u00e4chen demonstriert\" src=\"https:\/\/m.media-amazon.com\/images\/S\/aplus-media-library-service-media\/aa19f106-80ec-43a8-8e0c-cdbea902bac6.__CR0,0,362,453_PT0_SX362_V1___.jpg\">  <\/p>\n<p>                                              <img decoding=\"async\" alt=\"Wei\u00dfer zylindrischer Roboterstaubsauger mit angehobenem Sensor an der Oberseite, der in einer h\u00e4uslichen Umgebung auf einem Holzboden positioniert ist\" src=\"https:\/\/images-na.ssl-images-amazon.com\/images\/G\/01\/x-locale\/common\/grey-pixel.gif\" class=\"a-lazy-loaded\" data-src=\"https:\/\/m.media-amazon.com\/images\/S\/aplus-media-library-service-media\/3670371d-bbd8-41d6-b358-19fdd720c039.__CR0,0,362,453_PT0_SX362_V1___.jpg\"><img decoding=\"async\" alt=\"Wei\u00dfer zylindrischer Roboterstaubsauger mit angehobenem Sensor an der Oberseite, der in einer h\u00e4uslichen Umgebung auf einem Holzboden positioniert ist\" src=\"https:\/\/m.media-amazon.com\/images\/S\/aplus-media-library-service-media\/3670371d-bbd8-41d6-b358-19fdd720c039.__CR0,0,362,453_PT0_SX362_V1___.jpg\">  <\/p>\n<p>                                              <img decoding=\"async\" alt=\"Wei\u00dfer Roboterstaubsauger mit Ladestation neben einem Golden Retriever, der auf einem hellen M\u00f6belst\u00fcck sitzt\" src=\"https:\/\/images-na.ssl-images-amazon.com\/images\/G\/01\/x-locale\/common\/grey-pixel.gif\" class=\"a-lazy-loaded\" data-src=\"https:\/\/m.media-amazon.com\/images\/S\/aplus-media-library-service-media\/4f5f80f0-4d19-41ab-a30c-766582771691.__CR0,0,362,453_PT0_SX362_V1___.jpg\"><img decoding=\"async\" alt=\"Wei\u00dfer Roboterstaubsauger mit Ladestation neben einem Golden Retriever, der auf einem hellen M\u00f6belst\u00fcck sitzt\" src=\"https:\/\/m.media-amazon.com\/images\/S\/aplus-media-library-service-media\/4f5f80f0-4d19-41ab-a30c-766582771691.__CR0,0,362,453_PT0_SX362_V1___.jpg\">  <\/p>\n<p>REVOLUTION\u00c4RE LEISTUNGSVERBESSERUNG: Der G20 Saugroboter mit Wischfunktion \u00fcberzeugt mit einer kraftvollen Saugleistung von 4500 Pa. Der Saugroboter kann bis zu 150 Minuten ununterbrochen arbeiten (im Standardmodus) und kehrt automatisch zur Ladestation zur\u00fcck, wenn der Akku leer ist. Dieser Saug- und Wischroboter nutzt Gyroskop-Navigationstechnologie und kann keine Karten erstellen.<br \/>OPTIMIERTE NAVIGATION &#038; HINDERNISVERMEIDUNG: Das intelligente Navigationssystem des G20 Staubsaugers mit Wischfunktion plant effiziente Zick-Zack-Routen, vermeidet Mehrfachreinigung und steigert die Reinigungsleistung um 50 %. Mit 23 Pr\u00e4zisionssensoren erkennt der Saug- und Wischroboter Treppen und Hindernisse pr\u00e4zise und sorgt so f\u00fcr zuverl\u00e4ssigen Schutz vor St\u00fcrzen und Kollisionen sowie eine schonende Handhabung von M\u00f6beln und W\u00e4nden. Beim Reinigen von Teppichen muss der Mopphalter entfernt werden.<br \/>Kehren, Staubsaugen und Wischen in einem: Der G20-Roboterstaubsauger kann sowohl Staubbox als auch Wassertank gleichzeitig aufnehmen, ohne dass ein Wechsel erforderlich ist. Es unterst\u00fctzt drei Reinigungsmodi: nur Staubsaugen, nur Wischen oder gleichzeitiges Staubsaugen und Wischen. Dadurch wird die Reinigungseffizienz deutlich erh\u00f6ht \u2013 egal ob bei Staub, Kr\u00fcmeln oder Fl\u00fcssigkeiten. Dieser Roboterstaubsauger verf\u00fcgt \u00fcber drei Saugstufen, die je nach Bedarf angepasst werden k\u00f6nnen.<br \/>KOMPAKT UND LEISTUNGSSTARK: Mit einem flachen Design von nur 7,6 cm H\u00f6he gleitet der Saugroboter m\u00fchelos unter niedrige M\u00f6bel wie Betten und Sofas. Der 450-ml-Staubbeh\u00e4lter fasst problemlos gro\u00dfe Schmutzmengen, unterst\u00fctzt durch ein 3-stufiges HEPA-Filtersystem, das selbst feinste Staubpartikel zuverl\u00e4ssig einf\u00e4ngt. Der elektronisch gesteuerte 250-ml-Wassertank erm\u00f6glicht zudem eine flexible dreistufige Regulierung der Wassermenge f\u00fcr ein bedarfsgerechtes Wischen.<br \/>APP-STEUERUNG, ALEXA, FERNBEDIENUNG: Der Wisch- und Saugroboter l\u00e4sst sich in nur drei Schritten per App einrichten. Sie k\u00f6nnen ihn auch von unterwegs steuern, Reinigungszeiten planen und verschiedene Modi ausw\u00e4hlen. Der batteriebetriebene Roboterstaubsauger G20 mit Wischfunktion ist mit Alexa und Google Assistant kompatibel und wird mit einer Fernbedienung geliefert. Hinweis: Verbindung nur mit 2,4-GHz-WLAN m\u00f6glich (keine 5-GHz-Unterst\u00fctzung).<\/p>\n<p>[ad_2]<\/p>\n","protected":false},"excerpt":{"rendered":"<p>Von der Marke Wischen Sie nach Links, um mehr zu lesen>> Wir sind eine neue Marke, die sich zum Ziel gesetzt hat, Kunden qualitative und qualitativ hochwertige Produkte anzubieten. Die Produkte werden von unserer eigenen Fabrik und anderen Fabriken mit St\u00e4rke und Ruf hergestellt. Die Hauptprodukte sind derzeit Kehrroboter und Haushaltsstaubsauger. Wir konzentrieren uns immer [&hellip;]<\/p>\n","protected":false},"featured_media":2094,"comment_status":"open","ping_status":"closed","template":"","meta":{"_aipt_faq_data":""},"store":[],"product_brand":[387],"product_cat":[76],"product_tag":[386],"class_list":{"0":"post-2093","1":"product","2":"type-product","3":"status-publish","4":"has-post-thumbnail","6":"product_brand-honiture","7":"product_cat-staubsauger-roboter-mit-wischfunktion","8":"product_tag-staubsauger-roboter-mit-wischfunktion-saugkraft-stark","10":"first","11":"instock","12":"sale","13":"shipping-taxable","14":"product-type-external"},"yoast_head":"<!-- This site is optimized with the Yoast SEO plugin v27.0 - https:\/\/yoast.com\/product\/yoast-seo-wordpress\/ -->\n<title>HONITURE Roboterstaubsauger mit Wischfunktion, G20 Roboterstaubsauger mit 4000Pa starker Saugkraft, Kehren, Staubsaugen, Wischen 3-in-1-Roboterstaubsauger, f\u00fcr Tierhaare, Teppiche, Hartb\u00f6den, Sprachsteuerung, Fernbedienung - EasyLifeBro<\/title>\n<meta name=\"description\" content=\"Entdecken Sie smarte Roboter f\u00fcr Zuhause, Garten, Bildung und Sicherheit. Vergleichen Sie Saugroboter, Rasenm\u00e4hroboter, KI-Begleitroboter und mehr bei EasyLifeRobo.\" \/>\n<meta name=\"robots\" content=\"index, follow, max-snippet:-1, max-image-preview:large, max-video-preview:-1\" \/>\n<link rel=\"canonical\" href=\"https:\/\/easyliferobo.com\/de\/product\/honiture-roboterstaubsauger-mit-wischfunktion-g20-roboterstaubsauger-mit-4000pa-starker-saugkraft-kehren-staubsaugen-wischen-3-in-1-roboterstaubsauger-fuer-tierhaare-teppiche-hartboeden-sprach\/\" \/>\n<meta property=\"og:locale\" content=\"de_DE\" \/>\n<meta property=\"og:type\" content=\"article\" \/>\n<meta property=\"og:title\" content=\"HONITURE Roboterstaubsauger mit Wischfunktion, G20 Roboterstaubsauger mit 4000Pa starker Saugkraft, Kehren, Staubsaugen, Wischen 3-in-1-Roboterstaubsauger, f\u00fcr Tierhaare, Teppiche, Hartb\u00f6den, Sprachsteuerung, Fernbedienung - EasyLifeBro\" \/>\n<meta property=\"og:description\" content=\"Entdecken Sie smarte Roboter f\u00fcr Zuhause, Garten, Bildung und Sicherheit. Vergleichen Sie Saugroboter, Rasenm\u00e4hroboter, KI-Begleitroboter und mehr bei EasyLifeRobo.\" \/>\n<meta property=\"og:url\" content=\"https:\/\/easyliferobo.com\/de\/product\/honiture-roboterstaubsauger-mit-wischfunktion-g20-roboterstaubsauger-mit-4000pa-starker-saugkraft-kehren-staubsaugen-wischen-3-in-1-roboterstaubsauger-fuer-tierhaare-teppiche-hartboeden-sprach\/\" \/>\n<meta property=\"og:site_name\" content=\"EasyLifeBro\" \/>\n<meta property=\"article:modified_time\" content=\"2026-02-27T02:26:49+00:00\" \/>\n<meta property=\"og:image\" content=\"https:\/\/images-na.ssl-images-amazon.com\/images\/G\/01\/x-locale\/common\/grey-pixel.gif\" \/>\n<meta name=\"twitter:card\" content=\"summary_large_image\" \/>\n<meta name=\"twitter:label1\" content=\"Gesch\u00e4tzte Lesezeit\" \/>\n\t<meta name=\"twitter:data1\" content=\"2\u00a0Minuten\" \/>\n<script type=\"application\/ld+json\" class=\"yoast-schema-graph\">{\"@context\":\"https:\/\/schema.org\",\"@graph\":[{\"@type\":\"WebPage\",\"@id\":\"https:\/\/easyliferobo.com\/de\/product\/honiture-roboterstaubsauger-mit-wischfunktion-g20-roboterstaubsauger-mit-4000pa-starker-saugkraft-kehren-staubsaugen-wischen-3-in-1-roboterstaubsauger-fuer-tierhaare-teppiche-hartboeden-sprach\/\",\"url\":\"https:\/\/easyliferobo.com\/de\/product\/honiture-roboterstaubsauger-mit-wischfunktion-g20-roboterstaubsauger-mit-4000pa-starker-saugkraft-kehren-staubsaugen-wischen-3-in-1-roboterstaubsauger-fuer-tierhaare-teppiche-hartboeden-sprach\/\",\"name\":\"HONITURE Roboterstaubsauger mit Wischfunktion, G20 Roboterstaubsauger mit 4000Pa starker Saugkraft, Kehren, Staubsaugen, Wischen 3-in-1-Roboterstaubsauger, f\u00fcr Tierhaare, Teppiche, Hartb\u00f6den, Sprachsteuerung, Fernbedienung - EasyLifeBro\",\"isPartOf\":{\"@id\":\"https:\/\/easyliferobo.com\/de\/#website\"},\"primaryImageOfPage\":{\"@id\":\"https:\/\/easyliferobo.com\/de\/product\/honiture-roboterstaubsauger-mit-wischfunktion-g20-roboterstaubsauger-mit-4000pa-starker-saugkraft-kehren-staubsaugen-wischen-3-in-1-roboterstaubsauger-fuer-tierhaare-teppiche-hartboeden-sprach\/#primaryimage\"},\"image\":{\"@id\":\"https:\/\/easyliferobo.com\/de\/product\/honiture-roboterstaubsauger-mit-wischfunktion-g20-roboterstaubsauger-mit-4000pa-starker-saugkraft-kehren-staubsaugen-wischen-3-in-1-roboterstaubsauger-fuer-tierhaare-teppiche-hartboeden-sprach\/#primaryimage\"},\"thumbnailUrl\":\"https:\/\/easyliferobo.com\/de\/wp-content\/uploads\/2026\/02\/71dnzvywqEL._AC_SL1500_.jpg\",\"datePublished\":\"2026-02-27T02:26:35+00:00\",\"dateModified\":\"2026-02-27T02:26:49+00:00\",\"description\":\"Entdecken Sie smarte Roboter f\u00fcr Zuhause, Garten, Bildung und Sicherheit. Vergleichen Sie Saugroboter, Rasenm\u00e4hroboter, KI-Begleitroboter und mehr bei EasyLifeRobo.\",\"breadcrumb\":{\"@id\":\"https:\/\/easyliferobo.com\/de\/product\/honiture-roboterstaubsauger-mit-wischfunktion-g20-roboterstaubsauger-mit-4000pa-starker-saugkraft-kehren-staubsaugen-wischen-3-in-1-roboterstaubsauger-fuer-tierhaare-teppiche-hartboeden-sprach\/#breadcrumb\"},\"inLanguage\":\"de\",\"potentialAction\":[{\"@type\":\"ReadAction\",\"target\":[\"https:\/\/easyliferobo.com\/de\/product\/honiture-roboterstaubsauger-mit-wischfunktion-g20-roboterstaubsauger-mit-4000pa-starker-saugkraft-kehren-staubsaugen-wischen-3-in-1-roboterstaubsauger-fuer-tierhaare-teppiche-hartboeden-sprach\/\"]}]},{\"@type\":\"ImageObject\",\"inLanguage\":\"de\",\"@id\":\"https:\/\/easyliferobo.com\/de\/product\/honiture-roboterstaubsauger-mit-wischfunktion-g20-roboterstaubsauger-mit-4000pa-starker-saugkraft-kehren-staubsaugen-wischen-3-in-1-roboterstaubsauger-fuer-tierhaare-teppiche-hartboeden-sprach\/#primaryimage\",\"url\":\"https:\/\/easyliferobo.com\/de\/wp-content\/uploads\/2026\/02\/71dnzvywqEL._AC_SL1500_.jpg\",\"contentUrl\":\"https:\/\/easyliferobo.com\/de\/wp-content\/uploads\/2026\/02\/71dnzvywqEL._AC_SL1500_.jpg\",\"width\":1500,\"height\":1481},{\"@type\":\"BreadcrumbList\",\"@id\":\"https:\/\/easyliferobo.com\/de\/product\/honiture-roboterstaubsauger-mit-wischfunktion-g20-roboterstaubsauger-mit-4000pa-starker-saugkraft-kehren-staubsaugen-wischen-3-in-1-roboterstaubsauger-fuer-tierhaare-teppiche-hartboeden-sprach\/#breadcrumb\",\"itemListElement\":[{\"@type\":\"ListItem\",\"position\":1,\"name\":\"Home\",\"item\":\"https:\/\/easyliferobo.com\/de\/\"},{\"@type\":\"ListItem\",\"position\":2,\"name\":\"Shop\",\"item\":\"https:\/\/easyliferobo.com\/de\/shop\/\"},{\"@type\":\"ListItem\",\"position\":3,\"name\":\"HONITURE Roboterstaubsauger mit Wis...\"}]},{\"@type\":\"WebSite\",\"@id\":\"https:\/\/easyliferobo.com\/de\/#website\",\"url\":\"https:\/\/easyliferobo.com\/de\/\",\"name\":\"EasyLifeBro\",\"description\":\"Smarte Roboter f\u00fcr Zuhause, Garten &amp; Bildung\",\"publisher\":{\"@id\":\"https:\/\/easyliferobo.com\/de\/#organization\"},\"potentialAction\":[{\"@type\":\"SearchAction\",\"target\":{\"@type\":\"EntryPoint\",\"urlTemplate\":\"https:\/\/easyliferobo.com\/de\/?s={search_term_string}\"},\"query-input\":{\"@type\":\"PropertyValueSpecification\",\"valueRequired\":true,\"valueName\":\"search_term_string\"}}],\"inLanguage\":\"de\"},{\"@type\":\"Organization\",\"@id\":\"https:\/\/easyliferobo.com\/de\/#organization\",\"name\":\"EasyLifeBro\",\"url\":\"https:\/\/easyliferobo.com\/de\/\",\"logo\":{\"@type\":\"ImageObject\",\"inLanguage\":\"de\",\"@id\":\"https:\/\/easyliferobo.com\/de\/#\/schema\/logo\/image\/\",\"url\":\"https:\/\/easyliferobo.com\/de\/wp-content\/uploads\/2026\/02\/Screenshot-2026-02-22-at-2.25.03-PM.png\",\"contentUrl\":\"https:\/\/easyliferobo.com\/de\/wp-content\/uploads\/2026\/02\/Screenshot-2026-02-22-at-2.25.03-PM.png\",\"width\":1858,\"height\":430,\"caption\":\"EasyLifeBro\"},\"image\":{\"@id\":\"https:\/\/easyliferobo.com\/de\/#\/schema\/logo\/image\/\"}}]}<\/script>\n<!-- \/ Yoast SEO plugin. -->","yoast_head_json":{"title":"HONITURE Roboterstaubsauger mit Wischfunktion, G20 Roboterstaubsauger mit 4000Pa starker Saugkraft, Kehren, Staubsaugen, Wischen 3-in-1-Roboterstaubsauger, f\u00fcr Tierhaare, Teppiche, Hartb\u00f6den, Sprachsteuerung, Fernbedienung - EasyLifeBro","description":"Entdecken Sie smarte Roboter f\u00fcr Zuhause, Garten, Bildung und Sicherheit. Vergleichen Sie Saugroboter, Rasenm\u00e4hroboter, KI-Begleitroboter und mehr bei EasyLifeRobo.","robots":{"index":"index","follow":"follow","max-snippet":"max-snippet:-1","max-image-preview":"max-image-preview:large","max-video-preview":"max-video-preview:-1"},"canonical":"https:\/\/easyliferobo.com\/de\/product\/honiture-roboterstaubsauger-mit-wischfunktion-g20-roboterstaubsauger-mit-4000pa-starker-saugkraft-kehren-staubsaugen-wischen-3-in-1-roboterstaubsauger-fuer-tierhaare-teppiche-hartboeden-sprach\/","og_locale":"de_DE","og_type":"article","og_title":"HONITURE Roboterstaubsauger mit Wischfunktion, G20 Roboterstaubsauger mit 4000Pa starker Saugkraft, Kehren, Staubsaugen, Wischen 3-in-1-Roboterstaubsauger, f\u00fcr Tierhaare, Teppiche, Hartb\u00f6den, Sprachsteuerung, Fernbedienung - EasyLifeBro","og_description":"Entdecken Sie smarte Roboter f\u00fcr Zuhause, Garten, Bildung und Sicherheit. Vergleichen Sie Saugroboter, Rasenm\u00e4hroboter, KI-Begleitroboter und mehr bei EasyLifeRobo.","og_url":"https:\/\/easyliferobo.com\/de\/product\/honiture-roboterstaubsauger-mit-wischfunktion-g20-roboterstaubsauger-mit-4000pa-starker-saugkraft-kehren-staubsaugen-wischen-3-in-1-roboterstaubsauger-fuer-tierhaare-teppiche-hartboeden-sprach\/","og_site_name":"EasyLifeBro","article_modified_time":"2026-02-27T02:26:49+00:00","og_image":[{"url":"https:\/\/images-na.ssl-images-amazon.com\/images\/G\/01\/x-locale\/common\/grey-pixel.gif","type":"","width":"","height":""}],"twitter_card":"summary_large_image","twitter_misc":{"Gesch\u00e4tzte Lesezeit":"2\u00a0Minuten"},"schema":{"@context":"https:\/\/schema.org","@graph":[{"@type":"WebPage","@id":"https:\/\/easyliferobo.com\/de\/product\/honiture-roboterstaubsauger-mit-wischfunktion-g20-roboterstaubsauger-mit-4000pa-starker-saugkraft-kehren-staubsaugen-wischen-3-in-1-roboterstaubsauger-fuer-tierhaare-teppiche-hartboeden-sprach\/","url":"https:\/\/easyliferobo.com\/de\/product\/honiture-roboterstaubsauger-mit-wischfunktion-g20-roboterstaubsauger-mit-4000pa-starker-saugkraft-kehren-staubsaugen-wischen-3-in-1-roboterstaubsauger-fuer-tierhaare-teppiche-hartboeden-sprach\/","name":"HONITURE Roboterstaubsauger mit Wischfunktion, G20 Roboterstaubsauger mit 4000Pa starker Saugkraft, Kehren, Staubsaugen, Wischen 3-in-1-Roboterstaubsauger, f\u00fcr Tierhaare, Teppiche, Hartb\u00f6den, Sprachsteuerung, Fernbedienung - EasyLifeBro","isPartOf":{"@id":"https:\/\/easyliferobo.com\/de\/#website"},"primaryImageOfPage":{"@id":"https:\/\/easyliferobo.com\/de\/product\/honiture-roboterstaubsauger-mit-wischfunktion-g20-roboterstaubsauger-mit-4000pa-starker-saugkraft-kehren-staubsaugen-wischen-3-in-1-roboterstaubsauger-fuer-tierhaare-teppiche-hartboeden-sprach\/#primaryimage"},"image":{"@id":"https:\/\/easyliferobo.com\/de\/product\/honiture-roboterstaubsauger-mit-wischfunktion-g20-roboterstaubsauger-mit-4000pa-starker-saugkraft-kehren-staubsaugen-wischen-3-in-1-roboterstaubsauger-fuer-tierhaare-teppiche-hartboeden-sprach\/#primaryimage"},"thumbnailUrl":"https:\/\/easyliferobo.com\/de\/wp-content\/uploads\/2026\/02\/71dnzvywqEL._AC_SL1500_.jpg","datePublished":"2026-02-27T02:26:35+00:00","dateModified":"2026-02-27T02:26:49+00:00","description":"Entdecken Sie smarte Roboter f\u00fcr Zuhause, Garten, Bildung und Sicherheit. Vergleichen Sie Saugroboter, Rasenm\u00e4hroboter, KI-Begleitroboter und mehr bei EasyLifeRobo.","breadcrumb":{"@id":"https:\/\/easyliferobo.com\/de\/product\/honiture-roboterstaubsauger-mit-wischfunktion-g20-roboterstaubsauger-mit-4000pa-starker-saugkraft-kehren-staubsaugen-wischen-3-in-1-roboterstaubsauger-fuer-tierhaare-teppiche-hartboeden-sprach\/#breadcrumb"},"inLanguage":"de","potentialAction":[{"@type":"ReadAction","target":["https:\/\/easyliferobo.com\/de\/product\/honiture-roboterstaubsauger-mit-wischfunktion-g20-roboterstaubsauger-mit-4000pa-starker-saugkraft-kehren-staubsaugen-wischen-3-in-1-roboterstaubsauger-fuer-tierhaare-teppiche-hartboeden-sprach\/"]}]},{"@type":"ImageObject","inLanguage":"de","@id":"https:\/\/easyliferobo.com\/de\/product\/honiture-roboterstaubsauger-mit-wischfunktion-g20-roboterstaubsauger-mit-4000pa-starker-saugkraft-kehren-staubsaugen-wischen-3-in-1-roboterstaubsauger-fuer-tierhaare-teppiche-hartboeden-sprach\/#primaryimage","url":"https:\/\/easyliferobo.com\/de\/wp-content\/uploads\/2026\/02\/71dnzvywqEL._AC_SL1500_.jpg","contentUrl":"https:\/\/easyliferobo.com\/de\/wp-content\/uploads\/2026\/02\/71dnzvywqEL._AC_SL1500_.jpg","width":1500,"height":1481},{"@type":"BreadcrumbList","@id":"https:\/\/easyliferobo.com\/de\/product\/honiture-roboterstaubsauger-mit-wischfunktion-g20-roboterstaubsauger-mit-4000pa-starker-saugkraft-kehren-staubsaugen-wischen-3-in-1-roboterstaubsauger-fuer-tierhaare-teppiche-hartboeden-sprach\/#breadcrumb","itemListElement":[{"@type":"ListItem","position":1,"name":"Home","item":"https:\/\/easyliferobo.com\/de\/"},{"@type":"ListItem","position":2,"name":"Shop","item":"https:\/\/easyliferobo.com\/de\/shop\/"},{"@type":"ListItem","position":3,"name":"HONITURE Roboterstaubsauger mit Wis..."}]},{"@type":"WebSite","@id":"https:\/\/easyliferobo.com\/de\/#website","url":"https:\/\/easyliferobo.com\/de\/","name":"EasyLifeBro","description":"Smarte Roboter f\u00fcr Zuhause, Garten &amp; Bildung","publisher":{"@id":"https:\/\/easyliferobo.com\/de\/#organization"},"potentialAction":[{"@type":"SearchAction","target":{"@type":"EntryPoint","urlTemplate":"https:\/\/easyliferobo.com\/de\/?s={search_term_string}"},"query-input":{"@type":"PropertyValueSpecification","valueRequired":true,"valueName":"search_term_string"}}],"inLanguage":"de"},{"@type":"Organization","@id":"https:\/\/easyliferobo.com\/de\/#organization","name":"EasyLifeBro","url":"https:\/\/easyliferobo.com\/de\/","logo":{"@type":"ImageObject","inLanguage":"de","@id":"https:\/\/easyliferobo.com\/de\/#\/schema\/logo\/image\/","url":"https:\/\/easyliferobo.com\/de\/wp-content\/uploads\/2026\/02\/Screenshot-2026-02-22-at-2.25.03-PM.png","contentUrl":"https:\/\/easyliferobo.com\/de\/wp-content\/uploads\/2026\/02\/Screenshot-2026-02-22-at-2.25.03-PM.png","width":1858,"height":430,"caption":"EasyLifeBro"},"image":{"@id":"https:\/\/easyliferobo.com\/de\/#\/schema\/logo\/image\/"}}]}},"_links":{"self":[{"href":"https:\/\/easyliferobo.com\/de\/wp-json\/wp\/v2\/product\/2093","targetHints":{"allow":["GET"]}}],"collection":[{"href":"https:\/\/easyliferobo.com\/de\/wp-json\/wp\/v2\/product"}],"about":[{"href":"https:\/\/easyliferobo.com\/de\/wp-json\/wp\/v2\/types\/product"}],"replies":[{"embeddable":true,"href":"https:\/\/easyliferobo.com\/de\/wp-json\/wp\/v2\/comments?post=2093"}],"wp:featuredmedia":[{"embeddable":true,"href":"https:\/\/easyliferobo.com\/de\/wp-json\/wp\/v2\/media\/2094"}],"wp:attachment":[{"href":"https:\/\/easyliferobo.com\/de\/wp-json\/wp\/v2\/media?parent=2093"}],"wp:term":[{"taxonomy":"store","embeddable":true,"href":"https:\/\/easyliferobo.com\/de\/wp-json\/wp\/v2\/store?post=2093"},{"taxonomy":"product_brand","embeddable":true,"href":"https:\/\/easyliferobo.com\/de\/wp-json\/wp\/v2\/product_brand?post=2093"},{"taxonomy":"product_cat","embeddable":true,"href":"https:\/\/easyliferobo.com\/de\/wp-json\/wp\/v2\/product_cat?post=2093"},{"taxonomy":"product_tag","embeddable":true,"href":"https:\/\/easyliferobo.com\/de\/wp-json\/wp\/v2\/product_tag?post=2093"}],"curies":[{"name":"wp","href":"https:\/\/api.w.org\/{rel}","templated":true}]}}