
{"id":2070,"date":"2026-02-27T02:22:32","date_gmt":"2026-02-27T02:22:32","guid":{"rendered":"https:\/\/easyliferobo.com\/de\/product\/pemenol-uebungsloeten-lern-elektronik-kit-intelligente-auto-loetprojekt-kits-line-after-roboter-kit-diy-elektronik-loeten-fuer-anfaenger-und-maenner\/"},"modified":"2026-02-27T02:22:43","modified_gmt":"2026-02-27T02:22:43","slug":"pemenol-uebungsloeten-lern-elektronik-kit-intelligente-auto-loetprojekt-kits-line-after-roboter-kit-diy-elektronik-loeten-fuer-anfaenger-und-maenner","status":"publish","type":"product","link":"https:\/\/easyliferobo.com\/de\/product\/pemenol-uebungsloeten-lern-elektronik-kit-intelligente-auto-loetprojekt-kits-line-after-roboter-kit-diy-elektronik-loeten-fuer-anfaenger-und-maenner\/","title":{"rendered":"PEMENOL \u00dcbungsl\u00f6ten-Lern-Elektron..."},"content":{"rendered":"<p>\n                                             Produktbeschreibung   <\/p>\n<p>                                                                                                       <img decoding=\"async\" alt=\"P\u00e4dagogisches Umfeld mit zwei Personen, die farbenfrohe Modelle untersuchen. In der blauen Texteinblendung steht \u201ePEMENOL\u201c, in dem professionelle Lernumgebungen erw\u00e4hnt\" src=\"https:\/\/images-na.ssl-images-amazon.com\/images\/G\/01\/x-locale\/common\/grey-pixel.gif\" class=\"a-lazy-loaded\" data-src=\"https:\/\/m.media-amazon.com\/images\/S\/aplus-media-library-service-media\/6f9be6bc-b27b-4768-aac8-011e038f31ca.__CR0,0,1464,600_PT0_SX1464_V1___.jpg\"><img decoding=\"async\" alt=\"P\u00e4dagogisches Umfeld mit zwei Personen, die farbenfrohe Modelle untersuchen. In der blauen Texteinblendung steht \u201ePEMENOL\u201c, in dem professionelle Lernumgebungen erw\u00e4hnt\" src=\"https:\/\/m.media-amazon.com\/images\/S\/aplus-media-library-service-media\/6f9be6bc-b27b-4768-aac8-011e038f31ca.__CR0,0,1464,600_PT0_SX1464_V1___.jpg\">                                               <\/p>\n<p>                                                                                                       <img decoding=\"async\" alt=\"ein Rennwagen mit einer Strecke\" src=\"https:\/\/images-na.ssl-images-amazon.com\/images\/G\/01\/x-locale\/common\/grey-pixel.gif\" class=\"a-lazy-loaded\" data-src=\"https:\/\/m.media-amazon.com\/images\/S\/aplus-media-library-service-media\/c38338a7-e365-4356-9d76-b9cf82bc8d3a.__CR0,0,1464,600_PT0_SX1464_V1___.jpg\"><img decoding=\"async\" alt=\"ein Rennwagen mit einer Strecke\" src=\"https:\/\/m.media-amazon.com\/images\/S\/aplus-media-library-service-media\/c38338a7-e365-4356-9d76-b9cf82bc8d3a.__CR0,0,1464,600_PT0_SX1464_V1___.jpg\">                                               <\/p>\n<p>                                                                                                       <img decoding=\"async\" alt=\"Schema der Strobe-Schaltung\" src=\"https:\/\/images-na.ssl-images-amazon.com\/images\/G\/01\/x-locale\/common\/grey-pixel.gif\" class=\"a-lazy-loaded\" data-src=\"https:\/\/m.media-amazon.com\/images\/S\/aplus-media-library-service-media\/e3c87e19-5c0a-4c15-8c4b-5609fc2ed2d8.__CR0,0,1464,600_PT0_SX1464_V1___.jpg\"><img decoding=\"async\" alt=\"Schema der Strobe-Schaltung\" src=\"https:\/\/m.media-amazon.com\/images\/S\/aplus-media-library-service-media\/e3c87e19-5c0a-4c15-8c4b-5609fc2ed2d8.__CR0,0,1464,600_PT0_SX1464_V1___.jpg\">                                               <\/p>\n<h3 class=\"a-text-center aplus-h1 a-text-bold\">  Spa\u00dfiges\/Praktisches DIY-L\u00f6tset <\/h3>\n<p>                         Zum Warenkorb hinzuf\u00fcgen Zum Warenkorb hinzuf\u00fcgen Zum Warenkorb hinzuf\u00fcgen Zum Warenkorb hinzuf\u00fcgen Zum Warenkorb hinzuf\u00fcgen Kundenrezensionen 4,0 von 5 Sternen 153 4,2 von 5 Sternen 71 3,8 von 5 Sternen 207 4,2 von 5 Sternen 65 4,0 von 5 Sternen 176 Preis 15,99 \u20ac 15,99 \u20ac 19,99 \u20ac 19,99 \u20ac 16,99 \u20ac 16,99 \u20ac 25,99 \u20ac25,99 \u20ac 26,99 \u20ac26,99 \u20ac Material Kunststoff Acryl Acryl Kunststoff Acryl Stromzufuhr Batterien USB USB USB Altersbereich Erwachsener Erwachsener Erwachsener Erwachsener Erwachsener Einfacher Einbau Einfach Einfach Einfach Einfach Einfach Montierte Gr\u00f6\u00dfe 12*9*3cm 13*9*4cm 7.7*3.3*2.5cm 12.2*8.5*8.5cm 20*13*3.5cm    <\/p>\n<p>Ihr Prinzip: Denn die Lichtreflexion ist unterschiedlich, wenn das Licht auf wei\u00dfe und schwarze Objekte f\u00e4llt. Mithilfe des Fotowiderstands erkennt es, ob das Smart-Auto auf dem richtigen Weg ist oder nicht. Das Smart-Tracking-Auto kann die Richtung automatisch erkennen, sodass es frei entlang der schwarzen Tracking-Linie fahren kann.<br \/>Gestalten Sie Ihre Landebahn: Sie k\u00f6nnen das 1,5\u20132,0 cm lange schwarze Isolierband auch direkt auf dem Boden verwenden, um die komplexe Landebahn zu entwerfen. Es w\u00fcrde noch mehr Spa\u00df machen!<br \/>Elemental DIY-Elektronikbausatz: Dieser Bausatz eignet sich perfekt f\u00fcr L\u00f6tlehren und ist ein attraktives Science-Fair-Projekt f\u00fcr Bastler und Heimwerker. Entwickeln Sie fundierte mechanische und elektronische F\u00e4higkeiten, trainieren Sie Ihre L\u00f6ttechnik und erleben Sie das spielerische Erlernen echter Elektronik.<br \/>Einfache Montage: Wir haben eine ausf\u00fchrliche Bedienungsanleitung (evtl. nicht in deutscher Sprache) vorbereitet, die Sie von der Produktseite herunterladen oder uns kontaktieren k\u00f6nnen, um sie zu erhalten. Der auf der Platine deutlich dargestellte und beschriftete Anschluss ist einfach herzustellen und das Prinzip ist einfach. Es sind jedoch immer noch gewisse Grundlagen elektronischer theoretischer Kenntnisse sowie Schwei\u00df- und praktische F\u00e4higkeiten erforderlich.<br \/>\u3010Ideales Geschenk f\u00fcr Ihre Familie und Freunde\u3011: Nach Abschluss des L\u00f6tprojekts werden Sie feststellen, dass es sich um ein interessantes Kunsthandwerk handelt. Ob zu Weihnachten, Halloween oder Geburtstagsfeier, dieses Geschenk wird Ihre Familie und Freunde sicherlich begeistern.<\/p>\n<p>[ad_2]<\/p>\n","protected":false},"excerpt":{"rendered":"<p>Produktbeschreibung Spa\u00dfiges\/Praktisches DIY-L\u00f6tset Zum Warenkorb hinzuf\u00fcgen Zum Warenkorb hinzuf\u00fcgen Zum Warenkorb hinzuf\u00fcgen Zum Warenkorb hinzuf\u00fcgen Zum Warenkorb hinzuf\u00fcgen Kundenrezensionen 4,0 von 5 Sternen 153 4,2 von 5 Sternen 71 3,8 von 5 Sternen 207 4,2 von 5 Sternen 65 4,0 von 5 Sternen 176 Preis 15,99 \u20ac 15,99 \u20ac 19,99 \u20ac 19,99 \u20ac 16,99 \u20ac [&hellip;]<\/p>\n","protected":false},"featured_media":2071,"comment_status":"open","ping_status":"closed","template":"","meta":{"_aipt_faq_data":""},"store":[],"product_brand":[222],"product_cat":[80],"product_tag":[382],"class_list":{"0":"post-2070","1":"product","2":"type-product","3":"status-publish","4":"has-post-thumbnail","6":"product_brand-pemenol","7":"product_cat-robotik-bausaetze","8":"product_tag-robotik-bausaetze-fuer-anfaenger","10":"first","11":"instock","12":"sale","13":"shipping-taxable","14":"product-type-external"},"yoast_head":"<!-- This site is optimized with the Yoast SEO plugin v27.4 - https:\/\/yoast.com\/product\/yoast-seo-wordpress\/ -->\n<title>PEMENOL \u00dcbungsl\u00f6ten-Lern-Elektronik-Kit, intelligente Auto-L\u00f6tprojekt-Kits, Line-after-Roboter-Kit DIY-Elektronik-L\u00f6ten f\u00fcr Anf\u00e4nger und M\u00e4nner - EasyLifeBro<\/title>\n<meta name=\"description\" content=\"Entdecken Sie smarte Roboter f\u00fcr Zuhause, Garten, Bildung und Sicherheit. Vergleichen Sie Saugroboter, Rasenm\u00e4hroboter, KI-Begleitroboter und mehr bei EasyLifeRobo.\" \/>\n<meta name=\"robots\" content=\"index, follow, max-snippet:-1, max-image-preview:large, max-video-preview:-1\" \/>\n<link rel=\"canonical\" href=\"https:\/\/easyliferobo.com\/de\/product\/pemenol-uebungsloeten-lern-elektronik-kit-intelligente-auto-loetprojekt-kits-line-after-roboter-kit-diy-elektronik-loeten-fuer-anfaenger-und-maenner\/\" \/>\n<meta property=\"og:locale\" content=\"de_DE\" \/>\n<meta property=\"og:type\" content=\"article\" \/>\n<meta property=\"og:title\" content=\"PEMENOL \u00dcbungsl\u00f6ten-Lern-Elektronik-Kit, intelligente Auto-L\u00f6tprojekt-Kits, Line-after-Roboter-Kit DIY-Elektronik-L\u00f6ten f\u00fcr Anf\u00e4nger und M\u00e4nner - EasyLifeBro\" \/>\n<meta property=\"og:description\" content=\"Entdecken Sie smarte Roboter f\u00fcr Zuhause, Garten, Bildung und Sicherheit. Vergleichen Sie Saugroboter, Rasenm\u00e4hroboter, KI-Begleitroboter und mehr bei EasyLifeRobo.\" \/>\n<meta property=\"og:url\" content=\"https:\/\/easyliferobo.com\/de\/product\/pemenol-uebungsloeten-lern-elektronik-kit-intelligente-auto-loetprojekt-kits-line-after-roboter-kit-diy-elektronik-loeten-fuer-anfaenger-und-maenner\/\" \/>\n<meta property=\"og:site_name\" content=\"EasyLifeBro\" \/>\n<meta property=\"article:modified_time\" content=\"2026-02-27T02:22:43+00:00\" \/>\n<meta property=\"og:image\" content=\"https:\/\/images-na.ssl-images-amazon.com\/images\/G\/01\/x-locale\/common\/grey-pixel.gif\" \/>\n<meta name=\"twitter:card\" content=\"summary_large_image\" \/>\n<meta name=\"twitter:label1\" content=\"Gesch\u00e4tzte Lesezeit\" \/>\n\t<meta name=\"twitter:data1\" content=\"1\u00a0Minute\" \/>\n<script type=\"application\/ld+json\" class=\"yoast-schema-graph\">{\"@context\":\"https:\\\/\\\/schema.org\",\"@graph\":[{\"@type\":\"WebPage\",\"@id\":\"https:\\\/\\\/easyliferobo.com\\\/de\\\/product\\\/pemenol-uebungsloeten-lern-elektronik-kit-intelligente-auto-loetprojekt-kits-line-after-roboter-kit-diy-elektronik-loeten-fuer-anfaenger-und-maenner\\\/\",\"url\":\"https:\\\/\\\/easyliferobo.com\\\/de\\\/product\\\/pemenol-uebungsloeten-lern-elektronik-kit-intelligente-auto-loetprojekt-kits-line-after-roboter-kit-diy-elektronik-loeten-fuer-anfaenger-und-maenner\\\/\",\"name\":\"PEMENOL \u00dcbungsl\u00f6ten-Lern-Elektronik-Kit, intelligente Auto-L\u00f6tprojekt-Kits, Line-after-Roboter-Kit DIY-Elektronik-L\u00f6ten f\u00fcr Anf\u00e4nger und M\u00e4nner - EasyLifeBro\",\"isPartOf\":{\"@id\":\"https:\\\/\\\/easyliferobo.com\\\/de\\\/#website\"},\"primaryImageOfPage\":{\"@id\":\"https:\\\/\\\/easyliferobo.com\\\/de\\\/product\\\/pemenol-uebungsloeten-lern-elektronik-kit-intelligente-auto-loetprojekt-kits-line-after-roboter-kit-diy-elektronik-loeten-fuer-anfaenger-und-maenner\\\/#primaryimage\"},\"image\":{\"@id\":\"https:\\\/\\\/easyliferobo.com\\\/de\\\/product\\\/pemenol-uebungsloeten-lern-elektronik-kit-intelligente-auto-loetprojekt-kits-line-after-roboter-kit-diy-elektronik-loeten-fuer-anfaenger-und-maenner\\\/#primaryimage\"},\"thumbnailUrl\":\"https:\\\/\\\/easyliferobo.com\\\/de\\\/wp-content\\\/uploads\\\/2026\\\/02\\\/61B57AuTSxL._AC_SL1500_.jpg\",\"datePublished\":\"2026-02-27T02:22:32+00:00\",\"dateModified\":\"2026-02-27T02:22:43+00:00\",\"description\":\"Entdecken Sie smarte Roboter f\u00fcr Zuhause, Garten, Bildung und Sicherheit. Vergleichen Sie Saugroboter, Rasenm\u00e4hroboter, KI-Begleitroboter und mehr bei EasyLifeRobo.\",\"breadcrumb\":{\"@id\":\"https:\\\/\\\/easyliferobo.com\\\/de\\\/product\\\/pemenol-uebungsloeten-lern-elektronik-kit-intelligente-auto-loetprojekt-kits-line-after-roboter-kit-diy-elektronik-loeten-fuer-anfaenger-und-maenner\\\/#breadcrumb\"},\"inLanguage\":\"de\",\"potentialAction\":[{\"@type\":\"ReadAction\",\"target\":[\"https:\\\/\\\/easyliferobo.com\\\/de\\\/product\\\/pemenol-uebungsloeten-lern-elektronik-kit-intelligente-auto-loetprojekt-kits-line-after-roboter-kit-diy-elektronik-loeten-fuer-anfaenger-und-maenner\\\/\"]}]},{\"@type\":\"ImageObject\",\"inLanguage\":\"de\",\"@id\":\"https:\\\/\\\/easyliferobo.com\\\/de\\\/product\\\/pemenol-uebungsloeten-lern-elektronik-kit-intelligente-auto-loetprojekt-kits-line-after-roboter-kit-diy-elektronik-loeten-fuer-anfaenger-und-maenner\\\/#primaryimage\",\"url\":\"https:\\\/\\\/easyliferobo.com\\\/de\\\/wp-content\\\/uploads\\\/2026\\\/02\\\/61B57AuTSxL._AC_SL1500_.jpg\",\"contentUrl\":\"https:\\\/\\\/easyliferobo.com\\\/de\\\/wp-content\\\/uploads\\\/2026\\\/02\\\/61B57AuTSxL._AC_SL1500_.jpg\",\"width\":1390,\"height\":1320},{\"@type\":\"BreadcrumbList\",\"@id\":\"https:\\\/\\\/easyliferobo.com\\\/de\\\/product\\\/pemenol-uebungsloeten-lern-elektronik-kit-intelligente-auto-loetprojekt-kits-line-after-roboter-kit-diy-elektronik-loeten-fuer-anfaenger-und-maenner\\\/#breadcrumb\",\"itemListElement\":[{\"@type\":\"ListItem\",\"position\":1,\"name\":\"Home\",\"item\":\"https:\\\/\\\/easyliferobo.com\\\/de\\\/\"},{\"@type\":\"ListItem\",\"position\":2,\"name\":\"Shop\",\"item\":\"https:\\\/\\\/easyliferobo.com\\\/de\\\/shop\\\/\"},{\"@type\":\"ListItem\",\"position\":3,\"name\":\"PEMENOL \u00dcbungsl\u00f6ten-Lern-Elektron...\"}]},{\"@type\":\"WebSite\",\"@id\":\"https:\\\/\\\/easyliferobo.com\\\/de\\\/#website\",\"url\":\"https:\\\/\\\/easyliferobo.com\\\/de\\\/\",\"name\":\"EasyLifeBro\",\"description\":\"Smarte Roboter f\u00fcr Zuhause, Garten &amp; Bildung\",\"publisher\":{\"@id\":\"https:\\\/\\\/easyliferobo.com\\\/de\\\/#organization\"},\"potentialAction\":[{\"@type\":\"SearchAction\",\"target\":{\"@type\":\"EntryPoint\",\"urlTemplate\":\"https:\\\/\\\/easyliferobo.com\\\/de\\\/?s={search_term_string}\"},\"query-input\":{\"@type\":\"PropertyValueSpecification\",\"valueRequired\":true,\"valueName\":\"search_term_string\"}}],\"inLanguage\":\"de\"},{\"@type\":\"Organization\",\"@id\":\"https:\\\/\\\/easyliferobo.com\\\/de\\\/#organization\",\"name\":\"EasyLifeBro\",\"url\":\"https:\\\/\\\/easyliferobo.com\\\/de\\\/\",\"logo\":{\"@type\":\"ImageObject\",\"inLanguage\":\"de\",\"@id\":\"https:\\\/\\\/easyliferobo.com\\\/de\\\/#\\\/schema\\\/logo\\\/image\\\/\",\"url\":\"https:\\\/\\\/easyliferobo.com\\\/de\\\/wp-content\\\/uploads\\\/2026\\\/02\\\/Screenshot-2026-02-22-at-2.25.03-PM.png\",\"contentUrl\":\"https:\\\/\\\/easyliferobo.com\\\/de\\\/wp-content\\\/uploads\\\/2026\\\/02\\\/Screenshot-2026-02-22-at-2.25.03-PM.png\",\"width\":1858,\"height\":430,\"caption\":\"EasyLifeBro\"},\"image\":{\"@id\":\"https:\\\/\\\/easyliferobo.com\\\/de\\\/#\\\/schema\\\/logo\\\/image\\\/\"}}]}<\/script>\n<!-- \/ Yoast SEO plugin. -->","yoast_head_json":{"title":"PEMENOL \u00dcbungsl\u00f6ten-Lern-Elektronik-Kit, intelligente Auto-L\u00f6tprojekt-Kits, Line-after-Roboter-Kit DIY-Elektronik-L\u00f6ten f\u00fcr Anf\u00e4nger und M\u00e4nner - EasyLifeBro","description":"Entdecken Sie smarte Roboter f\u00fcr Zuhause, Garten, Bildung und Sicherheit. Vergleichen Sie Saugroboter, Rasenm\u00e4hroboter, KI-Begleitroboter und mehr bei EasyLifeRobo.","robots":{"index":"index","follow":"follow","max-snippet":"max-snippet:-1","max-image-preview":"max-image-preview:large","max-video-preview":"max-video-preview:-1"},"canonical":"https:\/\/easyliferobo.com\/de\/product\/pemenol-uebungsloeten-lern-elektronik-kit-intelligente-auto-loetprojekt-kits-line-after-roboter-kit-diy-elektronik-loeten-fuer-anfaenger-und-maenner\/","og_locale":"de_DE","og_type":"article","og_title":"PEMENOL \u00dcbungsl\u00f6ten-Lern-Elektronik-Kit, intelligente Auto-L\u00f6tprojekt-Kits, Line-after-Roboter-Kit DIY-Elektronik-L\u00f6ten f\u00fcr Anf\u00e4nger und M\u00e4nner - EasyLifeBro","og_description":"Entdecken Sie smarte Roboter f\u00fcr Zuhause, Garten, Bildung und Sicherheit. Vergleichen Sie Saugroboter, Rasenm\u00e4hroboter, KI-Begleitroboter und mehr bei EasyLifeRobo.","og_url":"https:\/\/easyliferobo.com\/de\/product\/pemenol-uebungsloeten-lern-elektronik-kit-intelligente-auto-loetprojekt-kits-line-after-roboter-kit-diy-elektronik-loeten-fuer-anfaenger-und-maenner\/","og_site_name":"EasyLifeBro","article_modified_time":"2026-02-27T02:22:43+00:00","og_image":[{"url":"https:\/\/images-na.ssl-images-amazon.com\/images\/G\/01\/x-locale\/common\/grey-pixel.gif","type":"","width":"","height":""}],"twitter_card":"summary_large_image","twitter_misc":{"Gesch\u00e4tzte Lesezeit":"1\u00a0Minute"},"schema":{"@context":"https:\/\/schema.org","@graph":[{"@type":"WebPage","@id":"https:\/\/easyliferobo.com\/de\/product\/pemenol-uebungsloeten-lern-elektronik-kit-intelligente-auto-loetprojekt-kits-line-after-roboter-kit-diy-elektronik-loeten-fuer-anfaenger-und-maenner\/","url":"https:\/\/easyliferobo.com\/de\/product\/pemenol-uebungsloeten-lern-elektronik-kit-intelligente-auto-loetprojekt-kits-line-after-roboter-kit-diy-elektronik-loeten-fuer-anfaenger-und-maenner\/","name":"PEMENOL \u00dcbungsl\u00f6ten-Lern-Elektronik-Kit, intelligente Auto-L\u00f6tprojekt-Kits, Line-after-Roboter-Kit DIY-Elektronik-L\u00f6ten f\u00fcr Anf\u00e4nger und M\u00e4nner - EasyLifeBro","isPartOf":{"@id":"https:\/\/easyliferobo.com\/de\/#website"},"primaryImageOfPage":{"@id":"https:\/\/easyliferobo.com\/de\/product\/pemenol-uebungsloeten-lern-elektronik-kit-intelligente-auto-loetprojekt-kits-line-after-roboter-kit-diy-elektronik-loeten-fuer-anfaenger-und-maenner\/#primaryimage"},"image":{"@id":"https:\/\/easyliferobo.com\/de\/product\/pemenol-uebungsloeten-lern-elektronik-kit-intelligente-auto-loetprojekt-kits-line-after-roboter-kit-diy-elektronik-loeten-fuer-anfaenger-und-maenner\/#primaryimage"},"thumbnailUrl":"https:\/\/easyliferobo.com\/de\/wp-content\/uploads\/2026\/02\/61B57AuTSxL._AC_SL1500_.jpg","datePublished":"2026-02-27T02:22:32+00:00","dateModified":"2026-02-27T02:22:43+00:00","description":"Entdecken Sie smarte Roboter f\u00fcr Zuhause, Garten, Bildung und Sicherheit. Vergleichen Sie Saugroboter, Rasenm\u00e4hroboter, KI-Begleitroboter und mehr bei EasyLifeRobo.","breadcrumb":{"@id":"https:\/\/easyliferobo.com\/de\/product\/pemenol-uebungsloeten-lern-elektronik-kit-intelligente-auto-loetprojekt-kits-line-after-roboter-kit-diy-elektronik-loeten-fuer-anfaenger-und-maenner\/#breadcrumb"},"inLanguage":"de","potentialAction":[{"@type":"ReadAction","target":["https:\/\/easyliferobo.com\/de\/product\/pemenol-uebungsloeten-lern-elektronik-kit-intelligente-auto-loetprojekt-kits-line-after-roboter-kit-diy-elektronik-loeten-fuer-anfaenger-und-maenner\/"]}]},{"@type":"ImageObject","inLanguage":"de","@id":"https:\/\/easyliferobo.com\/de\/product\/pemenol-uebungsloeten-lern-elektronik-kit-intelligente-auto-loetprojekt-kits-line-after-roboter-kit-diy-elektronik-loeten-fuer-anfaenger-und-maenner\/#primaryimage","url":"https:\/\/easyliferobo.com\/de\/wp-content\/uploads\/2026\/02\/61B57AuTSxL._AC_SL1500_.jpg","contentUrl":"https:\/\/easyliferobo.com\/de\/wp-content\/uploads\/2026\/02\/61B57AuTSxL._AC_SL1500_.jpg","width":1390,"height":1320},{"@type":"BreadcrumbList","@id":"https:\/\/easyliferobo.com\/de\/product\/pemenol-uebungsloeten-lern-elektronik-kit-intelligente-auto-loetprojekt-kits-line-after-roboter-kit-diy-elektronik-loeten-fuer-anfaenger-und-maenner\/#breadcrumb","itemListElement":[{"@type":"ListItem","position":1,"name":"Home","item":"https:\/\/easyliferobo.com\/de\/"},{"@type":"ListItem","position":2,"name":"Shop","item":"https:\/\/easyliferobo.com\/de\/shop\/"},{"@type":"ListItem","position":3,"name":"PEMENOL \u00dcbungsl\u00f6ten-Lern-Elektron..."}]},{"@type":"WebSite","@id":"https:\/\/easyliferobo.com\/de\/#website","url":"https:\/\/easyliferobo.com\/de\/","name":"EasyLifeBro","description":"Smarte Roboter f\u00fcr Zuhause, Garten &amp; Bildung","publisher":{"@id":"https:\/\/easyliferobo.com\/de\/#organization"},"potentialAction":[{"@type":"SearchAction","target":{"@type":"EntryPoint","urlTemplate":"https:\/\/easyliferobo.com\/de\/?s={search_term_string}"},"query-input":{"@type":"PropertyValueSpecification","valueRequired":true,"valueName":"search_term_string"}}],"inLanguage":"de"},{"@type":"Organization","@id":"https:\/\/easyliferobo.com\/de\/#organization","name":"EasyLifeBro","url":"https:\/\/easyliferobo.com\/de\/","logo":{"@type":"ImageObject","inLanguage":"de","@id":"https:\/\/easyliferobo.com\/de\/#\/schema\/logo\/image\/","url":"https:\/\/easyliferobo.com\/de\/wp-content\/uploads\/2026\/02\/Screenshot-2026-02-22-at-2.25.03-PM.png","contentUrl":"https:\/\/easyliferobo.com\/de\/wp-content\/uploads\/2026\/02\/Screenshot-2026-02-22-at-2.25.03-PM.png","width":1858,"height":430,"caption":"EasyLifeBro"},"image":{"@id":"https:\/\/easyliferobo.com\/de\/#\/schema\/logo\/image\/"}}]}},"_links":{"self":[{"href":"https:\/\/easyliferobo.com\/de\/wp-json\/wp\/v2\/product\/2070","targetHints":{"allow":["GET"]}}],"collection":[{"href":"https:\/\/easyliferobo.com\/de\/wp-json\/wp\/v2\/product"}],"about":[{"href":"https:\/\/easyliferobo.com\/de\/wp-json\/wp\/v2\/types\/product"}],"replies":[{"embeddable":true,"href":"https:\/\/easyliferobo.com\/de\/wp-json\/wp\/v2\/comments?post=2070"}],"wp:featuredmedia":[{"embeddable":true,"href":"https:\/\/easyliferobo.com\/de\/wp-json\/wp\/v2\/media\/2071"}],"wp:attachment":[{"href":"https:\/\/easyliferobo.com\/de\/wp-json\/wp\/v2\/media?parent=2070"}],"wp:term":[{"taxonomy":"store","embeddable":true,"href":"https:\/\/easyliferobo.com\/de\/wp-json\/wp\/v2\/store?post=2070"},{"taxonomy":"product_brand","embeddable":true,"href":"https:\/\/easyliferobo.com\/de\/wp-json\/wp\/v2\/product_brand?post=2070"},{"taxonomy":"product_cat","embeddable":true,"href":"https:\/\/easyliferobo.com\/de\/wp-json\/wp\/v2\/product_cat?post=2070"},{"taxonomy":"product_tag","embeddable":true,"href":"https:\/\/easyliferobo.com\/de\/wp-json\/wp\/v2\/product_tag?post=2070"}],"curies":[{"name":"wp","href":"https:\/\/api.w.org\/{rel}","templated":true}]}}