
{"id":2061,"date":"2026-02-27T02:20:50","date_gmt":"2026-02-27T02:20:50","guid":{"rendered":"https:\/\/easyliferobo.com\/de\/product\/geeekpi-vorverloetetes-raspberry-pi-pico-2-mit-header-usb-kabel-rp2350-mikrocontroller-board-mini-board-kit-basierend-auf-rp2350-chip-dual-core-und-dual-architektur-unterstuetzt-c-c-python\/"},"modified":"2026-02-27T02:21:09","modified_gmt":"2026-02-27T02:21:09","slug":"geeekpi-vorverloetetes-raspberry-pi-pico-2-mit-header-usb-kabel-rp2350-mikrocontroller-board-mini-board-kit-basierend-auf-rp2350-chip-dual-core-und-dual-architektur-unterstuetzt-c-c-python","status":"publish","type":"product","link":"https:\/\/easyliferobo.com\/de\/product\/geeekpi-vorverloetetes-raspberry-pi-pico-2-mit-header-usb-kabel-rp2350-mikrocontroller-board-mini-board-kit-basierend-auf-rp2350-chip-dual-core-und-dual-architektur-unterstuetzt-c-c-python\/","title":{"rendered":"GeeekPi Vorverl\u00f6tetes Raspberry Pi..."},"content":{"rendered":"<p>\n                                             Von der Marke   <\/p>\n<p>                                              <img decoding=\"async\" alt=\"Himbeer-Pi-Pico\" src=\"https:\/\/images-na.ssl-images-amazon.com\/images\/G\/01\/x-locale\/common\/grey-pixel.gif\" class=\"a-lazy-loaded\" data-src=\"https:\/\/m.media-amazon.com\/images\/S\/aplus-media-library-service-media\/a5aa1bd9-70f6-48e7-95e7-2738b772bbf5.__CR0,0,1464,625_PT0_SX1464_V1___.jpg\"><img decoding=\"async\" alt=\"Himbeer-Pi-Pico\" src=\"https:\/\/m.media-amazon.com\/images\/S\/aplus-media-library-service-media\/a5aa1bd9-70f6-48e7-95e7-2738b772bbf5.__CR0,0,1464,625_PT0_SX1464_V1___.jpg\">  <\/p>\n<p>                                              <img decoding=\"async\" alt=\"\" src=\"https:\/\/images-na.ssl-images-amazon.com\/images\/G\/01\/x-locale\/common\/grey-pixel.gif\" class=\"a-lazy-loaded\" data-src=\"https:\/\/m.media-amazon.com\/images\/S\/aplus-media-library-service-media\/20a1a842-0c36-43fd-bdf6-d47ec064080d.__CR0,0,315,145_PT0_SX315_V1___.jpg\"><img decoding=\"async\" alt=\"\" src=\"https:\/\/m.media-amazon.com\/images\/S\/aplus-media-library-service-media\/20a1a842-0c36-43fd-bdf6-d47ec064080d.__CR0,0,315,145_PT0_SX315_V1___.jpg\">  <\/p>\n<p>  Wir sind GeeekPi, ein Team professioneller Elektronikentwickler. Wir sind auf die Entwicklung und Herstellung von DIY-Fertigungszubeh\u00f6r wie Raspberry Pi-Zubeh\u00f6r, Arduino-Kits, elektronischen Modulen, LCD-Displays, Geh\u00e4usen und K\u00fchlk\u00f6rpern und mehr spezialisiert. <\/p>\n<p>  Schaffen Sie mit diesen Komponenten endlose M\u00f6glichkeiten, entf\u00fchren Sie in die Welt der Elektronik und lassen Sie Ihre Ideen Wirklichkeit werden. <\/p>\n<h3>  Raspberry Pi Pico\/Pico 2\/2W <\/h3>\n<p class=\"apm-brand-story-stores-link\">\n<h3>  Pico &#038; Pico W Kit <\/h3>\n<p class=\"apm-brand-story-stores-link\">\n<h3>  Modul f\u00fcr Pico\/Pico W <\/h3>\n<p class=\"apm-brand-story-stores-link\">\n<h3>  Raspberry Pi Zero mit Zero 2 W <\/h3>\n<p class=\"apm-brand-story-stores-link\">\n<h3>  Starter-Kit f\u00fcr Raspberry Pi 5 <\/h3>\n<p class=\"apm-brand-story-stores-link\">\n<h3>  Starter-Kit f\u00fcr Raspberry Pi 4 <\/h3>\n<p class=\"apm-brand-story-stores-link\">\n<p>Leistungsstarker Prozessor: Verf\u00fcgt \u00fcber zwei Arm-Cortex-M33-Kerne und zwei RISC-V-Hazard3-Kerne, die verbesserte Verarbeitungsf\u00e4higkeiten f\u00fcr komplexe Anwendungen bieten<br \/>Verbesserte Leistung: Arbeitet mit einer Systemtaktrate von 150 MHz und 520 KB RAM, was eine deutliche Leistungssteigerung gegen\u00fcber Vorg\u00e4ngermodellen bietet<br \/>Programmierflexibilit\u00e4t: Kompatibel mit den Programmiersprachen C\/C++ und Python, sodass es sowohl f\u00fcr Anf\u00e4nger als auch f\u00fcr erfahrene Entwickler geeignet ist<br \/>UMFANGREICHES PAKET Beinhaltet ausf\u00fchrliche Dokumentation, Pinbelegungsanweisungen und notwendige USB-Kabel f\u00fcr den sofortigen Projektstart<br \/>Abw\u00e4rtskompatibilit\u00e4t: Beh\u00e4lt die Kompatibilit\u00e4t mit fr\u00fcheren Raspberry Pi Pico-Serien bei und bietet gleichzeitig erweiterte Funktionen und F\u00e4higkeiten<\/p>\n<p>[ad_2]<\/p>\n","protected":false},"excerpt":{"rendered":"<p>Von der Marke Wir sind GeeekPi, ein Team professioneller Elektronikentwickler. Wir sind auf die Entwicklung und Herstellung von DIY-Fertigungszubeh\u00f6r wie Raspberry Pi-Zubeh\u00f6r, Arduino-Kits, elektronischen Modulen, LCD-Displays, Geh\u00e4usen und K\u00fchlk\u00f6rpern und mehr spezialisiert. Schaffen Sie mit diesen Komponenten endlose M\u00f6glichkeiten, entf\u00fchren Sie in die Welt der Elektronik und lassen Sie Ihre Ideen Wirklichkeit werden. Raspberry Pi [&hellip;]<\/p>\n","protected":false},"featured_media":2062,"comment_status":"open","ping_status":"closed","template":"","meta":{"_aipt_faq_data":""},"store":[],"product_brand":[141],"product_cat":[81],"product_tag":[381],"class_list":{"0":"post-2061","1":"product","2":"type-product","3":"status-publish","4":"has-post-thumbnail","6":"product_brand-geeekpi","7":"product_cat-arduino-raspberry-pi-kits","8":"product_tag-arduino-raspberry-pi-kits-programming-kits","10":"first","11":"instock","12":"sale","13":"shipping-taxable","14":"product-type-external"},"yoast_head":"<!-- This site is optimized with the Yoast SEO plugin v27.0 - https:\/\/yoast.com\/product\/yoast-seo-wordpress\/ -->\n<title>GeeekPi Vorverl\u00f6tetes Raspberry Pi Pico 2 mit Header-USB-Kabel, RP2350 Mikrocontroller-Board, Mini-Board-Kit basierend auf RP2350-Chip, Dual-Core und Dual-Architektur, unterst\u00fctzt C\/C++\/Python - EasyLifeBro<\/title>\n<meta name=\"description\" content=\"Entdecken Sie smarte Roboter f\u00fcr Zuhause, Garten, Bildung und Sicherheit. Vergleichen Sie Saugroboter, Rasenm\u00e4hroboter, KI-Begleitroboter und mehr bei EasyLifeRobo.\" \/>\n<meta name=\"robots\" content=\"index, follow, max-snippet:-1, max-image-preview:large, max-video-preview:-1\" \/>\n<link rel=\"canonical\" href=\"https:\/\/easyliferobo.com\/de\/product\/geeekpi-vorverloetetes-raspberry-pi-pico-2-mit-header-usb-kabel-rp2350-mikrocontroller-board-mini-board-kit-basierend-auf-rp2350-chip-dual-core-und-dual-architektur-unterstuetzt-c-c-python\/\" \/>\n<meta property=\"og:locale\" content=\"de_DE\" \/>\n<meta property=\"og:type\" content=\"article\" \/>\n<meta property=\"og:title\" content=\"GeeekPi Vorverl\u00f6tetes Raspberry Pi Pico 2 mit Header-USB-Kabel, RP2350 Mikrocontroller-Board, Mini-Board-Kit basierend auf RP2350-Chip, Dual-Core und Dual-Architektur, unterst\u00fctzt C\/C++\/Python - EasyLifeBro\" \/>\n<meta property=\"og:description\" content=\"Entdecken Sie smarte Roboter f\u00fcr Zuhause, Garten, Bildung und Sicherheit. Vergleichen Sie Saugroboter, Rasenm\u00e4hroboter, KI-Begleitroboter und mehr bei EasyLifeRobo.\" \/>\n<meta property=\"og:url\" content=\"https:\/\/easyliferobo.com\/de\/product\/geeekpi-vorverloetetes-raspberry-pi-pico-2-mit-header-usb-kabel-rp2350-mikrocontroller-board-mini-board-kit-basierend-auf-rp2350-chip-dual-core-und-dual-architektur-unterstuetzt-c-c-python\/\" \/>\n<meta property=\"og:site_name\" content=\"EasyLifeBro\" \/>\n<meta property=\"article:modified_time\" content=\"2026-02-27T02:21:09+00:00\" \/>\n<meta property=\"og:image\" content=\"https:\/\/images-na.ssl-images-amazon.com\/images\/G\/01\/x-locale\/common\/grey-pixel.gif\" \/>\n<meta name=\"twitter:card\" content=\"summary_large_image\" \/>\n<meta name=\"twitter:label1\" content=\"Gesch\u00e4tzte Lesezeit\" \/>\n\t<meta name=\"twitter:data1\" content=\"1\u00a0Minute\" \/>\n<script type=\"application\/ld+json\" class=\"yoast-schema-graph\">{\"@context\":\"https:\/\/schema.org\",\"@graph\":[{\"@type\":\"WebPage\",\"@id\":\"https:\/\/easyliferobo.com\/de\/product\/geeekpi-vorverloetetes-raspberry-pi-pico-2-mit-header-usb-kabel-rp2350-mikrocontroller-board-mini-board-kit-basierend-auf-rp2350-chip-dual-core-und-dual-architektur-unterstuetzt-c-c-python\/\",\"url\":\"https:\/\/easyliferobo.com\/de\/product\/geeekpi-vorverloetetes-raspberry-pi-pico-2-mit-header-usb-kabel-rp2350-mikrocontroller-board-mini-board-kit-basierend-auf-rp2350-chip-dual-core-und-dual-architektur-unterstuetzt-c-c-python\/\",\"name\":\"GeeekPi Vorverl\u00f6tetes Raspberry Pi Pico 2 mit Header-USB-Kabel, RP2350 Mikrocontroller-Board, Mini-Board-Kit basierend auf RP2350-Chip, Dual-Core und Dual-Architektur, unterst\u00fctzt C\/C++\/Python - EasyLifeBro\",\"isPartOf\":{\"@id\":\"https:\/\/easyliferobo.com\/de\/#website\"},\"primaryImageOfPage\":{\"@id\":\"https:\/\/easyliferobo.com\/de\/product\/geeekpi-vorverloetetes-raspberry-pi-pico-2-mit-header-usb-kabel-rp2350-mikrocontroller-board-mini-board-kit-basierend-auf-rp2350-chip-dual-core-und-dual-architektur-unterstuetzt-c-c-python\/#primaryimage\"},\"image\":{\"@id\":\"https:\/\/easyliferobo.com\/de\/product\/geeekpi-vorverloetetes-raspberry-pi-pico-2-mit-header-usb-kabel-rp2350-mikrocontroller-board-mini-board-kit-basierend-auf-rp2350-chip-dual-core-und-dual-architektur-unterstuetzt-c-c-python\/#primaryimage\"},\"thumbnailUrl\":\"https:\/\/easyliferobo.com\/de\/wp-content\/uploads\/2026\/02\/81amPmCiwDL._AC_SL1500_.jpg\",\"datePublished\":\"2026-02-27T02:20:50+00:00\",\"dateModified\":\"2026-02-27T02:21:09+00:00\",\"description\":\"Entdecken Sie smarte Roboter f\u00fcr Zuhause, Garten, Bildung und Sicherheit. Vergleichen Sie Saugroboter, Rasenm\u00e4hroboter, KI-Begleitroboter und mehr bei EasyLifeRobo.\",\"breadcrumb\":{\"@id\":\"https:\/\/easyliferobo.com\/de\/product\/geeekpi-vorverloetetes-raspberry-pi-pico-2-mit-header-usb-kabel-rp2350-mikrocontroller-board-mini-board-kit-basierend-auf-rp2350-chip-dual-core-und-dual-architektur-unterstuetzt-c-c-python\/#breadcrumb\"},\"inLanguage\":\"de\",\"potentialAction\":[{\"@type\":\"ReadAction\",\"target\":[\"https:\/\/easyliferobo.com\/de\/product\/geeekpi-vorverloetetes-raspberry-pi-pico-2-mit-header-usb-kabel-rp2350-mikrocontroller-board-mini-board-kit-basierend-auf-rp2350-chip-dual-core-und-dual-architektur-unterstuetzt-c-c-python\/\"]}]},{\"@type\":\"ImageObject\",\"inLanguage\":\"de\",\"@id\":\"https:\/\/easyliferobo.com\/de\/product\/geeekpi-vorverloetetes-raspberry-pi-pico-2-mit-header-usb-kabel-rp2350-mikrocontroller-board-mini-board-kit-basierend-auf-rp2350-chip-dual-core-und-dual-architektur-unterstuetzt-c-c-python\/#primaryimage\",\"url\":\"https:\/\/easyliferobo.com\/de\/wp-content\/uploads\/2026\/02\/81amPmCiwDL._AC_SL1500_.jpg\",\"contentUrl\":\"https:\/\/easyliferobo.com\/de\/wp-content\/uploads\/2026\/02\/81amPmCiwDL._AC_SL1500_.jpg\",\"width\":1459,\"height\":1500},{\"@type\":\"BreadcrumbList\",\"@id\":\"https:\/\/easyliferobo.com\/de\/product\/geeekpi-vorverloetetes-raspberry-pi-pico-2-mit-header-usb-kabel-rp2350-mikrocontroller-board-mini-board-kit-basierend-auf-rp2350-chip-dual-core-und-dual-architektur-unterstuetzt-c-c-python\/#breadcrumb\",\"itemListElement\":[{\"@type\":\"ListItem\",\"position\":1,\"name\":\"Home\",\"item\":\"https:\/\/easyliferobo.com\/de\/\"},{\"@type\":\"ListItem\",\"position\":2,\"name\":\"Shop\",\"item\":\"https:\/\/easyliferobo.com\/de\/shop\/\"},{\"@type\":\"ListItem\",\"position\":3,\"name\":\"GeeekPi Vorverl\u00f6tetes Raspberry Pi...\"}]},{\"@type\":\"WebSite\",\"@id\":\"https:\/\/easyliferobo.com\/de\/#website\",\"url\":\"https:\/\/easyliferobo.com\/de\/\",\"name\":\"EasyLifeBro\",\"description\":\"Smarte Roboter f\u00fcr Zuhause, Garten &amp; Bildung\",\"publisher\":{\"@id\":\"https:\/\/easyliferobo.com\/de\/#organization\"},\"potentialAction\":[{\"@type\":\"SearchAction\",\"target\":{\"@type\":\"EntryPoint\",\"urlTemplate\":\"https:\/\/easyliferobo.com\/de\/?s={search_term_string}\"},\"query-input\":{\"@type\":\"PropertyValueSpecification\",\"valueRequired\":true,\"valueName\":\"search_term_string\"}}],\"inLanguage\":\"de\"},{\"@type\":\"Organization\",\"@id\":\"https:\/\/easyliferobo.com\/de\/#organization\",\"name\":\"EasyLifeBro\",\"url\":\"https:\/\/easyliferobo.com\/de\/\",\"logo\":{\"@type\":\"ImageObject\",\"inLanguage\":\"de\",\"@id\":\"https:\/\/easyliferobo.com\/de\/#\/schema\/logo\/image\/\",\"url\":\"https:\/\/easyliferobo.com\/de\/wp-content\/uploads\/2026\/02\/Screenshot-2026-02-22-at-2.25.03-PM.png\",\"contentUrl\":\"https:\/\/easyliferobo.com\/de\/wp-content\/uploads\/2026\/02\/Screenshot-2026-02-22-at-2.25.03-PM.png\",\"width\":1858,\"height\":430,\"caption\":\"EasyLifeBro\"},\"image\":{\"@id\":\"https:\/\/easyliferobo.com\/de\/#\/schema\/logo\/image\/\"}}]}<\/script>\n<!-- \/ Yoast SEO plugin. -->","yoast_head_json":{"title":"GeeekPi Vorverl\u00f6tetes Raspberry Pi Pico 2 mit Header-USB-Kabel, RP2350 Mikrocontroller-Board, Mini-Board-Kit basierend auf RP2350-Chip, Dual-Core und Dual-Architektur, unterst\u00fctzt C\/C++\/Python - EasyLifeBro","description":"Entdecken Sie smarte Roboter f\u00fcr Zuhause, Garten, Bildung und Sicherheit. Vergleichen Sie Saugroboter, Rasenm\u00e4hroboter, KI-Begleitroboter und mehr bei EasyLifeRobo.","robots":{"index":"index","follow":"follow","max-snippet":"max-snippet:-1","max-image-preview":"max-image-preview:large","max-video-preview":"max-video-preview:-1"},"canonical":"https:\/\/easyliferobo.com\/de\/product\/geeekpi-vorverloetetes-raspberry-pi-pico-2-mit-header-usb-kabel-rp2350-mikrocontroller-board-mini-board-kit-basierend-auf-rp2350-chip-dual-core-und-dual-architektur-unterstuetzt-c-c-python\/","og_locale":"de_DE","og_type":"article","og_title":"GeeekPi Vorverl\u00f6tetes Raspberry Pi Pico 2 mit Header-USB-Kabel, RP2350 Mikrocontroller-Board, Mini-Board-Kit basierend auf RP2350-Chip, Dual-Core und Dual-Architektur, unterst\u00fctzt C\/C++\/Python - EasyLifeBro","og_description":"Entdecken Sie smarte Roboter f\u00fcr Zuhause, Garten, Bildung und Sicherheit. Vergleichen Sie Saugroboter, Rasenm\u00e4hroboter, KI-Begleitroboter und mehr bei EasyLifeRobo.","og_url":"https:\/\/easyliferobo.com\/de\/product\/geeekpi-vorverloetetes-raspberry-pi-pico-2-mit-header-usb-kabel-rp2350-mikrocontroller-board-mini-board-kit-basierend-auf-rp2350-chip-dual-core-und-dual-architektur-unterstuetzt-c-c-python\/","og_site_name":"EasyLifeBro","article_modified_time":"2026-02-27T02:21:09+00:00","og_image":[{"url":"https:\/\/images-na.ssl-images-amazon.com\/images\/G\/01\/x-locale\/common\/grey-pixel.gif","type":"","width":"","height":""}],"twitter_card":"summary_large_image","twitter_misc":{"Gesch\u00e4tzte Lesezeit":"1\u00a0Minute"},"schema":{"@context":"https:\/\/schema.org","@graph":[{"@type":"WebPage","@id":"https:\/\/easyliferobo.com\/de\/product\/geeekpi-vorverloetetes-raspberry-pi-pico-2-mit-header-usb-kabel-rp2350-mikrocontroller-board-mini-board-kit-basierend-auf-rp2350-chip-dual-core-und-dual-architektur-unterstuetzt-c-c-python\/","url":"https:\/\/easyliferobo.com\/de\/product\/geeekpi-vorverloetetes-raspberry-pi-pico-2-mit-header-usb-kabel-rp2350-mikrocontroller-board-mini-board-kit-basierend-auf-rp2350-chip-dual-core-und-dual-architektur-unterstuetzt-c-c-python\/","name":"GeeekPi Vorverl\u00f6tetes Raspberry Pi Pico 2 mit Header-USB-Kabel, RP2350 Mikrocontroller-Board, Mini-Board-Kit basierend auf RP2350-Chip, Dual-Core und Dual-Architektur, unterst\u00fctzt C\/C++\/Python - EasyLifeBro","isPartOf":{"@id":"https:\/\/easyliferobo.com\/de\/#website"},"primaryImageOfPage":{"@id":"https:\/\/easyliferobo.com\/de\/product\/geeekpi-vorverloetetes-raspberry-pi-pico-2-mit-header-usb-kabel-rp2350-mikrocontroller-board-mini-board-kit-basierend-auf-rp2350-chip-dual-core-und-dual-architektur-unterstuetzt-c-c-python\/#primaryimage"},"image":{"@id":"https:\/\/easyliferobo.com\/de\/product\/geeekpi-vorverloetetes-raspberry-pi-pico-2-mit-header-usb-kabel-rp2350-mikrocontroller-board-mini-board-kit-basierend-auf-rp2350-chip-dual-core-und-dual-architektur-unterstuetzt-c-c-python\/#primaryimage"},"thumbnailUrl":"https:\/\/easyliferobo.com\/de\/wp-content\/uploads\/2026\/02\/81amPmCiwDL._AC_SL1500_.jpg","datePublished":"2026-02-27T02:20:50+00:00","dateModified":"2026-02-27T02:21:09+00:00","description":"Entdecken Sie smarte Roboter f\u00fcr Zuhause, Garten, Bildung und Sicherheit. Vergleichen Sie Saugroboter, Rasenm\u00e4hroboter, KI-Begleitroboter und mehr bei EasyLifeRobo.","breadcrumb":{"@id":"https:\/\/easyliferobo.com\/de\/product\/geeekpi-vorverloetetes-raspberry-pi-pico-2-mit-header-usb-kabel-rp2350-mikrocontroller-board-mini-board-kit-basierend-auf-rp2350-chip-dual-core-und-dual-architektur-unterstuetzt-c-c-python\/#breadcrumb"},"inLanguage":"de","potentialAction":[{"@type":"ReadAction","target":["https:\/\/easyliferobo.com\/de\/product\/geeekpi-vorverloetetes-raspberry-pi-pico-2-mit-header-usb-kabel-rp2350-mikrocontroller-board-mini-board-kit-basierend-auf-rp2350-chip-dual-core-und-dual-architektur-unterstuetzt-c-c-python\/"]}]},{"@type":"ImageObject","inLanguage":"de","@id":"https:\/\/easyliferobo.com\/de\/product\/geeekpi-vorverloetetes-raspberry-pi-pico-2-mit-header-usb-kabel-rp2350-mikrocontroller-board-mini-board-kit-basierend-auf-rp2350-chip-dual-core-und-dual-architektur-unterstuetzt-c-c-python\/#primaryimage","url":"https:\/\/easyliferobo.com\/de\/wp-content\/uploads\/2026\/02\/81amPmCiwDL._AC_SL1500_.jpg","contentUrl":"https:\/\/easyliferobo.com\/de\/wp-content\/uploads\/2026\/02\/81amPmCiwDL._AC_SL1500_.jpg","width":1459,"height":1500},{"@type":"BreadcrumbList","@id":"https:\/\/easyliferobo.com\/de\/product\/geeekpi-vorverloetetes-raspberry-pi-pico-2-mit-header-usb-kabel-rp2350-mikrocontroller-board-mini-board-kit-basierend-auf-rp2350-chip-dual-core-und-dual-architektur-unterstuetzt-c-c-python\/#breadcrumb","itemListElement":[{"@type":"ListItem","position":1,"name":"Home","item":"https:\/\/easyliferobo.com\/de\/"},{"@type":"ListItem","position":2,"name":"Shop","item":"https:\/\/easyliferobo.com\/de\/shop\/"},{"@type":"ListItem","position":3,"name":"GeeekPi Vorverl\u00f6tetes Raspberry Pi..."}]},{"@type":"WebSite","@id":"https:\/\/easyliferobo.com\/de\/#website","url":"https:\/\/easyliferobo.com\/de\/","name":"EasyLifeBro","description":"Smarte Roboter f\u00fcr Zuhause, Garten &amp; Bildung","publisher":{"@id":"https:\/\/easyliferobo.com\/de\/#organization"},"potentialAction":[{"@type":"SearchAction","target":{"@type":"EntryPoint","urlTemplate":"https:\/\/easyliferobo.com\/de\/?s={search_term_string}"},"query-input":{"@type":"PropertyValueSpecification","valueRequired":true,"valueName":"search_term_string"}}],"inLanguage":"de"},{"@type":"Organization","@id":"https:\/\/easyliferobo.com\/de\/#organization","name":"EasyLifeBro","url":"https:\/\/easyliferobo.com\/de\/","logo":{"@type":"ImageObject","inLanguage":"de","@id":"https:\/\/easyliferobo.com\/de\/#\/schema\/logo\/image\/","url":"https:\/\/easyliferobo.com\/de\/wp-content\/uploads\/2026\/02\/Screenshot-2026-02-22-at-2.25.03-PM.png","contentUrl":"https:\/\/easyliferobo.com\/de\/wp-content\/uploads\/2026\/02\/Screenshot-2026-02-22-at-2.25.03-PM.png","width":1858,"height":430,"caption":"EasyLifeBro"},"image":{"@id":"https:\/\/easyliferobo.com\/de\/#\/schema\/logo\/image\/"}}]}},"_links":{"self":[{"href":"https:\/\/easyliferobo.com\/de\/wp-json\/wp\/v2\/product\/2061","targetHints":{"allow":["GET"]}}],"collection":[{"href":"https:\/\/easyliferobo.com\/de\/wp-json\/wp\/v2\/product"}],"about":[{"href":"https:\/\/easyliferobo.com\/de\/wp-json\/wp\/v2\/types\/product"}],"replies":[{"embeddable":true,"href":"https:\/\/easyliferobo.com\/de\/wp-json\/wp\/v2\/comments?post=2061"}],"wp:featuredmedia":[{"embeddable":true,"href":"https:\/\/easyliferobo.com\/de\/wp-json\/wp\/v2\/media\/2062"}],"wp:attachment":[{"href":"https:\/\/easyliferobo.com\/de\/wp-json\/wp\/v2\/media?parent=2061"}],"wp:term":[{"taxonomy":"store","embeddable":true,"href":"https:\/\/easyliferobo.com\/de\/wp-json\/wp\/v2\/store?post=2061"},{"taxonomy":"product_brand","embeddable":true,"href":"https:\/\/easyliferobo.com\/de\/wp-json\/wp\/v2\/product_brand?post=2061"},{"taxonomy":"product_cat","embeddable":true,"href":"https:\/\/easyliferobo.com\/de\/wp-json\/wp\/v2\/product_cat?post=2061"},{"taxonomy":"product_tag","embeddable":true,"href":"https:\/\/easyliferobo.com\/de\/wp-json\/wp\/v2\/product_tag?post=2061"}],"curies":[{"name":"wp","href":"https:\/\/api.w.org\/{rel}","templated":true}]}}