
{"id":2050,"date":"2026-02-27T02:19:36","date_gmt":"2026-02-27T02:19:36","guid":{"rendered":"https:\/\/easyliferobo.com\/de\/product\/sunseeker-v1garage-roboter-rasenmaeher-ohne-begrenzungskabel-300-m%c2%b2-fuer-kleine-gaerten-vision-ai-intelligente-navigation-rasenroboter-mit-one-click-maehen\/"},"modified":"2026-02-27T02:19:56","modified_gmt":"2026-02-27T02:19:56","slug":"sunseeker-v1garage-roboter-rasenmaeher-ohne-begrenzungskabel-300-m%c2%b2-fuer-kleine-gaerten-vision-ai-intelligente-navigation-rasenroboter-mit-one-click-maehen","status":"publish","type":"product","link":"https:\/\/easyliferobo.com\/de\/product\/sunseeker-v1garage-roboter-rasenmaeher-ohne-begrenzungskabel-300-m%c2%b2-fuer-kleine-gaerten-vision-ai-intelligente-navigation-rasenroboter-mit-one-click-maehen\/","title":{"rendered":"Sunseeker V1+Garage, Roboter-Rasenm..."},"content":{"rendered":"<p>\n                                             Vom Hersteller   <\/p>\n<p>                                                                             <img decoding=\"async\" alt=\"Aplus-Inhaltsbild\" src=\"https:\/\/images-na.ssl-images-amazon.com\/images\/G\/01\/x-locale\/common\/grey-pixel.gif\" class=\"a-spacing-base a-lazy-loaded\" data-src=\"https:\/\/m.media-amazon.com\/images\/S\/aplus-media-library-service-media\/e95aadf0-464c-413a-adc2-82e8dee836d1.__CR0,0,970,600_PT0_SX970_V1___.jpg\"><img decoding=\"async\" alt=\"Aplus-Inhaltsbild\" src=\"https:\/\/m.media-amazon.com\/images\/S\/aplus-media-library-service-media\/e95aadf0-464c-413a-adc2-82e8dee836d1.__CR0,0,970,600_PT0_SX970_V1___.jpg\">                                                                    <\/p>\n<p>                                                                             <img decoding=\"async\" alt=\"Aplus-Inhaltsbild\" src=\"https:\/\/images-na.ssl-images-amazon.com\/images\/G\/01\/x-locale\/common\/grey-pixel.gif\" class=\"a-spacing-base a-lazy-loaded\" data-src=\"https:\/\/m.media-amazon.com\/images\/S\/aplus-media-library-service-media\/c9d6d135-5aac-4536-9b3a-d79d1fc44c96.__CR0,0,970,600_PT0_SX970_V1___.jpg\"><img decoding=\"async\" alt=\"Aplus-Inhaltsbild\" src=\"https:\/\/m.media-amazon.com\/images\/S\/aplus-media-library-service-media\/c9d6d135-5aac-4536-9b3a-d79d1fc44c96.__CR0,0,970,600_PT0_SX970_V1___.jpg\">                                                                    <\/p>\n<p>                                                                             <img decoding=\"async\" alt=\"Der Text lautet \u201eKompakter, langlebiger, aufr\u00fcstbarer M\u00e4her\u201c, \u201eIP66 wasserdicht\u201c, \u201eOTA-Updates\u201c, \u201eKompakter und aufr\u00fcstbarer Rasenm\u00e4her\u201c. Leichtes Design&#39;. Zeigt einen Roboter-Rasenm\u00e4her im Au\u00dfenbereich mit wasserdichten und kompakten Designmerkmalen.\" src=\"https:\/\/images-na.ssl-images-amazon.com\/images\/G\/01\/x-locale\/common\/grey-pixel.gif\" class=\"a-spacing-base a-lazy-loaded\" data-src=\"https:\/\/m.media-amazon.com\/images\/S\/aplus-media-library-service-media\/a74d7b8d-7dfe-4e37-9295-e89ed4e61a7b.__CR0,0,970,600_PT0_SX970_V1___.jpg\"><img decoding=\"async\" alt=\"Der Text lautet \u201eKompakter, langlebiger, aufr\u00fcstbarer M\u00e4her\u201c, \u201eIP66 wasserdicht\u201c, \u201eOTA-Updates\u201c, \u201eKompakter und aufr\u00fcstbarer Rasenm\u00e4her\u201c. Leichtes Design&#39;. Zeigt einen Roboter-Rasenm\u00e4her im Au\u00dfenbereich mit wasserdichten und kompakten Designmerkmalen.\" src=\"https:\/\/m.media-amazon.com\/images\/S\/aplus-media-library-service-media\/a74d7b8d-7dfe-4e37-9295-e89ed4e61a7b.__CR0,0,970,600_PT0_SX970_V1___.jpg\">                                                                    <\/p>\n<p>                                                                             <img decoding=\"async\" alt=\"Der Text lautet \u201e\u00dcber uns\u201c. mit Unternehmensstatistiken: \u201e\u00fcber 2.300 Mitarbeiter\u201c, \u201e11 weltweite Niederlassungen\u201c, \u201e4 Zertifikate\/ISO\u201c, \u201e\u00fcber 600 Produktpatente\u201c. auf orangefarbenem und schwarzem Hintergrund.\" src=\"https:\/\/images-na.ssl-images-amazon.com\/images\/G\/01\/x-locale\/common\/grey-pixel.gif\" class=\"a-spacing-base a-lazy-loaded\" data-src=\"https:\/\/m.media-amazon.com\/images\/S\/aplus-media-library-service-media\/2bae776b-edf3-457b-96e9-9870d236b8f8.__CR0,0,970,600_PT0_SX970_V1___.jpg\"><img decoding=\"async\" alt=\"Der Text lautet \u201e\u00dcber uns\u201c. mit Unternehmensstatistiken: \u201e\u00fcber 2.300 Mitarbeiter\u201c, \u201e11 weltweite Niederlassungen\u201c, \u201e4 Zertifikate\/ISO\u201c, \u201e\u00fcber 600 Produktpatente\u201c. auf orangefarbenem und schwarzem Hintergrund.\" src=\"https:\/\/m.media-amazon.com\/images\/S\/aplus-media-library-service-media\/2bae776b-edf3-457b-96e9-9870d236b8f8.__CR0,0,970,600_PT0_SX970_V1___.jpg\">                                                                    <\/p>\n<p>                         Zum Warenkorb hinzuf\u00fcgen Zum Warenkorb hinzuf\u00fcgen Zum Warenkorb hinzuf\u00fcgen Zum Warenkorb hinzuf\u00fcgen Zum Warenkorb hinzuf\u00fcgen Zum Warenkorb hinzuf\u00fcgen Preis 599,00 \u20ac599,00 \u20ac 999,99 \u20ac 999,99 \u20ac 899,00 \u20ac 899,00 \u20ac 1.699,00 \u20ac 1.699,00 \u20ac 799,00 \u20ac 799,00 \u20ac 1.006,11 \u20ac 1.006,11 \u20ac Max. M\u00e4hbereich 300\u33a1 1000\u33a1 800\u33a1 1600\u33a1 600\u33a1 1000\u33a1 Schnittbreite 16 cm 18 cm 18 cm 20 cm 18 cm 18 cm Schnitth\u00f6he 20-50 mm 20-60 mm 20-60 mm 20-60 mm 20-60 mm 20-60 mm max. Neigungsf\u00e4higkeit 27 % 42 % 30 % 60 % 42 % 42 % Batteriekapazit\u00e4t 2,0 Ah 4,0 Ah 4,0 Ah 5,0 Ah 2,5 Ah 4,0 Ah Positionierung und Navigation Vision AI (monokular) Vision AI + 360\u00b0 3D LiDAR (monokular) RTK + Vision AI (monokular) RTK+Vision AI (binokular) Vision AI (binokular) Vision AI (binokular) Multizonen Keine 100 60 80 3 3 Nachtmodus keine Daten \u2713 keine Daten keine Daten keine Daten keine Daten Schutzstufe (Maschine) IPX5 IPX6 IPX5 IPX5 IPX5 IPX5 Alexa oder Google Home \u2713 \u2713 \u2713 \u2713 \u2713 \u2713 \u2713<\/p>\n<p>Schnellstart: Keine Kabelbeschr\u00e4nkung, keine komplizierte Einrichtung \u2013 der Sunseeker V1 Roboter-Rasenm\u00e4her mit ReadyGo-System ist in wenigen Minuten einsatzbereit und bietet eine einfache, kosteng\u00fcnstige L\u00f6sung f\u00fcr kleine Rasenfl\u00e4chen bis zu 300 m\u00b2, f\u00fcr ein m\u00fcheloses und effizientes M\u00e4herlebnis<br \/>Vision AI-Hindernisvermeidung: Ausgestattet mit modernster Vision AI-Technologie erkennt und umgeht der Rasenm\u00e4herroboter V1 automatisch \u00fcber 360 g\u00e4ngige Hindernisse. Pr\u00e4zise Navigation vom Blumenbeet bis zum Felsen f\u00fcr einen gesch\u00fctzten Rasen und sorgenfreie Pflege<br \/>Saubere Schnittergebnisse: Mit schwimmendem M\u00e4hwerk (20\u201350 mm Schnitth\u00f6he, 16 cm Schnittbreite) und 27 % Steigf\u00e4higkeit ist der Rasenroboter V1 perfekt auf einfache, begrenzte G\u00e4rten mit leicht geneigtem Gel\u00e4nde zugeschnitten. Der V1 navigiert und m\u00e4ht m\u00fchelos durch den gesamten Garten und erzielt ein gleichm\u00e4\u00dfiges, sauberes professionelles M\u00e4hergebnis<br \/>Ultraleiser 55-dB-Betrieb: Mit nur 55 dB arbeitet der Sunseeker V1 leise im Hintergrund. Der Rasenm\u00e4herroboter beeintr\u00e4chtigt weder Ihr Familienleben noch Ihre Freizeit und ist haustierfreundlich \u2013 jederzeit sorgenfreies M\u00e4hen<br \/>Langlebiges Design: Mit der Wasserschutzklasse IPX5 und kostenlosem Sonnenschutz h\u00e4lt der Rasenm\u00e4herroboter \u00e4u\u00dferen Bedingungen wie Sonne und Regen stand<br \/>LOKALER KUNDENDIENST, REPARATURZENTRUM UND 3 JAHRE GARANTIE: Erhalten Sie lokalen Support, ein regionales Reparaturzentrum und eine 3-Jahres-Garantie f\u00fcr absolute Sicherheit. Unser Serviceteam bietet professionelle Beratung, schnelle Fehlerbehebung sowie deutsch- und englischsprachigen Kundenservice \u2013 zuverl\u00e4ssig, transparent und kundenorientiert<\/p>\n<p>[ad_2]<\/p>\n","protected":false},"excerpt":{"rendered":"<p>Vom Hersteller Zum Warenkorb hinzuf\u00fcgen Zum Warenkorb hinzuf\u00fcgen Zum Warenkorb hinzuf\u00fcgen Zum Warenkorb hinzuf\u00fcgen Zum Warenkorb hinzuf\u00fcgen Zum Warenkorb hinzuf\u00fcgen Preis 599,00 \u20ac599,00 \u20ac 999,99 \u20ac 999,99 \u20ac 899,00 \u20ac 899,00 \u20ac 1.699,00 \u20ac 1.699,00 \u20ac 799,00 \u20ac 799,00 \u20ac 1.006,11 \u20ac 1.006,11 \u20ac Max. M\u00e4hbereich 300\u33a1 1000\u33a1 800\u33a1 1600\u33a1 600\u33a1 1000\u33a1 Schnittbreite 16 cm [&hellip;]<\/p>\n","protected":false},"featured_media":2051,"comment_status":"open","ping_status":"closed","template":"","meta":{"_aipt_faq_data":""},"store":[],"product_brand":[287],"product_cat":[83],"product_tag":[380],"class_list":{"0":"post-2050","1":"product","2":"type-product","3":"status-publish","4":"has-post-thumbnail","6":"product_brand-sunseeker","7":"product_cat-rasenroboter-fuer-kleine-gaerten","8":"product_tag-rasenroboter-fuer-kleine-gaerten-einfache-installation","10":"first","11":"instock","12":"shipping-taxable","13":"product-type-external"},"yoast_head":"<!-- This site is optimized with the Yoast SEO plugin v27.4 - https:\/\/yoast.com\/product\/yoast-seo-wordpress\/ -->\n<title>Sunseeker V1+Garage, Roboter-Rasenm\u00e4her ohne Begrenzungskabel, 300 m\u00b2 f\u00fcr kleine G\u00e4rten, Vision AI Intelligente Navigation, Rasenroboter mit One-Click-M\u00e4hen - EasyLifeBro<\/title>\n<meta name=\"description\" content=\"Entdecken Sie smarte Roboter f\u00fcr Zuhause, Garten, Bildung und Sicherheit. Vergleichen Sie Saugroboter, Rasenm\u00e4hroboter, KI-Begleitroboter und mehr bei EasyLifeRobo.\" \/>\n<meta name=\"robots\" content=\"index, follow, max-snippet:-1, max-image-preview:large, max-video-preview:-1\" \/>\n<link rel=\"canonical\" href=\"https:\/\/easyliferobo.com\/de\/product\/sunseeker-v1garage-roboter-rasenmaeher-ohne-begrenzungskabel-300-m\u00b2-fuer-kleine-gaerten-vision-ai-intelligente-navigation-rasenroboter-mit-one-click-maehen\/\" \/>\n<meta property=\"og:locale\" content=\"de_DE\" \/>\n<meta property=\"og:type\" content=\"article\" \/>\n<meta property=\"og:title\" content=\"Sunseeker V1+Garage, Roboter-Rasenm\u00e4her ohne Begrenzungskabel, 300 m\u00b2 f\u00fcr kleine G\u00e4rten, Vision AI Intelligente Navigation, Rasenroboter mit One-Click-M\u00e4hen - EasyLifeBro\" \/>\n<meta property=\"og:description\" content=\"Entdecken Sie smarte Roboter f\u00fcr Zuhause, Garten, Bildung und Sicherheit. Vergleichen Sie Saugroboter, Rasenm\u00e4hroboter, KI-Begleitroboter und mehr bei EasyLifeRobo.\" \/>\n<meta property=\"og:url\" content=\"https:\/\/easyliferobo.com\/de\/product\/sunseeker-v1garage-roboter-rasenmaeher-ohne-begrenzungskabel-300-m\u00b2-fuer-kleine-gaerten-vision-ai-intelligente-navigation-rasenroboter-mit-one-click-maehen\/\" \/>\n<meta property=\"og:site_name\" content=\"EasyLifeBro\" \/>\n<meta property=\"article:modified_time\" content=\"2026-02-27T02:19:56+00:00\" \/>\n<meta property=\"og:image\" content=\"https:\/\/images-na.ssl-images-amazon.com\/images\/G\/01\/x-locale\/common\/grey-pixel.gif\" \/>\n<meta name=\"twitter:card\" content=\"summary_large_image\" \/>\n<meta name=\"twitter:label1\" content=\"Gesch\u00e4tzte Lesezeit\" \/>\n\t<meta name=\"twitter:data1\" content=\"2\u00a0Minuten\" \/>\n<script type=\"application\/ld+json\" class=\"yoast-schema-graph\">{\"@context\":\"https:\\\/\\\/schema.org\",\"@graph\":[{\"@type\":\"WebPage\",\"@id\":\"https:\\\/\\\/easyliferobo.com\\\/de\\\/product\\\/sunseeker-v1garage-roboter-rasenmaeher-ohne-begrenzungskabel-300-m%c2%b2-fuer-kleine-gaerten-vision-ai-intelligente-navigation-rasenroboter-mit-one-click-maehen\\\/\",\"url\":\"https:\\\/\\\/easyliferobo.com\\\/de\\\/product\\\/sunseeker-v1garage-roboter-rasenmaeher-ohne-begrenzungskabel-300-m%c2%b2-fuer-kleine-gaerten-vision-ai-intelligente-navigation-rasenroboter-mit-one-click-maehen\\\/\",\"name\":\"Sunseeker V1+Garage, Roboter-Rasenm\u00e4her ohne Begrenzungskabel, 300 m\u00b2 f\u00fcr kleine G\u00e4rten, Vision AI Intelligente Navigation, Rasenroboter mit One-Click-M\u00e4hen - EasyLifeBro\",\"isPartOf\":{\"@id\":\"https:\\\/\\\/easyliferobo.com\\\/de\\\/#website\"},\"primaryImageOfPage\":{\"@id\":\"https:\\\/\\\/easyliferobo.com\\\/de\\\/product\\\/sunseeker-v1garage-roboter-rasenmaeher-ohne-begrenzungskabel-300-m%c2%b2-fuer-kleine-gaerten-vision-ai-intelligente-navigation-rasenroboter-mit-one-click-maehen\\\/#primaryimage\"},\"image\":{\"@id\":\"https:\\\/\\\/easyliferobo.com\\\/de\\\/product\\\/sunseeker-v1garage-roboter-rasenmaeher-ohne-begrenzungskabel-300-m%c2%b2-fuer-kleine-gaerten-vision-ai-intelligente-navigation-rasenroboter-mit-one-click-maehen\\\/#primaryimage\"},\"thumbnailUrl\":\"https:\\\/\\\/easyliferobo.com\\\/de\\\/wp-content\\\/uploads\\\/2026\\\/02\\\/61U2SWSK1sL._AC_SL1500_.jpg\",\"datePublished\":\"2026-02-27T02:19:36+00:00\",\"dateModified\":\"2026-02-27T02:19:56+00:00\",\"description\":\"Entdecken Sie smarte Roboter f\u00fcr Zuhause, Garten, Bildung und Sicherheit. Vergleichen Sie Saugroboter, Rasenm\u00e4hroboter, KI-Begleitroboter und mehr bei EasyLifeRobo.\",\"breadcrumb\":{\"@id\":\"https:\\\/\\\/easyliferobo.com\\\/de\\\/product\\\/sunseeker-v1garage-roboter-rasenmaeher-ohne-begrenzungskabel-300-m%c2%b2-fuer-kleine-gaerten-vision-ai-intelligente-navigation-rasenroboter-mit-one-click-maehen\\\/#breadcrumb\"},\"inLanguage\":\"de\",\"potentialAction\":[{\"@type\":\"ReadAction\",\"target\":[\"https:\\\/\\\/easyliferobo.com\\\/de\\\/product\\\/sunseeker-v1garage-roboter-rasenmaeher-ohne-begrenzungskabel-300-m%c2%b2-fuer-kleine-gaerten-vision-ai-intelligente-navigation-rasenroboter-mit-one-click-maehen\\\/\"]}]},{\"@type\":\"ImageObject\",\"inLanguage\":\"de\",\"@id\":\"https:\\\/\\\/easyliferobo.com\\\/de\\\/product\\\/sunseeker-v1garage-roboter-rasenmaeher-ohne-begrenzungskabel-300-m%c2%b2-fuer-kleine-gaerten-vision-ai-intelligente-navigation-rasenroboter-mit-one-click-maehen\\\/#primaryimage\",\"url\":\"https:\\\/\\\/easyliferobo.com\\\/de\\\/wp-content\\\/uploads\\\/2026\\\/02\\\/61U2SWSK1sL._AC_SL1500_.jpg\",\"contentUrl\":\"https:\\\/\\\/easyliferobo.com\\\/de\\\/wp-content\\\/uploads\\\/2026\\\/02\\\/61U2SWSK1sL._AC_SL1500_.jpg\",\"width\":1272,\"height\":1088},{\"@type\":\"BreadcrumbList\",\"@id\":\"https:\\\/\\\/easyliferobo.com\\\/de\\\/product\\\/sunseeker-v1garage-roboter-rasenmaeher-ohne-begrenzungskabel-300-m%c2%b2-fuer-kleine-gaerten-vision-ai-intelligente-navigation-rasenroboter-mit-one-click-maehen\\\/#breadcrumb\",\"itemListElement\":[{\"@type\":\"ListItem\",\"position\":1,\"name\":\"Home\",\"item\":\"https:\\\/\\\/easyliferobo.com\\\/de\\\/\"},{\"@type\":\"ListItem\",\"position\":2,\"name\":\"Shop\",\"item\":\"https:\\\/\\\/easyliferobo.com\\\/de\\\/shop\\\/\"},{\"@type\":\"ListItem\",\"position\":3,\"name\":\"Sunseeker V1+Garage, Roboter-Rasenm...\"}]},{\"@type\":\"WebSite\",\"@id\":\"https:\\\/\\\/easyliferobo.com\\\/de\\\/#website\",\"url\":\"https:\\\/\\\/easyliferobo.com\\\/de\\\/\",\"name\":\"EasyLifeBro\",\"description\":\"Smarte Roboter f\u00fcr Zuhause, Garten &amp; Bildung\",\"publisher\":{\"@id\":\"https:\\\/\\\/easyliferobo.com\\\/de\\\/#organization\"},\"potentialAction\":[{\"@type\":\"SearchAction\",\"target\":{\"@type\":\"EntryPoint\",\"urlTemplate\":\"https:\\\/\\\/easyliferobo.com\\\/de\\\/?s={search_term_string}\"},\"query-input\":{\"@type\":\"PropertyValueSpecification\",\"valueRequired\":true,\"valueName\":\"search_term_string\"}}],\"inLanguage\":\"de\"},{\"@type\":\"Organization\",\"@id\":\"https:\\\/\\\/easyliferobo.com\\\/de\\\/#organization\",\"name\":\"EasyLifeBro\",\"url\":\"https:\\\/\\\/easyliferobo.com\\\/de\\\/\",\"logo\":{\"@type\":\"ImageObject\",\"inLanguage\":\"de\",\"@id\":\"https:\\\/\\\/easyliferobo.com\\\/de\\\/#\\\/schema\\\/logo\\\/image\\\/\",\"url\":\"https:\\\/\\\/easyliferobo.com\\\/de\\\/wp-content\\\/uploads\\\/2026\\\/02\\\/Screenshot-2026-02-22-at-2.25.03-PM.png\",\"contentUrl\":\"https:\\\/\\\/easyliferobo.com\\\/de\\\/wp-content\\\/uploads\\\/2026\\\/02\\\/Screenshot-2026-02-22-at-2.25.03-PM.png\",\"width\":1858,\"height\":430,\"caption\":\"EasyLifeBro\"},\"image\":{\"@id\":\"https:\\\/\\\/easyliferobo.com\\\/de\\\/#\\\/schema\\\/logo\\\/image\\\/\"}}]}<\/script>\n<!-- \/ Yoast SEO plugin. -->","yoast_head_json":{"title":"Sunseeker V1+Garage, Roboter-Rasenm\u00e4her ohne Begrenzungskabel, 300 m\u00b2 f\u00fcr kleine G\u00e4rten, Vision AI Intelligente Navigation, Rasenroboter mit One-Click-M\u00e4hen - EasyLifeBro","description":"Entdecken Sie smarte Roboter f\u00fcr Zuhause, Garten, Bildung und Sicherheit. Vergleichen Sie Saugroboter, Rasenm\u00e4hroboter, KI-Begleitroboter und mehr bei EasyLifeRobo.","robots":{"index":"index","follow":"follow","max-snippet":"max-snippet:-1","max-image-preview":"max-image-preview:large","max-video-preview":"max-video-preview:-1"},"canonical":"https:\/\/easyliferobo.com\/de\/product\/sunseeker-v1garage-roboter-rasenmaeher-ohne-begrenzungskabel-300-m\u00b2-fuer-kleine-gaerten-vision-ai-intelligente-navigation-rasenroboter-mit-one-click-maehen\/","og_locale":"de_DE","og_type":"article","og_title":"Sunseeker V1+Garage, Roboter-Rasenm\u00e4her ohne Begrenzungskabel, 300 m\u00b2 f\u00fcr kleine G\u00e4rten, Vision AI Intelligente Navigation, Rasenroboter mit One-Click-M\u00e4hen - EasyLifeBro","og_description":"Entdecken Sie smarte Roboter f\u00fcr Zuhause, Garten, Bildung und Sicherheit. Vergleichen Sie Saugroboter, Rasenm\u00e4hroboter, KI-Begleitroboter und mehr bei EasyLifeRobo.","og_url":"https:\/\/easyliferobo.com\/de\/product\/sunseeker-v1garage-roboter-rasenmaeher-ohne-begrenzungskabel-300-m\u00b2-fuer-kleine-gaerten-vision-ai-intelligente-navigation-rasenroboter-mit-one-click-maehen\/","og_site_name":"EasyLifeBro","article_modified_time":"2026-02-27T02:19:56+00:00","og_image":[{"url":"https:\/\/images-na.ssl-images-amazon.com\/images\/G\/01\/x-locale\/common\/grey-pixel.gif","type":"","width":"","height":""}],"twitter_card":"summary_large_image","twitter_misc":{"Gesch\u00e4tzte Lesezeit":"2\u00a0Minuten"},"schema":{"@context":"https:\/\/schema.org","@graph":[{"@type":"WebPage","@id":"https:\/\/easyliferobo.com\/de\/product\/sunseeker-v1garage-roboter-rasenmaeher-ohne-begrenzungskabel-300-m%c2%b2-fuer-kleine-gaerten-vision-ai-intelligente-navigation-rasenroboter-mit-one-click-maehen\/","url":"https:\/\/easyliferobo.com\/de\/product\/sunseeker-v1garage-roboter-rasenmaeher-ohne-begrenzungskabel-300-m%c2%b2-fuer-kleine-gaerten-vision-ai-intelligente-navigation-rasenroboter-mit-one-click-maehen\/","name":"Sunseeker V1+Garage, Roboter-Rasenm\u00e4her ohne Begrenzungskabel, 300 m\u00b2 f\u00fcr kleine G\u00e4rten, Vision AI Intelligente Navigation, Rasenroboter mit One-Click-M\u00e4hen - EasyLifeBro","isPartOf":{"@id":"https:\/\/easyliferobo.com\/de\/#website"},"primaryImageOfPage":{"@id":"https:\/\/easyliferobo.com\/de\/product\/sunseeker-v1garage-roboter-rasenmaeher-ohne-begrenzungskabel-300-m%c2%b2-fuer-kleine-gaerten-vision-ai-intelligente-navigation-rasenroboter-mit-one-click-maehen\/#primaryimage"},"image":{"@id":"https:\/\/easyliferobo.com\/de\/product\/sunseeker-v1garage-roboter-rasenmaeher-ohne-begrenzungskabel-300-m%c2%b2-fuer-kleine-gaerten-vision-ai-intelligente-navigation-rasenroboter-mit-one-click-maehen\/#primaryimage"},"thumbnailUrl":"https:\/\/easyliferobo.com\/de\/wp-content\/uploads\/2026\/02\/61U2SWSK1sL._AC_SL1500_.jpg","datePublished":"2026-02-27T02:19:36+00:00","dateModified":"2026-02-27T02:19:56+00:00","description":"Entdecken Sie smarte Roboter f\u00fcr Zuhause, Garten, Bildung und Sicherheit. Vergleichen Sie Saugroboter, Rasenm\u00e4hroboter, KI-Begleitroboter und mehr bei EasyLifeRobo.","breadcrumb":{"@id":"https:\/\/easyliferobo.com\/de\/product\/sunseeker-v1garage-roboter-rasenmaeher-ohne-begrenzungskabel-300-m%c2%b2-fuer-kleine-gaerten-vision-ai-intelligente-navigation-rasenroboter-mit-one-click-maehen\/#breadcrumb"},"inLanguage":"de","potentialAction":[{"@type":"ReadAction","target":["https:\/\/easyliferobo.com\/de\/product\/sunseeker-v1garage-roboter-rasenmaeher-ohne-begrenzungskabel-300-m%c2%b2-fuer-kleine-gaerten-vision-ai-intelligente-navigation-rasenroboter-mit-one-click-maehen\/"]}]},{"@type":"ImageObject","inLanguage":"de","@id":"https:\/\/easyliferobo.com\/de\/product\/sunseeker-v1garage-roboter-rasenmaeher-ohne-begrenzungskabel-300-m%c2%b2-fuer-kleine-gaerten-vision-ai-intelligente-navigation-rasenroboter-mit-one-click-maehen\/#primaryimage","url":"https:\/\/easyliferobo.com\/de\/wp-content\/uploads\/2026\/02\/61U2SWSK1sL._AC_SL1500_.jpg","contentUrl":"https:\/\/easyliferobo.com\/de\/wp-content\/uploads\/2026\/02\/61U2SWSK1sL._AC_SL1500_.jpg","width":1272,"height":1088},{"@type":"BreadcrumbList","@id":"https:\/\/easyliferobo.com\/de\/product\/sunseeker-v1garage-roboter-rasenmaeher-ohne-begrenzungskabel-300-m%c2%b2-fuer-kleine-gaerten-vision-ai-intelligente-navigation-rasenroboter-mit-one-click-maehen\/#breadcrumb","itemListElement":[{"@type":"ListItem","position":1,"name":"Home","item":"https:\/\/easyliferobo.com\/de\/"},{"@type":"ListItem","position":2,"name":"Shop","item":"https:\/\/easyliferobo.com\/de\/shop\/"},{"@type":"ListItem","position":3,"name":"Sunseeker V1+Garage, Roboter-Rasenm..."}]},{"@type":"WebSite","@id":"https:\/\/easyliferobo.com\/de\/#website","url":"https:\/\/easyliferobo.com\/de\/","name":"EasyLifeBro","description":"Smarte Roboter f\u00fcr Zuhause, Garten &amp; Bildung","publisher":{"@id":"https:\/\/easyliferobo.com\/de\/#organization"},"potentialAction":[{"@type":"SearchAction","target":{"@type":"EntryPoint","urlTemplate":"https:\/\/easyliferobo.com\/de\/?s={search_term_string}"},"query-input":{"@type":"PropertyValueSpecification","valueRequired":true,"valueName":"search_term_string"}}],"inLanguage":"de"},{"@type":"Organization","@id":"https:\/\/easyliferobo.com\/de\/#organization","name":"EasyLifeBro","url":"https:\/\/easyliferobo.com\/de\/","logo":{"@type":"ImageObject","inLanguage":"de","@id":"https:\/\/easyliferobo.com\/de\/#\/schema\/logo\/image\/","url":"https:\/\/easyliferobo.com\/de\/wp-content\/uploads\/2026\/02\/Screenshot-2026-02-22-at-2.25.03-PM.png","contentUrl":"https:\/\/easyliferobo.com\/de\/wp-content\/uploads\/2026\/02\/Screenshot-2026-02-22-at-2.25.03-PM.png","width":1858,"height":430,"caption":"EasyLifeBro"},"image":{"@id":"https:\/\/easyliferobo.com\/de\/#\/schema\/logo\/image\/"}}]}},"_links":{"self":[{"href":"https:\/\/easyliferobo.com\/de\/wp-json\/wp\/v2\/product\/2050","targetHints":{"allow":["GET"]}}],"collection":[{"href":"https:\/\/easyliferobo.com\/de\/wp-json\/wp\/v2\/product"}],"about":[{"href":"https:\/\/easyliferobo.com\/de\/wp-json\/wp\/v2\/types\/product"}],"replies":[{"embeddable":true,"href":"https:\/\/easyliferobo.com\/de\/wp-json\/wp\/v2\/comments?post=2050"}],"wp:featuredmedia":[{"embeddable":true,"href":"https:\/\/easyliferobo.com\/de\/wp-json\/wp\/v2\/media\/2051"}],"wp:attachment":[{"href":"https:\/\/easyliferobo.com\/de\/wp-json\/wp\/v2\/media?parent=2050"}],"wp:term":[{"taxonomy":"store","embeddable":true,"href":"https:\/\/easyliferobo.com\/de\/wp-json\/wp\/v2\/store?post=2050"},{"taxonomy":"product_brand","embeddable":true,"href":"https:\/\/easyliferobo.com\/de\/wp-json\/wp\/v2\/product_brand?post=2050"},{"taxonomy":"product_cat","embeddable":true,"href":"https:\/\/easyliferobo.com\/de\/wp-json\/wp\/v2\/product_cat?post=2050"},{"taxonomy":"product_tag","embeddable":true,"href":"https:\/\/easyliferobo.com\/de\/wp-json\/wp\/v2\/product_tag?post=2050"}],"curies":[{"name":"wp","href":"https:\/\/api.w.org\/{rel}","templated":true}]}}