
{"id":2039,"date":"2026-02-27T02:17:45","date_gmt":"2026-02-27T02:17:45","guid":{"rendered":"https:\/\/easyliferobo.com\/de\/product\/mammotion-yuka-mini-2-500-roboter-rasenmaeher-ohne-begrenzungskabel-empfehlung-500-m%c2%b2-ki-betriebener-rasenmaeherroboter-mit-drei-kameras-und-bildverarbeitung-auto-mehrzonenkartierung-dropmow\/"},"modified":"2026-02-27T02:18:11","modified_gmt":"2026-02-27T02:18:11","slug":"mammotion-yuka-mini-2-500-roboter-rasenmaeher-ohne-begrenzungskabel-empfehlung-500-m%c2%b2-ki-betriebener-rasenmaeherroboter-mit-drei-kameras-und-bildverarbeitung-auto-mehrzonenkartierung-dropmow","status":"publish","type":"product","link":"https:\/\/easyliferobo.com\/de\/product\/mammotion-yuka-mini-2-500-roboter-rasenmaeher-ohne-begrenzungskabel-empfehlung-500-m%c2%b2-ki-betriebener-rasenmaeherroboter-mit-drei-kameras-und-bildverarbeitung-auto-mehrzonenkartierung-dropmow\/","title":{"rendered":"MAMMOTION YUKA Mini 2 500 Roboter-R..."},"content":{"rendered":"<p>\n                                             Von der Marke   <\/p>\n<p>                                              <img decoding=\"async\" alt=\"\" src=\"https:\/\/images-na.ssl-images-amazon.com\/images\/G\/01\/x-locale\/common\/grey-pixel.gif\" class=\"a-lazy-loaded\" data-src=\"https:\/\/m.media-amazon.com\/images\/S\/aplus-media-library-service-media\/ad66494a-4941-4c7e-9946-972cea1c65b0.__CR0,0,1464,625_PT0_SX1464_V1___.jpg\"><img decoding=\"async\" alt=\"\" src=\"https:\/\/m.media-amazon.com\/images\/S\/aplus-media-library-service-media\/ad66494a-4941-4c7e-9946-972cea1c65b0.__CR0,0,1464,625_PT0_SX1464_V1___.jpg\">  <\/p>\n<p>                                              <img decoding=\"async\" alt=\"Weltkarte mit Standortmarkierungen, die mehr als 30 L\u00e4nder zeigen, begleitet von Flaggensymbolen verschiedener Nationen, darunter europ\u00e4ische, nordamerikanische und andere internationale Flaggen.\" src=\"https:\/\/images-na.ssl-images-amazon.com\/images\/G\/01\/x-locale\/common\/grey-pixel.gif\" class=\"a-lazy-loaded\" data-src=\"https:\/\/m.media-amazon.com\/images\/S\/aplus-media-library-service-media\/6acdfa57-6cb9-454c-ba14-04a4fd9c2148.__CR0,0,1810,2265_PT0_SX362_V1___.jpg\"><img decoding=\"async\" alt=\"Weltkarte mit Standortmarkierungen, die mehr als 30 L\u00e4nder zeigen, begleitet von Flaggensymbolen verschiedener Nationen, darunter europ\u00e4ische, nordamerikanische und andere internationale Flaggen.\" src=\"https:\/\/m.media-amazon.com\/images\/S\/aplus-media-library-service-media\/6acdfa57-6cb9-454c-ba14-04a4fd9c2148.__CR0,0,1810,2265_PT0_SX362_V1___.jpg\">  <\/p>\n<p>                                              <img decoding=\"async\" alt=\"\" src=\"https:\/\/images-na.ssl-images-amazon.com\/images\/G\/01\/x-locale\/common\/grey-pixel.gif\" class=\"a-lazy-loaded\" data-src=\"https:\/\/m.media-amazon.com\/images\/S\/aplus-media-library-service-media\/efc6ada6-3a50-4d03-a44c-7d580f0e9a7b.__CR0,692,2563,1180_PT0_SX315_V1___.png\"><img decoding=\"async\" alt=\"\" src=\"https:\/\/m.media-amazon.com\/images\/S\/aplus-media-library-service-media\/efc6ada6-3a50-4d03-a44c-7d580f0e9a7b.__CR0,692,2563,1180_PT0_SX315_V1___.png\">  <\/p>\n<p>  \u00dcber Mammotion <\/p>\n<p>  Mammotion ist f\u00fchrend bei innovativen Outdoor-Roboterl\u00f6sungen und engagiert sich f\u00fcr die Gestaltung eines intelligenteren und qualitativ hochwertigen Outdoor-Lebensstils. <\/p>\n<p>  Entwickelt und bietet intelligente Rasenm\u00e4herroboter an. 9+ Jahre Robotererfahrung. \u00dcber 1.000 Roboterpatente <\/p>\n<p>                                              <img decoding=\"async\" alt=\"Sammlung von Auszeichnungen und Medienlogos, darunter Red Dot Award, iF Design Award und verschiedene Logos von Nachrichtenagenturen wie CBS News, Huffpost und The Verge, angeordnet in zwei Abschnitten.\" src=\"https:\/\/images-na.ssl-images-amazon.com\/images\/G\/01\/x-locale\/common\/grey-pixel.gif\" class=\"a-lazy-loaded\" data-src=\"https:\/\/m.media-amazon.com\/images\/S\/aplus-media-library-service-media\/75240132-dc63-40fa-99ba-387bb40fbe86.__CR0,0,1810,2265_PT0_SX362_V1___.jpg\"><img decoding=\"async\" alt=\"Sammlung von Auszeichnungen und Medienlogos, darunter Red Dot Award, iF Design Award und verschiedene Logos von Nachrichtenagenturen wie CBS News, Huffpost und The Verge, angeordnet in zwei Abschnitten.\" src=\"https:\/\/m.media-amazon.com\/images\/S\/aplus-media-library-service-media\/75240132-dc63-40fa-99ba-387bb40fbe86.__CR0,0,1810,2265_PT0_SX362_V1___.jpg\">  <\/p>\n<h3>  LUBA 3 AWD 3000 <\/h3>\n<h3>  Yuka mini 2 500 <\/h3>\n<p>(Drei Kameras arbeiten synchron): Zwei seitliche Monokameras sorgen f\u00fcr stabile Abstandsmessungen bei allen Lichtverh\u00e4ltnissen, w\u00e4hrend die zentrale RGB-Kamera Rasengrenzen pr\u00e4zise erkennt. Die Integration der drei Kameras in Kombination mit KI-Algorithmen erm\u00f6glicht eine zentimetergenaue Positionierung und Navigation, eine pr\u00e4zise 3D-Kartierung und eine optimale Wegeplanung in realen Gartenumgebungen und \u00fcbertrifft damit herk\u00f6mmliche Zwei-Kamera-Systeme deutlich.<br \/>Verbesserter KI-Prozessor und Hinderniserkennung f\u00fcr \u00fcber 300 Objekte: Der M\u00e4hroboter der Mammotion YUKA mini 2-Serie verf\u00fcgt \u00fcber einen verbesserten KI-Prozessor mit hoher Rechenleistung, der eine Echtzeiterkennung von Hindernissen sowie eine sofortige Reaktion gew\u00e4hrleistet. Dank hochaufl\u00f6sender Kameras und Global-Shutter-Technologie liefert das System auch in dynamischen Umgebungen gestochen scharfe Bilder und eine hohe Empfindlichkeit f\u00fcr pr\u00e4zise Ergebnisse und maximale Sicherheit im Betrieb.<br \/>Automatische Mehrzonenkartierung und DropMow-Modus: F\u00fchren Sie den YUKA mini 2 einmal durch jeden Bereich und er erstellt automatisch eine Karte, erkennt intelligent Wege zwischen den Zonen als solche und f\u00e4hrt sicher ohne rotierende Schneidmesser. Es kann bis zu 5 aufeinanderfolgende Bereiche erkennen und kartieren. Im Drop&#038;Mow-Modus ist keine vorherige Zuordnung erforderlich \u2013 einfach nach unten fallen und auf \u201eMow &#038; Start\u201c dr\u00fccken. Diese tempor\u00e4re Karte wird nicht gespeichert und eignet sich perfekt f\u00fcr schnelle, einmalige Wetten.<br \/>Intelligente visuelle Grenz- und Absturzsicherung: Nach dem M\u00e4hen f\u00e4hrt der Rasenm\u00e4herroboter YUKA mini 2 automatisch an den Rasenkanten entlang, um eine vollst\u00e4ndige Rasenabdeckung zu gew\u00e4hrleisten. Dank der Edge-Cutting-Technologie werden auch die Kanten entsprechend den vom Benutzer vorgenommenen Einstellungen bearbeitet. Dank seines intelligenten KI-Sensors erkennt er automatisch steile H\u00e4nge, Treppen, Beckenr\u00e4nder und andere absturzgef\u00e4hrdete Bereiche und sorgt so f\u00fcr zuverl\u00e4ssigen Absturzschutz.<br \/>Manuelle Kartenbearbeitung und anpassbare M\u00e4haufgaben: YUKA mini 2 Rasenm\u00e4herroboter ohne Begrenzungskabel. Passen Sie die Karte nach der automatischen Kartierung einfach an Ihren Garten an. Richten Sie Absperrzonen f\u00fcr Bereiche wie Steinwege oder Treppen ein. Auch virtuelle Grenzen und Verbotszonen werden unterst\u00fctzt, so dass keine Gefahrenbereiche anvisiert werden. Legen Sie personalisierte Zeitpl\u00e4ne und spezifische Fl\u00e4chenabdeckungen fest, um die Rasenpflege an Ihre Bed\u00fcrfnisse anzupassen.<br \/>Leistungsstark und flexibel steuerbar: Der M\u00e4hroboter YUKA mini 2 bew\u00e4ltigt Steigungen bis zu 45 % und navigiert durch Wege mit einer Breite von nur 55 cm. Ausgestattet mit einem Schneidsystem mit 5 freitragenden Rasierklingen, einer Schnittbreite von 190 mm und einer einstellbaren Schnitth\u00f6he von 20\u201360 mm bietet er optimale Leistung. Er bew\u00e4ltigt \u00fcber 90 % aller g\u00e4ngigen Rasenfl\u00e4chen stabil und pr\u00e4zise. Der abnehmbare 4,5-Ah-Akku erm\u00f6glicht lange M\u00e4heins\u00e4tze \u2013 bei niedrigem Akkustand kehrt das Ger\u00e4t automatisch zur Ladestation zur\u00fcck.<\/p>\n<p>[ad_2]<\/p>\n","protected":false},"excerpt":{"rendered":"<p>Von der Marke \u00dcber Mammotion Mammotion ist f\u00fchrend bei innovativen Outdoor-Roboterl\u00f6sungen und engagiert sich f\u00fcr die Gestaltung eines intelligenteren und qualitativ hochwertigen Outdoor-Lebensstils. Entwickelt und bietet intelligente Rasenm\u00e4herroboter an. 9+ Jahre Robotererfahrung. \u00dcber 1.000 Roboterpatente LUBA 3 AWD 3000 Yuka mini 2 500 (Drei Kameras arbeiten synchron): Zwei seitliche Monokameras sorgen f\u00fcr stabile Abstandsmessungen bei [&hellip;]<\/p>\n","protected":false},"featured_media":2040,"comment_status":"open","ping_status":"closed","template":"","meta":{"_aipt_faq_data":""},"store":[],"product_brand":[379],"product_cat":[84],"product_tag":[378],"class_list":{"0":"post-2039","1":"product","2":"type-product","3":"status-publish","4":"has-post-thumbnail","6":"product_brand-mammotion","7":"product_cat-rasenroboter-fuer-grosse-flaechen","8":"product_tag-rasenroboter-fuer-grosse-flaechen-leise-betrieb","10":"first","11":"instock","12":"shipping-taxable","13":"product-type-external"},"yoast_head":"<!-- This site is optimized with the Yoast SEO plugin v27.0 - https:\/\/yoast.com\/product\/yoast-seo-wordpress\/ -->\n<title>MAMMOTION YUKA Mini 2 500 Roboter-Rasenm\u00e4her ohne Begrenzungskabel, Empfehlung 500 m\u00b2, KI-betriebener Rasenm\u00e4herroboter mit drei Kameras und Bildverarbeitung, Auto-Mehrzonenkartierung, DropMow, manuelle Karte - EasyLifeBro<\/title>\n<meta name=\"description\" content=\"Entdecken Sie smarte Roboter f\u00fcr Zuhause, Garten, Bildung und Sicherheit. Vergleichen Sie Saugroboter, Rasenm\u00e4hroboter, KI-Begleitroboter und mehr bei EasyLifeRobo.\" \/>\n<meta name=\"robots\" content=\"index, follow, max-snippet:-1, max-image-preview:large, max-video-preview:-1\" \/>\n<link rel=\"canonical\" href=\"https:\/\/easyliferobo.com\/de\/product\/mammotion-yuka-mini-2-500-roboter-rasenmaeher-ohne-begrenzungskabel-empfehlung-500-m\u00b2-ki-betriebener-rasenmaeherroboter-mit-drei-kameras-und-bildverarbeitung-auto-mehrzonenkartierung-dropmow\/\" \/>\n<meta property=\"og:locale\" content=\"de_DE\" \/>\n<meta property=\"og:type\" content=\"article\" \/>\n<meta property=\"og:title\" content=\"MAMMOTION YUKA Mini 2 500 Roboter-Rasenm\u00e4her ohne Begrenzungskabel, Empfehlung 500 m\u00b2, KI-betriebener Rasenm\u00e4herroboter mit drei Kameras und Bildverarbeitung, Auto-Mehrzonenkartierung, DropMow, manuelle Karte - EasyLifeBro\" \/>\n<meta property=\"og:description\" content=\"Entdecken Sie smarte Roboter f\u00fcr Zuhause, Garten, Bildung und Sicherheit. Vergleichen Sie Saugroboter, Rasenm\u00e4hroboter, KI-Begleitroboter und mehr bei EasyLifeRobo.\" \/>\n<meta property=\"og:url\" content=\"https:\/\/easyliferobo.com\/de\/product\/mammotion-yuka-mini-2-500-roboter-rasenmaeher-ohne-begrenzungskabel-empfehlung-500-m\u00b2-ki-betriebener-rasenmaeherroboter-mit-drei-kameras-und-bildverarbeitung-auto-mehrzonenkartierung-dropmow\/\" \/>\n<meta property=\"og:site_name\" content=\"EasyLifeBro\" \/>\n<meta property=\"article:modified_time\" content=\"2026-02-27T02:18:11+00:00\" \/>\n<meta property=\"og:image\" content=\"https:\/\/images-na.ssl-images-amazon.com\/images\/G\/01\/x-locale\/common\/grey-pixel.gif\" \/>\n<meta name=\"twitter:card\" content=\"summary_large_image\" \/>\n<meta name=\"twitter:label1\" content=\"Gesch\u00e4tzte Lesezeit\" \/>\n\t<meta name=\"twitter:data1\" content=\"2\u00a0Minuten\" \/>\n<script type=\"application\/ld+json\" class=\"yoast-schema-graph\">{\"@context\":\"https:\/\/schema.org\",\"@graph\":[{\"@type\":\"WebPage\",\"@id\":\"https:\/\/easyliferobo.com\/de\/product\/mammotion-yuka-mini-2-500-roboter-rasenmaeher-ohne-begrenzungskabel-empfehlung-500-m%c2%b2-ki-betriebener-rasenmaeherroboter-mit-drei-kameras-und-bildverarbeitung-auto-mehrzonenkartierung-dropmow\/\",\"url\":\"https:\/\/easyliferobo.com\/de\/product\/mammotion-yuka-mini-2-500-roboter-rasenmaeher-ohne-begrenzungskabel-empfehlung-500-m%c2%b2-ki-betriebener-rasenmaeherroboter-mit-drei-kameras-und-bildverarbeitung-auto-mehrzonenkartierung-dropmow\/\",\"name\":\"MAMMOTION YUKA Mini 2 500 Roboter-Rasenm\u00e4her ohne Begrenzungskabel, Empfehlung 500 m\u00b2, KI-betriebener Rasenm\u00e4herroboter mit drei Kameras und Bildverarbeitung, Auto-Mehrzonenkartierung, DropMow, manuelle Karte - EasyLifeBro\",\"isPartOf\":{\"@id\":\"https:\/\/easyliferobo.com\/de\/#website\"},\"primaryImageOfPage\":{\"@id\":\"https:\/\/easyliferobo.com\/de\/product\/mammotion-yuka-mini-2-500-roboter-rasenmaeher-ohne-begrenzungskabel-empfehlung-500-m%c2%b2-ki-betriebener-rasenmaeherroboter-mit-drei-kameras-und-bildverarbeitung-auto-mehrzonenkartierung-dropmow\/#primaryimage\"},\"image\":{\"@id\":\"https:\/\/easyliferobo.com\/de\/product\/mammotion-yuka-mini-2-500-roboter-rasenmaeher-ohne-begrenzungskabel-empfehlung-500-m%c2%b2-ki-betriebener-rasenmaeherroboter-mit-drei-kameras-und-bildverarbeitung-auto-mehrzonenkartierung-dropmow\/#primaryimage\"},\"thumbnailUrl\":\"https:\/\/easyliferobo.com\/de\/wp-content\/uploads\/2026\/02\/71CJJHcx3oL._AC_SL1500_.jpg\",\"datePublished\":\"2026-02-27T02:17:45+00:00\",\"dateModified\":\"2026-02-27T02:18:11+00:00\",\"description\":\"Entdecken Sie smarte Roboter f\u00fcr Zuhause, Garten, Bildung und Sicherheit. Vergleichen Sie Saugroboter, Rasenm\u00e4hroboter, KI-Begleitroboter und mehr bei EasyLifeRobo.\",\"breadcrumb\":{\"@id\":\"https:\/\/easyliferobo.com\/de\/product\/mammotion-yuka-mini-2-500-roboter-rasenmaeher-ohne-begrenzungskabel-empfehlung-500-m%c2%b2-ki-betriebener-rasenmaeherroboter-mit-drei-kameras-und-bildverarbeitung-auto-mehrzonenkartierung-dropmow\/#breadcrumb\"},\"inLanguage\":\"de\",\"potentialAction\":[{\"@type\":\"ReadAction\",\"target\":[\"https:\/\/easyliferobo.com\/de\/product\/mammotion-yuka-mini-2-500-roboter-rasenmaeher-ohne-begrenzungskabel-empfehlung-500-m%c2%b2-ki-betriebener-rasenmaeherroboter-mit-drei-kameras-und-bildverarbeitung-auto-mehrzonenkartierung-dropmow\/\"]}]},{\"@type\":\"ImageObject\",\"inLanguage\":\"de\",\"@id\":\"https:\/\/easyliferobo.com\/de\/product\/mammotion-yuka-mini-2-500-roboter-rasenmaeher-ohne-begrenzungskabel-empfehlung-500-m%c2%b2-ki-betriebener-rasenmaeherroboter-mit-drei-kameras-und-bildverarbeitung-auto-mehrzonenkartierung-dropmow\/#primaryimage\",\"url\":\"https:\/\/easyliferobo.com\/de\/wp-content\/uploads\/2026\/02\/71CJJHcx3oL._AC_SL1500_.jpg\",\"contentUrl\":\"https:\/\/easyliferobo.com\/de\/wp-content\/uploads\/2026\/02\/71CJJHcx3oL._AC_SL1500_.jpg\",\"width\":1500,\"height\":965},{\"@type\":\"BreadcrumbList\",\"@id\":\"https:\/\/easyliferobo.com\/de\/product\/mammotion-yuka-mini-2-500-roboter-rasenmaeher-ohne-begrenzungskabel-empfehlung-500-m%c2%b2-ki-betriebener-rasenmaeherroboter-mit-drei-kameras-und-bildverarbeitung-auto-mehrzonenkartierung-dropmow\/#breadcrumb\",\"itemListElement\":[{\"@type\":\"ListItem\",\"position\":1,\"name\":\"Home\",\"item\":\"https:\/\/easyliferobo.com\/de\/\"},{\"@type\":\"ListItem\",\"position\":2,\"name\":\"Shop\",\"item\":\"https:\/\/easyliferobo.com\/de\/shop\/\"},{\"@type\":\"ListItem\",\"position\":3,\"name\":\"MAMMOTION YUKA Mini 2 500 Roboter-R...\"}]},{\"@type\":\"WebSite\",\"@id\":\"https:\/\/easyliferobo.com\/de\/#website\",\"url\":\"https:\/\/easyliferobo.com\/de\/\",\"name\":\"EasyLifeBro\",\"description\":\"Smarte Roboter f\u00fcr Zuhause, Garten &amp; Bildung\",\"publisher\":{\"@id\":\"https:\/\/easyliferobo.com\/de\/#organization\"},\"potentialAction\":[{\"@type\":\"SearchAction\",\"target\":{\"@type\":\"EntryPoint\",\"urlTemplate\":\"https:\/\/easyliferobo.com\/de\/?s={search_term_string}\"},\"query-input\":{\"@type\":\"PropertyValueSpecification\",\"valueRequired\":true,\"valueName\":\"search_term_string\"}}],\"inLanguage\":\"de\"},{\"@type\":\"Organization\",\"@id\":\"https:\/\/easyliferobo.com\/de\/#organization\",\"name\":\"EasyLifeBro\",\"url\":\"https:\/\/easyliferobo.com\/de\/\",\"logo\":{\"@type\":\"ImageObject\",\"inLanguage\":\"de\",\"@id\":\"https:\/\/easyliferobo.com\/de\/#\/schema\/logo\/image\/\",\"url\":\"https:\/\/easyliferobo.com\/de\/wp-content\/uploads\/2026\/02\/Screenshot-2026-02-22-at-2.25.03-PM.png\",\"contentUrl\":\"https:\/\/easyliferobo.com\/de\/wp-content\/uploads\/2026\/02\/Screenshot-2026-02-22-at-2.25.03-PM.png\",\"width\":1858,\"height\":430,\"caption\":\"EasyLifeBro\"},\"image\":{\"@id\":\"https:\/\/easyliferobo.com\/de\/#\/schema\/logo\/image\/\"}}]}<\/script>\n<!-- \/ Yoast SEO plugin. -->","yoast_head_json":{"title":"MAMMOTION YUKA Mini 2 500 Roboter-Rasenm\u00e4her ohne Begrenzungskabel, Empfehlung 500 m\u00b2, KI-betriebener Rasenm\u00e4herroboter mit drei Kameras und Bildverarbeitung, Auto-Mehrzonenkartierung, DropMow, manuelle Karte - EasyLifeBro","description":"Entdecken Sie smarte Roboter f\u00fcr Zuhause, Garten, Bildung und Sicherheit. Vergleichen Sie Saugroboter, Rasenm\u00e4hroboter, KI-Begleitroboter und mehr bei EasyLifeRobo.","robots":{"index":"index","follow":"follow","max-snippet":"max-snippet:-1","max-image-preview":"max-image-preview:large","max-video-preview":"max-video-preview:-1"},"canonical":"https:\/\/easyliferobo.com\/de\/product\/mammotion-yuka-mini-2-500-roboter-rasenmaeher-ohne-begrenzungskabel-empfehlung-500-m\u00b2-ki-betriebener-rasenmaeherroboter-mit-drei-kameras-und-bildverarbeitung-auto-mehrzonenkartierung-dropmow\/","og_locale":"de_DE","og_type":"article","og_title":"MAMMOTION YUKA Mini 2 500 Roboter-Rasenm\u00e4her ohne Begrenzungskabel, Empfehlung 500 m\u00b2, KI-betriebener Rasenm\u00e4herroboter mit drei Kameras und Bildverarbeitung, Auto-Mehrzonenkartierung, DropMow, manuelle Karte - EasyLifeBro","og_description":"Entdecken Sie smarte Roboter f\u00fcr Zuhause, Garten, Bildung und Sicherheit. Vergleichen Sie Saugroboter, Rasenm\u00e4hroboter, KI-Begleitroboter und mehr bei EasyLifeRobo.","og_url":"https:\/\/easyliferobo.com\/de\/product\/mammotion-yuka-mini-2-500-roboter-rasenmaeher-ohne-begrenzungskabel-empfehlung-500-m\u00b2-ki-betriebener-rasenmaeherroboter-mit-drei-kameras-und-bildverarbeitung-auto-mehrzonenkartierung-dropmow\/","og_site_name":"EasyLifeBro","article_modified_time":"2026-02-27T02:18:11+00:00","og_image":[{"url":"https:\/\/images-na.ssl-images-amazon.com\/images\/G\/01\/x-locale\/common\/grey-pixel.gif","type":"","width":"","height":""}],"twitter_card":"summary_large_image","twitter_misc":{"Gesch\u00e4tzte Lesezeit":"2\u00a0Minuten"},"schema":{"@context":"https:\/\/schema.org","@graph":[{"@type":"WebPage","@id":"https:\/\/easyliferobo.com\/de\/product\/mammotion-yuka-mini-2-500-roboter-rasenmaeher-ohne-begrenzungskabel-empfehlung-500-m%c2%b2-ki-betriebener-rasenmaeherroboter-mit-drei-kameras-und-bildverarbeitung-auto-mehrzonenkartierung-dropmow\/","url":"https:\/\/easyliferobo.com\/de\/product\/mammotion-yuka-mini-2-500-roboter-rasenmaeher-ohne-begrenzungskabel-empfehlung-500-m%c2%b2-ki-betriebener-rasenmaeherroboter-mit-drei-kameras-und-bildverarbeitung-auto-mehrzonenkartierung-dropmow\/","name":"MAMMOTION YUKA Mini 2 500 Roboter-Rasenm\u00e4her ohne Begrenzungskabel, Empfehlung 500 m\u00b2, KI-betriebener Rasenm\u00e4herroboter mit drei Kameras und Bildverarbeitung, Auto-Mehrzonenkartierung, DropMow, manuelle Karte - EasyLifeBro","isPartOf":{"@id":"https:\/\/easyliferobo.com\/de\/#website"},"primaryImageOfPage":{"@id":"https:\/\/easyliferobo.com\/de\/product\/mammotion-yuka-mini-2-500-roboter-rasenmaeher-ohne-begrenzungskabel-empfehlung-500-m%c2%b2-ki-betriebener-rasenmaeherroboter-mit-drei-kameras-und-bildverarbeitung-auto-mehrzonenkartierung-dropmow\/#primaryimage"},"image":{"@id":"https:\/\/easyliferobo.com\/de\/product\/mammotion-yuka-mini-2-500-roboter-rasenmaeher-ohne-begrenzungskabel-empfehlung-500-m%c2%b2-ki-betriebener-rasenmaeherroboter-mit-drei-kameras-und-bildverarbeitung-auto-mehrzonenkartierung-dropmow\/#primaryimage"},"thumbnailUrl":"https:\/\/easyliferobo.com\/de\/wp-content\/uploads\/2026\/02\/71CJJHcx3oL._AC_SL1500_.jpg","datePublished":"2026-02-27T02:17:45+00:00","dateModified":"2026-02-27T02:18:11+00:00","description":"Entdecken Sie smarte Roboter f\u00fcr Zuhause, Garten, Bildung und Sicherheit. Vergleichen Sie Saugroboter, Rasenm\u00e4hroboter, KI-Begleitroboter und mehr bei EasyLifeRobo.","breadcrumb":{"@id":"https:\/\/easyliferobo.com\/de\/product\/mammotion-yuka-mini-2-500-roboter-rasenmaeher-ohne-begrenzungskabel-empfehlung-500-m%c2%b2-ki-betriebener-rasenmaeherroboter-mit-drei-kameras-und-bildverarbeitung-auto-mehrzonenkartierung-dropmow\/#breadcrumb"},"inLanguage":"de","potentialAction":[{"@type":"ReadAction","target":["https:\/\/easyliferobo.com\/de\/product\/mammotion-yuka-mini-2-500-roboter-rasenmaeher-ohne-begrenzungskabel-empfehlung-500-m%c2%b2-ki-betriebener-rasenmaeherroboter-mit-drei-kameras-und-bildverarbeitung-auto-mehrzonenkartierung-dropmow\/"]}]},{"@type":"ImageObject","inLanguage":"de","@id":"https:\/\/easyliferobo.com\/de\/product\/mammotion-yuka-mini-2-500-roboter-rasenmaeher-ohne-begrenzungskabel-empfehlung-500-m%c2%b2-ki-betriebener-rasenmaeherroboter-mit-drei-kameras-und-bildverarbeitung-auto-mehrzonenkartierung-dropmow\/#primaryimage","url":"https:\/\/easyliferobo.com\/de\/wp-content\/uploads\/2026\/02\/71CJJHcx3oL._AC_SL1500_.jpg","contentUrl":"https:\/\/easyliferobo.com\/de\/wp-content\/uploads\/2026\/02\/71CJJHcx3oL._AC_SL1500_.jpg","width":1500,"height":965},{"@type":"BreadcrumbList","@id":"https:\/\/easyliferobo.com\/de\/product\/mammotion-yuka-mini-2-500-roboter-rasenmaeher-ohne-begrenzungskabel-empfehlung-500-m%c2%b2-ki-betriebener-rasenmaeherroboter-mit-drei-kameras-und-bildverarbeitung-auto-mehrzonenkartierung-dropmow\/#breadcrumb","itemListElement":[{"@type":"ListItem","position":1,"name":"Home","item":"https:\/\/easyliferobo.com\/de\/"},{"@type":"ListItem","position":2,"name":"Shop","item":"https:\/\/easyliferobo.com\/de\/shop\/"},{"@type":"ListItem","position":3,"name":"MAMMOTION YUKA Mini 2 500 Roboter-R..."}]},{"@type":"WebSite","@id":"https:\/\/easyliferobo.com\/de\/#website","url":"https:\/\/easyliferobo.com\/de\/","name":"EasyLifeBro","description":"Smarte Roboter f\u00fcr Zuhause, Garten &amp; Bildung","publisher":{"@id":"https:\/\/easyliferobo.com\/de\/#organization"},"potentialAction":[{"@type":"SearchAction","target":{"@type":"EntryPoint","urlTemplate":"https:\/\/easyliferobo.com\/de\/?s={search_term_string}"},"query-input":{"@type":"PropertyValueSpecification","valueRequired":true,"valueName":"search_term_string"}}],"inLanguage":"de"},{"@type":"Organization","@id":"https:\/\/easyliferobo.com\/de\/#organization","name":"EasyLifeBro","url":"https:\/\/easyliferobo.com\/de\/","logo":{"@type":"ImageObject","inLanguage":"de","@id":"https:\/\/easyliferobo.com\/de\/#\/schema\/logo\/image\/","url":"https:\/\/easyliferobo.com\/de\/wp-content\/uploads\/2026\/02\/Screenshot-2026-02-22-at-2.25.03-PM.png","contentUrl":"https:\/\/easyliferobo.com\/de\/wp-content\/uploads\/2026\/02\/Screenshot-2026-02-22-at-2.25.03-PM.png","width":1858,"height":430,"caption":"EasyLifeBro"},"image":{"@id":"https:\/\/easyliferobo.com\/de\/#\/schema\/logo\/image\/"}}]}},"_links":{"self":[{"href":"https:\/\/easyliferobo.com\/de\/wp-json\/wp\/v2\/product\/2039","targetHints":{"allow":["GET"]}}],"collection":[{"href":"https:\/\/easyliferobo.com\/de\/wp-json\/wp\/v2\/product"}],"about":[{"href":"https:\/\/easyliferobo.com\/de\/wp-json\/wp\/v2\/types\/product"}],"replies":[{"embeddable":true,"href":"https:\/\/easyliferobo.com\/de\/wp-json\/wp\/v2\/comments?post=2039"}],"wp:featuredmedia":[{"embeddable":true,"href":"https:\/\/easyliferobo.com\/de\/wp-json\/wp\/v2\/media\/2040"}],"wp:attachment":[{"href":"https:\/\/easyliferobo.com\/de\/wp-json\/wp\/v2\/media?parent=2039"}],"wp:term":[{"taxonomy":"store","embeddable":true,"href":"https:\/\/easyliferobo.com\/de\/wp-json\/wp\/v2\/store?post=2039"},{"taxonomy":"product_brand","embeddable":true,"href":"https:\/\/easyliferobo.com\/de\/wp-json\/wp\/v2\/product_brand?post=2039"},{"taxonomy":"product_cat","embeddable":true,"href":"https:\/\/easyliferobo.com\/de\/wp-json\/wp\/v2\/product_cat?post=2039"},{"taxonomy":"product_tag","embeddable":true,"href":"https:\/\/easyliferobo.com\/de\/wp-json\/wp\/v2\/product_tag?post=2039"}],"curies":[{"name":"wp","href":"https:\/\/api.w.org\/{rel}","templated":true}]}}