
{"id":2028,"date":"2026-02-27T02:16:07","date_gmt":"2026-02-27T02:16:07","guid":{"rendered":"https:\/\/easyliferobo.com\/de\/product\/m800plus-maehroboter-ohne-begrenzungskabel-800-m%c2%b2-gps-ortung-ai-vision-rasenmaeherroboter-ohne-kabel-u-foermiger-maehmodus-150-hinderniserkennungen-automatisches-laden-app\/"},"modified":"2026-02-27T02:16:30","modified_gmt":"2026-02-27T02:16:30","slug":"m800plus-maehroboter-ohne-begrenzungskabel-800-m%c2%b2-gps-ortung-ai-vision-rasenmaeherroboter-ohne-kabel-u-foermiger-maehmodus-150-hinderniserkennungen-automatisches-laden-app","status":"publish","type":"product","link":"https:\/\/easyliferobo.com\/de\/product\/m800plus-maehroboter-ohne-begrenzungskabel-800-m%c2%b2-gps-ortung-ai-vision-rasenmaeherroboter-ohne-kabel-u-foermiger-maehmodus-150-hinderniserkennungen-automatisches-laden-app\/","title":{"rendered":"M800Plus M\u00e4hroboter ohne Begrenzun..."},"content":{"rendered":"<p>\n                                             Von der Marke   <\/p>\n<p>                                              <img decoding=\"async\" alt=\"Weite Landschaftsaufnahme eines leuchtend gr\u00fcnen Feldes oder Rasens mit immergr\u00fcnen B\u00e4umen im Hintergrund unter blauem Himmel.\" src=\"https:\/\/images-na.ssl-images-amazon.com\/images\/G\/01\/x-locale\/common\/grey-pixel.gif\" class=\"a-lazy-loaded\" data-src=\"https:\/\/m.media-amazon.com\/images\/S\/aplus-media-library-service-media\/9c890935-f033-466f-a28b-47f57bcf9efd.__CR0,0,1464,625_PT0_SX1464_V1___.jpg\"><img decoding=\"async\" alt=\"Weite Landschaftsaufnahme eines leuchtend gr\u00fcnen Feldes oder Rasens mit immergr\u00fcnen B\u00e4umen im Hintergrund unter blauem Himmel.\" src=\"https:\/\/m.media-amazon.com\/images\/S\/aplus-media-library-service-media\/9c890935-f033-466f-a28b-47f57bcf9efd.__CR0,0,1464,625_PT0_SX1464_V1___.jpg\">  <\/p>\n<p>                                              <img decoding=\"async\" alt=\"Aplus-Inhaltsbild\" src=\"https:\/\/images-na.ssl-images-amazon.com\/images\/G\/01\/x-locale\/common\/grey-pixel.gif\" class=\"a-lazy-loaded\" data-src=\"https:\/\/m.media-amazon.com\/images\/S\/aplus-media-library-service-media\/63d44100-e0f1-41d1-8c32-1789f928c755.__CR0,0,362,453_PT0_SX362_V1___.jpg\"><img decoding=\"async\" alt=\"Aplus-Inhaltsbild\" src=\"https:\/\/m.media-amazon.com\/images\/S\/aplus-media-library-service-media\/63d44100-e0f1-41d1-8c32-1789f928c755.__CR0,0,362,453_PT0_SX362_V1___.jpg\">  <\/p>\n<p>                                              <img decoding=\"async\" alt=\"Roboter-Rasenm\u00e4her aus mehreren Blickwinkeln auf gr\u00fcnem Gras, mit sichtbarer Begrenzungskabelinstallation. Das Ger\u00e4t scheint autonom und batteriebetrieben zu sein.\" src=\"https:\/\/images-na.ssl-images-amazon.com\/images\/G\/01\/x-locale\/common\/grey-pixel.gif\" class=\"a-lazy-loaded\" data-src=\"https:\/\/m.media-amazon.com\/images\/S\/aplus-media-library-service-media\/e562f410-dd4c-400c-b691-f40c9dbeadf7.__CR0,0,362,453_PT0_SX362_V1___.jpg\"><img decoding=\"async\" alt=\"Roboter-Rasenm\u00e4her aus mehreren Blickwinkeln auf gr\u00fcnem Gras, mit sichtbarer Begrenzungskabelinstallation. Das Ger\u00e4t scheint autonom und batteriebetrieben zu sein.\" src=\"https:\/\/m.media-amazon.com\/images\/S\/aplus-media-library-service-media\/e562f410-dd4c-400c-b691-f40c9dbeadf7.__CR0,0,362,453_PT0_SX362_V1___.jpg\">  <\/p>\n<p>                                              <img decoding=\"async\" alt=\"Sequenz, die einen Rasenm\u00e4herroboter zeigt, der in einem systematischen Muster \u00fcber gr\u00fcnes Gras navigiert. Mehrere Bilder veranschaulichen den M\u00e4hweg und das Abdeckungsmuster.\" src=\"https:\/\/images-na.ssl-images-amazon.com\/images\/G\/01\/x-locale\/common\/grey-pixel.gif\" class=\"a-lazy-loaded\" data-src=\"https:\/\/m.media-amazon.com\/images\/S\/aplus-media-library-service-media\/9644daac-0dbc-41b3-8eb1-2016ad21ddb4.__CR0,0,362,453_PT0_SX362_V1___.jpg\"><img decoding=\"async\" alt=\"Sequenz, die einen Rasenm\u00e4herroboter zeigt, der in einem systematischen Muster \u00fcber gr\u00fcnes Gras navigiert. Mehrere Bilder veranschaulichen den M\u00e4hweg und das Abdeckungsmuster.\" src=\"https:\/\/m.media-amazon.com\/images\/S\/aplus-media-library-service-media\/9644daac-0dbc-41b3-8eb1-2016ad21ddb4.__CR0,0,362,453_PT0_SX362_V1___.jpg\">  <\/p>\n<p>                                              <img decoding=\"async\" alt=\"Aplus-Inhaltsbild\" src=\"https:\/\/images-na.ssl-images-amazon.com\/images\/G\/01\/x-locale\/common\/grey-pixel.gif\" class=\"a-lazy-loaded\" data-src=\"https:\/\/m.media-amazon.com\/images\/S\/aplus-media-library-service-media\/57ddd91c-ad53-489c-b0bb-ca02bbbba433.__CR0,0,362,453_PT0_SX362_V1___.jpg\"><img decoding=\"async\" alt=\"Aplus-Inhaltsbild\" src=\"https:\/\/m.media-amazon.com\/images\/S\/aplus-media-library-service-media\/57ddd91c-ad53-489c-b0bb-ca02bbbba433.__CR0,0,362,453_PT0_SX362_V1___.jpg\">  <\/p>\n<p>                                              <img decoding=\"async\" alt=\"Roboter-Rasenm\u00e4her auf gr\u00fcnem Gras mit blau beleuchteten Sensoren sichtbar. Das Ger\u00e4t verf\u00fcgt \u00fcber ein elegantes schwarz-graues Design mit gebogenem Geh\u00e4use.\" src=\"https:\/\/images-na.ssl-images-amazon.com\/images\/G\/01\/x-locale\/common\/grey-pixel.gif\" class=\"a-lazy-loaded\" data-src=\"https:\/\/m.media-amazon.com\/images\/S\/aplus-media-library-service-media\/bacb5d44-b101-4cc2-96c7-67fe3a41479a.__CR0,0,362,453_PT0_SX362_V1___.jpg\"><img decoding=\"async\" alt=\"Roboter-Rasenm\u00e4her auf gr\u00fcnem Gras mit blau beleuchteten Sensoren sichtbar. Das Ger\u00e4t verf\u00fcgt \u00fcber ein elegantes schwarz-graues Design mit gebogenem Geh\u00e4use.\" src=\"https:\/\/m.media-amazon.com\/images\/S\/aplus-media-library-service-media\/bacb5d44-b101-4cc2-96c7-67fe3a41479a.__CR0,0,362,453_PT0_SX362_V1___.jpg\">  <\/p>\n<p>                                              <img decoding=\"async\" alt=\"Aplus-Inhaltsbild\" src=\"https:\/\/images-na.ssl-images-amazon.com\/images\/G\/01\/x-locale\/common\/grey-pixel.gif\" class=\"a-lazy-loaded\" data-src=\"https:\/\/m.media-amazon.com\/images\/S\/aplus-media-library-service-media\/b2feb869-a98c-499c-81eb-cabeaae7707f.__CR0,0,362,453_PT0_SX362_V1___.jpg\"><img decoding=\"async\" alt=\"Aplus-Inhaltsbild\" src=\"https:\/\/m.media-amazon.com\/images\/S\/aplus-media-library-service-media\/b2feb869-a98c-499c-81eb-cabeaae7707f.__CR0,0,362,453_PT0_SX362_V1___.jpg\">  <\/p>\n<p>                                              <img decoding=\"async\" alt=\"Aplus-Inhaltsbild\" src=\"https:\/\/images-na.ssl-images-amazon.com\/images\/G\/01\/x-locale\/common\/grey-pixel.gif\" class=\"a-lazy-loaded\" data-src=\"https:\/\/m.media-amazon.com\/images\/S\/aplus-media-library-service-media\/9e196d59-6cec-4b92-aa36-3c0094241b2b.__CR0,0,362,453_PT0_SX362_V1___.jpg\"><img decoding=\"async\" alt=\"Aplus-Inhaltsbild\" src=\"https:\/\/m.media-amazon.com\/images\/S\/aplus-media-library-service-media\/9e196d59-6cec-4b92-aa36-3c0094241b2b.__CR0,0,362,453_PT0_SX362_V1___.jpg\">  <\/p>\n<p>GPS und visuelle Dual-Navigation: Der YARDCARE M800Plus Roboter-Rasenm\u00e4her ohne Begrenzungskabel kombiniert ein verbessertes GPS-System mit intelligenter KI-Bildverarbeitung, um rasenfreie Zonen und Kantenkonturen automatisch zu erkennen. Dies gew\u00e4hrleistet einen pr\u00e4zisen Start auch ohne Begrenzungslinien. Egal, ob Sie Anf\u00e4nger oder Profi-G\u00e4rtner sind, der M800Plus erm\u00f6glicht vom ersten Tag an ein m\u00fcheloses, intelligentes M\u00e4herlebnis. Ideal f\u00fcr G\u00e4rten mit klar definierten Grenzen.<br \/>Intelligente KI-Hindernisvermeidung: Ausgestattet mit einer 135\u00b0-Weitwinkelkamera und modernster KI-Objekterkennung erkennt der Rasenm\u00e4herroboter ohne Begrenzungskabel \u00fcber 150 g\u00e4ngige Hindernisse \u2013 darunter Spielzeug, Blument\u00f6pfe oder Kleintiere \u2013 in Echtzeit. Es weicht diesem zuverl\u00e4ssig aus, verhindert Kollisionen und h\u00e4lt stets den Sicherheitsabstand zu Gegenst\u00e4nden und Haustieren ein. Hinweis: Gras mit einer H\u00f6he \u00fcber 6,5 cm kann als Hindernis erkannt werden \u2013 f\u00fcr beste M\u00e4hergebnisse sollte der Rasen vorher gem\u00e4ht werden<br \/>Kraftvolle Schnittleistung: Der M\u00e4hroboter ist mit einem leistungsstarken Hochleistungsmotor ausgestattet, der eine einstellbare Schnitth\u00f6he von 2 bis 6 cm und eine Schnittbreite von 18 cm bietet. Dadurch wird ein stabiles und effizientes M\u00e4hergebnis gew\u00e4hrleistet. Mit einer Akkuladung arbeitet das Ger\u00e4t 80 bis 100 Minuten ununterbrochen und meistert Rasenfl\u00e4chen bis zu 800 m\u00b2 m\u00fchelos. Das saubere und gleichm\u00e4\u00dfige Schnittbild entspricht professionellen Gartenpflegeergebnissen.<br \/>Intelligente App-Fernsteuerung: Mit der YARDCARE-App k\u00f6nnen Sie ganz einfach Ihren M\u00e4hplan festlegen, flexibel zwischen drei Arbeitsmodi (geordnet, zuf\u00e4llig, spiralf\u00f6rmig) wechseln und Statusbenachrichtigungen in Echtzeit erhalten. Das System kann jederzeit per OTA-Remote-Update aktualisiert werden. Dank der mehrsprachigen Benutzeroberfl\u00e4che ist die Bedienung intuitiv und smart \u2013 f\u00fcr eine komfortable und aufsichtslose Rasenpflege.<br \/>Mehrere Sicherheitsvorkehrungen: Der Rasenm\u00e4herroboter arbeitet mit einem Ger\u00e4uschpegel von weniger als 60 Dezibel und ist voll ausgestattet: Ein Neigungssensor, ein Kollisionserkennungssystem und ein Not-Aus-Taster sorgen daf\u00fcr, dass das Ger\u00e4t in ungew\u00f6hnlichen Situationen wie Heben oder Kollisionen sofort stoppt. Dies gew\u00e4hrleistet die Sicherheit Ihrer Familie und Ihrer Haustiere, sodass Sie den Rasen sorgenfrei m\u00e4hen k\u00f6nnen.<br \/>Gr\u00fcndlichere Rasenabdeckung: Der M800Plus M\u00e4hroboter m\u00e4ht zun\u00e4chst 40 Minuten lang systematisch und anschlie\u00dfend 60 Minuten lang im Zufallsprinzip, um alle L\u00fccken im Rasen zuverl\u00e4ssig zu schlie\u00dfen. Es wechselt intelligent zwischen vertikalen und horizontalen Schnittmustern. Bei niedrigem Akkustand oder Regen kehrt das Ger\u00e4t automatisch zur Ladestation zur\u00fcck. Sie m\u00fcssen sich also um nichts k\u00fcmmern \u2013 ideal f\u00fcr eine umfassende und m\u00fchelose Rasenpflege.<\/p>\n<p>[ad_2]<\/p>\n","protected":false},"excerpt":{"rendered":"<p>Von der Marke GPS und visuelle Dual-Navigation: Der YARDCARE M800Plus Roboter-Rasenm\u00e4her ohne Begrenzungskabel kombiniert ein verbessertes GPS-System mit intelligenter KI-Bildverarbeitung, um rasenfreie Zonen und Kantenkonturen automatisch zu erkennen. Dies gew\u00e4hrleistet einen pr\u00e4zisen Start auch ohne Begrenzungslinien. Egal, ob Sie Anf\u00e4nger oder Profi-G\u00e4rtner sind, der M800Plus erm\u00f6glicht vom ersten Tag an ein m\u00fcheloses, intelligentes M\u00e4herlebnis. Ideal [&hellip;]<\/p>\n","protected":false},"featured_media":2029,"comment_status":"open","ping_status":"closed","template":"","meta":{"_aipt_faq_data":""},"store":[],"product_brand":[187],"product_cat":[85],"product_tag":[377],"class_list":{"0":"post-2028","1":"product","2":"type-product","3":"status-publish","4":"has-post-thumbnail","6":"product_brand-yardcare","7":"product_cat-gps-rasenroboter","8":"product_tag-gps-rasenroboter-mit-automatische-rueckkehr","10":"first","11":"instock","12":"shipping-taxable","13":"product-type-external"},"yoast_head":"<!-- This site is optimized with the Yoast SEO plugin v27.0 - https:\/\/yoast.com\/product\/yoast-seo-wordpress\/ -->\n<title>M800Plus M\u00e4hroboter ohne Begrenzungskabel, 800 m\u00b2, GPS-Ortung + AI Vision Rasenm\u00e4herroboter ohne Kabel, U-f\u00f6rmiger M\u00e4hmodus, 150 Hinderniserkennungen, automatisches Laden, App - EasyLifeBro<\/title>\n<meta name=\"description\" content=\"Entdecken Sie smarte Roboter f\u00fcr Zuhause, Garten, Bildung und Sicherheit. Vergleichen Sie Saugroboter, Rasenm\u00e4hroboter, KI-Begleitroboter und mehr bei EasyLifeRobo.\" \/>\n<meta name=\"robots\" content=\"index, follow, max-snippet:-1, max-image-preview:large, max-video-preview:-1\" \/>\n<link rel=\"canonical\" href=\"https:\/\/easyliferobo.com\/de\/product\/m800plus-maehroboter-ohne-begrenzungskabel-800-m\u00b2-gps-ortung-ai-vision-rasenmaeherroboter-ohne-kabel-u-foermiger-maehmodus-150-hinderniserkennungen-automatisches-laden-app\/\" \/>\n<meta property=\"og:locale\" content=\"de_DE\" \/>\n<meta property=\"og:type\" content=\"article\" \/>\n<meta property=\"og:title\" content=\"M800Plus M\u00e4hroboter ohne Begrenzungskabel, 800 m\u00b2, GPS-Ortung + AI Vision Rasenm\u00e4herroboter ohne Kabel, U-f\u00f6rmiger M\u00e4hmodus, 150 Hinderniserkennungen, automatisches Laden, App - EasyLifeBro\" \/>\n<meta property=\"og:description\" content=\"Entdecken Sie smarte Roboter f\u00fcr Zuhause, Garten, Bildung und Sicherheit. Vergleichen Sie Saugroboter, Rasenm\u00e4hroboter, KI-Begleitroboter und mehr bei EasyLifeRobo.\" \/>\n<meta property=\"og:url\" content=\"https:\/\/easyliferobo.com\/de\/product\/m800plus-maehroboter-ohne-begrenzungskabel-800-m\u00b2-gps-ortung-ai-vision-rasenmaeherroboter-ohne-kabel-u-foermiger-maehmodus-150-hinderniserkennungen-automatisches-laden-app\/\" \/>\n<meta property=\"og:site_name\" content=\"EasyLifeBro\" \/>\n<meta property=\"article:modified_time\" content=\"2026-02-27T02:16:30+00:00\" \/>\n<meta property=\"og:image\" content=\"https:\/\/images-na.ssl-images-amazon.com\/images\/G\/01\/x-locale\/common\/grey-pixel.gif\" \/>\n<meta name=\"twitter:card\" content=\"summary_large_image\" \/>\n<meta name=\"twitter:label1\" content=\"Gesch\u00e4tzte Lesezeit\" \/>\n\t<meta name=\"twitter:data1\" content=\"2\u00a0Minuten\" \/>\n<script type=\"application\/ld+json\" class=\"yoast-schema-graph\">{\"@context\":\"https:\/\/schema.org\",\"@graph\":[{\"@type\":\"WebPage\",\"@id\":\"https:\/\/easyliferobo.com\/de\/product\/m800plus-maehroboter-ohne-begrenzungskabel-800-m%c2%b2-gps-ortung-ai-vision-rasenmaeherroboter-ohne-kabel-u-foermiger-maehmodus-150-hinderniserkennungen-automatisches-laden-app\/\",\"url\":\"https:\/\/easyliferobo.com\/de\/product\/m800plus-maehroboter-ohne-begrenzungskabel-800-m%c2%b2-gps-ortung-ai-vision-rasenmaeherroboter-ohne-kabel-u-foermiger-maehmodus-150-hinderniserkennungen-automatisches-laden-app\/\",\"name\":\"M800Plus M\u00e4hroboter ohne Begrenzungskabel, 800 m\u00b2, GPS-Ortung + AI Vision Rasenm\u00e4herroboter ohne Kabel, U-f\u00f6rmiger M\u00e4hmodus, 150 Hinderniserkennungen, automatisches Laden, App - EasyLifeBro\",\"isPartOf\":{\"@id\":\"https:\/\/easyliferobo.com\/de\/#website\"},\"primaryImageOfPage\":{\"@id\":\"https:\/\/easyliferobo.com\/de\/product\/m800plus-maehroboter-ohne-begrenzungskabel-800-m%c2%b2-gps-ortung-ai-vision-rasenmaeherroboter-ohne-kabel-u-foermiger-maehmodus-150-hinderniserkennungen-automatisches-laden-app\/#primaryimage\"},\"image\":{\"@id\":\"https:\/\/easyliferobo.com\/de\/product\/m800plus-maehroboter-ohne-begrenzungskabel-800-m%c2%b2-gps-ortung-ai-vision-rasenmaeherroboter-ohne-kabel-u-foermiger-maehmodus-150-hinderniserkennungen-automatisches-laden-app\/#primaryimage\"},\"thumbnailUrl\":\"https:\/\/easyliferobo.com\/de\/wp-content\/uploads\/2026\/02\/71kDmV8tqWL._AC_SL1500_.jpg\",\"datePublished\":\"2026-02-27T02:16:07+00:00\",\"dateModified\":\"2026-02-27T02:16:30+00:00\",\"description\":\"Entdecken Sie smarte Roboter f\u00fcr Zuhause, Garten, Bildung und Sicherheit. Vergleichen Sie Saugroboter, Rasenm\u00e4hroboter, KI-Begleitroboter und mehr bei EasyLifeRobo.\",\"breadcrumb\":{\"@id\":\"https:\/\/easyliferobo.com\/de\/product\/m800plus-maehroboter-ohne-begrenzungskabel-800-m%c2%b2-gps-ortung-ai-vision-rasenmaeherroboter-ohne-kabel-u-foermiger-maehmodus-150-hinderniserkennungen-automatisches-laden-app\/#breadcrumb\"},\"inLanguage\":\"de\",\"potentialAction\":[{\"@type\":\"ReadAction\",\"target\":[\"https:\/\/easyliferobo.com\/de\/product\/m800plus-maehroboter-ohne-begrenzungskabel-800-m%c2%b2-gps-ortung-ai-vision-rasenmaeherroboter-ohne-kabel-u-foermiger-maehmodus-150-hinderniserkennungen-automatisches-laden-app\/\"]}]},{\"@type\":\"ImageObject\",\"inLanguage\":\"de\",\"@id\":\"https:\/\/easyliferobo.com\/de\/product\/m800plus-maehroboter-ohne-begrenzungskabel-800-m%c2%b2-gps-ortung-ai-vision-rasenmaeherroboter-ohne-kabel-u-foermiger-maehmodus-150-hinderniserkennungen-automatisches-laden-app\/#primaryimage\",\"url\":\"https:\/\/easyliferobo.com\/de\/wp-content\/uploads\/2026\/02\/71kDmV8tqWL._AC_SL1500_.jpg\",\"contentUrl\":\"https:\/\/easyliferobo.com\/de\/wp-content\/uploads\/2026\/02\/71kDmV8tqWL._AC_SL1500_.jpg\",\"width\":1500,\"height\":1237},{\"@type\":\"BreadcrumbList\",\"@id\":\"https:\/\/easyliferobo.com\/de\/product\/m800plus-maehroboter-ohne-begrenzungskabel-800-m%c2%b2-gps-ortung-ai-vision-rasenmaeherroboter-ohne-kabel-u-foermiger-maehmodus-150-hinderniserkennungen-automatisches-laden-app\/#breadcrumb\",\"itemListElement\":[{\"@type\":\"ListItem\",\"position\":1,\"name\":\"Home\",\"item\":\"https:\/\/easyliferobo.com\/de\/\"},{\"@type\":\"ListItem\",\"position\":2,\"name\":\"Shop\",\"item\":\"https:\/\/easyliferobo.com\/de\/shop\/\"},{\"@type\":\"ListItem\",\"position\":3,\"name\":\"M800Plus M\u00e4hroboter ohne Begrenzun...\"}]},{\"@type\":\"WebSite\",\"@id\":\"https:\/\/easyliferobo.com\/de\/#website\",\"url\":\"https:\/\/easyliferobo.com\/de\/\",\"name\":\"EasyLifeBro\",\"description\":\"Smarte Roboter f\u00fcr Zuhause, Garten &amp; Bildung\",\"publisher\":{\"@id\":\"https:\/\/easyliferobo.com\/de\/#organization\"},\"potentialAction\":[{\"@type\":\"SearchAction\",\"target\":{\"@type\":\"EntryPoint\",\"urlTemplate\":\"https:\/\/easyliferobo.com\/de\/?s={search_term_string}\"},\"query-input\":{\"@type\":\"PropertyValueSpecification\",\"valueRequired\":true,\"valueName\":\"search_term_string\"}}],\"inLanguage\":\"de\"},{\"@type\":\"Organization\",\"@id\":\"https:\/\/easyliferobo.com\/de\/#organization\",\"name\":\"EasyLifeBro\",\"url\":\"https:\/\/easyliferobo.com\/de\/\",\"logo\":{\"@type\":\"ImageObject\",\"inLanguage\":\"de\",\"@id\":\"https:\/\/easyliferobo.com\/de\/#\/schema\/logo\/image\/\",\"url\":\"https:\/\/easyliferobo.com\/de\/wp-content\/uploads\/2026\/02\/Screenshot-2026-02-22-at-2.25.03-PM.png\",\"contentUrl\":\"https:\/\/easyliferobo.com\/de\/wp-content\/uploads\/2026\/02\/Screenshot-2026-02-22-at-2.25.03-PM.png\",\"width\":1858,\"height\":430,\"caption\":\"EasyLifeBro\"},\"image\":{\"@id\":\"https:\/\/easyliferobo.com\/de\/#\/schema\/logo\/image\/\"}}]}<\/script>\n<!-- \/ Yoast SEO plugin. -->","yoast_head_json":{"title":"M800Plus M\u00e4hroboter ohne Begrenzungskabel, 800 m\u00b2, GPS-Ortung + AI Vision Rasenm\u00e4herroboter ohne Kabel, U-f\u00f6rmiger M\u00e4hmodus, 150 Hinderniserkennungen, automatisches Laden, App - EasyLifeBro","description":"Entdecken Sie smarte Roboter f\u00fcr Zuhause, Garten, Bildung und Sicherheit. Vergleichen Sie Saugroboter, Rasenm\u00e4hroboter, KI-Begleitroboter und mehr bei EasyLifeRobo.","robots":{"index":"index","follow":"follow","max-snippet":"max-snippet:-1","max-image-preview":"max-image-preview:large","max-video-preview":"max-video-preview:-1"},"canonical":"https:\/\/easyliferobo.com\/de\/product\/m800plus-maehroboter-ohne-begrenzungskabel-800-m\u00b2-gps-ortung-ai-vision-rasenmaeherroboter-ohne-kabel-u-foermiger-maehmodus-150-hinderniserkennungen-automatisches-laden-app\/","og_locale":"de_DE","og_type":"article","og_title":"M800Plus M\u00e4hroboter ohne Begrenzungskabel, 800 m\u00b2, GPS-Ortung + AI Vision Rasenm\u00e4herroboter ohne Kabel, U-f\u00f6rmiger M\u00e4hmodus, 150 Hinderniserkennungen, automatisches Laden, App - EasyLifeBro","og_description":"Entdecken Sie smarte Roboter f\u00fcr Zuhause, Garten, Bildung und Sicherheit. Vergleichen Sie Saugroboter, Rasenm\u00e4hroboter, KI-Begleitroboter und mehr bei EasyLifeRobo.","og_url":"https:\/\/easyliferobo.com\/de\/product\/m800plus-maehroboter-ohne-begrenzungskabel-800-m\u00b2-gps-ortung-ai-vision-rasenmaeherroboter-ohne-kabel-u-foermiger-maehmodus-150-hinderniserkennungen-automatisches-laden-app\/","og_site_name":"EasyLifeBro","article_modified_time":"2026-02-27T02:16:30+00:00","og_image":[{"url":"https:\/\/images-na.ssl-images-amazon.com\/images\/G\/01\/x-locale\/common\/grey-pixel.gif","type":"","width":"","height":""}],"twitter_card":"summary_large_image","twitter_misc":{"Gesch\u00e4tzte Lesezeit":"2\u00a0Minuten"},"schema":{"@context":"https:\/\/schema.org","@graph":[{"@type":"WebPage","@id":"https:\/\/easyliferobo.com\/de\/product\/m800plus-maehroboter-ohne-begrenzungskabel-800-m%c2%b2-gps-ortung-ai-vision-rasenmaeherroboter-ohne-kabel-u-foermiger-maehmodus-150-hinderniserkennungen-automatisches-laden-app\/","url":"https:\/\/easyliferobo.com\/de\/product\/m800plus-maehroboter-ohne-begrenzungskabel-800-m%c2%b2-gps-ortung-ai-vision-rasenmaeherroboter-ohne-kabel-u-foermiger-maehmodus-150-hinderniserkennungen-automatisches-laden-app\/","name":"M800Plus M\u00e4hroboter ohne Begrenzungskabel, 800 m\u00b2, GPS-Ortung + AI Vision Rasenm\u00e4herroboter ohne Kabel, U-f\u00f6rmiger M\u00e4hmodus, 150 Hinderniserkennungen, automatisches Laden, App - EasyLifeBro","isPartOf":{"@id":"https:\/\/easyliferobo.com\/de\/#website"},"primaryImageOfPage":{"@id":"https:\/\/easyliferobo.com\/de\/product\/m800plus-maehroboter-ohne-begrenzungskabel-800-m%c2%b2-gps-ortung-ai-vision-rasenmaeherroboter-ohne-kabel-u-foermiger-maehmodus-150-hinderniserkennungen-automatisches-laden-app\/#primaryimage"},"image":{"@id":"https:\/\/easyliferobo.com\/de\/product\/m800plus-maehroboter-ohne-begrenzungskabel-800-m%c2%b2-gps-ortung-ai-vision-rasenmaeherroboter-ohne-kabel-u-foermiger-maehmodus-150-hinderniserkennungen-automatisches-laden-app\/#primaryimage"},"thumbnailUrl":"https:\/\/easyliferobo.com\/de\/wp-content\/uploads\/2026\/02\/71kDmV8tqWL._AC_SL1500_.jpg","datePublished":"2026-02-27T02:16:07+00:00","dateModified":"2026-02-27T02:16:30+00:00","description":"Entdecken Sie smarte Roboter f\u00fcr Zuhause, Garten, Bildung und Sicherheit. Vergleichen Sie Saugroboter, Rasenm\u00e4hroboter, KI-Begleitroboter und mehr bei EasyLifeRobo.","breadcrumb":{"@id":"https:\/\/easyliferobo.com\/de\/product\/m800plus-maehroboter-ohne-begrenzungskabel-800-m%c2%b2-gps-ortung-ai-vision-rasenmaeherroboter-ohne-kabel-u-foermiger-maehmodus-150-hinderniserkennungen-automatisches-laden-app\/#breadcrumb"},"inLanguage":"de","potentialAction":[{"@type":"ReadAction","target":["https:\/\/easyliferobo.com\/de\/product\/m800plus-maehroboter-ohne-begrenzungskabel-800-m%c2%b2-gps-ortung-ai-vision-rasenmaeherroboter-ohne-kabel-u-foermiger-maehmodus-150-hinderniserkennungen-automatisches-laden-app\/"]}]},{"@type":"ImageObject","inLanguage":"de","@id":"https:\/\/easyliferobo.com\/de\/product\/m800plus-maehroboter-ohne-begrenzungskabel-800-m%c2%b2-gps-ortung-ai-vision-rasenmaeherroboter-ohne-kabel-u-foermiger-maehmodus-150-hinderniserkennungen-automatisches-laden-app\/#primaryimage","url":"https:\/\/easyliferobo.com\/de\/wp-content\/uploads\/2026\/02\/71kDmV8tqWL._AC_SL1500_.jpg","contentUrl":"https:\/\/easyliferobo.com\/de\/wp-content\/uploads\/2026\/02\/71kDmV8tqWL._AC_SL1500_.jpg","width":1500,"height":1237},{"@type":"BreadcrumbList","@id":"https:\/\/easyliferobo.com\/de\/product\/m800plus-maehroboter-ohne-begrenzungskabel-800-m%c2%b2-gps-ortung-ai-vision-rasenmaeherroboter-ohne-kabel-u-foermiger-maehmodus-150-hinderniserkennungen-automatisches-laden-app\/#breadcrumb","itemListElement":[{"@type":"ListItem","position":1,"name":"Home","item":"https:\/\/easyliferobo.com\/de\/"},{"@type":"ListItem","position":2,"name":"Shop","item":"https:\/\/easyliferobo.com\/de\/shop\/"},{"@type":"ListItem","position":3,"name":"M800Plus M\u00e4hroboter ohne Begrenzun..."}]},{"@type":"WebSite","@id":"https:\/\/easyliferobo.com\/de\/#website","url":"https:\/\/easyliferobo.com\/de\/","name":"EasyLifeBro","description":"Smarte Roboter f\u00fcr Zuhause, Garten &amp; Bildung","publisher":{"@id":"https:\/\/easyliferobo.com\/de\/#organization"},"potentialAction":[{"@type":"SearchAction","target":{"@type":"EntryPoint","urlTemplate":"https:\/\/easyliferobo.com\/de\/?s={search_term_string}"},"query-input":{"@type":"PropertyValueSpecification","valueRequired":true,"valueName":"search_term_string"}}],"inLanguage":"de"},{"@type":"Organization","@id":"https:\/\/easyliferobo.com\/de\/#organization","name":"EasyLifeBro","url":"https:\/\/easyliferobo.com\/de\/","logo":{"@type":"ImageObject","inLanguage":"de","@id":"https:\/\/easyliferobo.com\/de\/#\/schema\/logo\/image\/","url":"https:\/\/easyliferobo.com\/de\/wp-content\/uploads\/2026\/02\/Screenshot-2026-02-22-at-2.25.03-PM.png","contentUrl":"https:\/\/easyliferobo.com\/de\/wp-content\/uploads\/2026\/02\/Screenshot-2026-02-22-at-2.25.03-PM.png","width":1858,"height":430,"caption":"EasyLifeBro"},"image":{"@id":"https:\/\/easyliferobo.com\/de\/#\/schema\/logo\/image\/"}}]}},"_links":{"self":[{"href":"https:\/\/easyliferobo.com\/de\/wp-json\/wp\/v2\/product\/2028","targetHints":{"allow":["GET"]}}],"collection":[{"href":"https:\/\/easyliferobo.com\/de\/wp-json\/wp\/v2\/product"}],"about":[{"href":"https:\/\/easyliferobo.com\/de\/wp-json\/wp\/v2\/types\/product"}],"replies":[{"embeddable":true,"href":"https:\/\/easyliferobo.com\/de\/wp-json\/wp\/v2\/comments?post=2028"}],"wp:featuredmedia":[{"embeddable":true,"href":"https:\/\/easyliferobo.com\/de\/wp-json\/wp\/v2\/media\/2029"}],"wp:attachment":[{"href":"https:\/\/easyliferobo.com\/de\/wp-json\/wp\/v2\/media?parent=2028"}],"wp:term":[{"taxonomy":"store","embeddable":true,"href":"https:\/\/easyliferobo.com\/de\/wp-json\/wp\/v2\/store?post=2028"},{"taxonomy":"product_brand","embeddable":true,"href":"https:\/\/easyliferobo.com\/de\/wp-json\/wp\/v2\/product_brand?post=2028"},{"taxonomy":"product_cat","embeddable":true,"href":"https:\/\/easyliferobo.com\/de\/wp-json\/wp\/v2\/product_cat?post=2028"},{"taxonomy":"product_tag","embeddable":true,"href":"https:\/\/easyliferobo.com\/de\/wp-json\/wp\/v2\/product_tag?post=2028"}],"curies":[{"name":"wp","href":"https:\/\/api.w.org\/{rel}","templated":true}]}}