
{"id":2015,"date":"2026-02-27T02:12:59","date_gmt":"2026-02-27T02:12:59","guid":{"rendered":"https:\/\/easyliferobo.com\/de\/product\/kosmos-620844-cyborg-hand-experimentierbox-hydraulisch-gesteuerter-roboter-verstellbar-auch-fuer-linkshaender-geeignet\/"},"modified":"2026-02-27T02:13:11","modified_gmt":"2026-02-27T02:13:11","slug":"kosmos-620844-cyborg-hand-experimentierbox-hydraulisch-gesteuerter-roboter-verstellbar-auch-fuer-linkshaender-geeignet","status":"publish","type":"product","link":"https:\/\/easyliferobo.com\/de\/product\/kosmos-620844-cyborg-hand-experimentierbox-hydraulisch-gesteuerter-roboter-verstellbar-auch-fuer-linkshaender-geeignet\/","title":{"rendered":"Kosmos 620844 Cyborg Hand-Experimen..."},"content":{"rendered":"<p>\n                                             Vom Hersteller   <\/p>\n<p>                                                  <img decoding=\"async\" alt=\"Kosmos 620844 Cyborg Hand \u2013 Hydraulisch gesteuerte Roboterhand, Experimentierkasten, Modellbausatz\" src=\"https:\/\/images-na.ssl-images-amazon.com\/images\/G\/01\/x-locale\/common\/grey-pixel.gif\" class=\"a-lazy-loaded\" data-src=\"https:\/\/m.media-amazon.com\/images\/S\/aplus-media\/vc\/359d79e4-bf75-4088-acba-94c91d9f42f2.__CR0,0,970,300_PT0_SX970_V1___.jpg\"><img decoding=\"async\" alt=\"Kosmos 620844 Cyborg Hand \u2013 Hydraulisch gesteuerte Roboterhand, Experimentierkasten, Modellbausatz\" src=\"https:\/\/m.media-amazon.com\/images\/S\/aplus-media\/vc\/359d79e4-bf75-4088-acba-94c91d9f42f2.__CR0,0,970,300_PT0_SX970_V1___.jpg\">  <\/p>\n<p>                                                      <img decoding=\"async\" alt=\"620844_Cyborg_Hand_A+_Packshot_22_05_2023\" src=\"https:\/\/images-na.ssl-images-amazon.com\/images\/G\/01\/x-locale\/common\/grey-pixel.gif\" class=\"a-spacing-mini a-lazy-loaded\" data-src=\"https:\/\/m.media-amazon.com\/images\/S\/aplus-media-library-service-media\/711127f3-39be-41ba-a126-f1a3a3951d16.__CR0,0,300,300_PT0_SX300_V1___.jpg\"><img decoding=\"async\" alt=\"620844_Cyborg_Hand_A+_Packshot_22_05_2023\" src=\"https:\/\/m.media-amazon.com\/images\/S\/aplus-media-library-service-media\/711127f3-39be-41ba-a126-f1a3a3951d16.__CR0,0,300,300_PT0_SX300_V1___.jpg\">  <\/p>\n<h3 class=\"a-spacing-mini\">  Cyborg-Hand <\/h3>\n<p>                                           Ihre XXL-Hydraulikhand                                     <\/p>\n<p class=\"a-spacing-base\"> Eine DIY-Roboterhand, die dreimal so gro\u00df ist wie deine eigene und tolle F\u00e4higkeiten vermittelt, das ist cool! <\/p>\n<p class=\"a-spacing-base\">  Dinge, die sonst zu gro\u00df sind, aber auch sehr kleine Gegenst\u00e4nde greift die Exo-Hand spielerisch. Es ist sogar so empfindlich, dass man damit schreiben und zeichnen kann. <\/p>\n<p class=\"a-spacing-base\">  F\u00fcr alle, die gerne bauen und basteln, ist dieser spannende Modellbausatz mit langlebigem und cleverem Spielwert genau das Richtige. <\/p>\n<p>                                                                                       Coole Cyborg-Hand, mit der man greifen, heben und sogar schreiben kann. Erst bauen und basteln, dann die Mechanik erkunden \u2013 Hydrauliktechnik spielerisch verstehen. Geeignet f\u00fcr Rechts- und Linksh\u00e4nder, verstellbar f\u00fcr alle Handgr\u00f6\u00dfen. Strukturiertes Anleitungsheft mit Hintergrundwissen zum Thema Exoskelette und deren Anwendung. Hier trifft Spa\u00df auf Wissenschaft f\u00fcr Kinder zwischen 10 und 14 Jahren.       <\/p>\n<p class=\"apm-text-center\">\n                                                      <img decoding=\"async\" alt=\"Kosmos 620844 Cyborg Hand \u2013 Hydraulisch gesteuerte Roboterhand, Experimentierkasten, Modellbausatz\" src=\"https:\/\/images-na.ssl-images-amazon.com\/images\/G\/01\/x-locale\/common\/grey-pixel.gif\" class=\"a-lazy-loaded\" data-src=\"https:\/\/m.media-amazon.com\/images\/S\/aplus-media\/vc\/2c30d2c7-12c0-4e3f-9a07-2d72db22e5da.__CR0,0,300,300_PT0_SX220_V1___.jpg\"><img decoding=\"async\" alt=\"Kosmos 620844 Cyborg Hand \u2013 Hydraulisch gesteuerte Roboterhand, Experimentierkasten, Modellbausatz\" src=\"https:\/\/m.media-amazon.com\/images\/S\/aplus-media\/vc\/2c30d2c7-12c0-4e3f-9a07-2d72db22e5da.__CR0,0,300,300_PT0_SX220_V1___.jpg\">  <\/p>\n<p>                                                    Clevere Hydrauliktechnik                                     <\/p>\n<p class=\"a-size-small\"> Technik und Wissenschaft vereinen sich in diesem Experimentierkasten mit Bauspa\u00df und Entdeckergeist. Die einzelnen Teile des Bausatzes werden zusammengesteckt oder verschraubt, ein Kleben ist nicht n\u00f6tig. Die hydraulische Steuerung erfolgt \u00fcber Zylinder, Schl\u00e4uche und Wasserdruck. <\/p>\n<p class=\"a-size-small\">  Das fertige Exo-Skelett wird einfach \u00fcber die eigene Hand gezogen und zeigt den T\u00fcftlern, was sie k\u00f6nnen. <\/p>\n<p class=\"apm-text-center\">\n                                                      <img decoding=\"async\" alt=\"Kosmos 620844 Cyborg Hand \u2013 Hydraulisch gesteuerte Roboterhand, Experimentierkasten, Modellbausatz\" src=\"https:\/\/images-na.ssl-images-amazon.com\/images\/G\/01\/x-locale\/common\/grey-pixel.gif\" class=\"a-lazy-loaded\" data-src=\"https:\/\/m.media-amazon.com\/images\/S\/aplus-media\/vc\/b1499cc0-e5e1-4938-920f-fae66ded2c59.__CR0,0,300,300_PT0_SX220_V1___.jpg\"><img decoding=\"async\" alt=\"Kosmos 620844 Cyborg Hand \u2013 Hydraulisch gesteuerte Roboterhand, Experimentierkasten, Modellbausatz\" src=\"https:\/\/m.media-amazon.com\/images\/S\/aplus-media\/vc\/b1499cc0-e5e1-4938-920f-fae66ded2c59.__CR0,0,300,300_PT0_SX220_V1___.jpg\">  <\/p>\n<p>                                                    Geeignet f\u00fcr Rechts- und Linksh\u00e4nder                                     <\/p>\n<p class=\"a-size-small\"> Ist es wieder Zeit aufzur\u00e4umen? Kein Problem! Es ist dreimal so gro\u00df wie eine normale Hand und schafft m\u00fchelos etwas, das sonst nicht greifbar w\u00e4re. Gro\u00dfe Kartons oder ganz kleine Dinge sind schnell eingesammelt. Die Exo-Hand ist sogar so empfindlich, dass man damit schreiben kann! Probieren Sie es einfach aus und haben Sie Spa\u00df! Tipp: Nat\u00fcrlich passt die Cyborg-Hand sowohl f\u00fcr Rechts- als auch f\u00fcr Linksh\u00e4nder und ist auf jede Handgr\u00f6\u00dfe anpassbar <\/p>\n<p class=\"apm-text-center\">\n                                                      <img decoding=\"async\" alt=\"Kosmos 620844 Cyborg Hand \u2013 Hydraulisch gesteuerte Roboterhand, Experimentierkasten, Modellbausatz\" src=\"https:\/\/images-na.ssl-images-amazon.com\/images\/G\/01\/x-locale\/common\/grey-pixel.gif\" class=\"a-lazy-loaded\" data-src=\"https:\/\/m.media-amazon.com\/images\/S\/aplus-media\/vc\/5f366a64-6bb6-4c35-82fc-3e8dfbf833be.__CR0,0,300,300_PT0_SX220_V1___.jpg\"><img decoding=\"async\" alt=\"Kosmos 620844 Cyborg Hand \u2013 Hydraulisch gesteuerte Roboterhand, Experimentierkasten, Modellbausatz\" src=\"https:\/\/m.media-amazon.com\/images\/S\/aplus-media\/vc\/5f366a64-6bb6-4c35-82fc-3e8dfbf833be.__CR0,0,300,300_PT0_SX220_V1___.jpg\">  <\/p>\n<p>                                                    Umfassende und leicht verst\u00e4ndliche Anleitung (evtl. nicht in deutscher Sprache).                                     <\/p>\n<p class=\"a-size-small\"> Das gut strukturierte, farbige Anleitungsheft f\u00fchrt die Kinder mit einem lustigen Abenteuercomic in die Welt der Technik ein, in dem eine Cyborg-Hand die rettende L\u00f6sung darstellt. Die \u00fcbersichtliche Bauanleitung zeigt den Kindern Schritt f\u00fcr Schritt den Weg von den Einzelteilen bis zur fertigen Roboterhand. <\/p>\n<p class=\"a-size-small\">  Doch wof\u00fcr braucht der Mensch eigentlich Exoskelette und bei welchen Tieren k\u00f6nnten sich die Forscher etwas anschauen? Diese und weitere spannende Informationen verraten die \u201eFolge-Hook\u201c-Seiten der Anleitung. <\/p>\n<p class=\"a-size-small\">  So verbindet dieser Experimentierkasten technisches Wissen mit Spa\u00df am Bauen, Basteln und Spielen. <\/p>\n<p class=\"apm-text-center\">\n                                                      <img decoding=\"async\" alt=\"Kosmos 620844 Cyborg Hand \u2013 Hydraulisch gesteuerte Roboterhand, Experimentierkasten, Modellbausatz\" src=\"https:\/\/images-na.ssl-images-amazon.com\/images\/G\/01\/x-locale\/common\/grey-pixel.gif\" class=\"a-lazy-loaded\" data-src=\"https:\/\/m.media-amazon.com\/images\/S\/aplus-media\/vc\/c7704810-7a21-45f9-89a4-799203266f3e.__CR0,0,300,300_PT0_SX220_V1___.jpg\"><img decoding=\"async\" alt=\"Kosmos 620844 Cyborg Hand \u2013 Hydraulisch gesteuerte Roboterhand, Experimentierkasten, Modellbausatz\" src=\"https:\/\/m.media-amazon.com\/images\/S\/aplus-media\/vc\/c7704810-7a21-45f9-89a4-799203266f3e.__CR0,0,300,300_PT0_SX220_V1___.jpg\">  <\/p>\n<p>                                                    Umfassender Service f\u00fcr langanhaltenden Spa\u00df                                     <\/p>\n<p class=\"a-size-small\"> KOSMOS bietet hochwertige Produkte, die \u00fcber einen langen Zeitraum neue Erkenntnisse liefern, Kreativit\u00e4t f\u00f6rdern und f\u00fcr intelligente Unterhaltung stehen. <\/p>\n<p>                         Zum Warenkorb hinzuf\u00fcgen Zum Warenkorb hinzuf\u00fcgen Zum Warenkorb hinzuf\u00fcgen Zum Warenkorb hinzuf\u00fcgen Kundenrezensionen 4,6 von 5 Sternen 3.173 4,3 von 5 Sternen 922 4,4 von 5 Sternen 367 4,0 von 5 Sternen 1.482 4,3 von 5 Sternen 699 Preis 29,47 \u20ac29,47 \u20ac 22,75 \u20ac22,75 \u20ac \u2013 keine Daten 17,99 \u20ac17,99 \u20ac 60,49 \u20ac 60,49 \u20ac Kurzbeschreibung: Pr\u00e4zise, steuerbare Roboterhand bauen und mit hydraulischer Technologie greifen, heben oder schreiben. Gel\u00e4ndewagen mit Salzwasserzelle bauen und innovative Brennstoffzellentechnologie entdecken. 6 funkelnde Modelle zusammenbauen und mit Wasserkraft und Druckluftpumpe fahren. Action! Betreibt Solarroboter mit der Kraft der Sonne: Vier Basen mit unterschiedlichen Bewegungsarten. Hydraulischer Roboterarm mit 6 Achsen und Steuerung mithilfe von Wasserdruck auf den Millimeter genau. Alter 10\u201314 Jahre. 8\u201312 Jahre 8\u201312 Jahre F\u00e4higkeiten Technikkenntnisse, Feinmotorik &#038; Konzentration Ausf\u00fchrliche altersgerechte Anleitung \u2713 \u2713 \u2713 \u2713 \u2713 Themeneinzug in der Anleitung Hintergrundinformationen zur Hydraulik Hintergrundwissen zur Brennstoffzelle Hintergrundwissen zur Wasserkraft Hintergrundwissen zur Solartechnik Hintergrundinformationen zur Hydraulik           <\/p>\n<p>Mit diesem Bausatz entsteht eine pr\u00e4zise steuerbare Roboterhand, die dreimal so gro\u00df ist wie Ihre eigene Hand. Gro\u00dfe Dinge schnappen, kleine Gegenst\u00e4nde aufsammeln oder etwas schreiben: kein Problem.<br \/>Doppelter Spa\u00df: Erst bauen, t\u00fcfteln und schrauben, dann ausprobieren und recherchieren. Einfach genial: Die Finger bewegen sich einfach durch Wasserdruck. Hydraulik wird auf diese Weise anschaulich vermittelt.<br \/>Die strukturierte Anleitung beginnt mit einem lustigen Abenteuercomic und f\u00fchrt den Benutzer Schritt f\u00fcr Schritt durch die Bauanleitung. Auf den folgenden \u201eN\u00e4herblick\u201c-Seiten erfahren Sie, wof\u00fcr Exoskelette im wirklichen Leben ben\u00f6tigt werden.<br \/>Die einzelnen Teile des Bausatzes werden mit dem beiliegenden Schraubendreher zusammengesteckt oder verschraubt \u2013 ein Kleben ist nicht notwendig. Geeignet f\u00fcr Links- und Rechtsh\u00e4nder und alle Handgr\u00f6\u00dfen.<br \/>Die Kosmos Cyborg Hand Experimentierbox ist eine spannende Mischung aus technischem Lernen und langanhaltendem Spielspa\u00df f\u00fcr Kinder zwischen 10 und 14 Jahren.<\/p>\n<p>[ad_2]<\/p>\n","protected":false},"excerpt":{"rendered":"<p>Vom Hersteller Cyborg-Hand Ihre XXL-Hydraulikhand Eine DIY-Roboterhand, die dreimal so gro\u00df ist wie deine eigene und tolle F\u00e4higkeiten vermittelt, das ist cool! Dinge, die sonst zu gro\u00df sind, aber auch sehr kleine Gegenst\u00e4nde greift die Exo-Hand spielerisch. Es ist sogar so empfindlich, dass man damit schreiben und zeichnen kann. F\u00fcr alle, die gerne bauen und [&hellip;]<\/p>\n","protected":false},"featured_media":2016,"comment_status":"open","ping_status":"closed","template":"","meta":{"_aipt_faq_data":""},"store":[],"product_brand":[294],"product_cat":[88],"product_tag":[375],"class_list":{"0":"post-2015","1":"product","2":"type-product","3":"status-publish","4":"has-post-thumbnail","6":"product_brand-kosmos","7":"product_cat-interaktive-spielzeugroboter","8":"product_tag-interaktive-spielzeugroboter-ferngesteuert","10":"first","11":"instock","12":"sale","13":"shipping-taxable","14":"product-type-external"},"yoast_head":"<!-- This site is optimized with the Yoast SEO plugin v27.4 - https:\/\/yoast.com\/product\/yoast-seo-wordpress\/ -->\n<title>Kosmos 620844 Cyborg Hand-Experimentierbox, hydraulisch gesteuerter Roboter, verstellbar, auch f\u00fcr Linksh\u00e4nder geeignet - EasyLifeBro<\/title>\n<meta name=\"description\" content=\"Entdecken Sie smarte Roboter f\u00fcr Zuhause, Garten, Bildung und Sicherheit. Vergleichen Sie Saugroboter, Rasenm\u00e4hroboter, KI-Begleitroboter und mehr bei EasyLifeRobo.\" \/>\n<meta name=\"robots\" content=\"index, follow, max-snippet:-1, max-image-preview:large, max-video-preview:-1\" \/>\n<link rel=\"canonical\" href=\"https:\/\/easyliferobo.com\/de\/product\/kosmos-620844-cyborg-hand-experimentierbox-hydraulisch-gesteuerter-roboter-verstellbar-auch-fuer-linkshaender-geeignet\/\" \/>\n<meta property=\"og:locale\" content=\"de_DE\" \/>\n<meta property=\"og:type\" content=\"article\" \/>\n<meta property=\"og:title\" content=\"Kosmos 620844 Cyborg Hand-Experimentierbox, hydraulisch gesteuerter Roboter, verstellbar, auch f\u00fcr Linksh\u00e4nder geeignet - EasyLifeBro\" \/>\n<meta property=\"og:description\" content=\"Entdecken Sie smarte Roboter f\u00fcr Zuhause, Garten, Bildung und Sicherheit. Vergleichen Sie Saugroboter, Rasenm\u00e4hroboter, KI-Begleitroboter und mehr bei EasyLifeRobo.\" \/>\n<meta property=\"og:url\" content=\"https:\/\/easyliferobo.com\/de\/product\/kosmos-620844-cyborg-hand-experimentierbox-hydraulisch-gesteuerter-roboter-verstellbar-auch-fuer-linkshaender-geeignet\/\" \/>\n<meta property=\"og:site_name\" content=\"EasyLifeBro\" \/>\n<meta property=\"article:modified_time\" content=\"2026-02-27T02:13:11+00:00\" \/>\n<meta property=\"og:image\" content=\"https:\/\/images-na.ssl-images-amazon.com\/images\/G\/01\/x-locale\/common\/grey-pixel.gif\" \/>\n<meta name=\"twitter:card\" content=\"summary_large_image\" \/>\n<meta name=\"twitter:label1\" content=\"Gesch\u00e4tzte Lesezeit\" \/>\n\t<meta name=\"twitter:data1\" content=\"3\u00a0Minuten\" \/>\n<script type=\"application\/ld+json\" class=\"yoast-schema-graph\">{\"@context\":\"https:\\\/\\\/schema.org\",\"@graph\":[{\"@type\":\"WebPage\",\"@id\":\"https:\\\/\\\/easyliferobo.com\\\/de\\\/product\\\/kosmos-620844-cyborg-hand-experimentierbox-hydraulisch-gesteuerter-roboter-verstellbar-auch-fuer-linkshaender-geeignet\\\/\",\"url\":\"https:\\\/\\\/easyliferobo.com\\\/de\\\/product\\\/kosmos-620844-cyborg-hand-experimentierbox-hydraulisch-gesteuerter-roboter-verstellbar-auch-fuer-linkshaender-geeignet\\\/\",\"name\":\"Kosmos 620844 Cyborg Hand-Experimentierbox, hydraulisch gesteuerter Roboter, verstellbar, auch f\u00fcr Linksh\u00e4nder geeignet - EasyLifeBro\",\"isPartOf\":{\"@id\":\"https:\\\/\\\/easyliferobo.com\\\/de\\\/#website\"},\"primaryImageOfPage\":{\"@id\":\"https:\\\/\\\/easyliferobo.com\\\/de\\\/product\\\/kosmos-620844-cyborg-hand-experimentierbox-hydraulisch-gesteuerter-roboter-verstellbar-auch-fuer-linkshaender-geeignet\\\/#primaryimage\"},\"image\":{\"@id\":\"https:\\\/\\\/easyliferobo.com\\\/de\\\/product\\\/kosmos-620844-cyborg-hand-experimentierbox-hydraulisch-gesteuerter-roboter-verstellbar-auch-fuer-linkshaender-geeignet\\\/#primaryimage\"},\"thumbnailUrl\":\"https:\\\/\\\/easyliferobo.com\\\/de\\\/wp-content\\\/uploads\\\/2026\\\/02\\\/71Bw0Yofy-L._AC_SL1500_.jpg\",\"datePublished\":\"2026-02-27T02:12:59+00:00\",\"dateModified\":\"2026-02-27T02:13:11+00:00\",\"description\":\"Entdecken Sie smarte Roboter f\u00fcr Zuhause, Garten, Bildung und Sicherheit. Vergleichen Sie Saugroboter, Rasenm\u00e4hroboter, KI-Begleitroboter und mehr bei EasyLifeRobo.\",\"breadcrumb\":{\"@id\":\"https:\\\/\\\/easyliferobo.com\\\/de\\\/product\\\/kosmos-620844-cyborg-hand-experimentierbox-hydraulisch-gesteuerter-roboter-verstellbar-auch-fuer-linkshaender-geeignet\\\/#breadcrumb\"},\"inLanguage\":\"de\",\"potentialAction\":[{\"@type\":\"ReadAction\",\"target\":[\"https:\\\/\\\/easyliferobo.com\\\/de\\\/product\\\/kosmos-620844-cyborg-hand-experimentierbox-hydraulisch-gesteuerter-roboter-verstellbar-auch-fuer-linkshaender-geeignet\\\/\"]}]},{\"@type\":\"ImageObject\",\"inLanguage\":\"de\",\"@id\":\"https:\\\/\\\/easyliferobo.com\\\/de\\\/product\\\/kosmos-620844-cyborg-hand-experimentierbox-hydraulisch-gesteuerter-roboter-verstellbar-auch-fuer-linkshaender-geeignet\\\/#primaryimage\",\"url\":\"https:\\\/\\\/easyliferobo.com\\\/de\\\/wp-content\\\/uploads\\\/2026\\\/02\\\/71Bw0Yofy-L._AC_SL1500_.jpg\",\"contentUrl\":\"https:\\\/\\\/easyliferobo.com\\\/de\\\/wp-content\\\/uploads\\\/2026\\\/02\\\/71Bw0Yofy-L._AC_SL1500_.jpg\",\"width\":1500,\"height\":1033},{\"@type\":\"BreadcrumbList\",\"@id\":\"https:\\\/\\\/easyliferobo.com\\\/de\\\/product\\\/kosmos-620844-cyborg-hand-experimentierbox-hydraulisch-gesteuerter-roboter-verstellbar-auch-fuer-linkshaender-geeignet\\\/#breadcrumb\",\"itemListElement\":[{\"@type\":\"ListItem\",\"position\":1,\"name\":\"Home\",\"item\":\"https:\\\/\\\/easyliferobo.com\\\/de\\\/\"},{\"@type\":\"ListItem\",\"position\":2,\"name\":\"Shop\",\"item\":\"https:\\\/\\\/easyliferobo.com\\\/de\\\/shop\\\/\"},{\"@type\":\"ListItem\",\"position\":3,\"name\":\"Kosmos 620844 Cyborg Hand-Experimen...\"}]},{\"@type\":\"WebSite\",\"@id\":\"https:\\\/\\\/easyliferobo.com\\\/de\\\/#website\",\"url\":\"https:\\\/\\\/easyliferobo.com\\\/de\\\/\",\"name\":\"EasyLifeBro\",\"description\":\"Smarte Roboter f\u00fcr Zuhause, Garten &amp; Bildung\",\"publisher\":{\"@id\":\"https:\\\/\\\/easyliferobo.com\\\/de\\\/#organization\"},\"potentialAction\":[{\"@type\":\"SearchAction\",\"target\":{\"@type\":\"EntryPoint\",\"urlTemplate\":\"https:\\\/\\\/easyliferobo.com\\\/de\\\/?s={search_term_string}\"},\"query-input\":{\"@type\":\"PropertyValueSpecification\",\"valueRequired\":true,\"valueName\":\"search_term_string\"}}],\"inLanguage\":\"de\"},{\"@type\":\"Organization\",\"@id\":\"https:\\\/\\\/easyliferobo.com\\\/de\\\/#organization\",\"name\":\"EasyLifeBro\",\"url\":\"https:\\\/\\\/easyliferobo.com\\\/de\\\/\",\"logo\":{\"@type\":\"ImageObject\",\"inLanguage\":\"de\",\"@id\":\"https:\\\/\\\/easyliferobo.com\\\/de\\\/#\\\/schema\\\/logo\\\/image\\\/\",\"url\":\"https:\\\/\\\/easyliferobo.com\\\/de\\\/wp-content\\\/uploads\\\/2026\\\/02\\\/Screenshot-2026-02-22-at-2.25.03-PM.png\",\"contentUrl\":\"https:\\\/\\\/easyliferobo.com\\\/de\\\/wp-content\\\/uploads\\\/2026\\\/02\\\/Screenshot-2026-02-22-at-2.25.03-PM.png\",\"width\":1858,\"height\":430,\"caption\":\"EasyLifeBro\"},\"image\":{\"@id\":\"https:\\\/\\\/easyliferobo.com\\\/de\\\/#\\\/schema\\\/logo\\\/image\\\/\"}}]}<\/script>\n<!-- \/ Yoast SEO plugin. -->","yoast_head_json":{"title":"Kosmos 620844 Cyborg Hand-Experimentierbox, hydraulisch gesteuerter Roboter, verstellbar, auch f\u00fcr Linksh\u00e4nder geeignet - EasyLifeBro","description":"Entdecken Sie smarte Roboter f\u00fcr Zuhause, Garten, Bildung und Sicherheit. Vergleichen Sie Saugroboter, Rasenm\u00e4hroboter, KI-Begleitroboter und mehr bei EasyLifeRobo.","robots":{"index":"index","follow":"follow","max-snippet":"max-snippet:-1","max-image-preview":"max-image-preview:large","max-video-preview":"max-video-preview:-1"},"canonical":"https:\/\/easyliferobo.com\/de\/product\/kosmos-620844-cyborg-hand-experimentierbox-hydraulisch-gesteuerter-roboter-verstellbar-auch-fuer-linkshaender-geeignet\/","og_locale":"de_DE","og_type":"article","og_title":"Kosmos 620844 Cyborg Hand-Experimentierbox, hydraulisch gesteuerter Roboter, verstellbar, auch f\u00fcr Linksh\u00e4nder geeignet - EasyLifeBro","og_description":"Entdecken Sie smarte Roboter f\u00fcr Zuhause, Garten, Bildung und Sicherheit. Vergleichen Sie Saugroboter, Rasenm\u00e4hroboter, KI-Begleitroboter und mehr bei EasyLifeRobo.","og_url":"https:\/\/easyliferobo.com\/de\/product\/kosmos-620844-cyborg-hand-experimentierbox-hydraulisch-gesteuerter-roboter-verstellbar-auch-fuer-linkshaender-geeignet\/","og_site_name":"EasyLifeBro","article_modified_time":"2026-02-27T02:13:11+00:00","og_image":[{"url":"https:\/\/images-na.ssl-images-amazon.com\/images\/G\/01\/x-locale\/common\/grey-pixel.gif","type":"","width":"","height":""}],"twitter_card":"summary_large_image","twitter_misc":{"Gesch\u00e4tzte Lesezeit":"3\u00a0Minuten"},"schema":{"@context":"https:\/\/schema.org","@graph":[{"@type":"WebPage","@id":"https:\/\/easyliferobo.com\/de\/product\/kosmos-620844-cyborg-hand-experimentierbox-hydraulisch-gesteuerter-roboter-verstellbar-auch-fuer-linkshaender-geeignet\/","url":"https:\/\/easyliferobo.com\/de\/product\/kosmos-620844-cyborg-hand-experimentierbox-hydraulisch-gesteuerter-roboter-verstellbar-auch-fuer-linkshaender-geeignet\/","name":"Kosmos 620844 Cyborg Hand-Experimentierbox, hydraulisch gesteuerter Roboter, verstellbar, auch f\u00fcr Linksh\u00e4nder geeignet - EasyLifeBro","isPartOf":{"@id":"https:\/\/easyliferobo.com\/de\/#website"},"primaryImageOfPage":{"@id":"https:\/\/easyliferobo.com\/de\/product\/kosmos-620844-cyborg-hand-experimentierbox-hydraulisch-gesteuerter-roboter-verstellbar-auch-fuer-linkshaender-geeignet\/#primaryimage"},"image":{"@id":"https:\/\/easyliferobo.com\/de\/product\/kosmos-620844-cyborg-hand-experimentierbox-hydraulisch-gesteuerter-roboter-verstellbar-auch-fuer-linkshaender-geeignet\/#primaryimage"},"thumbnailUrl":"https:\/\/easyliferobo.com\/de\/wp-content\/uploads\/2026\/02\/71Bw0Yofy-L._AC_SL1500_.jpg","datePublished":"2026-02-27T02:12:59+00:00","dateModified":"2026-02-27T02:13:11+00:00","description":"Entdecken Sie smarte Roboter f\u00fcr Zuhause, Garten, Bildung und Sicherheit. Vergleichen Sie Saugroboter, Rasenm\u00e4hroboter, KI-Begleitroboter und mehr bei EasyLifeRobo.","breadcrumb":{"@id":"https:\/\/easyliferobo.com\/de\/product\/kosmos-620844-cyborg-hand-experimentierbox-hydraulisch-gesteuerter-roboter-verstellbar-auch-fuer-linkshaender-geeignet\/#breadcrumb"},"inLanguage":"de","potentialAction":[{"@type":"ReadAction","target":["https:\/\/easyliferobo.com\/de\/product\/kosmos-620844-cyborg-hand-experimentierbox-hydraulisch-gesteuerter-roboter-verstellbar-auch-fuer-linkshaender-geeignet\/"]}]},{"@type":"ImageObject","inLanguage":"de","@id":"https:\/\/easyliferobo.com\/de\/product\/kosmos-620844-cyborg-hand-experimentierbox-hydraulisch-gesteuerter-roboter-verstellbar-auch-fuer-linkshaender-geeignet\/#primaryimage","url":"https:\/\/easyliferobo.com\/de\/wp-content\/uploads\/2026\/02\/71Bw0Yofy-L._AC_SL1500_.jpg","contentUrl":"https:\/\/easyliferobo.com\/de\/wp-content\/uploads\/2026\/02\/71Bw0Yofy-L._AC_SL1500_.jpg","width":1500,"height":1033},{"@type":"BreadcrumbList","@id":"https:\/\/easyliferobo.com\/de\/product\/kosmos-620844-cyborg-hand-experimentierbox-hydraulisch-gesteuerter-roboter-verstellbar-auch-fuer-linkshaender-geeignet\/#breadcrumb","itemListElement":[{"@type":"ListItem","position":1,"name":"Home","item":"https:\/\/easyliferobo.com\/de\/"},{"@type":"ListItem","position":2,"name":"Shop","item":"https:\/\/easyliferobo.com\/de\/shop\/"},{"@type":"ListItem","position":3,"name":"Kosmos 620844 Cyborg Hand-Experimen..."}]},{"@type":"WebSite","@id":"https:\/\/easyliferobo.com\/de\/#website","url":"https:\/\/easyliferobo.com\/de\/","name":"EasyLifeBro","description":"Smarte Roboter f\u00fcr Zuhause, Garten &amp; Bildung","publisher":{"@id":"https:\/\/easyliferobo.com\/de\/#organization"},"potentialAction":[{"@type":"SearchAction","target":{"@type":"EntryPoint","urlTemplate":"https:\/\/easyliferobo.com\/de\/?s={search_term_string}"},"query-input":{"@type":"PropertyValueSpecification","valueRequired":true,"valueName":"search_term_string"}}],"inLanguage":"de"},{"@type":"Organization","@id":"https:\/\/easyliferobo.com\/de\/#organization","name":"EasyLifeBro","url":"https:\/\/easyliferobo.com\/de\/","logo":{"@type":"ImageObject","inLanguage":"de","@id":"https:\/\/easyliferobo.com\/de\/#\/schema\/logo\/image\/","url":"https:\/\/easyliferobo.com\/de\/wp-content\/uploads\/2026\/02\/Screenshot-2026-02-22-at-2.25.03-PM.png","contentUrl":"https:\/\/easyliferobo.com\/de\/wp-content\/uploads\/2026\/02\/Screenshot-2026-02-22-at-2.25.03-PM.png","width":1858,"height":430,"caption":"EasyLifeBro"},"image":{"@id":"https:\/\/easyliferobo.com\/de\/#\/schema\/logo\/image\/"}}]}},"_links":{"self":[{"href":"https:\/\/easyliferobo.com\/de\/wp-json\/wp\/v2\/product\/2015","targetHints":{"allow":["GET"]}}],"collection":[{"href":"https:\/\/easyliferobo.com\/de\/wp-json\/wp\/v2\/product"}],"about":[{"href":"https:\/\/easyliferobo.com\/de\/wp-json\/wp\/v2\/types\/product"}],"replies":[{"embeddable":true,"href":"https:\/\/easyliferobo.com\/de\/wp-json\/wp\/v2\/comments?post=2015"}],"wp:featuredmedia":[{"embeddable":true,"href":"https:\/\/easyliferobo.com\/de\/wp-json\/wp\/v2\/media\/2016"}],"wp:attachment":[{"href":"https:\/\/easyliferobo.com\/de\/wp-json\/wp\/v2\/media?parent=2015"}],"wp:term":[{"taxonomy":"store","embeddable":true,"href":"https:\/\/easyliferobo.com\/de\/wp-json\/wp\/v2\/store?post=2015"},{"taxonomy":"product_brand","embeddable":true,"href":"https:\/\/easyliferobo.com\/de\/wp-json\/wp\/v2\/product_brand?post=2015"},{"taxonomy":"product_cat","embeddable":true,"href":"https:\/\/easyliferobo.com\/de\/wp-json\/wp\/v2\/product_cat?post=2015"},{"taxonomy":"product_tag","embeddable":true,"href":"https:\/\/easyliferobo.com\/de\/wp-json\/wp\/v2\/product_tag?post=2015"}],"curies":[{"name":"wp","href":"https:\/\/api.w.org\/{rel}","templated":true}]}}