
{"id":1999,"date":"2026-02-27T02:09:39","date_gmt":"2026-02-27T02:09:39","guid":{"rendered":"https:\/\/easyliferobo.com\/de\/product\/generico-musikroboter-elektrisches-spielzeug-in-oktopusform-intelligenter-musikroboter-mit-blinkern-intelligente-sensorbewegung-lustiger-lernbegleiter\/"},"modified":"2026-02-27T02:09:54","modified_gmt":"2026-02-27T02:09:54","slug":"generico-musikroboter-elektrisches-spielzeug-in-oktopusform-intelligenter-musikroboter-mit-blinkern-intelligente-sensorbewegung-lustiger-lernbegleiter","status":"publish","type":"product","link":"https:\/\/easyliferobo.com\/de\/product\/generico-musikroboter-elektrisches-spielzeug-in-oktopusform-intelligenter-musikroboter-mit-blinkern-intelligente-sensorbewegung-lustiger-lernbegleiter\/","title":{"rendered":"Generico Musikroboter \u2013 Elektrisc..."},"content":{"rendered":"<p>\n                                             Produktbeschreibung   <\/p>\n<h3 class=\"a-spacing-small\"> Roboterspielzeug mit musikalischem Roboter <\/h3>\n<p class=\"apm-text-center\">\n                                                      <img decoding=\"async\" alt=\"Kleines wei\u00dfes interaktives Roboterspielzeug mit beleuchteter gr\u00fcner Anzeigefl\u00e4che, die einen fr\u00f6hlichen Gesichtsausdruck zeigt, blauer Grundbeleuchtung und dekorativen Musiknoten im Hintergrund.\" src=\"https:\/\/images-na.ssl-images-amazon.com\/images\/G\/01\/x-locale\/common\/grey-pixel.gif\" class=\"a-spacing-mini a-lazy-loaded\" data-src=\"https:\/\/m.media-amazon.com\/images\/S\/aplus-media-library-service-media\/1964ba76-164d-4b4e-a33a-01fd9fd0af71.__CR0,0,1600,1600_PT0_SX300_V1___.jpg\"><img decoding=\"async\" alt=\"Kleines wei\u00dfes interaktives Roboterspielzeug mit beleuchteter gr\u00fcner Anzeigefl\u00e4che, die einen fr\u00f6hlichen Gesichtsausdruck zeigt, blauer Grundbeleuchtung und dekorativen Musiknoten im Hintergrund.\" src=\"https:\/\/m.media-amazon.com\/images\/S\/aplus-media-library-service-media\/1964ba76-164d-4b4e-a33a-01fd9fd0af71.__CR0,0,1600,1600_PT0_SX300_V1___.jpg\">  <\/p>\n<p>                                                    Innovatives Design                                       <\/p>\n<p> Beobachten Sie, wie sich das Sechs-Klauen-Design dieses musikalischen Spielzeugroboters im Rhythmus der Musik bewegt und dem Spiel ein interaktives Element hinzuf\u00fcgt. Kinder werden den kreativen Look dieses Oktopus-Spielzeugs lieben und es zur perfekten Erg\u00e4nzung ihrer Spielzeugkiste machen. <\/p>\n<p class=\"apm-text-center\">\n                                                      <img decoding=\"async\" alt=\"Intelligenter Lernassistent\" src=\"https:\/\/images-na.ssl-images-amazon.com\/images\/G\/01\/x-locale\/common\/grey-pixel.gif\" class=\"a-spacing-mini a-lazy-loaded\" data-src=\"https:\/\/m.media-amazon.com\/images\/S\/aplus-media-library-service-media\/1e439e01-6d2b-4fc2-8a45-55b5dacb5eb6.__CR0,0,1600,1600_PT0_SX300_V1___.jpg\"><img decoding=\"async\" alt=\"Intelligenter Lernassistent\" src=\"https:\/\/m.media-amazon.com\/images\/S\/aplus-media-library-service-media\/1e439e01-6d2b-4fc2-8a45-55b5dacb5eb6.__CR0,0,1600,1600_PT0_SX300_V1___.jpg\">  <\/p>\n<p>                                                    Intelligenter Lernassistent                                       <\/p>\n<p> Beobachten Sie, wie Ihr Kind mit diesem musikalischen Spielzeugroboter interagiert, der intelligent geht, tanzt und mit seinem fortschrittlichen Sensor Hindernisse erkennt. Verbessern Sie ihre Entwicklung der r\u00e4umlichen Wahrnehmung. <\/p>\n<p class=\"apm-text-center\">\n                                                      <img decoding=\"async\" alt=\"s\u00fcchtig machendes Spiel\" src=\"https:\/\/images-na.ssl-images-amazon.com\/images\/G\/01\/x-locale\/common\/grey-pixel.gif\" class=\"a-spacing-mini a-lazy-loaded\" data-src=\"https:\/\/m.media-amazon.com\/images\/S\/aplus-media-library-service-media\/d42a8ae1-1658-493f-8790-068008c3e4ed.__CR0,0,1600,1600_PT0_SX300_V1___.jpg\"><img decoding=\"async\" alt=\"s\u00fcchtig machendes Spiel\" src=\"https:\/\/m.media-amazon.com\/images\/S\/aplus-media-library-service-media\/d42a8ae1-1658-493f-8790-068008c3e4ed.__CR0,0,1600,1600_PT0_SX300_V1___.jpg\">  <\/p>\n<p>                                                    s\u00fcchtig machendes Spiel                                       <\/p>\n<p> W\u00e4hrend die Musik flie\u00dft, verzaubert dieser Spielzeugroboter mit einer auff\u00e4lligen Show aus tanzenden LEDs, die sich im Takt entwickeln und f\u00fcr ein faszinierendes Spielerlebnis sorgen. <\/p>\n<p>  Dieses Oktopus-Roboterspielzeug ist das Weihnachtsgeschenk f\u00fcr Kinder. Ausgestattet mit einem intelligenten Sensor werden kleine Finger nicht zerkratzt. Beobachten Sie, wie die LEDs im Rhythmus der Musik blinken und so f\u00fcr noch mehr Unterhaltung sorgen. <\/p>\n<p>  Spezifikationen: <\/p>\n<p>  Produktgr\u00f6\u00dfe: ca. 17 x 13,5 cm <\/p>\n<p>  Material: ABS <\/p>\n<p>  Wird geliefert durch: 3 x AA-Batterien (nicht im Lieferumfang enthalten) <\/p>\n<p>  Packliste: <\/p>\n<p>  1 St\u00fcck * Octopus Musical Robot Toy <\/p>\n<p>Trainer f\u00fcr r\u00e4umliche Intelligenz: Unser musikalisches Roboterspielzeug ist der Partner f\u00fcr die kognitive Entwicklung von Kindern. Mit seinen automatischen Lenk-, Tanz- und Gehf\u00e4higkeiten und fortschrittlichen intelligenten Sensoren zur Hinderniserkennung entwickelt sich Ihre Art von r\u00e4umlichen kognitiven F\u00e4higkeiten.<br \/>Interaktives Erlebnis: Dieser Musikspielzeugroboter mit und f\u00fchrt Kinder in die Wunder des Rhythmus und des Tanzes ein und inspiriert Kreativit\u00e4t und Fantasie in jedem Rhythmus. Die LEDs blinken und leuchten als Reaktion auf die Musik, was eine einzigartige und aufregende M\u00f6glichkeit zum Lernen und Spielen bietet.<br \/>Robuste Konstruktion: Hergestellt aus zuverl\u00e4ssigem ABS, bietet dieses Musikroboter-Spielzeug ein dauerhaftes und schmierfreies Erlebnis, das den kleinsten Finger nicht verletzt. Hergestellt aus zuverl\u00e4ssigem Material, ist es f\u00fcr Kinder zum Spielen geeignet.<br \/>Festival Delight: Ob zum Kindertag oder zum Geburtstag, dieser Musikroboter unterh\u00e4lt mit seinen Bewegungen nicht nur den Schultag, sondern f\u00f6rdert auch die Eltern-Kind-Interaktion w\u00e4hrend der Ferien.<br \/>Kreativer Spa\u00df: Entdecken Sie die Freude an der Musik mit diesem Oktopus-Spielzeugroboter, der sich durch ein bewegliches Sechs-Krallen-Design auszeichnet, das das kreative Spiel mit einem lustigen Cartoon-Look verbessert.<\/p>\n<p>[ad_2]<\/p>\n","protected":false},"excerpt":{"rendered":"<p>Produktbeschreibung Roboterspielzeug mit musikalischem Roboter Innovatives Design Beobachten Sie, wie sich das Sechs-Klauen-Design dieses musikalischen Spielzeugroboters im Rhythmus der Musik bewegt und dem Spiel ein interaktives Element hinzuf\u00fcgt. Kinder werden den kreativen Look dieses Oktopus-Spielzeugs lieben und es zur perfekten Erg\u00e4nzung ihrer Spielzeugkiste machen. Intelligenter Lernassistent Beobachten Sie, wie Ihr Kind mit diesem musikalischen Spielzeugroboter [&hellip;]<\/p>\n","protected":false},"featured_media":2000,"comment_status":"open","ping_status":"closed","template":"","meta":{"_aipt_faq_data":""},"store":[],"product_brand":[],"product_cat":[90],"product_tag":[373],"class_list":{"0":"post-1999","1":"product","2":"type-product","3":"status-publish","4":"has-post-thumbnail","6":"product_cat-tanz-musikroboter","7":"product_tag-paedagogische-tanz-musikroboter","9":"first","10":"instock","11":"shipping-taxable","12":"product-type-external"},"yoast_head":"<!-- This site is optimized with the Yoast SEO plugin v27.0 - https:\/\/yoast.com\/product\/yoast-seo-wordpress\/ -->\n<title>Generico Musikroboter \u2013 Elektrisches Spielzeug in Oktopusform, intelligenter Musikroboter mit Blinkern | Intelligente Sensorbewegung | Lustiger Lernbegleiter - EasyLifeBro<\/title>\n<meta name=\"description\" content=\"Entdecken Sie smarte Roboter f\u00fcr Zuhause, Garten, Bildung und Sicherheit. Vergleichen Sie Saugroboter, Rasenm\u00e4hroboter, KI-Begleitroboter und mehr bei EasyLifeRobo.\" \/>\n<meta name=\"robots\" content=\"index, follow, max-snippet:-1, max-image-preview:large, max-video-preview:-1\" \/>\n<link rel=\"canonical\" href=\"https:\/\/easyliferobo.com\/de\/product\/generico-musikroboter-elektrisches-spielzeug-in-oktopusform-intelligenter-musikroboter-mit-blinkern-intelligente-sensorbewegung-lustiger-lernbegleiter\/\" \/>\n<meta property=\"og:locale\" content=\"de_DE\" \/>\n<meta property=\"og:type\" content=\"article\" \/>\n<meta property=\"og:title\" content=\"Generico Musikroboter \u2013 Elektrisches Spielzeug in Oktopusform, intelligenter Musikroboter mit Blinkern | Intelligente Sensorbewegung | Lustiger Lernbegleiter - EasyLifeBro\" \/>\n<meta property=\"og:description\" content=\"Entdecken Sie smarte Roboter f\u00fcr Zuhause, Garten, Bildung und Sicherheit. Vergleichen Sie Saugroboter, Rasenm\u00e4hroboter, KI-Begleitroboter und mehr bei EasyLifeRobo.\" \/>\n<meta property=\"og:url\" content=\"https:\/\/easyliferobo.com\/de\/product\/generico-musikroboter-elektrisches-spielzeug-in-oktopusform-intelligenter-musikroboter-mit-blinkern-intelligente-sensorbewegung-lustiger-lernbegleiter\/\" \/>\n<meta property=\"og:site_name\" content=\"EasyLifeBro\" \/>\n<meta property=\"article:modified_time\" content=\"2026-02-27T02:09:54+00:00\" \/>\n<meta property=\"og:image\" content=\"https:\/\/images-na.ssl-images-amazon.com\/images\/G\/01\/x-locale\/common\/grey-pixel.gif\" \/>\n<meta name=\"twitter:card\" content=\"summary_large_image\" \/>\n<meta name=\"twitter:label1\" content=\"Gesch\u00e4tzte Lesezeit\" \/>\n\t<meta name=\"twitter:data1\" content=\"2\u00a0Minuten\" \/>\n<script type=\"application\/ld+json\" class=\"yoast-schema-graph\">{\"@context\":\"https:\/\/schema.org\",\"@graph\":[{\"@type\":\"WebPage\",\"@id\":\"https:\/\/easyliferobo.com\/de\/product\/generico-musikroboter-elektrisches-spielzeug-in-oktopusform-intelligenter-musikroboter-mit-blinkern-intelligente-sensorbewegung-lustiger-lernbegleiter\/\",\"url\":\"https:\/\/easyliferobo.com\/de\/product\/generico-musikroboter-elektrisches-spielzeug-in-oktopusform-intelligenter-musikroboter-mit-blinkern-intelligente-sensorbewegung-lustiger-lernbegleiter\/\",\"name\":\"Generico Musikroboter \u2013 Elektrisches Spielzeug in Oktopusform, intelligenter Musikroboter mit Blinkern | Intelligente Sensorbewegung | Lustiger Lernbegleiter - EasyLifeBro\",\"isPartOf\":{\"@id\":\"https:\/\/easyliferobo.com\/de\/#website\"},\"primaryImageOfPage\":{\"@id\":\"https:\/\/easyliferobo.com\/de\/product\/generico-musikroboter-elektrisches-spielzeug-in-oktopusform-intelligenter-musikroboter-mit-blinkern-intelligente-sensorbewegung-lustiger-lernbegleiter\/#primaryimage\"},\"image\":{\"@id\":\"https:\/\/easyliferobo.com\/de\/product\/generico-musikroboter-elektrisches-spielzeug-in-oktopusform-intelligenter-musikroboter-mit-blinkern-intelligente-sensorbewegung-lustiger-lernbegleiter\/#primaryimage\"},\"thumbnailUrl\":\"https:\/\/easyliferobo.com\/de\/wp-content\/uploads\/2026\/02\/61o-tFc4fEL._AC_SL1500_.jpg\",\"datePublished\":\"2026-02-27T02:09:39+00:00\",\"dateModified\":\"2026-02-27T02:09:54+00:00\",\"description\":\"Entdecken Sie smarte Roboter f\u00fcr Zuhause, Garten, Bildung und Sicherheit. Vergleichen Sie Saugroboter, Rasenm\u00e4hroboter, KI-Begleitroboter und mehr bei EasyLifeRobo.\",\"breadcrumb\":{\"@id\":\"https:\/\/easyliferobo.com\/de\/product\/generico-musikroboter-elektrisches-spielzeug-in-oktopusform-intelligenter-musikroboter-mit-blinkern-intelligente-sensorbewegung-lustiger-lernbegleiter\/#breadcrumb\"},\"inLanguage\":\"de\",\"potentialAction\":[{\"@type\":\"ReadAction\",\"target\":[\"https:\/\/easyliferobo.com\/de\/product\/generico-musikroboter-elektrisches-spielzeug-in-oktopusform-intelligenter-musikroboter-mit-blinkern-intelligente-sensorbewegung-lustiger-lernbegleiter\/\"]}]},{\"@type\":\"ImageObject\",\"inLanguage\":\"de\",\"@id\":\"https:\/\/easyliferobo.com\/de\/product\/generico-musikroboter-elektrisches-spielzeug-in-oktopusform-intelligenter-musikroboter-mit-blinkern-intelligente-sensorbewegung-lustiger-lernbegleiter\/#primaryimage\",\"url\":\"https:\/\/easyliferobo.com\/de\/wp-content\/uploads\/2026\/02\/61o-tFc4fEL._AC_SL1500_.jpg\",\"contentUrl\":\"https:\/\/easyliferobo.com\/de\/wp-content\/uploads\/2026\/02\/61o-tFc4fEL._AC_SL1500_.jpg\",\"width\":971,\"height\":1500},{\"@type\":\"BreadcrumbList\",\"@id\":\"https:\/\/easyliferobo.com\/de\/product\/generico-musikroboter-elektrisches-spielzeug-in-oktopusform-intelligenter-musikroboter-mit-blinkern-intelligente-sensorbewegung-lustiger-lernbegleiter\/#breadcrumb\",\"itemListElement\":[{\"@type\":\"ListItem\",\"position\":1,\"name\":\"Home\",\"item\":\"https:\/\/easyliferobo.com\/de\/\"},{\"@type\":\"ListItem\",\"position\":2,\"name\":\"Shop\",\"item\":\"https:\/\/easyliferobo.com\/de\/shop\/\"},{\"@type\":\"ListItem\",\"position\":3,\"name\":\"Generico Musikroboter \u2013 Elektrisc...\"}]},{\"@type\":\"WebSite\",\"@id\":\"https:\/\/easyliferobo.com\/de\/#website\",\"url\":\"https:\/\/easyliferobo.com\/de\/\",\"name\":\"EasyLifeBro\",\"description\":\"Smarte Roboter f\u00fcr Zuhause, Garten &amp; Bildung\",\"publisher\":{\"@id\":\"https:\/\/easyliferobo.com\/de\/#organization\"},\"potentialAction\":[{\"@type\":\"SearchAction\",\"target\":{\"@type\":\"EntryPoint\",\"urlTemplate\":\"https:\/\/easyliferobo.com\/de\/?s={search_term_string}\"},\"query-input\":{\"@type\":\"PropertyValueSpecification\",\"valueRequired\":true,\"valueName\":\"search_term_string\"}}],\"inLanguage\":\"de\"},{\"@type\":\"Organization\",\"@id\":\"https:\/\/easyliferobo.com\/de\/#organization\",\"name\":\"EasyLifeBro\",\"url\":\"https:\/\/easyliferobo.com\/de\/\",\"logo\":{\"@type\":\"ImageObject\",\"inLanguage\":\"de\",\"@id\":\"https:\/\/easyliferobo.com\/de\/#\/schema\/logo\/image\/\",\"url\":\"https:\/\/easyliferobo.com\/de\/wp-content\/uploads\/2026\/02\/Screenshot-2026-02-22-at-2.25.03-PM.png\",\"contentUrl\":\"https:\/\/easyliferobo.com\/de\/wp-content\/uploads\/2026\/02\/Screenshot-2026-02-22-at-2.25.03-PM.png\",\"width\":1858,\"height\":430,\"caption\":\"EasyLifeBro\"},\"image\":{\"@id\":\"https:\/\/easyliferobo.com\/de\/#\/schema\/logo\/image\/\"}}]}<\/script>\n<!-- \/ Yoast SEO plugin. -->","yoast_head_json":{"title":"Generico Musikroboter \u2013 Elektrisches Spielzeug in Oktopusform, intelligenter Musikroboter mit Blinkern | Intelligente Sensorbewegung | Lustiger Lernbegleiter - EasyLifeBro","description":"Entdecken Sie smarte Roboter f\u00fcr Zuhause, Garten, Bildung und Sicherheit. Vergleichen Sie Saugroboter, Rasenm\u00e4hroboter, KI-Begleitroboter und mehr bei EasyLifeRobo.","robots":{"index":"index","follow":"follow","max-snippet":"max-snippet:-1","max-image-preview":"max-image-preview:large","max-video-preview":"max-video-preview:-1"},"canonical":"https:\/\/easyliferobo.com\/de\/product\/generico-musikroboter-elektrisches-spielzeug-in-oktopusform-intelligenter-musikroboter-mit-blinkern-intelligente-sensorbewegung-lustiger-lernbegleiter\/","og_locale":"de_DE","og_type":"article","og_title":"Generico Musikroboter \u2013 Elektrisches Spielzeug in Oktopusform, intelligenter Musikroboter mit Blinkern | Intelligente Sensorbewegung | Lustiger Lernbegleiter - EasyLifeBro","og_description":"Entdecken Sie smarte Roboter f\u00fcr Zuhause, Garten, Bildung und Sicherheit. Vergleichen Sie Saugroboter, Rasenm\u00e4hroboter, KI-Begleitroboter und mehr bei EasyLifeRobo.","og_url":"https:\/\/easyliferobo.com\/de\/product\/generico-musikroboter-elektrisches-spielzeug-in-oktopusform-intelligenter-musikroboter-mit-blinkern-intelligente-sensorbewegung-lustiger-lernbegleiter\/","og_site_name":"EasyLifeBro","article_modified_time":"2026-02-27T02:09:54+00:00","og_image":[{"url":"https:\/\/images-na.ssl-images-amazon.com\/images\/G\/01\/x-locale\/common\/grey-pixel.gif","type":"","width":"","height":""}],"twitter_card":"summary_large_image","twitter_misc":{"Gesch\u00e4tzte Lesezeit":"2\u00a0Minuten"},"schema":{"@context":"https:\/\/schema.org","@graph":[{"@type":"WebPage","@id":"https:\/\/easyliferobo.com\/de\/product\/generico-musikroboter-elektrisches-spielzeug-in-oktopusform-intelligenter-musikroboter-mit-blinkern-intelligente-sensorbewegung-lustiger-lernbegleiter\/","url":"https:\/\/easyliferobo.com\/de\/product\/generico-musikroboter-elektrisches-spielzeug-in-oktopusform-intelligenter-musikroboter-mit-blinkern-intelligente-sensorbewegung-lustiger-lernbegleiter\/","name":"Generico Musikroboter \u2013 Elektrisches Spielzeug in Oktopusform, intelligenter Musikroboter mit Blinkern | Intelligente Sensorbewegung | Lustiger Lernbegleiter - EasyLifeBro","isPartOf":{"@id":"https:\/\/easyliferobo.com\/de\/#website"},"primaryImageOfPage":{"@id":"https:\/\/easyliferobo.com\/de\/product\/generico-musikroboter-elektrisches-spielzeug-in-oktopusform-intelligenter-musikroboter-mit-blinkern-intelligente-sensorbewegung-lustiger-lernbegleiter\/#primaryimage"},"image":{"@id":"https:\/\/easyliferobo.com\/de\/product\/generico-musikroboter-elektrisches-spielzeug-in-oktopusform-intelligenter-musikroboter-mit-blinkern-intelligente-sensorbewegung-lustiger-lernbegleiter\/#primaryimage"},"thumbnailUrl":"https:\/\/easyliferobo.com\/de\/wp-content\/uploads\/2026\/02\/61o-tFc4fEL._AC_SL1500_.jpg","datePublished":"2026-02-27T02:09:39+00:00","dateModified":"2026-02-27T02:09:54+00:00","description":"Entdecken Sie smarte Roboter f\u00fcr Zuhause, Garten, Bildung und Sicherheit. Vergleichen Sie Saugroboter, Rasenm\u00e4hroboter, KI-Begleitroboter und mehr bei EasyLifeRobo.","breadcrumb":{"@id":"https:\/\/easyliferobo.com\/de\/product\/generico-musikroboter-elektrisches-spielzeug-in-oktopusform-intelligenter-musikroboter-mit-blinkern-intelligente-sensorbewegung-lustiger-lernbegleiter\/#breadcrumb"},"inLanguage":"de","potentialAction":[{"@type":"ReadAction","target":["https:\/\/easyliferobo.com\/de\/product\/generico-musikroboter-elektrisches-spielzeug-in-oktopusform-intelligenter-musikroboter-mit-blinkern-intelligente-sensorbewegung-lustiger-lernbegleiter\/"]}]},{"@type":"ImageObject","inLanguage":"de","@id":"https:\/\/easyliferobo.com\/de\/product\/generico-musikroboter-elektrisches-spielzeug-in-oktopusform-intelligenter-musikroboter-mit-blinkern-intelligente-sensorbewegung-lustiger-lernbegleiter\/#primaryimage","url":"https:\/\/easyliferobo.com\/de\/wp-content\/uploads\/2026\/02\/61o-tFc4fEL._AC_SL1500_.jpg","contentUrl":"https:\/\/easyliferobo.com\/de\/wp-content\/uploads\/2026\/02\/61o-tFc4fEL._AC_SL1500_.jpg","width":971,"height":1500},{"@type":"BreadcrumbList","@id":"https:\/\/easyliferobo.com\/de\/product\/generico-musikroboter-elektrisches-spielzeug-in-oktopusform-intelligenter-musikroboter-mit-blinkern-intelligente-sensorbewegung-lustiger-lernbegleiter\/#breadcrumb","itemListElement":[{"@type":"ListItem","position":1,"name":"Home","item":"https:\/\/easyliferobo.com\/de\/"},{"@type":"ListItem","position":2,"name":"Shop","item":"https:\/\/easyliferobo.com\/de\/shop\/"},{"@type":"ListItem","position":3,"name":"Generico Musikroboter \u2013 Elektrisc..."}]},{"@type":"WebSite","@id":"https:\/\/easyliferobo.com\/de\/#website","url":"https:\/\/easyliferobo.com\/de\/","name":"EasyLifeBro","description":"Smarte Roboter f\u00fcr Zuhause, Garten &amp; Bildung","publisher":{"@id":"https:\/\/easyliferobo.com\/de\/#organization"},"potentialAction":[{"@type":"SearchAction","target":{"@type":"EntryPoint","urlTemplate":"https:\/\/easyliferobo.com\/de\/?s={search_term_string}"},"query-input":{"@type":"PropertyValueSpecification","valueRequired":true,"valueName":"search_term_string"}}],"inLanguage":"de"},{"@type":"Organization","@id":"https:\/\/easyliferobo.com\/de\/#organization","name":"EasyLifeBro","url":"https:\/\/easyliferobo.com\/de\/","logo":{"@type":"ImageObject","inLanguage":"de","@id":"https:\/\/easyliferobo.com\/de\/#\/schema\/logo\/image\/","url":"https:\/\/easyliferobo.com\/de\/wp-content\/uploads\/2026\/02\/Screenshot-2026-02-22-at-2.25.03-PM.png","contentUrl":"https:\/\/easyliferobo.com\/de\/wp-content\/uploads\/2026\/02\/Screenshot-2026-02-22-at-2.25.03-PM.png","width":1858,"height":430,"caption":"EasyLifeBro"},"image":{"@id":"https:\/\/easyliferobo.com\/de\/#\/schema\/logo\/image\/"}}]}},"_links":{"self":[{"href":"https:\/\/easyliferobo.com\/de\/wp-json\/wp\/v2\/product\/1999","targetHints":{"allow":["GET"]}}],"collection":[{"href":"https:\/\/easyliferobo.com\/de\/wp-json\/wp\/v2\/product"}],"about":[{"href":"https:\/\/easyliferobo.com\/de\/wp-json\/wp\/v2\/types\/product"}],"replies":[{"embeddable":true,"href":"https:\/\/easyliferobo.com\/de\/wp-json\/wp\/v2\/comments?post=1999"}],"wp:featuredmedia":[{"embeddable":true,"href":"https:\/\/easyliferobo.com\/de\/wp-json\/wp\/v2\/media\/2000"}],"wp:attachment":[{"href":"https:\/\/easyliferobo.com\/de\/wp-json\/wp\/v2\/media?parent=1999"}],"wp:term":[{"taxonomy":"store","embeddable":true,"href":"https:\/\/easyliferobo.com\/de\/wp-json\/wp\/v2\/store?post=1999"},{"taxonomy":"product_brand","embeddable":true,"href":"https:\/\/easyliferobo.com\/de\/wp-json\/wp\/v2\/product_brand?post=1999"},{"taxonomy":"product_cat","embeddable":true,"href":"https:\/\/easyliferobo.com\/de\/wp-json\/wp\/v2\/product_cat?post=1999"},{"taxonomy":"product_tag","embeddable":true,"href":"https:\/\/easyliferobo.com\/de\/wp-json\/wp\/v2\/product_tag?post=1999"}],"curies":[{"name":"wp","href":"https:\/\/api.w.org\/{rel}","templated":true}]}}