
{"id":1990,"date":"2026-02-27T02:08:06","date_gmt":"2026-02-27T02:08:06","guid":{"rendered":"https:\/\/easyliferobo.com\/de\/product\/programmierbarer-roboter-fuer-kinder-programmierset-pro-programmierbares-roboterspielzeug-set-fuer-kinder-von-4-10-jahren-mit-diy-modul-fuer-anfaenger-lernen-des-programmierens-mit-spielen\/"},"modified":"2026-02-27T02:08:22","modified_gmt":"2026-02-27T02:08:22","slug":"programmierbarer-roboter-fuer-kinder-programmierset-pro-programmierbares-roboterspielzeug-set-fuer-kinder-von-4-10-jahren-mit-diy-modul-fuer-anfaenger-lernen-des-programmierens-mit-spielen","status":"publish","type":"product","link":"https:\/\/easyliferobo.com\/de\/product\/programmierbarer-roboter-fuer-kinder-programmierset-pro-programmierbares-roboterspielzeug-set-fuer-kinder-von-4-10-jahren-mit-diy-modul-fuer-anfaenger-lernen-des-programmierens-mit-spielen\/","title":{"rendered":"Programmierbarer Roboter f\u00fcr Kinde..."},"content":{"rendered":"<p>\n                                             Von der Marke   <\/p>\n<p>                                              <img decoding=\"async\" alt=\"Der Text lautet \u201ePRICE CUT SALE\u201c. auf orangefarbenem Hintergrund mit kleinen Symbolen f\u00fcr Elektronikprodukte, die in geschwungenen Linien angeordnet sind, darunter Laptops, Kameras und andere Ger\u00e4te.\" src=\"https:\/\/images-na.ssl-images-amazon.com\/images\/G\/01\/x-locale\/common\/grey-pixel.gif\" class=\"a-lazy-loaded\" data-src=\"https:\/\/m.media-amazon.com\/images\/S\/aplus-media-library-service-media\/b17ee10c-cbf4-4a61-9809-3c08ac9f552b.__CR0,1,2928,1250_PT0_SX1464_V1___.jpg\"><img decoding=\"async\" alt=\"Der Text lautet \u201ePRICE CUT SALE\u201c. auf orangefarbenem Hintergrund mit kleinen Symbolen f\u00fcr Elektronikprodukte, die in geschwungenen Linien angeordnet sind, darunter Laptops, Kameras und andere Ger\u00e4te.\" src=\"https:\/\/m.media-amazon.com\/images\/S\/aplus-media-library-service-media\/b17ee10c-cbf4-4a61-9809-3c08ac9f552b.__CR0,1,2928,1250_PT0_SX1464_V1___.jpg\">  <\/p>\n<p>                                              <img decoding=\"async\" alt=\"\" src=\"https:\/\/images-na.ssl-images-amazon.com\/images\/G\/01\/x-locale\/common\/grey-pixel.gif\" class=\"a-lazy-loaded\" data-src=\"https:\/\/m.media-amazon.com\/images\/S\/aplus-media-library-service-media\/e1795835-2eb3-4b6a-95f2-d3f3eac10f53.__CR0,0,315,145_PT0_SX315_V1___.png\"><img decoding=\"async\" alt=\"\" src=\"https:\/\/m.media-amazon.com\/images\/S\/aplus-media-library-service-media\/e1795835-2eb3-4b6a-95f2-d3f3eac10f53.__CR0,0,315,145_PT0_SX315_V1___.png\">  <\/p>\n<p>  MatataStudio wurde 2017 gegr\u00fcndet und ist ein Unternehmen f\u00fcr Technologiebildung, das Schulen, Institutionen und Familien auf der ganzen Welt innovative MINT-Ausbildung anbietet. <\/p>\n<p>  Unser Ziel ist es, den Innovationsgeist von Kindern zu f\u00f6rdern, damit sie sich der Welt stellen und sie ver\u00e4ndern k\u00f6nnen. <\/p>\n<p>  Mit umfangreichen p\u00e4dagogischen Ressourcen und h\u00f6chster Fachkompetenz unterst\u00fctzen wir mittlerweile \u00fcber 20.000 Kinderg\u00e4rten, Schulen und Bildungseinrichtungen. <\/p>\n<p>                                              <img decoding=\"async\" alt=\"Aplus-Inhaltsbild\" src=\"https:\/\/images-na.ssl-images-amazon.com\/images\/G\/01\/x-locale\/common\/grey-pixel.gif\" class=\"a-lazy-loaded\" data-src=\"https:\/\/m.media-amazon.com\/images\/S\/aplus-media-library-service-media\/2f80a385-3b59-4dfc-8881-ecfccf2e7161.__CR0,47,965,1208_PT0_SX362_V1___.png\"><img decoding=\"async\" alt=\"Aplus-Inhaltsbild\" src=\"https:\/\/m.media-amazon.com\/images\/S\/aplus-media-library-service-media\/2f80a385-3b59-4dfc-8881-ecfccf2e7161.__CR0,47,965,1208_PT0_SX362_V1___.png\">  <\/p>\n<h3>  Geeignet f\u00fcr Kinder ab 3 Jahren <\/h3>\n<p class=\"apm-brand-story-stores-link\">\n<h3>  Geeignet f\u00fcr Kinder ab 4 Jahren <\/h3>\n<p class=\"apm-brand-story-stores-link\">\n<h3>  Geeignet f\u00fcr Kinder ab 8 Jahren <\/h3>\n<p class=\"apm-brand-story-stores-link\">\n<p>                                              <img decoding=\"async\" alt=\"\" src=\"https:\/\/images-na.ssl-images-amazon.com\/images\/G\/01\/x-locale\/common\/grey-pixel.gif\" class=\"a-lazy-loaded\" data-src=\"https:\/\/m.media-amazon.com\/images\/S\/aplus-media-library-service-media\/9fdae884-61b9-4ebb-8e5f-1fd5b433fe74.__CR0,0,362,453_PT0_SX362_V1___.png\"><img decoding=\"async\" alt=\"\" src=\"https:\/\/m.media-amazon.com\/images\/S\/aplus-media-library-service-media\/9fdae884-61b9-4ebb-8e5f-1fd5b433fe74.__CR0,0,362,453_PT0_SX362_V1___.png\">  <\/p>\n<p>                                              <img decoding=\"async\" alt=\"Der Text lautet: \u201eNous AI Set 12+\u201c und zeigt das Logo des iF Design Award 2024. Kleiner Roboter oder KI-Ger\u00e4t auf R\u00e4dern vor rotem Hintergrund.\" src=\"https:\/\/images-na.ssl-images-amazon.com\/images\/G\/01\/x-locale\/common\/grey-pixel.gif\" class=\"a-lazy-loaded\" data-src=\"https:\/\/m.media-amazon.com\/images\/S\/aplus-media-library-service-media\/485bda06-fbdb-4368-b6c1-1a6003cb2415.__CR0,0,724,906_PT0_SX362_V1___.jpg\"><img decoding=\"async\" alt=\"Der Text lautet: \u201eNous AI Set 12+\u201c und zeigt das Logo des iF Design Award 2024. Kleiner Roboter oder KI-Ger\u00e4t auf R\u00e4dern vor rotem Hintergrund.\" src=\"https:\/\/m.media-amazon.com\/images\/S\/aplus-media-library-service-media\/485bda06-fbdb-4368-b6c1-1a6003cb2415.__CR0,0,724,906_PT0_SX362_V1___.jpg\">  <\/p>\n<h3>  Digitales Mikroskop <\/h3>\n<p class=\"apm-brand-story-stores-link\">\n<h3>  Biologisches Mikroskop <\/h3>\n<p class=\"apm-brand-story-stores-link\">\n<p>                                              <img decoding=\"async\" alt=\"Aplus-Inhaltsbild\" src=\"https:\/\/images-na.ssl-images-amazon.com\/images\/G\/01\/x-locale\/common\/grey-pixel.gif\" class=\"a-lazy-loaded\" data-src=\"https:\/\/m.media-amazon.com\/images\/S\/aplus-media-library-service-media\/6b477e96-9eea-4611-8981-b4628544862d.__CR0,0,362,453_PT0_SX362_V1___.png\"><img decoding=\"async\" alt=\"Aplus-Inhaltsbild\" src=\"https:\/\/m.media-amazon.com\/images\/S\/aplus-media-library-service-media\/6b477e96-9eea-4611-8981-b4628544862d.__CR0,0,362,453_PT0_SX362_V1___.png\">  <\/p>\n<p>                                              <img decoding=\"async\" alt=\"Aplus-Inhaltsbild\" src=\"https:\/\/images-na.ssl-images-amazon.com\/images\/G\/01\/x-locale\/common\/grey-pixel.gif\" class=\"a-lazy-loaded\" data-src=\"https:\/\/m.media-amazon.com\/images\/S\/aplus-media-library-service-media\/cc17fcaa-29ed-4404-897a-e9804a154b8e.__CR0,0,362,453_PT0_SX362_V1___.png\"><img decoding=\"async\" alt=\"Aplus-Inhaltsbild\" src=\"https:\/\/m.media-amazon.com\/images\/S\/aplus-media-library-service-media\/cc17fcaa-29ed-4404-897a-e9804a154b8e.__CR0,0,362,453_PT0_SX362_V1___.png\">  <\/p>\n<p>Codieren wie das Alphabet: Das Matatalab Pro-Set ist eine L\u00f6sung f\u00fcr die Klassen K-4, um schon in jungen Jahren mit dem Codieren zu beginnen. Kinder entdecken den Spa\u00df an grundlegenden Codierungskonzepten wie Sequenzierung, Bedingungen und Debugging und werden st\u00e4ndig mit anspruchsvollen Aufgaben herausgefordert<br \/>Spiel mit Hands-on: Die Kinder entwickeln durch das praktische Spiel F\u00e4higkeiten in den Bereichen Probleml\u00f6sung, kritisches Denken, Kreativit\u00e4t und Zusammenarbeit. Eine freundlichere M\u00f6glichkeit, das grundlegende Codierungskonzept schon in sehr jungen Jahren zu erlernen. Eine physische M\u00f6glichkeit, abstrakte Codierungsideen zu erlernen<br \/>DIE BEDEUTUNG DER IMAGINATION: Kinder nutzen ihre Fantasie, um mit den Bl\u00f6cken endlose M\u00f6glichkeiten zu schaffen. Sie platzieren einfach Codierungsbl\u00f6cke auf einem Brett, das zusammen mit einem Kommandoturm Informationen an den MatataBot \u00fcbermittelt und dessen Bewegung \u00fcber die Codierungsalgorithmen auf einer Spielkarte steuert<br \/>Ohne Worte: Die Codierbl\u00f6cke sind mit intuitiven grafischen Symbolen ausgestattet. Bauen Sie das Selbstvertrauen der Sch\u00fcler auf, die Bewegung des Roboters vorherzusagen, ihre \u00dcberlegungen zu \u00fcberpr\u00fcfen und sie dann zu best\u00e4tigen<br \/>Ihr Paket beinhaltet: 1 MatataBot, 1 Kommandoturm mit Bilderkennungskamera, 1 Steuerplatine, 99 Codierbl\u00f6cke, 3 Familien-Challenge-B\u00fccher, 3 Aufw\u00e4rmkarten f\u00fcr K\u00fcnstler, 3 Aufw\u00e4rmkarten f\u00fcr Musiker, 1 doppelseitige Spielkarte, 1 USB-C-Kabel, Hindernisse und Flaggen. Die Ressourcen werden st\u00e4ndig aktualisiert. Unsere sorgenfreie 12-monatige Garantie und unser freundlicher Kundenservice. Der Kontrollturm und der Roboter sind wiederaufladbar<br \/>\u201eMatataStudio\u201c ist der aktualisierte Markenname von \u201eMatatalab\u201c&#8230;<\/p>\n<p>[ad_2]<\/p>\n","protected":false},"excerpt":{"rendered":"<p>Von der Marke MatataStudio wurde 2017 gegr\u00fcndet und ist ein Unternehmen f\u00fcr Technologiebildung, das Schulen, Institutionen und Familien auf der ganzen Welt innovative MINT-Ausbildung anbietet. Unser Ziel ist es, den Innovationsgeist von Kindern zu f\u00f6rdern, damit sie sich der Welt stellen und sie ver\u00e4ndern k\u00f6nnen. Mit umfangreichen p\u00e4dagogischen Ressourcen und h\u00f6chster Fachkompetenz unterst\u00fctzen wir mittlerweile [&hellip;]<\/p>\n","protected":false},"featured_media":1991,"comment_status":"open","ping_status":"closed","template":"","meta":{"_aipt_faq_data":""},"store":[],"product_brand":[],"product_cat":[91],"product_tag":[372],"class_list":{"0":"post-1990","1":"product","2":"type-product","3":"status-publish","4":"has-post-thumbnail","6":"product_cat-programmierbares-spielzeug","7":"product_tag-programmierbares-spielzeug-programmieren-lernen","9":"first","10":"instock","11":"shipping-taxable","12":"product-type-external"},"yoast_head":"<!-- This site is optimized with the Yoast SEO plugin v27.0 - https:\/\/yoast.com\/product\/yoast-seo-wordpress\/ -->\n<title>Programmierbarer Roboter f\u00fcr Kinder, Programmierset Pro, programmierbares Roboterspielzeug-Set f\u00fcr Kinder von 4\u201310 Jahren, mit DIY-Modul f\u00fcr Anf\u00e4nger, Lernen des Programmierens mit Spielen, STEM-Lernspielzeug - EasyLifeBro<\/title>\n<meta name=\"description\" content=\"Entdecken Sie smarte Roboter f\u00fcr Zuhause, Garten, Bildung und Sicherheit. Vergleichen Sie Saugroboter, Rasenm\u00e4hroboter, KI-Begleitroboter und mehr bei EasyLifeRobo.\" \/>\n<meta name=\"robots\" content=\"index, follow, max-snippet:-1, max-image-preview:large, max-video-preview:-1\" \/>\n<link rel=\"canonical\" href=\"https:\/\/easyliferobo.com\/de\/product\/programmierbarer-roboter-fuer-kinder-programmierset-pro-programmierbares-roboterspielzeug-set-fuer-kinder-von-4-10-jahren-mit-diy-modul-fuer-anfaenger-lernen-des-programmierens-mit-spielen\/\" \/>\n<meta property=\"og:locale\" content=\"de_DE\" \/>\n<meta property=\"og:type\" content=\"article\" \/>\n<meta property=\"og:title\" content=\"Programmierbarer Roboter f\u00fcr Kinder, Programmierset Pro, programmierbares Roboterspielzeug-Set f\u00fcr Kinder von 4\u201310 Jahren, mit DIY-Modul f\u00fcr Anf\u00e4nger, Lernen des Programmierens mit Spielen, STEM-Lernspielzeug - EasyLifeBro\" \/>\n<meta property=\"og:description\" content=\"Entdecken Sie smarte Roboter f\u00fcr Zuhause, Garten, Bildung und Sicherheit. Vergleichen Sie Saugroboter, Rasenm\u00e4hroboter, KI-Begleitroboter und mehr bei EasyLifeRobo.\" \/>\n<meta property=\"og:url\" content=\"https:\/\/easyliferobo.com\/de\/product\/programmierbarer-roboter-fuer-kinder-programmierset-pro-programmierbares-roboterspielzeug-set-fuer-kinder-von-4-10-jahren-mit-diy-modul-fuer-anfaenger-lernen-des-programmierens-mit-spielen\/\" \/>\n<meta property=\"og:site_name\" content=\"EasyLifeBro\" \/>\n<meta property=\"article:modified_time\" content=\"2026-02-27T02:08:22+00:00\" \/>\n<meta property=\"og:image\" content=\"https:\/\/images-na.ssl-images-amazon.com\/images\/G\/01\/x-locale\/common\/grey-pixel.gif\" \/>\n<meta name=\"twitter:card\" content=\"summary_large_image\" \/>\n<meta name=\"twitter:label1\" content=\"Gesch\u00e4tzte Lesezeit\" \/>\n\t<meta name=\"twitter:data1\" content=\"2\u00a0Minuten\" \/>\n<script type=\"application\/ld+json\" class=\"yoast-schema-graph\">{\"@context\":\"https:\/\/schema.org\",\"@graph\":[{\"@type\":\"WebPage\",\"@id\":\"https:\/\/easyliferobo.com\/de\/product\/programmierbarer-roboter-fuer-kinder-programmierset-pro-programmierbares-roboterspielzeug-set-fuer-kinder-von-4-10-jahren-mit-diy-modul-fuer-anfaenger-lernen-des-programmierens-mit-spielen\/\",\"url\":\"https:\/\/easyliferobo.com\/de\/product\/programmierbarer-roboter-fuer-kinder-programmierset-pro-programmierbares-roboterspielzeug-set-fuer-kinder-von-4-10-jahren-mit-diy-modul-fuer-anfaenger-lernen-des-programmierens-mit-spielen\/\",\"name\":\"Programmierbarer Roboter f\u00fcr Kinder, Programmierset Pro, programmierbares Roboterspielzeug-Set f\u00fcr Kinder von 4\u201310 Jahren, mit DIY-Modul f\u00fcr Anf\u00e4nger, Lernen des Programmierens mit Spielen, STEM-Lernspielzeug - EasyLifeBro\",\"isPartOf\":{\"@id\":\"https:\/\/easyliferobo.com\/de\/#website\"},\"primaryImageOfPage\":{\"@id\":\"https:\/\/easyliferobo.com\/de\/product\/programmierbarer-roboter-fuer-kinder-programmierset-pro-programmierbares-roboterspielzeug-set-fuer-kinder-von-4-10-jahren-mit-diy-modul-fuer-anfaenger-lernen-des-programmierens-mit-spielen\/#primaryimage\"},\"image\":{\"@id\":\"https:\/\/easyliferobo.com\/de\/product\/programmierbarer-roboter-fuer-kinder-programmierset-pro-programmierbares-roboterspielzeug-set-fuer-kinder-von-4-10-jahren-mit-diy-modul-fuer-anfaenger-lernen-des-programmierens-mit-spielen\/#primaryimage\"},\"thumbnailUrl\":\"https:\/\/easyliferobo.com\/de\/wp-content\/uploads\/2026\/02\/61WkTFXtu8L._AC_SL1500_.jpg\",\"datePublished\":\"2026-02-27T02:08:06+00:00\",\"dateModified\":\"2026-02-27T02:08:22+00:00\",\"description\":\"Entdecken Sie smarte Roboter f\u00fcr Zuhause, Garten, Bildung und Sicherheit. Vergleichen Sie Saugroboter, Rasenm\u00e4hroboter, KI-Begleitroboter und mehr bei EasyLifeRobo.\",\"breadcrumb\":{\"@id\":\"https:\/\/easyliferobo.com\/de\/product\/programmierbarer-roboter-fuer-kinder-programmierset-pro-programmierbares-roboterspielzeug-set-fuer-kinder-von-4-10-jahren-mit-diy-modul-fuer-anfaenger-lernen-des-programmierens-mit-spielen\/#breadcrumb\"},\"inLanguage\":\"de\",\"potentialAction\":[{\"@type\":\"ReadAction\",\"target\":[\"https:\/\/easyliferobo.com\/de\/product\/programmierbarer-roboter-fuer-kinder-programmierset-pro-programmierbares-roboterspielzeug-set-fuer-kinder-von-4-10-jahren-mit-diy-modul-fuer-anfaenger-lernen-des-programmierens-mit-spielen\/\"]}]},{\"@type\":\"ImageObject\",\"inLanguage\":\"de\",\"@id\":\"https:\/\/easyliferobo.com\/de\/product\/programmierbarer-roboter-fuer-kinder-programmierset-pro-programmierbares-roboterspielzeug-set-fuer-kinder-von-4-10-jahren-mit-diy-modul-fuer-anfaenger-lernen-des-programmierens-mit-spielen\/#primaryimage\",\"url\":\"https:\/\/easyliferobo.com\/de\/wp-content\/uploads\/2026\/02\/61WkTFXtu8L._AC_SL1500_.jpg\",\"contentUrl\":\"https:\/\/easyliferobo.com\/de\/wp-content\/uploads\/2026\/02\/61WkTFXtu8L._AC_SL1500_.jpg\",\"width\":1500,\"height\":794},{\"@type\":\"BreadcrumbList\",\"@id\":\"https:\/\/easyliferobo.com\/de\/product\/programmierbarer-roboter-fuer-kinder-programmierset-pro-programmierbares-roboterspielzeug-set-fuer-kinder-von-4-10-jahren-mit-diy-modul-fuer-anfaenger-lernen-des-programmierens-mit-spielen\/#breadcrumb\",\"itemListElement\":[{\"@type\":\"ListItem\",\"position\":1,\"name\":\"Home\",\"item\":\"https:\/\/easyliferobo.com\/de\/\"},{\"@type\":\"ListItem\",\"position\":2,\"name\":\"Shop\",\"item\":\"https:\/\/easyliferobo.com\/de\/shop\/\"},{\"@type\":\"ListItem\",\"position\":3,\"name\":\"Programmierbarer Roboter f\u00fcr Kinde...\"}]},{\"@type\":\"WebSite\",\"@id\":\"https:\/\/easyliferobo.com\/de\/#website\",\"url\":\"https:\/\/easyliferobo.com\/de\/\",\"name\":\"EasyLifeBro\",\"description\":\"Smarte Roboter f\u00fcr Zuhause, Garten &amp; Bildung\",\"publisher\":{\"@id\":\"https:\/\/easyliferobo.com\/de\/#organization\"},\"potentialAction\":[{\"@type\":\"SearchAction\",\"target\":{\"@type\":\"EntryPoint\",\"urlTemplate\":\"https:\/\/easyliferobo.com\/de\/?s={search_term_string}\"},\"query-input\":{\"@type\":\"PropertyValueSpecification\",\"valueRequired\":true,\"valueName\":\"search_term_string\"}}],\"inLanguage\":\"de\"},{\"@type\":\"Organization\",\"@id\":\"https:\/\/easyliferobo.com\/de\/#organization\",\"name\":\"EasyLifeBro\",\"url\":\"https:\/\/easyliferobo.com\/de\/\",\"logo\":{\"@type\":\"ImageObject\",\"inLanguage\":\"de\",\"@id\":\"https:\/\/easyliferobo.com\/de\/#\/schema\/logo\/image\/\",\"url\":\"https:\/\/easyliferobo.com\/de\/wp-content\/uploads\/2026\/02\/Screenshot-2026-02-22-at-2.25.03-PM.png\",\"contentUrl\":\"https:\/\/easyliferobo.com\/de\/wp-content\/uploads\/2026\/02\/Screenshot-2026-02-22-at-2.25.03-PM.png\",\"width\":1858,\"height\":430,\"caption\":\"EasyLifeBro\"},\"image\":{\"@id\":\"https:\/\/easyliferobo.com\/de\/#\/schema\/logo\/image\/\"}}]}<\/script>\n<!-- \/ Yoast SEO plugin. -->","yoast_head_json":{"title":"Programmierbarer Roboter f\u00fcr Kinder, Programmierset Pro, programmierbares Roboterspielzeug-Set f\u00fcr Kinder von 4\u201310 Jahren, mit DIY-Modul f\u00fcr Anf\u00e4nger, Lernen des Programmierens mit Spielen, STEM-Lernspielzeug - EasyLifeBro","description":"Entdecken Sie smarte Roboter f\u00fcr Zuhause, Garten, Bildung und Sicherheit. Vergleichen Sie Saugroboter, Rasenm\u00e4hroboter, KI-Begleitroboter und mehr bei EasyLifeRobo.","robots":{"index":"index","follow":"follow","max-snippet":"max-snippet:-1","max-image-preview":"max-image-preview:large","max-video-preview":"max-video-preview:-1"},"canonical":"https:\/\/easyliferobo.com\/de\/product\/programmierbarer-roboter-fuer-kinder-programmierset-pro-programmierbares-roboterspielzeug-set-fuer-kinder-von-4-10-jahren-mit-diy-modul-fuer-anfaenger-lernen-des-programmierens-mit-spielen\/","og_locale":"de_DE","og_type":"article","og_title":"Programmierbarer Roboter f\u00fcr Kinder, Programmierset Pro, programmierbares Roboterspielzeug-Set f\u00fcr Kinder von 4\u201310 Jahren, mit DIY-Modul f\u00fcr Anf\u00e4nger, Lernen des Programmierens mit Spielen, STEM-Lernspielzeug - EasyLifeBro","og_description":"Entdecken Sie smarte Roboter f\u00fcr Zuhause, Garten, Bildung und Sicherheit. Vergleichen Sie Saugroboter, Rasenm\u00e4hroboter, KI-Begleitroboter und mehr bei EasyLifeRobo.","og_url":"https:\/\/easyliferobo.com\/de\/product\/programmierbarer-roboter-fuer-kinder-programmierset-pro-programmierbares-roboterspielzeug-set-fuer-kinder-von-4-10-jahren-mit-diy-modul-fuer-anfaenger-lernen-des-programmierens-mit-spielen\/","og_site_name":"EasyLifeBro","article_modified_time":"2026-02-27T02:08:22+00:00","og_image":[{"url":"https:\/\/images-na.ssl-images-amazon.com\/images\/G\/01\/x-locale\/common\/grey-pixel.gif","type":"","width":"","height":""}],"twitter_card":"summary_large_image","twitter_misc":{"Gesch\u00e4tzte Lesezeit":"2\u00a0Minuten"},"schema":{"@context":"https:\/\/schema.org","@graph":[{"@type":"WebPage","@id":"https:\/\/easyliferobo.com\/de\/product\/programmierbarer-roboter-fuer-kinder-programmierset-pro-programmierbares-roboterspielzeug-set-fuer-kinder-von-4-10-jahren-mit-diy-modul-fuer-anfaenger-lernen-des-programmierens-mit-spielen\/","url":"https:\/\/easyliferobo.com\/de\/product\/programmierbarer-roboter-fuer-kinder-programmierset-pro-programmierbares-roboterspielzeug-set-fuer-kinder-von-4-10-jahren-mit-diy-modul-fuer-anfaenger-lernen-des-programmierens-mit-spielen\/","name":"Programmierbarer Roboter f\u00fcr Kinder, Programmierset Pro, programmierbares Roboterspielzeug-Set f\u00fcr Kinder von 4\u201310 Jahren, mit DIY-Modul f\u00fcr Anf\u00e4nger, Lernen des Programmierens mit Spielen, STEM-Lernspielzeug - EasyLifeBro","isPartOf":{"@id":"https:\/\/easyliferobo.com\/de\/#website"},"primaryImageOfPage":{"@id":"https:\/\/easyliferobo.com\/de\/product\/programmierbarer-roboter-fuer-kinder-programmierset-pro-programmierbares-roboterspielzeug-set-fuer-kinder-von-4-10-jahren-mit-diy-modul-fuer-anfaenger-lernen-des-programmierens-mit-spielen\/#primaryimage"},"image":{"@id":"https:\/\/easyliferobo.com\/de\/product\/programmierbarer-roboter-fuer-kinder-programmierset-pro-programmierbares-roboterspielzeug-set-fuer-kinder-von-4-10-jahren-mit-diy-modul-fuer-anfaenger-lernen-des-programmierens-mit-spielen\/#primaryimage"},"thumbnailUrl":"https:\/\/easyliferobo.com\/de\/wp-content\/uploads\/2026\/02\/61WkTFXtu8L._AC_SL1500_.jpg","datePublished":"2026-02-27T02:08:06+00:00","dateModified":"2026-02-27T02:08:22+00:00","description":"Entdecken Sie smarte Roboter f\u00fcr Zuhause, Garten, Bildung und Sicherheit. Vergleichen Sie Saugroboter, Rasenm\u00e4hroboter, KI-Begleitroboter und mehr bei EasyLifeRobo.","breadcrumb":{"@id":"https:\/\/easyliferobo.com\/de\/product\/programmierbarer-roboter-fuer-kinder-programmierset-pro-programmierbares-roboterspielzeug-set-fuer-kinder-von-4-10-jahren-mit-diy-modul-fuer-anfaenger-lernen-des-programmierens-mit-spielen\/#breadcrumb"},"inLanguage":"de","potentialAction":[{"@type":"ReadAction","target":["https:\/\/easyliferobo.com\/de\/product\/programmierbarer-roboter-fuer-kinder-programmierset-pro-programmierbares-roboterspielzeug-set-fuer-kinder-von-4-10-jahren-mit-diy-modul-fuer-anfaenger-lernen-des-programmierens-mit-spielen\/"]}]},{"@type":"ImageObject","inLanguage":"de","@id":"https:\/\/easyliferobo.com\/de\/product\/programmierbarer-roboter-fuer-kinder-programmierset-pro-programmierbares-roboterspielzeug-set-fuer-kinder-von-4-10-jahren-mit-diy-modul-fuer-anfaenger-lernen-des-programmierens-mit-spielen\/#primaryimage","url":"https:\/\/easyliferobo.com\/de\/wp-content\/uploads\/2026\/02\/61WkTFXtu8L._AC_SL1500_.jpg","contentUrl":"https:\/\/easyliferobo.com\/de\/wp-content\/uploads\/2026\/02\/61WkTFXtu8L._AC_SL1500_.jpg","width":1500,"height":794},{"@type":"BreadcrumbList","@id":"https:\/\/easyliferobo.com\/de\/product\/programmierbarer-roboter-fuer-kinder-programmierset-pro-programmierbares-roboterspielzeug-set-fuer-kinder-von-4-10-jahren-mit-diy-modul-fuer-anfaenger-lernen-des-programmierens-mit-spielen\/#breadcrumb","itemListElement":[{"@type":"ListItem","position":1,"name":"Home","item":"https:\/\/easyliferobo.com\/de\/"},{"@type":"ListItem","position":2,"name":"Shop","item":"https:\/\/easyliferobo.com\/de\/shop\/"},{"@type":"ListItem","position":3,"name":"Programmierbarer Roboter f\u00fcr Kinde..."}]},{"@type":"WebSite","@id":"https:\/\/easyliferobo.com\/de\/#website","url":"https:\/\/easyliferobo.com\/de\/","name":"EasyLifeBro","description":"Smarte Roboter f\u00fcr Zuhause, Garten &amp; Bildung","publisher":{"@id":"https:\/\/easyliferobo.com\/de\/#organization"},"potentialAction":[{"@type":"SearchAction","target":{"@type":"EntryPoint","urlTemplate":"https:\/\/easyliferobo.com\/de\/?s={search_term_string}"},"query-input":{"@type":"PropertyValueSpecification","valueRequired":true,"valueName":"search_term_string"}}],"inLanguage":"de"},{"@type":"Organization","@id":"https:\/\/easyliferobo.com\/de\/#organization","name":"EasyLifeBro","url":"https:\/\/easyliferobo.com\/de\/","logo":{"@type":"ImageObject","inLanguage":"de","@id":"https:\/\/easyliferobo.com\/de\/#\/schema\/logo\/image\/","url":"https:\/\/easyliferobo.com\/de\/wp-content\/uploads\/2026\/02\/Screenshot-2026-02-22-at-2.25.03-PM.png","contentUrl":"https:\/\/easyliferobo.com\/de\/wp-content\/uploads\/2026\/02\/Screenshot-2026-02-22-at-2.25.03-PM.png","width":1858,"height":430,"caption":"EasyLifeBro"},"image":{"@id":"https:\/\/easyliferobo.com\/de\/#\/schema\/logo\/image\/"}}]}},"_links":{"self":[{"href":"https:\/\/easyliferobo.com\/de\/wp-json\/wp\/v2\/product\/1990","targetHints":{"allow":["GET"]}}],"collection":[{"href":"https:\/\/easyliferobo.com\/de\/wp-json\/wp\/v2\/product"}],"about":[{"href":"https:\/\/easyliferobo.com\/de\/wp-json\/wp\/v2\/types\/product"}],"replies":[{"embeddable":true,"href":"https:\/\/easyliferobo.com\/de\/wp-json\/wp\/v2\/comments?post=1990"}],"wp:featuredmedia":[{"embeddable":true,"href":"https:\/\/easyliferobo.com\/de\/wp-json\/wp\/v2\/media\/1991"}],"wp:attachment":[{"href":"https:\/\/easyliferobo.com\/de\/wp-json\/wp\/v2\/media?parent=1990"}],"wp:term":[{"taxonomy":"store","embeddable":true,"href":"https:\/\/easyliferobo.com\/de\/wp-json\/wp\/v2\/store?post=1990"},{"taxonomy":"product_brand","embeddable":true,"href":"https:\/\/easyliferobo.com\/de\/wp-json\/wp\/v2\/product_brand?post=1990"},{"taxonomy":"product_cat","embeddable":true,"href":"https:\/\/easyliferobo.com\/de\/wp-json\/wp\/v2\/product_cat?post=1990"},{"taxonomy":"product_tag","embeddable":true,"href":"https:\/\/easyliferobo.com\/de\/wp-json\/wp\/v2\/product_tag?post=1990"}],"curies":[{"name":"wp","href":"https:\/\/api.w.org\/{rel}","templated":true}]}}