
{"id":1988,"date":"2026-02-27T02:06:13","date_gmt":"2026-02-27T02:06:13","guid":{"rendered":"https:\/\/easyliferobo.com\/de\/product\/soziale-phobie-bekaempfen-schritt-fuer-schritt-soziale-aengste-nachhaltig-verlierenwerden\/"},"modified":"2026-02-27T02:06:15","modified_gmt":"2026-02-27T02:06:15","slug":"soziale-phobie-bekaempfen-schritt-fuer-schritt-soziale-aengste-nachhaltig-verlierenwerden","status":"publish","type":"product","link":"https:\/\/easyliferobo.com\/de\/product\/soziale-phobie-bekaempfen-schritt-fuer-schritt-soziale-aengste-nachhaltig-verlierenwerden\/","title":{"rendered":"Soziale Phobie bek\u00e4mpfen: Schritt ..."},"content":{"rendered":"\n<p>Es wird kaum \u00fcber diese psychische Krankheit gesprochen, obwohl viele unter der Sozialen Phobie oder auch Soziale Angst genannt, leiden. Vorallem im Alltag sind die Betroffenen oft sehr stark eingeschr\u00e4nkt und leiden ziemlich stark darunter. <\/p>\n<p><\/p>\n<p>In diesem Buch m\u00f6chten wir vor allem Betroffene dabei unterst\u00fctzen, diese Krankheit besser zu verstehen und dagegen endlich etwas zu machen. <\/p>\n<p><\/p>\n<p>In diesem Buch erfahren Sie unter anderem:<\/p>\n<p><\/p>\n<p>&#8211; Was die Soziale Phobie f\u00fcr eine Krankheit ist<\/p>\n<p><\/p>\n<p>&#8211; Wie erkennt man diese \u00fcberhaupt?<\/p>\n<p><\/p>\n<p>&#8211; Ursachen und Diagnose durch einen Facharzt <\/p>\n<p><\/p>\n<p>&#8211; Diese Behandlungsmethoden gibt es<\/p>\n<p><\/p>\n<p>&#8211; Was Betroffene schon jetzt dagegen tun k\u00f6nnen<\/p>\n<p><\/p>\n<p>&#8230; und vieles mehr!<\/p>\n<p>Wenn auch Sie mehr \u00fcber die Soziale Phobie erfahren m\u00f6chten, dann ist dieses Buch genau das Richtige f\u00fcr Sie!<\/p>\n<p>Klicken Sie jetzt oben rechts auf \u201eKaufen\u201c und sichern Sie sich dieses praktische Buch.<\/p>\n<p>ASIN \u200f : \u200e B08LXJB1TS       <br \/> Barrierefreiheit \u200f : \u200e Erfahren Sie mehr          <br \/> Erscheinungsdatum \u200f : \u200e 25. Okt. 2020       <br \/> Sprache \u200f : \u200e Deutsch   <br \/> Dateigr\u00f6\u00dfe \u200f : \u200e 757 KB       <br \/> Bildschirmleser \u200f : \u200e Unterst\u00fctzt       <br \/> Verbesserter Schriftsatz \u200f : \u200e Aktiviert          <br \/> R\u00f6ntgen \u200f : \u200e Nicht aktiviert       <br \/> Word Wise \u200f : \u200e Nicht aktiviert          <br \/> Druckl\u00e4nge \u200f : \u200e 67 Seiten          <br \/> Page Flip \u200f : \u200e Aktiviert          <br \/>       Bestseller-Rang: 77.207 im Kindle Store (siehe Top 100 im Kindle Store) 7 in Medizinstudien 307 in Fitness Guide 3.012 in Fitness &#038; Bewegung      <br \/>  Kundenrezensionen: 4,4 4,4 von 5 Sternen (66) var dpAcrHasRegisteredArcLinkClickAction; P.when(&#8218;A&#8216;, &#8218;ready&#8216;).execute(function(A) { if (dpAcrHasRegisteredArcLinkClickAction !== true) { dpAcrHasRegisteredArcLinkClickAction = true; A.declarative( &#8218;acrLink-click-metrics&#8216;, &#8218;click&#8216;, { &#8222;allowLinkDefault&#8220;: true }, function (event) { if (window.ue) { ue.count(&#8222;acrLinkClickCount&#8220;, (ue.count(&#8222;acrLinkClickCount&#8220;) || 0) + 1 } } }); P.when(&#8218;A&#8216;, &#8218;cf&#8216;).execute(function(A) { A.declarative(&#8218;acrStarsLink-click-metrics&#8216;, &#8218;click&#8216;, { &#8222;allowLinkDefault&#8220; : true }, function(event){ if(window.ue) { ue.count(&#8222;acrStarsLinkWithPopoverClickCount&#8220;, (ue.count(&#8222;acrStarsLinkWithPopoverClickCount&#8220;) || 0) + 1); } }); });                          <br \/>[ad_2]<\/p>\n","protected":false},"excerpt":{"rendered":"<p>Es wird kaum \u00fcber diese psychische Krankheit gesprochen, obwohl viele unter der Sozialen Phobie oder auch Soziale Angst genannt, leiden. Vorallem im Alltag sind die Betroffenen oft sehr stark eingeschr\u00e4nkt und leiden ziemlich stark darunter. In diesem Buch m\u00f6chten wir vor allem Betroffene dabei unterst\u00fctzen, diese Krankheit besser zu verstehen und dagegen endlich etwas zu [&hellip;]<\/p>\n","protected":false},"featured_media":1989,"comment_status":"open","ping_status":"closed","template":"","meta":{"_aipt_faq_data":""},"store":[],"product_brand":[],"product_cat":[93],"product_tag":[371],"class_list":{"0":"post-1988","1":"product","2":"type-product","3":"status-publish","4":"has-post-thumbnail","6":"product_cat-soziale-begleitroboter","7":"product_tag-robuste-soziale-begleitroboter-fuer-alltag","9":"first","10":"instock","11":"shipping-taxable","12":"product-type-external"},"yoast_head":"<!-- This site is optimized with the Yoast SEO plugin v27.0 - https:\/\/yoast.com\/product\/yoast-seo-wordpress\/ -->\n<title>Soziale Phobie bek\u00e4mpfen: Schritt f\u00fcr Schritt soziale \u00c4ngste nachhaltig verlierenwerden - EasyLifeBro<\/title>\n<meta name=\"description\" content=\"Entdecken Sie smarte Roboter f\u00fcr Zuhause, Garten, Bildung und Sicherheit. Vergleichen Sie Saugroboter, Rasenm\u00e4hroboter, KI-Begleitroboter und mehr bei EasyLifeRobo.\" \/>\n<meta name=\"robots\" content=\"index, follow, max-snippet:-1, max-image-preview:large, max-video-preview:-1\" \/>\n<link rel=\"canonical\" href=\"https:\/\/easyliferobo.com\/de\/product\/soziale-phobie-bekaempfen-schritt-fuer-schritt-soziale-aengste-nachhaltig-verlierenwerden\/\" \/>\n<meta property=\"og:locale\" content=\"de_DE\" \/>\n<meta property=\"og:type\" content=\"article\" \/>\n<meta property=\"og:title\" content=\"Soziale Phobie bek\u00e4mpfen: Schritt f\u00fcr Schritt soziale \u00c4ngste nachhaltig verlierenwerden - EasyLifeBro\" \/>\n<meta property=\"og:description\" content=\"Entdecken Sie smarte Roboter f\u00fcr Zuhause, Garten, Bildung und Sicherheit. Vergleichen Sie Saugroboter, Rasenm\u00e4hroboter, KI-Begleitroboter und mehr bei EasyLifeRobo.\" \/>\n<meta property=\"og:url\" content=\"https:\/\/easyliferobo.com\/de\/product\/soziale-phobie-bekaempfen-schritt-fuer-schritt-soziale-aengste-nachhaltig-verlierenwerden\/\" \/>\n<meta property=\"og:site_name\" content=\"EasyLifeBro\" \/>\n<meta property=\"article:modified_time\" content=\"2026-02-27T02:06:15+00:00\" \/>\n<meta name=\"twitter:card\" content=\"summary_large_image\" \/>\n<meta name=\"twitter:label1\" content=\"Gesch\u00e4tzte Lesezeit\" \/>\n\t<meta name=\"twitter:data1\" content=\"1\u00a0Minute\" \/>\n<script type=\"application\/ld+json\" class=\"yoast-schema-graph\">{\"@context\":\"https:\/\/schema.org\",\"@graph\":[{\"@type\":\"WebPage\",\"@id\":\"https:\/\/easyliferobo.com\/de\/product\/soziale-phobie-bekaempfen-schritt-fuer-schritt-soziale-aengste-nachhaltig-verlierenwerden\/\",\"url\":\"https:\/\/easyliferobo.com\/de\/product\/soziale-phobie-bekaempfen-schritt-fuer-schritt-soziale-aengste-nachhaltig-verlierenwerden\/\",\"name\":\"Soziale Phobie bek\u00e4mpfen: Schritt f\u00fcr Schritt soziale \u00c4ngste nachhaltig verlierenwerden - EasyLifeBro\",\"isPartOf\":{\"@id\":\"https:\/\/easyliferobo.com\/de\/#website\"},\"primaryImageOfPage\":{\"@id\":\"https:\/\/easyliferobo.com\/de\/product\/soziale-phobie-bekaempfen-schritt-fuer-schritt-soziale-aengste-nachhaltig-verlierenwerden\/#primaryimage\"},\"image\":{\"@id\":\"https:\/\/easyliferobo.com\/de\/product\/soziale-phobie-bekaempfen-schritt-fuer-schritt-soziale-aengste-nachhaltig-verlierenwerden\/#primaryimage\"},\"thumbnailUrl\":\"https:\/\/easyliferobo.com\/de\/wp-content\/uploads\/2026\/02\/71CKDYfYzxL._SL1500_.jpg\",\"datePublished\":\"2026-02-27T02:06:13+00:00\",\"dateModified\":\"2026-02-27T02:06:15+00:00\",\"description\":\"Entdecken Sie smarte Roboter f\u00fcr Zuhause, Garten, Bildung und Sicherheit. Vergleichen Sie Saugroboter, Rasenm\u00e4hroboter, KI-Begleitroboter und mehr bei EasyLifeRobo.\",\"breadcrumb\":{\"@id\":\"https:\/\/easyliferobo.com\/de\/product\/soziale-phobie-bekaempfen-schritt-fuer-schritt-soziale-aengste-nachhaltig-verlierenwerden\/#breadcrumb\"},\"inLanguage\":\"de\",\"potentialAction\":[{\"@type\":\"ReadAction\",\"target\":[\"https:\/\/easyliferobo.com\/de\/product\/soziale-phobie-bekaempfen-schritt-fuer-schritt-soziale-aengste-nachhaltig-verlierenwerden\/\"]}]},{\"@type\":\"ImageObject\",\"inLanguage\":\"de\",\"@id\":\"https:\/\/easyliferobo.com\/de\/product\/soziale-phobie-bekaempfen-schritt-fuer-schritt-soziale-aengste-nachhaltig-verlierenwerden\/#primaryimage\",\"url\":\"https:\/\/easyliferobo.com\/de\/wp-content\/uploads\/2026\/02\/71CKDYfYzxL._SL1500_.jpg\",\"contentUrl\":\"https:\/\/easyliferobo.com\/de\/wp-content\/uploads\/2026\/02\/71CKDYfYzxL._SL1500_.jpg\",\"width\":1001,\"height\":1500},{\"@type\":\"BreadcrumbList\",\"@id\":\"https:\/\/easyliferobo.com\/de\/product\/soziale-phobie-bekaempfen-schritt-fuer-schritt-soziale-aengste-nachhaltig-verlierenwerden\/#breadcrumb\",\"itemListElement\":[{\"@type\":\"ListItem\",\"position\":1,\"name\":\"Home\",\"item\":\"https:\/\/easyliferobo.com\/de\/\"},{\"@type\":\"ListItem\",\"position\":2,\"name\":\"Shop\",\"item\":\"https:\/\/easyliferobo.com\/de\/shop\/\"},{\"@type\":\"ListItem\",\"position\":3,\"name\":\"Soziale Phobie bek\u00e4mpfen: Schritt ...\"}]},{\"@type\":\"WebSite\",\"@id\":\"https:\/\/easyliferobo.com\/de\/#website\",\"url\":\"https:\/\/easyliferobo.com\/de\/\",\"name\":\"EasyLifeBro\",\"description\":\"Smarte Roboter f\u00fcr Zuhause, Garten &amp; Bildung\",\"publisher\":{\"@id\":\"https:\/\/easyliferobo.com\/de\/#organization\"},\"potentialAction\":[{\"@type\":\"SearchAction\",\"target\":{\"@type\":\"EntryPoint\",\"urlTemplate\":\"https:\/\/easyliferobo.com\/de\/?s={search_term_string}\"},\"query-input\":{\"@type\":\"PropertyValueSpecification\",\"valueRequired\":true,\"valueName\":\"search_term_string\"}}],\"inLanguage\":\"de\"},{\"@type\":\"Organization\",\"@id\":\"https:\/\/easyliferobo.com\/de\/#organization\",\"name\":\"EasyLifeBro\",\"url\":\"https:\/\/easyliferobo.com\/de\/\",\"logo\":{\"@type\":\"ImageObject\",\"inLanguage\":\"de\",\"@id\":\"https:\/\/easyliferobo.com\/de\/#\/schema\/logo\/image\/\",\"url\":\"https:\/\/easyliferobo.com\/de\/wp-content\/uploads\/2026\/02\/Screenshot-2026-02-22-at-2.25.03-PM.png\",\"contentUrl\":\"https:\/\/easyliferobo.com\/de\/wp-content\/uploads\/2026\/02\/Screenshot-2026-02-22-at-2.25.03-PM.png\",\"width\":1858,\"height\":430,\"caption\":\"EasyLifeBro\"},\"image\":{\"@id\":\"https:\/\/easyliferobo.com\/de\/#\/schema\/logo\/image\/\"}}]}<\/script>\n<!-- \/ Yoast SEO plugin. -->","yoast_head_json":{"title":"Soziale Phobie bek\u00e4mpfen: Schritt f\u00fcr Schritt soziale \u00c4ngste nachhaltig verlierenwerden - EasyLifeBro","description":"Entdecken Sie smarte Roboter f\u00fcr Zuhause, Garten, Bildung und Sicherheit. Vergleichen Sie Saugroboter, Rasenm\u00e4hroboter, KI-Begleitroboter und mehr bei EasyLifeRobo.","robots":{"index":"index","follow":"follow","max-snippet":"max-snippet:-1","max-image-preview":"max-image-preview:large","max-video-preview":"max-video-preview:-1"},"canonical":"https:\/\/easyliferobo.com\/de\/product\/soziale-phobie-bekaempfen-schritt-fuer-schritt-soziale-aengste-nachhaltig-verlierenwerden\/","og_locale":"de_DE","og_type":"article","og_title":"Soziale Phobie bek\u00e4mpfen: Schritt f\u00fcr Schritt soziale \u00c4ngste nachhaltig verlierenwerden - EasyLifeBro","og_description":"Entdecken Sie smarte Roboter f\u00fcr Zuhause, Garten, Bildung und Sicherheit. Vergleichen Sie Saugroboter, Rasenm\u00e4hroboter, KI-Begleitroboter und mehr bei EasyLifeRobo.","og_url":"https:\/\/easyliferobo.com\/de\/product\/soziale-phobie-bekaempfen-schritt-fuer-schritt-soziale-aengste-nachhaltig-verlierenwerden\/","og_site_name":"EasyLifeBro","article_modified_time":"2026-02-27T02:06:15+00:00","twitter_card":"summary_large_image","twitter_misc":{"Gesch\u00e4tzte Lesezeit":"1\u00a0Minute"},"schema":{"@context":"https:\/\/schema.org","@graph":[{"@type":"WebPage","@id":"https:\/\/easyliferobo.com\/de\/product\/soziale-phobie-bekaempfen-schritt-fuer-schritt-soziale-aengste-nachhaltig-verlierenwerden\/","url":"https:\/\/easyliferobo.com\/de\/product\/soziale-phobie-bekaempfen-schritt-fuer-schritt-soziale-aengste-nachhaltig-verlierenwerden\/","name":"Soziale Phobie bek\u00e4mpfen: Schritt f\u00fcr Schritt soziale \u00c4ngste nachhaltig verlierenwerden - EasyLifeBro","isPartOf":{"@id":"https:\/\/easyliferobo.com\/de\/#website"},"primaryImageOfPage":{"@id":"https:\/\/easyliferobo.com\/de\/product\/soziale-phobie-bekaempfen-schritt-fuer-schritt-soziale-aengste-nachhaltig-verlierenwerden\/#primaryimage"},"image":{"@id":"https:\/\/easyliferobo.com\/de\/product\/soziale-phobie-bekaempfen-schritt-fuer-schritt-soziale-aengste-nachhaltig-verlierenwerden\/#primaryimage"},"thumbnailUrl":"https:\/\/easyliferobo.com\/de\/wp-content\/uploads\/2026\/02\/71CKDYfYzxL._SL1500_.jpg","datePublished":"2026-02-27T02:06:13+00:00","dateModified":"2026-02-27T02:06:15+00:00","description":"Entdecken Sie smarte Roboter f\u00fcr Zuhause, Garten, Bildung und Sicherheit. Vergleichen Sie Saugroboter, Rasenm\u00e4hroboter, KI-Begleitroboter und mehr bei EasyLifeRobo.","breadcrumb":{"@id":"https:\/\/easyliferobo.com\/de\/product\/soziale-phobie-bekaempfen-schritt-fuer-schritt-soziale-aengste-nachhaltig-verlierenwerden\/#breadcrumb"},"inLanguage":"de","potentialAction":[{"@type":"ReadAction","target":["https:\/\/easyliferobo.com\/de\/product\/soziale-phobie-bekaempfen-schritt-fuer-schritt-soziale-aengste-nachhaltig-verlierenwerden\/"]}]},{"@type":"ImageObject","inLanguage":"de","@id":"https:\/\/easyliferobo.com\/de\/product\/soziale-phobie-bekaempfen-schritt-fuer-schritt-soziale-aengste-nachhaltig-verlierenwerden\/#primaryimage","url":"https:\/\/easyliferobo.com\/de\/wp-content\/uploads\/2026\/02\/71CKDYfYzxL._SL1500_.jpg","contentUrl":"https:\/\/easyliferobo.com\/de\/wp-content\/uploads\/2026\/02\/71CKDYfYzxL._SL1500_.jpg","width":1001,"height":1500},{"@type":"BreadcrumbList","@id":"https:\/\/easyliferobo.com\/de\/product\/soziale-phobie-bekaempfen-schritt-fuer-schritt-soziale-aengste-nachhaltig-verlierenwerden\/#breadcrumb","itemListElement":[{"@type":"ListItem","position":1,"name":"Home","item":"https:\/\/easyliferobo.com\/de\/"},{"@type":"ListItem","position":2,"name":"Shop","item":"https:\/\/easyliferobo.com\/de\/shop\/"},{"@type":"ListItem","position":3,"name":"Soziale Phobie bek\u00e4mpfen: Schritt ..."}]},{"@type":"WebSite","@id":"https:\/\/easyliferobo.com\/de\/#website","url":"https:\/\/easyliferobo.com\/de\/","name":"EasyLifeBro","description":"Smarte Roboter f\u00fcr Zuhause, Garten &amp; Bildung","publisher":{"@id":"https:\/\/easyliferobo.com\/de\/#organization"},"potentialAction":[{"@type":"SearchAction","target":{"@type":"EntryPoint","urlTemplate":"https:\/\/easyliferobo.com\/de\/?s={search_term_string}"},"query-input":{"@type":"PropertyValueSpecification","valueRequired":true,"valueName":"search_term_string"}}],"inLanguage":"de"},{"@type":"Organization","@id":"https:\/\/easyliferobo.com\/de\/#organization","name":"EasyLifeBro","url":"https:\/\/easyliferobo.com\/de\/","logo":{"@type":"ImageObject","inLanguage":"de","@id":"https:\/\/easyliferobo.com\/de\/#\/schema\/logo\/image\/","url":"https:\/\/easyliferobo.com\/de\/wp-content\/uploads\/2026\/02\/Screenshot-2026-02-22-at-2.25.03-PM.png","contentUrl":"https:\/\/easyliferobo.com\/de\/wp-content\/uploads\/2026\/02\/Screenshot-2026-02-22-at-2.25.03-PM.png","width":1858,"height":430,"caption":"EasyLifeBro"},"image":{"@id":"https:\/\/easyliferobo.com\/de\/#\/schema\/logo\/image\/"}}]}},"_links":{"self":[{"href":"https:\/\/easyliferobo.com\/de\/wp-json\/wp\/v2\/product\/1988","targetHints":{"allow":["GET"]}}],"collection":[{"href":"https:\/\/easyliferobo.com\/de\/wp-json\/wp\/v2\/product"}],"about":[{"href":"https:\/\/easyliferobo.com\/de\/wp-json\/wp\/v2\/types\/product"}],"replies":[{"embeddable":true,"href":"https:\/\/easyliferobo.com\/de\/wp-json\/wp\/v2\/comments?post=1988"}],"wp:featuredmedia":[{"embeddable":true,"href":"https:\/\/easyliferobo.com\/de\/wp-json\/wp\/v2\/media\/1989"}],"wp:attachment":[{"href":"https:\/\/easyliferobo.com\/de\/wp-json\/wp\/v2\/media?parent=1988"}],"wp:term":[{"taxonomy":"store","embeddable":true,"href":"https:\/\/easyliferobo.com\/de\/wp-json\/wp\/v2\/store?post=1988"},{"taxonomy":"product_brand","embeddable":true,"href":"https:\/\/easyliferobo.com\/de\/wp-json\/wp\/v2\/product_brand?post=1988"},{"taxonomy":"product_cat","embeddable":true,"href":"https:\/\/easyliferobo.com\/de\/wp-json\/wp\/v2\/product_cat?post=1988"},{"taxonomy":"product_tag","embeddable":true,"href":"https:\/\/easyliferobo.com\/de\/wp-json\/wp\/v2\/product_tag?post=1988"}],"curies":[{"name":"wp","href":"https:\/\/api.w.org\/{rel}","templated":true}]}}