
{"id":1978,"date":"2026-02-27T02:04:45","date_gmt":"2026-02-27T02:04:45","guid":{"rendered":"https:\/\/easyliferobo.com\/de\/product\/vatos-ferngesteuerter-roboterhund-kinder-mit-2-batterien-programmierbarer-roboterhund-mit-17-interaktiven-funktionen-singender-tanzender-laufender-roboterhund-spielzeug-geschenk-fuer-maedchen-vo\/"},"modified":"2026-02-27T02:05:03","modified_gmt":"2026-02-27T02:05:03","slug":"vatos-ferngesteuerter-roboterhund-kinder-mit-2-batterien-programmierbarer-roboterhund-mit-17-interaktiven-funktionen-singender-tanzender-laufender-roboterhund-spielzeug-geschenk-fuer-maedchen-vo","status":"publish","type":"product","link":"https:\/\/easyliferobo.com\/de\/product\/vatos-ferngesteuerter-roboterhund-kinder-mit-2-batterien-programmierbarer-roboterhund-mit-17-interaktiven-funktionen-singender-tanzender-laufender-roboterhund-spielzeug-geschenk-fuer-maedchen-vo\/","title":{"rendered":"VATOS Ferngesteuerter Roboterhund K..."},"content":{"rendered":"<p>\n                                             Von der Marke   <\/p>\n<p>                                              <img decoding=\"async\" alt=\"Frohe Weihnachten an die ganze Familie!\" src=\"https:\/\/images-na.ssl-images-amazon.com\/images\/G\/01\/x-locale\/common\/grey-pixel.gif\" class=\"a-lazy-loaded\" data-src=\"https:\/\/m.media-amazon.com\/images\/S\/aplus-media-library-service-media\/8adacc2d-1be8-463c-ba42-c810dc33e939.__CR0,0,1464,625_PT0_SX1464_V1___.jpg\"><img decoding=\"async\" alt=\"Frohe Weihnachten an die ganze Familie!\" src=\"https:\/\/m.media-amazon.com\/images\/S\/aplus-media-library-service-media\/8adacc2d-1be8-463c-ba42-c810dc33e939.__CR0,0,1464,625_PT0_SX1464_V1___.jpg\">  <\/p>\n<p>                                              <img decoding=\"async\" alt=\"\" src=\"https:\/\/images-na.ssl-images-amazon.com\/images\/G\/01\/x-locale\/common\/grey-pixel.gif\" class=\"a-lazy-loaded\" data-src=\"https:\/\/m.media-amazon.com\/images\/S\/aplus-media-library-service-media\/c84a37ce-5b16-45d9-8ffb-7d11928be2d7.__CR0,0,315,145_PT0_SX315_V1___.png\"><img decoding=\"async\" alt=\"\" src=\"https:\/\/m.media-amazon.com\/images\/S\/aplus-media-library-service-media\/c84a37ce-5b16-45d9-8ffb-7d11928be2d7.__CR0,0,315,145_PT0_SX315_V1___.png\">  <\/p>\n<h3>  \u00dcBER UNS <\/h3>\n<p>  VATOS wurde von James Lee gegr\u00fcndet, der sich zun\u00e4chst darauf konzentrierte, eine sichere, unterhaltsame Wachstumsumgebung f\u00fcr seine Tochter zu schaffen. Er war der Meinung, dass ein gutes Spielzeug nicht nur ein Freund f\u00fcr Kinder ist, sondern auch ein Lehrer, der ihnen hilft, ihre Neugierde f\u00fcr die Welt zu entwickeln. VATOS hat eine Reihe von Spielzeugen exklusiv f\u00fcr Kinder im Alter von 3 Monaten bis 14 Jahren auf den Markt gebracht. <\/p>\n<h3>  Lichtschwertspielzeug <\/h3>\n<p class=\"apm-brand-story-stores-link\">\n<h3>  W\u00e4hlen Sie Ihren Lasertag <\/h3>\n<p class=\"apm-brand-story-stores-link\">\n<h3>  Fernbedienungshubschrauber <\/h3>\n<h3>  Shop Roboter Hund <\/h3>\n<p class=\"apm-brand-story-stores-link\">\n<h3>  Shop Roboter Hund <\/h3>\n<p class=\"apm-brand-story-stores-link\">\n<h3>  W\u00e4hlen Sie Ihr Babyspielzeug <\/h3>\n<p class=\"apm-brand-story-stores-link\">\n<h3>  W\u00e4hlen Sie Ihren Lasertag <\/h3>\n<p class=\"apm-brand-story-stores-link\">\n<h3>  Geschenk f\u00fcr Kinder <\/h3>\n<p class=\"apm-brand-story-stores-link\">\n<h3>  Sport-Outdoor-Spielzeug <\/h3>\n<p class=\"apm-brand-story-stores-link\">\n<p>                                              <img decoding=\"async\" alt=\"\" src=\"https:\/\/images-na.ssl-images-amazon.com\/images\/G\/01\/x-locale\/common\/grey-pixel.gif\" class=\"a-lazy-loaded\" data-src=\"https:\/\/m.media-amazon.com\/images\/S\/aplus-media-library-service-media\/559f93d4-98bc-4fa0-a3b2-30367664f41a.__CR121,0,959,1200_PT0_SX362_V1___.jpg\"><img decoding=\"async\" alt=\"\" src=\"https:\/\/m.media-amazon.com\/images\/S\/aplus-media-library-service-media\/559f93d4-98bc-4fa0-a3b2-30367664f41a.__CR121,0,959,1200_PT0_SX362_V1___.jpg\">  <\/p>\n<h3>  Intelligentes Schie\u00dfziel-Set <\/h3>\n<p>Auff\u00e4lliges metallisch-rosa Erscheinungsbild: Dieser Roboterhund nutzt fortschrittliche Laserspray-Technologie, um ein einzigartiges und schillerndes rosa Erscheinungsbild zu erzeugen. Der metallisch-rosa K\u00f6rper ist nicht nur verschlei\u00dffest und langlebig, sondern spiegelt auch bei unterschiedlichen Lichtverh\u00e4ltnissen einen einzigartigen Glanz wider und erzeugt so einen wundersch\u00f6nen visuellen Effekt, der ihn zu einem Spielgef\u00e4hrten macht, den Kinder nicht mehr aus der Hand legen k\u00f6nnen<br \/>2 wiederaufladbare Akkus mit gro\u00dfer Kapazit\u00e4t: Damit Kinder l\u00e4nger Spa\u00df haben, ist der Roboterhund von VATOS speziell mit zwei Akkus ausgestattet. Wenn ein Akku fast leer ist, ersetzen Sie ihn einfach durch einen voll aufgeladenen und der Roboterhund erwacht wieder zum Leben. Dieses Design erm\u00f6glicht es Kindern, die verschiedenen interessanten Funktionen des Roboterhundes zu erkunden, zu singen, zu tanzen oder Stunts auszuf\u00fchren, sodass Kinder l\u00e4nger Spa\u00df an der Interaktion haben<br \/>17 interaktive Funktionen: Dieser Roboterhund verf\u00fcgt \u00fcber 17 unterhaltsame Funktionen. Wenn Sie nach dem Einschalten keine Funktion ausw\u00e4hlen, f\u00fchrt es alle 5 Sekunden automatisch eine Reihe von Aktionen aus, wie z. B. Sitzen, Rollen, Liegest\u00fctzen und macht Hundeger\u00e4usche wie \u201eWau Wau\u201c, um Ihre Aufmerksamkeit zu erregen. Ber\u00fchren Sie sein Kinn, es l\u00f6st zuf\u00e4llige Aktionen und Ger\u00e4usche aus. Und es kann in den Folgemodus wechseln und mit Ihnen gehen. Genau wie ein echter Hund<br \/>100 programmierbare Aktionen: Mit diesem intelligenten, programmierbaren Roboterhund k\u00f6nnen Kinder dem Roboterhund durch benutzerdefinierte Befehle eine Reihe lebendiger und interessanter Aktionen befehlen, z. B. Vorw\u00e4rts, R\u00fcckw\u00e4rts, Rollen, Sitzen und Tanzen. Es k\u00f6nnen bis zu 100 Befehle aufgezeichnet werden. Es regt auf interaktive Weise die Kreativit\u00e4t der Kinder an und f\u00fchrt Kinder spielerisch an das Programmieren heran. Das macht das Programmieren interessant und intuitiv<br \/>Sch\u00f6nes und intelligentes perfektes Geschenk: M\u00f6chten Sie Ihren Kindern den Spa\u00df eines Haustieres bieten, ohne die Verantwortung eines echten Hundes? Dieser s\u00fc\u00dfe interaktive Roboterhund ist die perfekte Wahl! Einfach aufladen und endlosen Spa\u00df genie\u00dfen. Es eignet sich hervorragend als Geschenk f\u00fcr Geburtstage, Feiertage oder besondere Anl\u00e4sse f\u00fcr Kinder ab 3 Jahren. Kinder k\u00f6nnen den doppelten Spa\u00df an Technik und Kameradschaft genie\u00dfen und gleichzeitig Spa\u00df haben<\/p>\n<p>[ad_2]<\/p>\n","protected":false},"excerpt":{"rendered":"<p>Von der Marke \u00dcBER UNS VATOS wurde von James Lee gegr\u00fcndet, der sich zun\u00e4chst darauf konzentrierte, eine sichere, unterhaltsame Wachstumsumgebung f\u00fcr seine Tochter zu schaffen. Er war der Meinung, dass ein gutes Spielzeug nicht nur ein Freund f\u00fcr Kinder ist, sondern auch ein Lehrer, der ihnen hilft, ihre Neugierde f\u00fcr die Welt zu entwickeln. VATOS [&hellip;]<\/p>\n","protected":false},"featured_media":1979,"comment_status":"open","ping_status":"closed","template":"","meta":{"_aipt_faq_data":""},"store":[],"product_brand":[],"product_cat":[94],"product_tag":[370],"class_list":{"0":"post-1978","1":"product","2":"type-product","3":"status-publish","4":"has-post-thumbnail","6":"product_cat-roboter-haustiere","7":"product_tag-lernfaehige-roboter-haustiere-kaufen","9":"first","10":"instock","11":"shipping-taxable","12":"product-type-external"},"yoast_head":"<!-- This site is optimized with the Yoast SEO plugin v27.0 - https:\/\/yoast.com\/product\/yoast-seo-wordpress\/ -->\n<title>VATOS Ferngesteuerter Roboterhund Kinder mit 2 Batterien, programmierbarer Roboterhund mit 17 interaktiven Funktionen, singender, tanzender, laufender Roboterhund, Spielzeug, Geschenk f\u00fcr M\u00e4dchen von 3\u201312 Jahren - EasyLifeBro<\/title>\n<meta name=\"description\" content=\"Entdecken Sie smarte Roboter f\u00fcr Zuhause, Garten, Bildung und Sicherheit. Vergleichen Sie Saugroboter, Rasenm\u00e4hroboter, KI-Begleitroboter und mehr bei EasyLifeRobo.\" \/>\n<meta name=\"robots\" content=\"index, follow, max-snippet:-1, max-image-preview:large, max-video-preview:-1\" \/>\n<link rel=\"canonical\" href=\"https:\/\/easyliferobo.com\/de\/product\/vatos-ferngesteuerter-roboterhund-kinder-mit-2-batterien-programmierbarer-roboterhund-mit-17-interaktiven-funktionen-singender-tanzender-laufender-roboterhund-spielzeug-geschenk-fuer-maedchen-vo\/\" \/>\n<meta property=\"og:locale\" content=\"de_DE\" \/>\n<meta property=\"og:type\" content=\"article\" \/>\n<meta property=\"og:title\" content=\"VATOS Ferngesteuerter Roboterhund Kinder mit 2 Batterien, programmierbarer Roboterhund mit 17 interaktiven Funktionen, singender, tanzender, laufender Roboterhund, Spielzeug, Geschenk f\u00fcr M\u00e4dchen von 3\u201312 Jahren - EasyLifeBro\" \/>\n<meta property=\"og:description\" content=\"Entdecken Sie smarte Roboter f\u00fcr Zuhause, Garten, Bildung und Sicherheit. Vergleichen Sie Saugroboter, Rasenm\u00e4hroboter, KI-Begleitroboter und mehr bei EasyLifeRobo.\" \/>\n<meta property=\"og:url\" content=\"https:\/\/easyliferobo.com\/de\/product\/vatos-ferngesteuerter-roboterhund-kinder-mit-2-batterien-programmierbarer-roboterhund-mit-17-interaktiven-funktionen-singender-tanzender-laufender-roboterhund-spielzeug-geschenk-fuer-maedchen-vo\/\" \/>\n<meta property=\"og:site_name\" content=\"EasyLifeBro\" \/>\n<meta property=\"article:modified_time\" content=\"2026-02-27T02:05:03+00:00\" \/>\n<meta property=\"og:image\" content=\"https:\/\/images-na.ssl-images-amazon.com\/images\/G\/01\/x-locale\/common\/grey-pixel.gif\" \/>\n<meta name=\"twitter:card\" content=\"summary_large_image\" \/>\n<meta name=\"twitter:label1\" content=\"Gesch\u00e4tzte Lesezeit\" \/>\n\t<meta name=\"twitter:data1\" content=\"2\u00a0Minuten\" \/>\n<script type=\"application\/ld+json\" class=\"yoast-schema-graph\">{\"@context\":\"https:\/\/schema.org\",\"@graph\":[{\"@type\":\"WebPage\",\"@id\":\"https:\/\/easyliferobo.com\/de\/product\/vatos-ferngesteuerter-roboterhund-kinder-mit-2-batterien-programmierbarer-roboterhund-mit-17-interaktiven-funktionen-singender-tanzender-laufender-roboterhund-spielzeug-geschenk-fuer-maedchen-vo\/\",\"url\":\"https:\/\/easyliferobo.com\/de\/product\/vatos-ferngesteuerter-roboterhund-kinder-mit-2-batterien-programmierbarer-roboterhund-mit-17-interaktiven-funktionen-singender-tanzender-laufender-roboterhund-spielzeug-geschenk-fuer-maedchen-vo\/\",\"name\":\"VATOS Ferngesteuerter Roboterhund Kinder mit 2 Batterien, programmierbarer Roboterhund mit 17 interaktiven Funktionen, singender, tanzender, laufender Roboterhund, Spielzeug, Geschenk f\u00fcr M\u00e4dchen von 3\u201312 Jahren - EasyLifeBro\",\"isPartOf\":{\"@id\":\"https:\/\/easyliferobo.com\/de\/#website\"},\"primaryImageOfPage\":{\"@id\":\"https:\/\/easyliferobo.com\/de\/product\/vatos-ferngesteuerter-roboterhund-kinder-mit-2-batterien-programmierbarer-roboterhund-mit-17-interaktiven-funktionen-singender-tanzender-laufender-roboterhund-spielzeug-geschenk-fuer-maedchen-vo\/#primaryimage\"},\"image\":{\"@id\":\"https:\/\/easyliferobo.com\/de\/product\/vatos-ferngesteuerter-roboterhund-kinder-mit-2-batterien-programmierbarer-roboterhund-mit-17-interaktiven-funktionen-singender-tanzender-laufender-roboterhund-spielzeug-geschenk-fuer-maedchen-vo\/#primaryimage\"},\"thumbnailUrl\":\"https:\/\/easyliferobo.com\/de\/wp-content\/uploads\/2026\/02\/61-R89vuRL._AC_SL1200_.jpg\",\"datePublished\":\"2026-02-27T02:04:45+00:00\",\"dateModified\":\"2026-02-27T02:05:03+00:00\",\"description\":\"Entdecken Sie smarte Roboter f\u00fcr Zuhause, Garten, Bildung und Sicherheit. Vergleichen Sie Saugroboter, Rasenm\u00e4hroboter, KI-Begleitroboter und mehr bei EasyLifeRobo.\",\"breadcrumb\":{\"@id\":\"https:\/\/easyliferobo.com\/de\/product\/vatos-ferngesteuerter-roboterhund-kinder-mit-2-batterien-programmierbarer-roboterhund-mit-17-interaktiven-funktionen-singender-tanzender-laufender-roboterhund-spielzeug-geschenk-fuer-maedchen-vo\/#breadcrumb\"},\"inLanguage\":\"de\",\"potentialAction\":[{\"@type\":\"ReadAction\",\"target\":[\"https:\/\/easyliferobo.com\/de\/product\/vatos-ferngesteuerter-roboterhund-kinder-mit-2-batterien-programmierbarer-roboterhund-mit-17-interaktiven-funktionen-singender-tanzender-laufender-roboterhund-spielzeug-geschenk-fuer-maedchen-vo\/\"]}]},{\"@type\":\"ImageObject\",\"inLanguage\":\"de\",\"@id\":\"https:\/\/easyliferobo.com\/de\/product\/vatos-ferngesteuerter-roboterhund-kinder-mit-2-batterien-programmierbarer-roboterhund-mit-17-interaktiven-funktionen-singender-tanzender-laufender-roboterhund-spielzeug-geschenk-fuer-maedchen-vo\/#primaryimage\",\"url\":\"https:\/\/easyliferobo.com\/de\/wp-content\/uploads\/2026\/02\/61-R89vuRL._AC_SL1200_.jpg\",\"contentUrl\":\"https:\/\/easyliferobo.com\/de\/wp-content\/uploads\/2026\/02\/61-R89vuRL._AC_SL1200_.jpg\",\"width\":967,\"height\":1188},{\"@type\":\"BreadcrumbList\",\"@id\":\"https:\/\/easyliferobo.com\/de\/product\/vatos-ferngesteuerter-roboterhund-kinder-mit-2-batterien-programmierbarer-roboterhund-mit-17-interaktiven-funktionen-singender-tanzender-laufender-roboterhund-spielzeug-geschenk-fuer-maedchen-vo\/#breadcrumb\",\"itemListElement\":[{\"@type\":\"ListItem\",\"position\":1,\"name\":\"Home\",\"item\":\"https:\/\/easyliferobo.com\/de\/\"},{\"@type\":\"ListItem\",\"position\":2,\"name\":\"Shop\",\"item\":\"https:\/\/easyliferobo.com\/de\/shop\/\"},{\"@type\":\"ListItem\",\"position\":3,\"name\":\"VATOS Ferngesteuerter Roboterhund K...\"}]},{\"@type\":\"WebSite\",\"@id\":\"https:\/\/easyliferobo.com\/de\/#website\",\"url\":\"https:\/\/easyliferobo.com\/de\/\",\"name\":\"EasyLifeBro\",\"description\":\"Smarte Roboter f\u00fcr Zuhause, Garten &amp; Bildung\",\"publisher\":{\"@id\":\"https:\/\/easyliferobo.com\/de\/#organization\"},\"potentialAction\":[{\"@type\":\"SearchAction\",\"target\":{\"@type\":\"EntryPoint\",\"urlTemplate\":\"https:\/\/easyliferobo.com\/de\/?s={search_term_string}\"},\"query-input\":{\"@type\":\"PropertyValueSpecification\",\"valueRequired\":true,\"valueName\":\"search_term_string\"}}],\"inLanguage\":\"de\"},{\"@type\":\"Organization\",\"@id\":\"https:\/\/easyliferobo.com\/de\/#organization\",\"name\":\"EasyLifeBro\",\"url\":\"https:\/\/easyliferobo.com\/de\/\",\"logo\":{\"@type\":\"ImageObject\",\"inLanguage\":\"de\",\"@id\":\"https:\/\/easyliferobo.com\/de\/#\/schema\/logo\/image\/\",\"url\":\"https:\/\/easyliferobo.com\/de\/wp-content\/uploads\/2026\/02\/Screenshot-2026-02-22-at-2.25.03-PM.png\",\"contentUrl\":\"https:\/\/easyliferobo.com\/de\/wp-content\/uploads\/2026\/02\/Screenshot-2026-02-22-at-2.25.03-PM.png\",\"width\":1858,\"height\":430,\"caption\":\"EasyLifeBro\"},\"image\":{\"@id\":\"https:\/\/easyliferobo.com\/de\/#\/schema\/logo\/image\/\"}}]}<\/script>\n<!-- \/ Yoast SEO plugin. -->","yoast_head_json":{"title":"VATOS Ferngesteuerter Roboterhund Kinder mit 2 Batterien, programmierbarer Roboterhund mit 17 interaktiven Funktionen, singender, tanzender, laufender Roboterhund, Spielzeug, Geschenk f\u00fcr M\u00e4dchen von 3\u201312 Jahren - EasyLifeBro","description":"Entdecken Sie smarte Roboter f\u00fcr Zuhause, Garten, Bildung und Sicherheit. Vergleichen Sie Saugroboter, Rasenm\u00e4hroboter, KI-Begleitroboter und mehr bei EasyLifeRobo.","robots":{"index":"index","follow":"follow","max-snippet":"max-snippet:-1","max-image-preview":"max-image-preview:large","max-video-preview":"max-video-preview:-1"},"canonical":"https:\/\/easyliferobo.com\/de\/product\/vatos-ferngesteuerter-roboterhund-kinder-mit-2-batterien-programmierbarer-roboterhund-mit-17-interaktiven-funktionen-singender-tanzender-laufender-roboterhund-spielzeug-geschenk-fuer-maedchen-vo\/","og_locale":"de_DE","og_type":"article","og_title":"VATOS Ferngesteuerter Roboterhund Kinder mit 2 Batterien, programmierbarer Roboterhund mit 17 interaktiven Funktionen, singender, tanzender, laufender Roboterhund, Spielzeug, Geschenk f\u00fcr M\u00e4dchen von 3\u201312 Jahren - EasyLifeBro","og_description":"Entdecken Sie smarte Roboter f\u00fcr Zuhause, Garten, Bildung und Sicherheit. Vergleichen Sie Saugroboter, Rasenm\u00e4hroboter, KI-Begleitroboter und mehr bei EasyLifeRobo.","og_url":"https:\/\/easyliferobo.com\/de\/product\/vatos-ferngesteuerter-roboterhund-kinder-mit-2-batterien-programmierbarer-roboterhund-mit-17-interaktiven-funktionen-singender-tanzender-laufender-roboterhund-spielzeug-geschenk-fuer-maedchen-vo\/","og_site_name":"EasyLifeBro","article_modified_time":"2026-02-27T02:05:03+00:00","og_image":[{"url":"https:\/\/images-na.ssl-images-amazon.com\/images\/G\/01\/x-locale\/common\/grey-pixel.gif","type":"","width":"","height":""}],"twitter_card":"summary_large_image","twitter_misc":{"Gesch\u00e4tzte Lesezeit":"2\u00a0Minuten"},"schema":{"@context":"https:\/\/schema.org","@graph":[{"@type":"WebPage","@id":"https:\/\/easyliferobo.com\/de\/product\/vatos-ferngesteuerter-roboterhund-kinder-mit-2-batterien-programmierbarer-roboterhund-mit-17-interaktiven-funktionen-singender-tanzender-laufender-roboterhund-spielzeug-geschenk-fuer-maedchen-vo\/","url":"https:\/\/easyliferobo.com\/de\/product\/vatos-ferngesteuerter-roboterhund-kinder-mit-2-batterien-programmierbarer-roboterhund-mit-17-interaktiven-funktionen-singender-tanzender-laufender-roboterhund-spielzeug-geschenk-fuer-maedchen-vo\/","name":"VATOS Ferngesteuerter Roboterhund Kinder mit 2 Batterien, programmierbarer Roboterhund mit 17 interaktiven Funktionen, singender, tanzender, laufender Roboterhund, Spielzeug, Geschenk f\u00fcr M\u00e4dchen von 3\u201312 Jahren - EasyLifeBro","isPartOf":{"@id":"https:\/\/easyliferobo.com\/de\/#website"},"primaryImageOfPage":{"@id":"https:\/\/easyliferobo.com\/de\/product\/vatos-ferngesteuerter-roboterhund-kinder-mit-2-batterien-programmierbarer-roboterhund-mit-17-interaktiven-funktionen-singender-tanzender-laufender-roboterhund-spielzeug-geschenk-fuer-maedchen-vo\/#primaryimage"},"image":{"@id":"https:\/\/easyliferobo.com\/de\/product\/vatos-ferngesteuerter-roboterhund-kinder-mit-2-batterien-programmierbarer-roboterhund-mit-17-interaktiven-funktionen-singender-tanzender-laufender-roboterhund-spielzeug-geschenk-fuer-maedchen-vo\/#primaryimage"},"thumbnailUrl":"https:\/\/easyliferobo.com\/de\/wp-content\/uploads\/2026\/02\/61-R89vuRL._AC_SL1200_.jpg","datePublished":"2026-02-27T02:04:45+00:00","dateModified":"2026-02-27T02:05:03+00:00","description":"Entdecken Sie smarte Roboter f\u00fcr Zuhause, Garten, Bildung und Sicherheit. Vergleichen Sie Saugroboter, Rasenm\u00e4hroboter, KI-Begleitroboter und mehr bei EasyLifeRobo.","breadcrumb":{"@id":"https:\/\/easyliferobo.com\/de\/product\/vatos-ferngesteuerter-roboterhund-kinder-mit-2-batterien-programmierbarer-roboterhund-mit-17-interaktiven-funktionen-singender-tanzender-laufender-roboterhund-spielzeug-geschenk-fuer-maedchen-vo\/#breadcrumb"},"inLanguage":"de","potentialAction":[{"@type":"ReadAction","target":["https:\/\/easyliferobo.com\/de\/product\/vatos-ferngesteuerter-roboterhund-kinder-mit-2-batterien-programmierbarer-roboterhund-mit-17-interaktiven-funktionen-singender-tanzender-laufender-roboterhund-spielzeug-geschenk-fuer-maedchen-vo\/"]}]},{"@type":"ImageObject","inLanguage":"de","@id":"https:\/\/easyliferobo.com\/de\/product\/vatos-ferngesteuerter-roboterhund-kinder-mit-2-batterien-programmierbarer-roboterhund-mit-17-interaktiven-funktionen-singender-tanzender-laufender-roboterhund-spielzeug-geschenk-fuer-maedchen-vo\/#primaryimage","url":"https:\/\/easyliferobo.com\/de\/wp-content\/uploads\/2026\/02\/61-R89vuRL._AC_SL1200_.jpg","contentUrl":"https:\/\/easyliferobo.com\/de\/wp-content\/uploads\/2026\/02\/61-R89vuRL._AC_SL1200_.jpg","width":967,"height":1188},{"@type":"BreadcrumbList","@id":"https:\/\/easyliferobo.com\/de\/product\/vatos-ferngesteuerter-roboterhund-kinder-mit-2-batterien-programmierbarer-roboterhund-mit-17-interaktiven-funktionen-singender-tanzender-laufender-roboterhund-spielzeug-geschenk-fuer-maedchen-vo\/#breadcrumb","itemListElement":[{"@type":"ListItem","position":1,"name":"Home","item":"https:\/\/easyliferobo.com\/de\/"},{"@type":"ListItem","position":2,"name":"Shop","item":"https:\/\/easyliferobo.com\/de\/shop\/"},{"@type":"ListItem","position":3,"name":"VATOS Ferngesteuerter Roboterhund K..."}]},{"@type":"WebSite","@id":"https:\/\/easyliferobo.com\/de\/#website","url":"https:\/\/easyliferobo.com\/de\/","name":"EasyLifeBro","description":"Smarte Roboter f\u00fcr Zuhause, Garten &amp; Bildung","publisher":{"@id":"https:\/\/easyliferobo.com\/de\/#organization"},"potentialAction":[{"@type":"SearchAction","target":{"@type":"EntryPoint","urlTemplate":"https:\/\/easyliferobo.com\/de\/?s={search_term_string}"},"query-input":{"@type":"PropertyValueSpecification","valueRequired":true,"valueName":"search_term_string"}}],"inLanguage":"de"},{"@type":"Organization","@id":"https:\/\/easyliferobo.com\/de\/#organization","name":"EasyLifeBro","url":"https:\/\/easyliferobo.com\/de\/","logo":{"@type":"ImageObject","inLanguage":"de","@id":"https:\/\/easyliferobo.com\/de\/#\/schema\/logo\/image\/","url":"https:\/\/easyliferobo.com\/de\/wp-content\/uploads\/2026\/02\/Screenshot-2026-02-22-at-2.25.03-PM.png","contentUrl":"https:\/\/easyliferobo.com\/de\/wp-content\/uploads\/2026\/02\/Screenshot-2026-02-22-at-2.25.03-PM.png","width":1858,"height":430,"caption":"EasyLifeBro"},"image":{"@id":"https:\/\/easyliferobo.com\/de\/#\/schema\/logo\/image\/"}}]}},"_links":{"self":[{"href":"https:\/\/easyliferobo.com\/de\/wp-json\/wp\/v2\/product\/1978","targetHints":{"allow":["GET"]}}],"collection":[{"href":"https:\/\/easyliferobo.com\/de\/wp-json\/wp\/v2\/product"}],"about":[{"href":"https:\/\/easyliferobo.com\/de\/wp-json\/wp\/v2\/types\/product"}],"replies":[{"embeddable":true,"href":"https:\/\/easyliferobo.com\/de\/wp-json\/wp\/v2\/comments?post=1978"}],"wp:featuredmedia":[{"embeddable":true,"href":"https:\/\/easyliferobo.com\/de\/wp-json\/wp\/v2\/media\/1979"}],"wp:attachment":[{"href":"https:\/\/easyliferobo.com\/de\/wp-json\/wp\/v2\/media?parent=1978"}],"wp:term":[{"taxonomy":"store","embeddable":true,"href":"https:\/\/easyliferobo.com\/de\/wp-json\/wp\/v2\/store?post=1978"},{"taxonomy":"product_brand","embeddable":true,"href":"https:\/\/easyliferobo.com\/de\/wp-json\/wp\/v2\/product_brand?post=1978"},{"taxonomy":"product_cat","embeddable":true,"href":"https:\/\/easyliferobo.com\/de\/wp-json\/wp\/v2\/product_cat?post=1978"},{"taxonomy":"product_tag","embeddable":true,"href":"https:\/\/easyliferobo.com\/de\/wp-json\/wp\/v2\/product_tag?post=1978"}],"curies":[{"name":"wp","href":"https:\/\/api.w.org\/{rel}","templated":true}]}}