
{"id":1968,"date":"2026-02-27T02:03:19","date_gmt":"2026-02-27T02:03:19","guid":{"rendered":"https:\/\/easyliferobo.com\/de\/product\/sprachgesteuerter-intelligenter-roboter-roboterspielzeug-fuer-kinder-intelligente-sprechende-interaktive-roboter-roboterspielzeuge-lernspielzeug-niedlicher-sprachsteuerungs-kinderroboter\/"},"modified":"2026-02-27T02:03:40","modified_gmt":"2026-02-27T02:03:40","slug":"sprachgesteuerter-intelligenter-roboter-roboterspielzeug-fuer-kinder-intelligente-sprechende-interaktive-roboter-roboterspielzeuge-lernspielzeug-niedlicher-sprachsteuerungs-kinderroboter","status":"publish","type":"product","link":"https:\/\/easyliferobo.com\/de\/product\/sprachgesteuerter-intelligenter-roboter-roboterspielzeug-fuer-kinder-intelligente-sprechende-interaktive-roboter-roboterspielzeuge-lernspielzeug-niedlicher-sprachsteuerungs-kinderroboter\/","title":{"rendered":"Sprachgesteuerter intelligenter Rob..."},"content":{"rendered":"<p>\n                                             Produktbeschreibung   <\/p>\n<p>                                                      <img decoding=\"async\" alt=\"Intelligenter sprechender Roboter f\u00fcr Kinder, intelligenter Roboter mit Sprachsteuerung\" src=\"https:\/\/images-na.ssl-images-amazon.com\/images\/G\/01\/x-locale\/common\/grey-pixel.gif\" class=\"a-spacing-mini a-lazy-loaded\" data-src=\"https:\/\/m.media-amazon.com\/images\/S\/aplus-media-library-service-media\/22f7db52-25e9-4a0b-b837-bce26725fdd7.__CR0,0,1600,1600_PT0_SX300_V1___.jpg\"><img decoding=\"async\" alt=\"Intelligenter sprechender Roboter f\u00fcr Kinder, intelligenter Roboter mit Sprachsteuerung\" src=\"https:\/\/m.media-amazon.com\/images\/S\/aplus-media-library-service-media\/22f7db52-25e9-4a0b-b837-bce26725fdd7.__CR0,0,1600,1600_PT0_SX300_V1___.jpg\">  <\/p>\n<h3 class=\"a-spacing-mini\">  Intelligenter sprechender Roboter f\u00fcr Kinder, intelligenter Roboter mit Sprachsteuerung <\/h3>\n<p>                                           Ber\u00fchrungssensor                                     <\/p>\n<p class=\"a-spacing-base\"> Dieses vielseitige Roboterspielzeug f\u00fcr Kinder regt zum Entdecken und zum unterhaltsamen Lernen an. Mit Ber\u00fchrungssensor und Sprachsteuerungstechnologie singt, tanzt und wiederholt es S\u00e4tze. Ein idealer interaktiver Bildungspartner f\u00fcr Kinder <\/p>\n<p>                                           Reichhaltige Dynamik                                     <\/p>\n<p class=\"a-spacing-base\"> Unsere Roboterspielzeuge f\u00fcr Kinder zeichnen sich durch ein einzigartiges und unwiderstehliches Aussehen aus, das die Aufmerksamkeit jedes Kindes auf sich zieht. Mit ihrer kleinen und niedlichen Form werden diese Spielzeuge Ihre Kinder mit Sicherheit verzaubern und f\u00fcr stundenlangen, intensiven Spielspa\u00df sorgen <\/p>\n<p>                                                         Spezifikationen Produktname: Intelligenter sprechender Roboter f\u00fcr Kinder Produktmaterial: ABS Produktgr\u00f6\u00dfe: ca. 11 x 10 x 11,5 cm Energie: 3 AA-Batterien (nicht im Lieferumfang enthalten) Eigenschaften: Singen, Tanzen, Sprachsteuerung       <\/p>\n<p> Dieses Spielzeug kann singen, tanzen und wiederholen und verf\u00fcgt au\u00dferdem \u00fcber Ber\u00fchrungserkennung, Sprachsteuerung und manuelle Tasten. Seine kleine und niedliche Form besteht aus robusten und sicheren Materialien und ist perfekt, um die Neugier und den Wunsch Ihres Kindes zu stillen, technisches Spielzeug zu erkunden. <\/p>\n<p>  Produktspezifikationen: <\/p>\n<p>  Produktname: Intelligenter sprechender Roboter f\u00fcr Kinder <\/p>\n<p>  Produktmaterial: ABS <\/p>\n<p>  Produktgr\u00f6\u00dfe: ca. 11 x 10 x 11,5 cm <\/p>\n<p>  Energie: 3 AA-Batterien (nicht im Lieferumfang enthalten) <\/p>\n<p>  Features: Singen, Tanzen, Sprachsteuerung <\/p>\n<p>  Funktionen: <\/p>\n<p>  1. Spielmodus: Spieler k\u00f6nnen eine Tierkarte ausw\u00e4hlen und in ihren H\u00e4nden halten. Der Roboter wird Ihnen einige Fragen stellen. Solange Sie wahrheitsgem\u00e4\u00df antworten, kann der Roboter wissen, welches Tier Sie halten. Der Roboter gibt Ihnen mit entsprechenden Aktionen und Ausdr\u00fccken R\u00fcckmeldung, ob Sie richtig oder falsch antworten; <\/p>\n<p>  2. Ber\u00fchrungserkennungsmodus: Der Roboter verf\u00fcgt \u00fcber drei Ber\u00fchrungspunkte, n\u00e4mlich vorne sowie links und rechts oben am Kopf; Durch leichtes Ber\u00fchren der linken und rechten Ber\u00fchrungspunkte kann der Roboter so gesteuert werden, dass er sich vorw\u00e4rts und r\u00fcckw\u00e4rts bewegt sowie nach links und rechts dreht. Durch langes Dr\u00fccken kann die Lautst\u00e4rke angepasst werden. Durch leichtes Ber\u00fchren des vorderen Ber\u00fchrungspunkts des Roboters werden verschiedene Aktionen ausgef\u00fchrt und unterschiedliche Ger\u00e4usche erzeugt. <\/p>\n<p>  3. Sprachwiederholungsmodus: Dr\u00fccken Sie lange auf den vorderen Ber\u00fchrungspunkt oben auf dem Kopf des Roboters, um in den Sprachwiederholungsmodus zu gelangen, und der Roboter wiederholt jeden Satz, den Sie sagen. <\/p>\n<p>  Packliste: <\/p>\n<p>  1 x intelligenter sprechender Roboter f\u00fcr Kinder <\/p>\n<p>  Hinweis: <\/p>\n<p>  Aufgrund unterschiedlicher Beleuchtungs- und Bildschirmeinstellungen kann die Farbe des Artikels geringf\u00fcgig vom Bild abweichen. <\/p>\n<p>Multifunktionale Nutzung: Mit modernstem Ber\u00fchrungssensor und Multifunktionsfunktionen bietet dieses Roboterspielzeug f\u00fcr Kinder mehr Stunden voller Erkundungs- und Lernspa\u00df. Sprachgesteuert und kann singen, tanzen und wiederholen \u2013 ein idealer interaktiver Lernpartner f\u00fcr Kinder<br \/>Attraktives Aussehen: Die anspruchsvolle Dynamik und die niedlichen Charaktere unserer Roboterspielzeuge f\u00fcr Kinder sorgen f\u00fcr ein interessantes und fesselndes Spielerlebnis, das sich hervorragend f\u00fcr die Entwicklung und das Vergn\u00fcgen Ihres Kindes eignet<br \/>Einfache Vorgehensweise: Mit verschiedenen Bedienmethoden, einschlie\u00dflich Ber\u00fchrungserkennung, Sprachsteuerung und manuellen Tasten, bietet dieses Roboterspielzeug ein hervorragendes Spielerlebnis f\u00fcr Kinder ab 3 Jahren und bietet einfache Steuerung und maximale Spa\u00dfm\u00f6glichkeiten<br \/>Langlebige Qualit\u00e4t: Speziell f\u00fcr Kinder entwickelt, hergestellt aus hochwertigen Materialien und einer glatten Gummiabdeckung, wodurch dieses Roboterspielzeug f\u00fcr Kinder sturzsicher und widerstandsf\u00e4hig gegen raues Spielen ist. Sorgen Sie f\u00fcr optimale Leistung und Sicherheit f\u00fcr dauerhaften Spa\u00df<br \/>Durchdachte Geschenkauswahl: Stillen Sie den Entdeckungs- und Aufregungsdrang Ihres Kindes mit diesem Roboterspielzeug. Es eignet sich perfekt f\u00fcr Feiertage und Geburtstage und ist ein hervorragendes Geschenk f\u00fcr Kinder, das durch die Freude am Spielen die intellektuelle und emotionale Entwicklung f\u00f6rdert<\/p>\n<p>[ad_2]<\/p>\n","protected":false},"excerpt":{"rendered":"<p>Produktbeschreibung Intelligenter sprechender Roboter f\u00fcr Kinder, intelligenter Roboter mit Sprachsteuerung Ber\u00fchrungssensor Dieses vielseitige Roboterspielzeug f\u00fcr Kinder regt zum Entdecken und zum unterhaltsamen Lernen an. Mit Ber\u00fchrungssensor und Sprachsteuerungstechnologie singt, tanzt und wiederholt es S\u00e4tze. Ein idealer interaktiver Bildungspartner f\u00fcr Kinder Reichhaltige Dynamik Unsere Roboterspielzeuge f\u00fcr Kinder zeichnen sich durch ein einzigartiges und unwiderstehliches Aussehen aus, [&hellip;]<\/p>\n","protected":false},"featured_media":1969,"comment_status":"open","ping_status":"closed","template":"","meta":{"_aipt_faq_data":""},"store":[],"product_brand":[],"product_cat":[95],"product_tag":[369],"class_list":{"0":"post-1968","1":"product","2":"type-product","3":"status-publish","4":"has-post-thumbnail","6":"product_cat-sprachgesteuerte-roboter","7":"product_tag-sprachgesteuerte-roboter-interaktiv","9":"first","10":"instock","11":"shipping-taxable","12":"product-type-external"},"yoast_head":"<!-- This site is optimized with the Yoast SEO plugin v27.4 - https:\/\/yoast.com\/product\/yoast-seo-wordpress\/ -->\n<title>Sprachgesteuerter intelligenter Roboter, Roboterspielzeug f\u00fcr Kinder | Intelligente sprechende interaktive Roboter-Roboterspielzeuge, Lernspielzeug, niedlicher Sprachsteuerungs-Kinderroboter - EasyLifeBro<\/title>\n<meta name=\"description\" content=\"Entdecken Sie smarte Roboter f\u00fcr Zuhause, Garten, Bildung und Sicherheit. Vergleichen Sie Saugroboter, Rasenm\u00e4hroboter, KI-Begleitroboter und mehr bei EasyLifeRobo.\" \/>\n<meta name=\"robots\" content=\"index, follow, max-snippet:-1, max-image-preview:large, max-video-preview:-1\" \/>\n<link rel=\"canonical\" href=\"https:\/\/easyliferobo.com\/de\/product\/sprachgesteuerter-intelligenter-roboter-roboterspielzeug-fuer-kinder-intelligente-sprechende-interaktive-roboter-roboterspielzeuge-lernspielzeug-niedlicher-sprachsteuerungs-kinderroboter\/\" \/>\n<meta property=\"og:locale\" content=\"de_DE\" \/>\n<meta property=\"og:type\" content=\"article\" \/>\n<meta property=\"og:title\" content=\"Sprachgesteuerter intelligenter Roboter, Roboterspielzeug f\u00fcr Kinder | Intelligente sprechende interaktive Roboter-Roboterspielzeuge, Lernspielzeug, niedlicher Sprachsteuerungs-Kinderroboter - EasyLifeBro\" \/>\n<meta property=\"og:description\" content=\"Entdecken Sie smarte Roboter f\u00fcr Zuhause, Garten, Bildung und Sicherheit. Vergleichen Sie Saugroboter, Rasenm\u00e4hroboter, KI-Begleitroboter und mehr bei EasyLifeRobo.\" \/>\n<meta property=\"og:url\" content=\"https:\/\/easyliferobo.com\/de\/product\/sprachgesteuerter-intelligenter-roboter-roboterspielzeug-fuer-kinder-intelligente-sprechende-interaktive-roboter-roboterspielzeuge-lernspielzeug-niedlicher-sprachsteuerungs-kinderroboter\/\" \/>\n<meta property=\"og:site_name\" content=\"EasyLifeBro\" \/>\n<meta property=\"article:modified_time\" content=\"2026-02-27T02:03:40+00:00\" \/>\n<meta property=\"og:image\" content=\"https:\/\/images-na.ssl-images-amazon.com\/images\/G\/01\/x-locale\/common\/grey-pixel.gif\" \/>\n<meta name=\"twitter:card\" content=\"summary_large_image\" \/>\n<meta name=\"twitter:label1\" content=\"Gesch\u00e4tzte Lesezeit\" \/>\n\t<meta name=\"twitter:data1\" content=\"3\u00a0Minuten\" \/>\n<script type=\"application\/ld+json\" class=\"yoast-schema-graph\">{\"@context\":\"https:\\\/\\\/schema.org\",\"@graph\":[{\"@type\":\"WebPage\",\"@id\":\"https:\\\/\\\/easyliferobo.com\\\/de\\\/product\\\/sprachgesteuerter-intelligenter-roboter-roboterspielzeug-fuer-kinder-intelligente-sprechende-interaktive-roboter-roboterspielzeuge-lernspielzeug-niedlicher-sprachsteuerungs-kinderroboter\\\/\",\"url\":\"https:\\\/\\\/easyliferobo.com\\\/de\\\/product\\\/sprachgesteuerter-intelligenter-roboter-roboterspielzeug-fuer-kinder-intelligente-sprechende-interaktive-roboter-roboterspielzeuge-lernspielzeug-niedlicher-sprachsteuerungs-kinderroboter\\\/\",\"name\":\"Sprachgesteuerter intelligenter Roboter, Roboterspielzeug f\u00fcr Kinder | Intelligente sprechende interaktive Roboter-Roboterspielzeuge, Lernspielzeug, niedlicher Sprachsteuerungs-Kinderroboter - EasyLifeBro\",\"isPartOf\":{\"@id\":\"https:\\\/\\\/easyliferobo.com\\\/de\\\/#website\"},\"primaryImageOfPage\":{\"@id\":\"https:\\\/\\\/easyliferobo.com\\\/de\\\/product\\\/sprachgesteuerter-intelligenter-roboter-roboterspielzeug-fuer-kinder-intelligente-sprechende-interaktive-roboter-roboterspielzeuge-lernspielzeug-niedlicher-sprachsteuerungs-kinderroboter\\\/#primaryimage\"},\"image\":{\"@id\":\"https:\\\/\\\/easyliferobo.com\\\/de\\\/product\\\/sprachgesteuerter-intelligenter-roboter-roboterspielzeug-fuer-kinder-intelligente-sprechende-interaktive-roboter-roboterspielzeuge-lernspielzeug-niedlicher-sprachsteuerungs-kinderroboter\\\/#primaryimage\"},\"thumbnailUrl\":\"https:\\\/\\\/easyliferobo.com\\\/de\\\/wp-content\\\/uploads\\\/2026\\\/02\\\/61UnShscOXL._AC_SL1500_.jpg\",\"datePublished\":\"2026-02-27T02:03:19+00:00\",\"dateModified\":\"2026-02-27T02:03:40+00:00\",\"description\":\"Entdecken Sie smarte Roboter f\u00fcr Zuhause, Garten, Bildung und Sicherheit. Vergleichen Sie Saugroboter, Rasenm\u00e4hroboter, KI-Begleitroboter und mehr bei EasyLifeRobo.\",\"breadcrumb\":{\"@id\":\"https:\\\/\\\/easyliferobo.com\\\/de\\\/product\\\/sprachgesteuerter-intelligenter-roboter-roboterspielzeug-fuer-kinder-intelligente-sprechende-interaktive-roboter-roboterspielzeuge-lernspielzeug-niedlicher-sprachsteuerungs-kinderroboter\\\/#breadcrumb\"},\"inLanguage\":\"de\",\"potentialAction\":[{\"@type\":\"ReadAction\",\"target\":[\"https:\\\/\\\/easyliferobo.com\\\/de\\\/product\\\/sprachgesteuerter-intelligenter-roboter-roboterspielzeug-fuer-kinder-intelligente-sprechende-interaktive-roboter-roboterspielzeuge-lernspielzeug-niedlicher-sprachsteuerungs-kinderroboter\\\/\"]}]},{\"@type\":\"ImageObject\",\"inLanguage\":\"de\",\"@id\":\"https:\\\/\\\/easyliferobo.com\\\/de\\\/product\\\/sprachgesteuerter-intelligenter-roboter-roboterspielzeug-fuer-kinder-intelligente-sprechende-interaktive-roboter-roboterspielzeuge-lernspielzeug-niedlicher-sprachsteuerungs-kinderroboter\\\/#primaryimage\",\"url\":\"https:\\\/\\\/easyliferobo.com\\\/de\\\/wp-content\\\/uploads\\\/2026\\\/02\\\/61UnShscOXL._AC_SL1500_.jpg\",\"contentUrl\":\"https:\\\/\\\/easyliferobo.com\\\/de\\\/wp-content\\\/uploads\\\/2026\\\/02\\\/61UnShscOXL._AC_SL1500_.jpg\",\"width\":1365,\"height\":1467},{\"@type\":\"BreadcrumbList\",\"@id\":\"https:\\\/\\\/easyliferobo.com\\\/de\\\/product\\\/sprachgesteuerter-intelligenter-roboter-roboterspielzeug-fuer-kinder-intelligente-sprechende-interaktive-roboter-roboterspielzeuge-lernspielzeug-niedlicher-sprachsteuerungs-kinderroboter\\\/#breadcrumb\",\"itemListElement\":[{\"@type\":\"ListItem\",\"position\":1,\"name\":\"Home\",\"item\":\"https:\\\/\\\/easyliferobo.com\\\/de\\\/\"},{\"@type\":\"ListItem\",\"position\":2,\"name\":\"Shop\",\"item\":\"https:\\\/\\\/easyliferobo.com\\\/de\\\/shop\\\/\"},{\"@type\":\"ListItem\",\"position\":3,\"name\":\"Sprachgesteuerter intelligenter Rob...\"}]},{\"@type\":\"WebSite\",\"@id\":\"https:\\\/\\\/easyliferobo.com\\\/de\\\/#website\",\"url\":\"https:\\\/\\\/easyliferobo.com\\\/de\\\/\",\"name\":\"EasyLifeBro\",\"description\":\"Smarte Roboter f\u00fcr Zuhause, Garten &amp; Bildung\",\"publisher\":{\"@id\":\"https:\\\/\\\/easyliferobo.com\\\/de\\\/#organization\"},\"potentialAction\":[{\"@type\":\"SearchAction\",\"target\":{\"@type\":\"EntryPoint\",\"urlTemplate\":\"https:\\\/\\\/easyliferobo.com\\\/de\\\/?s={search_term_string}\"},\"query-input\":{\"@type\":\"PropertyValueSpecification\",\"valueRequired\":true,\"valueName\":\"search_term_string\"}}],\"inLanguage\":\"de\"},{\"@type\":\"Organization\",\"@id\":\"https:\\\/\\\/easyliferobo.com\\\/de\\\/#organization\",\"name\":\"EasyLifeBro\",\"url\":\"https:\\\/\\\/easyliferobo.com\\\/de\\\/\",\"logo\":{\"@type\":\"ImageObject\",\"inLanguage\":\"de\",\"@id\":\"https:\\\/\\\/easyliferobo.com\\\/de\\\/#\\\/schema\\\/logo\\\/image\\\/\",\"url\":\"https:\\\/\\\/easyliferobo.com\\\/de\\\/wp-content\\\/uploads\\\/2026\\\/02\\\/Screenshot-2026-02-22-at-2.25.03-PM.png\",\"contentUrl\":\"https:\\\/\\\/easyliferobo.com\\\/de\\\/wp-content\\\/uploads\\\/2026\\\/02\\\/Screenshot-2026-02-22-at-2.25.03-PM.png\",\"width\":1858,\"height\":430,\"caption\":\"EasyLifeBro\"},\"image\":{\"@id\":\"https:\\\/\\\/easyliferobo.com\\\/de\\\/#\\\/schema\\\/logo\\\/image\\\/\"}}]}<\/script>\n<!-- \/ Yoast SEO plugin. -->","yoast_head_json":{"title":"Sprachgesteuerter intelligenter Roboter, Roboterspielzeug f\u00fcr Kinder | Intelligente sprechende interaktive Roboter-Roboterspielzeuge, Lernspielzeug, niedlicher Sprachsteuerungs-Kinderroboter - EasyLifeBro","description":"Entdecken Sie smarte Roboter f\u00fcr Zuhause, Garten, Bildung und Sicherheit. Vergleichen Sie Saugroboter, Rasenm\u00e4hroboter, KI-Begleitroboter und mehr bei EasyLifeRobo.","robots":{"index":"index","follow":"follow","max-snippet":"max-snippet:-1","max-image-preview":"max-image-preview:large","max-video-preview":"max-video-preview:-1"},"canonical":"https:\/\/easyliferobo.com\/de\/product\/sprachgesteuerter-intelligenter-roboter-roboterspielzeug-fuer-kinder-intelligente-sprechende-interaktive-roboter-roboterspielzeuge-lernspielzeug-niedlicher-sprachsteuerungs-kinderroboter\/","og_locale":"de_DE","og_type":"article","og_title":"Sprachgesteuerter intelligenter Roboter, Roboterspielzeug f\u00fcr Kinder | Intelligente sprechende interaktive Roboter-Roboterspielzeuge, Lernspielzeug, niedlicher Sprachsteuerungs-Kinderroboter - EasyLifeBro","og_description":"Entdecken Sie smarte Roboter f\u00fcr Zuhause, Garten, Bildung und Sicherheit. Vergleichen Sie Saugroboter, Rasenm\u00e4hroboter, KI-Begleitroboter und mehr bei EasyLifeRobo.","og_url":"https:\/\/easyliferobo.com\/de\/product\/sprachgesteuerter-intelligenter-roboter-roboterspielzeug-fuer-kinder-intelligente-sprechende-interaktive-roboter-roboterspielzeuge-lernspielzeug-niedlicher-sprachsteuerungs-kinderroboter\/","og_site_name":"EasyLifeBro","article_modified_time":"2026-02-27T02:03:40+00:00","og_image":[{"url":"https:\/\/images-na.ssl-images-amazon.com\/images\/G\/01\/x-locale\/common\/grey-pixel.gif","type":"","width":"","height":""}],"twitter_card":"summary_large_image","twitter_misc":{"Gesch\u00e4tzte Lesezeit":"3\u00a0Minuten"},"schema":{"@context":"https:\/\/schema.org","@graph":[{"@type":"WebPage","@id":"https:\/\/easyliferobo.com\/de\/product\/sprachgesteuerter-intelligenter-roboter-roboterspielzeug-fuer-kinder-intelligente-sprechende-interaktive-roboter-roboterspielzeuge-lernspielzeug-niedlicher-sprachsteuerungs-kinderroboter\/","url":"https:\/\/easyliferobo.com\/de\/product\/sprachgesteuerter-intelligenter-roboter-roboterspielzeug-fuer-kinder-intelligente-sprechende-interaktive-roboter-roboterspielzeuge-lernspielzeug-niedlicher-sprachsteuerungs-kinderroboter\/","name":"Sprachgesteuerter intelligenter Roboter, Roboterspielzeug f\u00fcr Kinder | Intelligente sprechende interaktive Roboter-Roboterspielzeuge, Lernspielzeug, niedlicher Sprachsteuerungs-Kinderroboter - EasyLifeBro","isPartOf":{"@id":"https:\/\/easyliferobo.com\/de\/#website"},"primaryImageOfPage":{"@id":"https:\/\/easyliferobo.com\/de\/product\/sprachgesteuerter-intelligenter-roboter-roboterspielzeug-fuer-kinder-intelligente-sprechende-interaktive-roboter-roboterspielzeuge-lernspielzeug-niedlicher-sprachsteuerungs-kinderroboter\/#primaryimage"},"image":{"@id":"https:\/\/easyliferobo.com\/de\/product\/sprachgesteuerter-intelligenter-roboter-roboterspielzeug-fuer-kinder-intelligente-sprechende-interaktive-roboter-roboterspielzeuge-lernspielzeug-niedlicher-sprachsteuerungs-kinderroboter\/#primaryimage"},"thumbnailUrl":"https:\/\/easyliferobo.com\/de\/wp-content\/uploads\/2026\/02\/61UnShscOXL._AC_SL1500_.jpg","datePublished":"2026-02-27T02:03:19+00:00","dateModified":"2026-02-27T02:03:40+00:00","description":"Entdecken Sie smarte Roboter f\u00fcr Zuhause, Garten, Bildung und Sicherheit. Vergleichen Sie Saugroboter, Rasenm\u00e4hroboter, KI-Begleitroboter und mehr bei EasyLifeRobo.","breadcrumb":{"@id":"https:\/\/easyliferobo.com\/de\/product\/sprachgesteuerter-intelligenter-roboter-roboterspielzeug-fuer-kinder-intelligente-sprechende-interaktive-roboter-roboterspielzeuge-lernspielzeug-niedlicher-sprachsteuerungs-kinderroboter\/#breadcrumb"},"inLanguage":"de","potentialAction":[{"@type":"ReadAction","target":["https:\/\/easyliferobo.com\/de\/product\/sprachgesteuerter-intelligenter-roboter-roboterspielzeug-fuer-kinder-intelligente-sprechende-interaktive-roboter-roboterspielzeuge-lernspielzeug-niedlicher-sprachsteuerungs-kinderroboter\/"]}]},{"@type":"ImageObject","inLanguage":"de","@id":"https:\/\/easyliferobo.com\/de\/product\/sprachgesteuerter-intelligenter-roboter-roboterspielzeug-fuer-kinder-intelligente-sprechende-interaktive-roboter-roboterspielzeuge-lernspielzeug-niedlicher-sprachsteuerungs-kinderroboter\/#primaryimage","url":"https:\/\/easyliferobo.com\/de\/wp-content\/uploads\/2026\/02\/61UnShscOXL._AC_SL1500_.jpg","contentUrl":"https:\/\/easyliferobo.com\/de\/wp-content\/uploads\/2026\/02\/61UnShscOXL._AC_SL1500_.jpg","width":1365,"height":1467},{"@type":"BreadcrumbList","@id":"https:\/\/easyliferobo.com\/de\/product\/sprachgesteuerter-intelligenter-roboter-roboterspielzeug-fuer-kinder-intelligente-sprechende-interaktive-roboter-roboterspielzeuge-lernspielzeug-niedlicher-sprachsteuerungs-kinderroboter\/#breadcrumb","itemListElement":[{"@type":"ListItem","position":1,"name":"Home","item":"https:\/\/easyliferobo.com\/de\/"},{"@type":"ListItem","position":2,"name":"Shop","item":"https:\/\/easyliferobo.com\/de\/shop\/"},{"@type":"ListItem","position":3,"name":"Sprachgesteuerter intelligenter Rob..."}]},{"@type":"WebSite","@id":"https:\/\/easyliferobo.com\/de\/#website","url":"https:\/\/easyliferobo.com\/de\/","name":"EasyLifeBro","description":"Smarte Roboter f\u00fcr Zuhause, Garten &amp; Bildung","publisher":{"@id":"https:\/\/easyliferobo.com\/de\/#organization"},"potentialAction":[{"@type":"SearchAction","target":{"@type":"EntryPoint","urlTemplate":"https:\/\/easyliferobo.com\/de\/?s={search_term_string}"},"query-input":{"@type":"PropertyValueSpecification","valueRequired":true,"valueName":"search_term_string"}}],"inLanguage":"de"},{"@type":"Organization","@id":"https:\/\/easyliferobo.com\/de\/#organization","name":"EasyLifeBro","url":"https:\/\/easyliferobo.com\/de\/","logo":{"@type":"ImageObject","inLanguage":"de","@id":"https:\/\/easyliferobo.com\/de\/#\/schema\/logo\/image\/","url":"https:\/\/easyliferobo.com\/de\/wp-content\/uploads\/2026\/02\/Screenshot-2026-02-22-at-2.25.03-PM.png","contentUrl":"https:\/\/easyliferobo.com\/de\/wp-content\/uploads\/2026\/02\/Screenshot-2026-02-22-at-2.25.03-PM.png","width":1858,"height":430,"caption":"EasyLifeBro"},"image":{"@id":"https:\/\/easyliferobo.com\/de\/#\/schema\/logo\/image\/"}}]}},"_links":{"self":[{"href":"https:\/\/easyliferobo.com\/de\/wp-json\/wp\/v2\/product\/1968","targetHints":{"allow":["GET"]}}],"collection":[{"href":"https:\/\/easyliferobo.com\/de\/wp-json\/wp\/v2\/product"}],"about":[{"href":"https:\/\/easyliferobo.com\/de\/wp-json\/wp\/v2\/types\/product"}],"replies":[{"embeddable":true,"href":"https:\/\/easyliferobo.com\/de\/wp-json\/wp\/v2\/comments?post=1968"}],"wp:featuredmedia":[{"embeddable":true,"href":"https:\/\/easyliferobo.com\/de\/wp-json\/wp\/v2\/media\/1969"}],"wp:attachment":[{"href":"https:\/\/easyliferobo.com\/de\/wp-json\/wp\/v2\/media?parent=1968"}],"wp:term":[{"taxonomy":"store","embeddable":true,"href":"https:\/\/easyliferobo.com\/de\/wp-json\/wp\/v2\/store?post=1968"},{"taxonomy":"product_brand","embeddable":true,"href":"https:\/\/easyliferobo.com\/de\/wp-json\/wp\/v2\/product_brand?post=1968"},{"taxonomy":"product_cat","embeddable":true,"href":"https:\/\/easyliferobo.com\/de\/wp-json\/wp\/v2\/product_cat?post=1968"},{"taxonomy":"product_tag","embeddable":true,"href":"https:\/\/easyliferobo.com\/de\/wp-json\/wp\/v2\/product_tag?post=1968"}],"curies":[{"name":"wp","href":"https:\/\/api.w.org\/{rel}","templated":true}]}}