
{"id":1951,"date":"2026-02-27T02:00:12","date_gmt":"2026-02-27T02:00:12","guid":{"rendered":"https:\/\/easyliferobo.com\/de\/product\/ecovacs-goat-o600-rtk-roboter-rasenmaeher-o600-rtk\/"},"modified":"2026-02-27T02:00:32","modified_gmt":"2026-02-27T02:00:32","slug":"ecovacs-goat-o600-rtk-roboter-rasenmaeher-o600-rtk","status":"publish","type":"product","link":"https:\/\/easyliferobo.com\/de\/product\/ecovacs-goat-o600-rtk-roboter-rasenmaeher-o600-rtk\/","title":{"rendered":"ECOVACS Goat O600 RTK Roboter-Rasen..."},"content":{"rendered":"<p>\n                                             Produktbeschreibung   <\/p>\n<p>                                                                                                       <img decoding=\"async\" alt=\"Aplus-Inhaltsbild\" src=\"https:\/\/images-na.ssl-images-amazon.com\/images\/G\/01\/x-locale\/common\/grey-pixel.gif\" class=\"a-lazy-loaded\" data-src=\"https:\/\/m.media-amazon.com\/images\/S\/aplus-media-library-service-media\/69e7aa69-b6e9-4651-9a46-0c787a09c38e.__CR0,0,1464,600_PT0_SX1464_V1___.jpg\"><img decoding=\"async\" alt=\"Aplus-Inhaltsbild\" src=\"https:\/\/m.media-amazon.com\/images\/S\/aplus-media-library-service-media\/69e7aa69-b6e9-4651-9a46-0c787a09c38e.__CR0,0,1464,600_PT0_SX1464_V1___.jpg\">                                               <\/p>\n<p>                                                                                                       <img decoding=\"async\" alt=\"Serie von Au\u00dfenbildern, die Roboter-Rasenm\u00e4her in Aktion auf gr\u00fcnen Rasenfl\u00e4chen zeigen, mit dem Text \u201e15+\u201c und verschiedene Garten-\/Landschaftseinstellungen.\" src=\"https:\/\/images-na.ssl-images-amazon.com\/images\/G\/01\/x-locale\/common\/grey-pixel.gif\" class=\"a-lazy-loaded\" data-src=\"https:\/\/m.media-amazon.com\/images\/S\/aplus-media-library-service-media\/699440f4-5767-4f82-964b-fb7f745508ff.__CR0,0,1464,600_PT0_SX1464_V1___.jpg\"><img decoding=\"async\" alt=\"Serie von Au\u00dfenbildern, die Roboter-Rasenm\u00e4her in Aktion auf gr\u00fcnen Rasenfl\u00e4chen zeigen, mit dem Text \u201e15+\u201c und verschiedene Garten-\/Landschaftseinstellungen.\" src=\"https:\/\/m.media-amazon.com\/images\/S\/aplus-media-library-service-media\/699440f4-5767-4f82-964b-fb7f745508ff.__CR0,0,1464,600_PT0_SX1464_V1___.jpg\">                                               <\/p>\n<p>                                                                                                                <img decoding=\"async\" alt=\"Aplus-Inhaltsbild\" src=\"https:\/\/m.media-amazon.com\/images\/S\/aplus-media-library-service-media\/a6629e75-5a23-400d-9e26-1ee5771f9ccc.__CR0,0,1464,600_PT0_SX1464_V1___.jpg\">                                                      <img decoding=\"async\" alt=\"Der Text lautet \u201eSchnelle Verbindung, stabile Navigation\u201c. und &#39;4x&#39; und \u201e30 %\u201c. Marketingbanner mit Outdoor-Szenen wie Campingzelt, modernem Hausau\u00dfenbereich und Blick auf die Landschaft.\" src=\"https:\/\/m.media-amazon.com\/images\/S\/aplus-media-library-service-media\/4d30e199-c4c3-4a4a-ad4d-8bd6cf05cf02.__CR0,0,1464,600_PT0_SX1464_V1___.jpg\">                                                    <img decoding=\"async\" alt=\"Aplus-Inhaltsbild\" src=\"https:\/\/m.media-amazon.com\/images\/S\/aplus-media-library-service-media\/947198da-910e-443b-94b1-0e9b306f4b1a.__CR0,0,1464,600_PT0_SX1464_V1___.jpg\"><br \/>\n                            1 Drahtlose Installation 2 TrueMapping 2.0 3 Perfekte Abdeckung <\/p>\n<p>                                                                                                              <img decoding=\"async\" alt=\"Aplus-Inhaltsbild\" src=\"https:\/\/m.media-amazon.com\/images\/S\/aplus-media-library-service-media\/ad90893f-c08f-46bd-9ac4-1fcf6d27f074.__CR0,0,1464,600_PT0_SX1464_V1___.jpg\">                                                    <img decoding=\"async\" alt=\"Luftaufnahmen von Fu\u00dfballfeldern mit gr\u00fcnem Rasen und wei\u00dfen Linienmarkierungen. Der Text weist auf \u201eIntelligente Routen\u201c hin. und \u201ebessere Fl\u00e4chenbedeckung\u201c.\" src=\"https:\/\/m.media-amazon.com\/images\/S\/aplus-media-library-service-media\/1df621f5-5b4f-4f11-bba9-9dd531250712.__CR0,0,1464,600_PT0_SX1464_V1___.jpg\"><br \/>\n                            1 Kantenschneiden 2 Effiziente Routen <\/p>\n<p>                                                                                                                <img decoding=\"async\" alt=\"Der Text lautet \u201e\u00dcberwinde enge Stellen m\u00fchelos\u201c. Mehrere Tafeln zeigen einen Roboter-Rasenm\u00e4her, der durch enge Passagen zwischen Grasfl\u00e4chen navigiert, wobei die Ma\u00dfe einen Abstand von &gt; 1 m und 0,7 m angeben.\" src=\"https:\/\/m.media-amazon.com\/images\/S\/aplus-media-library-service-media\/76db42ba-b9f6-4a76-87ab-c81b5aa10e2e.__CR0,0,1464,600_PT0_SX1464_V1___.jpg\">                                                    <img decoding=\"async\" alt=\"Serie von Landschaftsszenen, die Gartenpflege und Gartenarbeit zeigen, mit Text \u00fcber professionelle Rasenpflegedienste.\" src=\"https:\/\/m.media-amazon.com\/images\/S\/aplus-media-library-service-media\/0f38a7fd-e155-4ace-bb5e-d80c240662ee.__CR0,0,1464,600_PT0_SX1464_V1___.jpg\">                                                    <img decoding=\"async\" alt=\"Der Text lautet \u201eUnaufhaltsam an Steigungen, kinderleicht zu reinigen\u201c. Zusammengesetztes Bild, das einen Roboter-Rasenm\u00e4her zeigt, der an Grash\u00e4ngen arbeitet und gereinigt wird.\" src=\"https:\/\/m.media-amazon.com\/images\/S\/aplus-media-library-service-media\/c6d8df44-1d2e-4ab6-809d-dc87c62048b7.__CR0,0,1464,600_PT0_SX1464_V1___.jpg\"><br \/>\n                            1 Enge Passagen meistern 2 AIVI-Hindernisvermeidung 3 Steigf\u00e4higkeit und IPX6 <\/p>\n<p>                                                                                                       <img decoding=\"async\" alt=\"Eine Reihe von Screenshots der Benutzeroberfl\u00e4che einer mobilen App, die Green-Field-Layouts mit Mess- und Analysetools zeigen. Die Schnittstelle demonstriert die Funktionalit\u00e4t der Sportplatzplanung und -verwaltung.\" src=\"https:\/\/images-na.ssl-images-amazon.com\/images\/G\/01\/x-locale\/common\/grey-pixel.gif\" class=\"a-lazy-loaded\" data-src=\"https:\/\/m.media-amazon.com\/images\/S\/aplus-media-library-service-media\/557fbc96-dcfa-48f0-b156-1e8808a3c3d6.__CR0,0,1464,600_PT0_SX1464_V1___.jpg\"><img decoding=\"async\" alt=\"Eine Reihe von Screenshots der Benutzeroberfl\u00e4che einer mobilen App, die Green-Field-Layouts mit Mess- und Analysetools zeigen. Die Schnittstelle demonstriert die Funktionalit\u00e4t der Sportplatzplanung und -verwaltung.\" src=\"https:\/\/m.media-amazon.com\/images\/S\/aplus-media-library-service-media\/557fbc96-dcfa-48f0-b156-1e8808a3c3d6.__CR0,0,1464,600_PT0_SX1464_V1___.jpg\">                                               <\/p>\n<p>ECOVACS GOAT O600 RTK<\/p>\n<p>[ad_2]<\/p>\n","protected":false},"excerpt":{"rendered":"<p>Produktbeschreibung 1 Drahtlose Installation 2 TrueMapping 2.0 3 Perfekte Abdeckung 1 Kantenschneiden 2 Effiziente Routen 1 Enge Passagen meistern 2 AIVI-Hindernisvermeidung 3 Steigf\u00e4higkeit und IPX6 ECOVACS GOAT O600 RTK [ad_2]<\/p>\n","protected":false},"featured_media":1952,"comment_status":"open","ping_status":"closed","template":"","meta":{"_aipt_faq_data":""},"store":[],"product_brand":[127],"product_cat":[98],"product_tag":[368],"class_list":{"0":"post-1951","1":"product","2":"type-product","3":"status-publish","4":"has-post-thumbnail","6":"product_brand-ecovacs","7":"product_cat-industrieroboter","8":"product_tag-industrieroboter-palettierroboter","10":"first","11":"instock","12":"shipping-taxable","13":"product-type-external"},"yoast_head":"<!-- This site is optimized with the Yoast SEO plugin v27.0 - https:\/\/yoast.com\/product\/yoast-seo-wordpress\/ -->\n<title>ECOVACS Goat O600 RTK Roboter-Rasenm\u00e4her (O600 RTK) - EasyLifeBro<\/title>\n<meta name=\"description\" content=\"Entdecken Sie smarte Roboter f\u00fcr Zuhause, Garten, Bildung und Sicherheit. Vergleichen Sie Saugroboter, Rasenm\u00e4hroboter, KI-Begleitroboter und mehr bei EasyLifeRobo.\" \/>\n<meta name=\"robots\" content=\"index, follow, max-snippet:-1, max-image-preview:large, max-video-preview:-1\" \/>\n<link rel=\"canonical\" href=\"https:\/\/easyliferobo.com\/de\/product\/ecovacs-goat-o600-rtk-roboter-rasenmaeher-o600-rtk\/\" \/>\n<meta property=\"og:locale\" content=\"de_DE\" \/>\n<meta property=\"og:type\" content=\"article\" \/>\n<meta property=\"og:title\" content=\"ECOVACS Goat O600 RTK Roboter-Rasenm\u00e4her (O600 RTK) - EasyLifeBro\" \/>\n<meta property=\"og:description\" content=\"Entdecken Sie smarte Roboter f\u00fcr Zuhause, Garten, Bildung und Sicherheit. Vergleichen Sie Saugroboter, Rasenm\u00e4hroboter, KI-Begleitroboter und mehr bei EasyLifeRobo.\" \/>\n<meta property=\"og:url\" content=\"https:\/\/easyliferobo.com\/de\/product\/ecovacs-goat-o600-rtk-roboter-rasenmaeher-o600-rtk\/\" \/>\n<meta property=\"og:site_name\" content=\"EasyLifeBro\" \/>\n<meta property=\"article:modified_time\" content=\"2026-02-27T02:00:32+00:00\" \/>\n<meta property=\"og:image\" content=\"https:\/\/images-na.ssl-images-amazon.com\/images\/G\/01\/x-locale\/common\/grey-pixel.gif\" \/>\n<meta name=\"twitter:card\" content=\"summary_large_image\" \/>\n<script type=\"application\/ld+json\" class=\"yoast-schema-graph\">{\"@context\":\"https:\/\/schema.org\",\"@graph\":[{\"@type\":\"WebPage\",\"@id\":\"https:\/\/easyliferobo.com\/de\/product\/ecovacs-goat-o600-rtk-roboter-rasenmaeher-o600-rtk\/\",\"url\":\"https:\/\/easyliferobo.com\/de\/product\/ecovacs-goat-o600-rtk-roboter-rasenmaeher-o600-rtk\/\",\"name\":\"ECOVACS Goat O600 RTK Roboter-Rasenm\u00e4her (O600 RTK) - EasyLifeBro\",\"isPartOf\":{\"@id\":\"https:\/\/easyliferobo.com\/de\/#website\"},\"primaryImageOfPage\":{\"@id\":\"https:\/\/easyliferobo.com\/de\/product\/ecovacs-goat-o600-rtk-roboter-rasenmaeher-o600-rtk\/#primaryimage\"},\"image\":{\"@id\":\"https:\/\/easyliferobo.com\/de\/product\/ecovacs-goat-o600-rtk-roboter-rasenmaeher-o600-rtk\/#primaryimage\"},\"thumbnailUrl\":\"https:\/\/easyliferobo.com\/de\/wp-content\/uploads\/2026\/02\/61WXf9ZN5fL._AC_SL1500_.jpg\",\"datePublished\":\"2026-02-27T02:00:12+00:00\",\"dateModified\":\"2026-02-27T02:00:32+00:00\",\"description\":\"Entdecken Sie smarte Roboter f\u00fcr Zuhause, Garten, Bildung und Sicherheit. Vergleichen Sie Saugroboter, Rasenm\u00e4hroboter, KI-Begleitroboter und mehr bei EasyLifeRobo.\",\"breadcrumb\":{\"@id\":\"https:\/\/easyliferobo.com\/de\/product\/ecovacs-goat-o600-rtk-roboter-rasenmaeher-o600-rtk\/#breadcrumb\"},\"inLanguage\":\"de\",\"potentialAction\":[{\"@type\":\"ReadAction\",\"target\":[\"https:\/\/easyliferobo.com\/de\/product\/ecovacs-goat-o600-rtk-roboter-rasenmaeher-o600-rtk\/\"]}]},{\"@type\":\"ImageObject\",\"inLanguage\":\"de\",\"@id\":\"https:\/\/easyliferobo.com\/de\/product\/ecovacs-goat-o600-rtk-roboter-rasenmaeher-o600-rtk\/#primaryimage\",\"url\":\"https:\/\/easyliferobo.com\/de\/wp-content\/uploads\/2026\/02\/61WXf9ZN5fL._AC_SL1500_.jpg\",\"contentUrl\":\"https:\/\/easyliferobo.com\/de\/wp-content\/uploads\/2026\/02\/61WXf9ZN5fL._AC_SL1500_.jpg\",\"width\":1490,\"height\":1277},{\"@type\":\"BreadcrumbList\",\"@id\":\"https:\/\/easyliferobo.com\/de\/product\/ecovacs-goat-o600-rtk-roboter-rasenmaeher-o600-rtk\/#breadcrumb\",\"itemListElement\":[{\"@type\":\"ListItem\",\"position\":1,\"name\":\"Home\",\"item\":\"https:\/\/easyliferobo.com\/de\/\"},{\"@type\":\"ListItem\",\"position\":2,\"name\":\"Shop\",\"item\":\"https:\/\/easyliferobo.com\/de\/shop\/\"},{\"@type\":\"ListItem\",\"position\":3,\"name\":\"ECOVACS Goat O600 RTK Roboter-Rasen...\"}]},{\"@type\":\"WebSite\",\"@id\":\"https:\/\/easyliferobo.com\/de\/#website\",\"url\":\"https:\/\/easyliferobo.com\/de\/\",\"name\":\"EasyLifeBro\",\"description\":\"Smarte Roboter f\u00fcr Zuhause, Garten &amp; Bildung\",\"publisher\":{\"@id\":\"https:\/\/easyliferobo.com\/de\/#organization\"},\"potentialAction\":[{\"@type\":\"SearchAction\",\"target\":{\"@type\":\"EntryPoint\",\"urlTemplate\":\"https:\/\/easyliferobo.com\/de\/?s={search_term_string}\"},\"query-input\":{\"@type\":\"PropertyValueSpecification\",\"valueRequired\":true,\"valueName\":\"search_term_string\"}}],\"inLanguage\":\"de\"},{\"@type\":\"Organization\",\"@id\":\"https:\/\/easyliferobo.com\/de\/#organization\",\"name\":\"EasyLifeBro\",\"url\":\"https:\/\/easyliferobo.com\/de\/\",\"logo\":{\"@type\":\"ImageObject\",\"inLanguage\":\"de\",\"@id\":\"https:\/\/easyliferobo.com\/de\/#\/schema\/logo\/image\/\",\"url\":\"https:\/\/easyliferobo.com\/de\/wp-content\/uploads\/2026\/02\/Screenshot-2026-02-22-at-2.25.03-PM.png\",\"contentUrl\":\"https:\/\/easyliferobo.com\/de\/wp-content\/uploads\/2026\/02\/Screenshot-2026-02-22-at-2.25.03-PM.png\",\"width\":1858,\"height\":430,\"caption\":\"EasyLifeBro\"},\"image\":{\"@id\":\"https:\/\/easyliferobo.com\/de\/#\/schema\/logo\/image\/\"}}]}<\/script>\n<!-- \/ Yoast SEO plugin. -->","yoast_head_json":{"title":"ECOVACS Goat O600 RTK Roboter-Rasenm\u00e4her (O600 RTK) - EasyLifeBro","description":"Entdecken Sie smarte Roboter f\u00fcr Zuhause, Garten, Bildung und Sicherheit. Vergleichen Sie Saugroboter, Rasenm\u00e4hroboter, KI-Begleitroboter und mehr bei EasyLifeRobo.","robots":{"index":"index","follow":"follow","max-snippet":"max-snippet:-1","max-image-preview":"max-image-preview:large","max-video-preview":"max-video-preview:-1"},"canonical":"https:\/\/easyliferobo.com\/de\/product\/ecovacs-goat-o600-rtk-roboter-rasenmaeher-o600-rtk\/","og_locale":"de_DE","og_type":"article","og_title":"ECOVACS Goat O600 RTK Roboter-Rasenm\u00e4her (O600 RTK) - EasyLifeBro","og_description":"Entdecken Sie smarte Roboter f\u00fcr Zuhause, Garten, Bildung und Sicherheit. Vergleichen Sie Saugroboter, Rasenm\u00e4hroboter, KI-Begleitroboter und mehr bei EasyLifeRobo.","og_url":"https:\/\/easyliferobo.com\/de\/product\/ecovacs-goat-o600-rtk-roboter-rasenmaeher-o600-rtk\/","og_site_name":"EasyLifeBro","article_modified_time":"2026-02-27T02:00:32+00:00","og_image":[{"url":"https:\/\/images-na.ssl-images-amazon.com\/images\/G\/01\/x-locale\/common\/grey-pixel.gif","type":"","width":"","height":""}],"twitter_card":"summary_large_image","schema":{"@context":"https:\/\/schema.org","@graph":[{"@type":"WebPage","@id":"https:\/\/easyliferobo.com\/de\/product\/ecovacs-goat-o600-rtk-roboter-rasenmaeher-o600-rtk\/","url":"https:\/\/easyliferobo.com\/de\/product\/ecovacs-goat-o600-rtk-roboter-rasenmaeher-o600-rtk\/","name":"ECOVACS Goat O600 RTK Roboter-Rasenm\u00e4her (O600 RTK) - EasyLifeBro","isPartOf":{"@id":"https:\/\/easyliferobo.com\/de\/#website"},"primaryImageOfPage":{"@id":"https:\/\/easyliferobo.com\/de\/product\/ecovacs-goat-o600-rtk-roboter-rasenmaeher-o600-rtk\/#primaryimage"},"image":{"@id":"https:\/\/easyliferobo.com\/de\/product\/ecovacs-goat-o600-rtk-roboter-rasenmaeher-o600-rtk\/#primaryimage"},"thumbnailUrl":"https:\/\/easyliferobo.com\/de\/wp-content\/uploads\/2026\/02\/61WXf9ZN5fL._AC_SL1500_.jpg","datePublished":"2026-02-27T02:00:12+00:00","dateModified":"2026-02-27T02:00:32+00:00","description":"Entdecken Sie smarte Roboter f\u00fcr Zuhause, Garten, Bildung und Sicherheit. Vergleichen Sie Saugroboter, Rasenm\u00e4hroboter, KI-Begleitroboter und mehr bei EasyLifeRobo.","breadcrumb":{"@id":"https:\/\/easyliferobo.com\/de\/product\/ecovacs-goat-o600-rtk-roboter-rasenmaeher-o600-rtk\/#breadcrumb"},"inLanguage":"de","potentialAction":[{"@type":"ReadAction","target":["https:\/\/easyliferobo.com\/de\/product\/ecovacs-goat-o600-rtk-roboter-rasenmaeher-o600-rtk\/"]}]},{"@type":"ImageObject","inLanguage":"de","@id":"https:\/\/easyliferobo.com\/de\/product\/ecovacs-goat-o600-rtk-roboter-rasenmaeher-o600-rtk\/#primaryimage","url":"https:\/\/easyliferobo.com\/de\/wp-content\/uploads\/2026\/02\/61WXf9ZN5fL._AC_SL1500_.jpg","contentUrl":"https:\/\/easyliferobo.com\/de\/wp-content\/uploads\/2026\/02\/61WXf9ZN5fL._AC_SL1500_.jpg","width":1490,"height":1277},{"@type":"BreadcrumbList","@id":"https:\/\/easyliferobo.com\/de\/product\/ecovacs-goat-o600-rtk-roboter-rasenmaeher-o600-rtk\/#breadcrumb","itemListElement":[{"@type":"ListItem","position":1,"name":"Home","item":"https:\/\/easyliferobo.com\/de\/"},{"@type":"ListItem","position":2,"name":"Shop","item":"https:\/\/easyliferobo.com\/de\/shop\/"},{"@type":"ListItem","position":3,"name":"ECOVACS Goat O600 RTK Roboter-Rasen..."}]},{"@type":"WebSite","@id":"https:\/\/easyliferobo.com\/de\/#website","url":"https:\/\/easyliferobo.com\/de\/","name":"EasyLifeBro","description":"Smarte Roboter f\u00fcr Zuhause, Garten &amp; Bildung","publisher":{"@id":"https:\/\/easyliferobo.com\/de\/#organization"},"potentialAction":[{"@type":"SearchAction","target":{"@type":"EntryPoint","urlTemplate":"https:\/\/easyliferobo.com\/de\/?s={search_term_string}"},"query-input":{"@type":"PropertyValueSpecification","valueRequired":true,"valueName":"search_term_string"}}],"inLanguage":"de"},{"@type":"Organization","@id":"https:\/\/easyliferobo.com\/de\/#organization","name":"EasyLifeBro","url":"https:\/\/easyliferobo.com\/de\/","logo":{"@type":"ImageObject","inLanguage":"de","@id":"https:\/\/easyliferobo.com\/de\/#\/schema\/logo\/image\/","url":"https:\/\/easyliferobo.com\/de\/wp-content\/uploads\/2026\/02\/Screenshot-2026-02-22-at-2.25.03-PM.png","contentUrl":"https:\/\/easyliferobo.com\/de\/wp-content\/uploads\/2026\/02\/Screenshot-2026-02-22-at-2.25.03-PM.png","width":1858,"height":430,"caption":"EasyLifeBro"},"image":{"@id":"https:\/\/easyliferobo.com\/de\/#\/schema\/logo\/image\/"}}]}},"_links":{"self":[{"href":"https:\/\/easyliferobo.com\/de\/wp-json\/wp\/v2\/product\/1951","targetHints":{"allow":["GET"]}}],"collection":[{"href":"https:\/\/easyliferobo.com\/de\/wp-json\/wp\/v2\/product"}],"about":[{"href":"https:\/\/easyliferobo.com\/de\/wp-json\/wp\/v2\/types\/product"}],"replies":[{"embeddable":true,"href":"https:\/\/easyliferobo.com\/de\/wp-json\/wp\/v2\/comments?post=1951"}],"wp:featuredmedia":[{"embeddable":true,"href":"https:\/\/easyliferobo.com\/de\/wp-json\/wp\/v2\/media\/1952"}],"wp:attachment":[{"href":"https:\/\/easyliferobo.com\/de\/wp-json\/wp\/v2\/media?parent=1951"}],"wp:term":[{"taxonomy":"store","embeddable":true,"href":"https:\/\/easyliferobo.com\/de\/wp-json\/wp\/v2\/store?post=1951"},{"taxonomy":"product_brand","embeddable":true,"href":"https:\/\/easyliferobo.com\/de\/wp-json\/wp\/v2\/product_brand?post=1951"},{"taxonomy":"product_cat","embeddable":true,"href":"https:\/\/easyliferobo.com\/de\/wp-json\/wp\/v2\/product_cat?post=1951"},{"taxonomy":"product_tag","embeddable":true,"href":"https:\/\/easyliferobo.com\/de\/wp-json\/wp\/v2\/product_tag?post=1951"}],"curies":[{"name":"wp","href":"https:\/\/api.w.org\/{rel}","templated":true}]}}