
{"id":1933,"date":"2026-02-27T01:56:20","date_gmt":"2026-02-27T01:56:20","guid":{"rendered":"https:\/\/easyliferobo.com\/de\/product\/f-fityle-schwarzer-roboterarmgreifer-roboter-mechanische-krallen-roboterzubehoer-fuer-arduino\/"},"modified":"2026-02-27T01:56:30","modified_gmt":"2026-02-27T01:56:30","slug":"f-fityle-schwarzer-roboterarmgreifer-roboter-mechanische-krallen-roboterzubehoer-fuer-arduino","status":"publish","type":"product","link":"https:\/\/easyliferobo.com\/de\/product\/f-fityle-schwarzer-roboterarmgreifer-roboter-mechanische-krallen-roboterzubehoer-fuer-arduino\/","title":{"rendered":"F Fityle Schwarzer Roboterarmgreife..."},"content":{"rendered":"<p>    <span>Bei Fityle finden Sie alles, was Sie wollen! Wir werden unser Bestes tun, um Ihnen ein hervorragendes Einkaufserlebnis zu bieten. <\/span><span><br \/><\/span><span>Beschreibung: <\/span><br \/><span>&#8211; Dieser Roboter-Klauenarm ist ideal f\u00fcr alle Ihre Greifbed\u00fcrfnisse. <br \/>&#8211; Aus Aluminium, ziemlich schwer. <br \/>&#8211; Die Klaue \u00f6ffnet sich ca. 2 Zoll und kann je nach verwendetem Servomotor einige relativ schwere Gegenst\u00e4nde halten. <br \/>&#8211; Da sich die Arme parallel zueinander bewegen, erhalten Sie einen besseren Halt. <br \/>&#8211; Roboterzubeh\u00f6r <br \/>&#8211; Maximaler \u00d6ffnungswinkel der Pfote: 55 mm. <br \/>&#8211; Gesamtl\u00e4nge Pfote: 108 mm (Gesamtl\u00e4nge der l\u00e4ngsten Krallen im geschlossenen Zustand). <br \/>&#8211; Gesamtbreite der Pfote: 98 mm (maximale Gesamtbreite der Pfote im ge\u00f6ffneten Zustand) <\/span><br \/><span>Das Paket beinhaltet: <\/span><br \/><span>1 x mechanische Armpfote <\/span><br \/>Roboterzubeh\u00f6r<br \/>Dieser Roboter-Klauenarm ist ideal f\u00fcr alle Ihre Greifanforderungen.<br \/>Die Klaue \u00f6ffnet sich ca. 2 Zoll und kann je nach verwendetem Servomotor einige relativ schwere Gegenst\u00e4nde halten.<br \/>Aus Aluminium, ziemlich schwer.<br \/>Da sich die Arme parallel zueinander bewegen, erhalten Sie einen besseren Halt.<\/p>\n<p>[ad_2]<\/p>\n","protected":false},"excerpt":{"rendered":"<p>Bei Fityle finden Sie alles, was Sie wollen! Wir werden unser Bestes tun, um Ihnen ein hervorragendes Einkaufserlebnis zu bieten. Beschreibung: &#8211; Dieser Roboter-Klauenarm ist ideal f\u00fcr alle Ihre Greifbed\u00fcrfnisse. &#8211; Aus Aluminium, ziemlich schwer. &#8211; Die Klaue \u00f6ffnet sich ca. 2 Zoll und kann je nach verwendetem Servomotor einige relativ schwere Gegenst\u00e4nde halten. &#8211; [&hellip;]<\/p>\n","protected":false},"featured_media":1934,"comment_status":"open","ping_status":"closed","template":"","meta":{"_aipt_faq_data":""},"store":[],"product_brand":[],"product_cat":[100],"product_tag":[366],"class_list":{"0":"post-1933","1":"product","2":"type-product","3":"status-publish","4":"has-post-thumbnail","6":"product_cat-greifer-zubehoer","7":"product_tag-greifer-zubehoer-robotik","9":"first","10":"instock","11":"shipping-taxable","12":"product-type-external"},"yoast_head":"<!-- This site is optimized with the Yoast SEO plugin v27.4 - https:\/\/yoast.com\/product\/yoast-seo-wordpress\/ -->\n<title>F Fityle Schwarzer Roboterarmgreifer, Roboter, mechanische Krallen, Roboterzubeh\u00f6r f\u00fcr Arduino - EasyLifeBro<\/title>\n<meta name=\"description\" content=\"Entdecken Sie smarte Roboter f\u00fcr Zuhause, Garten, Bildung und Sicherheit. Vergleichen Sie Saugroboter, Rasenm\u00e4hroboter, KI-Begleitroboter und mehr bei EasyLifeRobo.\" \/>\n<meta name=\"robots\" content=\"index, follow, max-snippet:-1, max-image-preview:large, max-video-preview:-1\" \/>\n<link rel=\"canonical\" href=\"https:\/\/easyliferobo.com\/de\/product\/f-fityle-schwarzer-roboterarmgreifer-roboter-mechanische-krallen-roboterzubehoer-fuer-arduino\/\" \/>\n<meta property=\"og:locale\" content=\"de_DE\" \/>\n<meta property=\"og:type\" content=\"article\" \/>\n<meta property=\"og:title\" content=\"F Fityle Schwarzer Roboterarmgreifer, Roboter, mechanische Krallen, Roboterzubeh\u00f6r f\u00fcr Arduino - EasyLifeBro\" \/>\n<meta property=\"og:description\" content=\"Entdecken Sie smarte Roboter f\u00fcr Zuhause, Garten, Bildung und Sicherheit. Vergleichen Sie Saugroboter, Rasenm\u00e4hroboter, KI-Begleitroboter und mehr bei EasyLifeRobo.\" \/>\n<meta property=\"og:url\" content=\"https:\/\/easyliferobo.com\/de\/product\/f-fityle-schwarzer-roboterarmgreifer-roboter-mechanische-krallen-roboterzubehoer-fuer-arduino\/\" \/>\n<meta property=\"og:site_name\" content=\"EasyLifeBro\" \/>\n<meta property=\"article:modified_time\" content=\"2026-02-27T01:56:30+00:00\" \/>\n<meta name=\"twitter:card\" content=\"summary_large_image\" \/>\n<meta name=\"twitter:label1\" content=\"Gesch\u00e4tzte Lesezeit\" \/>\n\t<meta name=\"twitter:data1\" content=\"1\u00a0Minute\" \/>\n<script type=\"application\/ld+json\" class=\"yoast-schema-graph\">{\"@context\":\"https:\\\/\\\/schema.org\",\"@graph\":[{\"@type\":\"WebPage\",\"@id\":\"https:\\\/\\\/easyliferobo.com\\\/de\\\/product\\\/f-fityle-schwarzer-roboterarmgreifer-roboter-mechanische-krallen-roboterzubehoer-fuer-arduino\\\/\",\"url\":\"https:\\\/\\\/easyliferobo.com\\\/de\\\/product\\\/f-fityle-schwarzer-roboterarmgreifer-roboter-mechanische-krallen-roboterzubehoer-fuer-arduino\\\/\",\"name\":\"F Fityle Schwarzer Roboterarmgreifer, Roboter, mechanische Krallen, Roboterzubeh\u00f6r f\u00fcr Arduino - EasyLifeBro\",\"isPartOf\":{\"@id\":\"https:\\\/\\\/easyliferobo.com\\\/de\\\/#website\"},\"primaryImageOfPage\":{\"@id\":\"https:\\\/\\\/easyliferobo.com\\\/de\\\/product\\\/f-fityle-schwarzer-roboterarmgreifer-roboter-mechanische-krallen-roboterzubehoer-fuer-arduino\\\/#primaryimage\"},\"image\":{\"@id\":\"https:\\\/\\\/easyliferobo.com\\\/de\\\/product\\\/f-fityle-schwarzer-roboterarmgreifer-roboter-mechanische-krallen-roboterzubehoer-fuer-arduino\\\/#primaryimage\"},\"thumbnailUrl\":\"https:\\\/\\\/easyliferobo.com\\\/de\\\/wp-content\\\/uploads\\\/2026\\\/02\\\/51Hb0GbKPPL._AC_SL1024_.jpg\",\"datePublished\":\"2026-02-27T01:56:20+00:00\",\"dateModified\":\"2026-02-27T01:56:30+00:00\",\"description\":\"Entdecken Sie smarte Roboter f\u00fcr Zuhause, Garten, Bildung und Sicherheit. Vergleichen Sie Saugroboter, Rasenm\u00e4hroboter, KI-Begleitroboter und mehr bei EasyLifeRobo.\",\"breadcrumb\":{\"@id\":\"https:\\\/\\\/easyliferobo.com\\\/de\\\/product\\\/f-fityle-schwarzer-roboterarmgreifer-roboter-mechanische-krallen-roboterzubehoer-fuer-arduino\\\/#breadcrumb\"},\"inLanguage\":\"de\",\"potentialAction\":[{\"@type\":\"ReadAction\",\"target\":[\"https:\\\/\\\/easyliferobo.com\\\/de\\\/product\\\/f-fityle-schwarzer-roboterarmgreifer-roboter-mechanische-krallen-roboterzubehoer-fuer-arduino\\\/\"]}]},{\"@type\":\"ImageObject\",\"inLanguage\":\"de\",\"@id\":\"https:\\\/\\\/easyliferobo.com\\\/de\\\/product\\\/f-fityle-schwarzer-roboterarmgreifer-roboter-mechanische-krallen-roboterzubehoer-fuer-arduino\\\/#primaryimage\",\"url\":\"https:\\\/\\\/easyliferobo.com\\\/de\\\/wp-content\\\/uploads\\\/2026\\\/02\\\/51Hb0GbKPPL._AC_SL1024_.jpg\",\"contentUrl\":\"https:\\\/\\\/easyliferobo.com\\\/de\\\/wp-content\\\/uploads\\\/2026\\\/02\\\/51Hb0GbKPPL._AC_SL1024_.jpg\",\"width\":840,\"height\":837},{\"@type\":\"BreadcrumbList\",\"@id\":\"https:\\\/\\\/easyliferobo.com\\\/de\\\/product\\\/f-fityle-schwarzer-roboterarmgreifer-roboter-mechanische-krallen-roboterzubehoer-fuer-arduino\\\/#breadcrumb\",\"itemListElement\":[{\"@type\":\"ListItem\",\"position\":1,\"name\":\"Home\",\"item\":\"https:\\\/\\\/easyliferobo.com\\\/de\\\/\"},{\"@type\":\"ListItem\",\"position\":2,\"name\":\"Shop\",\"item\":\"https:\\\/\\\/easyliferobo.com\\\/de\\\/shop\\\/\"},{\"@type\":\"ListItem\",\"position\":3,\"name\":\"F Fityle Schwarzer Roboterarmgreife...\"}]},{\"@type\":\"WebSite\",\"@id\":\"https:\\\/\\\/easyliferobo.com\\\/de\\\/#website\",\"url\":\"https:\\\/\\\/easyliferobo.com\\\/de\\\/\",\"name\":\"EasyLifeBro\",\"description\":\"Smarte Roboter f\u00fcr Zuhause, Garten &amp; Bildung\",\"publisher\":{\"@id\":\"https:\\\/\\\/easyliferobo.com\\\/de\\\/#organization\"},\"potentialAction\":[{\"@type\":\"SearchAction\",\"target\":{\"@type\":\"EntryPoint\",\"urlTemplate\":\"https:\\\/\\\/easyliferobo.com\\\/de\\\/?s={search_term_string}\"},\"query-input\":{\"@type\":\"PropertyValueSpecification\",\"valueRequired\":true,\"valueName\":\"search_term_string\"}}],\"inLanguage\":\"de\"},{\"@type\":\"Organization\",\"@id\":\"https:\\\/\\\/easyliferobo.com\\\/de\\\/#organization\",\"name\":\"EasyLifeBro\",\"url\":\"https:\\\/\\\/easyliferobo.com\\\/de\\\/\",\"logo\":{\"@type\":\"ImageObject\",\"inLanguage\":\"de\",\"@id\":\"https:\\\/\\\/easyliferobo.com\\\/de\\\/#\\\/schema\\\/logo\\\/image\\\/\",\"url\":\"https:\\\/\\\/easyliferobo.com\\\/de\\\/wp-content\\\/uploads\\\/2026\\\/02\\\/Screenshot-2026-02-22-at-2.25.03-PM.png\",\"contentUrl\":\"https:\\\/\\\/easyliferobo.com\\\/de\\\/wp-content\\\/uploads\\\/2026\\\/02\\\/Screenshot-2026-02-22-at-2.25.03-PM.png\",\"width\":1858,\"height\":430,\"caption\":\"EasyLifeBro\"},\"image\":{\"@id\":\"https:\\\/\\\/easyliferobo.com\\\/de\\\/#\\\/schema\\\/logo\\\/image\\\/\"}}]}<\/script>\n<!-- \/ Yoast SEO plugin. -->","yoast_head_json":{"title":"F Fityle Schwarzer Roboterarmgreifer, Roboter, mechanische Krallen, Roboterzubeh\u00f6r f\u00fcr Arduino - EasyLifeBro","description":"Entdecken Sie smarte Roboter f\u00fcr Zuhause, Garten, Bildung und Sicherheit. Vergleichen Sie Saugroboter, Rasenm\u00e4hroboter, KI-Begleitroboter und mehr bei EasyLifeRobo.","robots":{"index":"index","follow":"follow","max-snippet":"max-snippet:-1","max-image-preview":"max-image-preview:large","max-video-preview":"max-video-preview:-1"},"canonical":"https:\/\/easyliferobo.com\/de\/product\/f-fityle-schwarzer-roboterarmgreifer-roboter-mechanische-krallen-roboterzubehoer-fuer-arduino\/","og_locale":"de_DE","og_type":"article","og_title":"F Fityle Schwarzer Roboterarmgreifer, Roboter, mechanische Krallen, Roboterzubeh\u00f6r f\u00fcr Arduino - EasyLifeBro","og_description":"Entdecken Sie smarte Roboter f\u00fcr Zuhause, Garten, Bildung und Sicherheit. Vergleichen Sie Saugroboter, Rasenm\u00e4hroboter, KI-Begleitroboter und mehr bei EasyLifeRobo.","og_url":"https:\/\/easyliferobo.com\/de\/product\/f-fityle-schwarzer-roboterarmgreifer-roboter-mechanische-krallen-roboterzubehoer-fuer-arduino\/","og_site_name":"EasyLifeBro","article_modified_time":"2026-02-27T01:56:30+00:00","twitter_card":"summary_large_image","twitter_misc":{"Gesch\u00e4tzte Lesezeit":"1\u00a0Minute"},"schema":{"@context":"https:\/\/schema.org","@graph":[{"@type":"WebPage","@id":"https:\/\/easyliferobo.com\/de\/product\/f-fityle-schwarzer-roboterarmgreifer-roboter-mechanische-krallen-roboterzubehoer-fuer-arduino\/","url":"https:\/\/easyliferobo.com\/de\/product\/f-fityle-schwarzer-roboterarmgreifer-roboter-mechanische-krallen-roboterzubehoer-fuer-arduino\/","name":"F Fityle Schwarzer Roboterarmgreifer, Roboter, mechanische Krallen, Roboterzubeh\u00f6r f\u00fcr Arduino - EasyLifeBro","isPartOf":{"@id":"https:\/\/easyliferobo.com\/de\/#website"},"primaryImageOfPage":{"@id":"https:\/\/easyliferobo.com\/de\/product\/f-fityle-schwarzer-roboterarmgreifer-roboter-mechanische-krallen-roboterzubehoer-fuer-arduino\/#primaryimage"},"image":{"@id":"https:\/\/easyliferobo.com\/de\/product\/f-fityle-schwarzer-roboterarmgreifer-roboter-mechanische-krallen-roboterzubehoer-fuer-arduino\/#primaryimage"},"thumbnailUrl":"https:\/\/easyliferobo.com\/de\/wp-content\/uploads\/2026\/02\/51Hb0GbKPPL._AC_SL1024_.jpg","datePublished":"2026-02-27T01:56:20+00:00","dateModified":"2026-02-27T01:56:30+00:00","description":"Entdecken Sie smarte Roboter f\u00fcr Zuhause, Garten, Bildung und Sicherheit. Vergleichen Sie Saugroboter, Rasenm\u00e4hroboter, KI-Begleitroboter und mehr bei EasyLifeRobo.","breadcrumb":{"@id":"https:\/\/easyliferobo.com\/de\/product\/f-fityle-schwarzer-roboterarmgreifer-roboter-mechanische-krallen-roboterzubehoer-fuer-arduino\/#breadcrumb"},"inLanguage":"de","potentialAction":[{"@type":"ReadAction","target":["https:\/\/easyliferobo.com\/de\/product\/f-fityle-schwarzer-roboterarmgreifer-roboter-mechanische-krallen-roboterzubehoer-fuer-arduino\/"]}]},{"@type":"ImageObject","inLanguage":"de","@id":"https:\/\/easyliferobo.com\/de\/product\/f-fityle-schwarzer-roboterarmgreifer-roboter-mechanische-krallen-roboterzubehoer-fuer-arduino\/#primaryimage","url":"https:\/\/easyliferobo.com\/de\/wp-content\/uploads\/2026\/02\/51Hb0GbKPPL._AC_SL1024_.jpg","contentUrl":"https:\/\/easyliferobo.com\/de\/wp-content\/uploads\/2026\/02\/51Hb0GbKPPL._AC_SL1024_.jpg","width":840,"height":837},{"@type":"BreadcrumbList","@id":"https:\/\/easyliferobo.com\/de\/product\/f-fityle-schwarzer-roboterarmgreifer-roboter-mechanische-krallen-roboterzubehoer-fuer-arduino\/#breadcrumb","itemListElement":[{"@type":"ListItem","position":1,"name":"Home","item":"https:\/\/easyliferobo.com\/de\/"},{"@type":"ListItem","position":2,"name":"Shop","item":"https:\/\/easyliferobo.com\/de\/shop\/"},{"@type":"ListItem","position":3,"name":"F Fityle Schwarzer Roboterarmgreife..."}]},{"@type":"WebSite","@id":"https:\/\/easyliferobo.com\/de\/#website","url":"https:\/\/easyliferobo.com\/de\/","name":"EasyLifeBro","description":"Smarte Roboter f\u00fcr Zuhause, Garten &amp; Bildung","publisher":{"@id":"https:\/\/easyliferobo.com\/de\/#organization"},"potentialAction":[{"@type":"SearchAction","target":{"@type":"EntryPoint","urlTemplate":"https:\/\/easyliferobo.com\/de\/?s={search_term_string}"},"query-input":{"@type":"PropertyValueSpecification","valueRequired":true,"valueName":"search_term_string"}}],"inLanguage":"de"},{"@type":"Organization","@id":"https:\/\/easyliferobo.com\/de\/#organization","name":"EasyLifeBro","url":"https:\/\/easyliferobo.com\/de\/","logo":{"@type":"ImageObject","inLanguage":"de","@id":"https:\/\/easyliferobo.com\/de\/#\/schema\/logo\/image\/","url":"https:\/\/easyliferobo.com\/de\/wp-content\/uploads\/2026\/02\/Screenshot-2026-02-22-at-2.25.03-PM.png","contentUrl":"https:\/\/easyliferobo.com\/de\/wp-content\/uploads\/2026\/02\/Screenshot-2026-02-22-at-2.25.03-PM.png","width":1858,"height":430,"caption":"EasyLifeBro"},"image":{"@id":"https:\/\/easyliferobo.com\/de\/#\/schema\/logo\/image\/"}}]}},"_links":{"self":[{"href":"https:\/\/easyliferobo.com\/de\/wp-json\/wp\/v2\/product\/1933","targetHints":{"allow":["GET"]}}],"collection":[{"href":"https:\/\/easyliferobo.com\/de\/wp-json\/wp\/v2\/product"}],"about":[{"href":"https:\/\/easyliferobo.com\/de\/wp-json\/wp\/v2\/types\/product"}],"replies":[{"embeddable":true,"href":"https:\/\/easyliferobo.com\/de\/wp-json\/wp\/v2\/comments?post=1933"}],"wp:featuredmedia":[{"embeddable":true,"href":"https:\/\/easyliferobo.com\/de\/wp-json\/wp\/v2\/media\/1934"}],"wp:attachment":[{"href":"https:\/\/easyliferobo.com\/de\/wp-json\/wp\/v2\/media?parent=1933"}],"wp:term":[{"taxonomy":"store","embeddable":true,"href":"https:\/\/easyliferobo.com\/de\/wp-json\/wp\/v2\/store?post=1933"},{"taxonomy":"product_brand","embeddable":true,"href":"https:\/\/easyliferobo.com\/de\/wp-json\/wp\/v2\/product_brand?post=1933"},{"taxonomy":"product_cat","embeddable":true,"href":"https:\/\/easyliferobo.com\/de\/wp-json\/wp\/v2\/product_cat?post=1933"},{"taxonomy":"product_tag","embeddable":true,"href":"https:\/\/easyliferobo.com\/de\/wp-json\/wp\/v2\/product_tag?post=1933"}],"curies":[{"name":"wp","href":"https:\/\/api.w.org\/{rel}","templated":true}]}}