
{"id":1916,"date":"2026-02-27T01:53:11","date_gmt":"2026-02-27T01:53:11","guid":{"rendered":"https:\/\/easyliferobo.com\/de\/product\/drohne-mit-kamera-hd-4k-rc-faltbare-fpv-wifi-live-uebertragungsdrohne-fuer-kinder-anfaenger-2-batterien-lange-flugzeit-headless-modus-flugbahnflug-hindernisvermeidung-start-landung-mit-einer-ta\/"},"modified":"2026-02-27T01:53:24","modified_gmt":"2026-02-27T01:53:24","slug":"drohne-mit-kamera-hd-4k-rc-faltbare-fpv-wifi-live-uebertragungsdrohne-fuer-kinder-anfaenger-2-batterien-lange-flugzeit-headless-modus-flugbahnflug-hindernisvermeidung-start-landung-mit-einer-ta","status":"publish","type":"product","link":"https:\/\/easyliferobo.com\/de\/product\/drohne-mit-kamera-hd-4k-rc-faltbare-fpv-wifi-live-uebertragungsdrohne-fuer-kinder-anfaenger-2-batterien-lange-flugzeit-headless-modus-flugbahnflug-hindernisvermeidung-start-landung-mit-einer-ta\/","title":{"rendered":"Drohne mit Kamera HD 4K, RC faltbar..."},"content":{"rendered":"<p>\n                                             Produktbeschreibung   <\/p>\n<p>                                                                             <img decoding=\"async\" alt=\"Aplus-Inhaltsbild\" src=\"https:\/\/images-na.ssl-images-amazon.com\/images\/G\/01\/x-locale\/common\/grey-pixel.gif\" class=\"a-spacing-base a-lazy-loaded\" data-src=\"https:\/\/m.media-amazon.com\/images\/S\/aplus-media-library-service-media\/7e17af26-603c-4d8e-b247-f384d9ac50f5.__CR0,0,970,600_PT0_SX970_V1___.jpg\"><img decoding=\"async\" alt=\"Aplus-Inhaltsbild\" src=\"https:\/\/m.media-amazon.com\/images\/S\/aplus-media-library-service-media\/7e17af26-603c-4d8e-b247-f384d9ac50f5.__CR0,0,970,600_PT0_SX970_V1___.jpg\">                                                                    <\/p>\n<p class=\"apm-text-center\">\n                                                      <img decoding=\"async\" alt=\"Der Text lautet \u201eOne Key Start\/Landing\u201c. Die Abbildung zeigt eine Drohne mit senkrechten Pfeilen, die eine Auf-\/Abbewegung \u00fcber einem Landeplatzsymbol anzeigen.\" src=\"https:\/\/images-na.ssl-images-amazon.com\/images\/G\/01\/x-locale\/common\/grey-pixel.gif\" class=\"a-spacing-mini a-lazy-loaded\" data-src=\"https:\/\/m.media-amazon.com\/images\/S\/aplus-media-library-service-media\/a6af170f-b5d3-4a15-8cb8-291efd0d1c94.__CR0,0,300,300_PT0_SX300_V1___.jpg\"><img decoding=\"async\" alt=\"Der Text lautet \u201eOne Key Start\/Landing\u201c. Die Abbildung zeigt eine Drohne mit senkrechten Pfeilen, die eine Auf-\/Abbewegung \u00fcber einem Landeplatzsymbol anzeigen.\" src=\"https:\/\/m.media-amazon.com\/images\/S\/aplus-media-library-service-media\/a6af170f-b5d3-4a15-8cb8-291efd0d1c94.__CR0,0,300,300_PT0_SX300_V1___.jpg\">  <\/p>\n<p class=\"apm-text-center\">\n                                                      <img decoding=\"async\" alt=\"Der Text lautet \u201eHeadless Mode\u201c. Schnittstellendiagramm zur Drohnensteuerung mit Richtungsanzeigern mit Kompasspunkten (N, S, E, W) auf blauem Hintergrund.\" src=\"https:\/\/images-na.ssl-images-amazon.com\/images\/G\/01\/x-locale\/common\/grey-pixel.gif\" class=\"a-spacing-mini a-lazy-loaded\" data-src=\"https:\/\/m.media-amazon.com\/images\/S\/aplus-media-library-service-media\/10565e52-562b-4ce5-91fb-e943110f9680.__CR0,0,300,300_PT0_SX300_V1___.jpg\"><img decoding=\"async\" alt=\"Der Text lautet \u201eHeadless Mode\u201c. Schnittstellendiagramm zur Drohnensteuerung mit Richtungsanzeigern mit Kompasspunkten (N, S, E, W) auf blauem Hintergrund.\" src=\"https:\/\/m.media-amazon.com\/images\/S\/aplus-media-library-service-media\/10565e52-562b-4ce5-91fb-e943110f9680.__CR0,0,300,300_PT0_SX300_V1___.jpg\">  <\/p>\n<p class=\"apm-text-center\">\n                                                      <img decoding=\"async\" alt=\"Aplus-Inhaltsbild\" src=\"https:\/\/images-na.ssl-images-amazon.com\/images\/G\/01\/x-locale\/common\/grey-pixel.gif\" class=\"a-spacing-mini a-lazy-loaded\" data-src=\"https:\/\/m.media-amazon.com\/images\/S\/aplus-media-library-service-media\/9e6ee591-1f2b-48ba-a065-e5b43399938d.__CR0,0,300,300_PT0_SX300_V1___.jpg\"><img decoding=\"async\" alt=\"Aplus-Inhaltsbild\" src=\"https:\/\/m.media-amazon.com\/images\/S\/aplus-media-library-service-media\/9e6ee591-1f2b-48ba-a065-e5b43399938d.__CR0,0,300,300_PT0_SX300_V1___.jpg\">  <\/p>\n<p class=\"apm-text-center\">\n                                                      <img decoding=\"async\" alt=\"Aplus-Inhaltsbild\" src=\"https:\/\/images-na.ssl-images-amazon.com\/images\/G\/01\/x-locale\/common\/grey-pixel.gif\" class=\"a-spacing-mini a-lazy-loaded\" data-src=\"https:\/\/m.media-amazon.com\/images\/S\/aplus-media-library-service-media\/9d116179-90ff-4820-a3c0-548351f4db42.__CR0,0,300,300_PT0_SX300_V1___.jpg\"><img decoding=\"async\" alt=\"Aplus-Inhaltsbild\" src=\"https:\/\/m.media-amazon.com\/images\/S\/aplus-media-library-service-media\/9d116179-90ff-4820-a3c0-548351f4db42.__CR0,0,300,300_PT0_SX300_V1___.jpg\">  <\/p>\n<p>  Mit dem sicheren und zuverl\u00e4ssigen modularen Akkudesign k\u00f6nnen 2 Akkus bis zu 18 Minuten Flugzeit genie\u00dfen. Er l\u00e4sst sich leicht ein- und ausbauen und bietet ultimative Sicherheit und mehr Schutz f\u00fcr Ihren Flug. <\/p>\n<p class=\"apm-text-center\">\n                                                      <img decoding=\"async\" alt=\"Aplus-Inhaltsbild\" src=\"https:\/\/images-na.ssl-images-amazon.com\/images\/G\/01\/x-locale\/common\/grey-pixel.gif\" class=\"a-spacing-mini a-lazy-loaded\" data-src=\"https:\/\/m.media-amazon.com\/images\/S\/aplus-media-library-service-media\/eda349f6-2c3f-4c98-bfa3-124495d45713.__CR0,0,300,300_PT0_SX300_V1___.jpg\"><img decoding=\"async\" alt=\"Aplus-Inhaltsbild\" src=\"https:\/\/m.media-amazon.com\/images\/S\/aplus-media-library-service-media\/eda349f6-2c3f-4c98-bfa3-124495d45713.__CR0,0,300,300_PT0_SX300_V1___.jpg\">  <\/p>\n<p>  Stellen Sie ein V-Zeichen oder eine Handfl\u00e4che vor der Kamera ein, die Drohne kann automatisch Fotos oder Videos aufnehmen, gut f\u00fcr Selfies. <\/p>\n<p class=\"apm-text-center\">\n                                                      <img decoding=\"async\" alt=\"Aplus-Inhaltsbild\" src=\"https:\/\/images-na.ssl-images-amazon.com\/images\/G\/01\/x-locale\/common\/grey-pixel.gif\" class=\"a-spacing-mini a-lazy-loaded\" data-src=\"https:\/\/m.media-amazon.com\/images\/S\/aplus-media-library-service-media\/ae89601e-1389-4112-b26c-5dc00119da48.__CR0,0,300,300_PT0_SX300_V1___.jpg\"><img decoding=\"async\" alt=\"Aplus-Inhaltsbild\" src=\"https:\/\/m.media-amazon.com\/images\/S\/aplus-media-library-service-media\/ae89601e-1389-4112-b26c-5dc00119da48.__CR0,0,300,300_PT0_SX300_V1___.jpg\">  <\/p>\n<p>  Zeichnen Sie auf dem App-Bildschirm eine individuelle Route und die Drohne folgt dem entsprechenden Pfad. Ein einfaches und <\/p>\n<p>  lustiges Flugerlebnis, das lhre Fantasie regt. <\/p>\n<p>                                                                             <img decoding=\"async\" alt=\"Aplus-Inhaltsbild\" src=\"https:\/\/images-na.ssl-images-amazon.com\/images\/G\/01\/x-locale\/common\/grey-pixel.gif\" class=\"a-spacing-base a-lazy-loaded\" data-src=\"https:\/\/m.media-amazon.com\/images\/S\/aplus-media-library-service-media\/5c52796f-e587-41ca-883f-df8cfbaafbbf.__CR0,0,970,600_PT0_SX970_V1___.jpg\"><img decoding=\"async\" alt=\"Aplus-Inhaltsbild\" src=\"https:\/\/m.media-amazon.com\/images\/S\/aplus-media-library-service-media\/5c52796f-e587-41ca-883f-df8cfbaafbbf.__CR0,0,970,600_PT0_SX970_V1___.jpg\">                                                                    <\/p>\n<p>                                                                             <img decoding=\"async\" alt=\"Aplus-Inhaltsbild\" src=\"https:\/\/images-na.ssl-images-amazon.com\/images\/G\/01\/x-locale\/common\/grey-pixel.gif\" class=\"a-spacing-base a-lazy-loaded\" data-src=\"https:\/\/m.media-amazon.com\/images\/S\/aplus-media-library-service-media\/c049c106-4ab1-47fd-8a05-aa49d480e807.__CR0,0,970,600_PT0_SX970_V1___.jpg\"><img decoding=\"async\" alt=\"Aplus-Inhaltsbild\" src=\"https:\/\/m.media-amazon.com\/images\/S\/aplus-media-library-service-media\/c049c106-4ab1-47fd-8a05-aa49d480e807.__CR0,0,970,600_PT0_SX970_V1___.jpg\">                                                                    <\/p>\n<p>FPV-Drohnen mit Kamera-Live-Video 120\u00b0-Weitwinkel-HD 4K: Mit dem FPV k\u00f6nnen Sie 120\u00b0-Weitwinkel-4K-HD-Fotos und -Videos am gew\u00fcnschten Ort aufnehmen. F89 verf\u00fcgt \u00fcber eine FPV-Echtzeit\u00fcbertragung \u00fcber das App-System. Fotos\/Videos mit Gesten automatisch. A22<br \/>Faltbare Drohne mit langer Flugzeit: Mit zwei verbesserten Akkus k\u00f6nnen Sie die Drohne f\u00fcr faltbare und flexible Klingen verwenden, um die Drohne klein und tragbar zu machen. Sie m\u00fcssen die Drohne nicht registrieren oder einen Drohnenpilotenschein erwerben.<br \/>Drohne mit Dual-Kameras \/ optische Flusspositionierung: Die HD-Frontkamera und die untere optische Flusskamera k\u00f6nnen umgeschaltet werden, sodass Sie sowohl wunderbare Echtzeitbilder des Himmels als auch der Offroad-Situation unter dem Flugzeug haben. Der Quadcopter ist h\u00f6henverstellbar.<br \/>Alle Funktionen: automatischer Schwebeflug (Automatic Hovering) \/ H\u00f6henhaltung, First Person View (FPV), Start und Landung mit einem Knopf, Drehen mit einem Knopf \/ Follow Me, Trajektorienflug, wendiges Fliegen und mehr. Eine tolle Spa\u00dfdrohne mit Kamera f\u00fcr Erwachsene.<br \/>Sicherer Flug und langlebig: Schutzgitter und zusammengesetztes Flugzeugk\u00f6rpermaterial sorgen f\u00fcr zus\u00e4tzliche Haltbarkeit bei harten Landungen oder Abst\u00fcrzen, also nicht nur eine ideale Drohne f\u00fcr Erwachsene, sondern auch eine perfekte Geschenkdrohne f\u00fcr Anf\u00e4ngerkinder. A22<\/p>\n<p>[ad_2]<\/p>\n","protected":false},"excerpt":{"rendered":"<p>Produktbeschreibung Mit dem sicheren und zuverl\u00e4ssigen modularen Akkudesign k\u00f6nnen 2 Akkus bis zu 18 Minuten Flugzeit genie\u00dfen. Er l\u00e4sst sich leicht ein- und ausbauen und bietet ultimative Sicherheit und mehr Schutz f\u00fcr Ihren Flug. Stellen Sie ein V-Zeichen oder eine Handfl\u00e4che vor der Kamera ein, die Drohne kann automatisch Fotos oder Videos aufnehmen, gut f\u00fcr [&hellip;]<\/p>\n","protected":false},"featured_media":1917,"comment_status":"open","ping_status":"closed","template":"","meta":{"_aipt_faq_data":""},"store":[],"product_brand":[364],"product_cat":[103],"product_tag":[363],"class_list":{"0":"post-1916","1":"product","2":"type-product","3":"status-publish","4":"has-post-thumbnail","6":"product_brand-bfhdbdt","7":"product_cat-kamera-drohnen","8":"product_tag-faltbare-kamera-drohnen-mit-hd","10":"first","11":"instock","12":"sale","13":"shipping-taxable","14":"product-type-external"},"yoast_head":"<!-- This site is optimized with the Yoast SEO plugin v27.4 - https:\/\/yoast.com\/product\/yoast-seo-wordpress\/ -->\n<title>Drohne mit Kamera HD 4K, RC faltbare FPV WiFi Live-\u00dcbertragungsdrohne f\u00fcr Kinder Anf\u00e4nger, 2 Batterien, lange Flugzeit, Headless-Modus, Flugbahnflug, Hindernisvermeidung, Start\/Landung mit einer Taste - EasyLifeBro<\/title>\n<meta name=\"description\" content=\"Entdecken Sie smarte Roboter f\u00fcr Zuhause, Garten, Bildung und Sicherheit. Vergleichen Sie Saugroboter, Rasenm\u00e4hroboter, KI-Begleitroboter und mehr bei EasyLifeRobo.\" \/>\n<meta name=\"robots\" content=\"index, follow, max-snippet:-1, max-image-preview:large, max-video-preview:-1\" \/>\n<link rel=\"canonical\" href=\"https:\/\/easyliferobo.com\/de\/product\/drohne-mit-kamera-hd-4k-rc-faltbare-fpv-wifi-live-uebertragungsdrohne-fuer-kinder-anfaenger-2-batterien-lange-flugzeit-headless-modus-flugbahnflug-hindernisvermeidung-start-landung-mit-einer-ta\/\" \/>\n<meta property=\"og:locale\" content=\"de_DE\" \/>\n<meta property=\"og:type\" content=\"article\" \/>\n<meta property=\"og:title\" content=\"Drohne mit Kamera HD 4K, RC faltbare FPV WiFi Live-\u00dcbertragungsdrohne f\u00fcr Kinder Anf\u00e4nger, 2 Batterien, lange Flugzeit, Headless-Modus, Flugbahnflug, Hindernisvermeidung, Start\/Landung mit einer Taste - EasyLifeBro\" \/>\n<meta property=\"og:description\" content=\"Entdecken Sie smarte Roboter f\u00fcr Zuhause, Garten, Bildung und Sicherheit. Vergleichen Sie Saugroboter, Rasenm\u00e4hroboter, KI-Begleitroboter und mehr bei EasyLifeRobo.\" \/>\n<meta property=\"og:url\" content=\"https:\/\/easyliferobo.com\/de\/product\/drohne-mit-kamera-hd-4k-rc-faltbare-fpv-wifi-live-uebertragungsdrohne-fuer-kinder-anfaenger-2-batterien-lange-flugzeit-headless-modus-flugbahnflug-hindernisvermeidung-start-landung-mit-einer-ta\/\" \/>\n<meta property=\"og:site_name\" content=\"EasyLifeBro\" \/>\n<meta property=\"article:modified_time\" content=\"2026-02-27T01:53:24+00:00\" \/>\n<meta property=\"og:image\" content=\"https:\/\/images-na.ssl-images-amazon.com\/images\/G\/01\/x-locale\/common\/grey-pixel.gif\" \/>\n<meta name=\"twitter:card\" content=\"summary_large_image\" \/>\n<meta name=\"twitter:label1\" content=\"Gesch\u00e4tzte Lesezeit\" \/>\n\t<meta name=\"twitter:data1\" content=\"1\u00a0Minute\" \/>\n<script type=\"application\/ld+json\" class=\"yoast-schema-graph\">{\"@context\":\"https:\\\/\\\/schema.org\",\"@graph\":[{\"@type\":\"WebPage\",\"@id\":\"https:\\\/\\\/easyliferobo.com\\\/de\\\/product\\\/drohne-mit-kamera-hd-4k-rc-faltbare-fpv-wifi-live-uebertragungsdrohne-fuer-kinder-anfaenger-2-batterien-lange-flugzeit-headless-modus-flugbahnflug-hindernisvermeidung-start-landung-mit-einer-ta\\\/\",\"url\":\"https:\\\/\\\/easyliferobo.com\\\/de\\\/product\\\/drohne-mit-kamera-hd-4k-rc-faltbare-fpv-wifi-live-uebertragungsdrohne-fuer-kinder-anfaenger-2-batterien-lange-flugzeit-headless-modus-flugbahnflug-hindernisvermeidung-start-landung-mit-einer-ta\\\/\",\"name\":\"Drohne mit Kamera HD 4K, RC faltbare FPV WiFi Live-\u00dcbertragungsdrohne f\u00fcr Kinder Anf\u00e4nger, 2 Batterien, lange Flugzeit, Headless-Modus, Flugbahnflug, Hindernisvermeidung, Start\\\/Landung mit einer Taste - EasyLifeBro\",\"isPartOf\":{\"@id\":\"https:\\\/\\\/easyliferobo.com\\\/de\\\/#website\"},\"primaryImageOfPage\":{\"@id\":\"https:\\\/\\\/easyliferobo.com\\\/de\\\/product\\\/drohne-mit-kamera-hd-4k-rc-faltbare-fpv-wifi-live-uebertragungsdrohne-fuer-kinder-anfaenger-2-batterien-lange-flugzeit-headless-modus-flugbahnflug-hindernisvermeidung-start-landung-mit-einer-ta\\\/#primaryimage\"},\"image\":{\"@id\":\"https:\\\/\\\/easyliferobo.com\\\/de\\\/product\\\/drohne-mit-kamera-hd-4k-rc-faltbare-fpv-wifi-live-uebertragungsdrohne-fuer-kinder-anfaenger-2-batterien-lange-flugzeit-headless-modus-flugbahnflug-hindernisvermeidung-start-landung-mit-einer-ta\\\/#primaryimage\"},\"thumbnailUrl\":\"https:\\\/\\\/easyliferobo.com\\\/de\\\/wp-content\\\/uploads\\\/2026\\\/02\\\/61E0BakLA4L._AC_SL1500_.jpg\",\"datePublished\":\"2026-02-27T01:53:11+00:00\",\"dateModified\":\"2026-02-27T01:53:24+00:00\",\"description\":\"Entdecken Sie smarte Roboter f\u00fcr Zuhause, Garten, Bildung und Sicherheit. Vergleichen Sie Saugroboter, Rasenm\u00e4hroboter, KI-Begleitroboter und mehr bei EasyLifeRobo.\",\"breadcrumb\":{\"@id\":\"https:\\\/\\\/easyliferobo.com\\\/de\\\/product\\\/drohne-mit-kamera-hd-4k-rc-faltbare-fpv-wifi-live-uebertragungsdrohne-fuer-kinder-anfaenger-2-batterien-lange-flugzeit-headless-modus-flugbahnflug-hindernisvermeidung-start-landung-mit-einer-ta\\\/#breadcrumb\"},\"inLanguage\":\"de\",\"potentialAction\":[{\"@type\":\"ReadAction\",\"target\":[\"https:\\\/\\\/easyliferobo.com\\\/de\\\/product\\\/drohne-mit-kamera-hd-4k-rc-faltbare-fpv-wifi-live-uebertragungsdrohne-fuer-kinder-anfaenger-2-batterien-lange-flugzeit-headless-modus-flugbahnflug-hindernisvermeidung-start-landung-mit-einer-ta\\\/\"]}]},{\"@type\":\"ImageObject\",\"inLanguage\":\"de\",\"@id\":\"https:\\\/\\\/easyliferobo.com\\\/de\\\/product\\\/drohne-mit-kamera-hd-4k-rc-faltbare-fpv-wifi-live-uebertragungsdrohne-fuer-kinder-anfaenger-2-batterien-lange-flugzeit-headless-modus-flugbahnflug-hindernisvermeidung-start-landung-mit-einer-ta\\\/#primaryimage\",\"url\":\"https:\\\/\\\/easyliferobo.com\\\/de\\\/wp-content\\\/uploads\\\/2026\\\/02\\\/61E0BakLA4L._AC_SL1500_.jpg\",\"contentUrl\":\"https:\\\/\\\/easyliferobo.com\\\/de\\\/wp-content\\\/uploads\\\/2026\\\/02\\\/61E0BakLA4L._AC_SL1500_.jpg\",\"width\":1500,\"height\":1303},{\"@type\":\"BreadcrumbList\",\"@id\":\"https:\\\/\\\/easyliferobo.com\\\/de\\\/product\\\/drohne-mit-kamera-hd-4k-rc-faltbare-fpv-wifi-live-uebertragungsdrohne-fuer-kinder-anfaenger-2-batterien-lange-flugzeit-headless-modus-flugbahnflug-hindernisvermeidung-start-landung-mit-einer-ta\\\/#breadcrumb\",\"itemListElement\":[{\"@type\":\"ListItem\",\"position\":1,\"name\":\"Home\",\"item\":\"https:\\\/\\\/easyliferobo.com\\\/de\\\/\"},{\"@type\":\"ListItem\",\"position\":2,\"name\":\"Shop\",\"item\":\"https:\\\/\\\/easyliferobo.com\\\/de\\\/shop\\\/\"},{\"@type\":\"ListItem\",\"position\":3,\"name\":\"Drohne mit Kamera HD 4K, RC faltbar...\"}]},{\"@type\":\"WebSite\",\"@id\":\"https:\\\/\\\/easyliferobo.com\\\/de\\\/#website\",\"url\":\"https:\\\/\\\/easyliferobo.com\\\/de\\\/\",\"name\":\"EasyLifeBro\",\"description\":\"Smarte Roboter f\u00fcr Zuhause, Garten &amp; Bildung\",\"publisher\":{\"@id\":\"https:\\\/\\\/easyliferobo.com\\\/de\\\/#organization\"},\"potentialAction\":[{\"@type\":\"SearchAction\",\"target\":{\"@type\":\"EntryPoint\",\"urlTemplate\":\"https:\\\/\\\/easyliferobo.com\\\/de\\\/?s={search_term_string}\"},\"query-input\":{\"@type\":\"PropertyValueSpecification\",\"valueRequired\":true,\"valueName\":\"search_term_string\"}}],\"inLanguage\":\"de\"},{\"@type\":\"Organization\",\"@id\":\"https:\\\/\\\/easyliferobo.com\\\/de\\\/#organization\",\"name\":\"EasyLifeBro\",\"url\":\"https:\\\/\\\/easyliferobo.com\\\/de\\\/\",\"logo\":{\"@type\":\"ImageObject\",\"inLanguage\":\"de\",\"@id\":\"https:\\\/\\\/easyliferobo.com\\\/de\\\/#\\\/schema\\\/logo\\\/image\\\/\",\"url\":\"https:\\\/\\\/easyliferobo.com\\\/de\\\/wp-content\\\/uploads\\\/2026\\\/02\\\/Screenshot-2026-02-22-at-2.25.03-PM.png\",\"contentUrl\":\"https:\\\/\\\/easyliferobo.com\\\/de\\\/wp-content\\\/uploads\\\/2026\\\/02\\\/Screenshot-2026-02-22-at-2.25.03-PM.png\",\"width\":1858,\"height\":430,\"caption\":\"EasyLifeBro\"},\"image\":{\"@id\":\"https:\\\/\\\/easyliferobo.com\\\/de\\\/#\\\/schema\\\/logo\\\/image\\\/\"}}]}<\/script>\n<!-- \/ Yoast SEO plugin. -->","yoast_head_json":{"title":"Drohne mit Kamera HD 4K, RC faltbare FPV WiFi Live-\u00dcbertragungsdrohne f\u00fcr Kinder Anf\u00e4nger, 2 Batterien, lange Flugzeit, Headless-Modus, Flugbahnflug, Hindernisvermeidung, Start\/Landung mit einer Taste - EasyLifeBro","description":"Entdecken Sie smarte Roboter f\u00fcr Zuhause, Garten, Bildung und Sicherheit. Vergleichen Sie Saugroboter, Rasenm\u00e4hroboter, KI-Begleitroboter und mehr bei EasyLifeRobo.","robots":{"index":"index","follow":"follow","max-snippet":"max-snippet:-1","max-image-preview":"max-image-preview:large","max-video-preview":"max-video-preview:-1"},"canonical":"https:\/\/easyliferobo.com\/de\/product\/drohne-mit-kamera-hd-4k-rc-faltbare-fpv-wifi-live-uebertragungsdrohne-fuer-kinder-anfaenger-2-batterien-lange-flugzeit-headless-modus-flugbahnflug-hindernisvermeidung-start-landung-mit-einer-ta\/","og_locale":"de_DE","og_type":"article","og_title":"Drohne mit Kamera HD 4K, RC faltbare FPV WiFi Live-\u00dcbertragungsdrohne f\u00fcr Kinder Anf\u00e4nger, 2 Batterien, lange Flugzeit, Headless-Modus, Flugbahnflug, Hindernisvermeidung, Start\/Landung mit einer Taste - EasyLifeBro","og_description":"Entdecken Sie smarte Roboter f\u00fcr Zuhause, Garten, Bildung und Sicherheit. Vergleichen Sie Saugroboter, Rasenm\u00e4hroboter, KI-Begleitroboter und mehr bei EasyLifeRobo.","og_url":"https:\/\/easyliferobo.com\/de\/product\/drohne-mit-kamera-hd-4k-rc-faltbare-fpv-wifi-live-uebertragungsdrohne-fuer-kinder-anfaenger-2-batterien-lange-flugzeit-headless-modus-flugbahnflug-hindernisvermeidung-start-landung-mit-einer-ta\/","og_site_name":"EasyLifeBro","article_modified_time":"2026-02-27T01:53:24+00:00","og_image":[{"url":"https:\/\/images-na.ssl-images-amazon.com\/images\/G\/01\/x-locale\/common\/grey-pixel.gif","type":"","width":"","height":""}],"twitter_card":"summary_large_image","twitter_misc":{"Gesch\u00e4tzte Lesezeit":"1\u00a0Minute"},"schema":{"@context":"https:\/\/schema.org","@graph":[{"@type":"WebPage","@id":"https:\/\/easyliferobo.com\/de\/product\/drohne-mit-kamera-hd-4k-rc-faltbare-fpv-wifi-live-uebertragungsdrohne-fuer-kinder-anfaenger-2-batterien-lange-flugzeit-headless-modus-flugbahnflug-hindernisvermeidung-start-landung-mit-einer-ta\/","url":"https:\/\/easyliferobo.com\/de\/product\/drohne-mit-kamera-hd-4k-rc-faltbare-fpv-wifi-live-uebertragungsdrohne-fuer-kinder-anfaenger-2-batterien-lange-flugzeit-headless-modus-flugbahnflug-hindernisvermeidung-start-landung-mit-einer-ta\/","name":"Drohne mit Kamera HD 4K, RC faltbare FPV WiFi Live-\u00dcbertragungsdrohne f\u00fcr Kinder Anf\u00e4nger, 2 Batterien, lange Flugzeit, Headless-Modus, Flugbahnflug, Hindernisvermeidung, Start\/Landung mit einer Taste - EasyLifeBro","isPartOf":{"@id":"https:\/\/easyliferobo.com\/de\/#website"},"primaryImageOfPage":{"@id":"https:\/\/easyliferobo.com\/de\/product\/drohne-mit-kamera-hd-4k-rc-faltbare-fpv-wifi-live-uebertragungsdrohne-fuer-kinder-anfaenger-2-batterien-lange-flugzeit-headless-modus-flugbahnflug-hindernisvermeidung-start-landung-mit-einer-ta\/#primaryimage"},"image":{"@id":"https:\/\/easyliferobo.com\/de\/product\/drohne-mit-kamera-hd-4k-rc-faltbare-fpv-wifi-live-uebertragungsdrohne-fuer-kinder-anfaenger-2-batterien-lange-flugzeit-headless-modus-flugbahnflug-hindernisvermeidung-start-landung-mit-einer-ta\/#primaryimage"},"thumbnailUrl":"https:\/\/easyliferobo.com\/de\/wp-content\/uploads\/2026\/02\/61E0BakLA4L._AC_SL1500_.jpg","datePublished":"2026-02-27T01:53:11+00:00","dateModified":"2026-02-27T01:53:24+00:00","description":"Entdecken Sie smarte Roboter f\u00fcr Zuhause, Garten, Bildung und Sicherheit. Vergleichen Sie Saugroboter, Rasenm\u00e4hroboter, KI-Begleitroboter und mehr bei EasyLifeRobo.","breadcrumb":{"@id":"https:\/\/easyliferobo.com\/de\/product\/drohne-mit-kamera-hd-4k-rc-faltbare-fpv-wifi-live-uebertragungsdrohne-fuer-kinder-anfaenger-2-batterien-lange-flugzeit-headless-modus-flugbahnflug-hindernisvermeidung-start-landung-mit-einer-ta\/#breadcrumb"},"inLanguage":"de","potentialAction":[{"@type":"ReadAction","target":["https:\/\/easyliferobo.com\/de\/product\/drohne-mit-kamera-hd-4k-rc-faltbare-fpv-wifi-live-uebertragungsdrohne-fuer-kinder-anfaenger-2-batterien-lange-flugzeit-headless-modus-flugbahnflug-hindernisvermeidung-start-landung-mit-einer-ta\/"]}]},{"@type":"ImageObject","inLanguage":"de","@id":"https:\/\/easyliferobo.com\/de\/product\/drohne-mit-kamera-hd-4k-rc-faltbare-fpv-wifi-live-uebertragungsdrohne-fuer-kinder-anfaenger-2-batterien-lange-flugzeit-headless-modus-flugbahnflug-hindernisvermeidung-start-landung-mit-einer-ta\/#primaryimage","url":"https:\/\/easyliferobo.com\/de\/wp-content\/uploads\/2026\/02\/61E0BakLA4L._AC_SL1500_.jpg","contentUrl":"https:\/\/easyliferobo.com\/de\/wp-content\/uploads\/2026\/02\/61E0BakLA4L._AC_SL1500_.jpg","width":1500,"height":1303},{"@type":"BreadcrumbList","@id":"https:\/\/easyliferobo.com\/de\/product\/drohne-mit-kamera-hd-4k-rc-faltbare-fpv-wifi-live-uebertragungsdrohne-fuer-kinder-anfaenger-2-batterien-lange-flugzeit-headless-modus-flugbahnflug-hindernisvermeidung-start-landung-mit-einer-ta\/#breadcrumb","itemListElement":[{"@type":"ListItem","position":1,"name":"Home","item":"https:\/\/easyliferobo.com\/de\/"},{"@type":"ListItem","position":2,"name":"Shop","item":"https:\/\/easyliferobo.com\/de\/shop\/"},{"@type":"ListItem","position":3,"name":"Drohne mit Kamera HD 4K, RC faltbar..."}]},{"@type":"WebSite","@id":"https:\/\/easyliferobo.com\/de\/#website","url":"https:\/\/easyliferobo.com\/de\/","name":"EasyLifeBro","description":"Smarte Roboter f\u00fcr Zuhause, Garten &amp; Bildung","publisher":{"@id":"https:\/\/easyliferobo.com\/de\/#organization"},"potentialAction":[{"@type":"SearchAction","target":{"@type":"EntryPoint","urlTemplate":"https:\/\/easyliferobo.com\/de\/?s={search_term_string}"},"query-input":{"@type":"PropertyValueSpecification","valueRequired":true,"valueName":"search_term_string"}}],"inLanguage":"de"},{"@type":"Organization","@id":"https:\/\/easyliferobo.com\/de\/#organization","name":"EasyLifeBro","url":"https:\/\/easyliferobo.com\/de\/","logo":{"@type":"ImageObject","inLanguage":"de","@id":"https:\/\/easyliferobo.com\/de\/#\/schema\/logo\/image\/","url":"https:\/\/easyliferobo.com\/de\/wp-content\/uploads\/2026\/02\/Screenshot-2026-02-22-at-2.25.03-PM.png","contentUrl":"https:\/\/easyliferobo.com\/de\/wp-content\/uploads\/2026\/02\/Screenshot-2026-02-22-at-2.25.03-PM.png","width":1858,"height":430,"caption":"EasyLifeBro"},"image":{"@id":"https:\/\/easyliferobo.com\/de\/#\/schema\/logo\/image\/"}}]}},"_links":{"self":[{"href":"https:\/\/easyliferobo.com\/de\/wp-json\/wp\/v2\/product\/1916","targetHints":{"allow":["GET"]}}],"collection":[{"href":"https:\/\/easyliferobo.com\/de\/wp-json\/wp\/v2\/product"}],"about":[{"href":"https:\/\/easyliferobo.com\/de\/wp-json\/wp\/v2\/types\/product"}],"replies":[{"embeddable":true,"href":"https:\/\/easyliferobo.com\/de\/wp-json\/wp\/v2\/comments?post=1916"}],"wp:featuredmedia":[{"embeddable":true,"href":"https:\/\/easyliferobo.com\/de\/wp-json\/wp\/v2\/media\/1917"}],"wp:attachment":[{"href":"https:\/\/easyliferobo.com\/de\/wp-json\/wp\/v2\/media?parent=1916"}],"wp:term":[{"taxonomy":"store","embeddable":true,"href":"https:\/\/easyliferobo.com\/de\/wp-json\/wp\/v2\/store?post=1916"},{"taxonomy":"product_brand","embeddable":true,"href":"https:\/\/easyliferobo.com\/de\/wp-json\/wp\/v2\/product_brand?post=1916"},{"taxonomy":"product_cat","embeddable":true,"href":"https:\/\/easyliferobo.com\/de\/wp-json\/wp\/v2\/product_cat?post=1916"},{"taxonomy":"product_tag","embeddable":true,"href":"https:\/\/easyliferobo.com\/de\/wp-json\/wp\/v2\/product_tag?post=1916"}],"curies":[{"name":"wp","href":"https:\/\/api.w.org\/{rel}","templated":true}]}}