
{"id":1909,"date":"2026-02-27T01:51:20","date_gmt":"2026-02-27T01:51:20","guid":{"rendered":"https:\/\/easyliferobo.com\/de\/product\/dji-goggles-n3-fpv-brille-mit-1080p-ultra-breitbildschirm-immersives-flugerlebnis-fpv-brille-fuer-drohnen-kabelloses-streaming-brille-fuer-drohnen-gebrauchsfertiges-kit-ar-cursor\/"},"modified":"2026-02-27T01:51:32","modified_gmt":"2026-02-27T01:51:32","slug":"dji-goggles-n3-fpv-brille-mit-1080p-ultra-breitbildschirm-immersives-flugerlebnis-fpv-brille-fuer-drohnen-kabelloses-streaming-brille-fuer-drohnen-gebrauchsfertiges-kit-ar-cursor","status":"publish","type":"product","link":"https:\/\/easyliferobo.com\/de\/product\/dji-goggles-n3-fpv-brille-mit-1080p-ultra-breitbildschirm-immersives-flugerlebnis-fpv-brille-fuer-drohnen-kabelloses-streaming-brille-fuer-drohnen-gebrauchsfertiges-kit-ar-cursor\/","title":{"rendered":"DJI Goggles N3, FPV-Brille mit 1080..."},"content":{"rendered":"<p>    <span>\u00dcberblick <br \/>Erleben Sie einen aufregenden und immersiven Flug mit der DJI Goggles N3. Ausgestattet mit einem ultrabreiten 1080p-Bildschirm, DJI O4-Video\u00fcbertragung, einer max. Mit einer Akkulaufzeit von 2,7 Stunden (2) und mehr bietet es nahtlose Steuerung und atemberaubende Bilder. Genie\u00dfen Sie eine bequeme Passform, eine Entfeuchtung mit nur einem Tastendruck und teilen Sie Live-Feeds in Echtzeit. <br \/>Hinweise: <br \/>1. DJI Neo, DJI Avata 2 und DJI RC Motion 3 sind separat erh\u00e4ltlich. <br \/>2. Die maximale Betriebszeit von 2,7 Stunden wurde bei einer Umgebungstemperatur von 25 \u00b0C, einer Displayhelligkeit von 6, einer Verbindung zum DJI Avata 2, einem Video\u00fcbertragungsmodus von 1080p\/100fps, deaktivierter Kopfsteuerung und vollst\u00e4ndig aufgeladenem Goggles-Akku und ohne Stromversorgung externer Ger\u00e4te wie Smartphones gemessen. <br \/>3. Gemessen in Verbindung mit dem DJI Avata 2, bei einer Video\u00fcbertragung von 1080p\/100fps und in einer offenen Au\u00dfenumgebung ohne St\u00f6rungen. Die durchschnittliche Latenz von 58 ms wurde in Verbindung mit DJI Neo, bei einer Video\u00fcbertragung von 1080p\/100fps und in einer offenen Au\u00dfenumgebung ohne St\u00f6rungen gemessen. <br \/>4. Gemessen in Verbindung mit dem DJI Avata 2, gem\u00e4\u00df FCC-Standards, in einer offenen Au\u00dfenumgebung ohne St\u00f6rungen und unter Beibehaltung der maximalen Flugentfernung des Flugzeugs. Unter den gleichen Testbedingungen betr\u00e4gt die \u00dcbertragungsreichweite mit dem DJI Neo 10 km (FCC) und 6 km (CE\/SRRC\/MIC). <br \/>5. Gemessen mit dem Avata 2 in einer offenen Umgebung ohne St\u00f6rungen. Die Bitrate der Video\u00fcbertragung variiert je nach Betriebsumgebung. Unter den gleichen Testbedingungen betr\u00e4gt die maximale Bitrate 50 Mbit\/s bei Verbindung mit dem Neo. <br \/>6. Gemessen in Verbindung mit dem Neo und dem RC Motion 3 w\u00e4hrend eines Dauerfluges mit konstanter Geschwindigkeit im Normalmodus. <br \/>7. Im Lieferumfang enthalten und sollte installiert werden, um eine Dioptrieneinstellung zu erreichen. <br \/>8. Die maximale Betriebszeit von 3 Stunden wurde bei einer Umgebungstemperatur von 25\u00b0C, einer Displayhelligkeit von 4, einer Verbindung mit Avata 2, einem Video\u00fcbertragungsmodus von 1080p\/100fps, deaktivierter Kopfsteuerung, deaktivierter Real View und voll geladenem Brillenakku und ohne Stromversorgung zu externen Ger\u00e4ten wie Smartphones gemessen. <br \/>9. Die Daten wurden in einem Labor gemessen und dienen nur als Referenz. Konkrete Testbedingungen finden Sie auf der jeweiligen Produktseite auf der offiziellen DJI-Website. <br \/>10. Gem\u00e4\u00df FCC-Standards und abh\u00e4ngig von der maximalen Flugentfernung des Flugzeugs, gemessen in einer st\u00f6rungsfreien Au\u00dfenumgebung. Beim Einsatz mit verschiedenen Flugzeugen w\u00e4hlt Googles automatisch die passende Firmware aus, die den Spezifikationen der Video\u00fcbertragung des Flugzeugs entspricht. <br \/><\/span>    <br \/>Fliegen Sie durch den Himmel \u2013 Genie\u00dfen Sie ein atemberaubendes Flugerlebnis mit RC Motion 3, DJI Neo und FPV-Drohnen wie DJI Avata 2 (1) und erhalten Sie dank eines ultrabreiten 1080p-Bildschirms ein weites Sichtfeld auf Ihrem Flug.<br \/>Bereit zum Abheben \u2013 Die N3-Brille verf\u00fcgt \u00fcber einen ger\u00e4umigen Innenraum, der ein bequemes Tragen der Brille erm\u00f6glicht, ohne dass Dioptrieneinstellungen oder Linseninstallationen erforderlich sind. Einfach anziehen und los geht\u2019s.<br \/>Un\u00fcbertroffene Sicht \u2013 Die DJI Goggles N3 verf\u00fcgt \u00fcber einen 1080p 60 Hz LCD-Bildschirm und ein beeindruckendes Sichtfeld von 54\u00b0. Genie\u00dfen Sie atemberaubende Ausblicke mit minimalem Schwindelgef\u00fchl und lebendigen Flugszenen vor Ihren Augen.<br \/>Robuste und stabile \u00dcbertragung \u2013 Die fortschrittliche digitale Video\u00fcbertragung des DJI O4 bietet eine hervorragende Anti-Interferenz-Leistung mit 1080p\/60fps-Feeds, einer extrem niedrigen Latenz von 31 ms (3) und einer maximalen Reichweite von 13 km. (4)<br \/>Vereinfachte und intuitive Steuerung \u2013 DJI RC Motion 3 (1) kann vor dem Start oder im Schwebeflug nach dem Bremsen als AR-Cursor verwendet werden, mit dem Sie Funktionen und Einstellungen einfach bedienen k\u00f6nnen.<br \/>Weniger Aufladen und mehr Fliegen \u2013 Bei voller Ladung bietet die DJI Goggles N3 eine Betriebszeit von 2,7 Stunden. Genug Zeit, um Ihrer kreativen Leidenschaft und Ihrem vollen Potenzial freien Lauf zu lassen.<br \/>Kompatibilit\u00e4t \u2013 Kompatibel mit DJI Avata 2, DJI Neo, DJI O4 Air Unit Pro, DJI O4 Air Unit, DJI RC Motion 3 und DJI FPV Remote Control 3. Bitte beachten Sie, dass die Brille N3 nicht mit DJI RC Motion 2, DJI FPV Remote Control 2, DJI RC-N3 und DJI RC 2 funktioniert.<\/p>\n<p>[ad_2]<\/p>\n","protected":false},"excerpt":{"rendered":"<p>\u00dcberblick Erleben Sie einen aufregenden und immersiven Flug mit der DJI Goggles N3. Ausgestattet mit einem ultrabreiten 1080p-Bildschirm, DJI O4-Video\u00fcbertragung, einer max. Mit einer Akkulaufzeit von 2,7 Stunden (2) und mehr bietet es nahtlose Steuerung und atemberaubende Bilder. Genie\u00dfen Sie eine bequeme Passform, eine Entfeuchtung mit nur einem Tastendruck und teilen Sie Live-Feeds in Echtzeit. [&hellip;]<\/p>\n","protected":false},"featured_media":1910,"comment_status":"open","ping_status":"closed","template":"","meta":{"_aipt_faq_data":""},"store":[],"product_brand":[165],"product_cat":[104],"product_tag":[362],"class_list":{"0":"post-1909","1":"product","2":"type-product","3":"status-publish","4":"has-post-thumbnail","6":"product_brand-dji","7":"product_cat-fpv-drohnen","8":"product_tag-fpv-drohnen-fpv-brille","10":"first","11":"instock","12":"sale","13":"shipping-taxable","14":"product-type-external"},"yoast_head":"<!-- This site is optimized with the Yoast SEO plugin v27.0 - https:\/\/yoast.com\/product\/yoast-seo-wordpress\/ -->\n<title>DJI Goggles N3, FPV-Brille mit 1080p-Ultra-Breitbildschirm, immersives Flugerlebnis, FPV-Brille f\u00fcr Drohnen, kabelloses Streaming, Brille f\u00fcr Drohnen, gebrauchsfertiges Kit, AR-Cursor - EasyLifeBro<\/title>\n<meta name=\"description\" content=\"Entdecken Sie smarte Roboter f\u00fcr Zuhause, Garten, Bildung und Sicherheit. Vergleichen Sie Saugroboter, Rasenm\u00e4hroboter, KI-Begleitroboter und mehr bei EasyLifeRobo.\" \/>\n<meta name=\"robots\" content=\"index, follow, max-snippet:-1, max-image-preview:large, max-video-preview:-1\" \/>\n<link rel=\"canonical\" href=\"https:\/\/easyliferobo.com\/de\/product\/dji-goggles-n3-fpv-brille-mit-1080p-ultra-breitbildschirm-immersives-flugerlebnis-fpv-brille-fuer-drohnen-kabelloses-streaming-brille-fuer-drohnen-gebrauchsfertiges-kit-ar-cursor\/\" \/>\n<meta property=\"og:locale\" content=\"de_DE\" \/>\n<meta property=\"og:type\" content=\"article\" \/>\n<meta property=\"og:title\" content=\"DJI Goggles N3, FPV-Brille mit 1080p-Ultra-Breitbildschirm, immersives Flugerlebnis, FPV-Brille f\u00fcr Drohnen, kabelloses Streaming, Brille f\u00fcr Drohnen, gebrauchsfertiges Kit, AR-Cursor - EasyLifeBro\" \/>\n<meta property=\"og:description\" content=\"Entdecken Sie smarte Roboter f\u00fcr Zuhause, Garten, Bildung und Sicherheit. Vergleichen Sie Saugroboter, Rasenm\u00e4hroboter, KI-Begleitroboter und mehr bei EasyLifeRobo.\" \/>\n<meta property=\"og:url\" content=\"https:\/\/easyliferobo.com\/de\/product\/dji-goggles-n3-fpv-brille-mit-1080p-ultra-breitbildschirm-immersives-flugerlebnis-fpv-brille-fuer-drohnen-kabelloses-streaming-brille-fuer-drohnen-gebrauchsfertiges-kit-ar-cursor\/\" \/>\n<meta property=\"og:site_name\" content=\"EasyLifeBro\" \/>\n<meta property=\"article:modified_time\" content=\"2026-02-27T01:51:32+00:00\" \/>\n<meta name=\"twitter:card\" content=\"summary_large_image\" \/>\n<meta name=\"twitter:label1\" content=\"Gesch\u00e4tzte Lesezeit\" \/>\n\t<meta name=\"twitter:data1\" content=\"3\u00a0Minuten\" \/>\n<script type=\"application\/ld+json\" class=\"yoast-schema-graph\">{\"@context\":\"https:\/\/schema.org\",\"@graph\":[{\"@type\":\"WebPage\",\"@id\":\"https:\/\/easyliferobo.com\/de\/product\/dji-goggles-n3-fpv-brille-mit-1080p-ultra-breitbildschirm-immersives-flugerlebnis-fpv-brille-fuer-drohnen-kabelloses-streaming-brille-fuer-drohnen-gebrauchsfertiges-kit-ar-cursor\/\",\"url\":\"https:\/\/easyliferobo.com\/de\/product\/dji-goggles-n3-fpv-brille-mit-1080p-ultra-breitbildschirm-immersives-flugerlebnis-fpv-brille-fuer-drohnen-kabelloses-streaming-brille-fuer-drohnen-gebrauchsfertiges-kit-ar-cursor\/\",\"name\":\"DJI Goggles N3, FPV-Brille mit 1080p-Ultra-Breitbildschirm, immersives Flugerlebnis, FPV-Brille f\u00fcr Drohnen, kabelloses Streaming, Brille f\u00fcr Drohnen, gebrauchsfertiges Kit, AR-Cursor - EasyLifeBro\",\"isPartOf\":{\"@id\":\"https:\/\/easyliferobo.com\/de\/#website\"},\"primaryImageOfPage\":{\"@id\":\"https:\/\/easyliferobo.com\/de\/product\/dji-goggles-n3-fpv-brille-mit-1080p-ultra-breitbildschirm-immersives-flugerlebnis-fpv-brille-fuer-drohnen-kabelloses-streaming-brille-fuer-drohnen-gebrauchsfertiges-kit-ar-cursor\/#primaryimage\"},\"image\":{\"@id\":\"https:\/\/easyliferobo.com\/de\/product\/dji-goggles-n3-fpv-brille-mit-1080p-ultra-breitbildschirm-immersives-flugerlebnis-fpv-brille-fuer-drohnen-kabelloses-streaming-brille-fuer-drohnen-gebrauchsfertiges-kit-ar-cursor\/#primaryimage\"},\"thumbnailUrl\":\"https:\/\/easyliferobo.com\/de\/wp-content\/uploads\/2026\/02\/71x2rUUof6L._AC_SL1500_.jpg\",\"datePublished\":\"2026-02-27T01:51:20+00:00\",\"dateModified\":\"2026-02-27T01:51:32+00:00\",\"description\":\"Entdecken Sie smarte Roboter f\u00fcr Zuhause, Garten, Bildung und Sicherheit. Vergleichen Sie Saugroboter, Rasenm\u00e4hroboter, KI-Begleitroboter und mehr bei EasyLifeRobo.\",\"breadcrumb\":{\"@id\":\"https:\/\/easyliferobo.com\/de\/product\/dji-goggles-n3-fpv-brille-mit-1080p-ultra-breitbildschirm-immersives-flugerlebnis-fpv-brille-fuer-drohnen-kabelloses-streaming-brille-fuer-drohnen-gebrauchsfertiges-kit-ar-cursor\/#breadcrumb\"},\"inLanguage\":\"de\",\"potentialAction\":[{\"@type\":\"ReadAction\",\"target\":[\"https:\/\/easyliferobo.com\/de\/product\/dji-goggles-n3-fpv-brille-mit-1080p-ultra-breitbildschirm-immersives-flugerlebnis-fpv-brille-fuer-drohnen-kabelloses-streaming-brille-fuer-drohnen-gebrauchsfertiges-kit-ar-cursor\/\"]}]},{\"@type\":\"ImageObject\",\"inLanguage\":\"de\",\"@id\":\"https:\/\/easyliferobo.com\/de\/product\/dji-goggles-n3-fpv-brille-mit-1080p-ultra-breitbildschirm-immersives-flugerlebnis-fpv-brille-fuer-drohnen-kabelloses-streaming-brille-fuer-drohnen-gebrauchsfertiges-kit-ar-cursor\/#primaryimage\",\"url\":\"https:\/\/easyliferobo.com\/de\/wp-content\/uploads\/2026\/02\/71x2rUUof6L._AC_SL1500_.jpg\",\"contentUrl\":\"https:\/\/easyliferobo.com\/de\/wp-content\/uploads\/2026\/02\/71x2rUUof6L._AC_SL1500_.jpg\",\"width\":1500,\"height\":1208},{\"@type\":\"BreadcrumbList\",\"@id\":\"https:\/\/easyliferobo.com\/de\/product\/dji-goggles-n3-fpv-brille-mit-1080p-ultra-breitbildschirm-immersives-flugerlebnis-fpv-brille-fuer-drohnen-kabelloses-streaming-brille-fuer-drohnen-gebrauchsfertiges-kit-ar-cursor\/#breadcrumb\",\"itemListElement\":[{\"@type\":\"ListItem\",\"position\":1,\"name\":\"Home\",\"item\":\"https:\/\/easyliferobo.com\/de\/\"},{\"@type\":\"ListItem\",\"position\":2,\"name\":\"Shop\",\"item\":\"https:\/\/easyliferobo.com\/de\/shop\/\"},{\"@type\":\"ListItem\",\"position\":3,\"name\":\"DJI Goggles N3, FPV-Brille mit 1080...\"}]},{\"@type\":\"WebSite\",\"@id\":\"https:\/\/easyliferobo.com\/de\/#website\",\"url\":\"https:\/\/easyliferobo.com\/de\/\",\"name\":\"EasyLifeBro\",\"description\":\"Smarte Roboter f\u00fcr Zuhause, Garten &amp; Bildung\",\"publisher\":{\"@id\":\"https:\/\/easyliferobo.com\/de\/#organization\"},\"potentialAction\":[{\"@type\":\"SearchAction\",\"target\":{\"@type\":\"EntryPoint\",\"urlTemplate\":\"https:\/\/easyliferobo.com\/de\/?s={search_term_string}\"},\"query-input\":{\"@type\":\"PropertyValueSpecification\",\"valueRequired\":true,\"valueName\":\"search_term_string\"}}],\"inLanguage\":\"de\"},{\"@type\":\"Organization\",\"@id\":\"https:\/\/easyliferobo.com\/de\/#organization\",\"name\":\"EasyLifeBro\",\"url\":\"https:\/\/easyliferobo.com\/de\/\",\"logo\":{\"@type\":\"ImageObject\",\"inLanguage\":\"de\",\"@id\":\"https:\/\/easyliferobo.com\/de\/#\/schema\/logo\/image\/\",\"url\":\"https:\/\/easyliferobo.com\/de\/wp-content\/uploads\/2026\/02\/Screenshot-2026-02-22-at-2.25.03-PM.png\",\"contentUrl\":\"https:\/\/easyliferobo.com\/de\/wp-content\/uploads\/2026\/02\/Screenshot-2026-02-22-at-2.25.03-PM.png\",\"width\":1858,\"height\":430,\"caption\":\"EasyLifeBro\"},\"image\":{\"@id\":\"https:\/\/easyliferobo.com\/de\/#\/schema\/logo\/image\/\"}}]}<\/script>\n<!-- \/ Yoast SEO plugin. -->","yoast_head_json":{"title":"DJI Goggles N3, FPV-Brille mit 1080p-Ultra-Breitbildschirm, immersives Flugerlebnis, FPV-Brille f\u00fcr Drohnen, kabelloses Streaming, Brille f\u00fcr Drohnen, gebrauchsfertiges Kit, AR-Cursor - EasyLifeBro","description":"Entdecken Sie smarte Roboter f\u00fcr Zuhause, Garten, Bildung und Sicherheit. Vergleichen Sie Saugroboter, Rasenm\u00e4hroboter, KI-Begleitroboter und mehr bei EasyLifeRobo.","robots":{"index":"index","follow":"follow","max-snippet":"max-snippet:-1","max-image-preview":"max-image-preview:large","max-video-preview":"max-video-preview:-1"},"canonical":"https:\/\/easyliferobo.com\/de\/product\/dji-goggles-n3-fpv-brille-mit-1080p-ultra-breitbildschirm-immersives-flugerlebnis-fpv-brille-fuer-drohnen-kabelloses-streaming-brille-fuer-drohnen-gebrauchsfertiges-kit-ar-cursor\/","og_locale":"de_DE","og_type":"article","og_title":"DJI Goggles N3, FPV-Brille mit 1080p-Ultra-Breitbildschirm, immersives Flugerlebnis, FPV-Brille f\u00fcr Drohnen, kabelloses Streaming, Brille f\u00fcr Drohnen, gebrauchsfertiges Kit, AR-Cursor - EasyLifeBro","og_description":"Entdecken Sie smarte Roboter f\u00fcr Zuhause, Garten, Bildung und Sicherheit. Vergleichen Sie Saugroboter, Rasenm\u00e4hroboter, KI-Begleitroboter und mehr bei EasyLifeRobo.","og_url":"https:\/\/easyliferobo.com\/de\/product\/dji-goggles-n3-fpv-brille-mit-1080p-ultra-breitbildschirm-immersives-flugerlebnis-fpv-brille-fuer-drohnen-kabelloses-streaming-brille-fuer-drohnen-gebrauchsfertiges-kit-ar-cursor\/","og_site_name":"EasyLifeBro","article_modified_time":"2026-02-27T01:51:32+00:00","twitter_card":"summary_large_image","twitter_misc":{"Gesch\u00e4tzte Lesezeit":"3\u00a0Minuten"},"schema":{"@context":"https:\/\/schema.org","@graph":[{"@type":"WebPage","@id":"https:\/\/easyliferobo.com\/de\/product\/dji-goggles-n3-fpv-brille-mit-1080p-ultra-breitbildschirm-immersives-flugerlebnis-fpv-brille-fuer-drohnen-kabelloses-streaming-brille-fuer-drohnen-gebrauchsfertiges-kit-ar-cursor\/","url":"https:\/\/easyliferobo.com\/de\/product\/dji-goggles-n3-fpv-brille-mit-1080p-ultra-breitbildschirm-immersives-flugerlebnis-fpv-brille-fuer-drohnen-kabelloses-streaming-brille-fuer-drohnen-gebrauchsfertiges-kit-ar-cursor\/","name":"DJI Goggles N3, FPV-Brille mit 1080p-Ultra-Breitbildschirm, immersives Flugerlebnis, FPV-Brille f\u00fcr Drohnen, kabelloses Streaming, Brille f\u00fcr Drohnen, gebrauchsfertiges Kit, AR-Cursor - EasyLifeBro","isPartOf":{"@id":"https:\/\/easyliferobo.com\/de\/#website"},"primaryImageOfPage":{"@id":"https:\/\/easyliferobo.com\/de\/product\/dji-goggles-n3-fpv-brille-mit-1080p-ultra-breitbildschirm-immersives-flugerlebnis-fpv-brille-fuer-drohnen-kabelloses-streaming-brille-fuer-drohnen-gebrauchsfertiges-kit-ar-cursor\/#primaryimage"},"image":{"@id":"https:\/\/easyliferobo.com\/de\/product\/dji-goggles-n3-fpv-brille-mit-1080p-ultra-breitbildschirm-immersives-flugerlebnis-fpv-brille-fuer-drohnen-kabelloses-streaming-brille-fuer-drohnen-gebrauchsfertiges-kit-ar-cursor\/#primaryimage"},"thumbnailUrl":"https:\/\/easyliferobo.com\/de\/wp-content\/uploads\/2026\/02\/71x2rUUof6L._AC_SL1500_.jpg","datePublished":"2026-02-27T01:51:20+00:00","dateModified":"2026-02-27T01:51:32+00:00","description":"Entdecken Sie smarte Roboter f\u00fcr Zuhause, Garten, Bildung und Sicherheit. Vergleichen Sie Saugroboter, Rasenm\u00e4hroboter, KI-Begleitroboter und mehr bei EasyLifeRobo.","breadcrumb":{"@id":"https:\/\/easyliferobo.com\/de\/product\/dji-goggles-n3-fpv-brille-mit-1080p-ultra-breitbildschirm-immersives-flugerlebnis-fpv-brille-fuer-drohnen-kabelloses-streaming-brille-fuer-drohnen-gebrauchsfertiges-kit-ar-cursor\/#breadcrumb"},"inLanguage":"de","potentialAction":[{"@type":"ReadAction","target":["https:\/\/easyliferobo.com\/de\/product\/dji-goggles-n3-fpv-brille-mit-1080p-ultra-breitbildschirm-immersives-flugerlebnis-fpv-brille-fuer-drohnen-kabelloses-streaming-brille-fuer-drohnen-gebrauchsfertiges-kit-ar-cursor\/"]}]},{"@type":"ImageObject","inLanguage":"de","@id":"https:\/\/easyliferobo.com\/de\/product\/dji-goggles-n3-fpv-brille-mit-1080p-ultra-breitbildschirm-immersives-flugerlebnis-fpv-brille-fuer-drohnen-kabelloses-streaming-brille-fuer-drohnen-gebrauchsfertiges-kit-ar-cursor\/#primaryimage","url":"https:\/\/easyliferobo.com\/de\/wp-content\/uploads\/2026\/02\/71x2rUUof6L._AC_SL1500_.jpg","contentUrl":"https:\/\/easyliferobo.com\/de\/wp-content\/uploads\/2026\/02\/71x2rUUof6L._AC_SL1500_.jpg","width":1500,"height":1208},{"@type":"BreadcrumbList","@id":"https:\/\/easyliferobo.com\/de\/product\/dji-goggles-n3-fpv-brille-mit-1080p-ultra-breitbildschirm-immersives-flugerlebnis-fpv-brille-fuer-drohnen-kabelloses-streaming-brille-fuer-drohnen-gebrauchsfertiges-kit-ar-cursor\/#breadcrumb","itemListElement":[{"@type":"ListItem","position":1,"name":"Home","item":"https:\/\/easyliferobo.com\/de\/"},{"@type":"ListItem","position":2,"name":"Shop","item":"https:\/\/easyliferobo.com\/de\/shop\/"},{"@type":"ListItem","position":3,"name":"DJI Goggles N3, FPV-Brille mit 1080..."}]},{"@type":"WebSite","@id":"https:\/\/easyliferobo.com\/de\/#website","url":"https:\/\/easyliferobo.com\/de\/","name":"EasyLifeBro","description":"Smarte Roboter f\u00fcr Zuhause, Garten &amp; Bildung","publisher":{"@id":"https:\/\/easyliferobo.com\/de\/#organization"},"potentialAction":[{"@type":"SearchAction","target":{"@type":"EntryPoint","urlTemplate":"https:\/\/easyliferobo.com\/de\/?s={search_term_string}"},"query-input":{"@type":"PropertyValueSpecification","valueRequired":true,"valueName":"search_term_string"}}],"inLanguage":"de"},{"@type":"Organization","@id":"https:\/\/easyliferobo.com\/de\/#organization","name":"EasyLifeBro","url":"https:\/\/easyliferobo.com\/de\/","logo":{"@type":"ImageObject","inLanguage":"de","@id":"https:\/\/easyliferobo.com\/de\/#\/schema\/logo\/image\/","url":"https:\/\/easyliferobo.com\/de\/wp-content\/uploads\/2026\/02\/Screenshot-2026-02-22-at-2.25.03-PM.png","contentUrl":"https:\/\/easyliferobo.com\/de\/wp-content\/uploads\/2026\/02\/Screenshot-2026-02-22-at-2.25.03-PM.png","width":1858,"height":430,"caption":"EasyLifeBro"},"image":{"@id":"https:\/\/easyliferobo.com\/de\/#\/schema\/logo\/image\/"}}]}},"_links":{"self":[{"href":"https:\/\/easyliferobo.com\/de\/wp-json\/wp\/v2\/product\/1909","targetHints":{"allow":["GET"]}}],"collection":[{"href":"https:\/\/easyliferobo.com\/de\/wp-json\/wp\/v2\/product"}],"about":[{"href":"https:\/\/easyliferobo.com\/de\/wp-json\/wp\/v2\/types\/product"}],"replies":[{"embeddable":true,"href":"https:\/\/easyliferobo.com\/de\/wp-json\/wp\/v2\/comments?post=1909"}],"wp:featuredmedia":[{"embeddable":true,"href":"https:\/\/easyliferobo.com\/de\/wp-json\/wp\/v2\/media\/1910"}],"wp:attachment":[{"href":"https:\/\/easyliferobo.com\/de\/wp-json\/wp\/v2\/media?parent=1909"}],"wp:term":[{"taxonomy":"store","embeddable":true,"href":"https:\/\/easyliferobo.com\/de\/wp-json\/wp\/v2\/store?post=1909"},{"taxonomy":"product_brand","embeddable":true,"href":"https:\/\/easyliferobo.com\/de\/wp-json\/wp\/v2\/product_brand?post=1909"},{"taxonomy":"product_cat","embeddable":true,"href":"https:\/\/easyliferobo.com\/de\/wp-json\/wp\/v2\/product_cat?post=1909"},{"taxonomy":"product_tag","embeddable":true,"href":"https:\/\/easyliferobo.com\/de\/wp-json\/wp\/v2\/product_tag?post=1909"}],"curies":[{"name":"wp","href":"https:\/\/api.w.org\/{rel}","templated":true}]}}