
{"id":1901,"date":"2026-02-27T01:50:19","date_gmt":"2026-02-27T01:50:19","guid":{"rendered":"https:\/\/easyliferobo.com\/de\/product\/wipkviey-t18-mini-drohne-fuer-kinder-ferngesteuerter-quadrocopter-mit-hoehenhaltung-headless-modus-led-lichtern-und-360-flips-spielzeugdrohne-fuer-jungen-und-maedchen-2-batterien\/"},"modified":"2026-02-27T01:50:37","modified_gmt":"2026-02-27T01:50:37","slug":"wipkviey-t18-mini-drohne-fuer-kinder-ferngesteuerter-quadrocopter-mit-hoehenhaltung-headless-modus-led-lichtern-und-360-flips-spielzeugdrohne-fuer-jungen-und-maedchen-2-batterien","status":"publish","type":"product","link":"https:\/\/easyliferobo.com\/de\/product\/wipkviey-t18-mini-drohne-fuer-kinder-ferngesteuerter-quadrocopter-mit-hoehenhaltung-headless-modus-led-lichtern-und-360-flips-spielzeugdrohne-fuer-jungen-und-maedchen-2-batterien\/","title":{"rendered":"Wipkviey T18 Mini-Drohne f\u00fcr Kinde..."},"content":{"rendered":"<p>\n                                             Produktbeschreibung   <\/p>\n<p>                                                                                                       <img decoding=\"async\" alt=\"Aplus-Inhaltsbild\" src=\"https:\/\/images-na.ssl-images-amazon.com\/images\/G\/01\/x-locale\/common\/grey-pixel.gif\" class=\"a-lazy-loaded\" data-src=\"https:\/\/m.media-amazon.com\/images\/S\/aplus-media-library-service-media\/7afbe631-eb2f-4d55-b1d5-2a96b68e313f.__CR0,0,1464,600_PT0_SX1464_V1___.jpg\"><img decoding=\"async\" alt=\"Aplus-Inhaltsbild\" src=\"https:\/\/m.media-amazon.com\/images\/S\/aplus-media-library-service-media\/7afbe631-eb2f-4d55-b1d5-2a96b68e313f.__CR0,0,1464,600_PT0_SX1464_V1___.jpg\">                                               <\/p>\n<p>                                                                                                       <img decoding=\"async\" alt=\"Aplus-Inhaltsbild\" src=\"https:\/\/images-na.ssl-images-amazon.com\/images\/G\/01\/x-locale\/common\/grey-pixel.gif\" class=\"a-lazy-loaded\" data-src=\"https:\/\/m.media-amazon.com\/images\/S\/aplus-media-library-service-media\/7e4bbb5c-722d-4f2f-99dc-52c9ab394328.__CR0,0,1464,600_PT0_SX1464_V1___.jpg\"><img decoding=\"async\" alt=\"Aplus-Inhaltsbild\" src=\"https:\/\/m.media-amazon.com\/images\/S\/aplus-media-library-service-media\/7e4bbb5c-722d-4f2f-99dc-52c9ab394328.__CR0,0,1464,600_PT0_SX1464_V1___.jpg\">                                               <\/p>\n<p>                                                                                  <img decoding=\"async\" alt=\"Aplus-Inhaltsbild\" src=\"https:\/\/m.media-amazon.com\/images\/S\/aplus-media-library-service-media\/651b5397-7e7f-4833-8dcb-b2d7ba4bc114.__CR0,0,1464,600_PT0_SX1464_V1___.jpg\">       <\/p>\n<p>                                                                                  <img decoding=\"async\" alt=\"Aplus-Inhaltsbild\" src=\"https:\/\/m.media-amazon.com\/images\/S\/aplus-media-library-service-media\/c3300ef7-a8a9-4d83-9734-573c5ee44bda.__CR0,0,1464,600_PT0_SX1464_V1___.jpg\">       <\/p>\n<p>                                                                                  <img decoding=\"async\" alt=\"Aplus-Inhaltsbild\" src=\"https:\/\/m.media-amazon.com\/images\/S\/aplus-media-library-service-media\/3cb2802f-f4ab-42f7-a8a4-2cb84f9bbed4.__CR0,0,1464,600_PT0_SX1464_V1___.jpg\">       <\/p>\n<p>                                                                                                                <img decoding=\"async\" alt=\"Aplus-Inhaltsbild\" src=\"https:\/\/m.media-amazon.com\/images\/S\/aplus-media-library-service-media\/59360f58-234b-4e41-af96-2fea12d245cd.__CR0,0,1464,600_PT0_SX1464_V1___.jpg\">                                                                                                                        <\/p>\n<p class=\"description aplus-p1\">  Drohnen f\u00fchren Luftstunts aus. (Hinweis: Drohnen m\u00fcssen mindestens 3 Meter \u00fcber dem Boden fliegen.) <\/p>\n<p>                                                      <img decoding=\"async\" alt=\"Aplus-Inhaltsbild\" src=\"https:\/\/m.media-amazon.com\/images\/S\/aplus-media-library-service-media\/683ac9cb-72c0-4058-8e11-e72593875030.__CR0,0,1464,600_PT0_SX1464_V1___.jpg\">                                                                                                                        <\/p>\n<p class=\"description aplus-p1\">  Verf\u00fcgt \u00fcber 3 Geschwindigkeitsmodi. Die Geschwindigkeit l\u00e4sst sich je nach Szene frei anpassen. <\/p>\n<p>                                                      <img decoding=\"async\" alt=\"Aplus-Inhaltsbild\" src=\"https:\/\/m.media-amazon.com\/images\/S\/aplus-media-library-service-media\/32be6e14-056b-4391-a42c-f298c372171b.__CR0,0,1464,600_PT0_SX1464_V1___.jpg\">                                                                                                                        <\/p>\n<p class=\"description aplus-p1\">  Genie\u00dfen Sie den Spa\u00df mit der automatischen Rotation \u2013 anders als bei anderen Drohnen. <\/p>\n<p>                            1 3D-Flips 2 3-Gang-Modus 3 Automatische Rotation <\/p>\n<p>                                                                                                       <img decoding=\"async\" alt=\"Aplus-Inhaltsbild\" src=\"https:\/\/images-na.ssl-images-amazon.com\/images\/G\/01\/x-locale\/common\/grey-pixel.gif\" class=\"a-lazy-loaded\" data-src=\"https:\/\/m.media-amazon.com\/images\/S\/aplus-media-library-service-media\/95c95d13-d364-49cc-9f77-8ab15b888677.__CR0,0,1464,600_PT0_SX1464_V1___.jpg\"><img decoding=\"async\" alt=\"Aplus-Inhaltsbild\" src=\"https:\/\/m.media-amazon.com\/images\/S\/aplus-media-library-service-media\/95c95d13-d364-49cc-9f77-8ab15b888677.__CR0,0,1464,600_PT0_SX1464_V1___.jpg\">                                               <\/p>\n<p>                                                                                                       <img decoding=\"async\" alt=\"Aplus-Inhaltsbild\" src=\"https:\/\/images-na.ssl-images-amazon.com\/images\/G\/01\/x-locale\/common\/grey-pixel.gif\" class=\"a-lazy-loaded\" data-src=\"https:\/\/m.media-amazon.com\/images\/S\/aplus-media-library-service-media\/b0565986-2758-4ffa-ac9d-bc4d8f342cc4.__CR0,0,1464,600_PT0_SX1464_V1___.jpg\"><img decoding=\"async\" alt=\"Aplus-Inhaltsbild\" src=\"https:\/\/m.media-amazon.com\/images\/S\/aplus-media-library-service-media\/b0565986-2758-4ffa-ac9d-bc4d8f342cc4.__CR0,0,1464,600_PT0_SX1464_V1___.jpg\">                                               <\/p>\n<p>                                                                                                       <img decoding=\"async\" alt=\"Aplus-Inhaltsbild\" src=\"https:\/\/images-na.ssl-images-amazon.com\/images\/G\/01\/x-locale\/common\/grey-pixel.gif\" class=\"a-lazy-loaded\" data-src=\"https:\/\/m.media-amazon.com\/images\/S\/aplus-media-library-service-media\/d078974e-6d01-4f87-a2e6-7484c092b03d.__CR0,0,1464,600_PT0_SX1464_V1___.jpg\"><img decoding=\"async\" alt=\"Aplus-Inhaltsbild\" src=\"https:\/\/m.media-amazon.com\/images\/S\/aplus-media-library-service-media\/d078974e-6d01-4f87-a2e6-7484c092b03d.__CR0,0,1464,600_PT0_SX1464_V1___.jpg\">                                               <\/p>\n<p>\u3010Bunte LED-Beleuchtung\u3011Die T18-Drohne ist mit gr\u00fcnen und blauen LEDs ausgestattet und bietet 5 verschiedene Lichtmodi: Dauerlicht, Atemlicht, diagonaler Blitz, vorderes\/hinteres Blinken und Lauflicht. Die faszinierenden Lichteffekte machen den Flug besonders spannend \u2013 besonders im Dunkeln.<br \/>Sicheres Design f\u00fcr Kinder: Die Propeller sind vollst\u00e4ndig von einer sto\u00dffesten Schutzh\u00fclle umgeben, die Kinderh\u00e4nde, M\u00f6bel und W\u00e4nde effektiv sch\u00fctzt. Ideal f\u00fcr den Indoor-Flug und als sichere Einstiegsdrohne f\u00fcr junge Piloten.<br \/>Einfache Steuerung und 360\u00b0-Flip: Mit der Ein-Tasten-Start-\/Landefunktion startet oder landet die Drohne automatisch. Mit der Flip-Taste k\u00f6nnen Sie 360\u00b0-Drehungen durchf\u00fchren. Drei Geschwindigkeitsmodi sorgen f\u00fcr noch mehr Spa\u00df \u2013 langsam f\u00fcr Anf\u00e4nger, schneller f\u00fcr erfahrene Kinder.<br \/>L\u00e4ngere Flugzeit und sicherer Akku: Die T18-Drohne wird mit 2 wiederaufladbaren Akkus geliefert, die eine Gesamtflugzeit von bis zu 16 Minuten (8 Minuten pro Akku) erm\u00f6glichen. Der Akku l\u00e4sst sich leicht wechseln und verf\u00fcgt \u00fcber einen \u00dcberladeschutz f\u00fcr sicheres Laden.<br \/>Intelligenter Alarm und Headless-Modus: Bei niedrigem Akkustand blinken die LEDs der Drohne und Fernbedienung als Warnsignal. Die Reichweite betr\u00e4gt bis zu 80 Meter. Der Headless-Modus bedeutet, dass keine Ausrichtung erforderlich ist \u2013 perfekt f\u00fcr Kinder und Anf\u00e4nger. Ein tolles Geschenk f\u00fcr Kinder und Familien!<\/p>\n<p>[ad_2]<\/p>\n","protected":false},"excerpt":{"rendered":"<p>Produktbeschreibung Drohnen f\u00fchren Luftstunts aus. (Hinweis: Drohnen m\u00fcssen mindestens 3 Meter \u00fcber dem Boden fliegen.) Verf\u00fcgt \u00fcber 3 Geschwindigkeitsmodi. Die Geschwindigkeit l\u00e4sst sich je nach Szene frei anpassen. Genie\u00dfen Sie den Spa\u00df mit der automatischen Rotation \u2013 anders als bei anderen Drohnen. 1 3D-Flips 2 3-Gang-Modus 3 Automatische Rotation \u3010Bunte LED-Beleuchtung\u3011Die T18-Drohne ist mit gr\u00fcnen [&hellip;]<\/p>\n","protected":false},"featured_media":1902,"comment_status":"open","ping_status":"closed","template":"","meta":{"_aipt_faq_data":""},"store":[],"product_brand":[361],"product_cat":[105],"product_tag":[360],"class_list":{"0":"post-1901","1":"product","2":"type-product","3":"status-publish","4":"has-post-thumbnail","6":"product_brand-wipkviey","7":"product_cat-mini-drohnen","8":"product_tag-mini-drohnen-indoor-fliegen","10":"first","11":"instock","12":"sale","13":"shipping-taxable","14":"product-type-external"},"yoast_head":"<!-- This site is optimized with the Yoast SEO plugin v27.4 - https:\/\/yoast.com\/product\/yoast-seo-wordpress\/ -->\n<title>Wipkviey T18 Mini-Drohne f\u00fcr Kinder, ferngesteuerter Quadrocopter mit H\u00f6henhaltung, Headless-Modus, LED-Lichtern und 360\u00b0-Flips, Spielzeugdrohne f\u00fcr Jungen und M\u00e4dchen, 2 Batterien - EasyLifeBro<\/title>\n<meta name=\"description\" content=\"Entdecken Sie smarte Roboter f\u00fcr Zuhause, Garten, Bildung und Sicherheit. Vergleichen Sie Saugroboter, Rasenm\u00e4hroboter, KI-Begleitroboter und mehr bei EasyLifeRobo.\" \/>\n<meta name=\"robots\" content=\"index, follow, max-snippet:-1, max-image-preview:large, max-video-preview:-1\" \/>\n<link rel=\"canonical\" href=\"https:\/\/easyliferobo.com\/de\/product\/wipkviey-t18-mini-drohne-fuer-kinder-ferngesteuerter-quadrocopter-mit-hoehenhaltung-headless-modus-led-lichtern-und-360-flips-spielzeugdrohne-fuer-jungen-und-maedchen-2-batterien\/\" \/>\n<meta property=\"og:locale\" content=\"de_DE\" \/>\n<meta property=\"og:type\" content=\"article\" \/>\n<meta property=\"og:title\" content=\"Wipkviey T18 Mini-Drohne f\u00fcr Kinder, ferngesteuerter Quadrocopter mit H\u00f6henhaltung, Headless-Modus, LED-Lichtern und 360\u00b0-Flips, Spielzeugdrohne f\u00fcr Jungen und M\u00e4dchen, 2 Batterien - EasyLifeBro\" \/>\n<meta property=\"og:description\" content=\"Entdecken Sie smarte Roboter f\u00fcr Zuhause, Garten, Bildung und Sicherheit. Vergleichen Sie Saugroboter, Rasenm\u00e4hroboter, KI-Begleitroboter und mehr bei EasyLifeRobo.\" \/>\n<meta property=\"og:url\" content=\"https:\/\/easyliferobo.com\/de\/product\/wipkviey-t18-mini-drohne-fuer-kinder-ferngesteuerter-quadrocopter-mit-hoehenhaltung-headless-modus-led-lichtern-und-360-flips-spielzeugdrohne-fuer-jungen-und-maedchen-2-batterien\/\" \/>\n<meta property=\"og:site_name\" content=\"EasyLifeBro\" \/>\n<meta property=\"article:modified_time\" content=\"2026-02-27T01:50:37+00:00\" \/>\n<meta property=\"og:image\" content=\"https:\/\/images-na.ssl-images-amazon.com\/images\/G\/01\/x-locale\/common\/grey-pixel.gif\" \/>\n<meta name=\"twitter:card\" content=\"summary_large_image\" \/>\n<meta name=\"twitter:label1\" content=\"Gesch\u00e4tzte Lesezeit\" \/>\n\t<meta name=\"twitter:data1\" content=\"1\u00a0Minute\" \/>\n<script type=\"application\/ld+json\" class=\"yoast-schema-graph\">{\"@context\":\"https:\\\/\\\/schema.org\",\"@graph\":[{\"@type\":\"WebPage\",\"@id\":\"https:\\\/\\\/easyliferobo.com\\\/de\\\/product\\\/wipkviey-t18-mini-drohne-fuer-kinder-ferngesteuerter-quadrocopter-mit-hoehenhaltung-headless-modus-led-lichtern-und-360-flips-spielzeugdrohne-fuer-jungen-und-maedchen-2-batterien\\\/\",\"url\":\"https:\\\/\\\/easyliferobo.com\\\/de\\\/product\\\/wipkviey-t18-mini-drohne-fuer-kinder-ferngesteuerter-quadrocopter-mit-hoehenhaltung-headless-modus-led-lichtern-und-360-flips-spielzeugdrohne-fuer-jungen-und-maedchen-2-batterien\\\/\",\"name\":\"Wipkviey T18 Mini-Drohne f\u00fcr Kinder, ferngesteuerter Quadrocopter mit H\u00f6henhaltung, Headless-Modus, LED-Lichtern und 360\u00b0-Flips, Spielzeugdrohne f\u00fcr Jungen und M\u00e4dchen, 2 Batterien - EasyLifeBro\",\"isPartOf\":{\"@id\":\"https:\\\/\\\/easyliferobo.com\\\/de\\\/#website\"},\"primaryImageOfPage\":{\"@id\":\"https:\\\/\\\/easyliferobo.com\\\/de\\\/product\\\/wipkviey-t18-mini-drohne-fuer-kinder-ferngesteuerter-quadrocopter-mit-hoehenhaltung-headless-modus-led-lichtern-und-360-flips-spielzeugdrohne-fuer-jungen-und-maedchen-2-batterien\\\/#primaryimage\"},\"image\":{\"@id\":\"https:\\\/\\\/easyliferobo.com\\\/de\\\/product\\\/wipkviey-t18-mini-drohne-fuer-kinder-ferngesteuerter-quadrocopter-mit-hoehenhaltung-headless-modus-led-lichtern-und-360-flips-spielzeugdrohne-fuer-jungen-und-maedchen-2-batterien\\\/#primaryimage\"},\"thumbnailUrl\":\"https:\\\/\\\/easyliferobo.com\\\/de\\\/wp-content\\\/uploads\\\/2026\\\/02\\\/71iRJlLLa8L._AC_SL1500_.jpg\",\"datePublished\":\"2026-02-27T01:50:19+00:00\",\"dateModified\":\"2026-02-27T01:50:37+00:00\",\"description\":\"Entdecken Sie smarte Roboter f\u00fcr Zuhause, Garten, Bildung und Sicherheit. Vergleichen Sie Saugroboter, Rasenm\u00e4hroboter, KI-Begleitroboter und mehr bei EasyLifeRobo.\",\"breadcrumb\":{\"@id\":\"https:\\\/\\\/easyliferobo.com\\\/de\\\/product\\\/wipkviey-t18-mini-drohne-fuer-kinder-ferngesteuerter-quadrocopter-mit-hoehenhaltung-headless-modus-led-lichtern-und-360-flips-spielzeugdrohne-fuer-jungen-und-maedchen-2-batterien\\\/#breadcrumb\"},\"inLanguage\":\"de\",\"potentialAction\":[{\"@type\":\"ReadAction\",\"target\":[\"https:\\\/\\\/easyliferobo.com\\\/de\\\/product\\\/wipkviey-t18-mini-drohne-fuer-kinder-ferngesteuerter-quadrocopter-mit-hoehenhaltung-headless-modus-led-lichtern-und-360-flips-spielzeugdrohne-fuer-jungen-und-maedchen-2-batterien\\\/\"]}]},{\"@type\":\"ImageObject\",\"inLanguage\":\"de\",\"@id\":\"https:\\\/\\\/easyliferobo.com\\\/de\\\/product\\\/wipkviey-t18-mini-drohne-fuer-kinder-ferngesteuerter-quadrocopter-mit-hoehenhaltung-headless-modus-led-lichtern-und-360-flips-spielzeugdrohne-fuer-jungen-und-maedchen-2-batterien\\\/#primaryimage\",\"url\":\"https:\\\/\\\/easyliferobo.com\\\/de\\\/wp-content\\\/uploads\\\/2026\\\/02\\\/71iRJlLLa8L._AC_SL1500_.jpg\",\"contentUrl\":\"https:\\\/\\\/easyliferobo.com\\\/de\\\/wp-content\\\/uploads\\\/2026\\\/02\\\/71iRJlLLa8L._AC_SL1500_.jpg\",\"width\":1500,\"height\":1500},{\"@type\":\"BreadcrumbList\",\"@id\":\"https:\\\/\\\/easyliferobo.com\\\/de\\\/product\\\/wipkviey-t18-mini-drohne-fuer-kinder-ferngesteuerter-quadrocopter-mit-hoehenhaltung-headless-modus-led-lichtern-und-360-flips-spielzeugdrohne-fuer-jungen-und-maedchen-2-batterien\\\/#breadcrumb\",\"itemListElement\":[{\"@type\":\"ListItem\",\"position\":1,\"name\":\"Home\",\"item\":\"https:\\\/\\\/easyliferobo.com\\\/de\\\/\"},{\"@type\":\"ListItem\",\"position\":2,\"name\":\"Shop\",\"item\":\"https:\\\/\\\/easyliferobo.com\\\/de\\\/shop\\\/\"},{\"@type\":\"ListItem\",\"position\":3,\"name\":\"Wipkviey T18 Mini-Drohne f\u00fcr Kinde...\"}]},{\"@type\":\"WebSite\",\"@id\":\"https:\\\/\\\/easyliferobo.com\\\/de\\\/#website\",\"url\":\"https:\\\/\\\/easyliferobo.com\\\/de\\\/\",\"name\":\"EasyLifeBro\",\"description\":\"Smarte Roboter f\u00fcr Zuhause, Garten &amp; Bildung\",\"publisher\":{\"@id\":\"https:\\\/\\\/easyliferobo.com\\\/de\\\/#organization\"},\"potentialAction\":[{\"@type\":\"SearchAction\",\"target\":{\"@type\":\"EntryPoint\",\"urlTemplate\":\"https:\\\/\\\/easyliferobo.com\\\/de\\\/?s={search_term_string}\"},\"query-input\":{\"@type\":\"PropertyValueSpecification\",\"valueRequired\":true,\"valueName\":\"search_term_string\"}}],\"inLanguage\":\"de\"},{\"@type\":\"Organization\",\"@id\":\"https:\\\/\\\/easyliferobo.com\\\/de\\\/#organization\",\"name\":\"EasyLifeBro\",\"url\":\"https:\\\/\\\/easyliferobo.com\\\/de\\\/\",\"logo\":{\"@type\":\"ImageObject\",\"inLanguage\":\"de\",\"@id\":\"https:\\\/\\\/easyliferobo.com\\\/de\\\/#\\\/schema\\\/logo\\\/image\\\/\",\"url\":\"https:\\\/\\\/easyliferobo.com\\\/de\\\/wp-content\\\/uploads\\\/2026\\\/02\\\/Screenshot-2026-02-22-at-2.25.03-PM.png\",\"contentUrl\":\"https:\\\/\\\/easyliferobo.com\\\/de\\\/wp-content\\\/uploads\\\/2026\\\/02\\\/Screenshot-2026-02-22-at-2.25.03-PM.png\",\"width\":1858,\"height\":430,\"caption\":\"EasyLifeBro\"},\"image\":{\"@id\":\"https:\\\/\\\/easyliferobo.com\\\/de\\\/#\\\/schema\\\/logo\\\/image\\\/\"}}]}<\/script>\n<!-- \/ Yoast SEO plugin. -->","yoast_head_json":{"title":"Wipkviey T18 Mini-Drohne f\u00fcr Kinder, ferngesteuerter Quadrocopter mit H\u00f6henhaltung, Headless-Modus, LED-Lichtern und 360\u00b0-Flips, Spielzeugdrohne f\u00fcr Jungen und M\u00e4dchen, 2 Batterien - EasyLifeBro","description":"Entdecken Sie smarte Roboter f\u00fcr Zuhause, Garten, Bildung und Sicherheit. Vergleichen Sie Saugroboter, Rasenm\u00e4hroboter, KI-Begleitroboter und mehr bei EasyLifeRobo.","robots":{"index":"index","follow":"follow","max-snippet":"max-snippet:-1","max-image-preview":"max-image-preview:large","max-video-preview":"max-video-preview:-1"},"canonical":"https:\/\/easyliferobo.com\/de\/product\/wipkviey-t18-mini-drohne-fuer-kinder-ferngesteuerter-quadrocopter-mit-hoehenhaltung-headless-modus-led-lichtern-und-360-flips-spielzeugdrohne-fuer-jungen-und-maedchen-2-batterien\/","og_locale":"de_DE","og_type":"article","og_title":"Wipkviey T18 Mini-Drohne f\u00fcr Kinder, ferngesteuerter Quadrocopter mit H\u00f6henhaltung, Headless-Modus, LED-Lichtern und 360\u00b0-Flips, Spielzeugdrohne f\u00fcr Jungen und M\u00e4dchen, 2 Batterien - EasyLifeBro","og_description":"Entdecken Sie smarte Roboter f\u00fcr Zuhause, Garten, Bildung und Sicherheit. Vergleichen Sie Saugroboter, Rasenm\u00e4hroboter, KI-Begleitroboter und mehr bei EasyLifeRobo.","og_url":"https:\/\/easyliferobo.com\/de\/product\/wipkviey-t18-mini-drohne-fuer-kinder-ferngesteuerter-quadrocopter-mit-hoehenhaltung-headless-modus-led-lichtern-und-360-flips-spielzeugdrohne-fuer-jungen-und-maedchen-2-batterien\/","og_site_name":"EasyLifeBro","article_modified_time":"2026-02-27T01:50:37+00:00","og_image":[{"url":"https:\/\/images-na.ssl-images-amazon.com\/images\/G\/01\/x-locale\/common\/grey-pixel.gif","type":"","width":"","height":""}],"twitter_card":"summary_large_image","twitter_misc":{"Gesch\u00e4tzte Lesezeit":"1\u00a0Minute"},"schema":{"@context":"https:\/\/schema.org","@graph":[{"@type":"WebPage","@id":"https:\/\/easyliferobo.com\/de\/product\/wipkviey-t18-mini-drohne-fuer-kinder-ferngesteuerter-quadrocopter-mit-hoehenhaltung-headless-modus-led-lichtern-und-360-flips-spielzeugdrohne-fuer-jungen-und-maedchen-2-batterien\/","url":"https:\/\/easyliferobo.com\/de\/product\/wipkviey-t18-mini-drohne-fuer-kinder-ferngesteuerter-quadrocopter-mit-hoehenhaltung-headless-modus-led-lichtern-und-360-flips-spielzeugdrohne-fuer-jungen-und-maedchen-2-batterien\/","name":"Wipkviey T18 Mini-Drohne f\u00fcr Kinder, ferngesteuerter Quadrocopter mit H\u00f6henhaltung, Headless-Modus, LED-Lichtern und 360\u00b0-Flips, Spielzeugdrohne f\u00fcr Jungen und M\u00e4dchen, 2 Batterien - EasyLifeBro","isPartOf":{"@id":"https:\/\/easyliferobo.com\/de\/#website"},"primaryImageOfPage":{"@id":"https:\/\/easyliferobo.com\/de\/product\/wipkviey-t18-mini-drohne-fuer-kinder-ferngesteuerter-quadrocopter-mit-hoehenhaltung-headless-modus-led-lichtern-und-360-flips-spielzeugdrohne-fuer-jungen-und-maedchen-2-batterien\/#primaryimage"},"image":{"@id":"https:\/\/easyliferobo.com\/de\/product\/wipkviey-t18-mini-drohne-fuer-kinder-ferngesteuerter-quadrocopter-mit-hoehenhaltung-headless-modus-led-lichtern-und-360-flips-spielzeugdrohne-fuer-jungen-und-maedchen-2-batterien\/#primaryimage"},"thumbnailUrl":"https:\/\/easyliferobo.com\/de\/wp-content\/uploads\/2026\/02\/71iRJlLLa8L._AC_SL1500_.jpg","datePublished":"2026-02-27T01:50:19+00:00","dateModified":"2026-02-27T01:50:37+00:00","description":"Entdecken Sie smarte Roboter f\u00fcr Zuhause, Garten, Bildung und Sicherheit. Vergleichen Sie Saugroboter, Rasenm\u00e4hroboter, KI-Begleitroboter und mehr bei EasyLifeRobo.","breadcrumb":{"@id":"https:\/\/easyliferobo.com\/de\/product\/wipkviey-t18-mini-drohne-fuer-kinder-ferngesteuerter-quadrocopter-mit-hoehenhaltung-headless-modus-led-lichtern-und-360-flips-spielzeugdrohne-fuer-jungen-und-maedchen-2-batterien\/#breadcrumb"},"inLanguage":"de","potentialAction":[{"@type":"ReadAction","target":["https:\/\/easyliferobo.com\/de\/product\/wipkviey-t18-mini-drohne-fuer-kinder-ferngesteuerter-quadrocopter-mit-hoehenhaltung-headless-modus-led-lichtern-und-360-flips-spielzeugdrohne-fuer-jungen-und-maedchen-2-batterien\/"]}]},{"@type":"ImageObject","inLanguage":"de","@id":"https:\/\/easyliferobo.com\/de\/product\/wipkviey-t18-mini-drohne-fuer-kinder-ferngesteuerter-quadrocopter-mit-hoehenhaltung-headless-modus-led-lichtern-und-360-flips-spielzeugdrohne-fuer-jungen-und-maedchen-2-batterien\/#primaryimage","url":"https:\/\/easyliferobo.com\/de\/wp-content\/uploads\/2026\/02\/71iRJlLLa8L._AC_SL1500_.jpg","contentUrl":"https:\/\/easyliferobo.com\/de\/wp-content\/uploads\/2026\/02\/71iRJlLLa8L._AC_SL1500_.jpg","width":1500,"height":1500},{"@type":"BreadcrumbList","@id":"https:\/\/easyliferobo.com\/de\/product\/wipkviey-t18-mini-drohne-fuer-kinder-ferngesteuerter-quadrocopter-mit-hoehenhaltung-headless-modus-led-lichtern-und-360-flips-spielzeugdrohne-fuer-jungen-und-maedchen-2-batterien\/#breadcrumb","itemListElement":[{"@type":"ListItem","position":1,"name":"Home","item":"https:\/\/easyliferobo.com\/de\/"},{"@type":"ListItem","position":2,"name":"Shop","item":"https:\/\/easyliferobo.com\/de\/shop\/"},{"@type":"ListItem","position":3,"name":"Wipkviey T18 Mini-Drohne f\u00fcr Kinde..."}]},{"@type":"WebSite","@id":"https:\/\/easyliferobo.com\/de\/#website","url":"https:\/\/easyliferobo.com\/de\/","name":"EasyLifeBro","description":"Smarte Roboter f\u00fcr Zuhause, Garten &amp; Bildung","publisher":{"@id":"https:\/\/easyliferobo.com\/de\/#organization"},"potentialAction":[{"@type":"SearchAction","target":{"@type":"EntryPoint","urlTemplate":"https:\/\/easyliferobo.com\/de\/?s={search_term_string}"},"query-input":{"@type":"PropertyValueSpecification","valueRequired":true,"valueName":"search_term_string"}}],"inLanguage":"de"},{"@type":"Organization","@id":"https:\/\/easyliferobo.com\/de\/#organization","name":"EasyLifeBro","url":"https:\/\/easyliferobo.com\/de\/","logo":{"@type":"ImageObject","inLanguage":"de","@id":"https:\/\/easyliferobo.com\/de\/#\/schema\/logo\/image\/","url":"https:\/\/easyliferobo.com\/de\/wp-content\/uploads\/2026\/02\/Screenshot-2026-02-22-at-2.25.03-PM.png","contentUrl":"https:\/\/easyliferobo.com\/de\/wp-content\/uploads\/2026\/02\/Screenshot-2026-02-22-at-2.25.03-PM.png","width":1858,"height":430,"caption":"EasyLifeBro"},"image":{"@id":"https:\/\/easyliferobo.com\/de\/#\/schema\/logo\/image\/"}}]}},"_links":{"self":[{"href":"https:\/\/easyliferobo.com\/de\/wp-json\/wp\/v2\/product\/1901","targetHints":{"allow":["GET"]}}],"collection":[{"href":"https:\/\/easyliferobo.com\/de\/wp-json\/wp\/v2\/product"}],"about":[{"href":"https:\/\/easyliferobo.com\/de\/wp-json\/wp\/v2\/types\/product"}],"replies":[{"embeddable":true,"href":"https:\/\/easyliferobo.com\/de\/wp-json\/wp\/v2\/comments?post=1901"}],"wp:featuredmedia":[{"embeddable":true,"href":"https:\/\/easyliferobo.com\/de\/wp-json\/wp\/v2\/media\/1902"}],"wp:attachment":[{"href":"https:\/\/easyliferobo.com\/de\/wp-json\/wp\/v2\/media?parent=1901"}],"wp:term":[{"taxonomy":"store","embeddable":true,"href":"https:\/\/easyliferobo.com\/de\/wp-json\/wp\/v2\/store?post=1901"},{"taxonomy":"product_brand","embeddable":true,"href":"https:\/\/easyliferobo.com\/de\/wp-json\/wp\/v2\/product_brand?post=1901"},{"taxonomy":"product_cat","embeddable":true,"href":"https:\/\/easyliferobo.com\/de\/wp-json\/wp\/v2\/product_cat?post=1901"},{"taxonomy":"product_tag","embeddable":true,"href":"https:\/\/easyliferobo.com\/de\/wp-json\/wp\/v2\/product_tag?post=1901"}],"curies":[{"name":"wp","href":"https:\/\/api.w.org\/{rel}","templated":true}]}}