
{"id":1897,"date":"2026-02-27T01:46:43","date_gmt":"2026-02-27T01:46:43","guid":{"rendered":"https:\/\/easyliferobo.com\/de\/product\/handfunktionsstoerungen-in-der-neurologie-klinik-und-rehabilitation\/"},"modified":"2026-02-27T01:46:45","modified_gmt":"2026-02-27T01:46:45","slug":"handfunktionsstoerungen-in-der-neurologie-klinik-und-rehabilitation","status":"publish","type":"product","link":"https:\/\/easyliferobo.com\/de\/product\/handfunktionsstoerungen-in-der-neurologie-klinik-und-rehabilitation\/","title":{"rendered":"Handfunktionsst\u00f6rungen in der Neur..."},"content":{"rendered":"\n<p>Wenn das Zusammenspiel zwischen Gehirn und Hand nicht funktioniert &#8230;<\/p>\n<p>Handfunktionsst\u00f6rungen sind eine h\u00e4ufige Symptomatik bei neurologischen Erkrankungen\/L\u00e4sionen des zentralen und\/oder peripheren NS (zB Schlaganfall, SHT, Hirntumoren, M. Parkinson, Nervenkompressionssyndrom\u2026). Sie schr\u00e4nken die Lebensqualit\u00e4t und Leistungsf\u00e4higkeit der Betroffenen im privaten und beruflichen Alltag erheblich ein; Deshalb sind effiziente evidenzbasierte Reha-Strategien gesundheitspolitisch und \u00f6konomisch sehr gefragt.<\/p>\n<p>Das Buch bietet neurologisch und orthop\u00e4disch t\u00e4tigen \u00c4rzten, Physio- und Ergotherapeuten eine Anleitung und gleichzeitig ein Nachschlagewerk mit schnellem Zugriff auf leitliniengerechte diagnostische und therapeutische Verfahren und Ma\u00dfnahmen. Jedes Kapitel in den Abschnitten \u201eDiagnostik\u201c und \u201eRehabilitation\u201c wird von namhaften Expertenteams (einem Arzt und einem\/mehreren Therapeuten, je nach Thema Physio-, Ergotherapeut, Neuropsychologe) geschrieben, um die f\u00fcr jede Zielgruppe relevanten Praxisaspekte klar nachvollziehbar herauszuarbeiten. In einem separaten Teil wird \u00fcber aktuelle Forschungsergebnisse und Ausblicke auf absehbare Weiterentwicklungen der Therapien berichtet<\/p>\n<p>ASIN \u200f : \u200e 3642172563       <br \/> Herausgeber \u200f : \u200e Springer       <br \/> Erscheinungsdatum \u200f : \u200e 1. Juni 2011       <br \/> Auflage \u200f : \u200e 2011       <br \/> Sprache \u200f : \u200e Deutsch   <br \/> Druckl\u00e4nge \u200f : \u200e 400 Seiten       <br \/> ISBN-10 \u200f : \u200e 9783642172564       <br \/> ISBN-13 \u200f : \u200e 978-3642172564       <br \/> Abmessungen \u200f : \u200e 19,3 x 26,01 cm       <br \/>       Bestseller-Rang: 1.360.651 in B\u00fcchern (siehe Top 100 in B\u00fcchern) 343 in Familie und Lebensstil Neurochirurgie 998 in Familie und Lebensstil Ergotherapie 1.492 in Physiotherapie (B\u00fccher)      <br \/>  Kundenrezensionen: 5,0 5,0 von 5 Sternen (2) var dpAcrHasRegisteredArcLinkClickAction; P.when(&#8218;A&#8216;, &#8218;ready&#8216;).execute(function(A) { if (dpAcrHasRegisteredArcLinkClickAction !== true) { dpAcrHasRegisteredArcLinkClickAction = true; A.declarative( &#8218;acrLink-click-metrics&#8216;, &#8218;click&#8216;, { &#8222;allowLinkDefault&#8220;: true }, function (event) { if (window.ue) { ue.count(&#8222;acrLinkClickCount&#8220;, (ue.count(&#8222;acrLinkClickCount&#8220;) || 0) + 1 } } }); P.when(&#8218;A&#8216;, &#8218;cf&#8216;).execute(function(A) { A.declarative(&#8218;acrStarsLink-click-metrics&#8216;, &#8218;click&#8216;, { &#8222;allowLinkDefault&#8220; : true }, function(event){ if(window.ue) { ue.count(&#8222;acrStarsLinkWithPopoverClickCount&#8220;, (ue.count(&#8222;acrStarsLinkWithPopoverClickCount&#8220;) || 0) + 1); } }); });                          <br \/>[ad_2]<\/p>\n","protected":false},"excerpt":{"rendered":"<p>Wenn das Zusammenspiel zwischen Gehirn und Hand nicht funktioniert &#8230; Handfunktionsst\u00f6rungen sind eine h\u00e4ufige Symptomatik bei neurologischen Erkrankungen\/L\u00e4sionen des zentralen und\/oder peripheren NS (zB Schlaganfall, SHT, Hirntumoren, M. Parkinson, Nervenkompressionssyndrom\u2026). Sie schr\u00e4nken die Lebensqualit\u00e4t und Leistungsf\u00e4higkeit der Betroffenen im privaten und beruflichen Alltag erheblich ein; Deshalb sind effiziente evidenzbasierte Reha-Strategien gesundheitspolitisch und \u00f6konomisch sehr gefragt. [&hellip;]<\/p>\n","protected":false},"featured_media":1898,"comment_status":"open","ping_status":"closed","template":"","meta":{"_aipt_faq_data":""},"store":[],"product_brand":[],"product_cat":[108],"product_tag":[358],"class_list":{"0":"post-1897","1":"product","2":"type-product","3":"status-publish","4":"has-post-thumbnail","6":"product_cat-rehabilitationsroboter","7":"product_tag-rehabilitationsroboter-neurologie","9":"first","10":"instock","11":"shipping-taxable","12":"product-type-external"},"yoast_head":"<!-- This site is optimized with the Yoast SEO plugin v27.0 - https:\/\/yoast.com\/product\/yoast-seo-wordpress\/ -->\n<title>Handfunktionsst\u00f6rungen in der Neurologie: Klinik und Rehabilitation - EasyLifeBro<\/title>\n<meta name=\"description\" content=\"Entdecken Sie smarte Roboter f\u00fcr Zuhause, Garten, Bildung und Sicherheit. Vergleichen Sie Saugroboter, Rasenm\u00e4hroboter, KI-Begleitroboter und mehr bei EasyLifeRobo.\" \/>\n<meta name=\"robots\" content=\"index, follow, max-snippet:-1, max-image-preview:large, max-video-preview:-1\" \/>\n<link rel=\"canonical\" href=\"https:\/\/easyliferobo.com\/de\/product\/handfunktionsstoerungen-in-der-neurologie-klinik-und-rehabilitation\/\" \/>\n<meta property=\"og:locale\" content=\"de_DE\" \/>\n<meta property=\"og:type\" content=\"article\" \/>\n<meta property=\"og:title\" content=\"Handfunktionsst\u00f6rungen in der Neurologie: Klinik und Rehabilitation - EasyLifeBro\" \/>\n<meta property=\"og:description\" content=\"Entdecken Sie smarte Roboter f\u00fcr Zuhause, Garten, Bildung und Sicherheit. Vergleichen Sie Saugroboter, Rasenm\u00e4hroboter, KI-Begleitroboter und mehr bei EasyLifeRobo.\" \/>\n<meta property=\"og:url\" content=\"https:\/\/easyliferobo.com\/de\/product\/handfunktionsstoerungen-in-der-neurologie-klinik-und-rehabilitation\/\" \/>\n<meta property=\"og:site_name\" content=\"EasyLifeBro\" \/>\n<meta property=\"article:modified_time\" content=\"2026-02-27T01:46:45+00:00\" \/>\n<meta name=\"twitter:card\" content=\"summary_large_image\" \/>\n<meta name=\"twitter:label1\" content=\"Gesch\u00e4tzte Lesezeit\" \/>\n\t<meta name=\"twitter:data1\" content=\"1\u00a0Minute\" \/>\n<script type=\"application\/ld+json\" class=\"yoast-schema-graph\">{\"@context\":\"https:\/\/schema.org\",\"@graph\":[{\"@type\":\"WebPage\",\"@id\":\"https:\/\/easyliferobo.com\/de\/product\/handfunktionsstoerungen-in-der-neurologie-klinik-und-rehabilitation\/\",\"url\":\"https:\/\/easyliferobo.com\/de\/product\/handfunktionsstoerungen-in-der-neurologie-klinik-und-rehabilitation\/\",\"name\":\"Handfunktionsst\u00f6rungen in der Neurologie: Klinik und Rehabilitation - EasyLifeBro\",\"isPartOf\":{\"@id\":\"https:\/\/easyliferobo.com\/de\/#website\"},\"primaryImageOfPage\":{\"@id\":\"https:\/\/easyliferobo.com\/de\/product\/handfunktionsstoerungen-in-der-neurologie-klinik-und-rehabilitation\/#primaryimage\"},\"image\":{\"@id\":\"https:\/\/easyliferobo.com\/de\/product\/handfunktionsstoerungen-in-der-neurologie-klinik-und-rehabilitation\/#primaryimage\"},\"thumbnailUrl\":\"https:\/\/easyliferobo.com\/de\/wp-content\/uploads\/2026\/02\/6125V8y7aqL._SL1177_.jpg\",\"datePublished\":\"2026-02-27T01:46:43+00:00\",\"dateModified\":\"2026-02-27T01:46:45+00:00\",\"description\":\"Entdecken Sie smarte Roboter f\u00fcr Zuhause, Garten, Bildung und Sicherheit. Vergleichen Sie Saugroboter, Rasenm\u00e4hroboter, KI-Begleitroboter und mehr bei EasyLifeRobo.\",\"breadcrumb\":{\"@id\":\"https:\/\/easyliferobo.com\/de\/product\/handfunktionsstoerungen-in-der-neurologie-klinik-und-rehabilitation\/#breadcrumb\"},\"inLanguage\":\"de\",\"potentialAction\":[{\"@type\":\"ReadAction\",\"target\":[\"https:\/\/easyliferobo.com\/de\/product\/handfunktionsstoerungen-in-der-neurologie-klinik-und-rehabilitation\/\"]}]},{\"@type\":\"ImageObject\",\"inLanguage\":\"de\",\"@id\":\"https:\/\/easyliferobo.com\/de\/product\/handfunktionsstoerungen-in-der-neurologie-klinik-und-rehabilitation\/#primaryimage\",\"url\":\"https:\/\/easyliferobo.com\/de\/wp-content\/uploads\/2026\/02\/6125V8y7aqL._SL1177_.jpg\",\"contentUrl\":\"https:\/\/easyliferobo.com\/de\/wp-content\/uploads\/2026\/02\/6125V8y7aqL._SL1177_.jpg\",\"width\":827,\"height\":1177},{\"@type\":\"BreadcrumbList\",\"@id\":\"https:\/\/easyliferobo.com\/de\/product\/handfunktionsstoerungen-in-der-neurologie-klinik-und-rehabilitation\/#breadcrumb\",\"itemListElement\":[{\"@type\":\"ListItem\",\"position\":1,\"name\":\"Home\",\"item\":\"https:\/\/easyliferobo.com\/de\/\"},{\"@type\":\"ListItem\",\"position\":2,\"name\":\"Shop\",\"item\":\"https:\/\/easyliferobo.com\/de\/shop\/\"},{\"@type\":\"ListItem\",\"position\":3,\"name\":\"Handfunktionsst\u00f6rungen in der Neur...\"}]},{\"@type\":\"WebSite\",\"@id\":\"https:\/\/easyliferobo.com\/de\/#website\",\"url\":\"https:\/\/easyliferobo.com\/de\/\",\"name\":\"EasyLifeBro\",\"description\":\"Smarte Roboter f\u00fcr Zuhause, Garten &amp; Bildung\",\"publisher\":{\"@id\":\"https:\/\/easyliferobo.com\/de\/#organization\"},\"potentialAction\":[{\"@type\":\"SearchAction\",\"target\":{\"@type\":\"EntryPoint\",\"urlTemplate\":\"https:\/\/easyliferobo.com\/de\/?s={search_term_string}\"},\"query-input\":{\"@type\":\"PropertyValueSpecification\",\"valueRequired\":true,\"valueName\":\"search_term_string\"}}],\"inLanguage\":\"de\"},{\"@type\":\"Organization\",\"@id\":\"https:\/\/easyliferobo.com\/de\/#organization\",\"name\":\"EasyLifeBro\",\"url\":\"https:\/\/easyliferobo.com\/de\/\",\"logo\":{\"@type\":\"ImageObject\",\"inLanguage\":\"de\",\"@id\":\"https:\/\/easyliferobo.com\/de\/#\/schema\/logo\/image\/\",\"url\":\"https:\/\/easyliferobo.com\/de\/wp-content\/uploads\/2026\/02\/Screenshot-2026-02-22-at-2.25.03-PM.png\",\"contentUrl\":\"https:\/\/easyliferobo.com\/de\/wp-content\/uploads\/2026\/02\/Screenshot-2026-02-22-at-2.25.03-PM.png\",\"width\":1858,\"height\":430,\"caption\":\"EasyLifeBro\"},\"image\":{\"@id\":\"https:\/\/easyliferobo.com\/de\/#\/schema\/logo\/image\/\"}}]}<\/script>\n<!-- \/ Yoast SEO plugin. -->","yoast_head_json":{"title":"Handfunktionsst\u00f6rungen in der Neurologie: Klinik und Rehabilitation - EasyLifeBro","description":"Entdecken Sie smarte Roboter f\u00fcr Zuhause, Garten, Bildung und Sicherheit. Vergleichen Sie Saugroboter, Rasenm\u00e4hroboter, KI-Begleitroboter und mehr bei EasyLifeRobo.","robots":{"index":"index","follow":"follow","max-snippet":"max-snippet:-1","max-image-preview":"max-image-preview:large","max-video-preview":"max-video-preview:-1"},"canonical":"https:\/\/easyliferobo.com\/de\/product\/handfunktionsstoerungen-in-der-neurologie-klinik-und-rehabilitation\/","og_locale":"de_DE","og_type":"article","og_title":"Handfunktionsst\u00f6rungen in der Neurologie: Klinik und Rehabilitation - EasyLifeBro","og_description":"Entdecken Sie smarte Roboter f\u00fcr Zuhause, Garten, Bildung und Sicherheit. Vergleichen Sie Saugroboter, Rasenm\u00e4hroboter, KI-Begleitroboter und mehr bei EasyLifeRobo.","og_url":"https:\/\/easyliferobo.com\/de\/product\/handfunktionsstoerungen-in-der-neurologie-klinik-und-rehabilitation\/","og_site_name":"EasyLifeBro","article_modified_time":"2026-02-27T01:46:45+00:00","twitter_card":"summary_large_image","twitter_misc":{"Gesch\u00e4tzte Lesezeit":"1\u00a0Minute"},"schema":{"@context":"https:\/\/schema.org","@graph":[{"@type":"WebPage","@id":"https:\/\/easyliferobo.com\/de\/product\/handfunktionsstoerungen-in-der-neurologie-klinik-und-rehabilitation\/","url":"https:\/\/easyliferobo.com\/de\/product\/handfunktionsstoerungen-in-der-neurologie-klinik-und-rehabilitation\/","name":"Handfunktionsst\u00f6rungen in der Neurologie: Klinik und Rehabilitation - EasyLifeBro","isPartOf":{"@id":"https:\/\/easyliferobo.com\/de\/#website"},"primaryImageOfPage":{"@id":"https:\/\/easyliferobo.com\/de\/product\/handfunktionsstoerungen-in-der-neurologie-klinik-und-rehabilitation\/#primaryimage"},"image":{"@id":"https:\/\/easyliferobo.com\/de\/product\/handfunktionsstoerungen-in-der-neurologie-klinik-und-rehabilitation\/#primaryimage"},"thumbnailUrl":"https:\/\/easyliferobo.com\/de\/wp-content\/uploads\/2026\/02\/6125V8y7aqL._SL1177_.jpg","datePublished":"2026-02-27T01:46:43+00:00","dateModified":"2026-02-27T01:46:45+00:00","description":"Entdecken Sie smarte Roboter f\u00fcr Zuhause, Garten, Bildung und Sicherheit. Vergleichen Sie Saugroboter, Rasenm\u00e4hroboter, KI-Begleitroboter und mehr bei EasyLifeRobo.","breadcrumb":{"@id":"https:\/\/easyliferobo.com\/de\/product\/handfunktionsstoerungen-in-der-neurologie-klinik-und-rehabilitation\/#breadcrumb"},"inLanguage":"de","potentialAction":[{"@type":"ReadAction","target":["https:\/\/easyliferobo.com\/de\/product\/handfunktionsstoerungen-in-der-neurologie-klinik-und-rehabilitation\/"]}]},{"@type":"ImageObject","inLanguage":"de","@id":"https:\/\/easyliferobo.com\/de\/product\/handfunktionsstoerungen-in-der-neurologie-klinik-und-rehabilitation\/#primaryimage","url":"https:\/\/easyliferobo.com\/de\/wp-content\/uploads\/2026\/02\/6125V8y7aqL._SL1177_.jpg","contentUrl":"https:\/\/easyliferobo.com\/de\/wp-content\/uploads\/2026\/02\/6125V8y7aqL._SL1177_.jpg","width":827,"height":1177},{"@type":"BreadcrumbList","@id":"https:\/\/easyliferobo.com\/de\/product\/handfunktionsstoerungen-in-der-neurologie-klinik-und-rehabilitation\/#breadcrumb","itemListElement":[{"@type":"ListItem","position":1,"name":"Home","item":"https:\/\/easyliferobo.com\/de\/"},{"@type":"ListItem","position":2,"name":"Shop","item":"https:\/\/easyliferobo.com\/de\/shop\/"},{"@type":"ListItem","position":3,"name":"Handfunktionsst\u00f6rungen in der Neur..."}]},{"@type":"WebSite","@id":"https:\/\/easyliferobo.com\/de\/#website","url":"https:\/\/easyliferobo.com\/de\/","name":"EasyLifeBro","description":"Smarte Roboter f\u00fcr Zuhause, Garten &amp; Bildung","publisher":{"@id":"https:\/\/easyliferobo.com\/de\/#organization"},"potentialAction":[{"@type":"SearchAction","target":{"@type":"EntryPoint","urlTemplate":"https:\/\/easyliferobo.com\/de\/?s={search_term_string}"},"query-input":{"@type":"PropertyValueSpecification","valueRequired":true,"valueName":"search_term_string"}}],"inLanguage":"de"},{"@type":"Organization","@id":"https:\/\/easyliferobo.com\/de\/#organization","name":"EasyLifeBro","url":"https:\/\/easyliferobo.com\/de\/","logo":{"@type":"ImageObject","inLanguage":"de","@id":"https:\/\/easyliferobo.com\/de\/#\/schema\/logo\/image\/","url":"https:\/\/easyliferobo.com\/de\/wp-content\/uploads\/2026\/02\/Screenshot-2026-02-22-at-2.25.03-PM.png","contentUrl":"https:\/\/easyliferobo.com\/de\/wp-content\/uploads\/2026\/02\/Screenshot-2026-02-22-at-2.25.03-PM.png","width":1858,"height":430,"caption":"EasyLifeBro"},"image":{"@id":"https:\/\/easyliferobo.com\/de\/#\/schema\/logo\/image\/"}}]}},"_links":{"self":[{"href":"https:\/\/easyliferobo.com\/de\/wp-json\/wp\/v2\/product\/1897","targetHints":{"allow":["GET"]}}],"collection":[{"href":"https:\/\/easyliferobo.com\/de\/wp-json\/wp\/v2\/product"}],"about":[{"href":"https:\/\/easyliferobo.com\/de\/wp-json\/wp\/v2\/types\/product"}],"replies":[{"embeddable":true,"href":"https:\/\/easyliferobo.com\/de\/wp-json\/wp\/v2\/comments?post=1897"}],"wp:featuredmedia":[{"embeddable":true,"href":"https:\/\/easyliferobo.com\/de\/wp-json\/wp\/v2\/media\/1898"}],"wp:attachment":[{"href":"https:\/\/easyliferobo.com\/de\/wp-json\/wp\/v2\/media?parent=1897"}],"wp:term":[{"taxonomy":"store","embeddable":true,"href":"https:\/\/easyliferobo.com\/de\/wp-json\/wp\/v2\/store?post=1897"},{"taxonomy":"product_brand","embeddable":true,"href":"https:\/\/easyliferobo.com\/de\/wp-json\/wp\/v2\/product_brand?post=1897"},{"taxonomy":"product_cat","embeddable":true,"href":"https:\/\/easyliferobo.com\/de\/wp-json\/wp\/v2\/product_cat?post=1897"},{"taxonomy":"product_tag","embeddable":true,"href":"https:\/\/easyliferobo.com\/de\/wp-json\/wp\/v2\/product_tag?post=1897"}],"curies":[{"name":"wp","href":"https:\/\/api.w.org\/{rel}","templated":true}]}}